{"id":1025,"date":"2022-04-07T21:21:22","date_gmt":"2022-04-07T20:21:22","guid":{"rendered":"https:\/\/zentia.mediaworksdev.co.uk\/en-gb\/?page_id=1025"},"modified":"2024-05-15T12:31:30","modified_gmt":"2024-05-15T11:31:30","slug":"descargas","status":"publish","type":"page","link":"https:\/\/www.zentia.com\/es-es\/informacion-descargas\/descargas\/","title":{"rendered":"Descargas"},"content":{"rendered":"","protected":false},"excerpt":{"rendered":"<p>Search our library of technical downloads and documents, including datasheets, installation guides, warranties and more.<\/p>\n","protected":false},"author":1,"featured_media":0,"parent":34,"menu_order":0,"comment_status":"closed","ping_status":"closed","template":"templates\/page-downloads.php","meta":{"_acf_changed":false,"footnotes":""},"class_list":["post-1025","page","type-page","status-publish","hentry"],"acf":[],"yoast_head":"<!-- This site is optimized with the Yoast SEO plugin v27.4 - https:\/\/yoast.com\/product\/yoast-seo-wordpress\/ -->\n<title>Contenido t\u00e9cnico | Zentia<\/title>\n<meta name=\"description\" content=\"\u00bfEst\u00e1 buscando contenido t\u00e9cnico sobre nuestras soluciones de techo? Aqu\u00ed encontrar\u00e1 gu\u00edas de instalaci\u00f3n, hojas de datos, garant\u00edas y mucho m\u00e1s.\" \/>\n<meta name=\"robots\" content=\"index, follow, max-snippet:-1, max-image-preview:large, max-video-preview:-1\" \/>\n<link rel=\"canonical\" href=\"https:\/\/www.zentia.com\/es-es\/informacion-descargas\/descargas\/\" \/>\n<meta property=\"og:locale\" content=\"es_ES\" \/>\n<meta property=\"og:type\" content=\"article\" \/>\n<meta property=\"og:title\" content=\"Contenido t\u00e9cnico | Zentia\" \/>\n<meta property=\"og:description\" content=\"\u00bfEst\u00e1 buscando contenido t\u00e9cnico sobre nuestras soluciones de techo? Aqu\u00ed encontrar\u00e1 gu\u00edas de instalaci\u00f3n, hojas de datos, garant\u00edas y mucho m\u00e1s.\" \/>\n<meta property=\"og:url\" content=\"https:\/\/www.zentia.com\/es-es\/informacion-descargas\/descargas\/\" \/>\n<meta property=\"og:site_name\" content=\"Zentia\" \/>\n<meta property=\"article:modified_time\" content=\"2024-05-15T11:31:30+00:00\" \/>\n<meta name=\"twitter:card\" content=\"summary_large_image\" \/>\n<script type=\"application\/ld+json\" class=\"yoast-schema-graph\">{\"@context\":\"https:\\\/\\\/schema.org\",\"@graph\":[{\"@type\":\"WebPage\",\"@id\":\"https:\\\/\\\/www.zentia.com\\\/es-es\\\/informacion-descargas\\\/descargas\\\/\",\"url\":\"https:\\\/\\\/www.zentia.com\\\/es-es\\\/informacion-descargas\\\/descargas\\\/\",\"name\":\"Contenido t\u00e9cnico | Zentia\",\"isPartOf\":{\"@id\":\"https:\\\/\\\/www.zentia.com\\\/es-es\\\/#website\"},\"datePublished\":\"2022-04-07T20:21:22+00:00\",\"dateModified\":\"2024-05-15T11:31:30+00:00\",\"description\":\"\u00bfEst\u00e1 buscando contenido t\u00e9cnico sobre nuestras soluciones de techo? Aqu\u00ed encontrar\u00e1 gu\u00edas de instalaci\u00f3n, hojas de datos, garant\u00edas y mucho m\u00e1s.\",\"breadcrumb\":{\"@id\":\"https:\\\/\\\/www.zentia.com\\\/es-es\\\/informacion-descargas\\\/descargas\\\/#breadcrumb\"},\"inLanguage\":\"es\",\"potentialAction\":[{\"@type\":\"ReadAction\",\"target\":[\"https:\\\/\\\/www.zentia.com\\\/es-es\\\/informacion-descargas\\\/descargas\\\/\"]}]},{\"@type\":\"BreadcrumbList\",\"@id\":\"https:\\\/\\\/www.zentia.com\\\/es-es\\\/informacion-descargas\\\/descargas\\\/#breadcrumb\",\"itemListElement\":[{\"@type\":\"ListItem\",\"position\":1,\"name\":\"Inicio\",\"item\":\"https:\\\/\\\/www.zentia.com\\\/es-es\\\/\"},{\"@type\":\"ListItem\",\"position\":2,\"name\":\"Informaci\u00f3n y descargas\",\"item\":\"https:\\\/\\\/www.zentia.com\\\/es-es\\\/informacion-descargas\\\/\"},{\"@type\":\"ListItem\",\"position\":3,\"name\":\"Descargas\"}]},{\"@type\":\"WebSite\",\"@id\":\"https:\\\/\\\/www.zentia.com\\\/es-es\\\/#website\",\"url\":\"https:\\\/\\\/www.zentia.com\\\/es-es\\\/\",\"name\":\"Zentia\",\"description\":\"\",\"potentialAction\":[{\"@type\":\"SearchAction\",\"target\":{\"@type\":\"EntryPoint\",\"urlTemplate\":\"https:\\\/\\\/www.zentia.com\\\/es-es\\\/?s={search_term_string}\"},\"query-input\":{\"@type\":\"PropertyValueSpecification\",\"valueRequired\":true,\"valueName\":\"search_term_string\"}}],\"inLanguage\":\"es\"}]}<\/script>\n<!-- \/ Yoast SEO plugin. -->","yoast_head_json":{"title":"Contenido t\u00e9cnico | Zentia","description":"\u00bfEst\u00e1 buscando contenido t\u00e9cnico sobre nuestras soluciones de techo? Aqu\u00ed encontrar\u00e1 gu\u00edas de instalaci\u00f3n, hojas de datos, garant\u00edas y mucho m\u00e1s.","robots":{"index":"index","follow":"follow","max-snippet":"max-snippet:-1","max-image-preview":"max-image-preview:large","max-video-preview":"max-video-preview:-1"},"canonical":"https:\/\/www.zentia.com\/es-es\/informacion-descargas\/descargas\/","og_locale":"es_ES","og_type":"article","og_title":"Contenido t\u00e9cnico | Zentia","og_description":"\u00bfEst\u00e1 buscando contenido t\u00e9cnico sobre nuestras soluciones de techo? Aqu\u00ed encontrar\u00e1 gu\u00edas de instalaci\u00f3n, hojas de datos, garant\u00edas y mucho m\u00e1s.","og_url":"https:\/\/www.zentia.com\/es-es\/informacion-descargas\/descargas\/","og_site_name":"Zentia","article_modified_time":"2024-05-15T11:31:30+00:00","twitter_card":"summary_large_image","schema":{"@context":"https:\/\/schema.org","@graph":[{"@type":"WebPage","@id":"https:\/\/www.zentia.com\/es-es\/informacion-descargas\/descargas\/","url":"https:\/\/www.zentia.com\/es-es\/informacion-descargas\/descargas\/","name":"Contenido t\u00e9cnico | Zentia","isPartOf":{"@id":"https:\/\/www.zentia.com\/es-es\/#website"},"datePublished":"2022-04-07T20:21:22+00:00","dateModified":"2024-05-15T11:31:30+00:00","description":"\u00bfEst\u00e1 buscando contenido t\u00e9cnico sobre nuestras soluciones de techo? Aqu\u00ed encontrar\u00e1 gu\u00edas de instalaci\u00f3n, hojas de datos, garant\u00edas y mucho m\u00e1s.","breadcrumb":{"@id":"https:\/\/www.zentia.com\/es-es\/informacion-descargas\/descargas\/#breadcrumb"},"inLanguage":"es","potentialAction":[{"@type":"ReadAction","target":["https:\/\/www.zentia.com\/es-es\/informacion-descargas\/descargas\/"]}]},{"@type":"BreadcrumbList","@id":"https:\/\/www.zentia.com\/es-es\/informacion-descargas\/descargas\/#breadcrumb","itemListElement":[{"@type":"ListItem","position":1,"name":"Inicio","item":"https:\/\/www.zentia.com\/es-es\/"},{"@type":"ListItem","position":2,"name":"Informaci\u00f3n y descargas","item":"https:\/\/www.zentia.com\/es-es\/informacion-descargas\/"},{"@type":"ListItem","position":3,"name":"Descargas"}]},{"@type":"WebSite","@id":"https:\/\/www.zentia.com\/es-es\/#website","url":"https:\/\/www.zentia.com\/es-es\/","name":"Zentia","description":"","potentialAction":[{"@type":"SearchAction","target":{"@type":"EntryPoint","urlTemplate":"https:\/\/www.zentia.com\/es-es\/?s={search_term_string}"},"query-input":{"@type":"PropertyValueSpecification","valueRequired":true,"valueName":"search_term_string"}}],"inLanguage":"es"}]}},"_links":{"self":[{"href":"https:\/\/www.zentia.com\/es-es\/wp-json\/wp\/v2\/pages\/1025","targetHints":{"allow":["GET"]}}],"collection":[{"href":"https:\/\/www.zentia.com\/es-es\/wp-json\/wp\/v2\/pages"}],"about":[{"href":"https:\/\/www.zentia.com\/es-es\/wp-json\/wp\/v2\/types\/page"}],"author":[{"embeddable":true,"href":"https:\/\/www.zentia.com\/es-es\/wp-json\/wp\/v2\/users\/1"}],"replies":[{"embeddable":true,"href":"https:\/\/www.zentia.com\/es-es\/wp-json\/wp\/v2\/comments?post=1025"}],"version-history":[{"count":0,"href":"https:\/\/www.zentia.com\/es-es\/wp-json\/wp\/v2\/pages\/1025\/revisions"}],"up":[{"embeddable":true,"href":"https:\/\/www.zentia.com\/es-es\/wp-json\/wp\/v2\/pages\/34"}],"wp:attachment":[{"href":"https:\/\/www.zentia.com\/es-es\/wp-json\/wp\/v2\/media?parent=1025"}],"curies":[{"name":"wp","href":"https:\/\/api.w.org\/{rel}","templated":true}]}}