{"id":1476,"date":"2022-05-04T10:04:43","date_gmt":"2022-05-04T09:04:43","guid":{"rendered":"https:\/\/zentia.mediaworksdev.co.uk\/en-gb\/?page_id=1476"},"modified":"2025-03-22T09:16:27","modified_gmt":"2025-03-22T09:16:27","slug":"por-que-elegir-zentia","status":"publish","type":"page","link":"https:\/\/www.zentia.com\/es-es\/sobre-nosotros\/por-que-elegir-zentia\/","title":{"rendered":"\u00bfPor qu\u00e9 elegir Zentia?"},"content":{"rendered":"","protected":false},"excerpt":{"rendered":"<p>Evolved from Armstrong Ceiling Solutions and with over 100 years of knowledge and experience, Zentia is the UK\u2019s market leader in complete ceiling solutions.<\/p>\n","protected":false},"author":1,"featured_media":8249,"parent":21,"menu_order":0,"comment_status":"closed","ping_status":"closed","template":"","meta":{"_acf_changed":false,"footnotes":""},"class_list":["post-1476","page","type-page","status-publish","has-post-thumbnail","hentry"],"acf":[],"yoast_head":"<!-- This site is optimized with the Yoast SEO plugin v27.3 - https:\/\/yoast.com\/product\/yoast-seo-wordpress\/ -->\n<title>\u00bfPor qu\u00e9 elegir Zentia? | Zentia<\/title>\n<meta name=\"description\" content=\"Zentia no solo tiene m\u00e1s de 100 a\u00f1os de experiencia, sino que adem\u00e1s es el l\u00edder del sector de las soluciones integrales de techo en Reino Unido. Descubra por qu\u00e9 contar con nosotros desde hoy.\" \/>\n<meta name=\"robots\" content=\"index, follow, max-snippet:-1, max-image-preview:large, max-video-preview:-1\" \/>\n<link rel=\"canonical\" href=\"https:\/\/www.zentia.com\/es-es\/sobre-nosotros\/por-que-elegir-zentia\/\" \/>\n<meta property=\"og:locale\" content=\"es_ES\" \/>\n<meta property=\"og:type\" content=\"article\" \/>\n<meta property=\"og:title\" content=\"\u00bfPor qu\u00e9 elegir Zentia? | Zentia\" \/>\n<meta property=\"og:description\" content=\"Zentia no solo tiene m\u00e1s de 100 a\u00f1os de experiencia, sino que adem\u00e1s es el l\u00edder del sector de las soluciones integrales de techo en Reino Unido. Descubra por qu\u00e9 contar con nosotros desde hoy.\" \/>\n<meta property=\"og:url\" content=\"https:\/\/www.zentia.com\/es-es\/sobre-nosotros\/por-que-elegir-zentia\/\" \/>\n<meta property=\"og:site_name\" content=\"Zentia\" \/>\n<meta property=\"article:modified_time\" content=\"2025-03-22T09:16:27+00:00\" \/>\n<meta property=\"og:image\" content=\"https:\/\/www.zentia.com\/es-es\/wp-content\/uploads\/sites\/25\/2025\/02\/Zentia-Why-Choose-Us.jpg\" \/>\n\t<meta property=\"og:image:width\" content=\"1800\" \/>\n\t<meta property=\"og:image:height\" content=\"1202\" \/>\n\t<meta property=\"og:image:type\" content=\"image\/jpeg\" \/>\n<meta name=\"twitter:card\" content=\"summary_large_image\" \/>\n<meta name=\"twitter:label1\" content=\"Tiempo de lectura\" \/>\n\t<meta name=\"twitter:data1\" content=\"1 minuto\" \/>\n<script type=\"application\/ld+json\" class=\"yoast-schema-graph\">{\"@context\":\"https:\\\/\\\/schema.org\",\"@graph\":[{\"@type\":\"WebPage\",\"@id\":\"https:\\\/\\\/www.zentia.com\\\/es-es\\\/sobre-nosotros\\\/por-que-elegir-zentia\\\/\",\"url\":\"https:\\\/\\\/www.zentia.com\\\/es-es\\\/sobre-nosotros\\\/por-que-elegir-zentia\\\/\",\"name\":\"\u00bfPor qu\u00e9 elegir Zentia? | Zentia\",\"isPartOf\":{\"@id\":\"https:\\\/\\\/www.zentia.com\\\/es-es\\\/#website\"},\"primaryImageOfPage\":{\"@id\":\"https:\\\/\\\/www.zentia.com\\\/es-es\\\/sobre-nosotros\\\/por-que-elegir-zentia\\\/#primaryimage\"},\"image\":{\"@id\":\"https:\\\/\\\/www.zentia.com\\\/es-es\\\/sobre-nosotros\\\/por-que-elegir-zentia\\\/#primaryimage\"},\"thumbnailUrl\":\"https:\\\/\\\/www.zentia.com\\\/es-es\\\/wp-content\\\/uploads\\\/sites\\\/25\\\/2025\\\/02\\\/Zentia-Why-Choose-Us.jpg\",\"datePublished\":\"2022-05-04T09:04:43+00:00\",\"dateModified\":\"2025-03-22T09:16:27+00:00\",\"description\":\"Zentia no solo tiene m\u00e1s de 100 a\u00f1os de experiencia, sino que adem\u00e1s es el l\u00edder del sector de las soluciones integrales de techo en Reino Unido. Descubra por qu\u00e9 contar con nosotros desde hoy.\",\"breadcrumb\":{\"@id\":\"https:\\\/\\\/www.zentia.com\\\/es-es\\\/sobre-nosotros\\\/por-que-elegir-zentia\\\/#breadcrumb\"},\"inLanguage\":\"es\",\"potentialAction\":[{\"@type\":\"ReadAction\",\"target\":[\"https:\\\/\\\/www.zentia.com\\\/es-es\\\/sobre-nosotros\\\/por-que-elegir-zentia\\\/\"]}]},{\"@type\":\"ImageObject\",\"inLanguage\":\"es\",\"@id\":\"https:\\\/\\\/www.zentia.com\\\/es-es\\\/sobre-nosotros\\\/por-que-elegir-zentia\\\/#primaryimage\",\"url\":\"https:\\\/\\\/www.zentia.com\\\/es-es\\\/wp-content\\\/uploads\\\/sites\\\/25\\\/2025\\\/02\\\/Zentia-Why-Choose-Us.jpg\",\"contentUrl\":\"https:\\\/\\\/www.zentia.com\\\/es-es\\\/wp-content\\\/uploads\\\/sites\\\/25\\\/2025\\\/02\\\/Zentia-Why-Choose-Us.jpg\",\"width\":1800,\"height\":1202},{\"@type\":\"BreadcrumbList\",\"@id\":\"https:\\\/\\\/www.zentia.com\\\/es-es\\\/sobre-nosotros\\\/por-que-elegir-zentia\\\/#breadcrumb\",\"itemListElement\":[{\"@type\":\"ListItem\",\"position\":1,\"name\":\"Inicio\",\"item\":\"https:\\\/\\\/www.zentia.com\\\/es-es\\\/\"},{\"@type\":\"ListItem\",\"position\":2,\"name\":\"Sobre nosotros\",\"item\":\"https:\\\/\\\/www.zentia.com\\\/es-es\\\/sobre-nosotros\\\/\"},{\"@type\":\"ListItem\",\"position\":3,\"name\":\"\u00bfPor qu\u00e9 elegir Zentia?\"}]},{\"@type\":\"WebSite\",\"@id\":\"https:\\\/\\\/www.zentia.com\\\/es-es\\\/#website\",\"url\":\"https:\\\/\\\/www.zentia.com\\\/es-es\\\/\",\"name\":\"Zentia\",\"description\":\"\",\"potentialAction\":[{\"@type\":\"SearchAction\",\"target\":{\"@type\":\"EntryPoint\",\"urlTemplate\":\"https:\\\/\\\/www.zentia.com\\\/es-es\\\/?s={search_term_string}\"},\"query-input\":{\"@type\":\"PropertyValueSpecification\",\"valueRequired\":true,\"valueName\":\"search_term_string\"}}],\"inLanguage\":\"es\"}]}<\/script>\n<!-- \/ Yoast SEO plugin. -->","yoast_head_json":{"title":"\u00bfPor qu\u00e9 elegir Zentia? | Zentia","description":"Zentia no solo tiene m\u00e1s de 100 a\u00f1os de experiencia, sino que adem\u00e1s es el l\u00edder del sector de las soluciones integrales de techo en Reino Unido. Descubra por qu\u00e9 contar con nosotros desde hoy.","robots":{"index":"index","follow":"follow","max-snippet":"max-snippet:-1","max-image-preview":"max-image-preview:large","max-video-preview":"max-video-preview:-1"},"canonical":"https:\/\/www.zentia.com\/es-es\/sobre-nosotros\/por-que-elegir-zentia\/","og_locale":"es_ES","og_type":"article","og_title":"\u00bfPor qu\u00e9 elegir Zentia? | Zentia","og_description":"Zentia no solo tiene m\u00e1s de 100 a\u00f1os de experiencia, sino que adem\u00e1s es el l\u00edder del sector de las soluciones integrales de techo en Reino Unido. Descubra por qu\u00e9 contar con nosotros desde hoy.","og_url":"https:\/\/www.zentia.com\/es-es\/sobre-nosotros\/por-que-elegir-zentia\/","og_site_name":"Zentia","article_modified_time":"2025-03-22T09:16:27+00:00","og_image":[{"width":1800,"height":1202,"url":"https:\/\/www.zentia.com\/es-es\/wp-content\/uploads\/sites\/25\/2025\/02\/Zentia-Why-Choose-Us.jpg","type":"image\/jpeg"}],"twitter_card":"summary_large_image","twitter_misc":{"Tiempo de lectura":"1 minuto"},"schema":{"@context":"https:\/\/schema.org","@graph":[{"@type":"WebPage","@id":"https:\/\/www.zentia.com\/es-es\/sobre-nosotros\/por-que-elegir-zentia\/","url":"https:\/\/www.zentia.com\/es-es\/sobre-nosotros\/por-que-elegir-zentia\/","name":"\u00bfPor qu\u00e9 elegir Zentia? | Zentia","isPartOf":{"@id":"https:\/\/www.zentia.com\/es-es\/#website"},"primaryImageOfPage":{"@id":"https:\/\/www.zentia.com\/es-es\/sobre-nosotros\/por-que-elegir-zentia\/#primaryimage"},"image":{"@id":"https:\/\/www.zentia.com\/es-es\/sobre-nosotros\/por-que-elegir-zentia\/#primaryimage"},"thumbnailUrl":"https:\/\/www.zentia.com\/es-es\/wp-content\/uploads\/sites\/25\/2025\/02\/Zentia-Why-Choose-Us.jpg","datePublished":"2022-05-04T09:04:43+00:00","dateModified":"2025-03-22T09:16:27+00:00","description":"Zentia no solo tiene m\u00e1s de 100 a\u00f1os de experiencia, sino que adem\u00e1s es el l\u00edder del sector de las soluciones integrales de techo en Reino Unido. Descubra por qu\u00e9 contar con nosotros desde hoy.","breadcrumb":{"@id":"https:\/\/www.zentia.com\/es-es\/sobre-nosotros\/por-que-elegir-zentia\/#breadcrumb"},"inLanguage":"es","potentialAction":[{"@type":"ReadAction","target":["https:\/\/www.zentia.com\/es-es\/sobre-nosotros\/por-que-elegir-zentia\/"]}]},{"@type":"ImageObject","inLanguage":"es","@id":"https:\/\/www.zentia.com\/es-es\/sobre-nosotros\/por-que-elegir-zentia\/#primaryimage","url":"https:\/\/www.zentia.com\/es-es\/wp-content\/uploads\/sites\/25\/2025\/02\/Zentia-Why-Choose-Us.jpg","contentUrl":"https:\/\/www.zentia.com\/es-es\/wp-content\/uploads\/sites\/25\/2025\/02\/Zentia-Why-Choose-Us.jpg","width":1800,"height":1202},{"@type":"BreadcrumbList","@id":"https:\/\/www.zentia.com\/es-es\/sobre-nosotros\/por-que-elegir-zentia\/#breadcrumb","itemListElement":[{"@type":"ListItem","position":1,"name":"Inicio","item":"https:\/\/www.zentia.com\/es-es\/"},{"@type":"ListItem","position":2,"name":"Sobre nosotros","item":"https:\/\/www.zentia.com\/es-es\/sobre-nosotros\/"},{"@type":"ListItem","position":3,"name":"\u00bfPor qu\u00e9 elegir Zentia?"}]},{"@type":"WebSite","@id":"https:\/\/www.zentia.com\/es-es\/#website","url":"https:\/\/www.zentia.com\/es-es\/","name":"Zentia","description":"","potentialAction":[{"@type":"SearchAction","target":{"@type":"EntryPoint","urlTemplate":"https:\/\/www.zentia.com\/es-es\/?s={search_term_string}"},"query-input":{"@type":"PropertyValueSpecification","valueRequired":true,"valueName":"search_term_string"}}],"inLanguage":"es"}]}},"_links":{"self":[{"href":"https:\/\/www.zentia.com\/es-es\/wp-json\/wp\/v2\/pages\/1476","targetHints":{"allow":["GET"]}}],"collection":[{"href":"https:\/\/www.zentia.com\/es-es\/wp-json\/wp\/v2\/pages"}],"about":[{"href":"https:\/\/www.zentia.com\/es-es\/wp-json\/wp\/v2\/types\/page"}],"author":[{"embeddable":true,"href":"https:\/\/www.zentia.com\/es-es\/wp-json\/wp\/v2\/users\/1"}],"replies":[{"embeddable":true,"href":"https:\/\/www.zentia.com\/es-es\/wp-json\/wp\/v2\/comments?post=1476"}],"version-history":[{"count":0,"href":"https:\/\/www.zentia.com\/es-es\/wp-json\/wp\/v2\/pages\/1476\/revisions"}],"up":[{"embeddable":true,"href":"https:\/\/www.zentia.com\/es-es\/wp-json\/wp\/v2\/pages\/21"}],"wp:featuredmedia":[{"embeddable":true,"href":"https:\/\/www.zentia.com\/es-es\/wp-json\/wp\/v2\/media\/8249"}],"wp:attachment":[{"href":"https:\/\/www.zentia.com\/es-es\/wp-json\/wp\/v2\/media?parent=1476"}],"curies":[{"name":"wp","href":"https:\/\/api.w.org\/{rel}","templated":true}]}}