{"id":1478,"date":"2022-05-04T10:04:57","date_gmt":"2022-05-04T09:04:57","guid":{"rendered":"https:\/\/zentia.mediaworksdev.co.uk\/en-gb\/?page_id=1478"},"modified":"2025-03-22T10:04:45","modified_gmt":"2025-03-22T10:04:45","slug":"confianza","status":"publish","type":"page","link":"https:\/\/www.zentia.com\/es-es\/sobre-nosotros\/por-que-elegir-zentia\/confianza\/","title":{"rendered":"Confianza"},"content":{"rendered":"","protected":false},"excerpt":{"rendered":"<p>When our customers order, we deliver. Whether it\u2019s meeting high-quality product standards or tight project deadlines, you can rely on Zentia every step of the way.<\/p>\n","protected":false},"author":1,"featured_media":8250,"parent":1476,"menu_order":0,"comment_status":"closed","ping_status":"closed","template":"","meta":{"_acf_changed":false,"footnotes":""},"class_list":["post-1478","page","type-page","status-publish","has-post-thumbnail","hentry"],"acf":[],"yoast_head":"<!-- This site is optimized with the Yoast SEO plugin v27.4 - https:\/\/yoast.com\/product\/yoast-seo-wordpress\/ -->\n<title>Conf\u00ede en nosotros | Zentia<\/title>\n<meta name=\"description\" content=\"Contamos con una trayectoria excepcional, as\u00ed que puede confiar en Zentia para cumplir plazos de entrega ajustados y las normas m\u00e1s exigentes. Siga leyendo para saber por qu\u00e9 puede confiar en nosotros.\" \/>\n<meta name=\"robots\" content=\"index, follow, max-snippet:-1, max-image-preview:large, max-video-preview:-1\" \/>\n<link rel=\"canonical\" href=\"https:\/\/www.zentia.com\/es-es\/sobre-nosotros\/por-que-elegir-zentia\/confianza\/\" \/>\n<meta property=\"og:locale\" content=\"es_ES\" \/>\n<meta property=\"og:type\" content=\"article\" \/>\n<meta property=\"og:title\" content=\"Conf\u00ede en nosotros | Zentia\" \/>\n<meta property=\"og:description\" content=\"Contamos con una trayectoria excepcional, as\u00ed que puede confiar en Zentia para cumplir plazos de entrega ajustados y las normas m\u00e1s exigentes. Siga leyendo para saber por qu\u00e9 puede confiar en nosotros.\" \/>\n<meta property=\"og:url\" content=\"https:\/\/www.zentia.com\/es-es\/sobre-nosotros\/por-que-elegir-zentia\/confianza\/\" \/>\n<meta property=\"og:site_name\" content=\"Zentia\" \/>\n<meta property=\"article:modified_time\" content=\"2025-03-22T10:04:45+00:00\" \/>\n<meta property=\"og:image\" content=\"https:\/\/www.zentia.com\/es-es\/wp-content\/uploads\/sites\/25\/2025\/02\/Zentia-Reliability-01.jpg\" \/>\n\t<meta property=\"og:image:width\" content=\"1800\" \/>\n\t<meta property=\"og:image:height\" content=\"1200\" \/>\n\t<meta property=\"og:image:type\" content=\"image\/jpeg\" \/>\n<meta name=\"twitter:card\" content=\"summary_large_image\" \/>\n<meta name=\"twitter:label1\" content=\"Tiempo de lectura\" \/>\n\t<meta name=\"twitter:data1\" content=\"1 minuto\" \/>\n<script type=\"application\/ld+json\" class=\"yoast-schema-graph\">{\"@context\":\"https:\\\/\\\/schema.org\",\"@graph\":[{\"@type\":\"WebPage\",\"@id\":\"https:\\\/\\\/www.zentia.com\\\/es-es\\\/sobre-nosotros\\\/por-que-elegir-zentia\\\/confianza\\\/\",\"url\":\"https:\\\/\\\/www.zentia.com\\\/es-es\\\/sobre-nosotros\\\/por-que-elegir-zentia\\\/confianza\\\/\",\"name\":\"Conf\u00ede en nosotros | Zentia\",\"isPartOf\":{\"@id\":\"https:\\\/\\\/www.zentia.com\\\/es-es\\\/#website\"},\"primaryImageOfPage\":{\"@id\":\"https:\\\/\\\/www.zentia.com\\\/es-es\\\/sobre-nosotros\\\/por-que-elegir-zentia\\\/confianza\\\/#primaryimage\"},\"image\":{\"@id\":\"https:\\\/\\\/www.zentia.com\\\/es-es\\\/sobre-nosotros\\\/por-que-elegir-zentia\\\/confianza\\\/#primaryimage\"},\"thumbnailUrl\":\"https:\\\/\\\/www.zentia.com\\\/es-es\\\/wp-content\\\/uploads\\\/sites\\\/25\\\/2025\\\/02\\\/Zentia-Reliability-01.jpg\",\"datePublished\":\"2022-05-04T09:04:57+00:00\",\"dateModified\":\"2025-03-22T10:04:45+00:00\",\"description\":\"Contamos con una trayectoria excepcional, as\u00ed que puede confiar en Zentia para cumplir plazos de entrega ajustados y las normas m\u00e1s exigentes. Siga leyendo para saber por qu\u00e9 puede confiar en nosotros.\",\"breadcrumb\":{\"@id\":\"https:\\\/\\\/www.zentia.com\\\/es-es\\\/sobre-nosotros\\\/por-que-elegir-zentia\\\/confianza\\\/#breadcrumb\"},\"inLanguage\":\"es\",\"potentialAction\":[{\"@type\":\"ReadAction\",\"target\":[\"https:\\\/\\\/www.zentia.com\\\/es-es\\\/sobre-nosotros\\\/por-que-elegir-zentia\\\/confianza\\\/\"]}]},{\"@type\":\"ImageObject\",\"inLanguage\":\"es\",\"@id\":\"https:\\\/\\\/www.zentia.com\\\/es-es\\\/sobre-nosotros\\\/por-que-elegir-zentia\\\/confianza\\\/#primaryimage\",\"url\":\"https:\\\/\\\/www.zentia.com\\\/es-es\\\/wp-content\\\/uploads\\\/sites\\\/25\\\/2025\\\/02\\\/Zentia-Reliability-01.jpg\",\"contentUrl\":\"https:\\\/\\\/www.zentia.com\\\/es-es\\\/wp-content\\\/uploads\\\/sites\\\/25\\\/2025\\\/02\\\/Zentia-Reliability-01.jpg\",\"width\":1800,\"height\":1200},{\"@type\":\"BreadcrumbList\",\"@id\":\"https:\\\/\\\/www.zentia.com\\\/es-es\\\/sobre-nosotros\\\/por-que-elegir-zentia\\\/confianza\\\/#breadcrumb\",\"itemListElement\":[{\"@type\":\"ListItem\",\"position\":1,\"name\":\"Inicio\",\"item\":\"https:\\\/\\\/www.zentia.com\\\/es-es\\\/\"},{\"@type\":\"ListItem\",\"position\":2,\"name\":\"Sobre nosotros\",\"item\":\"https:\\\/\\\/www.zentia.com\\\/es-es\\\/sobre-nosotros\\\/\"},{\"@type\":\"ListItem\",\"position\":3,\"name\":\"\u00bfPor qu\u00e9 elegir Zentia?\",\"item\":\"https:\\\/\\\/www.zentia.com\\\/es-es\\\/sobre-nosotros\\\/por-que-elegir-zentia\\\/\"},{\"@type\":\"ListItem\",\"position\":4,\"name\":\"Confianza\"}]},{\"@type\":\"WebSite\",\"@id\":\"https:\\\/\\\/www.zentia.com\\\/es-es\\\/#website\",\"url\":\"https:\\\/\\\/www.zentia.com\\\/es-es\\\/\",\"name\":\"Zentia\",\"description\":\"\",\"potentialAction\":[{\"@type\":\"SearchAction\",\"target\":{\"@type\":\"EntryPoint\",\"urlTemplate\":\"https:\\\/\\\/www.zentia.com\\\/es-es\\\/?s={search_term_string}\"},\"query-input\":{\"@type\":\"PropertyValueSpecification\",\"valueRequired\":true,\"valueName\":\"search_term_string\"}}],\"inLanguage\":\"es\"}]}<\/script>\n<!-- \/ Yoast SEO plugin. -->","yoast_head_json":{"title":"Conf\u00ede en nosotros | Zentia","description":"Contamos con una trayectoria excepcional, as\u00ed que puede confiar en Zentia para cumplir plazos de entrega ajustados y las normas m\u00e1s exigentes. Siga leyendo para saber por qu\u00e9 puede confiar en nosotros.","robots":{"index":"index","follow":"follow","max-snippet":"max-snippet:-1","max-image-preview":"max-image-preview:large","max-video-preview":"max-video-preview:-1"},"canonical":"https:\/\/www.zentia.com\/es-es\/sobre-nosotros\/por-que-elegir-zentia\/confianza\/","og_locale":"es_ES","og_type":"article","og_title":"Conf\u00ede en nosotros | Zentia","og_description":"Contamos con una trayectoria excepcional, as\u00ed que puede confiar en Zentia para cumplir plazos de entrega ajustados y las normas m\u00e1s exigentes. Siga leyendo para saber por qu\u00e9 puede confiar en nosotros.","og_url":"https:\/\/www.zentia.com\/es-es\/sobre-nosotros\/por-que-elegir-zentia\/confianza\/","og_site_name":"Zentia","article_modified_time":"2025-03-22T10:04:45+00:00","og_image":[{"width":1800,"height":1200,"url":"https:\/\/www.zentia.com\/es-es\/wp-content\/uploads\/sites\/25\/2025\/02\/Zentia-Reliability-01.jpg","type":"image\/jpeg"}],"twitter_card":"summary_large_image","twitter_misc":{"Tiempo de lectura":"1 minuto"},"schema":{"@context":"https:\/\/schema.org","@graph":[{"@type":"WebPage","@id":"https:\/\/www.zentia.com\/es-es\/sobre-nosotros\/por-que-elegir-zentia\/confianza\/","url":"https:\/\/www.zentia.com\/es-es\/sobre-nosotros\/por-que-elegir-zentia\/confianza\/","name":"Conf\u00ede en nosotros | Zentia","isPartOf":{"@id":"https:\/\/www.zentia.com\/es-es\/#website"},"primaryImageOfPage":{"@id":"https:\/\/www.zentia.com\/es-es\/sobre-nosotros\/por-que-elegir-zentia\/confianza\/#primaryimage"},"image":{"@id":"https:\/\/www.zentia.com\/es-es\/sobre-nosotros\/por-que-elegir-zentia\/confianza\/#primaryimage"},"thumbnailUrl":"https:\/\/www.zentia.com\/es-es\/wp-content\/uploads\/sites\/25\/2025\/02\/Zentia-Reliability-01.jpg","datePublished":"2022-05-04T09:04:57+00:00","dateModified":"2025-03-22T10:04:45+00:00","description":"Contamos con una trayectoria excepcional, as\u00ed que puede confiar en Zentia para cumplir plazos de entrega ajustados y las normas m\u00e1s exigentes. Siga leyendo para saber por qu\u00e9 puede confiar en nosotros.","breadcrumb":{"@id":"https:\/\/www.zentia.com\/es-es\/sobre-nosotros\/por-que-elegir-zentia\/confianza\/#breadcrumb"},"inLanguage":"es","potentialAction":[{"@type":"ReadAction","target":["https:\/\/www.zentia.com\/es-es\/sobre-nosotros\/por-que-elegir-zentia\/confianza\/"]}]},{"@type":"ImageObject","inLanguage":"es","@id":"https:\/\/www.zentia.com\/es-es\/sobre-nosotros\/por-que-elegir-zentia\/confianza\/#primaryimage","url":"https:\/\/www.zentia.com\/es-es\/wp-content\/uploads\/sites\/25\/2025\/02\/Zentia-Reliability-01.jpg","contentUrl":"https:\/\/www.zentia.com\/es-es\/wp-content\/uploads\/sites\/25\/2025\/02\/Zentia-Reliability-01.jpg","width":1800,"height":1200},{"@type":"BreadcrumbList","@id":"https:\/\/www.zentia.com\/es-es\/sobre-nosotros\/por-que-elegir-zentia\/confianza\/#breadcrumb","itemListElement":[{"@type":"ListItem","position":1,"name":"Inicio","item":"https:\/\/www.zentia.com\/es-es\/"},{"@type":"ListItem","position":2,"name":"Sobre nosotros","item":"https:\/\/www.zentia.com\/es-es\/sobre-nosotros\/"},{"@type":"ListItem","position":3,"name":"\u00bfPor qu\u00e9 elegir Zentia?","item":"https:\/\/www.zentia.com\/es-es\/sobre-nosotros\/por-que-elegir-zentia\/"},{"@type":"ListItem","position":4,"name":"Confianza"}]},{"@type":"WebSite","@id":"https:\/\/www.zentia.com\/es-es\/#website","url":"https:\/\/www.zentia.com\/es-es\/","name":"Zentia","description":"","potentialAction":[{"@type":"SearchAction","target":{"@type":"EntryPoint","urlTemplate":"https:\/\/www.zentia.com\/es-es\/?s={search_term_string}"},"query-input":{"@type":"PropertyValueSpecification","valueRequired":true,"valueName":"search_term_string"}}],"inLanguage":"es"}]}},"_links":{"self":[{"href":"https:\/\/www.zentia.com\/es-es\/wp-json\/wp\/v2\/pages\/1478","targetHints":{"allow":["GET"]}}],"collection":[{"href":"https:\/\/www.zentia.com\/es-es\/wp-json\/wp\/v2\/pages"}],"about":[{"href":"https:\/\/www.zentia.com\/es-es\/wp-json\/wp\/v2\/types\/page"}],"author":[{"embeddable":true,"href":"https:\/\/www.zentia.com\/es-es\/wp-json\/wp\/v2\/users\/1"}],"replies":[{"embeddable":true,"href":"https:\/\/www.zentia.com\/es-es\/wp-json\/wp\/v2\/comments?post=1478"}],"version-history":[{"count":0,"href":"https:\/\/www.zentia.com\/es-es\/wp-json\/wp\/v2\/pages\/1478\/revisions"}],"up":[{"embeddable":true,"href":"https:\/\/www.zentia.com\/es-es\/wp-json\/wp\/v2\/pages\/1476"}],"wp:featuredmedia":[{"embeddable":true,"href":"https:\/\/www.zentia.com\/es-es\/wp-json\/wp\/v2\/media\/8250"}],"wp:attachment":[{"href":"https:\/\/www.zentia.com\/es-es\/wp-json\/wp\/v2\/media?parent=1478"}],"curies":[{"name":"wp","href":"https:\/\/api.w.org\/{rel}","templated":true}]}}