{"id":1999,"date":"2022-05-31T10:59:01","date_gmt":"2022-05-31T09:59:01","guid":{"rendered":"https:\/\/zentia.mediaworksdev.co.uk\/en-gb\/?page_id=1999"},"modified":"2025-03-22T20:51:02","modified_gmt":"2025-03-22T20:51:02","slug":"sostenibilidad","status":"publish","type":"page","link":"https:\/\/www.zentia.com\/es-es\/sobre-nosotros\/sostenibilidad\/","title":{"rendered":"Sostenibilidad"},"content":{"rendered":"","protected":false},"excerpt":{"rendered":"<p>We all need to work together to create a more sustainable construction industry. Find out how we\u2019re helping you do just that.<\/p>\n","protected":false},"author":1,"featured_media":8397,"parent":21,"menu_order":0,"comment_status":"closed","ping_status":"closed","template":"","meta":{"_acf_changed":false,"footnotes":""},"class_list":["post-1999","page","type-page","status-publish","has-post-thumbnail","hentry"],"acf":[],"yoast_head":"<!-- This site is optimized with the Yoast SEO plugin v27.3 - https:\/\/yoast.com\/product\/yoast-seo-wordpress\/ -->\n<title>Nuestro compromiso con la sostenibilidad | Zentia<\/title>\n<meta name=\"description\" content=\"Zentia est\u00e1 comprometida con la sostenibilidad. Obtenga m\u00e1s informaci\u00f3n sobre Zentia aqu\u00ed (por ejemplo, sobre el programa de reciclaje o los productos con la certificaci\u00f3n Cradle to Cradle).\" \/>\n<meta name=\"robots\" content=\"index, follow, max-snippet:-1, max-image-preview:large, max-video-preview:-1\" \/>\n<link rel=\"canonical\" href=\"https:\/\/www.zentia.com\/es-es\/sobre-nosotros\/sostenibilidad\/\" \/>\n<meta property=\"og:locale\" content=\"es_ES\" \/>\n<meta property=\"og:type\" content=\"article\" \/>\n<meta property=\"og:title\" content=\"Nuestro compromiso con la sostenibilidad | Zentia\" \/>\n<meta property=\"og:description\" content=\"Zentia est\u00e1 comprometida con la sostenibilidad. Obtenga m\u00e1s informaci\u00f3n sobre Zentia aqu\u00ed (por ejemplo, sobre el programa de reciclaje o los productos con la certificaci\u00f3n Cradle to Cradle).\" \/>\n<meta property=\"og:url\" content=\"https:\/\/www.zentia.com\/es-es\/sobre-nosotros\/sostenibilidad\/\" \/>\n<meta property=\"og:site_name\" content=\"Zentia\" \/>\n<meta property=\"article:modified_time\" content=\"2025-03-22T20:51:02+00:00\" \/>\n<meta property=\"og:image\" content=\"https:\/\/www.zentia.com\/es-es\/wp-content\/uploads\/sites\/25\/2025\/03\/Zentia-Sustainability-02-scaled.jpg\" \/>\n\t<meta property=\"og:image:width\" content=\"1920\" \/>\n\t<meta property=\"og:image:height\" content=\"1279\" \/>\n\t<meta property=\"og:image:type\" content=\"image\/jpeg\" \/>\n<meta name=\"twitter:card\" content=\"summary_large_image\" \/>\n<meta name=\"twitter:label1\" content=\"Tiempo de lectura\" \/>\n\t<meta name=\"twitter:data1\" content=\"1 minuto\" \/>\n<script type=\"application\/ld+json\" class=\"yoast-schema-graph\">{\"@context\":\"https:\\\/\\\/schema.org\",\"@graph\":[{\"@type\":\"WebPage\",\"@id\":\"https:\\\/\\\/www.zentia.com\\\/es-es\\\/sobre-nosotros\\\/sostenibilidad\\\/\",\"url\":\"https:\\\/\\\/www.zentia.com\\\/es-es\\\/sobre-nosotros\\\/sostenibilidad\\\/\",\"name\":\"Nuestro compromiso con la sostenibilidad | Zentia\",\"isPartOf\":{\"@id\":\"https:\\\/\\\/www.zentia.com\\\/es-es\\\/#website\"},\"primaryImageOfPage\":{\"@id\":\"https:\\\/\\\/www.zentia.com\\\/es-es\\\/sobre-nosotros\\\/sostenibilidad\\\/#primaryimage\"},\"image\":{\"@id\":\"https:\\\/\\\/www.zentia.com\\\/es-es\\\/sobre-nosotros\\\/sostenibilidad\\\/#primaryimage\"},\"thumbnailUrl\":\"https:\\\/\\\/www.zentia.com\\\/es-es\\\/wp-content\\\/uploads\\\/sites\\\/25\\\/2025\\\/03\\\/Zentia-Sustainability-02-scaled.jpg\",\"datePublished\":\"2022-05-31T09:59:01+00:00\",\"dateModified\":\"2025-03-22T20:51:02+00:00\",\"description\":\"Zentia est\u00e1 comprometida con la sostenibilidad. Obtenga m\u00e1s informaci\u00f3n sobre Zentia aqu\u00ed (por ejemplo, sobre el programa de reciclaje o los productos con la certificaci\u00f3n Cradle to Cradle).\",\"breadcrumb\":{\"@id\":\"https:\\\/\\\/www.zentia.com\\\/es-es\\\/sobre-nosotros\\\/sostenibilidad\\\/#breadcrumb\"},\"inLanguage\":\"es\",\"potentialAction\":[{\"@type\":\"ReadAction\",\"target\":[\"https:\\\/\\\/www.zentia.com\\\/es-es\\\/sobre-nosotros\\\/sostenibilidad\\\/\"]}]},{\"@type\":\"ImageObject\",\"inLanguage\":\"es\",\"@id\":\"https:\\\/\\\/www.zentia.com\\\/es-es\\\/sobre-nosotros\\\/sostenibilidad\\\/#primaryimage\",\"url\":\"https:\\\/\\\/www.zentia.com\\\/es-es\\\/wp-content\\\/uploads\\\/sites\\\/25\\\/2025\\\/03\\\/Zentia-Sustainability-02-scaled.jpg\",\"contentUrl\":\"https:\\\/\\\/www.zentia.com\\\/es-es\\\/wp-content\\\/uploads\\\/sites\\\/25\\\/2025\\\/03\\\/Zentia-Sustainability-02-scaled.jpg\",\"width\":1920,\"height\":1279},{\"@type\":\"BreadcrumbList\",\"@id\":\"https:\\\/\\\/www.zentia.com\\\/es-es\\\/sobre-nosotros\\\/sostenibilidad\\\/#breadcrumb\",\"itemListElement\":[{\"@type\":\"ListItem\",\"position\":1,\"name\":\"Inicio\",\"item\":\"https:\\\/\\\/www.zentia.com\\\/es-es\\\/\"},{\"@type\":\"ListItem\",\"position\":2,\"name\":\"Sobre nosotros\",\"item\":\"https:\\\/\\\/www.zentia.com\\\/es-es\\\/sobre-nosotros\\\/\"},{\"@type\":\"ListItem\",\"position\":3,\"name\":\"Sostenibilidad\"}]},{\"@type\":\"WebSite\",\"@id\":\"https:\\\/\\\/www.zentia.com\\\/es-es\\\/#website\",\"url\":\"https:\\\/\\\/www.zentia.com\\\/es-es\\\/\",\"name\":\"Zentia\",\"description\":\"\",\"potentialAction\":[{\"@type\":\"SearchAction\",\"target\":{\"@type\":\"EntryPoint\",\"urlTemplate\":\"https:\\\/\\\/www.zentia.com\\\/es-es\\\/?s={search_term_string}\"},\"query-input\":{\"@type\":\"PropertyValueSpecification\",\"valueRequired\":true,\"valueName\":\"search_term_string\"}}],\"inLanguage\":\"es\"}]}<\/script>\n<!-- \/ Yoast SEO plugin. -->","yoast_head_json":{"title":"Nuestro compromiso con la sostenibilidad | Zentia","description":"Zentia est\u00e1 comprometida con la sostenibilidad. Obtenga m\u00e1s informaci\u00f3n sobre Zentia aqu\u00ed (por ejemplo, sobre el programa de reciclaje o los productos con la certificaci\u00f3n Cradle to Cradle).","robots":{"index":"index","follow":"follow","max-snippet":"max-snippet:-1","max-image-preview":"max-image-preview:large","max-video-preview":"max-video-preview:-1"},"canonical":"https:\/\/www.zentia.com\/es-es\/sobre-nosotros\/sostenibilidad\/","og_locale":"es_ES","og_type":"article","og_title":"Nuestro compromiso con la sostenibilidad | Zentia","og_description":"Zentia est\u00e1 comprometida con la sostenibilidad. Obtenga m\u00e1s informaci\u00f3n sobre Zentia aqu\u00ed (por ejemplo, sobre el programa de reciclaje o los productos con la certificaci\u00f3n Cradle to Cradle).","og_url":"https:\/\/www.zentia.com\/es-es\/sobre-nosotros\/sostenibilidad\/","og_site_name":"Zentia","article_modified_time":"2025-03-22T20:51:02+00:00","og_image":[{"width":1920,"height":1279,"url":"https:\/\/www.zentia.com\/es-es\/wp-content\/uploads\/sites\/25\/2025\/03\/Zentia-Sustainability-02-scaled.jpg","type":"image\/jpeg"}],"twitter_card":"summary_large_image","twitter_misc":{"Tiempo de lectura":"1 minuto"},"schema":{"@context":"https:\/\/schema.org","@graph":[{"@type":"WebPage","@id":"https:\/\/www.zentia.com\/es-es\/sobre-nosotros\/sostenibilidad\/","url":"https:\/\/www.zentia.com\/es-es\/sobre-nosotros\/sostenibilidad\/","name":"Nuestro compromiso con la sostenibilidad | Zentia","isPartOf":{"@id":"https:\/\/www.zentia.com\/es-es\/#website"},"primaryImageOfPage":{"@id":"https:\/\/www.zentia.com\/es-es\/sobre-nosotros\/sostenibilidad\/#primaryimage"},"image":{"@id":"https:\/\/www.zentia.com\/es-es\/sobre-nosotros\/sostenibilidad\/#primaryimage"},"thumbnailUrl":"https:\/\/www.zentia.com\/es-es\/wp-content\/uploads\/sites\/25\/2025\/03\/Zentia-Sustainability-02-scaled.jpg","datePublished":"2022-05-31T09:59:01+00:00","dateModified":"2025-03-22T20:51:02+00:00","description":"Zentia est\u00e1 comprometida con la sostenibilidad. Obtenga m\u00e1s informaci\u00f3n sobre Zentia aqu\u00ed (por ejemplo, sobre el programa de reciclaje o los productos con la certificaci\u00f3n Cradle to Cradle).","breadcrumb":{"@id":"https:\/\/www.zentia.com\/es-es\/sobre-nosotros\/sostenibilidad\/#breadcrumb"},"inLanguage":"es","potentialAction":[{"@type":"ReadAction","target":["https:\/\/www.zentia.com\/es-es\/sobre-nosotros\/sostenibilidad\/"]}]},{"@type":"ImageObject","inLanguage":"es","@id":"https:\/\/www.zentia.com\/es-es\/sobre-nosotros\/sostenibilidad\/#primaryimage","url":"https:\/\/www.zentia.com\/es-es\/wp-content\/uploads\/sites\/25\/2025\/03\/Zentia-Sustainability-02-scaled.jpg","contentUrl":"https:\/\/www.zentia.com\/es-es\/wp-content\/uploads\/sites\/25\/2025\/03\/Zentia-Sustainability-02-scaled.jpg","width":1920,"height":1279},{"@type":"BreadcrumbList","@id":"https:\/\/www.zentia.com\/es-es\/sobre-nosotros\/sostenibilidad\/#breadcrumb","itemListElement":[{"@type":"ListItem","position":1,"name":"Inicio","item":"https:\/\/www.zentia.com\/es-es\/"},{"@type":"ListItem","position":2,"name":"Sobre nosotros","item":"https:\/\/www.zentia.com\/es-es\/sobre-nosotros\/"},{"@type":"ListItem","position":3,"name":"Sostenibilidad"}]},{"@type":"WebSite","@id":"https:\/\/www.zentia.com\/es-es\/#website","url":"https:\/\/www.zentia.com\/es-es\/","name":"Zentia","description":"","potentialAction":[{"@type":"SearchAction","target":{"@type":"EntryPoint","urlTemplate":"https:\/\/www.zentia.com\/es-es\/?s={search_term_string}"},"query-input":{"@type":"PropertyValueSpecification","valueRequired":true,"valueName":"search_term_string"}}],"inLanguage":"es"}]}},"_links":{"self":[{"href":"https:\/\/www.zentia.com\/es-es\/wp-json\/wp\/v2\/pages\/1999","targetHints":{"allow":["GET"]}}],"collection":[{"href":"https:\/\/www.zentia.com\/es-es\/wp-json\/wp\/v2\/pages"}],"about":[{"href":"https:\/\/www.zentia.com\/es-es\/wp-json\/wp\/v2\/types\/page"}],"author":[{"embeddable":true,"href":"https:\/\/www.zentia.com\/es-es\/wp-json\/wp\/v2\/users\/1"}],"replies":[{"embeddable":true,"href":"https:\/\/www.zentia.com\/es-es\/wp-json\/wp\/v2\/comments?post=1999"}],"version-history":[{"count":0,"href":"https:\/\/www.zentia.com\/es-es\/wp-json\/wp\/v2\/pages\/1999\/revisions"}],"up":[{"embeddable":true,"href":"https:\/\/www.zentia.com\/es-es\/wp-json\/wp\/v2\/pages\/21"}],"wp:featuredmedia":[{"embeddable":true,"href":"https:\/\/www.zentia.com\/es-es\/wp-json\/wp\/v2\/media\/8397"}],"wp:attachment":[{"href":"https:\/\/www.zentia.com\/es-es\/wp-json\/wp\/v2\/media?parent=1999"}],"curies":[{"name":"wp","href":"https:\/\/api.w.org\/{rel}","templated":true}]}}