{"id":2010,"date":"2022-05-31T11:17:57","date_gmt":"2022-05-31T10:17:57","guid":{"rendered":"https:\/\/zentia.mediaworksdev.co.uk\/en-gb\/?page_id=2010"},"modified":"2025-03-22T20:53:25","modified_gmt":"2025-03-22T20:53:25","slug":"marcos-referencia-evaluacion-edificios","status":"publish","type":"page","link":"https:\/\/www.zentia.com\/es-es\/sobre-nosotros\/sostenibilidad\/marcos-referencia-evaluacion-edificios\/","title":{"rendered":"Marcos de referencia de evaluaci\u00f3n de edificios"},"content":{"rendered":"","protected":false},"excerpt":{"rendered":"<p>Zentia\u2019s suspended ceiling solutions can help your project gain credits on several building rating schemes. Find out more below.<\/p>\n","protected":false},"author":1,"featured_media":0,"parent":1999,"menu_order":0,"comment_status":"closed","ping_status":"closed","template":"","meta":{"_acf_changed":false,"footnotes":""},"class_list":["post-2010","page","type-page","status-publish","hentry"],"acf":[],"yoast_head":"<!-- This site is optimized with the Yoast SEO plugin v27.3 - https:\/\/yoast.com\/product\/yoast-seo-wordpress\/ -->\n<title>Marcos de referencia de evaluaci\u00f3n de edificios | Zentia<\/title>\n<meta name=\"description\" content=\"Los techos suspendidos de Zentia pueden ayudarle a que su proyecto obtenga cr\u00e9ditos de varios marcos de referencia de evaluaci\u00f3n de edificios, entre ellos LEED, BREEAM y SKA. Leer m\u00e1s.\" \/>\n<meta name=\"robots\" content=\"index, follow, max-snippet:-1, max-image-preview:large, max-video-preview:-1\" \/>\n<link rel=\"canonical\" href=\"https:\/\/www.zentia.com\/es-es\/sobre-nosotros\/sostenibilidad\/marcos-referencia-evaluacion-edificios\/\" \/>\n<meta property=\"og:locale\" content=\"es_ES\" \/>\n<meta property=\"og:type\" content=\"article\" \/>\n<meta property=\"og:title\" content=\"Marcos de referencia de evaluaci\u00f3n de edificios | Zentia\" \/>\n<meta property=\"og:description\" content=\"Los techos suspendidos de Zentia pueden ayudarle a que su proyecto obtenga cr\u00e9ditos de varios marcos de referencia de evaluaci\u00f3n de edificios, entre ellos LEED, BREEAM y SKA. Leer m\u00e1s.\" \/>\n<meta property=\"og:url\" content=\"https:\/\/www.zentia.com\/es-es\/sobre-nosotros\/sostenibilidad\/marcos-referencia-evaluacion-edificios\/\" \/>\n<meta property=\"og:site_name\" content=\"Zentia\" \/>\n<meta property=\"article:modified_time\" content=\"2025-03-22T20:53:25+00:00\" \/>\n<meta name=\"twitter:card\" content=\"summary_large_image\" \/>\n<meta name=\"twitter:label1\" content=\"Tiempo de lectura\" \/>\n\t<meta name=\"twitter:data1\" content=\"1 minuto\" \/>\n<script type=\"application\/ld+json\" class=\"yoast-schema-graph\">{\"@context\":\"https:\\\/\\\/schema.org\",\"@graph\":[{\"@type\":\"WebPage\",\"@id\":\"https:\\\/\\\/www.zentia.com\\\/es-es\\\/sobre-nosotros\\\/sostenibilidad\\\/marcos-referencia-evaluacion-edificios\\\/\",\"url\":\"https:\\\/\\\/www.zentia.com\\\/es-es\\\/sobre-nosotros\\\/sostenibilidad\\\/marcos-referencia-evaluacion-edificios\\\/\",\"name\":\"Marcos de referencia de evaluaci\u00f3n de edificios | Zentia\",\"isPartOf\":{\"@id\":\"https:\\\/\\\/www.zentia.com\\\/es-es\\\/#website\"},\"datePublished\":\"2022-05-31T10:17:57+00:00\",\"dateModified\":\"2025-03-22T20:53:25+00:00\",\"description\":\"Los techos suspendidos de Zentia pueden ayudarle a que su proyecto obtenga cr\u00e9ditos de varios marcos de referencia de evaluaci\u00f3n de edificios, entre ellos LEED, BREEAM y SKA. Leer m\u00e1s.\",\"breadcrumb\":{\"@id\":\"https:\\\/\\\/www.zentia.com\\\/es-es\\\/sobre-nosotros\\\/sostenibilidad\\\/marcos-referencia-evaluacion-edificios\\\/#breadcrumb\"},\"inLanguage\":\"es\",\"potentialAction\":[{\"@type\":\"ReadAction\",\"target\":[\"https:\\\/\\\/www.zentia.com\\\/es-es\\\/sobre-nosotros\\\/sostenibilidad\\\/marcos-referencia-evaluacion-edificios\\\/\"]}]},{\"@type\":\"BreadcrumbList\",\"@id\":\"https:\\\/\\\/www.zentia.com\\\/es-es\\\/sobre-nosotros\\\/sostenibilidad\\\/marcos-referencia-evaluacion-edificios\\\/#breadcrumb\",\"itemListElement\":[{\"@type\":\"ListItem\",\"position\":1,\"name\":\"Inicio\",\"item\":\"https:\\\/\\\/www.zentia.com\\\/es-es\\\/\"},{\"@type\":\"ListItem\",\"position\":2,\"name\":\"Sobre nosotros\",\"item\":\"https:\\\/\\\/www.zentia.com\\\/es-es\\\/sobre-nosotros\\\/\"},{\"@type\":\"ListItem\",\"position\":3,\"name\":\"Sostenibilidad\",\"item\":\"https:\\\/\\\/www.zentia.com\\\/es-es\\\/sobre-nosotros\\\/sostenibilidad\\\/\"},{\"@type\":\"ListItem\",\"position\":4,\"name\":\"Marcos de referencia de evaluaci\u00f3n de edificios\"}]},{\"@type\":\"WebSite\",\"@id\":\"https:\\\/\\\/www.zentia.com\\\/es-es\\\/#website\",\"url\":\"https:\\\/\\\/www.zentia.com\\\/es-es\\\/\",\"name\":\"Zentia\",\"description\":\"\",\"potentialAction\":[{\"@type\":\"SearchAction\",\"target\":{\"@type\":\"EntryPoint\",\"urlTemplate\":\"https:\\\/\\\/www.zentia.com\\\/es-es\\\/?s={search_term_string}\"},\"query-input\":{\"@type\":\"PropertyValueSpecification\",\"valueRequired\":true,\"valueName\":\"search_term_string\"}}],\"inLanguage\":\"es\"}]}<\/script>\n<!-- \/ Yoast SEO plugin. -->","yoast_head_json":{"title":"Marcos de referencia de evaluaci\u00f3n de edificios | Zentia","description":"Los techos suspendidos de Zentia pueden ayudarle a que su proyecto obtenga cr\u00e9ditos de varios marcos de referencia de evaluaci\u00f3n de edificios, entre ellos LEED, BREEAM y SKA. Leer m\u00e1s.","robots":{"index":"index","follow":"follow","max-snippet":"max-snippet:-1","max-image-preview":"max-image-preview:large","max-video-preview":"max-video-preview:-1"},"canonical":"https:\/\/www.zentia.com\/es-es\/sobre-nosotros\/sostenibilidad\/marcos-referencia-evaluacion-edificios\/","og_locale":"es_ES","og_type":"article","og_title":"Marcos de referencia de evaluaci\u00f3n de edificios | Zentia","og_description":"Los techos suspendidos de Zentia pueden ayudarle a que su proyecto obtenga cr\u00e9ditos de varios marcos de referencia de evaluaci\u00f3n de edificios, entre ellos LEED, BREEAM y SKA. Leer m\u00e1s.","og_url":"https:\/\/www.zentia.com\/es-es\/sobre-nosotros\/sostenibilidad\/marcos-referencia-evaluacion-edificios\/","og_site_name":"Zentia","article_modified_time":"2025-03-22T20:53:25+00:00","twitter_card":"summary_large_image","twitter_misc":{"Tiempo de lectura":"1 minuto"},"schema":{"@context":"https:\/\/schema.org","@graph":[{"@type":"WebPage","@id":"https:\/\/www.zentia.com\/es-es\/sobre-nosotros\/sostenibilidad\/marcos-referencia-evaluacion-edificios\/","url":"https:\/\/www.zentia.com\/es-es\/sobre-nosotros\/sostenibilidad\/marcos-referencia-evaluacion-edificios\/","name":"Marcos de referencia de evaluaci\u00f3n de edificios | Zentia","isPartOf":{"@id":"https:\/\/www.zentia.com\/es-es\/#website"},"datePublished":"2022-05-31T10:17:57+00:00","dateModified":"2025-03-22T20:53:25+00:00","description":"Los techos suspendidos de Zentia pueden ayudarle a que su proyecto obtenga cr\u00e9ditos de varios marcos de referencia de evaluaci\u00f3n de edificios, entre ellos LEED, BREEAM y SKA. Leer m\u00e1s.","breadcrumb":{"@id":"https:\/\/www.zentia.com\/es-es\/sobre-nosotros\/sostenibilidad\/marcos-referencia-evaluacion-edificios\/#breadcrumb"},"inLanguage":"es","potentialAction":[{"@type":"ReadAction","target":["https:\/\/www.zentia.com\/es-es\/sobre-nosotros\/sostenibilidad\/marcos-referencia-evaluacion-edificios\/"]}]},{"@type":"BreadcrumbList","@id":"https:\/\/www.zentia.com\/es-es\/sobre-nosotros\/sostenibilidad\/marcos-referencia-evaluacion-edificios\/#breadcrumb","itemListElement":[{"@type":"ListItem","position":1,"name":"Inicio","item":"https:\/\/www.zentia.com\/es-es\/"},{"@type":"ListItem","position":2,"name":"Sobre nosotros","item":"https:\/\/www.zentia.com\/es-es\/sobre-nosotros\/"},{"@type":"ListItem","position":3,"name":"Sostenibilidad","item":"https:\/\/www.zentia.com\/es-es\/sobre-nosotros\/sostenibilidad\/"},{"@type":"ListItem","position":4,"name":"Marcos de referencia de evaluaci\u00f3n de edificios"}]},{"@type":"WebSite","@id":"https:\/\/www.zentia.com\/es-es\/#website","url":"https:\/\/www.zentia.com\/es-es\/","name":"Zentia","description":"","potentialAction":[{"@type":"SearchAction","target":{"@type":"EntryPoint","urlTemplate":"https:\/\/www.zentia.com\/es-es\/?s={search_term_string}"},"query-input":{"@type":"PropertyValueSpecification","valueRequired":true,"valueName":"search_term_string"}}],"inLanguage":"es"}]}},"_links":{"self":[{"href":"https:\/\/www.zentia.com\/es-es\/wp-json\/wp\/v2\/pages\/2010","targetHints":{"allow":["GET"]}}],"collection":[{"href":"https:\/\/www.zentia.com\/es-es\/wp-json\/wp\/v2\/pages"}],"about":[{"href":"https:\/\/www.zentia.com\/es-es\/wp-json\/wp\/v2\/types\/page"}],"author":[{"embeddable":true,"href":"https:\/\/www.zentia.com\/es-es\/wp-json\/wp\/v2\/users\/1"}],"replies":[{"embeddable":true,"href":"https:\/\/www.zentia.com\/es-es\/wp-json\/wp\/v2\/comments?post=2010"}],"version-history":[{"count":0,"href":"https:\/\/www.zentia.com\/es-es\/wp-json\/wp\/v2\/pages\/2010\/revisions"}],"up":[{"embeddable":true,"href":"https:\/\/www.zentia.com\/es-es\/wp-json\/wp\/v2\/pages\/1999"}],"wp:attachment":[{"href":"https:\/\/www.zentia.com\/es-es\/wp-json\/wp\/v2\/media?parent=2010"}],"curies":[{"name":"wp","href":"https:\/\/api.w.org\/{rel}","templated":true}]}}