{"id":23,"date":"2022-03-21T09:52:34","date_gmt":"2022-03-21T09:52:34","guid":{"rendered":"http:\/\/zentia.mediaworksdev.co.uk\/en-gb\/?page_id=23"},"modified":"2025-09-10T08:35:53","modified_gmt":"2025-09-10T07:35:53","slug":"solicite-una-muestra","status":"publish","type":"page","link":"https:\/\/www.zentia.com\/es-es\/solicite-una-muestra\/","title":{"rendered":"Solicite una muestra"},"content":{"rendered":"","protected":false},"excerpt":{"rendered":"","protected":false},"author":1,"featured_media":7709,"parent":0,"menu_order":0,"comment_status":"closed","ping_status":"closed","template":"","meta":{"_acf_changed":false,"footnotes":""},"class_list":["post-23","page","type-page","status-publish","has-post-thumbnail","hentry"],"acf":[],"yoast_head":"<!-- This site is optimized with the Yoast SEO plugin v27.3 - https:\/\/yoast.com\/product\/yoast-seo-wordpress\/ -->\n<title>Solicite una muestra | Zentia<\/title>\n<meta name=\"description\" content=\"Solicite muestras de placas de techo o rejillas enviadas desde nuestra f\u00e1brica en Gateshead. Entrega r\u00e1pida. Perfectas para dise\u00f1o, especificaci\u00f3n o revisi\u00f3n de proyectos.\" \/>\n<meta name=\"robots\" content=\"index, follow, max-snippet:-1, max-image-preview:large, max-video-preview:-1\" \/>\n<link rel=\"canonical\" href=\"https:\/\/www.zentia.com\/es-es\/solicite-una-muestra\/\" \/>\n<meta property=\"og:locale\" content=\"es_ES\" \/>\n<meta property=\"og:type\" content=\"article\" \/>\n<meta property=\"og:title\" content=\"Solicite una muestra | Zentia\" \/>\n<meta property=\"og:description\" content=\"Solicite muestras de placas de techo o rejillas enviadas desde nuestra f\u00e1brica en Gateshead. Entrega r\u00e1pida. Perfectas para dise\u00f1o, especificaci\u00f3n o revisi\u00f3n de proyectos.\" \/>\n<meta property=\"og:url\" content=\"https:\/\/www.zentia.com\/es-es\/solicite-una-muestra\/\" \/>\n<meta property=\"og:site_name\" content=\"Zentia\" \/>\n<meta property=\"article:modified_time\" content=\"2025-09-10T07:35:53+00:00\" \/>\n<meta property=\"og:image\" content=\"https:\/\/www.zentia.com\/es-es\/wp-content\/uploads\/sites\/25\/2024\/04\/Zentia-Sonify-Samples-resized.jpg\" \/>\n\t<meta property=\"og:image:width\" content=\"1800\" \/>\n\t<meta property=\"og:image:height\" content=\"1200\" \/>\n\t<meta property=\"og:image:type\" content=\"image\/jpeg\" \/>\n<meta name=\"twitter:card\" content=\"summary_large_image\" \/>\n<meta name=\"twitter:label1\" content=\"Tiempo de lectura\" \/>\n\t<meta name=\"twitter:data1\" content=\"1 minuto\" \/>\n<script type=\"application\/ld+json\" class=\"yoast-schema-graph\">{\"@context\":\"https:\\\/\\\/schema.org\",\"@graph\":[{\"@type\":\"WebPage\",\"@id\":\"https:\\\/\\\/www.zentia.com\\\/es-es\\\/solicite-una-muestra\\\/\",\"url\":\"https:\\\/\\\/www.zentia.com\\\/es-es\\\/solicite-una-muestra\\\/\",\"name\":\"Solicite una muestra | Zentia\",\"isPartOf\":{\"@id\":\"https:\\\/\\\/www.zentia.com\\\/es-es\\\/#website\"},\"primaryImageOfPage\":{\"@id\":\"https:\\\/\\\/www.zentia.com\\\/es-es\\\/solicite-una-muestra\\\/#primaryimage\"},\"image\":{\"@id\":\"https:\\\/\\\/www.zentia.com\\\/es-es\\\/solicite-una-muestra\\\/#primaryimage\"},\"thumbnailUrl\":\"https:\\\/\\\/www.zentia.com\\\/es-es\\\/wp-content\\\/uploads\\\/sites\\\/25\\\/2024\\\/04\\\/Zentia-Sonify-Samples-resized.jpg\",\"datePublished\":\"2022-03-21T09:52:34+00:00\",\"dateModified\":\"2025-09-10T07:35:53+00:00\",\"description\":\"Solicite muestras de placas de techo o rejillas enviadas desde nuestra f\u00e1brica en Gateshead. Entrega r\u00e1pida. Perfectas para dise\u00f1o, especificaci\u00f3n o revisi\u00f3n de proyectos.\",\"breadcrumb\":{\"@id\":\"https:\\\/\\\/www.zentia.com\\\/es-es\\\/solicite-una-muestra\\\/#breadcrumb\"},\"inLanguage\":\"es\",\"potentialAction\":[{\"@type\":\"ReadAction\",\"target\":[\"https:\\\/\\\/www.zentia.com\\\/es-es\\\/solicite-una-muestra\\\/\"]}]},{\"@type\":\"ImageObject\",\"inLanguage\":\"es\",\"@id\":\"https:\\\/\\\/www.zentia.com\\\/es-es\\\/solicite-una-muestra\\\/#primaryimage\",\"url\":\"https:\\\/\\\/www.zentia.com\\\/es-es\\\/wp-content\\\/uploads\\\/sites\\\/25\\\/2024\\\/04\\\/Zentia-Sonify-Samples-resized.jpg\",\"contentUrl\":\"https:\\\/\\\/www.zentia.com\\\/es-es\\\/wp-content\\\/uploads\\\/sites\\\/25\\\/2024\\\/04\\\/Zentia-Sonify-Samples-resized.jpg\",\"width\":1800,\"height\":1200},{\"@type\":\"BreadcrumbList\",\"@id\":\"https:\\\/\\\/www.zentia.com\\\/es-es\\\/solicite-una-muestra\\\/#breadcrumb\",\"itemListElement\":[{\"@type\":\"ListItem\",\"position\":1,\"name\":\"Inicio\",\"item\":\"https:\\\/\\\/www.zentia.com\\\/es-es\\\/\"},{\"@type\":\"ListItem\",\"position\":2,\"name\":\"Solicite una muestra\"}]},{\"@type\":\"WebSite\",\"@id\":\"https:\\\/\\\/www.zentia.com\\\/es-es\\\/#website\",\"url\":\"https:\\\/\\\/www.zentia.com\\\/es-es\\\/\",\"name\":\"Zentia\",\"description\":\"\",\"potentialAction\":[{\"@type\":\"SearchAction\",\"target\":{\"@type\":\"EntryPoint\",\"urlTemplate\":\"https:\\\/\\\/www.zentia.com\\\/es-es\\\/?s={search_term_string}\"},\"query-input\":{\"@type\":\"PropertyValueSpecification\",\"valueRequired\":true,\"valueName\":\"search_term_string\"}}],\"inLanguage\":\"es\"}]}<\/script>\n<!-- \/ Yoast SEO plugin. -->","yoast_head_json":{"title":"Solicite una muestra | Zentia","description":"Solicite muestras de placas de techo o rejillas enviadas desde nuestra f\u00e1brica en Gateshead. Entrega r\u00e1pida. Perfectas para dise\u00f1o, especificaci\u00f3n o revisi\u00f3n de proyectos.","robots":{"index":"index","follow":"follow","max-snippet":"max-snippet:-1","max-image-preview":"max-image-preview:large","max-video-preview":"max-video-preview:-1"},"canonical":"https:\/\/www.zentia.com\/es-es\/solicite-una-muestra\/","og_locale":"es_ES","og_type":"article","og_title":"Solicite una muestra | Zentia","og_description":"Solicite muestras de placas de techo o rejillas enviadas desde nuestra f\u00e1brica en Gateshead. Entrega r\u00e1pida. Perfectas para dise\u00f1o, especificaci\u00f3n o revisi\u00f3n de proyectos.","og_url":"https:\/\/www.zentia.com\/es-es\/solicite-una-muestra\/","og_site_name":"Zentia","article_modified_time":"2025-09-10T07:35:53+00:00","og_image":[{"width":1800,"height":1200,"url":"https:\/\/www.zentia.com\/es-es\/wp-content\/uploads\/sites\/25\/2024\/04\/Zentia-Sonify-Samples-resized.jpg","type":"image\/jpeg"}],"twitter_card":"summary_large_image","twitter_misc":{"Tiempo de lectura":"1 minuto"},"schema":{"@context":"https:\/\/schema.org","@graph":[{"@type":"WebPage","@id":"https:\/\/www.zentia.com\/es-es\/solicite-una-muestra\/","url":"https:\/\/www.zentia.com\/es-es\/solicite-una-muestra\/","name":"Solicite una muestra | Zentia","isPartOf":{"@id":"https:\/\/www.zentia.com\/es-es\/#website"},"primaryImageOfPage":{"@id":"https:\/\/www.zentia.com\/es-es\/solicite-una-muestra\/#primaryimage"},"image":{"@id":"https:\/\/www.zentia.com\/es-es\/solicite-una-muestra\/#primaryimage"},"thumbnailUrl":"https:\/\/www.zentia.com\/es-es\/wp-content\/uploads\/sites\/25\/2024\/04\/Zentia-Sonify-Samples-resized.jpg","datePublished":"2022-03-21T09:52:34+00:00","dateModified":"2025-09-10T07:35:53+00:00","description":"Solicite muestras de placas de techo o rejillas enviadas desde nuestra f\u00e1brica en Gateshead. Entrega r\u00e1pida. Perfectas para dise\u00f1o, especificaci\u00f3n o revisi\u00f3n de proyectos.","breadcrumb":{"@id":"https:\/\/www.zentia.com\/es-es\/solicite-una-muestra\/#breadcrumb"},"inLanguage":"es","potentialAction":[{"@type":"ReadAction","target":["https:\/\/www.zentia.com\/es-es\/solicite-una-muestra\/"]}]},{"@type":"ImageObject","inLanguage":"es","@id":"https:\/\/www.zentia.com\/es-es\/solicite-una-muestra\/#primaryimage","url":"https:\/\/www.zentia.com\/es-es\/wp-content\/uploads\/sites\/25\/2024\/04\/Zentia-Sonify-Samples-resized.jpg","contentUrl":"https:\/\/www.zentia.com\/es-es\/wp-content\/uploads\/sites\/25\/2024\/04\/Zentia-Sonify-Samples-resized.jpg","width":1800,"height":1200},{"@type":"BreadcrumbList","@id":"https:\/\/www.zentia.com\/es-es\/solicite-una-muestra\/#breadcrumb","itemListElement":[{"@type":"ListItem","position":1,"name":"Inicio","item":"https:\/\/www.zentia.com\/es-es\/"},{"@type":"ListItem","position":2,"name":"Solicite una muestra"}]},{"@type":"WebSite","@id":"https:\/\/www.zentia.com\/es-es\/#website","url":"https:\/\/www.zentia.com\/es-es\/","name":"Zentia","description":"","potentialAction":[{"@type":"SearchAction","target":{"@type":"EntryPoint","urlTemplate":"https:\/\/www.zentia.com\/es-es\/?s={search_term_string}"},"query-input":{"@type":"PropertyValueSpecification","valueRequired":true,"valueName":"search_term_string"}}],"inLanguage":"es"}]}},"_links":{"self":[{"href":"https:\/\/www.zentia.com\/es-es\/wp-json\/wp\/v2\/pages\/23","targetHints":{"allow":["GET"]}}],"collection":[{"href":"https:\/\/www.zentia.com\/es-es\/wp-json\/wp\/v2\/pages"}],"about":[{"href":"https:\/\/www.zentia.com\/es-es\/wp-json\/wp\/v2\/types\/page"}],"author":[{"embeddable":true,"href":"https:\/\/www.zentia.com\/es-es\/wp-json\/wp\/v2\/users\/1"}],"replies":[{"embeddable":true,"href":"https:\/\/www.zentia.com\/es-es\/wp-json\/wp\/v2\/comments?post=23"}],"version-history":[{"count":0,"href":"https:\/\/www.zentia.com\/es-es\/wp-json\/wp\/v2\/pages\/23\/revisions"}],"wp:featuredmedia":[{"embeddable":true,"href":"https:\/\/www.zentia.com\/es-es\/wp-json\/wp\/v2\/media\/7709"}],"wp:attachment":[{"href":"https:\/\/www.zentia.com\/es-es\/wp-json\/wp\/v2\/media?parent=23"}],"curies":[{"name":"wp","href":"https:\/\/api.w.org\/{rel}","templated":true}]}}