{"id":287,"date":"2022-03-21T14:32:20","date_gmt":"2022-03-21T14:32:20","guid":{"rendered":"http:\/\/zentia.mediaworksdev.co.uk\/en-gb\/?page_id=287"},"modified":"2025-03-15T22:08:50","modified_gmt":"2025-03-15T22:08:50","slug":"rendimiento-del-producto","status":"publish","type":"page","link":"https:\/\/www.zentia.com\/es-es\/soluciones\/rendimiento-del-producto\/","title":{"rendered":"Rendimiento del producto"},"content":{"rendered":"","protected":false},"excerpt":{"rendered":"<p>Learn more about our ceiling tiles and their performance attributes.<\/p>\n","protected":false},"author":1,"featured_media":7388,"parent":30,"menu_order":0,"comment_status":"closed","ping_status":"closed","template":"templates\/page-performance-listing.php","meta":{"_acf_changed":false,"footnotes":""},"class_list":["post-287","page","type-page","status-publish","has-post-thumbnail","hentry"],"acf":[],"yoast_head":"<!-- This site is optimized with the Yoast SEO plugin v27.4 - https:\/\/yoast.com\/product\/yoast-seo-wordpress\/ -->\n<title>Usos adecuados del techo | Absorci\u00f3n del sonido | Zentia<\/title>\n<meta name=\"description\" content=\"Zentia proporciona paneles y l\u00e1minas de techo suspendido de alta calidad y durabilidad. Descubra online nuestras soluciones de techo suspendido y los paneles de suspensi\u00f3n. Consulte m\u00e1s informaci\u00f3n.\" \/>\n<meta name=\"robots\" content=\"index, follow, max-snippet:-1, max-image-preview:large, max-video-preview:-1\" \/>\n<link rel=\"canonical\" href=\"https:\/\/www.zentia.com\/es-es\/soluciones\/rendimiento-del-producto\/\" \/>\n<meta property=\"og:locale\" content=\"es_ES\" \/>\n<meta property=\"og:type\" content=\"article\" \/>\n<meta property=\"og:title\" content=\"Usos adecuados del techo | Absorci\u00f3n del sonido | Zentia\" \/>\n<meta property=\"og:description\" content=\"Zentia proporciona paneles y l\u00e1minas de techo suspendido de alta calidad y durabilidad. Descubra online nuestras soluciones de techo suspendido y los paneles de suspensi\u00f3n. Consulte m\u00e1s informaci\u00f3n.\" \/>\n<meta property=\"og:url\" content=\"https:\/\/www.zentia.com\/es-es\/soluciones\/rendimiento-del-producto\/\" \/>\n<meta property=\"og:site_name\" content=\"Zentia\" \/>\n<meta property=\"article:modified_time\" content=\"2025-03-15T22:08:50+00:00\" \/>\n<meta property=\"og:image\" content=\"https:\/\/www.zentia.com\/es-es\/wp-content\/uploads\/sites\/25\/2024\/01\/Zentia-Ceiling-Tile-Oplia-hA-Office-720x720.png\" \/>\n\t<meta property=\"og:image:width\" content=\"720\" \/>\n\t<meta property=\"og:image:height\" content=\"720\" \/>\n\t<meta property=\"og:image:type\" content=\"image\/png\" \/>\n<meta name=\"twitter:card\" content=\"summary_large_image\" \/>\n<meta name=\"twitter:label1\" content=\"Tiempo de lectura\" \/>\n\t<meta name=\"twitter:data1\" content=\"1 minuto\" \/>\n<script type=\"application\/ld+json\" class=\"yoast-schema-graph\">{\"@context\":\"https:\\\/\\\/schema.org\",\"@graph\":[{\"@type\":\"WebPage\",\"@id\":\"https:\\\/\\\/www.zentia.com\\\/es-es\\\/soluciones\\\/rendimiento-del-producto\\\/\",\"url\":\"https:\\\/\\\/www.zentia.com\\\/es-es\\\/soluciones\\\/rendimiento-del-producto\\\/\",\"name\":\"Usos adecuados del techo | Absorci\u00f3n del sonido | Zentia\",\"isPartOf\":{\"@id\":\"https:\\\/\\\/www.zentia.com\\\/es-es\\\/#website\"},\"primaryImageOfPage\":{\"@id\":\"https:\\\/\\\/www.zentia.com\\\/es-es\\\/soluciones\\\/rendimiento-del-producto\\\/#primaryimage\"},\"image\":{\"@id\":\"https:\\\/\\\/www.zentia.com\\\/es-es\\\/soluciones\\\/rendimiento-del-producto\\\/#primaryimage\"},\"thumbnailUrl\":\"https:\\\/\\\/www.zentia.com\\\/es-es\\\/wp-content\\\/uploads\\\/sites\\\/25\\\/2024\\\/01\\\/Zentia-Ceiling-Tile-Oplia-hA-Office.png\",\"datePublished\":\"2022-03-21T14:32:20+00:00\",\"dateModified\":\"2025-03-15T22:08:50+00:00\",\"description\":\"Zentia proporciona paneles y l\u00e1minas de techo suspendido de alta calidad y durabilidad. Descubra online nuestras soluciones de techo suspendido y los paneles de suspensi\u00f3n. Consulte m\u00e1s informaci\u00f3n.\",\"breadcrumb\":{\"@id\":\"https:\\\/\\\/www.zentia.com\\\/es-es\\\/soluciones\\\/rendimiento-del-producto\\\/#breadcrumb\"},\"inLanguage\":\"es\",\"potentialAction\":[{\"@type\":\"ReadAction\",\"target\":[\"https:\\\/\\\/www.zentia.com\\\/es-es\\\/soluciones\\\/rendimiento-del-producto\\\/\"]}]},{\"@type\":\"ImageObject\",\"inLanguage\":\"es\",\"@id\":\"https:\\\/\\\/www.zentia.com\\\/es-es\\\/soluciones\\\/rendimiento-del-producto\\\/#primaryimage\",\"url\":\"https:\\\/\\\/www.zentia.com\\\/es-es\\\/wp-content\\\/uploads\\\/sites\\\/25\\\/2024\\\/01\\\/Zentia-Ceiling-Tile-Oplia-hA-Office.png\",\"contentUrl\":\"https:\\\/\\\/www.zentia.com\\\/es-es\\\/wp-content\\\/uploads\\\/sites\\\/25\\\/2024\\\/01\\\/Zentia-Ceiling-Tile-Oplia-hA-Office.png\",\"width\":1800,\"height\":1013},{\"@type\":\"BreadcrumbList\",\"@id\":\"https:\\\/\\\/www.zentia.com\\\/es-es\\\/soluciones\\\/rendimiento-del-producto\\\/#breadcrumb\",\"itemListElement\":[{\"@type\":\"ListItem\",\"position\":1,\"name\":\"Inicio\",\"item\":\"https:\\\/\\\/www.zentia.com\\\/es-es\\\/\"},{\"@type\":\"ListItem\",\"position\":2,\"name\":\"Nuestras soluciones\",\"item\":\"https:\\\/\\\/www.zentia.com\\\/es-es\\\/soluciones\\\/\"},{\"@type\":\"ListItem\",\"position\":3,\"name\":\"Rendimiento del producto\"}]},{\"@type\":\"WebSite\",\"@id\":\"https:\\\/\\\/www.zentia.com\\\/es-es\\\/#website\",\"url\":\"https:\\\/\\\/www.zentia.com\\\/es-es\\\/\",\"name\":\"Zentia\",\"description\":\"\",\"potentialAction\":[{\"@type\":\"SearchAction\",\"target\":{\"@type\":\"EntryPoint\",\"urlTemplate\":\"https:\\\/\\\/www.zentia.com\\\/es-es\\\/?s={search_term_string}\"},\"query-input\":{\"@type\":\"PropertyValueSpecification\",\"valueRequired\":true,\"valueName\":\"search_term_string\"}}],\"inLanguage\":\"es\"}]}<\/script>\n<!-- \/ Yoast SEO plugin. -->","yoast_head_json":{"title":"Usos adecuados del techo | Absorci\u00f3n del sonido | Zentia","description":"Zentia proporciona paneles y l\u00e1minas de techo suspendido de alta calidad y durabilidad. Descubra online nuestras soluciones de techo suspendido y los paneles de suspensi\u00f3n. Consulte m\u00e1s informaci\u00f3n.","robots":{"index":"index","follow":"follow","max-snippet":"max-snippet:-1","max-image-preview":"max-image-preview:large","max-video-preview":"max-video-preview:-1"},"canonical":"https:\/\/www.zentia.com\/es-es\/soluciones\/rendimiento-del-producto\/","og_locale":"es_ES","og_type":"article","og_title":"Usos adecuados del techo | Absorci\u00f3n del sonido | Zentia","og_description":"Zentia proporciona paneles y l\u00e1minas de techo suspendido de alta calidad y durabilidad. Descubra online nuestras soluciones de techo suspendido y los paneles de suspensi\u00f3n. Consulte m\u00e1s informaci\u00f3n.","og_url":"https:\/\/www.zentia.com\/es-es\/soluciones\/rendimiento-del-producto\/","og_site_name":"Zentia","article_modified_time":"2025-03-15T22:08:50+00:00","og_image":[{"width":720,"height":720,"url":"https:\/\/www.zentia.com\/es-es\/wp-content\/uploads\/sites\/25\/2024\/01\/Zentia-Ceiling-Tile-Oplia-hA-Office-720x720.png","type":"image\/png"}],"twitter_card":"summary_large_image","twitter_misc":{"Tiempo de lectura":"1 minuto"},"schema":{"@context":"https:\/\/schema.org","@graph":[{"@type":"WebPage","@id":"https:\/\/www.zentia.com\/es-es\/soluciones\/rendimiento-del-producto\/","url":"https:\/\/www.zentia.com\/es-es\/soluciones\/rendimiento-del-producto\/","name":"Usos adecuados del techo | Absorci\u00f3n del sonido | Zentia","isPartOf":{"@id":"https:\/\/www.zentia.com\/es-es\/#website"},"primaryImageOfPage":{"@id":"https:\/\/www.zentia.com\/es-es\/soluciones\/rendimiento-del-producto\/#primaryimage"},"image":{"@id":"https:\/\/www.zentia.com\/es-es\/soluciones\/rendimiento-del-producto\/#primaryimage"},"thumbnailUrl":"https:\/\/www.zentia.com\/es-es\/wp-content\/uploads\/sites\/25\/2024\/01\/Zentia-Ceiling-Tile-Oplia-hA-Office.png","datePublished":"2022-03-21T14:32:20+00:00","dateModified":"2025-03-15T22:08:50+00:00","description":"Zentia proporciona paneles y l\u00e1minas de techo suspendido de alta calidad y durabilidad. Descubra online nuestras soluciones de techo suspendido y los paneles de suspensi\u00f3n. Consulte m\u00e1s informaci\u00f3n.","breadcrumb":{"@id":"https:\/\/www.zentia.com\/es-es\/soluciones\/rendimiento-del-producto\/#breadcrumb"},"inLanguage":"es","potentialAction":[{"@type":"ReadAction","target":["https:\/\/www.zentia.com\/es-es\/soluciones\/rendimiento-del-producto\/"]}]},{"@type":"ImageObject","inLanguage":"es","@id":"https:\/\/www.zentia.com\/es-es\/soluciones\/rendimiento-del-producto\/#primaryimage","url":"https:\/\/www.zentia.com\/es-es\/wp-content\/uploads\/sites\/25\/2024\/01\/Zentia-Ceiling-Tile-Oplia-hA-Office.png","contentUrl":"https:\/\/www.zentia.com\/es-es\/wp-content\/uploads\/sites\/25\/2024\/01\/Zentia-Ceiling-Tile-Oplia-hA-Office.png","width":1800,"height":1013},{"@type":"BreadcrumbList","@id":"https:\/\/www.zentia.com\/es-es\/soluciones\/rendimiento-del-producto\/#breadcrumb","itemListElement":[{"@type":"ListItem","position":1,"name":"Inicio","item":"https:\/\/www.zentia.com\/es-es\/"},{"@type":"ListItem","position":2,"name":"Nuestras soluciones","item":"https:\/\/www.zentia.com\/es-es\/soluciones\/"},{"@type":"ListItem","position":3,"name":"Rendimiento del producto"}]},{"@type":"WebSite","@id":"https:\/\/www.zentia.com\/es-es\/#website","url":"https:\/\/www.zentia.com\/es-es\/","name":"Zentia","description":"","potentialAction":[{"@type":"SearchAction","target":{"@type":"EntryPoint","urlTemplate":"https:\/\/www.zentia.com\/es-es\/?s={search_term_string}"},"query-input":{"@type":"PropertyValueSpecification","valueRequired":true,"valueName":"search_term_string"}}],"inLanguage":"es"}]}},"_links":{"self":[{"href":"https:\/\/www.zentia.com\/es-es\/wp-json\/wp\/v2\/pages\/287","targetHints":{"allow":["GET"]}}],"collection":[{"href":"https:\/\/www.zentia.com\/es-es\/wp-json\/wp\/v2\/pages"}],"about":[{"href":"https:\/\/www.zentia.com\/es-es\/wp-json\/wp\/v2\/types\/page"}],"author":[{"embeddable":true,"href":"https:\/\/www.zentia.com\/es-es\/wp-json\/wp\/v2\/users\/1"}],"replies":[{"embeddable":true,"href":"https:\/\/www.zentia.com\/es-es\/wp-json\/wp\/v2\/comments?post=287"}],"version-history":[{"count":0,"href":"https:\/\/www.zentia.com\/es-es\/wp-json\/wp\/v2\/pages\/287\/revisions"}],"up":[{"embeddable":true,"href":"https:\/\/www.zentia.com\/es-es\/wp-json\/wp\/v2\/pages\/30"}],"wp:featuredmedia":[{"embeddable":true,"href":"https:\/\/www.zentia.com\/es-es\/wp-json\/wp\/v2\/media\/7388"}],"wp:attachment":[{"href":"https:\/\/www.zentia.com\/es-es\/wp-json\/wp\/v2\/media?parent=287"}],"curies":[{"name":"wp","href":"https:\/\/api.w.org\/{rel}","templated":true}]}}