{"id":6944,"date":"2023-10-27T09:49:38","date_gmt":"2023-10-27T08:49:38","guid":{"rendered":"https:\/\/zentia1.wpenginepowered.com\/es-es\/?page_id=6944"},"modified":"2025-03-15T21:34:16","modified_gmt":"2025-03-15T21:34:16","slug":"la-familia-de-productos-prestige","status":"publish","type":"page","link":"https:\/\/www.zentia.com\/es-es\/la-familia-de-productos-prestige\/","title":{"rendered":"La familia de productos Prestige"},"content":{"rendered":"","protected":false},"excerpt":{"rendered":"","protected":false},"author":2,"featured_media":7159,"parent":0,"menu_order":0,"comment_status":"closed","ping_status":"closed","template":"","meta":{"_acf_changed":false,"footnotes":""},"class_list":["post-6944","page","type-page","status-publish","has-post-thumbnail","hentry"],"acf":[],"yoast_head":"<!-- This site is optimized with the Yoast SEO plugin v27.3 - https:\/\/yoast.com\/product\/yoast-seo-wordpress\/ -->\n<title>La familia de productos Prestige | Zentia<\/title>\n<meta name=\"description\" content=\"La familia Prestige de paneles ac\u00fasticos para techo est\u00e1 disponible en nuestro blanco m\u00e1s brillante y en otros 34 colores vibrantes. \u00a1Descubre m\u00e1s!\" \/>\n<meta name=\"robots\" content=\"index, follow, max-snippet:-1, max-image-preview:large, max-video-preview:-1\" \/>\n<link rel=\"canonical\" href=\"https:\/\/www.zentia.com\/es-es\/la-familia-de-productos-prestige\/\" \/>\n<meta property=\"og:locale\" content=\"es_ES\" \/>\n<meta property=\"og:type\" content=\"article\" \/>\n<meta property=\"og:title\" content=\"La familia de productos Prestige | Zentia\" \/>\n<meta property=\"og:description\" content=\"La familia Prestige de paneles ac\u00fasticos para techo est\u00e1 disponible en nuestro blanco m\u00e1s brillante y en otros 34 colores vibrantes. \u00a1Descubre m\u00e1s!\" \/>\n<meta property=\"og:url\" content=\"https:\/\/www.zentia.com\/es-es\/la-familia-de-productos-prestige\/\" \/>\n<meta property=\"og:site_name\" content=\"Zentia\" \/>\n<meta property=\"article:modified_time\" content=\"2025-03-15T21:34:16+00:00\" \/>\n<meta property=\"og:image\" content=\"https:\/\/www.zentia.com\/es-es\/wp-content\/uploads\/sites\/25\/2023\/10\/Zentia-Ceiling-Tile-Prestige-dB-Small-Meeting-Room-01.jpg\" \/>\n\t<meta property=\"og:image:width\" content=\"1500\" \/>\n\t<meta property=\"og:image:height\" content=\"844\" \/>\n\t<meta property=\"og:image:type\" content=\"image\/jpeg\" \/>\n<meta name=\"twitter:card\" content=\"summary_large_image\" \/>\n<meta name=\"twitter:label1\" content=\"Tiempo de lectura\" \/>\n\t<meta name=\"twitter:data1\" content=\"1 minuto\" \/>\n<script type=\"application\/ld+json\" class=\"yoast-schema-graph\">{\"@context\":\"https:\\\/\\\/schema.org\",\"@graph\":[{\"@type\":\"WebPage\",\"@id\":\"https:\\\/\\\/www.zentia.com\\\/es-es\\\/la-familia-de-productos-prestige\\\/\",\"url\":\"https:\\\/\\\/www.zentia.com\\\/es-es\\\/la-familia-de-productos-prestige\\\/\",\"name\":\"La familia de productos Prestige | Zentia\",\"isPartOf\":{\"@id\":\"https:\\\/\\\/www.zentia.com\\\/es-es\\\/#website\"},\"primaryImageOfPage\":{\"@id\":\"https:\\\/\\\/www.zentia.com\\\/es-es\\\/la-familia-de-productos-prestige\\\/#primaryimage\"},\"image\":{\"@id\":\"https:\\\/\\\/www.zentia.com\\\/es-es\\\/la-familia-de-productos-prestige\\\/#primaryimage\"},\"thumbnailUrl\":\"https:\\\/\\\/www.zentia.com\\\/es-es\\\/wp-content\\\/uploads\\\/sites\\\/25\\\/2023\\\/10\\\/Zentia-Ceiling-Tile-Prestige-dB-Small-Meeting-Room-01.jpg\",\"datePublished\":\"2023-10-27T08:49:38+00:00\",\"dateModified\":\"2025-03-15T21:34:16+00:00\",\"description\":\"La familia Prestige de paneles ac\u00fasticos para techo est\u00e1 disponible en nuestro blanco m\u00e1s brillante y en otros 34 colores vibrantes. \u00a1Descubre m\u00e1s!\",\"breadcrumb\":{\"@id\":\"https:\\\/\\\/www.zentia.com\\\/es-es\\\/la-familia-de-productos-prestige\\\/#breadcrumb\"},\"inLanguage\":\"es\",\"potentialAction\":[{\"@type\":\"ReadAction\",\"target\":[\"https:\\\/\\\/www.zentia.com\\\/es-es\\\/la-familia-de-productos-prestige\\\/\"]}]},{\"@type\":\"ImageObject\",\"inLanguage\":\"es\",\"@id\":\"https:\\\/\\\/www.zentia.com\\\/es-es\\\/la-familia-de-productos-prestige\\\/#primaryimage\",\"url\":\"https:\\\/\\\/www.zentia.com\\\/es-es\\\/wp-content\\\/uploads\\\/sites\\\/25\\\/2023\\\/10\\\/Zentia-Ceiling-Tile-Prestige-dB-Small-Meeting-Room-01.jpg\",\"contentUrl\":\"https:\\\/\\\/www.zentia.com\\\/es-es\\\/wp-content\\\/uploads\\\/sites\\\/25\\\/2023\\\/10\\\/Zentia-Ceiling-Tile-Prestige-dB-Small-Meeting-Room-01.jpg\",\"width\":1500,\"height\":844},{\"@type\":\"BreadcrumbList\",\"@id\":\"https:\\\/\\\/www.zentia.com\\\/es-es\\\/la-familia-de-productos-prestige\\\/#breadcrumb\",\"itemListElement\":[{\"@type\":\"ListItem\",\"position\":1,\"name\":\"Inicio\",\"item\":\"https:\\\/\\\/www.zentia.com\\\/es-es\\\/\"},{\"@type\":\"ListItem\",\"position\":2,\"name\":\"La familia de productos Prestige\"}]},{\"@type\":\"WebSite\",\"@id\":\"https:\\\/\\\/www.zentia.com\\\/es-es\\\/#website\",\"url\":\"https:\\\/\\\/www.zentia.com\\\/es-es\\\/\",\"name\":\"Zentia\",\"description\":\"\",\"potentialAction\":[{\"@type\":\"SearchAction\",\"target\":{\"@type\":\"EntryPoint\",\"urlTemplate\":\"https:\\\/\\\/www.zentia.com\\\/es-es\\\/?s={search_term_string}\"},\"query-input\":{\"@type\":\"PropertyValueSpecification\",\"valueRequired\":true,\"valueName\":\"search_term_string\"}}],\"inLanguage\":\"es\"}]}<\/script>\n<!-- \/ Yoast SEO plugin. -->","yoast_head_json":{"title":"La familia de productos Prestige | Zentia","description":"La familia Prestige de paneles ac\u00fasticos para techo est\u00e1 disponible en nuestro blanco m\u00e1s brillante y en otros 34 colores vibrantes. \u00a1Descubre m\u00e1s!","robots":{"index":"index","follow":"follow","max-snippet":"max-snippet:-1","max-image-preview":"max-image-preview:large","max-video-preview":"max-video-preview:-1"},"canonical":"https:\/\/www.zentia.com\/es-es\/la-familia-de-productos-prestige\/","og_locale":"es_ES","og_type":"article","og_title":"La familia de productos Prestige | Zentia","og_description":"La familia Prestige de paneles ac\u00fasticos para techo est\u00e1 disponible en nuestro blanco m\u00e1s brillante y en otros 34 colores vibrantes. \u00a1Descubre m\u00e1s!","og_url":"https:\/\/www.zentia.com\/es-es\/la-familia-de-productos-prestige\/","og_site_name":"Zentia","article_modified_time":"2025-03-15T21:34:16+00:00","og_image":[{"width":1500,"height":844,"url":"https:\/\/www.zentia.com\/es-es\/wp-content\/uploads\/sites\/25\/2023\/10\/Zentia-Ceiling-Tile-Prestige-dB-Small-Meeting-Room-01.jpg","type":"image\/jpeg"}],"twitter_card":"summary_large_image","twitter_misc":{"Tiempo de lectura":"1 minuto"},"schema":{"@context":"https:\/\/schema.org","@graph":[{"@type":"WebPage","@id":"https:\/\/www.zentia.com\/es-es\/la-familia-de-productos-prestige\/","url":"https:\/\/www.zentia.com\/es-es\/la-familia-de-productos-prestige\/","name":"La familia de productos Prestige | Zentia","isPartOf":{"@id":"https:\/\/www.zentia.com\/es-es\/#website"},"primaryImageOfPage":{"@id":"https:\/\/www.zentia.com\/es-es\/la-familia-de-productos-prestige\/#primaryimage"},"image":{"@id":"https:\/\/www.zentia.com\/es-es\/la-familia-de-productos-prestige\/#primaryimage"},"thumbnailUrl":"https:\/\/www.zentia.com\/es-es\/wp-content\/uploads\/sites\/25\/2023\/10\/Zentia-Ceiling-Tile-Prestige-dB-Small-Meeting-Room-01.jpg","datePublished":"2023-10-27T08:49:38+00:00","dateModified":"2025-03-15T21:34:16+00:00","description":"La familia Prestige de paneles ac\u00fasticos para techo est\u00e1 disponible en nuestro blanco m\u00e1s brillante y en otros 34 colores vibrantes. \u00a1Descubre m\u00e1s!","breadcrumb":{"@id":"https:\/\/www.zentia.com\/es-es\/la-familia-de-productos-prestige\/#breadcrumb"},"inLanguage":"es","potentialAction":[{"@type":"ReadAction","target":["https:\/\/www.zentia.com\/es-es\/la-familia-de-productos-prestige\/"]}]},{"@type":"ImageObject","inLanguage":"es","@id":"https:\/\/www.zentia.com\/es-es\/la-familia-de-productos-prestige\/#primaryimage","url":"https:\/\/www.zentia.com\/es-es\/wp-content\/uploads\/sites\/25\/2023\/10\/Zentia-Ceiling-Tile-Prestige-dB-Small-Meeting-Room-01.jpg","contentUrl":"https:\/\/www.zentia.com\/es-es\/wp-content\/uploads\/sites\/25\/2023\/10\/Zentia-Ceiling-Tile-Prestige-dB-Small-Meeting-Room-01.jpg","width":1500,"height":844},{"@type":"BreadcrumbList","@id":"https:\/\/www.zentia.com\/es-es\/la-familia-de-productos-prestige\/#breadcrumb","itemListElement":[{"@type":"ListItem","position":1,"name":"Inicio","item":"https:\/\/www.zentia.com\/es-es\/"},{"@type":"ListItem","position":2,"name":"La familia de productos Prestige"}]},{"@type":"WebSite","@id":"https:\/\/www.zentia.com\/es-es\/#website","url":"https:\/\/www.zentia.com\/es-es\/","name":"Zentia","description":"","potentialAction":[{"@type":"SearchAction","target":{"@type":"EntryPoint","urlTemplate":"https:\/\/www.zentia.com\/es-es\/?s={search_term_string}"},"query-input":{"@type":"PropertyValueSpecification","valueRequired":true,"valueName":"search_term_string"}}],"inLanguage":"es"}]}},"_links":{"self":[{"href":"https:\/\/www.zentia.com\/es-es\/wp-json\/wp\/v2\/pages\/6944","targetHints":{"allow":["GET"]}}],"collection":[{"href":"https:\/\/www.zentia.com\/es-es\/wp-json\/wp\/v2\/pages"}],"about":[{"href":"https:\/\/www.zentia.com\/es-es\/wp-json\/wp\/v2\/types\/page"}],"author":[{"embeddable":true,"href":"https:\/\/www.zentia.com\/es-es\/wp-json\/wp\/v2\/users\/2"}],"replies":[{"embeddable":true,"href":"https:\/\/www.zentia.com\/es-es\/wp-json\/wp\/v2\/comments?post=6944"}],"version-history":[{"count":0,"href":"https:\/\/www.zentia.com\/es-es\/wp-json\/wp\/v2\/pages\/6944\/revisions"}],"wp:featuredmedia":[{"embeddable":true,"href":"https:\/\/www.zentia.com\/es-es\/wp-json\/wp\/v2\/media\/7159"}],"wp:attachment":[{"href":"https:\/\/www.zentia.com\/es-es\/wp-json\/wp\/v2\/media?parent=6944"}],"curies":[{"name":"wp","href":"https:\/\/api.w.org\/{rel}","templated":true}]}}