{"id":7577,"date":"2024-03-14T09:35:55","date_gmt":"2024-03-14T09:35:55","guid":{"rendered":"https:\/\/www.zentia.com\/es-es\/?page_id=7577"},"modified":"2025-07-01T09:04:02","modified_gmt":"2025-07-01T08:04:02","slug":"la-familia-gridline","status":"publish","type":"page","link":"https:\/\/www.zentia.com\/es-es\/la-familia-gridline\/","title":{"rendered":"La Familia Gridline"},"content":{"rendered":"","protected":false},"excerpt":{"rendered":"","protected":false},"author":2,"featured_media":0,"parent":0,"menu_order":0,"comment_status":"closed","ping_status":"closed","template":"","meta":{"_acf_changed":false,"footnotes":""},"class_list":["post-7577","page","type-page","status-publish","hentry"],"acf":[],"yoast_head":"<!-- This site is optimized with the Yoast SEO plugin v27.3 - https:\/\/yoast.com\/product\/yoast-seo-wordpress\/ -->\n<title>La Familia Gridline | Zentia<\/title>\n<meta name=\"description\" content=\"Te presentamos Gridline, la estilizada rejilla para techo suspendido de Zentia. Con un nuevo e innovador dise\u00f1o de clip y un rendimiento t\u00e9cnico mejorado. Aprende m\u00e1s.\" \/>\n<meta name=\"robots\" content=\"index, follow, max-snippet:-1, max-image-preview:large, max-video-preview:-1\" \/>\n<link rel=\"canonical\" href=\"https:\/\/www.zentia.com\/es-es\/la-familia-gridline\/\" \/>\n<meta property=\"og:locale\" content=\"es_ES\" \/>\n<meta property=\"og:type\" content=\"article\" \/>\n<meta property=\"og:title\" content=\"La Familia Gridline | Zentia\" \/>\n<meta property=\"og:description\" content=\"Te presentamos Gridline, la estilizada rejilla para techo suspendido de Zentia. Con un nuevo e innovador dise\u00f1o de clip y un rendimiento t\u00e9cnico mejorado. Aprende m\u00e1s.\" \/>\n<meta property=\"og:url\" content=\"https:\/\/www.zentia.com\/es-es\/la-familia-gridline\/\" \/>\n<meta property=\"og:site_name\" content=\"Zentia\" \/>\n<meta property=\"article:modified_time\" content=\"2025-07-01T08:04:02+00:00\" \/>\n<meta name=\"twitter:card\" content=\"summary_large_image\" \/>\n<script type=\"application\/ld+json\" class=\"yoast-schema-graph\">{\"@context\":\"https:\\\/\\\/schema.org\",\"@graph\":[{\"@type\":\"WebPage\",\"@id\":\"https:\\\/\\\/www.zentia.com\\\/es-es\\\/la-familia-gridline\\\/\",\"url\":\"https:\\\/\\\/www.zentia.com\\\/es-es\\\/la-familia-gridline\\\/\",\"name\":\"La Familia Gridline | Zentia\",\"isPartOf\":{\"@id\":\"https:\\\/\\\/www.zentia.com\\\/es-es\\\/#website\"},\"datePublished\":\"2024-03-14T09:35:55+00:00\",\"dateModified\":\"2025-07-01T08:04:02+00:00\",\"description\":\"Te presentamos Gridline, la estilizada rejilla para techo suspendido de Zentia. Con un nuevo e innovador dise\u00f1o de clip y un rendimiento t\u00e9cnico mejorado. Aprende m\u00e1s.\",\"breadcrumb\":{\"@id\":\"https:\\\/\\\/www.zentia.com\\\/es-es\\\/la-familia-gridline\\\/#breadcrumb\"},\"inLanguage\":\"es\",\"potentialAction\":[{\"@type\":\"ReadAction\",\"target\":[\"https:\\\/\\\/www.zentia.com\\\/es-es\\\/la-familia-gridline\\\/\"]}]},{\"@type\":\"BreadcrumbList\",\"@id\":\"https:\\\/\\\/www.zentia.com\\\/es-es\\\/la-familia-gridline\\\/#breadcrumb\",\"itemListElement\":[{\"@type\":\"ListItem\",\"position\":1,\"name\":\"Inicio\",\"item\":\"https:\\\/\\\/www.zentia.com\\\/es-es\\\/\"},{\"@type\":\"ListItem\",\"position\":2,\"name\":\"La Familia Gridline\"}]},{\"@type\":\"WebSite\",\"@id\":\"https:\\\/\\\/www.zentia.com\\\/es-es\\\/#website\",\"url\":\"https:\\\/\\\/www.zentia.com\\\/es-es\\\/\",\"name\":\"Zentia\",\"description\":\"\",\"potentialAction\":[{\"@type\":\"SearchAction\",\"target\":{\"@type\":\"EntryPoint\",\"urlTemplate\":\"https:\\\/\\\/www.zentia.com\\\/es-es\\\/?s={search_term_string}\"},\"query-input\":{\"@type\":\"PropertyValueSpecification\",\"valueRequired\":true,\"valueName\":\"search_term_string\"}}],\"inLanguage\":\"es\"}]}<\/script>\n<!-- \/ Yoast SEO plugin. -->","yoast_head_json":{"title":"La Familia Gridline | Zentia","description":"Te presentamos Gridline, la estilizada rejilla para techo suspendido de Zentia. Con un nuevo e innovador dise\u00f1o de clip y un rendimiento t\u00e9cnico mejorado. Aprende m\u00e1s.","robots":{"index":"index","follow":"follow","max-snippet":"max-snippet:-1","max-image-preview":"max-image-preview:large","max-video-preview":"max-video-preview:-1"},"canonical":"https:\/\/www.zentia.com\/es-es\/la-familia-gridline\/","og_locale":"es_ES","og_type":"article","og_title":"La Familia Gridline | Zentia","og_description":"Te presentamos Gridline, la estilizada rejilla para techo suspendido de Zentia. Con un nuevo e innovador dise\u00f1o de clip y un rendimiento t\u00e9cnico mejorado. Aprende m\u00e1s.","og_url":"https:\/\/www.zentia.com\/es-es\/la-familia-gridline\/","og_site_name":"Zentia","article_modified_time":"2025-07-01T08:04:02+00:00","twitter_card":"summary_large_image","schema":{"@context":"https:\/\/schema.org","@graph":[{"@type":"WebPage","@id":"https:\/\/www.zentia.com\/es-es\/la-familia-gridline\/","url":"https:\/\/www.zentia.com\/es-es\/la-familia-gridline\/","name":"La Familia Gridline | Zentia","isPartOf":{"@id":"https:\/\/www.zentia.com\/es-es\/#website"},"datePublished":"2024-03-14T09:35:55+00:00","dateModified":"2025-07-01T08:04:02+00:00","description":"Te presentamos Gridline, la estilizada rejilla para techo suspendido de Zentia. Con un nuevo e innovador dise\u00f1o de clip y un rendimiento t\u00e9cnico mejorado. Aprende m\u00e1s.","breadcrumb":{"@id":"https:\/\/www.zentia.com\/es-es\/la-familia-gridline\/#breadcrumb"},"inLanguage":"es","potentialAction":[{"@type":"ReadAction","target":["https:\/\/www.zentia.com\/es-es\/la-familia-gridline\/"]}]},{"@type":"BreadcrumbList","@id":"https:\/\/www.zentia.com\/es-es\/la-familia-gridline\/#breadcrumb","itemListElement":[{"@type":"ListItem","position":1,"name":"Inicio","item":"https:\/\/www.zentia.com\/es-es\/"},{"@type":"ListItem","position":2,"name":"La Familia Gridline"}]},{"@type":"WebSite","@id":"https:\/\/www.zentia.com\/es-es\/#website","url":"https:\/\/www.zentia.com\/es-es\/","name":"Zentia","description":"","potentialAction":[{"@type":"SearchAction","target":{"@type":"EntryPoint","urlTemplate":"https:\/\/www.zentia.com\/es-es\/?s={search_term_string}"},"query-input":{"@type":"PropertyValueSpecification","valueRequired":true,"valueName":"search_term_string"}}],"inLanguage":"es"}]}},"_links":{"self":[{"href":"https:\/\/www.zentia.com\/es-es\/wp-json\/wp\/v2\/pages\/7577","targetHints":{"allow":["GET"]}}],"collection":[{"href":"https:\/\/www.zentia.com\/es-es\/wp-json\/wp\/v2\/pages"}],"about":[{"href":"https:\/\/www.zentia.com\/es-es\/wp-json\/wp\/v2\/types\/page"}],"author":[{"embeddable":true,"href":"https:\/\/www.zentia.com\/es-es\/wp-json\/wp\/v2\/users\/2"}],"replies":[{"embeddable":true,"href":"https:\/\/www.zentia.com\/es-es\/wp-json\/wp\/v2\/comments?post=7577"}],"version-history":[{"count":0,"href":"https:\/\/www.zentia.com\/es-es\/wp-json\/wp\/v2\/pages\/7577\/revisions"}],"wp:attachment":[{"href":"https:\/\/www.zentia.com\/es-es\/wp-json\/wp\/v2\/media?parent=7577"}],"curies":[{"name":"wp","href":"https:\/\/api.w.org\/{rel}","templated":true}]}}