{"id":4711,"date":"2022-07-21T09:51:37","date_gmt":"2022-07-21T08:51:37","guid":{"rendered":"https:\/\/zentia.mediaworksdev.co.uk\/en-gb\/solutions\/products\/%product-type%\/academy-diploma\/"},"modified":"2025-06-09T11:05:57","modified_gmt":"2025-06-09T10:05:57","slug":"arena","status":"publish","type":"product","link":"https:\/\/www.zentia.com\/es-es\/soluciones\/productos\/paneles-de-techo\/arena\/","title":{"rendered":"Arena"},"featured_media":0,"parent":0,"template":"","product-type":[652],"class_list":["post-4711","product","type-product","status-publish","hentry","product-type-paneles-de-techo","edge-detail-board","edge-detail-tegular15","edge-detail-tegular24","sound-absorption-class-c","sound-reduction-813","product-colour-white","product-sizes-1200mm-l-x-600mm-w-x-14mm-t","product-sizes-600mm-l-x-600mm-w-x-14mm-t","sound-absorption-alpha-0-6","sound-absorption-nrc-0-55","sound-attentuation-819","solution-finder-toggle-x","recycled-content-0-47","humidity-resistance-0-95","cleanroom-classification-822"],"acf":{"hero":{"title":"Arena","sub_label":"","introduction":"Con una superficie granulada fina, consigue un rendimiento ac\u00fastico bien equilibrado. Arena est\u00e1 disponible en tres tipos de borde diferentes. Se puede especificar para una amplia gama de interiores, desde oficinas de planta abierta hasta entornos educativos, y se puede utilizar tanto en proyectos de nueva construcci\u00f3n como de rehabilitaci\u00f3n. Fabricado en el Reino Unido los tendr\u00e1 siempre disponibles a trav\u00e9s de nuestros Distribuidores. Arena es un techo modular econ\u00f3mico y fiable.","introduction_short":"","gallery":[8310],"datasheet":6656,"video_url":"","space_bottom":true},"images":null,"product_variant_alt_toggle":false,"product_variant":[{"edge_detail":"Board","product_image":"","variant_information":"Los mosaicos de borde de tablero Arena tienen bordes planos y cuadrados que exponen completamente una suspensi\u00f3n de techo est\u00e1ndar.","variant_additional_information":"","sub_variants":[{"edge_detail":"Board","images":[{"image":8309},{"image":8310},{"image":8304}],"cls_item_number":"BP2539M3B","cls_description":"Arena Board","shortcode":"2539M","dimensions":"600mm (L) x 600mm (W) x 14mm (T)","colour_text":"White","colour_select":[],"surface_sifyb":"Arena","recyclable":"S\u00ed","recycled_content":"47%","recyclable_through_zentia":"","cleanability_types":"Pa\u00f1o seco, cepillo suave o esponja h\u00fameda","clean_room_classification":"-","cradle_two_cradle_certification":"-","durability":"-","humidity_resistance_rh":"95%","light_reflectance":"84%","fire_reaction_en135011":"A2-s1,d0","iac_level":"-","material":"","rout_slot_spacing_and_uom":"","cross_tee_main_runner_interface":"","corrosive_resistant":"","fire_performance":"","clean_room":"","end_detail":"","formaldehyde_emissions":"E1","low_voc_emissions":"A","sound_absorption":"0.6","sound_absorption_class":"C","sound_reduction_index":"-","sound_attenuation":"32","sound_absorption_nrc":"0.55","compatible_grid_product_code":"BP312021A~BP312021BKA~BP312021SGA~BP312021WRA~BP313051B~BP313051BKB~BP313051SGB~BP313051WRB~BP314032A~BP314032BKA~BP314032SGA~BP314032WRA~BP092031~BP092031BK~BP092031SG~BP092031WR~BP093031~BP093031BK~BP093031SG~BP093031WR~BP093632~BP314032A~BP314032BKA~BP314032SGA~BP314032WRA~BPBERC2~BPES4~BPSJCG~BPSJMR15","floating_ceiling_frame_product_code":"BPAX22G24~BPAX32G24~BPAX33G24~BPAX42G24~BPAX43G24~BPAX44G24~BPAX52G24~BPAX53G24~BPAX54G24~BPAX55G24~BPCSAK22G24~BPCSAK32G24~BPCSAK33G24~BPCSAK42G24~BPCSAK43G24~BPCSAK44G24~BPCSAK52G24~BPCSAK53G24~BPCSAK54G24~BPCSAK55G24~BPCSAL32G24~BPCSAL33G24~BPCSAL42G24~BPCSAL43G24~BPCSAL44G24","installation_accessories":"","accessories":[{"code":""}]},{"edge_detail":"Board","images":[{"image":8309},{"image":8310},{"image":8304}],"cls_item_number":"BP2543M3B","cls_description":"Arena Board","shortcode":"2543M","dimensions":"1200mm (L) x 600mm (W) x 14mm (T)","colour_text":"White","colour_select":[],"surface_sifyb":"Arena","recyclable":"S\u00ed","recycled_content":"47%","recyclable_through_zentia":"","cleanability_types":"Pa\u00f1o seco, cepillo suave o esponja h\u00fameda","clean_room_classification":"-","cradle_two_cradle_certification":"-","durability":"-","humidity_resistance_rh":"95%","light_reflectance":"84%","fire_reaction_en135011":"A2-s1,d0","iac_level":"-","material":"","rout_slot_spacing_and_uom":"","cross_tee_main_runner_interface":"","corrosive_resistant":"","fire_performance":"","clean_room":"","end_detail":"","formaldehyde_emissions":"E1","low_voc_emissions":"A","sound_absorption":"0.6","sound_absorption_class":"C","sound_reduction_index":"-","sound_attenuation":"32","sound_absorption_nrc":"0.55","compatible_grid_product_code":"BP312021A~BP312021BKA~BP312021SGA~BP312021WRA~BP313051B~BP313051BKB~BP313051SGB~BP313051WRB~BP314032A~BP314032BKA~BP314032SGA~BP314032WRA~BP092031~BP092031BK~BP092031SG~BP092031WR~BP093031~BP093031BK~BP093031SG~BP093031WR~BP093632~BP314032A~BP314032BKA~BP314032SGA~BP314032WRA","floating_ceiling_frame_product_code":"BPAX22G24~BPAX32G24~BPAX33G24~BPAX42G24~BPAX43G24~BPAX44G24~BPAX52G24~BPAX53G24~BPAX54G24~BPAX55G24~BPCSAK22G24~BPCSAK32G24~BPCSAK33G24~BPCSAK42G24~BPCSAK43G24~BPCSAK44G24~BPCSAK52G24~BPCSAK53G24~BPCSAK54G24~BPCSAK55G24~BPCSAL32G24~BPCSAL33G24~BPCSAL42G24~BPCSAL43G24~BPCSAL44G24","installation_accessories":"","accessories":[{"code":""}]}],"override_related_items":false,"related_project_gallery":null,"related_faqs":null,"related_products":null,"related_documents_and_downloads":null,"download_all_documents":null},{"edge_detail":"Tegular24","product_image":"","variant_information":"Los mosaicos Arena se pueden pedir con un borde Tegular24. Este detalle de borde rebajado deja caer ligeramente la loseta del techo debajo de una suspensi\u00f3n de techo est\u00e1ndar, creando una imagen semibiselada en todo el techo.","variant_additional_information":"","sub_variants":[{"edge_detail":"Tegular24","images":[{"image":8306},{"image":8307},{"image":8308}],"cls_item_number":"BP2541M3B","cls_description":"Arena Tegular24","shortcode":"2541M","dimensions":"600mm (L) x 600mm (W) x 14mm (T)","colour_text":"White","colour_select":[],"surface_sifyb":"Arena","recyclable":"S\u00ed","recycled_content":"47%","recyclable_through_zentia":"","cleanability_types":"Pa\u00f1o seco, cepillo suave o esponja h\u00fameda","clean_room_classification":"-","cradle_two_cradle_certification":"-","durability":"-","humidity_resistance_rh":"95%","light_reflectance":"84%","fire_reaction_en135011":"A2-s1,d0","iac_level":"-","material":"","rout_slot_spacing_and_uom":"","cross_tee_main_runner_interface":"","corrosive_resistant":"","fire_performance":"","clean_room":"","end_detail":"","formaldehyde_emissions":"E1","low_voc_emissions":"A","sound_absorption":"0.6","sound_absorption_class":"C","sound_reduction_index":"-","sound_attenuation":"32","sound_absorption_nrc":"0.55","compatible_grid_product_code":"BP312021A~BP312021BKA~BP312021SGA~BP312021WRA~BP313051B~BP313051BKB~BP313051SGB~BP313051WRB~BP314032A~BP314032BKA~BP314032SGA~BP314032WRA~BP092031~BP092031BK~BP092031SG~BP092031WR~BP093031~BP093031BK~BP093031SG~BP093031WR~BP093632~BP314032A~BP314032BKA~BP314032SGA~BP314032WRA~BPBERC2~BPES4~BPSJCG~BPSJMR15","floating_ceiling_frame_product_code":"BPAX22G24~BPAX32G24~BPAX33G24~BPAX42G24~BPAX43G24~BPAX44G24~BPAX52G24~BPAX53G24~BPAX54G24~BPAX55G24~BPCSACI33G24~BPCSACI44G24~BPCSACU43G24~BPCSACU44G24~BPCSACU53G24~BPCSACU55G24~BPCSAK22G24~BPCSAK32G24~BPCSAK33G24~BPCSAK42G24~BPCSAK43G24~BPCSAK44G24~BPCSAK52G24~BPCSAK53G24~BPCSAK54G24~BPCSAK55G24~BPCSAL32G24~BPCSAL33G24~BPCSAL42G24~BPCSAL43G24~BPCSAL44G24","installation_accessories":"","accessories":[{"code":""}]}],"override_related_items":false,"related_project_gallery":null,"related_faqs":null,"related_products":null,"related_documents_and_downloads":null,"download_all_documents":null},{"edge_detail":"Tegular15","product_image":"","variant_information":"Elija los paneles Arena con un borde Tegular15, un detalle de borde de corte cuadrado que deja caer ligeramente los paneles del techo por debajo de una rejilla de techo est\u00e1ndar, ocultando parcialmente el dise\u00f1o de la rejilla y creando un efecto sombreado.","variant_additional_information":"","sub_variants":[{"edge_detail":"Tegular15","images":[{"image":8305}],"cls_item_number":"BP2542M3B","cls_description":"Arena Tegular15","shortcode":"2542M","dimensions":"600mm (L) x 600mm (W) x 14mm (T)","colour_text":"White","colour_select":[],"surface_sifyb":"Arena","recyclable":"S\u00ed","recycled_content":"47%","recyclable_through_zentia":"","cleanability_types":"Pa\u00f1o seco, cepillo suave o esponja h\u00fameda","clean_room_classification":"-","cradle_two_cradle_certification":"-","durability":"-","humidity_resistance_rh":"95%","light_reflectance":"84%","fire_reaction_en135011":"A2-s1,d0","iac_level":"-","material":"","rout_slot_spacing_and_uom":"","cross_tee_main_runner_interface":"","corrosive_resistant":"","fire_performance":"","clean_room":"","end_detail":"","formaldehyde_emissions":"E1","low_voc_emissions":"A","sound_absorption":"0.6","sound_absorption_class":"C","sound_reduction_index":"-","sound_attenuation":"32","sound_absorption_nrc":"0.55","compatible_grid_product_code":"BP102033A~BP102033BKA~BP102033SGA~BP102033WRA~BP103033A~BP103033BKA~BP103033SGA~BP103033WRA~BP103633A~BP302033B~BP302033BKB~BP302033SGB~BP302033WRB~BP303033B~BP303033BKB~BP303033SGB~BP303033WRB~BP303632","floating_ceiling_frame_product_code":"BPAX22G15~BPAX32G15~BPAX33G15~BPAX42G15~BPAX43G15~BPAX44G15~BPAX52G15~BPAX53G15~BPAX54G15~BPAX55G15~BPCSAK22G15~BPCSAK32G15~BPCSAK33G15~BPCSAK42G15~BPCSAK43G15~BPCSAK44G15~BPCSAK52G15~BPCSAK53G15~BPCSAK54G15~BPCSAK55G15","installation_accessories":"","accessories":[{"code":""}]}],"override_related_items":false,"related_project_gallery":null,"related_faqs":null,"related_products":null,"related_documents_and_downloads":null,"download_all_documents":null}],"import_data":"Board,Tegular,MicroLook,Board::BP2539M3A,BP2541M3A,BP2542M3A,BP2543M3A::2539M,2541M,2542M,2543M::Diploma Board,Diploma Tegular,Diploma MicroLook,Diploma Board::600mm (L) x 600mm (W) x 14mm (T),600mm (L) x 600mm (W) x 14mm (T),600mm (L) x 600mm (W) x 14mm (T),1200mm (L) x 600mm (W) x 14mm (T)::White,White,White,White::Diploma,Diploma,Diploma,Diploma::0.6,0.6,0.6,0.6::C,C,C,C::32,32,32,32::-,-,-,-::0.55,0.55,0.55,0.55::0.84,0.84,0.84,0.84::0.47,0.47,0.47,0.47::0.95,0.95,0.95,0.95::-,-,-,-::-,-,-,-::-,-,-,-::Dry cloth \/ Soft brush, Damp sponge,Dry cloth \/ Soft brush, Damp sponge,Dry cloth \/ Soft brush, Damp sponge,Dry cloth \/ Soft brush, Damp sponge::-,-,-,-::E1,E1,E1,E1::A,A,A,A::0.47,0.47,0.47,0.47::Yes,Yes,Yes,Yes::A2-s1,d0,A2-s1,d0,A2-s1,d0,A2-s1,d0::BP312021A~BP312021BKA~BP312021SGA~BP312021WRA~BP313051B~BP313051BKB~BP313051SGB~BP313051WRB~BP314032A~BP314032BKA~BP314032SGA~BP314032WRA~BP092031~BP092031BK~BP092031SG~BP092031WR~BP093031~BP093031BK~BP093031SG~BP093031WR~BP093632~BP314032A~BP314032BKA~BP314032SGA~BP314032WRA~BPBERC2~BPES4~BPSJCG~BPSJMR15,BP312021A~BP312021BKA~BP312021SGA~BP312021WRA~BP313051B~BP313051BKB~BP313051SGB~BP313051WRB~BP314032A~BP314032BKA~BP314032SGA~BP314032WRA~BP092031~BP092031BK~BP092031SG~BP092031WR~BP093031~BP093031BK~BP093031SG~BP093031WR~BP093632~BP314032A~BP314032BKA~BP314032SGA~BP314032WRA~BPBERC2~BPES4~BPSJCG~BPSJMR15,BP102033A~BP102033BKA~BP102033SGA~BP102033WRA~BP103033A~BP103033BKA~BP103033SGA~BP103033WRA~BP103633A~BP302033B~BP302033BKB~BP302033SGB~BP302033WRB~BP303033B~BP303033BKB~BP303033SGB~BP303033WRB~BP303632,BP312021A~BP312021BKA~BP312021SGA~BP312021WRA~BP313051B~BP313051BKB~BP313051SGB~BP313051WRB~BP314032A~BP314032BKA~BP314032SGA~BP314032WRA~BP092031~BP092031BK~BP092031SG~BP092031WR~BP093031~BP093031BK~BP093031SG~BP093031WR~BP093632~BP314032A~BP314032BKA~BP314032SGA~BP314032WRA::BPAX22G24~BPAX32G24~BPAX33G24~BPAX42G24~BPAX43G24~BPAX44G24~BPAX52G24~BPAX53G24~BPAX54G24~BPAX55G24~BPCSAK22G24~BPCSAK32G24~BPCSAK33G24~BPCSAK42G24~BPCSAK43G24~BPCSAK44G24~BPCSAK52G24~BPCSAK53G24~BPCSAK54G24~BPCSAK55G24~BPCSAL32G24~BPCSAL33G24~BPCSAL42G24~BPCSAL43G24~BPCSAL44G24,BPAX22G24~BPAX32G24~BPAX33G24~BPAX42G24~BPAX43G24~BPAX44G24~BPAX52G24~BPAX53G24~BPAX54G24~BPAX55G24~BPCSACI33G24~BPCSACI44G24~BPCSACU43G24~BPCSACU44G24~BPCSACU53G24~BPCSACU55G24~BPCSAK22G24~BPCSAK32G24~BPCSAK33G24~BPCSAK42G24~BPCSAK43G24~BPCSAK44G24~BPCSAK52G24~BPCSAK53G24~BPCSAK54G24~BPCSAK55G24~BPCSAL32G24~BPCSAL33G24~BPCSAL42G24~BPCSAL43G24~BPCSAL44G24,BPAX22G15~BPAX32G15~BPAX33G15~BPAX42G15~BPAX43G15~BPAX44G15~BPAX52G15~BPAX53G15~BPAX54G15~BPAX55G15~BPCSAK22G15~BPCSAK32G15~BPCSAK33G15~BPCSAK42G15~BPCSAK43G15~BPCSAK44G15~BPCSAK52G15~BPCSAK53G15~BPCSAK54G15~BPCSAK55G15,BPAX22G24~BPAX32G24~BPAX33G24~BPAX42G24~BPAX43G24~BPAX44G24~BPAX52G24~BPAX53G24~BPAX54G24~BPAX55G24~BPCSAK22G24~BPCSAK32G24~BPCSAK33G24~BPCSAK42G24~BPCSAK43G24~BPCSAK44G24~BPCSAK52G24~BPCSAK53G24~BPCSAK54G24~BPCSAK55G24~BPCSAL32G24~BPCSAL33G24~BPCSAL42G24~BPCSAL43G24~BPCSAL44G24::Zentia Academy Diploma Board angle.jpg,Zentia Academy Diploma Tegular angle.jpg,Zentia Academy Diploma Microlook angle.jpg,Zentia Academy Diploma Board angle.jpg","file_label":"Descargar ficha t\u00e9cnica","file":8544,"warranties":null,"product_manuals":null,"nbs":"","documents_downloads_title":"","related_documents_and_downloads":"","download_bim":"","download_all_documents":"","listing_label":"","solution_finder_toggle":false,"solution_finder_intro":"","solution_finder_points":null,"template":{"":null,"related_project_gallery":[8539],"template_faq":"","space_bottom":false,"related_products_title":"","related_products":[4738,4725,4721,8098],"hide_form":false}},"yoast_head":"<!-- This site is optimized with the Yoast SEO plugin v27.4 - https:\/\/yoast.com\/product\/yoast-seo-wordpress\/ -->\n<title>Arena (anteriormente conocido como Academy Diplomaons | Zentia<\/title>\n<meta name=\"description\" content=\"Con una superficie granulada fina, consigue un rendimiento ac\u00fastico bien equilibrado. Arena est\u00e1 disponible en tres tipos de borde diferentes.\" \/>\n<meta name=\"robots\" content=\"index, follow, max-snippet:-1, max-image-preview:large, max-video-preview:-1\" \/>\n<link rel=\"canonical\" href=\"https:\/\/www.zentia.com\/es-es\/soluciones\/productos\/paneles-de-techo\/arena\/\" \/>\n<meta property=\"og:locale\" content=\"es_ES\" \/>\n<meta property=\"og:type\" content=\"article\" \/>\n<meta property=\"og:title\" content=\"Arena (anteriormente conocido como Academy Diplomaons | Zentia\" \/>\n<meta property=\"og:description\" content=\"Con una superficie granulada fina, consigue un rendimiento ac\u00fastico bien equilibrado. Arena est\u00e1 disponible en tres tipos de borde diferentes.\" \/>\n<meta property=\"og:url\" content=\"https:\/\/www.zentia.com\/es-es\/soluciones\/productos\/paneles-de-techo\/arena\/\" \/>\n<meta property=\"og:site_name\" content=\"Zentia\" \/>\n<meta property=\"article:modified_time\" content=\"2025-06-09T10:05:57+00:00\" \/>\n<meta name=\"twitter:card\" content=\"summary_large_image\" \/>\n<script type=\"application\/ld+json\" class=\"yoast-schema-graph\">{\"@context\":\"https:\\\/\\\/schema.org\",\"@graph\":[{\"@type\":\"WebPage\",\"@id\":\"https:\\\/\\\/www.zentia.com\\\/es-es\\\/soluciones\\\/productos\\\/paneles-de-techo\\\/arena\\\/\",\"url\":\"https:\\\/\\\/www.zentia.com\\\/es-es\\\/soluciones\\\/productos\\\/paneles-de-techo\\\/arena\\\/\",\"name\":\"Arena (anteriormente conocido como Academy Diplomaons | Zentia\",\"isPartOf\":{\"@id\":\"https:\\\/\\\/www.zentia.com\\\/es-es\\\/#website\"},\"datePublished\":\"2022-07-21T08:51:37+00:00\",\"dateModified\":\"2025-06-09T10:05:57+00:00\",\"description\":\"Con una superficie granulada fina, consigue un rendimiento ac\u00fastico bien equilibrado. Arena est\u00e1 disponible en tres tipos de borde diferentes.\",\"breadcrumb\":{\"@id\":\"https:\\\/\\\/www.zentia.com\\\/es-es\\\/soluciones\\\/productos\\\/paneles-de-techo\\\/arena\\\/#breadcrumb\"},\"inLanguage\":\"es\",\"potentialAction\":[{\"@type\":\"ReadAction\",\"target\":[\"https:\\\/\\\/www.zentia.com\\\/es-es\\\/soluciones\\\/productos\\\/paneles-de-techo\\\/arena\\\/\"]}]},{\"@type\":\"BreadcrumbList\",\"@id\":\"https:\\\/\\\/www.zentia.com\\\/es-es\\\/soluciones\\\/productos\\\/paneles-de-techo\\\/arena\\\/#breadcrumb\",\"itemListElement\":[{\"@type\":\"ListItem\",\"position\":1,\"name\":\"Inicio\",\"item\":\"https:\\\/\\\/www.zentia.com\\\/es-es\\\/\"},{\"@type\":\"ListItem\",\"position\":2,\"name\":\"Arena\"}]},{\"@type\":\"WebSite\",\"@id\":\"https:\\\/\\\/www.zentia.com\\\/es-es\\\/#website\",\"url\":\"https:\\\/\\\/www.zentia.com\\\/es-es\\\/\",\"name\":\"Zentia\",\"description\":\"\",\"potentialAction\":[{\"@type\":\"SearchAction\",\"target\":{\"@type\":\"EntryPoint\",\"urlTemplate\":\"https:\\\/\\\/www.zentia.com\\\/es-es\\\/?s={search_term_string}\"},\"query-input\":{\"@type\":\"PropertyValueSpecification\",\"valueRequired\":true,\"valueName\":\"search_term_string\"}}],\"inLanguage\":\"es\"}]}<\/script>\n<!-- \/ Yoast SEO plugin. -->","yoast_head_json":{"title":"Arena (anteriormente conocido como Academy Diplomaons | Zentia","description":"Con una superficie granulada fina, consigue un rendimiento ac\u00fastico bien equilibrado. Arena est\u00e1 disponible en tres tipos de borde diferentes.","robots":{"index":"index","follow":"follow","max-snippet":"max-snippet:-1","max-image-preview":"max-image-preview:large","max-video-preview":"max-video-preview:-1"},"canonical":"https:\/\/www.zentia.com\/es-es\/soluciones\/productos\/paneles-de-techo\/arena\/","og_locale":"es_ES","og_type":"article","og_title":"Arena (anteriormente conocido como Academy Diplomaons | Zentia","og_description":"Con una superficie granulada fina, consigue un rendimiento ac\u00fastico bien equilibrado. Arena est\u00e1 disponible en tres tipos de borde diferentes.","og_url":"https:\/\/www.zentia.com\/es-es\/soluciones\/productos\/paneles-de-techo\/arena\/","og_site_name":"Zentia","article_modified_time":"2025-06-09T10:05:57+00:00","twitter_card":"summary_large_image","schema":{"@context":"https:\/\/schema.org","@graph":[{"@type":"WebPage","@id":"https:\/\/www.zentia.com\/es-es\/soluciones\/productos\/paneles-de-techo\/arena\/","url":"https:\/\/www.zentia.com\/es-es\/soluciones\/productos\/paneles-de-techo\/arena\/","name":"Arena (anteriormente conocido como Academy Diplomaons | Zentia","isPartOf":{"@id":"https:\/\/www.zentia.com\/es-es\/#website"},"datePublished":"2022-07-21T08:51:37+00:00","dateModified":"2025-06-09T10:05:57+00:00","description":"Con una superficie granulada fina, consigue un rendimiento ac\u00fastico bien equilibrado. Arena est\u00e1 disponible en tres tipos de borde diferentes.","breadcrumb":{"@id":"https:\/\/www.zentia.com\/es-es\/soluciones\/productos\/paneles-de-techo\/arena\/#breadcrumb"},"inLanguage":"es","potentialAction":[{"@type":"ReadAction","target":["https:\/\/www.zentia.com\/es-es\/soluciones\/productos\/paneles-de-techo\/arena\/"]}]},{"@type":"BreadcrumbList","@id":"https:\/\/www.zentia.com\/es-es\/soluciones\/productos\/paneles-de-techo\/arena\/#breadcrumb","itemListElement":[{"@type":"ListItem","position":1,"name":"Inicio","item":"https:\/\/www.zentia.com\/es-es\/"},{"@type":"ListItem","position":2,"name":"Arena"}]},{"@type":"WebSite","@id":"https:\/\/www.zentia.com\/es-es\/#website","url":"https:\/\/www.zentia.com\/es-es\/","name":"Zentia","description":"","potentialAction":[{"@type":"SearchAction","target":{"@type":"EntryPoint","urlTemplate":"https:\/\/www.zentia.com\/es-es\/?s={search_term_string}"},"query-input":{"@type":"PropertyValueSpecification","valueRequired":true,"valueName":"search_term_string"}}],"inLanguage":"es"}]}},"_links":{"self":[{"href":"https:\/\/www.zentia.com\/es-es\/wp-json\/wp\/v2\/product\/4711","targetHints":{"allow":["GET"]}}],"collection":[{"href":"https:\/\/www.zentia.com\/es-es\/wp-json\/wp\/v2\/product"}],"about":[{"href":"https:\/\/www.zentia.com\/es-es\/wp-json\/wp\/v2\/types\/product"}],"wp:attachment":[{"href":"https:\/\/www.zentia.com\/es-es\/wp-json\/wp\/v2\/media?parent=4711"}],"wp:term":[{"taxonomy":"product-type","embeddable":true,"href":"https:\/\/www.zentia.com\/es-es\/wp-json\/wp\/v2\/product-type?post=4711"}],"curies":[{"name":"wp","href":"https:\/\/api.w.org\/{rel}","templated":true}]}}