{"id":4713,"date":"2022-07-21T09:51:37","date_gmt":"2022-07-21T08:51:37","guid":{"rendered":"https:\/\/zentia.mediaworksdev.co.uk\/en-gb\/solutions\/products\/%product-type%\/aquabloc\/"},"modified":"2025-12-18T10:57:22","modified_gmt":"2025-12-18T10:57:22","slug":"aquabloc","status":"publish","type":"product","link":"https:\/\/www.zentia.com\/es-es\/soluciones\/productos\/paneles-de-techo\/aquabloc\/","title":{"rendered":"Aquabloc"},"featured_media":0,"parent":0,"template":"","product-type":[652],"class_list":["post-4713","product","type-product","status-publish","hentry","product-type-paneles-de-techo","edge-detail-board","sound-absorption-class-n_c","sound-reduction-813","product-colour-white","product-sizes-600mm-l-x-600mm-w-x-6mm-t","sound-absorption-alpha-0-10l","sound-absorption-nrc-0-10","sound-attentuation-830","solution-finder-toggle-x","recycled-content-0-3","humidity-resistance-832","cleanroom-classification-822"],"acf":{"hero":{"title":"Aquabloc","sub_label":"","introduction":"Un panel resistente perfecto para entornos de humedad alta. Aquabloc, uno de nuestros paneles m\u00e1s resistentes, mantiene frescos y luminosos los entornos con alta temperatura y alto nivel de humedad. Es perfecto para spas, \u00e1reas con duchas, parques acu\u00e1ticos y otro tipo de entornos c\u00e1lidos y h\u00famedos*. Adem\u00e1s, se mantiene impecable durante a\u00f1os. Estos sensacionales paneles blancos para techo, con un borde de f\u00e1cil instalaci\u00f3n, aportan luz y altura a cualquier espacio.","introduction_short":"","gallery":[5205],"datasheet":6214,"video_url":"","space_bottom":true},"images":null,"product_variant_alt_toggle":false,"product_variant":[{"edge_detail":"Board","product_image":"","variant_information":"Las losetas de borde de tablero Aquabloc tienen bordes planos y cuadrados que exponen completamente una suspensi\u00f3n de techo est\u00e1ndar.","variant_additional_information":"","sub_variants":[{"edge_detail":"Board","images":[{"image":3237}],"cls_item_number":"BP2100M4","cls_description":"Aquabloc Board","shortcode":"2100M","dimensions":"600mm (L) x 600mm (W) x 6mm (T)","colour_text":"White","colour_select":[],"surface_sifyb":"Aquabloc","recyclable":"S\u00ed","recycled_content":"30%","recyclable_through_zentia":"","cleanability_types":"Pa\u00f1o seco o cepillo suave","clean_room_classification":"-","cradle_two_cradle_certification":"-","durability":"Resistente a los ara\u00f1azos","humidity_resistance_rh":"1","light_reflectance":"84%","fire_reaction_en135011":"A1","iac_level":"-","material":"","rout_slot_spacing_and_uom":"","cross_tee_main_runner_interface":"","corrosive_resistant":"","fire_performance":"","clean_room":"","end_detail":"","formaldehyde_emissions":"E1","low_voc_emissions":"-","sound_absorption":"0.10(L)","sound_absorption_class":"-","sound_reduction_index":"-","sound_attenuation":"37","sound_absorption_nrc":"0.10","compatible_grid_product_code":"BP312021A~BP312021BKA~BP312021SGA~BP312021WRA~BP313051B~BP313051BKB~BP313051SGB~BP313051WRB~BP314032A~BP314032BKA~BP314032SGA~BP314032WRA~BP092031~BP092031BK~BP092031SG~BP092031WR~BP093031~BP093031BK~BP093031SG~BP093031WR~BP093632~BP314032A~BP314032BKA~BP314032SGA~BP314032WRA~BP152032~BP153032~BP284042~BPEA792044C~BPEA793044C~BPEA794044C","floating_ceiling_frame_product_code":"BPAX22G24~BPAX32G24~BPAX33G24~BPAX42G24~BPAX43G24~BPAX44G24~BPAX52G24~BPAX53G24~BPAX54G24~BPAX55G24~BPCSAK22G24~BPCSAK32G24~BPCSAK33G24~BPCSAK42G24~BPCSAK43G24~BPCSAK44G24~BPCSAK52G24~BPCSAK53G24~BPCSAK54G24~BPCSAK55G24~BPCSAL32G24~BPCSAL33G24~BPCSAL42G24~BPCSAL43G24~BPCSAL44G24","installation_accessories":"","accessories":[{"code":""}]}],"override_related_items":false,"related_project_gallery":null,"related_faqs":null,"related_products":null,"related_documents_and_downloads":null,"download_all_documents":null}],"import_data":"Board::BP2100M4::2100M::Aquabloc Board::600mm (L) x 600mm (W) x 6mm (T)::White::Aquabloc::0.10(L)::-::37::-::0.10::0.84::0.3::1::-::-::-::Dry cloth \/ Soft brush, Moist cloth, Damp sponge, Damp sponge scrubbable::Scratch resistance::E1::-::0.3::Yes::A1::BP312021A~BP312021BKA~BP312021SGA~BP312021WRA~BP313051B~BP313051BKB~BP313051SGB~BP313051WRB~BP314032A~BP314032BKA~BP314032SGA~BP314032WRA~BP092031~BP092031BK~BP092031SG~BP092031WR~BP093031~BP093031BK~BP093031SG~BP093031WR~BP093632~BP314032A~BP314032BKA~BP314032SGA~BP314032WRA~BP152032~BP153032~BP284042~BPEA792044C~BPEA793044C~BPEA794044C::BPAX22G24~BPAX32G24~BPAX33G24~BPAX42G24~BPAX43G24~BPAX44G24~BPAX52G24~BPAX53G24~BPAX54G24~BPAX55G24~BPCSAK22G24~BPCSAK32G24~BPCSAK33G24~BPCSAK42G24~BPCSAK43G24~BPCSAK44G24~BPCSAK52G24~BPCSAK53G24~BPCSAK54G24~BPCSAK55G24~BPCSAL32G24~BPCSAL33G24~BPCSAL42G24~BPCSAL43G24~BPCSAL44G24::Zentia Aquabloc 6mm angle.jpg","file_label":"Descargar ficha t\u00e9cnica","file":8812,"warranties":null,"product_manuals":null,"nbs":"","documents_downloads_title":"","related_documents_and_downloads":"","download_bim":"","download_all_documents":"","listing_label":"","solution_finder_toggle":false,"solution_finder_intro":"","solution_finder_points":null,"template":{"":null,"related_project_gallery":"","template_faq":"","space_bottom":false,"related_products_title":"","related_products":"","hide_form":false}},"yoast_head":"<!-- This site is optimized with the Yoast SEO plugin v27.4 - https:\/\/yoast.com\/product\/yoast-seo-wordpress\/ -->\n<title>Aquabloc | Suspended Ceiling Solutions | Zentia<\/title>\n<meta name=\"description\" content=\"A tough ceiling tile for high humidity environments. No sagging or deforming in damp rooms. Ideal for shower blocks and spas!\" \/>\n<meta name=\"robots\" content=\"index, follow, max-snippet:-1, max-image-preview:large, max-video-preview:-1\" \/>\n<link rel=\"canonical\" href=\"https:\/\/www.zentia.com\/es-es\/soluciones\/productos\/paneles-de-techo\/aquabloc\/\" \/>\n<meta property=\"og:locale\" content=\"es_ES\" \/>\n<meta property=\"og:type\" content=\"article\" \/>\n<meta property=\"og:title\" content=\"Aquabloc | Suspended Ceiling Solutions | Zentia\" \/>\n<meta property=\"og:description\" content=\"A tough ceiling tile for high humidity environments. No sagging or deforming in damp rooms. Ideal for shower blocks and spas!\" \/>\n<meta property=\"og:url\" content=\"https:\/\/www.zentia.com\/es-es\/soluciones\/productos\/paneles-de-techo\/aquabloc\/\" \/>\n<meta property=\"og:site_name\" content=\"Zentia\" \/>\n<meta property=\"article:modified_time\" content=\"2025-12-18T10:57:22+00:00\" \/>\n<meta name=\"twitter:card\" content=\"summary_large_image\" \/>\n<script type=\"application\/ld+json\" class=\"yoast-schema-graph\">{\"@context\":\"https:\\\/\\\/schema.org\",\"@graph\":[{\"@type\":\"WebPage\",\"@id\":\"https:\\\/\\\/www.zentia.com\\\/es-es\\\/soluciones\\\/productos\\\/paneles-de-techo\\\/aquabloc\\\/\",\"url\":\"https:\\\/\\\/www.zentia.com\\\/es-es\\\/soluciones\\\/productos\\\/paneles-de-techo\\\/aquabloc\\\/\",\"name\":\"Aquabloc | Suspended Ceiling Solutions | Zentia\",\"isPartOf\":{\"@id\":\"https:\\\/\\\/www.zentia.com\\\/es-es\\\/#website\"},\"datePublished\":\"2022-07-21T08:51:37+00:00\",\"dateModified\":\"2025-12-18T10:57:22+00:00\",\"description\":\"A tough ceiling tile for high humidity environments. No sagging or deforming in damp rooms. Ideal for shower blocks and spas!\",\"breadcrumb\":{\"@id\":\"https:\\\/\\\/www.zentia.com\\\/es-es\\\/soluciones\\\/productos\\\/paneles-de-techo\\\/aquabloc\\\/#breadcrumb\"},\"inLanguage\":\"es\",\"potentialAction\":[{\"@type\":\"ReadAction\",\"target\":[\"https:\\\/\\\/www.zentia.com\\\/es-es\\\/soluciones\\\/productos\\\/paneles-de-techo\\\/aquabloc\\\/\"]}]},{\"@type\":\"BreadcrumbList\",\"@id\":\"https:\\\/\\\/www.zentia.com\\\/es-es\\\/soluciones\\\/productos\\\/paneles-de-techo\\\/aquabloc\\\/#breadcrumb\",\"itemListElement\":[{\"@type\":\"ListItem\",\"position\":1,\"name\":\"Inicio\",\"item\":\"https:\\\/\\\/www.zentia.com\\\/es-es\\\/\"},{\"@type\":\"ListItem\",\"position\":2,\"name\":\"Aquabloc\"}]},{\"@type\":\"WebSite\",\"@id\":\"https:\\\/\\\/www.zentia.com\\\/es-es\\\/#website\",\"url\":\"https:\\\/\\\/www.zentia.com\\\/es-es\\\/\",\"name\":\"Zentia\",\"description\":\"\",\"potentialAction\":[{\"@type\":\"SearchAction\",\"target\":{\"@type\":\"EntryPoint\",\"urlTemplate\":\"https:\\\/\\\/www.zentia.com\\\/es-es\\\/?s={search_term_string}\"},\"query-input\":{\"@type\":\"PropertyValueSpecification\",\"valueRequired\":true,\"valueName\":\"search_term_string\"}}],\"inLanguage\":\"es\"}]}<\/script>\n<!-- \/ Yoast SEO plugin. -->","yoast_head_json":{"title":"Aquabloc | Suspended Ceiling Solutions | Zentia","description":"A tough ceiling tile for high humidity environments. No sagging or deforming in damp rooms. Ideal for shower blocks and spas!","robots":{"index":"index","follow":"follow","max-snippet":"max-snippet:-1","max-image-preview":"max-image-preview:large","max-video-preview":"max-video-preview:-1"},"canonical":"https:\/\/www.zentia.com\/es-es\/soluciones\/productos\/paneles-de-techo\/aquabloc\/","og_locale":"es_ES","og_type":"article","og_title":"Aquabloc | Suspended Ceiling Solutions | Zentia","og_description":"A tough ceiling tile for high humidity environments. No sagging or deforming in damp rooms. Ideal for shower blocks and spas!","og_url":"https:\/\/www.zentia.com\/es-es\/soluciones\/productos\/paneles-de-techo\/aquabloc\/","og_site_name":"Zentia","article_modified_time":"2025-12-18T10:57:22+00:00","twitter_card":"summary_large_image","schema":{"@context":"https:\/\/schema.org","@graph":[{"@type":"WebPage","@id":"https:\/\/www.zentia.com\/es-es\/soluciones\/productos\/paneles-de-techo\/aquabloc\/","url":"https:\/\/www.zentia.com\/es-es\/soluciones\/productos\/paneles-de-techo\/aquabloc\/","name":"Aquabloc | Suspended Ceiling Solutions | Zentia","isPartOf":{"@id":"https:\/\/www.zentia.com\/es-es\/#website"},"datePublished":"2022-07-21T08:51:37+00:00","dateModified":"2025-12-18T10:57:22+00:00","description":"A tough ceiling tile for high humidity environments. No sagging or deforming in damp rooms. Ideal for shower blocks and spas!","breadcrumb":{"@id":"https:\/\/www.zentia.com\/es-es\/soluciones\/productos\/paneles-de-techo\/aquabloc\/#breadcrumb"},"inLanguage":"es","potentialAction":[{"@type":"ReadAction","target":["https:\/\/www.zentia.com\/es-es\/soluciones\/productos\/paneles-de-techo\/aquabloc\/"]}]},{"@type":"BreadcrumbList","@id":"https:\/\/www.zentia.com\/es-es\/soluciones\/productos\/paneles-de-techo\/aquabloc\/#breadcrumb","itemListElement":[{"@type":"ListItem","position":1,"name":"Inicio","item":"https:\/\/www.zentia.com\/es-es\/"},{"@type":"ListItem","position":2,"name":"Aquabloc"}]},{"@type":"WebSite","@id":"https:\/\/www.zentia.com\/es-es\/#website","url":"https:\/\/www.zentia.com\/es-es\/","name":"Zentia","description":"","potentialAction":[{"@type":"SearchAction","target":{"@type":"EntryPoint","urlTemplate":"https:\/\/www.zentia.com\/es-es\/?s={search_term_string}"},"query-input":{"@type":"PropertyValueSpecification","valueRequired":true,"valueName":"search_term_string"}}],"inLanguage":"es"}]}},"_links":{"self":[{"href":"https:\/\/www.zentia.com\/es-es\/wp-json\/wp\/v2\/product\/4713","targetHints":{"allow":["GET"]}}],"collection":[{"href":"https:\/\/www.zentia.com\/es-es\/wp-json\/wp\/v2\/product"}],"about":[{"href":"https:\/\/www.zentia.com\/es-es\/wp-json\/wp\/v2\/types\/product"}],"wp:attachment":[{"href":"https:\/\/www.zentia.com\/es-es\/wp-json\/wp\/v2\/media?parent=4713"}],"wp:term":[{"taxonomy":"product-type","embeddable":true,"href":"https:\/\/www.zentia.com\/es-es\/wp-json\/wp\/v2\/product-type?post=4713"}],"curies":[{"name":"wp","href":"https:\/\/api.w.org\/{rel}","templated":true}]}}