{"id":4721,"date":"2022-07-21T09:52:34","date_gmt":"2022-07-21T08:52:34","guid":{"rendered":"https:\/\/zentia.mediaworksdev.co.uk\/en-gb\/solutions\/products\/%product-type%\/cortega\/"},"modified":"2025-12-18T11:19:32","modified_gmt":"2025-12-18T11:19:32","slug":"fission-nd","status":"publish","type":"product","link":"https:\/\/www.zentia.com\/es-es\/soluciones\/productos\/paneles-de-techo\/fission-nd\/","title":{"rendered":"Fission ND"},"featured_media":0,"parent":0,"template":"","product-type":[652],"class_list":["post-4721","product","type-product","status-publish","hentry","product-family-category-fission","product-type-paneles-de-techo","edge-detail-board","edge-detail-tegular24","sound-absorption-class-d","sound-reduction-863","product-colour-white","product-sizes-1200mm-l-x-600mm-w-x-15mm-t","product-sizes-600mm-l-x-600mm-w-x-15mm-t","sound-absorption-alpha-0-55","sound-absorption-nrc-0-55","sound-attentuation-856","solution-finder-toggle-x","recycled-content-0-51","humidity-resistance-0-7","cleanroom-classification-822"],"acf":{"hero":{"title":"Fission ND","sub_label":"","introduction":"Fission ND es una placa blanca con fisura no-direccional para una f\u00e1cil y r\u00e1pida instalaci\u00f3n. Disponible en acabados Tegular24 y Board, Fission ND ofrece un rendimiento ac\u00fastico equilibrado. Fabricado con m\u00e1s de un 51% de material reciclado, es 100% reciclable y aumenta las credenciales de sostenibilidad de cualquier proyecto. Fabricado en el Reino Unido y siempre disponible en stock.","introduction_short":"","gallery":[8334],"datasheet":"","video_url":"","space_bottom":true},"images":null,"product_variant_alt_toggle":false,"product_variant":[{"edge_detail":"Board","product_image":"","variant_information":"Los plafones con borde de placa Fission ND tienen bordes planos y cuadrados que exponen completamente una suspensi\u00f3n de techo est\u00e1ndar.","variant_additional_information":"","sub_variants":[{"edge_detail":"Board","images":[{"image":8333},{"image":8334}],"cls_item_number":"BP9101M3C","cls_description":"Fission Board","shortcode":"9101M","dimensions":"1200mm (L) x 600mm (W) x 15mm (T)","colour_text":"White","colour_select":[],"surface_sifyb":"Fission","recyclable":"S\u00ed","recycled_content":"51%","recyclable_through_zentia":"","cleanability_types":"Pa\u00f1o seco o cepillo suave","clean_room_classification":"-","cradle_two_cradle_certification":"-","durability":"-","humidity_resistance_rh":"70%","light_reflectance":"82%","fire_reaction_en135011":"A2-s1,d0","iac_level":"-","material":"","rout_slot_spacing_and_uom":"","cross_tee_main_runner_interface":"","corrosive_resistant":"","fire_performance":"","clean_room":"","end_detail":"","formaldehyde_emissions":"E1","low_voc_emissions":"A","sound_absorption":"0.55","sound_absorption_class":"D","sound_reduction_index":"-","sound_attenuation":"34","sound_absorption_nrc":"0.55","compatible_grid_product_code":"BP312021A~BP312021BKA~BP312021SGA~BP312021WRA~BP313051B~BP313051BKB~BP313051SGB~BP313051WRB~BP314032A~BP314032BKA~BP314032SGA~BP314032WRA","floating_ceiling_frame_product_code":"BPAX22G24~BPAX32G24~BPAX33G24~BPAX42G24~BPAX43G24~BPAX44G24~BPAX52G24~BPAX53G24~BPAX54G24~BPAX55G24~BPCSAK22G24~BPCSAK32G24~BPCSAK33G24~BPCSAK42G24~BPCSAK43G24~BPCSAK44G24~BPCSAK52G24~BPCSAK53G24~BPCSAK54G24~BPCSAK55G24~BPCSAL32G24~BPCSAL33G24~BPCSAL42G24~BPCSAL43G24~BPCSAL44G24","installation_accessories":"","accessories":[{"code":""}]},{"edge_detail":"Board","images":[{"image":8333},{"image":8334}],"cls_item_number":"BP9102M3C","cls_description":"Fission Board","shortcode":"9102M","dimensions":"600mm (L) x 600mm (W) x 15mm (T)","colour_text":"White","colour_select":[],"surface_sifyb":"Fission","recyclable":"S\u00ed","recycled_content":"51%","recyclable_through_zentia":"","cleanability_types":"Pa\u00f1o seco o cepillo suave","clean_room_classification":"-","cradle_two_cradle_certification":"-","durability":"-","humidity_resistance_rh":"70%","light_reflectance":"82%","fire_reaction_en135011":"A2-s1,d0","iac_level":"-","material":"","rout_slot_spacing_and_uom":"","cross_tee_main_runner_interface":"","corrosive_resistant":"","fire_performance":"","clean_room":"","end_detail":"","formaldehyde_emissions":"E1","low_voc_emissions":"A","sound_absorption":"0.55","sound_absorption_class":"D","sound_reduction_index":"-","sound_attenuation":"34","sound_absorption_nrc":"0.55","compatible_grid_product_code":"BP312021A~BP312021BKA~BP312021SGA~BP312021WRA~BP313051B~BP313051BKB~BP313051SGB~BP313051WRB~BP314032A~BP314032BKA~BP314032SGA~BP314032WRA~BPBERC2~BPES4~BPSJCG~BPSJMR15","floating_ceiling_frame_product_code":"BPAX22G24~BPAX32G24~BPAX33G24~BPAX42G24~BPAX43G24~BPAX44G24~BPAX52G24~BPAX53G24~BPAX54G24~BPAX55G24~BPCSAK22G24~BPCSAK32G24~BPCSAK33G24~BPCSAK42G24~BPCSAK43G24~BPCSAK44G24~BPCSAK52G24~BPCSAK53G24~BPCSAK54G24~BPCSAK55G24~BPCSAL32G24~BPCSAL33G24~BPCSAL42G24~BPCSAL43G24~BPCSAL44G24","installation_accessories":"","accessories":[{"code":""}]}],"override_related_items":false,"related_project_gallery":null,"related_faqs":null,"related_products":null,"related_documents_and_downloads":null,"download_all_documents":null},{"edge_detail":"Tegular24","product_image":"","variant_information":"Los plafones Fission ND se pueden pedir con un borde Tegular24. Este detalle de borde rebajado deja caer ligeramente la loseta del techo debajo de una suspensi\u00f3n de techo est\u00e1ndar, creando una imagen semibiselada en todo el techo.","variant_additional_information":"","sub_variants":[{"edge_detail":"Tegular24","images":[{"image":8330},{"image":8331}],"cls_item_number":"BP9105M3C","cls_description":"Fission Tegular","shortcode":"9105M","dimensions":"600mm (L) x 600mm (W) x 15mm (T)","colour_text":"White","colour_select":[],"surface_sifyb":"Fission","recyclable":"S\u00ed","recycled_content":"51%","recyclable_through_zentia":"","cleanability_types":"Pa\u00f1o seco o cepillo suave","clean_room_classification":"-","cradle_two_cradle_certification":"-","durability":"-","humidity_resistance_rh":"70%","light_reflectance":"82%","fire_reaction_en135011":"A2-s1,d0","iac_level":"-","material":"","rout_slot_spacing_and_uom":"","cross_tee_main_runner_interface":"","corrosive_resistant":"","fire_performance":"","clean_room":"","end_detail":"","formaldehyde_emissions":"E1","low_voc_emissions":"A","sound_absorption":"0.55","sound_absorption_class":"D","sound_reduction_index":"-","sound_attenuation":"34","sound_absorption_nrc":"0.55","compatible_grid_product_code":"BP312021A~BP312021BKA~BP312021SGA~BP312021WRA~BP313051B~BP313051BKB~BP313051SGB~BP313051WRB~BP314032A~BP314032BKA~BP314032SGA~BP314032WRA~BPBERC2~BPES4~BPSJCG~BPSJMR15","floating_ceiling_frame_product_code":"BPAX22G24~BPAX32G24~BPAX33G24~BPAX42G24~BPAX43G24~BPAX44G24~BPAX52G24~BPAX53G24~BPAX54G24~BPAX55G24~BPCSACI33G24~BPCSACI44G24~BPCSACU43G24~BPCSACU44G24~BPCSACU53G24~BPCSACU55G24~BPCSAK22G24~BPCSAK32G24~BPCSAK33G24~BPCSAK42G24~BPCSAK43G24~BPCSAK44G24~BPCSAK52G24~BPCSAK53G24~BPCSAK54G24~BPCSAK55G24~BPCSAL32G24~BPCSAL33G24~BPCSAL42G24~BPCSAL43G24~BPCSAL44G24","installation_accessories":"","accessories":[{"code":""}]}],"override_related_items":false,"related_project_gallery":null,"related_faqs":null,"related_products":null,"related_documents_and_downloads":null,"download_all_documents":null}],"import_data":"Board,Board,Tegular::BP9101M3B,BP9102M3B,BP9105M3C::9101M,9102M,9105M::Cortega 30 Board,Cortega 30 Board,Cortega 30 Tegular::1200mm (L) x 600mm (W) x 15mm (T),600mm (L) x 600mm (W) x 15mm (T),600mm (L) x 600mm (W) x 15mm (T)::White,White,White::Cortega,Cortega,Cortega::0.55,0.55,0.55::D,D,D::34,34,34::-,-,-::0.55,0.55,0.55::0.82,0.82,0.82::0.51,0.51,0.51::0.7,0.7,0.7::-,-,-::-,-,-::-,-,-::Dry cloth \/ Soft brush,Dry cloth \/ Soft brush,Dry cloth \/ Soft brush::-,-,-::E1,E1,E1::A,A,A::0.51,0.51,0.51::Yes,Yes,Yes::A2-s1,d0,A2-s1,d0,A2-s1,d0::BP312021A~BP312021BKA~BP312021SGA~BP312021WRA~BP313051B~BP313051BKB~BP313051SGB~BP313051WRB~BP314032A~BP314032BKA~BP314032SGA~BP314032WRA,BP312021A~BP312021BKA~BP312021SGA~BP312021WRA~BP313051B~BP313051BKB~BP313051SGB~BP313051WRB~BP314032A~BP314032BKA~BP314032SGA~BP314032WRA~BPBERC2~BPES4~BPSJCG~BPSJMR15,BP312021A~BP312021BKA~BP312021SGA~BP312021WRA~BP313051B~BP313051BKB~BP313051SGB~BP313051WRB~BP314032A~BP314032BKA~BP314032SGA~BP314032WRA~BPBERC2~BPES4~BPSJCG~BPSJMR15::BPAX22G24~BPAX32G24~BPAX33G24~BPAX42G24~BPAX43G24~BPAX44G24~BPAX52G24~BPAX53G24~BPAX54G24~BPAX55G24~BPCSAK22G24~BPCSAK32G24~BPCSAK33G24~BPCSAK42G24~BPCSAK43G24~BPCSAK44G24~BPCSAK52G24~BPCSAK53G24~BPCSAK54G24~BPCSAK55G24~BPCSAL32G24~BPCSAL33G24~BPCSAL42G24~BPCSAL43G24~BPCSAL44G24,BPAX22G24~BPAX32G24~BPAX33G24~BPAX42G24~BPAX43G24~BPAX44G24~BPAX52G24~BPAX53G24~BPAX54G24~BPAX55G24~BPCSAK22G24~BPCSAK32G24~BPCSAK33G24~BPCSAK42G24~BPCSAK43G24~BPCSAK44G24~BPCSAK52G24~BPCSAK53G24~BPCSAK54G24~BPCSAK55G24~BPCSAL32G24~BPCSAL33G24~BPCSAL42G24~BPCSAL43G24~BPCSAL44G24,BPAX22G24~BPAX32G24~BPAX33G24~BPAX42G24~BPAX43G24~BPAX44G24~BPAX52G24~BPAX53G24~BPAX54G24~BPAX55G24~BPCSACI33G24~BPCSACI44G24~BPCSACU43G24~BPCSACU44G24~BPCSACU53G24~BPCSACU55G24~BPCSAK22G24~BPCSAK32G24~BPCSAK33G24~BPCSAK42G24~BPCSAK43G24~BPCSAK44G24~BPCSAK52G24~BPCSAK53G24~BPCSAK54G24~BPCSAK55G24~BPCSAL32G24~BPCSAL33G24~BPCSAL42G24~BPCSAL43G24~BPCSAL44G24::Zentia Cortega Board angle.jpg,Zentia Cortega Board angle.jpg,Zentia Cortega Tegular angle.jpg","file_label":"Descargar Ficha T\u00e9cnica","file":8818,"warranties":null,"product_manuals":null,"nbs":"","documents_downloads_title":"","related_documents_and_downloads":"","download_bim":"","download_all_documents":"","listing_label":"","solution_finder_toggle":false,"solution_finder_intro":"","solution_finder_points":null,"template":{"":null,"related_project_gallery":"","template_faq":"","space_bottom":false,"related_products_title":"","related_products":[4738,4725,4711,8098],"hide_form":false}},"yoast_head":"<!-- This site is optimized with the Yoast SEO plugin v27.4 - https:\/\/yoast.com\/product\/yoast-seo-wordpress\/ -->\n<title>Fission ND | Ceiling Tiles | Zentia<\/title>\n<meta name=\"description\" content=\"Fission ND es una placa mineral blanca para techo con un patr\u00f3n de fisuras no direccional para una f\u00e1cil instalaci\u00f3n. \u00a1Descubre m\u00e1s!\" \/>\n<meta name=\"robots\" content=\"index, follow, max-snippet:-1, max-image-preview:large, max-video-preview:-1\" \/>\n<link rel=\"canonical\" href=\"https:\/\/www.zentia.com\/es-es\/soluciones\/productos\/paneles-de-techo\/fission-nd\/\" \/>\n<meta property=\"og:locale\" content=\"es_ES\" \/>\n<meta property=\"og:type\" content=\"article\" \/>\n<meta property=\"og:title\" content=\"Fission ND | Ceiling Tiles | Zentia\" \/>\n<meta property=\"og:description\" content=\"Fission ND es una placa mineral blanca para techo con un patr\u00f3n de fisuras no direccional para una f\u00e1cil instalaci\u00f3n. \u00a1Descubre m\u00e1s!\" \/>\n<meta property=\"og:url\" content=\"https:\/\/www.zentia.com\/es-es\/soluciones\/productos\/paneles-de-techo\/fission-nd\/\" \/>\n<meta property=\"og:site_name\" content=\"Zentia\" \/>\n<meta property=\"article:modified_time\" content=\"2025-12-18T11:19:32+00:00\" \/>\n<meta name=\"twitter:card\" content=\"summary_large_image\" \/>\n<script type=\"application\/ld+json\" class=\"yoast-schema-graph\">{\"@context\":\"https:\\\/\\\/schema.org\",\"@graph\":[{\"@type\":\"WebPage\",\"@id\":\"https:\\\/\\\/www.zentia.com\\\/es-es\\\/soluciones\\\/productos\\\/paneles-de-techo\\\/fission-nd\\\/\",\"url\":\"https:\\\/\\\/www.zentia.com\\\/es-es\\\/soluciones\\\/productos\\\/paneles-de-techo\\\/fission-nd\\\/\",\"name\":\"Fission ND | Ceiling Tiles | Zentia\",\"isPartOf\":{\"@id\":\"https:\\\/\\\/www.zentia.com\\\/es-es\\\/#website\"},\"datePublished\":\"2022-07-21T08:52:34+00:00\",\"dateModified\":\"2025-12-18T11:19:32+00:00\",\"description\":\"Fission ND es una placa mineral blanca para techo con un patr\u00f3n de fisuras no direccional para una f\u00e1cil instalaci\u00f3n. \u00a1Descubre m\u00e1s!\",\"breadcrumb\":{\"@id\":\"https:\\\/\\\/www.zentia.com\\\/es-es\\\/soluciones\\\/productos\\\/paneles-de-techo\\\/fission-nd\\\/#breadcrumb\"},\"inLanguage\":\"es\",\"potentialAction\":[{\"@type\":\"ReadAction\",\"target\":[\"https:\\\/\\\/www.zentia.com\\\/es-es\\\/soluciones\\\/productos\\\/paneles-de-techo\\\/fission-nd\\\/\"]}]},{\"@type\":\"BreadcrumbList\",\"@id\":\"https:\\\/\\\/www.zentia.com\\\/es-es\\\/soluciones\\\/productos\\\/paneles-de-techo\\\/fission-nd\\\/#breadcrumb\",\"itemListElement\":[{\"@type\":\"ListItem\",\"position\":1,\"name\":\"Inicio\",\"item\":\"https:\\\/\\\/www.zentia.com\\\/es-es\\\/\"},{\"@type\":\"ListItem\",\"position\":2,\"name\":\"Fission ND\"}]},{\"@type\":\"WebSite\",\"@id\":\"https:\\\/\\\/www.zentia.com\\\/es-es\\\/#website\",\"url\":\"https:\\\/\\\/www.zentia.com\\\/es-es\\\/\",\"name\":\"Zentia\",\"description\":\"\",\"potentialAction\":[{\"@type\":\"SearchAction\",\"target\":{\"@type\":\"EntryPoint\",\"urlTemplate\":\"https:\\\/\\\/www.zentia.com\\\/es-es\\\/?s={search_term_string}\"},\"query-input\":{\"@type\":\"PropertyValueSpecification\",\"valueRequired\":true,\"valueName\":\"search_term_string\"}}],\"inLanguage\":\"es\"}]}<\/script>\n<!-- \/ Yoast SEO plugin. -->","yoast_head_json":{"title":"Fission ND | Ceiling Tiles | Zentia","description":"Fission ND es una placa mineral blanca para techo con un patr\u00f3n de fisuras no direccional para una f\u00e1cil instalaci\u00f3n. \u00a1Descubre m\u00e1s!","robots":{"index":"index","follow":"follow","max-snippet":"max-snippet:-1","max-image-preview":"max-image-preview:large","max-video-preview":"max-video-preview:-1"},"canonical":"https:\/\/www.zentia.com\/es-es\/soluciones\/productos\/paneles-de-techo\/fission-nd\/","og_locale":"es_ES","og_type":"article","og_title":"Fission ND | Ceiling Tiles | Zentia","og_description":"Fission ND es una placa mineral blanca para techo con un patr\u00f3n de fisuras no direccional para una f\u00e1cil instalaci\u00f3n. \u00a1Descubre m\u00e1s!","og_url":"https:\/\/www.zentia.com\/es-es\/soluciones\/productos\/paneles-de-techo\/fission-nd\/","og_site_name":"Zentia","article_modified_time":"2025-12-18T11:19:32+00:00","twitter_card":"summary_large_image","schema":{"@context":"https:\/\/schema.org","@graph":[{"@type":"WebPage","@id":"https:\/\/www.zentia.com\/es-es\/soluciones\/productos\/paneles-de-techo\/fission-nd\/","url":"https:\/\/www.zentia.com\/es-es\/soluciones\/productos\/paneles-de-techo\/fission-nd\/","name":"Fission ND | Ceiling Tiles | Zentia","isPartOf":{"@id":"https:\/\/www.zentia.com\/es-es\/#website"},"datePublished":"2022-07-21T08:52:34+00:00","dateModified":"2025-12-18T11:19:32+00:00","description":"Fission ND es una placa mineral blanca para techo con un patr\u00f3n de fisuras no direccional para una f\u00e1cil instalaci\u00f3n. \u00a1Descubre m\u00e1s!","breadcrumb":{"@id":"https:\/\/www.zentia.com\/es-es\/soluciones\/productos\/paneles-de-techo\/fission-nd\/#breadcrumb"},"inLanguage":"es","potentialAction":[{"@type":"ReadAction","target":["https:\/\/www.zentia.com\/es-es\/soluciones\/productos\/paneles-de-techo\/fission-nd\/"]}]},{"@type":"BreadcrumbList","@id":"https:\/\/www.zentia.com\/es-es\/soluciones\/productos\/paneles-de-techo\/fission-nd\/#breadcrumb","itemListElement":[{"@type":"ListItem","position":1,"name":"Inicio","item":"https:\/\/www.zentia.com\/es-es\/"},{"@type":"ListItem","position":2,"name":"Fission ND"}]},{"@type":"WebSite","@id":"https:\/\/www.zentia.com\/es-es\/#website","url":"https:\/\/www.zentia.com\/es-es\/","name":"Zentia","description":"","potentialAction":[{"@type":"SearchAction","target":{"@type":"EntryPoint","urlTemplate":"https:\/\/www.zentia.com\/es-es\/?s={search_term_string}"},"query-input":{"@type":"PropertyValueSpecification","valueRequired":true,"valueName":"search_term_string"}}],"inLanguage":"es"}]}},"_links":{"self":[{"href":"https:\/\/www.zentia.com\/es-es\/wp-json\/wp\/v2\/product\/4721","targetHints":{"allow":["GET"]}}],"collection":[{"href":"https:\/\/www.zentia.com\/es-es\/wp-json\/wp\/v2\/product"}],"about":[{"href":"https:\/\/www.zentia.com\/es-es\/wp-json\/wp\/v2\/types\/product"}],"wp:attachment":[{"href":"https:\/\/www.zentia.com\/es-es\/wp-json\/wp\/v2\/media?parent=4721"}],"wp:term":[{"taxonomy":"product-type","embeddable":true,"href":"https:\/\/www.zentia.com\/es-es\/wp-json\/wp\/v2\/product-type?post=4721"}],"curies":[{"name":"wp","href":"https:\/\/api.w.org\/{rel}","templated":true}]}}