{"id":4725,"date":"2022-07-21T09:52:34","date_gmt":"2022-07-21T08:52:34","guid":{"rendered":"https:\/\/zentia.mediaworksdev.co.uk\/en-gb\/solutions\/products\/%product-type%\/fine-fissured\/"},"modified":"2025-05-07T11:13:55","modified_gmt":"2025-05-07T10:13:55","slug":"fission-ft","status":"publish","type":"product","link":"https:\/\/www.zentia.com\/es-es\/soluciones\/productos\/paneles-de-techo\/fission-ft\/","title":{"rendered":"Fission FT"},"featured_media":0,"parent":0,"template":"","product-type":[652],"class_list":["post-4725","product","type-product","status-publish","hentry","product-family-category-fission","product-type-paneles-de-techo","edge-detail-board","edge-detail-tegular15","edge-detail-tegular24","sound-absorption-class-c","sound-reduction-863","product-colour-white","product-sizes-1200mm-l-x-600mm-w-x-15mm-t","product-sizes-600mm-l-x-600mm-w-x-15mm-t","sound-absorption-alpha-0-60h","sound-absorption-nrc-0-6","sound-attentuation-856","solution-finder-toggle-x","recycled-content-0-51","humidity-resistance-0-95","cleanroom-classification-822"],"acf":{"hero":{"title":"Fission FT","sub_label":"","introduction":"Fission FT tiene una fisura fina no-direccional para una f\u00e1cil instalaci\u00f3n y un asequible rendimiento ac\u00fastico, con ratio de absorci\u00f3n ac\u00fastico Clase C. Disponible en tres acabados de borde y posibilidad de colores blanco o negro, Fission FT est\u00e1 fabricado en el Reino Unido y siempre disponible en stock.","introduction_short":"","gallery":[8318],"datasheet":"","video_url":"","space_bottom":true},"images":null,"product_variant_alt_toggle":false,"product_variant":[{"edge_detail":"Board","product_image":"","variant_information":"Los plafones con borde de tablero Fission FT tienen bordes planos y cuadrados que exponen completamente una suspensi\u00f3n de plaf\u00f3n est\u00e1ndar.","variant_additional_information":"","sub_variants":[{"edge_detail":"Board","images":[{"image":8317},{"image":8318},{"image":8319}],"cls_item_number":"BP9120M3C","cls_description":"Fission FT Board","shortcode":"9120M","dimensions":"1200mm (L) x 600mm (W) x 15mm (T)","colour_text":"White","colour_select":[],"surface_sifyb":"Fission FT","recyclable":"S\u00ed","recycled_content":"51%","recyclable_through_zentia":"","cleanability_types":"Pa\u00f1o seco o cepillo suave","clean_room_classification":"-","cradle_two_cradle_certification":"-","durability":"-","humidity_resistance_rh":"95%","light_reflectance":"85%","fire_reaction_en135011":"A2-s1,d0","iac_level":"-","material":"","rout_slot_spacing_and_uom":"","cross_tee_main_runner_interface":"","corrosive_resistant":"","fire_performance":"","clean_room":"","end_detail":"","formaldehyde_emissions":"E1","low_voc_emissions":"A+","sound_absorption":"0.60(H)","sound_absorption_class":"C","sound_reduction_index":"-","sound_attenuation":"34","sound_absorption_nrc":"0.6","compatible_grid_product_code":"BP312021A~BP312021BKA~BP312021SGA~BP312021WRA~BP313051B~BP313051BKB~BP313051SGB~BP313051WRB~BP314032A~BP314032BKA~BP314032SGA~BP314032WRA~BP092031~BP092031BK~BP092031SG~BP092031WR~BP093031~BP093031BK~BP093031SG~BP093031WR~BP093632~BP314032A~BP314032BKA~BP314032SGA~BP314032WRA~BP400993~BP403493~BP404093G","floating_ceiling_frame_product_code":"BPAX22G24~BPAX32G24~BPAX33G24~BPAX42G24~BPAX43G24~BPAX44G24~BPAX52G24~BPAX53G24~BPAX54G24~BPAX55G24~BPCSAK22G24~BPCSAK32G24~BPCSAK33G24~BPCSAK42G24~BPCSAK43G24~BPCSAK44G24~BPCSAK52G24~BPCSAK53G24~BPCSAK54G24~BPCSAK55G24~BPCSAL32G24~BPCSAL33G24~BPCSAL42G24~BPCSAL43G24~BPCSAL44G24","installation_accessories":"","accessories":[{"code":""}]},{"edge_detail":"Board","images":[{"image":8317},{"image":8318},{"image":8319}],"cls_item_number":"BP9121M3C","cls_description":"Fission FT Board","shortcode":"9121M","dimensions":"600mm (L) x 600mm (W) x 15mm (T)","colour_text":"White","colour_select":[],"surface_sifyb":"Fission FT","recyclable":"S\u00ed","recycled_content":"51%","recyclable_through_zentia":"","cleanability_types":"Pa\u00f1o seco o cepillo suave","clean_room_classification":"-","cradle_two_cradle_certification":"-","durability":"-","humidity_resistance_rh":"95%","light_reflectance":"85%","fire_reaction_en135011":"A2-s1,d0","iac_level":"-","material":"","rout_slot_spacing_and_uom":"","cross_tee_main_runner_interface":"","corrosive_resistant":"","fire_performance":"","clean_room":"","end_detail":"","formaldehyde_emissions":"E1","low_voc_emissions":"A+","sound_absorption":"0.60(H)","sound_absorption_class":"C","sound_reduction_index":"-","sound_attenuation":"34","sound_absorption_nrc":"0.6","compatible_grid_product_code":"BP312021A~BP312021BKA~BP312021SGA~BP312021WRA~BP313051B~BP313051BKB~BP313051SGB~BP313051WRB~BP314032A~BP314032BKA~BP314032SGA~BP314032WRA~BP092031~BP092031BK~BP092031SG~BP092031WR~BP093031~BP093031BK~BP093031SG~BP093031WR~BP093632~BP314032A~BP314032BKA~BP314032SGA~BP314032WRA~BPBERC2~BPES4~BPSJCG~BPSJMR15~BP400993~BP403493~BP404093G","floating_ceiling_frame_product_code":"BPAX22G24~BPAX32G24~BPAX33G24~BPAX42G24~BPAX43G24~BPAX44G24~BPAX52G24~BPAX53G24~BPAX54G24~BPAX55G24~BPCSAK22G24~BPCSAK32G24~BPCSAK33G24~BPCSAK42G24~BPCSAK43G24~BPCSAK44G24~BPCSAK52G24~BPCSAK53G24~BPCSAK54G24~BPCSAK55G24~BPCSAL32G24~BPCSAL33G24~BPCSAL42G24~BPCSAL43G24~BPCSAL44G24","installation_accessories":"","accessories":[{"code":""}]},{"edge_detail":"Board","images":[{"image":""}],"cls_item_number":"BP9121M3BBF","cls_description":"Fission FT Board Black","shortcode":"9121M","dimensions":"600mm (L) x 600mm (W) x 15mm (T)","colour_text":"Black","colour_select":[],"surface_sifyb":"Fission FT","recyclable":"S\u00ed","recycled_content":"51%","recyclable_through_zentia":"","cleanability_types":"Pa\u00f1o seco o cepillo suave","clean_room_classification":"","cradle_two_cradle_certification":"","durability":"","humidity_resistance_rh":"95%","light_reflectance":"","fire_reaction_en135011":"A2-s1,d0","iac_level":"","material":"","rout_slot_spacing_and_uom":"","cross_tee_main_runner_interface":"","corrosive_resistant":"","fire_performance":"","clean_room":"","end_detail":"","formaldehyde_emissions":"E1","low_voc_emissions":"A","sound_absorption":"0.60","sound_absorption_class":"C","sound_reduction_index":"","sound_attenuation":"36","sound_absorption_nrc":"0.60","compatible_grid_product_code":"BP312021A~BP312021BKA~BP312021SGA~BP312021WRA~BP313051B~BP313051BKB~BP313051SGB~BP313051WRB~BP314032A~BP314032BKA~BP314032SGA~BP314032WRA~BP092031~BP092031BK~BP092031SG~BP092031WR~BP093031~BP093031BK~BP093031SG~BP093031WR~BP093632~BP314032A~BP314032BKA~BP314032SGA~BP314032WRA","floating_ceiling_frame_product_code":"BPAX22G24~BPAX32G24~BPAX33G24~BPAX42G24~BPAX43G24~BPAX44G24~BPAX52G24~BPAX53G24~BPAX54G24~BPAX55G24~BPCSAK22G24~BPCSAK32G24~BPCSAK33G24~BPCSAK42G24~BPCSAK43G24~BPCSAK44G24~BPCSAK52G24~BPCSAK53G24~BPCSAK54G24~BPCSAK55G24~BPCSAL32G24~BPCSAL33G24~BPCSAL42G24~BPCSAL43G24~BPCSAL44G24","installation_accessories":"","accessories":null}],"override_related_items":false,"related_project_gallery":null,"related_faqs":null,"related_products":null,"related_documents_and_downloads":null,"download_all_documents":null},{"edge_detail":"Tegular24","product_image":"","variant_information":"Las tejas Fission FT se pueden pedir con un borde Tegular24. Este detalle de borde rebajado deja caer ligeramente la loseta del techo debajo de una suspensi\u00f3n de techo est\u00e1ndar, creando una imagen semibiselada en todo el techo.","variant_additional_information":"","sub_variants":[{"edge_detail":"Tegular24","images":[{"image":8314},{"image":8315},{"image":8316}],"cls_item_number":"BP9122M3F","cls_description":"Fission FT Tegular24","shortcode":"9122M","dimensions":"600mm (L) x 600mm (W) x 15mm (T)","colour_text":"White","colour_select":[],"surface_sifyb":"Fission FT","recyclable":"S\u00ed","recycled_content":"51%","recyclable_through_zentia":"","cleanability_types":"Pa\u00f1o seco o cepillo suave","clean_room_classification":"-","cradle_two_cradle_certification":"-","durability":"-","humidity_resistance_rh":"95%","light_reflectance":"85%","fire_reaction_en135011":"A2-s1,d0","iac_level":"-","material":"","rout_slot_spacing_and_uom":"","cross_tee_main_runner_interface":"","corrosive_resistant":"","fire_performance":"","clean_room":"","end_detail":"","formaldehyde_emissions":"E1","low_voc_emissions":"A+","sound_absorption":"0.60(H)","sound_absorption_class":"C","sound_reduction_index":"-","sound_attenuation":"34","sound_absorption_nrc":"0.6","compatible_grid_product_code":"BP312021A~BP312021BKA~BP312021SGA~BP312021WRA~BP313051B~BP313051BKB~BP313051SGB~BP313051WRB~BP314032A~BP314032BKA~BP314032SGA~BP314032WRA~BP092031~BP092031BK~BP092031SG~BP092031WR~BP093031~BP093031BK~BP093031SG~BP093031WR~BP093632~BP314032A~BP314032BKA~BP314032SGA~BP314032WRA~BPBERC2~BPES4~BPSJCG~BPSJMR15~BP400993~BP403493~BP404093G","floating_ceiling_frame_product_code":"BPAX22G24~BPAX32G24~BPAX33G24~BPAX42G24~BPAX43G24~BPAX44G24~BPAX52G24~BPAX53G24~BPAX54G24~BPAX55G24~BPCSACI33G24~BPCSACI44G24~BPCSACU43G24~BPCSACU44G24~BPCSACU53G24~BPCSACU55G24~BPCSAK22G24~BPCSAK32G24~BPCSAK33G24~BPCSAK42G24~BPCSAK43G24~BPCSAK44G24~BPCSAK52G24~BPCSAK53G24~BPCSAK54G24~BPCSAK55G24~BPCSAL32G24~BPCSAL33G24~BPCSAL42G24~BPCSAL43G24~BPCSAL44G24","installation_accessories":"","accessories":[{"code":""}]}],"override_related_items":false,"related_project_gallery":null,"related_faqs":null,"related_products":null,"related_documents_and_downloads":null,"download_all_documents":null},{"edge_detail":"Tegular15","product_image":"","variant_information":"Elija las losetas Fission FT con un borde Tegular15, un detalle de borde de corte cuadrado que deja caer ligeramente las losetas del techo debajo de una suspensi\u00f3n de techo est\u00e1ndar, ocultando parcialmente el dise\u00f1o de la rejilla y creando un efecto sombreado.","variant_additional_information":"","sub_variants":[{"edge_detail":"Tegular15","images":[{"image":8320},{"image":8312},{"image":8313}],"cls_item_number":"BP9202M3F","cls_description":"Fission FT Tegular15","shortcode":"9202M","dimensions":"600mm (L) x 600mm (W) x 15mm (T)","colour_text":"White","colour_select":[],"surface_sifyb":"Fission FT","recyclable":"S\u00ed","recycled_content":"51%","recyclable_through_zentia":"","cleanability_types":"Pa\u00f1o seco o cepillo suave","clean_room_classification":"-","cradle_two_cradle_certification":"-","durability":"-","humidity_resistance_rh":"95%","light_reflectance":"85%","fire_reaction_en135011":"A2-s1,d0","iac_level":"-","material":"","rout_slot_spacing_and_uom":"","cross_tee_main_runner_interface":"","corrosive_resistant":"","fire_performance":"","clean_room":"","end_detail":"","formaldehyde_emissions":"E1","low_voc_emissions":"A+","sound_absorption":"0.60(H)","sound_absorption_class":"C","sound_reduction_index":"-","sound_attenuation":"34","sound_absorption_nrc":"0.6","compatible_grid_product_code":"BP102033A~BP102033BKA~BP102033SGA~BP102033WRA~BP103033A~BP103033BKA~BP103033SGA~BP103033WRA~BP103633A~BP302033B~BP302033BKB~BP302033SGB~BP302033WRB~BP303033B~BP303033BKB~BP303033SGB~BP303033WRB~BP303632~BP612042G~BP613042G~BP614042H","floating_ceiling_frame_product_code":"BPAX22G15~BPAX32G15~BPAX33G15~BPAX42G15~BPAX43G15~BPAX44G15~BPAX52G15~BPAX53G15~BPAX54G15~BPAX55G15~BPCSAK22G15~BPCSAK32G15~BPCSAK33G15~BPCSAK42G15~BPCSAK43G15~BPCSAK44G15~BPCSAK52G15~BPCSAK53G15~BPCSAK54G15~BPCSAK55G15","installation_accessories":"","accessories":[{"code":""}]}],"override_related_items":false,"related_project_gallery":null,"related_faqs":null,"related_products":null,"related_documents_and_downloads":null,"download_all_documents":null}],"import_data":"Board,Board,Tegular,MicroLook::BP9120M3B,BP9121M3B,BP9122M3E,BP9202M3E::9120M,9121M,9122M,9202M::Fine Fissured Board,Fine Fissured Board,Fine Fissured Tegular,Fine Fissured MicroLook::1200mm (L) x 600mm (W) x 15mm (T),600mm (L) x 600mm (W) x 15mm (T),600mm (L) x 600mm (W) x 15mm (T),600mm (L) x 600mm (W) x 15mm (T)::White,White,White,White::Fine Fissured,Fine Fissured,Fine Fissured,Fine Fissured::0.60(H),0.60(H),0.60(H),0.60(H)::C,C,C,C::34,34,34,34::-,-,-,-::0.6,0.6,0.6,0.6::0.85,0.85,0.85,0.85::0.51,0.51,0.51,0.51::0.95,0.95,0.95,0.95::-,-,-,-::-,-,-,-::-,-,-,-::Dry cloth \/ Soft brush,Dry cloth \/ Soft brush,Dry cloth \/ Soft brush,Dry cloth \/ Soft brush::-,-,-,-::E1,E1,E1,E1::A+,A+,A+,A+::0.51,0.51,0.51,0.51::Yes,Yes,Yes,Yes::A2-s1,d0,A2-s1,d0,A2-s1,d0,A2-s1,d0::BP312021A~BP312021BKA~BP312021SGA~BP312021WRA~BP313051B~BP313051BKB~BP313051SGB~BP313051WRB~BP314032A~BP314032BKA~BP314032SGA~BP314032WRA~BP092031~BP092031BK~BP092031SG~BP092031WR~BP093031~BP093031BK~BP093031SG~BP093031WR~BP093632~BP314032A~BP314032BKA~BP314032SGA~BP314032WRA~BP400993~BP403493~BP404093G,BP312021A~BP312021BKA~BP312021SGA~BP312021WRA~BP313051B~BP313051BKB~BP313051SGB~BP313051WRB~BP314032A~BP314032BKA~BP314032SGA~BP314032WRA~BP092031~BP092031BK~BP092031SG~BP092031WR~BP093031~BP093031BK~BP093031SG~BP093031WR~BP093632~BP314032A~BP314032BKA~BP314032SGA~BP314032WRA~BPBERC2~BPES4~BPSJCG~BPSJMR15~BP400993~BP403493~BP404093G,BP312021A~BP312021BKA~BP312021SGA~BP312021WRA~BP313051B~BP313051BKB~BP313051SGB~BP313051WRB~BP314032A~BP314032BKA~BP314032SGA~BP314032WRA~BP092031~BP092031BK~BP092031SG~BP092031WR~BP093031~BP093031BK~BP093031SG~BP093031WR~BP093632~BP314032A~BP314032BKA~BP314032SGA~BP314032WRA~BPBERC2~BPES4~BPSJCG~BPSJMR15~BP400993~BP403493~BP404093G,BP102033A~BP102033BKA~BP102033SGA~BP102033WRA~BP103033A~BP103033BKA~BP103033SGA~BP103033WRA~BP103633A~BP302033B~BP302033BKB~BP302033SGB~BP302033WRB~BP303033B~BP303033BKB~BP303033SGB~BP303033WRB~BP303632~BP612042G~BP613042G~BP614042H::BPAX22G24~BPAX32G24~BPAX33G24~BPAX42G24~BPAX43G24~BPAX44G24~BPAX52G24~BPAX53G24~BPAX54G24~BPAX55G24~BPCSAK22G24~BPCSAK32G24~BPCSAK33G24~BPCSAK42G24~BPCSAK43G24~BPCSAK44G24~BPCSAK52G24~BPCSAK53G24~BPCSAK54G24~BPCSAK55G24~BPCSAL32G24~BPCSAL33G24~BPCSAL42G24~BPCSAL43G24~BPCSAL44G24,BPAX22G24~BPAX32G24~BPAX33G24~BPAX42G24~BPAX43G24~BPAX44G24~BPAX52G24~BPAX53G24~BPAX54G24~BPAX55G24~BPCSAK22G24~BPCSAK32G24~BPCSAK33G24~BPCSAK42G24~BPCSAK43G24~BPCSAK44G24~BPCSAK52G24~BPCSAK53G24~BPCSAK54G24~BPCSAK55G24~BPCSAL32G24~BPCSAL33G24~BPCSAL42G24~BPCSAL43G24~BPCSAL44G24,BPAX22G24~BPAX32G24~BPAX33G24~BPAX42G24~BPAX43G24~BPAX44G24~BPAX52G24~BPAX53G24~BPAX54G24~BPAX55G24~BPCSACI33G24~BPCSACI44G24~BPCSACU43G24~BPCSACU44G24~BPCSACU53G24~BPCSACU55G24~BPCSAK22G24~BPCSAK32G24~BPCSAK33G24~BPCSAK42G24~BPCSAK43G24~BPCSAK44G24~BPCSAK52G24~BPCSAK53G24~BPCSAK54G24~BPCSAK55G24~BPCSAL32G24~BPCSAL33G24~BPCSAL42G24~BPCSAL43G24~BPCSAL44G24,BPAX22G15~BPAX32G15~BPAX33G15~BPAX42G15~BPAX43G15~BPAX44G15~BPAX52G15~BPAX53G15~BPAX54G15~BPAX55G15~BPCSAK22G15~BPCSAK32G15~BPCSAK33G15~BPCSAK42G15~BPCSAK43G15~BPCSAK44G15~BPCSAK52G15~BPCSAK53G15~BPCSAK54G15~BPCSAK55G15::Zentia Fine Fissured Board 15mm angle.jpg,Zentia Fine Fissured Board 15mm angle.jpg,Zentia Fine Fissured Tegular angle.jpg,Zentia Fine Fissured Microlook 90 15mm angle.jpg","file_label":"Descargar Ficha T\u00e9cnica","file":8550,"warranties":null,"product_manuals":null,"nbs":"","documents_downloads_title":"","related_documents_and_downloads":"","download_bim":"","download_all_documents":"","listing_label":"","solution_finder_toggle":false,"solution_finder_intro":"","solution_finder_points":null,"template":{"":null,"related_project_gallery":"","template_faq":"","space_bottom":false,"related_products_title":"","related_products":[4738,4721,4711,8098],"hide_form":false}},"yoast_head":"<!-- This site is optimized with the Yoast SEO plugin v27.5 - https:\/\/yoast.com\/product\/yoast-seo-wordpress\/ -->\n<title>Fission FT | Suspended Ceiling Solutions | Zentia<\/title>\n<meta name=\"description\" content=\"Fission FT es una placa mineral blanca para techo que ofrece un rendimiento ac\u00fastico asequible. Fisuras no direccionales para una f\u00e1cil instalaci\u00f3n. \u00a1Descubre m\u00e1s!\" \/>\n<meta name=\"robots\" content=\"index, follow, max-snippet:-1, max-image-preview:large, max-video-preview:-1\" \/>\n<link rel=\"canonical\" href=\"https:\/\/www.zentia.com\/es-es\/soluciones\/productos\/paneles-de-techo\/fission-ft\/\" \/>\n<meta property=\"og:locale\" content=\"es_ES\" \/>\n<meta property=\"og:type\" content=\"article\" \/>\n<meta property=\"og:title\" content=\"Fission FT | Suspended Ceiling Solutions | Zentia\" \/>\n<meta property=\"og:description\" content=\"Fission FT es una placa mineral blanca para techo que ofrece un rendimiento ac\u00fastico asequible. Fisuras no direccionales para una f\u00e1cil instalaci\u00f3n. \u00a1Descubre m\u00e1s!\" \/>\n<meta property=\"og:url\" content=\"https:\/\/www.zentia.com\/es-es\/soluciones\/productos\/paneles-de-techo\/fission-ft\/\" \/>\n<meta property=\"og:site_name\" content=\"Zentia\" \/>\n<meta property=\"article:modified_time\" content=\"2025-05-07T10:13:55+00:00\" \/>\n<meta name=\"twitter:card\" content=\"summary_large_image\" \/>\n<script type=\"application\/ld+json\" class=\"yoast-schema-graph\">{\"@context\":\"https:\\\/\\\/schema.org\",\"@graph\":[{\"@type\":\"WebPage\",\"@id\":\"https:\\\/\\\/www.zentia.com\\\/es-es\\\/soluciones\\\/productos\\\/paneles-de-techo\\\/fission-ft\\\/\",\"url\":\"https:\\\/\\\/www.zentia.com\\\/es-es\\\/soluciones\\\/productos\\\/paneles-de-techo\\\/fission-ft\\\/\",\"name\":\"Fission FT | Suspended Ceiling Solutions | Zentia\",\"isPartOf\":{\"@id\":\"https:\\\/\\\/www.zentia.com\\\/es-es\\\/#website\"},\"datePublished\":\"2022-07-21T08:52:34+00:00\",\"dateModified\":\"2025-05-07T10:13:55+00:00\",\"description\":\"Fission FT es una placa mineral blanca para techo que ofrece un rendimiento ac\u00fastico asequible. Fisuras no direccionales para una f\u00e1cil instalaci\u00f3n. \u00a1Descubre m\u00e1s!\",\"breadcrumb\":{\"@id\":\"https:\\\/\\\/www.zentia.com\\\/es-es\\\/soluciones\\\/productos\\\/paneles-de-techo\\\/fission-ft\\\/#breadcrumb\"},\"inLanguage\":\"es\",\"potentialAction\":[{\"@type\":\"ReadAction\",\"target\":[\"https:\\\/\\\/www.zentia.com\\\/es-es\\\/soluciones\\\/productos\\\/paneles-de-techo\\\/fission-ft\\\/\"]}]},{\"@type\":\"BreadcrumbList\",\"@id\":\"https:\\\/\\\/www.zentia.com\\\/es-es\\\/soluciones\\\/productos\\\/paneles-de-techo\\\/fission-ft\\\/#breadcrumb\",\"itemListElement\":[{\"@type\":\"ListItem\",\"position\":1,\"name\":\"Inicio\",\"item\":\"https:\\\/\\\/www.zentia.com\\\/es-es\\\/\"},{\"@type\":\"ListItem\",\"position\":2,\"name\":\"Fission FT\"}]},{\"@type\":\"WebSite\",\"@id\":\"https:\\\/\\\/www.zentia.com\\\/es-es\\\/#website\",\"url\":\"https:\\\/\\\/www.zentia.com\\\/es-es\\\/\",\"name\":\"Zentia\",\"description\":\"\",\"potentialAction\":[{\"@type\":\"SearchAction\",\"target\":{\"@type\":\"EntryPoint\",\"urlTemplate\":\"https:\\\/\\\/www.zentia.com\\\/es-es\\\/?s={search_term_string}\"},\"query-input\":{\"@type\":\"PropertyValueSpecification\",\"valueRequired\":true,\"valueName\":\"search_term_string\"}}],\"inLanguage\":\"es\"}]}<\/script>\n<!-- \/ Yoast SEO plugin. -->","yoast_head_json":{"title":"Fission FT | Suspended Ceiling Solutions | Zentia","description":"Fission FT es una placa mineral blanca para techo que ofrece un rendimiento ac\u00fastico asequible. Fisuras no direccionales para una f\u00e1cil instalaci\u00f3n. \u00a1Descubre m\u00e1s!","robots":{"index":"index","follow":"follow","max-snippet":"max-snippet:-1","max-image-preview":"max-image-preview:large","max-video-preview":"max-video-preview:-1"},"canonical":"https:\/\/www.zentia.com\/es-es\/soluciones\/productos\/paneles-de-techo\/fission-ft\/","og_locale":"es_ES","og_type":"article","og_title":"Fission FT | Suspended Ceiling Solutions | Zentia","og_description":"Fission FT es una placa mineral blanca para techo que ofrece un rendimiento ac\u00fastico asequible. Fisuras no direccionales para una f\u00e1cil instalaci\u00f3n. \u00a1Descubre m\u00e1s!","og_url":"https:\/\/www.zentia.com\/es-es\/soluciones\/productos\/paneles-de-techo\/fission-ft\/","og_site_name":"Zentia","article_modified_time":"2025-05-07T10:13:55+00:00","twitter_card":"summary_large_image","schema":{"@context":"https:\/\/schema.org","@graph":[{"@type":"WebPage","@id":"https:\/\/www.zentia.com\/es-es\/soluciones\/productos\/paneles-de-techo\/fission-ft\/","url":"https:\/\/www.zentia.com\/es-es\/soluciones\/productos\/paneles-de-techo\/fission-ft\/","name":"Fission FT | Suspended Ceiling Solutions | Zentia","isPartOf":{"@id":"https:\/\/www.zentia.com\/es-es\/#website"},"datePublished":"2022-07-21T08:52:34+00:00","dateModified":"2025-05-07T10:13:55+00:00","description":"Fission FT es una placa mineral blanca para techo que ofrece un rendimiento ac\u00fastico asequible. Fisuras no direccionales para una f\u00e1cil instalaci\u00f3n. \u00a1Descubre m\u00e1s!","breadcrumb":{"@id":"https:\/\/www.zentia.com\/es-es\/soluciones\/productos\/paneles-de-techo\/fission-ft\/#breadcrumb"},"inLanguage":"es","potentialAction":[{"@type":"ReadAction","target":["https:\/\/www.zentia.com\/es-es\/soluciones\/productos\/paneles-de-techo\/fission-ft\/"]}]},{"@type":"BreadcrumbList","@id":"https:\/\/www.zentia.com\/es-es\/soluciones\/productos\/paneles-de-techo\/fission-ft\/#breadcrumb","itemListElement":[{"@type":"ListItem","position":1,"name":"Inicio","item":"https:\/\/www.zentia.com\/es-es\/"},{"@type":"ListItem","position":2,"name":"Fission FT"}]},{"@type":"WebSite","@id":"https:\/\/www.zentia.com\/es-es\/#website","url":"https:\/\/www.zentia.com\/es-es\/","name":"Zentia","description":"","potentialAction":[{"@type":"SearchAction","target":{"@type":"EntryPoint","urlTemplate":"https:\/\/www.zentia.com\/es-es\/?s={search_term_string}"},"query-input":{"@type":"PropertyValueSpecification","valueRequired":true,"valueName":"search_term_string"}}],"inLanguage":"es"}]}},"_links":{"self":[{"href":"https:\/\/www.zentia.com\/es-es\/wp-json\/wp\/v2\/product\/4725","targetHints":{"allow":["GET"]}}],"collection":[{"href":"https:\/\/www.zentia.com\/es-es\/wp-json\/wp\/v2\/product"}],"about":[{"href":"https:\/\/www.zentia.com\/es-es\/wp-json\/wp\/v2\/types\/product"}],"wp:attachment":[{"href":"https:\/\/www.zentia.com\/es-es\/wp-json\/wp\/v2\/media?parent=4725"}],"wp:term":[{"taxonomy":"product-type","embeddable":true,"href":"https:\/\/www.zentia.com\/es-es\/wp-json\/wp\/v2\/product-type?post=4725"}],"curies":[{"name":"wp","href":"https:\/\/api.w.org\/{rel}","templated":true}]}}