{"id":4726,"date":"2022-07-21T09:53:06","date_gmt":"2022-07-21T08:53:06","guid":{"rendered":"https:\/\/zentia.mediaworksdev.co.uk\/en-gb\/solutions\/products\/%product-type%\/hydroboard\/"},"modified":"2025-12-22T09:28:14","modified_gmt":"2025-12-22T09:28:14","slug":"hydrabloc","status":"publish","type":"product","link":"https:\/\/www.zentia.com\/es-es\/soluciones\/productos\/paneles-de-techo\/hydrabloc\/","title":{"rendered":"Hydrabloc"},"featured_media":0,"parent":0,"template":"","product-type":[652],"class_list":["post-4726","product","type-product","status-publish","hentry","product-family-category-hydrabloc","product-type-paneles-de-techo","edge-detail-board","edge-detail-tegular24","sound-absorption-class-a","sound-reduction-901","product-colour-white","product-sizes-1200mm-l-x-600mm-w-x-15mm-t","product-sizes-600mm-l-x-600mm-w-x-15mm-t","sound-absorption-alpha-864","sound-absorption-nrc-0-9","sound-attentuation-881","solution-finder-toggle-x","recycled-content-0-2","humidity-resistance-832","cleanroom-classification-822"],"acf":{"hero":{"title":"Hydrabloc","sub_label":"","introduction":"<span data-contrast=\"none\">Consigue una alta absorci\u00f3n ac\u00fastica de Clase A en ambientes h\u00famedos, elije las placas de techo suspendido Hydrabloc. Dise\u00f1ado para espacios de alta humedad como duchas, salas de hidroterapia y vestuarios.<\/span><span data-ccp-props=\"{&quot;134233117&quot;:true,&quot;134233118&quot;:true,&quot;201341983&quot;:0,&quot;335557856&quot;:16777215,&quot;335559740&quot;:360}\">\u00a0<\/span>\r\n\r\n<span data-contrast=\"none\">Las placas Hydrabloc resistentes a la humedad han sido probadas para resistir en condiciones desfavorables gracias a su resistencia y han demostrado ser estables en condiciones de humedad relativa (RH) permanente del 95 % y en condiciones temporales de hasta el 100 % de RH. Esto significa que las placas de techo no se deformar\u00e1n en condiciones de humedad.<\/span><span data-ccp-props=\"{&quot;134233117&quot;:true,&quot;134233118&quot;:true,&quot;201341983&quot;:0,&quot;335557856&quot;:16777215,&quot;335559740&quot;:360}\">\u00a0<\/span>\r\n\r\n<span data-contrast=\"none\">Disponibles en color blanco y en dos tipos de cantos diferentes, las placas de techo Hydrabloc proporcionan un 82 % de reflectancia de la luz. Esto ilumina los interiores y reduce la necesidad de luz artificial.<\/span><span data-ccp-props=\"{&quot;201341983&quot;:0,&quot;335557856&quot;:16777215,&quot;335559739&quot;:0,&quot;335559740&quot;:360}\">\u00a0<\/span>\r\n<ul>\r\n \t<li data-leveltext=\"\uf0b7\" data-font=\"Symbol\" data-listid=\"3\" data-list-defn-props=\"{&quot;335552541&quot;:1,&quot;335559684&quot;:-2,&quot;335559685&quot;:720,&quot;335559991&quot;:360,&quot;469769226&quot;:&quot;Symbol&quot;,&quot;469769242&quot;:[8226],&quot;469777803&quot;:&quot;left&quot;,&quot;469777804&quot;:&quot;\uf0b7&quot;,&quot;469777815&quot;:&quot;multilevel&quot;}\" aria-setsize=\"-1\" data-aria-posinset=\"1\" data-aria-level=\"1\"><b><span data-contrast=\"none\">Interiores tranquilos y sosegados: <\/span><\/b><span data-contrast=\"none\">los placas especiales Hydrabloc son una excelente opci\u00f3n para ambientes h\u00famedos. Reduzca la reverberaci\u00f3n y controle los niveles de ruido con estas placas con una absorci\u00f3n ac\u00fastica Clase A<\/span><b><span data-contrast=\"none\">.<\/span><\/b><span data-ccp-props=\"{&quot;134233117&quot;:true,&quot;134233118&quot;:true,&quot;201341983&quot;:0,&quot;335557856&quot;:16777215,&quot;335559740&quot;:360}\">\u00a0<\/span><\/li>\r\n \t<li data-leveltext=\"\uf0b7\" data-font=\"Symbol\" data-listid=\"3\" data-list-defn-props=\"{&quot;335552541&quot;:1,&quot;335559684&quot;:-2,&quot;335559685&quot;:720,&quot;335559991&quot;:360,&quot;469769226&quot;:&quot;Symbol&quot;,&quot;469769242&quot;:[8226],&quot;469777803&quot;:&quot;left&quot;,&quot;469777804&quot;:&quot;\uf0b7&quot;,&quot;469777815&quot;:&quot;multilevel&quot;}\" aria-setsize=\"-1\" data-aria-posinset=\"1\" data-aria-level=\"1\"><b><span data-contrast=\"none\">Estabilidad en ambientes h\u00famedos: <\/span><\/b><span data-contrast=\"none\">las placas de techo Hydrabloc no se deforman con el paso del tiempo, lo que reduce la necesidad de reemplazar las placas de techo. Se pueden instalar en temperaturas que oscilan entre 0 y 40 \u00b0C sin afectar la integridad de las placas. Especifique con sistemas de suspensi\u00f3n especial resistente a la corrosi\u00f3n para a\u00f1adir un nivel adicional de resistencia a la soluci\u00f3n de techo<\/span><b><span data-contrast=\"none\">.<\/span><\/b><span data-ccp-props=\"{&quot;134233117&quot;:true,&quot;134233118&quot;:true,&quot;201341983&quot;:0,&quot;335557856&quot;:16777215,&quot;335559740&quot;:360}\">\u00a0<\/span><\/li>\r\n \t<li data-leveltext=\"\uf0b7\" data-font=\"Symbol\" data-listid=\"3\" data-list-defn-props=\"{&quot;335552541&quot;:1,&quot;335559684&quot;:-2,&quot;335559685&quot;:720,&quot;335559991&quot;:360,&quot;469769226&quot;:&quot;Symbol&quot;,&quot;469769242&quot;:[8226],&quot;469777803&quot;:&quot;left&quot;,&quot;469777804&quot;:&quot;\uf0b7&quot;,&quot;469777815&quot;:&quot;multilevel&quot;}\" aria-setsize=\"-1\" data-aria-posinset=\"1\" data-aria-level=\"1\"><b><span data-contrast=\"none\">Garant\u00eda del sistema de 30 a\u00f1os: <\/span><\/b><span data-contrast=\"none\">las placas de techo Hydrabloc disponen de una garant\u00eda de 30 a\u00f1os si se instalan conjuntamente con el sistema de suspensi\u00f3n Zentia y as\u00ed ofrecerle la mayor confianza en la calidad de la soluci\u00f3n de techo elegida.\u202f<\/span><span data-ccp-props=\"{&quot;134233117&quot;:true,&quot;134233118&quot;:true,&quot;201341983&quot;:0,&quot;335557856&quot;:16777215,&quot;335559738&quot;:0,&quot;335559739&quot;:0,&quot;335559740&quot;:360}\">\u00a0<\/span><\/li>\r\n<\/ul>","introduction_short":"<span data-contrast=\"none\">Consigue una alta absorci\u00f3n ac\u00fastica de Clase A en ambientes h\u00famedos, elije las placas de techo suspendido Hydrabloc. Dise\u00f1ado para espacios de alta humedad como duchas, salas de hidroterapia y vestuarios.<\/span><span data-ccp-props=\"{&quot;134233117&quot;:true,&quot;134233118&quot;:true,&quot;201341983&quot;:0,&quot;335557856&quot;:16777215,&quot;335559740&quot;:360}\">\u00a0<\/span>\r\n\r\n<span data-contrast=\"none\">Las placas Hydrabloc resistentes a la humedad han sido probadas para resistir en condiciones desfavorables gracias a su resistencia y han demostrado ser estables en condiciones de humedad relativa (RH) permanente del 95 % y en condiciones temporales de hasta el 100 % de RH. Esto significa que las placas de techo no se deformar\u00e1n en condiciones de humedad.<\/span><span data-ccp-props=\"{&quot;134233117&quot;:true,&quot;134233118&quot;:true,&quot;201341983&quot;:0,&quot;335557856&quot;:16777215,&quot;335559740&quot;:360}\">\u00a0<\/span>","gallery":[7919,7916],"datasheet":"","video_url":"","space_bottom":false},"images":null,"product_variant_alt_toggle":true,"product_variant":[{"edge_detail":"Board","product_image":"","variant_information":"Las placas de techo con canto recto encaja perfectamente en la perfiler\u00eda del techo suspendido. Los cantos de la placa crean una superficie de techo suave para un acabado limpio y saludable. ","variant_additional_information":"<h2>Hydrabloc<\/h2>\r\n<h3>Informaci\u00f3n T\u00e9cnica<\/h3>\r\n<strong>Ac\u00fastica<\/strong>\r\n\r\nLas placas de techo Hydrabloc resistentes a la humedad proporcionan una alta absorci\u00f3n ac\u00fastica de Clase A. Tambi\u00e9n ofrecen un buen rendimiento de atenuaci\u00f3n lateral ac\u00fastica de 22 dB. Son una excelente opci\u00f3n para ambientes terap\u00e9uticos c\u00e1lidos y h\u00famedos.\r\n\r\n<strong>Sostenibilidad<\/strong>\r\n\r\nLas placas de techo Hydrabloc contienen hasta un 20% de contenido reciclado en su fabricaci\u00f3n.\r\n\r\nClasificaci\u00f3n E1 de emisiones de formaldeh\u00eddo.\r\n\r\n<strong>Seguridad contra el fuego y otros detalles t\u00e9cnicos<\/strong>\r\n\r\nLas placas de techo Hydrabloc , certificadas seg\u00fan la norma contra incendios EN 13501-1 tienen una clasificaci\u00f3n ign\u00edfuga A2-s1,d0. Esto significa que en una situaci\u00f3n de incendio completamente desarrollado no contribuir\u00e1n a la carga de fuego ni a su crecimiento.\r\n\r\nLas placas de techo se pueden limpiar con un pa\u00f1o seco o un cepillo suave. Tambi\u00e9n se pueden limpiar suavemente con una esponja o un pa\u00f1o h\u00famedo. Resistencia a la humedad relativa del 95 % de resistencia a la humedad relativa y en condiciones temporales del 100% .","sub_variants":[{"edge_detail":"Board","images":[{"image":7546},{"image":7921},{"image":7919}],"cls_item_number":"BP3687M6H","cls_description":"Hydrabloc Board","shortcode":"3687M","dimensions":"600mm (L) x 600mm (W) x 15mm (T)","colour_text":"White","colour_select":[814],"surface_sifyb":"Hydrabloc","recyclable":"S\u00ed","recycled_content":"85%","recyclable_through_zentia":"","cleanability_types":"Pa\u00f1o seco o cepillo suave","clean_room_classification":"-","cradle_two_cradle_certification":"-","durability":"-","humidity_resistance_rh":"100%","light_reflectance":"89%","fire_reaction_en135011":"A2-s1,d0","iac_level":"-","material":"","rout_slot_spacing_and_uom":"","cross_tee_main_runner_interface":"","corrosive_resistant":"","fire_performance":"","clean_room":"","end_detail":"","formaldehyde_emissions":"E1","low_voc_emissions":"A","sound_absorption":"1.00","sound_absorption_class":"A","sound_reduction_index":"-","sound_attenuation":"22","sound_absorption_nrc":"0.9","compatible_grid_product_code":"BP312021A~BP312021BKA~BP312021SGA~BP312021WRA~BP313051B~BP313051BKB~BP313051SGB~BP313051WRB~BP314032A~BP314032BKA~BP314032SGA~BP314032WRA~BP092031~BP092031BK~BP092031SG~BP092031WR~BP093031~BP093031BK~BP093031SG~BP093031WR~BP093632~BP314032A~BP314032BKA~BP314032SGA~BP314032WRA~BP152032~BP153032~BP284042~BP400993~BP403493~BP404093G","floating_ceiling_frame_product_code":"BPAX22G24~BPAX32G24~BPAX33G24~BPAX42G24~BPAX43G24~BPAX44G24~BPAX52G24~BPAX53G24~BPAX54G24~BPAX55G24~BPCSAK22G24~BPCSAK32G24~BPCSAK33G24~BPCSAK42G24~BPCSAK43G24~BPCSAK44G24~BPCSAK52G24~BPCSAK53G24~BPCSAK54G24~BPCSAK55G24~BPCSAL32G24~BPCSAL33G24~BPCSAL42G24~BPCSAL43G24~BPCSAL44G24","installation_accessories":"","accessories":[{"code":""}]},{"edge_detail":"Board","images":[{"image":7546},{"image":7921},{"image":7919}],"cls_item_number":"BP3688M6H","cls_description":"Hydroboard Board","shortcode":"3688M","dimensions":"1200mm (L) x 600mm (W) x 15mm (T)","colour_text":"White","colour_select":[814],"surface_sifyb":"Hydroboard","recyclable":"S\u00ed","recycled_content":"85%","recyclable_through_zentia":"","cleanability_types":"Pa\u00f1o seco o cepillo suave","clean_room_classification":"-","cradle_two_cradle_certification":"-","durability":"-","humidity_resistance_rh":"100%","light_reflectance":"89%","fire_reaction_en135011":"A2-s1,d0","iac_level":"-","material":"","rout_slot_spacing_and_uom":"","cross_tee_main_runner_interface":"","corrosive_resistant":"","fire_performance":"","clean_room":"","end_detail":"","formaldehyde_emissions":"E1","low_voc_emissions":"A","sound_absorption":"1.00","sound_absorption_class":"A","sound_reduction_index":"-","sound_attenuation":"22","sound_absorption_nrc":"0.9","compatible_grid_product_code":"BP312021A~BP312021BKA~BP312021SGA~BP312021WRA~BP313051B~BP313051BKB~BP313051SGB~BP313051WRB~BP314032A~BP314032BKA~BP314032SGA~BP314032WRA~BP092031~BP092031BK~BP092031SG~BP092031WR~BP093031~BP093031BK~BP093031SG~BP093031WR~BP093632~BP314032A~BP314032BKA~BP314032SGA~BP314032WRA~BP152032~BP153032~BP284042~BP400993~BP403493~BP404093G","floating_ceiling_frame_product_code":"BPAX22G24~BPAX32G24~BPAX33G24~BPAX42G24~BPAX43G24~BPAX44G24~BPAX52G24~BPAX53G24~BPAX54G24~BPAX55G24~BPCSAK22G24~BPCSAK32G24~BPCSAK33G24~BPCSAK42G24~BPCSAK43G24~BPCSAK44G24~BPCSAK52G24~BPCSAK53G24~BPCSAK54G24~BPCSAK55G24~BPCSAL32G24~BPCSAL33G24~BPCSAL42G24~BPCSAL43G24~BPCSAL44G24","installation_accessories":"","accessories":[{"code":""}]}],"override_related_items":false,"related_project_gallery":null,"related_faqs":null,"related_products":null,"related_documents_and_downloads":null,"download_all_documents":null},{"edge_detail":"Tegular24","product_image":"","variant_information":"Las placas de techo con canto Tegular24 quedan ligeramente rebajadas -escalonadas de la perfiler\u00eda del techo suspendido, creando una imagen semi-oculta en todo el sistema de techo.\u202f ","variant_additional_information":"<h2>Hydrabloc<\/h2>\r\n<h3>Informaci\u00f3n T\u00e9cnica<\/h3>\r\n<strong>Ac\u00fastica<\/strong>\r\n\r\nLas placas de techo Hydrabloc resistentes a la humedad proporcionan una alta absorci\u00f3n ac\u00fastica de Clase A. Tambi\u00e9n ofrecen un buen rendimiento de atenuaci\u00f3n lateral ac\u00fastica de 22 dB. Son una excelente opci\u00f3n para ambientes terap\u00e9uticos c\u00e1lidos y h\u00famedos.\r\n\r\n<strong>Sostenibilidad<\/strong>\r\n\r\nLas placas de techo Hydrabloc contienen hasta un 20% de contenido reciclado en su fabricaci\u00f3n.\r\n\r\nClasificaci\u00f3n E1 de emisiones de formaldeh\u00eddo.\r\n\r\n<strong>Seguridad contra el fuego y otros detalles t\u00e9cnicos<\/strong>\r\n\r\nLas placas de techo Hydrabloc , certificadas seg\u00fan la norma contra incendios EN 13501-1 tienen una clasificaci\u00f3n ign\u00edfuga A2-s1,d0. Esto significa que en una situaci\u00f3n de incendio completamente desarrollado no contribuir\u00e1n a la carga de fuego ni a su crecimiento.\r\n\r\nLas placas de techo se pueden limpiar con un pa\u00f1o seco o un cepillo suave. Tambi\u00e9n se pueden limpiar suavemente con una esponja o un pa\u00f1o h\u00famedo. Resistencia a la humedad relativa del 95 % de resistencia a la humedad relativa y en condiciones temporales del 100% .","sub_variants":[{"edge_detail":"Tegular24","images":[{"image":7918},{"image":7916}],"cls_item_number":"BP3689M6H","cls_description":"Hydroboard Tegular 90 (8mm reveal)","shortcode":"3689M","dimensions":"600mm (L) x 600mm (W) x 15mm (T)","colour_text":"White","colour_select":[814],"surface_sifyb":"Hydroboard","recyclable":"S\u00ed","recycled_content":"85%","recyclable_through_zentia":"","cleanability_types":"Pa\u00f1o seco o cepillo suave","clean_room_classification":"-","cradle_two_cradle_certification":"-","durability":"-","humidity_resistance_rh":"100%","light_reflectance":"89%","fire_reaction_en135011":"A2-s1,d0","iac_level":"-","material":"","rout_slot_spacing_and_uom":"","cross_tee_main_runner_interface":"","corrosive_resistant":"","fire_performance":"","clean_room":"","end_detail":"","formaldehyde_emissions":"E1","low_voc_emissions":"A","sound_absorption":"1.00","sound_absorption_class":"A","sound_reduction_index":"-","sound_attenuation":"22","sound_absorption_nrc":"0.9","compatible_grid_product_code":"BP312021A~BP312021BKA~BP312021SGA~BP312021WRA~BP313051B~BP313051BKB~BP313051SGB~BP313051WRB~BP314032A~BP314032BKA~BP314032SGA~BP314032WRA~BP092031~BP092031BK~BP092031SG~BP092031WR~BP093031~BP093031BK~BP093031SG~BP093031WR~BP093632~BP314032A~BP314032BKA~BP314032SGA~BP314032WRA~BP152032~BP153032~BP284042~BP400993~BP403493~BP404093G","floating_ceiling_frame_product_code":"BPAX22G24~BPAX32G24~BPAX33G24~BPAX42G24~BPAX43G24~BPAX44G24~BPAX52G24~BPAX53G24~BPAX54G24~BPAX55G24~BPCSACI33G24~BPCSACI44G24~BPCSACU43G24~BPCSACU44G24~BPCSACU53G24~BPCSACU55G24~BPCSAK22G24~BPCSAK32G24~BPCSAK33G24~BPCSAK42G24~BPCSAK43G24~BPCSAK44G24~BPCSAK52G24~BPCSAK53G24~BPCSAK54G24~BPCSAK55G24~BPCSAL32G24~BPCSAL33G24~BPCSAL42G24~BPCSAL43G24~BPCSAL44G24","installation_accessories":"","accessories":[{"code":""}]}],"override_related_items":false,"related_project_gallery":null,"related_faqs":null,"related_products":null,"related_documents_and_downloads":null,"download_all_documents":null}],"import_data":"Board,Board,Tegular,MicroLook 90::BP3687M6G,BP3688M6G,BP3689M6G,BP3691M6G::3687M,3688M,3689M,3691M::Hydroboard Board,Hydroboard Board,Hydroboard Tegular 90 (8mm reveal),Hydroboard MicroLook 90::600mm (L) x 600mm (W) x 15mm (T),1200mm (L) x 600mm (W) x 15mm (T),600mm (L) x 600mm (W) x 15mm (T),600mm (L) x 600mm (W) x 15mm (T)::White,White,White,White::Hydroboard,Hydroboard,Hydroboard,Hydroboard::0.95,0.95,0.95,0.95::A,A,A,A::22,22,22,22::-,-,-,-::0.9,0.9,0.9,0.9::0.82,0.82,0.82,0.82::0.2,0.2,0.2,0.2::1,1,1,1::-,-,-,-::-,-,-,-::-,-,-,-::Dry cloth \/ Soft brush,Dry cloth \/ Soft brush,Dry cloth \/ Soft brush,Dry cloth \/ Soft brush::-,-,-,-::E1,E1,E1,E1::A,A,A,A::0.2,0.2,0.2,0.2::Yes,Yes,Yes,Yes::A2-s1,d0,A2-s1,d0,A2-s1,d0,A2-s1,d0::BP312021A~BP312021BKA~BP312021SGA~BP312021WRA~BP313051B~BP313051BKB~BP313051SGB~BP313051WRB~BP314032A~BP314032BKA~BP314032SGA~BP314032WRA~BP092031~BP092031BK~BP092031SG~BP092031WR~BP093031~BP093031BK~BP093031SG~BP093031WR~BP093632~BP314032A~BP314032BKA~BP314032SGA~BP314032WRA~BP152032~BP153032~BP284042~BP400993~BP403493~BP404093G,BP312021A~BP312021BKA~BP312021SGA~BP312021WRA~BP313051B~BP313051BKB~BP313051SGB~BP313051WRB~BP314032A~BP314032BKA~BP314032SGA~BP314032WRA~BP092031~BP092031BK~BP092031SG~BP092031WR~BP093031~BP093031BK~BP093031SG~BP093031WR~BP093632~BP314032A~BP314032BKA~BP314032SGA~BP314032WRA~BP152032~BP153032~BP284042~BP400993~BP403493~BP404093G,BP312021A~BP312021BKA~BP312021SGA~BP312021WRA~BP313051B~BP313051BKB~BP313051SGB~BP313051WRB~BP314032A~BP314032BKA~BP314032SGA~BP314032WRA~BP092031~BP092031BK~BP092031SG~BP092031WR~BP093031~BP093031BK~BP093031SG~BP093031WR~BP093632~BP314032A~BP314032BKA~BP314032SGA~BP314032WRA~BP152032~BP153032~BP284042~BP400993~BP403493~BP404093G,BP102033A~BP102033BKA~BP102033SGA~BP102033WRA~BP103033A~BP103033BKA~BP103033SGA~BP103033WRA~BP103633A~BP302033B~BP302033BKB~BP302033SGB~BP302033WRB~BP303033B~BP303033BKB~BP303033SGB~BP303033WRB~BP303632~BP612042G~BP613042G~BP614042H~BP812042WRG~BP813042WRG~BP814042WRG~BPMCC4G::BPAX22G24~BPAX32G24~BPAX33G24~BPAX42G24~BPAX43G24~BPAX44G24~BPAX52G24~BPAX53G24~BPAX54G24~BPAX55G24~BPCSAK22G24~BPCSAK32G24~BPCSAK33G24~BPCSAK42G24~BPCSAK43G24~BPCSAK44G24~BPCSAK52G24~BPCSAK53G24~BPCSAK54G24~BPCSAK55G24~BPCSAL32G24~BPCSAL33G24~BPCSAL42G24~BPCSAL43G24~BPCSAL44G24,BPAX22G24~BPAX32G24~BPAX33G24~BPAX42G24~BPAX43G24~BPAX44G24~BPAX52G24~BPAX53G24~BPAX54G24~BPAX55G24~BPCSAK22G24~BPCSAK32G24~BPCSAK33G24~BPCSAK42G24~BPCSAK43G24~BPCSAK44G24~BPCSAK52G24~BPCSAK53G24~BPCSAK54G24~BPCSAK55G24~BPCSAL32G24~BPCSAL33G24~BPCSAL42G24~BPCSAL43G24~BPCSAL44G24,BPAX22G24~BPAX32G24~BPAX33G24~BPAX42G24~BPAX43G24~BPAX44G24~BPAX52G24~BPAX53G24~BPAX54G24~BPAX55G24~BPCSACI33G24~BPCSACI44G24~BPCSACU43G24~BPCSACU44G24~BPCSACU53G24~BPCSACU55G24~BPCSAK22G24~BPCSAK32G24~BPCSAK33G24~BPCSAK42G24~BPCSAK43G24~BPCSAK44G24~BPCSAK52G24~BPCSAK53G24~BPCSAK54G24~BPCSAK55G24~BPCSAL32G24~BPCSAL33G24~BPCSAL42G24~BPCSAL43G24~BPCSAL44G24,BPAX22G15~BPAX32G15~BPAX33G15~BPAX42G15~BPAX43G15~BPAX44G15~BPAX52G15~BPAX53G15~BPAX54G15~BPAX55G15~BPCSACI33G15~BPCSACI44G15~BPCSAK22G15~BPCSAK32G15~BPCSAK33G15~BPCSAK42G15~BPCSAK43G15~BPCSAK44G15~BPCSAK52G15~BPCSAK53G15~BPCSAK54G15~BPCSAK55G15::Zentia Hydroboard - Board angle.jpg,Zentia Hydroboard - Board angle.jpg,Zentia Hydroboard Tegular angle.jpg,Zentia Hydroboard Microlook angle.jpg","file_label":"Descargar ficha t\u00e9cnica","file":8841,"warranties":null,"product_manuals":null,"nbs":"","documents_downloads_title":"","related_documents_and_downloads":"","download_bim":"","download_all_documents":"","listing_label":"","solution_finder_toggle":false,"solution_finder_intro":"","solution_finder_points":null,"template":{"":null,"related_project_gallery":[7888],"template_faq":[7554,7555,7791,7792],"space_bottom":false,"related_products_title":"Related products","related_products":[6705,4713,4716,4727],"hide_form":false}},"yoast_head":"<!-- This site is optimized with the Yoast SEO plugin v27.3 - https:\/\/yoast.com\/product\/yoast-seo-wordpress\/ -->\n<title>Hydrabloc | Suspended Ceiling Solutions | Zentia<\/title>\n<meta name=\"description\" content=\"Para una absorci\u00f3n ac\u00fastica de clase A en ambientes h\u00famedos, elija las placas de techo suspendido Hydrabloc 600x600 blancas.\" \/>\n<meta name=\"robots\" content=\"index, follow, max-snippet:-1, max-image-preview:large, max-video-preview:-1\" \/>\n<link rel=\"canonical\" href=\"https:\/\/www.zentia.com\/es-es\/soluciones\/productos\/paneles-de-techo\/hydrabloc\/\" \/>\n<meta property=\"og:locale\" content=\"es_ES\" \/>\n<meta property=\"og:type\" content=\"article\" \/>\n<meta property=\"og:title\" content=\"Hydrabloc | Suspended Ceiling Solutions | Zentia\" \/>\n<meta property=\"og:description\" content=\"Para una absorci\u00f3n ac\u00fastica de clase A en ambientes h\u00famedos, elija las placas de techo suspendido Hydrabloc 600x600 blancas.\" \/>\n<meta property=\"og:url\" content=\"https:\/\/www.zentia.com\/es-es\/soluciones\/productos\/paneles-de-techo\/hydrabloc\/\" \/>\n<meta property=\"og:site_name\" content=\"Zentia\" \/>\n<meta property=\"article:modified_time\" content=\"2025-12-22T09:28:14+00:00\" \/>\n<meta name=\"twitter:card\" content=\"summary_large_image\" \/>\n<script type=\"application\/ld+json\" class=\"yoast-schema-graph\">{\"@context\":\"https:\\\/\\\/schema.org\",\"@graph\":[{\"@type\":\"WebPage\",\"@id\":\"https:\\\/\\\/www.zentia.com\\\/es-es\\\/soluciones\\\/productos\\\/paneles-de-techo\\\/hydrabloc\\\/\",\"url\":\"https:\\\/\\\/www.zentia.com\\\/es-es\\\/soluciones\\\/productos\\\/paneles-de-techo\\\/hydrabloc\\\/\",\"name\":\"Hydrabloc | Suspended Ceiling Solutions | Zentia\",\"isPartOf\":{\"@id\":\"https:\\\/\\\/www.zentia.com\\\/es-es\\\/#website\"},\"datePublished\":\"2022-07-21T08:53:06+00:00\",\"dateModified\":\"2025-12-22T09:28:14+00:00\",\"description\":\"Para una absorci\u00f3n ac\u00fastica de clase A en ambientes h\u00famedos, elija las placas de techo suspendido Hydrabloc 600x600 blancas.\",\"breadcrumb\":{\"@id\":\"https:\\\/\\\/www.zentia.com\\\/es-es\\\/soluciones\\\/productos\\\/paneles-de-techo\\\/hydrabloc\\\/#breadcrumb\"},\"inLanguage\":\"es\",\"potentialAction\":[{\"@type\":\"ReadAction\",\"target\":[\"https:\\\/\\\/www.zentia.com\\\/es-es\\\/soluciones\\\/productos\\\/paneles-de-techo\\\/hydrabloc\\\/\"]}]},{\"@type\":\"BreadcrumbList\",\"@id\":\"https:\\\/\\\/www.zentia.com\\\/es-es\\\/soluciones\\\/productos\\\/paneles-de-techo\\\/hydrabloc\\\/#breadcrumb\",\"itemListElement\":[{\"@type\":\"ListItem\",\"position\":1,\"name\":\"Inicio\",\"item\":\"https:\\\/\\\/www.zentia.com\\\/es-es\\\/\"},{\"@type\":\"ListItem\",\"position\":2,\"name\":\"Hydrabloc\"}]},{\"@type\":\"WebSite\",\"@id\":\"https:\\\/\\\/www.zentia.com\\\/es-es\\\/#website\",\"url\":\"https:\\\/\\\/www.zentia.com\\\/es-es\\\/\",\"name\":\"Zentia\",\"description\":\"\",\"potentialAction\":[{\"@type\":\"SearchAction\",\"target\":{\"@type\":\"EntryPoint\",\"urlTemplate\":\"https:\\\/\\\/www.zentia.com\\\/es-es\\\/?s={search_term_string}\"},\"query-input\":{\"@type\":\"PropertyValueSpecification\",\"valueRequired\":true,\"valueName\":\"search_term_string\"}}],\"inLanguage\":\"es\"}]}<\/script>\n<!-- \/ Yoast SEO plugin. -->","yoast_head_json":{"title":"Hydrabloc | Suspended Ceiling Solutions | Zentia","description":"Para una absorci\u00f3n ac\u00fastica de clase A en ambientes h\u00famedos, elija las placas de techo suspendido Hydrabloc 600x600 blancas.","robots":{"index":"index","follow":"follow","max-snippet":"max-snippet:-1","max-image-preview":"max-image-preview:large","max-video-preview":"max-video-preview:-1"},"canonical":"https:\/\/www.zentia.com\/es-es\/soluciones\/productos\/paneles-de-techo\/hydrabloc\/","og_locale":"es_ES","og_type":"article","og_title":"Hydrabloc | Suspended Ceiling Solutions | Zentia","og_description":"Para una absorci\u00f3n ac\u00fastica de clase A en ambientes h\u00famedos, elija las placas de techo suspendido Hydrabloc 600x600 blancas.","og_url":"https:\/\/www.zentia.com\/es-es\/soluciones\/productos\/paneles-de-techo\/hydrabloc\/","og_site_name":"Zentia","article_modified_time":"2025-12-22T09:28:14+00:00","twitter_card":"summary_large_image","schema":{"@context":"https:\/\/schema.org","@graph":[{"@type":"WebPage","@id":"https:\/\/www.zentia.com\/es-es\/soluciones\/productos\/paneles-de-techo\/hydrabloc\/","url":"https:\/\/www.zentia.com\/es-es\/soluciones\/productos\/paneles-de-techo\/hydrabloc\/","name":"Hydrabloc | Suspended Ceiling Solutions | Zentia","isPartOf":{"@id":"https:\/\/www.zentia.com\/es-es\/#website"},"datePublished":"2022-07-21T08:53:06+00:00","dateModified":"2025-12-22T09:28:14+00:00","description":"Para una absorci\u00f3n ac\u00fastica de clase A en ambientes h\u00famedos, elija las placas de techo suspendido Hydrabloc 600x600 blancas.","breadcrumb":{"@id":"https:\/\/www.zentia.com\/es-es\/soluciones\/productos\/paneles-de-techo\/hydrabloc\/#breadcrumb"},"inLanguage":"es","potentialAction":[{"@type":"ReadAction","target":["https:\/\/www.zentia.com\/es-es\/soluciones\/productos\/paneles-de-techo\/hydrabloc\/"]}]},{"@type":"BreadcrumbList","@id":"https:\/\/www.zentia.com\/es-es\/soluciones\/productos\/paneles-de-techo\/hydrabloc\/#breadcrumb","itemListElement":[{"@type":"ListItem","position":1,"name":"Inicio","item":"https:\/\/www.zentia.com\/es-es\/"},{"@type":"ListItem","position":2,"name":"Hydrabloc"}]},{"@type":"WebSite","@id":"https:\/\/www.zentia.com\/es-es\/#website","url":"https:\/\/www.zentia.com\/es-es\/","name":"Zentia","description":"","potentialAction":[{"@type":"SearchAction","target":{"@type":"EntryPoint","urlTemplate":"https:\/\/www.zentia.com\/es-es\/?s={search_term_string}"},"query-input":{"@type":"PropertyValueSpecification","valueRequired":true,"valueName":"search_term_string"}}],"inLanguage":"es"}]}},"_links":{"self":[{"href":"https:\/\/www.zentia.com\/es-es\/wp-json\/wp\/v2\/product\/4726","targetHints":{"allow":["GET"]}}],"collection":[{"href":"https:\/\/www.zentia.com\/es-es\/wp-json\/wp\/v2\/product"}],"about":[{"href":"https:\/\/www.zentia.com\/es-es\/wp-json\/wp\/v2\/types\/product"}],"wp:attachment":[{"href":"https:\/\/www.zentia.com\/es-es\/wp-json\/wp\/v2\/media?parent=4726"}],"wp:term":[{"taxonomy":"product-type","embeddable":true,"href":"https:\/\/www.zentia.com\/es-es\/wp-json\/wp\/v2\/product-type?post=4726"}],"curies":[{"name":"wp","href":"https:\/\/api.w.org\/{rel}","templated":true}]}}