{"id":4727,"date":"2022-07-21T09:53:06","date_gmt":"2022-07-21T08:53:06","guid":{"rendered":"https:\/\/zentia.mediaworksdev.co.uk\/en-gb\/solutions\/products\/%product-type%\/hygiene\/"},"modified":"2025-12-22T09:28:24","modified_gmt":"2025-12-22T09:28:24","slug":"hygiene","status":"publish","type":"product","link":"https:\/\/www.zentia.com\/es-es\/soluciones\/productos\/paneles-de-techo\/hygiene\/","title":{"rendered":"Hygiene"},"featured_media":0,"parent":0,"template":"","product-type":[652],"class_list":["post-4727","product","type-product","status-publish","hentry","product-type-paneles-de-techo","edge-detail-board","sound-absorption-class-a","sound-reduction-901","product-colour-white","product-sizes-1200mm-l-x-600mm-w-x-18mm-t","product-sizes-600mm-l-x-600mm-w-x-18mm-t","sound-absorption-alpha-0-95","sound-absorption-nrc-0-95","solution-finder-toggle-x","recycled-content-0-2","humidity-resistance-0-95","cleanroom-classification-822"],"acf":{"hero":{"title":"Hygiene","sub_label":"","introduction":"Hygiene ofrece el equilibrio perfecto entre rendimiento higi\u00e9nico y absorci\u00f3n ac\u00fastica de clase A. Este resistente panel, perfecto para laboratorios, salas inform\u00e1ticas, cocinas comerciales y otros interiores similares. Hygiene puede usarse en salas blancas con la certificaci\u00f3n ISO 4 conforme a la norma ISO 14644-1:1999.","introduction_short":"","gallery":[5226],"datasheet":6715,"video_url":"","space_bottom":true},"images":null,"product_variant_alt_toggle":false,"product_variant":[{"edge_detail":"Board","product_image":"","variant_information":"Los plafones con borde de placa Hygiene tienen bordes planos y cuadrados que exponen completamente una suspensi\u00f3n de techo est\u00e1ndar.","variant_additional_information":"","sub_variants":[{"edge_detail":"Board","images":[{"image":3253}],"cls_item_number":"BP9702M4H","cls_description":"Hygiene Board","shortcode":"9702M","dimensions":"600mm (L) x 600mm (W) x 18mm (T)","colour_text":"White","colour_select":[],"surface_sifyb":"Hygiene","recyclable":"S\u00ed","recycled_content":"20%","recyclable_through_zentia":"","cleanability_types":"Pa\u00f1o seco, cepillo suave, pa\u00f1o h\u00famedo, esponja h\u00fameda, agua a alta presi\u00f3n","clean_room_classification":"ISO 4","cradle_two_cradle_certification":"-","durability":"-","humidity_resistance_rh":"95%","light_reflectance":"82%","fire_reaction_en135011":"A2-s1,d0","iac_level":"-","material":"","rout_slot_spacing_and_uom":"","cross_tee_main_runner_interface":"","corrosive_resistant":"","fire_performance":"","clean_room":"","end_detail":"","formaldehyde_emissions":"E1","low_voc_emissions":"","sound_absorption":"0.95","sound_absorption_class":"A","sound_reduction_index":"-","sound_attenuation":"","sound_absorption_nrc":"0.95","compatible_grid_product_code":"BP312021A~BP312021BKA~BP312021SGA~BP312021WRA~BP313051B~BP313051BKB~BP313051SGB~BP313051WRB~BP314032A~BP314032BKA~BP314032SGA~BP314032WRA~BP092031~BP092031BK~BP092031SG~BP092031WR~BP093031~BP093031BK~BP093031SG~BP093031WR~BP093632~BP314032A~BP314032BKA~BP314032SGA~BP314032WRA~BP152032~BP153032~BP284042~BPEA792044C~BPEA793044C~BPEA794044C","floating_ceiling_frame_product_code":"BPAX22G24~BPAX32G24~BPAX33G24~BPAX42G24~BPAX43G24~BPAX44G24~BPAX52G24~BPAX53G24~BPAX54G24~BPAX55G24~BPCSAK22G24~BPCSAK32G24~BPCSAK33G24~BPCSAK42G24~BPCSAK43G24~BPCSAK44G24~BPCSAK52G24~BPCSAK53G24~BPCSAK54G24~BPCSAK55G24~BPCSAL32G24~BPCSAL33G24~BPCSAL42G24~BPCSAL43G24~BPCSAL44G24","installation_accessories":"","accessories":[{"code":""}]},{"edge_detail":"Board","images":[{"image":3253}],"cls_item_number":"BP9703M4H","cls_description":"Hygiene Board","shortcode":"9703M","dimensions":"1200mm (L) x 600mm (W) x 18mm (T)","colour_text":"White","colour_select":[],"surface_sifyb":"Hygiene","recyclable":"S\u00ed","recycled_content":"20%","recyclable_through_zentia":"","cleanability_types":"Pa\u00f1o seco, cepillo suave, pa\u00f1o h\u00famedo, esponja h\u00fameda, agua a alta presi\u00f3n","clean_room_classification":"ISO 4","cradle_two_cradle_certification":"-","durability":"-","humidity_resistance_rh":"95%","light_reflectance":"82%","fire_reaction_en135011":"A2-s1,d0","iac_level":"-","material":"","rout_slot_spacing_and_uom":"","cross_tee_main_runner_interface":"","corrosive_resistant":"","fire_performance":"","clean_room":"","end_detail":"","formaldehyde_emissions":"E1","low_voc_emissions":"","sound_absorption":"0.95","sound_absorption_class":"A","sound_reduction_index":"-","sound_attenuation":"","sound_absorption_nrc":"0.95","compatible_grid_product_code":"BP312021A~BP312021BKA~BP312021SGA~BP312021WRA~BP313051B~BP313051BKB~BP313051SGB~BP313051WRB~BP314032A~BP314032BKA~BP314032SGA~BP314032WRA~BP092031~BP092031BK~BP092031SG~BP092031WR~BP093031~BP093031BK~BP093031SG~BP093031WR~BP093632~BP314032A~BP314032BKA~BP314032SGA~BP314032WRA~BP152032~BP153032~BP284042~BPEA792044C~BPEA793044C~BPEA794044C","floating_ceiling_frame_product_code":"BPAX22G24~BPAX32G24~BPAX33G24~BPAX42G24~BPAX43G24~BPAX44G24~BPAX52G24~BPAX53G24~BPAX54G24~BPAX55G24~BPCSAK22G24~BPCSAK32G24~BPCSAK33G24~BPCSAK42G24~BPCSAK43G24~BPCSAK44G24~BPCSAK52G24~BPCSAK53G24~BPCSAK54G24~BPCSAK55G24~BPCSAL32G24~BPCSAL33G24~BPCSAL42G24~BPCSAL43G24~BPCSAL44G24","installation_accessories":"","accessories":[{"code":""}]}],"override_related_items":false,"related_project_gallery":null,"related_faqs":null,"related_products":null,"related_documents_and_downloads":null,"download_all_documents":null}],"import_data":"Board,Board::BP9702M4H,BP9703M4H::9702M,9703M::Hygiene Board,Hygiene Board::600mm (L) x 600mm (W) x 18mm (T),1200mm (L) x 600mm (W) x 18mm (T)::White,White::Hygiene,Hygiene::0.95,0.95::A,A::,::-,-::0.95,0.95::0.82,0.82::0.2,0.2::0.95,0.95::ISO 4,ISO 4::-,-::-,-::Dry cloth \/ Soft brush, Moist cloth, Damp sponge, High pressure water spray,Dry cloth \/ Soft brush, Moist cloth, Damp sponge, High pressure water spray::-,-::E1,E1::A,A::0.2,0.2::Yes,Yes::A2-s1,d0,A2-s1,d0::BP312021A~BP312021BKA~BP312021SGA~BP312021WRA~BP313051B~BP313051BKB~BP313051SGB~BP313051WRB~BP314032A~BP314032BKA~BP314032SGA~BP314032WRA~BP092031~BP092031BK~BP092031SG~BP092031WR~BP093031~BP093031BK~BP093031SG~BP093031WR~BP093632~BP314032A~BP314032BKA~BP314032SGA~BP314032WRA~BP152032~BP153032~BP284042~BPEA792044C~BPEA793044C~BPEA794044C,BP312021A~BP312021BKA~BP312021SGA~BP312021WRA~BP313051B~BP313051BKB~BP313051SGB~BP313051WRB~BP314032A~BP314032BKA~BP314032SGA~BP314032WRA~BP092031~BP092031BK~BP092031SG~BP092031WR~BP093031~BP093031BK~BP093031SG~BP093031WR~BP093632~BP314032A~BP314032BKA~BP314032SGA~BP314032WRA~BP152032~BP153032~BP284042~BPEA792044C~BPEA793044C~BPEA794044C::BPAX22G24~BPAX32G24~BPAX33G24~BPAX42G24~BPAX43G24~BPAX44G24~BPAX52G24~BPAX53G24~BPAX54G24~BPAX55G24~BPCSAK22G24~BPCSAK32G24~BPCSAK33G24~BPCSAK42G24~BPCSAK43G24~BPCSAK44G24~BPCSAK52G24~BPCSAK53G24~BPCSAK54G24~BPCSAK55G24~BPCSAL32G24~BPCSAL33G24~BPCSAL42G24~BPCSAL43G24~BPCSAL44G24,BPAX22G24~BPAX32G24~BPAX33G24~BPAX42G24~BPAX43G24~BPAX44G24~BPAX52G24~BPAX53G24~BPAX54G24~BPAX55G24~BPCSAK22G24~BPCSAK32G24~BPCSAK33G24~BPCSAK42G24~BPCSAK43G24~BPCSAK44G24~BPCSAK52G24~BPCSAK53G24~BPCSAK54G24~BPCSAK55G24~BPCSAL32G24~BPCSAL33G24~BPCSAL42G24~BPCSAL43G24~BPCSAL44G24::Zentia Hygiene Board angle.jpg,Zentia Hygiene Board angle.jpg","file_label":"Descargar ficha t\u00e9cnica","file":8842,"warranties":null,"product_manuals":null,"nbs":"","documents_downloads_title":"","related_documents_and_downloads":"","download_bim":"","download_all_documents":"","listing_label":"","solution_finder_toggle":false,"solution_finder_intro":"","solution_finder_points":null,"template":{"":null,"related_project_gallery":[1673],"template_faq":"","space_bottom":false,"related_products_title":"","related_products":"","hide_form":false}},"yoast_head":"<!-- This site is optimized with the Yoast SEO plugin v27.3 - https:\/\/yoast.com\/product\/yoast-seo-wordpress\/ -->\n<title>Hygiene | Suspended Ceiling Solutions | Zentia<\/title>\n<meta name=\"description\" content=\"Las placas minerales especiales para techos se pueden utilizar en salas blancas con clasificaci\u00f3n ISO 4 seg\u00fan la norma ISO 14644-1:1999. Son ideales para laboratorios y salas de inform\u00e1tica.\" \/>\n<meta name=\"robots\" content=\"index, follow, max-snippet:-1, max-image-preview:large, max-video-preview:-1\" \/>\n<link rel=\"canonical\" href=\"https:\/\/www.zentia.com\/es-es\/soluciones\/productos\/paneles-de-techo\/hygiene\/\" \/>\n<meta property=\"og:locale\" content=\"es_ES\" \/>\n<meta property=\"og:type\" content=\"article\" \/>\n<meta property=\"og:title\" content=\"Hygiene | Suspended Ceiling Solutions | Zentia\" \/>\n<meta property=\"og:description\" content=\"Las placas minerales especiales para techos se pueden utilizar en salas blancas con clasificaci\u00f3n ISO 4 seg\u00fan la norma ISO 14644-1:1999. Son ideales para laboratorios y salas de inform\u00e1tica.\" \/>\n<meta property=\"og:url\" content=\"https:\/\/www.zentia.com\/es-es\/soluciones\/productos\/paneles-de-techo\/hygiene\/\" \/>\n<meta property=\"og:site_name\" content=\"Zentia\" \/>\n<meta property=\"article:modified_time\" content=\"2025-12-22T09:28:24+00:00\" \/>\n<meta name=\"twitter:card\" content=\"summary_large_image\" \/>\n<script type=\"application\/ld+json\" class=\"yoast-schema-graph\">{\"@context\":\"https:\\\/\\\/schema.org\",\"@graph\":[{\"@type\":\"WebPage\",\"@id\":\"https:\\\/\\\/www.zentia.com\\\/es-es\\\/soluciones\\\/productos\\\/paneles-de-techo\\\/hygiene\\\/\",\"url\":\"https:\\\/\\\/www.zentia.com\\\/es-es\\\/soluciones\\\/productos\\\/paneles-de-techo\\\/hygiene\\\/\",\"name\":\"Hygiene | Suspended Ceiling Solutions | Zentia\",\"isPartOf\":{\"@id\":\"https:\\\/\\\/www.zentia.com\\\/es-es\\\/#website\"},\"datePublished\":\"2022-07-21T08:53:06+00:00\",\"dateModified\":\"2025-12-22T09:28:24+00:00\",\"description\":\"Las placas minerales especiales para techos se pueden utilizar en salas blancas con clasificaci\u00f3n ISO 4 seg\u00fan la norma ISO 14644-1:1999. Son ideales para laboratorios y salas de inform\u00e1tica.\",\"breadcrumb\":{\"@id\":\"https:\\\/\\\/www.zentia.com\\\/es-es\\\/soluciones\\\/productos\\\/paneles-de-techo\\\/hygiene\\\/#breadcrumb\"},\"inLanguage\":\"es\",\"potentialAction\":[{\"@type\":\"ReadAction\",\"target\":[\"https:\\\/\\\/www.zentia.com\\\/es-es\\\/soluciones\\\/productos\\\/paneles-de-techo\\\/hygiene\\\/\"]}]},{\"@type\":\"BreadcrumbList\",\"@id\":\"https:\\\/\\\/www.zentia.com\\\/es-es\\\/soluciones\\\/productos\\\/paneles-de-techo\\\/hygiene\\\/#breadcrumb\",\"itemListElement\":[{\"@type\":\"ListItem\",\"position\":1,\"name\":\"Inicio\",\"item\":\"https:\\\/\\\/www.zentia.com\\\/es-es\\\/\"},{\"@type\":\"ListItem\",\"position\":2,\"name\":\"Hygiene\"}]},{\"@type\":\"WebSite\",\"@id\":\"https:\\\/\\\/www.zentia.com\\\/es-es\\\/#website\",\"url\":\"https:\\\/\\\/www.zentia.com\\\/es-es\\\/\",\"name\":\"Zentia\",\"description\":\"\",\"potentialAction\":[{\"@type\":\"SearchAction\",\"target\":{\"@type\":\"EntryPoint\",\"urlTemplate\":\"https:\\\/\\\/www.zentia.com\\\/es-es\\\/?s={search_term_string}\"},\"query-input\":{\"@type\":\"PropertyValueSpecification\",\"valueRequired\":true,\"valueName\":\"search_term_string\"}}],\"inLanguage\":\"es\"}]}<\/script>\n<!-- \/ Yoast SEO plugin. -->","yoast_head_json":{"title":"Hygiene | Suspended Ceiling Solutions | Zentia","description":"Las placas minerales especiales para techos se pueden utilizar en salas blancas con clasificaci\u00f3n ISO 4 seg\u00fan la norma ISO 14644-1:1999. Son ideales para laboratorios y salas de inform\u00e1tica.","robots":{"index":"index","follow":"follow","max-snippet":"max-snippet:-1","max-image-preview":"max-image-preview:large","max-video-preview":"max-video-preview:-1"},"canonical":"https:\/\/www.zentia.com\/es-es\/soluciones\/productos\/paneles-de-techo\/hygiene\/","og_locale":"es_ES","og_type":"article","og_title":"Hygiene | Suspended Ceiling Solutions | Zentia","og_description":"Las placas minerales especiales para techos se pueden utilizar en salas blancas con clasificaci\u00f3n ISO 4 seg\u00fan la norma ISO 14644-1:1999. Son ideales para laboratorios y salas de inform\u00e1tica.","og_url":"https:\/\/www.zentia.com\/es-es\/soluciones\/productos\/paneles-de-techo\/hygiene\/","og_site_name":"Zentia","article_modified_time":"2025-12-22T09:28:24+00:00","twitter_card":"summary_large_image","schema":{"@context":"https:\/\/schema.org","@graph":[{"@type":"WebPage","@id":"https:\/\/www.zentia.com\/es-es\/soluciones\/productos\/paneles-de-techo\/hygiene\/","url":"https:\/\/www.zentia.com\/es-es\/soluciones\/productos\/paneles-de-techo\/hygiene\/","name":"Hygiene | Suspended Ceiling Solutions | Zentia","isPartOf":{"@id":"https:\/\/www.zentia.com\/es-es\/#website"},"datePublished":"2022-07-21T08:53:06+00:00","dateModified":"2025-12-22T09:28:24+00:00","description":"Las placas minerales especiales para techos se pueden utilizar en salas blancas con clasificaci\u00f3n ISO 4 seg\u00fan la norma ISO 14644-1:1999. Son ideales para laboratorios y salas de inform\u00e1tica.","breadcrumb":{"@id":"https:\/\/www.zentia.com\/es-es\/soluciones\/productos\/paneles-de-techo\/hygiene\/#breadcrumb"},"inLanguage":"es","potentialAction":[{"@type":"ReadAction","target":["https:\/\/www.zentia.com\/es-es\/soluciones\/productos\/paneles-de-techo\/hygiene\/"]}]},{"@type":"BreadcrumbList","@id":"https:\/\/www.zentia.com\/es-es\/soluciones\/productos\/paneles-de-techo\/hygiene\/#breadcrumb","itemListElement":[{"@type":"ListItem","position":1,"name":"Inicio","item":"https:\/\/www.zentia.com\/es-es\/"},{"@type":"ListItem","position":2,"name":"Hygiene"}]},{"@type":"WebSite","@id":"https:\/\/www.zentia.com\/es-es\/#website","url":"https:\/\/www.zentia.com\/es-es\/","name":"Zentia","description":"","potentialAction":[{"@type":"SearchAction","target":{"@type":"EntryPoint","urlTemplate":"https:\/\/www.zentia.com\/es-es\/?s={search_term_string}"},"query-input":{"@type":"PropertyValueSpecification","valueRequired":true,"valueName":"search_term_string"}}],"inLanguage":"es"}]}},"_links":{"self":[{"href":"https:\/\/www.zentia.com\/es-es\/wp-json\/wp\/v2\/product\/4727","targetHints":{"allow":["GET"]}}],"collection":[{"href":"https:\/\/www.zentia.com\/es-es\/wp-json\/wp\/v2\/product"}],"about":[{"href":"https:\/\/www.zentia.com\/es-es\/wp-json\/wp\/v2\/types\/product"}],"wp:attachment":[{"href":"https:\/\/www.zentia.com\/es-es\/wp-json\/wp\/v2\/media?parent=4727"}],"wp:term":[{"taxonomy":"product-type","embeddable":true,"href":"https:\/\/www.zentia.com\/es-es\/wp-json\/wp\/v2\/product-type?post=4727"}],"curies":[{"name":"wp","href":"https:\/\/api.w.org\/{rel}","templated":true}]}}