{"id":4737,"date":"2022-07-21T09:54:18","date_gmt":"2022-07-21T08:54:18","guid":{"rendered":"https:\/\/zentia.mediaworksdev.co.uk\/en-gb\/solutions\/products\/%product-type%\/sierra-op\/"},"modified":"2026-02-25T14:40:23","modified_gmt":"2026-02-25T14:40:23","slug":"serene-ha","status":"publish","type":"product","link":"https:\/\/www.zentia.com\/es-es\/soluciones\/productos\/paneles-de-techo\/serene-ha\/","title":{"rendered":"Serene hA"},"featured_media":0,"parent":0,"template":"","product-type":[652],"class_list":["post-4737","product","type-product","status-publish","hentry","product-type-paneles-de-techo","edge-detail-board","edge-detail-sl2","edge-detail-tegular24","sound-absorption-class-a","sound-reduction-922","sound-reduction-907","product-colour-white","product-sizes-1200mm-l-x-600mm-w-x-15mm-t","product-sizes-1500mm-l-x-300mm-w-x-17mm-t","product-sizes-1500mm-l-x-600mm-w-x-17mm-t","product-sizes-600mm-l-x-600mm-w-x-15mm-t","sound-absorption-alpha-0-9","sound-absorption-nrc-0-95","sound-attentuation-913","sound-attentuation-914","solution-finder-toggle-x","recycled-content-0-79","humidity-resistance-0-95","cleanroom-classification-iso-5"],"acf":{"hero":{"title":"Serene hA","sub_label":"","introduction":"Give your interiors a slice of serenity with Serene hA, a stylishly sound-absorbing acoustic ceiling tile.\r\n\r\nAn attractive white ceiling tile, Serene hA has a smooth, laminated finish and provides Class A sound absorption.\r\n\r\nOften specified in schools, Serene hA is also ideal for libraries and open plan offices. Serene hA is a good fit for interior spaces that require high sound absorption, particularly in large open plan spaces, to reduce background noise levels.\r\n\r\nThis lightweight ceiling tile is easy to handle on-site for quick installation. Serene hA is available in three different edge types to create different visual effects.\r\n<ul>\r\n \t<li><strong>Fabricado en el Reino Unido:<\/strong> Serene hA se fabrica en Gateshead, Tyne and Wear. Permanece siempre disponible para poder adquirirse a trav\u00e9s de nuestros distribuidores.<\/li>\r\n \t<li><strong>Bordes Board y Tegular24:<\/strong> Serene hA est\u00e1 disponible en dos tipos de bordes diferentes. Puede elegir un canto board, limpio y simple, o un canto Tegular24 para crear un efecto visual m\u00e1s biselado en el techo. Todos ellos brindan un f\u00e1cil acceso a plenum para el mantenimiento.<\/li>\r\n \t<li><strong>84% de reflexi\u00f3n de la luz:<\/strong> Serene hA refleja la luz natural en el interior, mejorando el bienestar y los resultados en el aprendizaje en las aulas, en bibliotecas y oficinas.<\/li>\r\n \t<li><strong>95% de resistencia a la Humedad Relativa:<\/strong> Con una resistencia a la humedad relativa (RH) del 95%, Serene hA es un techo adecuado para entornos h\u00famedos.<\/li>\r\n<\/ul>","introduction_short":"Proporcione a sus interiores un poco de tranquilidad con Serene hA, un plaf\u00f3n ac\u00fastico elegante con buena absorci\u00f3n ac\u00fastica.\r\n\r\nSerene hA, una atractiva placa en color blanco que tiene un acabado laminado suave y proporciona una absorci\u00f3n del sonido Clase A.\r\n\r\nA menudo especificado en proyectos de educaci\u00f3n, Serene hA tambi\u00e9n es ideal para bibliotecas y oficinas de planta abierta. Serene hA es una buena opci\u00f3n para espacios interiores que requieren una alta absorci\u00f3n de sonido, particularmente en grandes espacios abiertos, para reducir los niveles de ruido de fondo.\r\n\r\nEsta placa ligera es f\u00e1cil de manejar en obra para una instalaci\u00f3n r\u00e1pida. Serene hA est\u00e1 disponible en tres tipos de bordes diferentes para crear diferentes efectos visuales.","gallery":[6938],"datasheet":6695,"video_url":"","space_bottom":true},"images":null,"product_variant_alt_toggle":false,"product_variant":[{"edge_detail":"Board","product_image":"","variant_information":"Las placas Serene hA con canto Board cuentan con bordes lisos y cuadrados para una f\u00e1cil instalaci\u00f3n cuando se combinan con los sistemas de perfiler\u00eda de Zentia. Estas placas proporcionan una superficie lisa y nivelada que muestra con elegancia la perfiler\u00eda met\u00e1lica. Con las placas Serene hA board, puede lograr una apariencia perfecta y visualmente agradable en todo su entorno. ","variant_additional_information":"<h2>Serene hA Placas de Techo Suspendido<\/h2>\r\n<h3>Caracter\u00edsticas T\u00e9cnicas<\/h3>\r\n<strong>Sonido<\/strong>\r\n\r\nAnteriormente conocido como Sierra OP, Serene hA tiene una clasificaci\u00f3n, Clase A de absorci\u00f3n ac\u00fastica. Esta combinaci\u00f3n proporciona unas cualidades ac\u00fasticas excelentes para espacios abiertos.\r\n\r\n<strong>Sustainability<\/strong>\r\n\r\nLas placas Serene hA contienen un 57 % de contenido reciclado. They can be recycled with Zentia's off-cut recycling scheme for Pinnacle Approved Partners.\r\n\r\nLas placas Serene hA tienen la clasificaci\u00f3n E1 para las emisiones de formaldeh\u00eddo.\r\n\r\n<strong>Protecci\u00f3n al fuego y otras caracter\u00edsticas t\u00e9cnicas<\/strong>\r\n\r\nLas placas Serene hA han sido clasificadas seg\u00fan la norma de comportamiento frente al fuego EN 13501-1 y tienen clasificaci\u00f3n A2-s1,d0. Esto significa que, en condiciones de un incendio completamente activo, las placas Serene hA no contribuir\u00e1n significativamente a la propagaci\u00f3n ni al crecimiento del fuego.\r\n\r\nEstas placas se pueden limpiar con un pa\u00f1o seco o un cepillo suave. Son resistentes hasta el 95% de RH (humedad relativa).","sub_variants":[{"edge_detail":"Board","images":[{"image":6938},{"image":6937}],"cls_item_number":"BP4115M4B","cls_description":"Serene hA Board","shortcode":"4115M","dimensions":"600mm (L) x 600mm (W) x 15mm (T)","colour_text":"White","colour_select":[],"surface_sifyb":"Serene","recyclable":"S\u00ed","recycled_content":"57%","recyclable_through_zentia":"","cleanability_types":"","clean_room_classification":"ISO 4","cradle_two_cradle_certification":"","durability":"","humidity_resistance_rh":"95%","light_reflectance":"84%","fire_reaction_en135011":"A2-s1,d0","iac_level":"","material":"","rout_slot_spacing_and_uom":"","cross_tee_main_runner_interface":"","corrosive_resistant":"","fire_performance":"","clean_room":"","end_detail":"","formaldehyde_emissions":"E1","low_voc_emissions":"A+","sound_absorption":"0.9","sound_absorption_class":"A","sound_reduction_index":"14","sound_attenuation":"30","sound_absorption_nrc":"0.90","compatible_grid_product_code":"BP312021A~BP312021BKA~BP312021SGA~BP312021WRA~BP313051B~BP313051BKB~BP313051SGB~BP313051WRB~BP314032A~BP314032BKA~BP314032SGA~BP314032WRA~BP092031~BP092031BK~BP092031SG~BP092031WR~BP093031~BP093031BK~BP093031SG~BP093031WR~BP093632~BP314032A~BP314032BKA~BP314032SGA~BP314032WRA~BPBERC2~BPES4~BPSJCG~BPSJMR15~BP400993~BP403493~BP404093G","floating_ceiling_frame_product_code":"BPAX22G24~BPAX32G24~BPAX33G24~BPAX42G24~BPAX43G24~BPAX44G24~BPAX52G24~BPAX53G24~BPAX54G24~BPAX55G24~BPCSAK22G24~BPCSAK32G24~BPCSAK33G24~BPCSAK42G24~BPCSAK43G24~BPCSAK44G24~BPCSAK52G24~BPCSAK53G24~BPCSAK54G24~BPCSAK55G24~BPCSAL32G24~BPCSAL33G24~BPCSAL42G24~BPCSAL43G24~BPCSAL44G24","installation_accessories":"","accessories":[{"code":""}]},{"edge_detail":"Board","images":[{"image":6938},{"image":6937}],"cls_item_number":"BP4117M4B","cls_description":"Serene hA Board","shortcode":"4117M","dimensions":"1200mm (L) x 600mm (W) x 15mm (T)","colour_text":"White","colour_select":[],"surface_sifyb":"Serene","recyclable":"S\u00ed","recycled_content":"57%","recyclable_through_zentia":"","cleanability_types":"","clean_room_classification":"ISO 4","cradle_two_cradle_certification":"","durability":"","humidity_resistance_rh":"95%","light_reflectance":"84%","fire_reaction_en135011":"A2-s1,d0","iac_level":"","material":"","rout_slot_spacing_and_uom":"","cross_tee_main_runner_interface":"","corrosive_resistant":"","fire_performance":"","clean_room":"","end_detail":"","formaldehyde_emissions":"E1","low_voc_emissions":"A+","sound_absorption":"0.9","sound_absorption_class":"A","sound_reduction_index":"14","sound_attenuation":"30","sound_absorption_nrc":"0.90","compatible_grid_product_code":"BP312021A~BP312021BKA~BP312021SGA~BP312021WRA~BP313051B~BP313051BKB~BP313051SGB~BP313051WRB~BP314032A~BP314032BKA~BP314032SGA~BP314032WRA~BP092031~BP092031BK~BP092031SG~BP092031WR~BP093031~BP093031BK~BP093031SG~BP093031WR~BP093632~BP314032A~BP314032BKA~BP314032SGA~BP314032WRA~BP400993~BP403493~BP404093G","floating_ceiling_frame_product_code":"BPAX22G24~BPAX32G24~BPAX33G24~BPAX42G24~BPAX43G24~BPAX44G24~BPAX52G24~BPAX53G24~BPAX54G24~BPAX55G24~BPCSAK22G24~BPCSAK32G24~BPCSAK33G24~BPCSAK42G24~BPCSAK43G24~BPCSAK44G24~BPCSAK52G24~BPCSAK53G24~BPCSAK54G24~BPCSAK55G24~BPCSAL32G24~BPCSAL33G24~BPCSAL42G24~BPCSAL43G24~BPCSAL44G24","installation_accessories":"","accessories":[{"code":""}]}],"override_related_items":false,"related_project_gallery":null,"related_faqs":null,"related_products":null,"related_documents_and_downloads":null,"download_all_documents":null},{"edge_detail":"Tegular24","product_image":"","variant_information":"Para conseguir un toque de sofisticaci\u00f3n visual en el dise\u00f1o de su techo, puede especificar techos modulares Serene hA con borde Tegular24. Este tipo de consigue con un corte en las placas en un \u00e1ngulo abierto de 105 grados. Esto da como resultado un sutil descuelgue de la placa por debajo de la perfiler\u00eda del techo. Este elegante borde semibiselado que proporciona el dise\u00f1o Tegular24 a\u00f1ade la sensaci\u00f3n de un estilo refinado a su techo. ","variant_additional_information":"<h2>Serene hA Placas de Techo Suspendido<\/h2>\r\n<h3>Caracter\u00edsticas T\u00e9cnicas<\/h3>\r\n<strong>Sonido<\/strong>\r\n\r\nAnteriormente conocido como Sierra OP, Serene hA tiene una clasificaci\u00f3n, Clase A de absorci\u00f3n ac\u00fastica. Esta combinaci\u00f3n proporciona unas cualidades ac\u00fasticas excelentes para espacios abiertos.\r\n\r\n<strong>Sustainability<\/strong>\r\n\r\nLas placas Serene hA contienen un 57 % de contenido reciclado. They can be recycled with Zentia's off-cut recycling scheme for Pinnacle Approved Partners.\r\n\r\nLas placas Serene hA tienen la clasificaci\u00f3n E1 para las emisiones de formaldeh\u00eddo.\r\n\r\n<strong>Protecci\u00f3n al fuego y otras caracter\u00edsticas t\u00e9cnicas<\/strong>\r\n\r\nLas placas Serene hA han sido clasificadas seg\u00fan la norma de comportamiento frente al fuego EN 13501-1 y tienen clasificaci\u00f3n A2-s1,d0. Esto significa que, en condiciones de un incendio completamente activo, las placas Serene hA no contribuir\u00e1n significativamente a la propagaci\u00f3n ni al crecimiento del fuego.\r\n\r\nEstas placas se pueden limpiar con un pa\u00f1o seco o un cepillo suave. Son resistentes hasta el 95% de RH (humedad relativa).","sub_variants":[{"edge_detail":"Tegular24","images":[{"image":6934}],"cls_item_number":"BP4200M4B","cls_description":"Serene hA Tegular (8mm reveal)","shortcode":"4200M","dimensions":"600mm (L) x 600mm (W) x 15mm (T)","colour_text":"White","colour_select":[],"surface_sifyb":"Serene","recyclable":"S\u00ed","recycled_content":"57%","recyclable_through_zentia":"","cleanability_types":"","clean_room_classification":"ISO 4","cradle_two_cradle_certification":"","durability":"","humidity_resistance_rh":"95%","light_reflectance":"84%","fire_reaction_en135011":"A2-s1,d0","iac_level":"","material":"","rout_slot_spacing_and_uom":"","cross_tee_main_runner_interface":"","corrosive_resistant":"","fire_performance":"","clean_room":"","end_detail":"","formaldehyde_emissions":"E1","low_voc_emissions":"A+","sound_absorption":"0.9","sound_absorption_class":"A","sound_reduction_index":"14","sound_attenuation":"30","sound_absorption_nrc":"0.90","compatible_grid_product_code":"BP312021A~BP312021BKA~BP312021SGA~BP312021WRA~BP313051B~BP313051BKB~BP313051SGB~BP313051WRB~BP314032A~BP314032BKA~BP314032SGA~BP314032WRA~BP092031~BP092031BK~BP092031SG~BP092031WR~BP093031~BP093031BK~BP093031SG~BP093031WR~BP093632~BP314032A~BP314032BKA~BP314032SGA~BP314032WRA~BPBERC2~BPES4~BPSJCG~BPSJMR15~BP400993~BP403493~BP404093G","floating_ceiling_frame_product_code":"BPAX22G24~BPAX32G24~BPAX33G24~BPAX42G24~BPAX43G24~BPAX44G24~BPAX52G24~BPAX53G24~BPAX54G24~BPAX55G24~BPCSACI33G24~BPCSACI44G24~BPCSACU43G24~BPCSACU44G24~BPCSACU53G24~BPCSACU55G24~BPCSAK22G24~BPCSAK32G24~BPCSAK33G24~BPCSAK42G24~BPCSAK43G24~BPCSAK44G24~BPCSAK52G24~BPCSAK53G24~BPCSAK54G24~BPCSAK55G24~BPCSAL32G24~BPCSAL33G24~BPCSAL42G24~BPCSAL43G24~BPCSAL44G24","installation_accessories":"","accessories":[{"code":""}]}],"override_related_items":false,"related_project_gallery":null,"related_faqs":null,"related_products":null,"related_documents_and_downloads":null,"download_all_documents":null}],"import_data":"Board,Board,Board,Tegular,MicroLook 90,SL2::BP3782M4A,BP4115M4A,BP4117M4A,BP4200M4,BP4202M4,BP4404M4B::3782M,4115M,4117M,4200M,4202M,4404M::Sierra OP Board,Sierra OP Board,Sierra OP Board,Sierra OP Tegular (8mm reveal),Sierra OP MicroLook 90 (8mm reveal),Sierra OP SL2::1500mm (L) x 600mm (W) x 17mm (T),600mm (L) x 600mm (W) x 15mm (T),1200mm (L) x 600mm (W) x 15mm (T),600mm (L) x 600mm (W) x 15mm (T),600mm (L) x 600mm (W) x 15mm (T),1500mm (L) x 300mm (W) x 17mm (T)::White,White,White,White,White,White::Sierra,Sierra,Sierra,Sierra,Sierra,Sierra::0.9,0.9,0.9,0.9,0.9,0.9::A,A,A,A,A,A::27,25,25,25,25,27::11,12,12,12,12,11::0.95,0.95,0.95,0.95,0.95,0.95::0.84,0.84,0.84,0.84,0.84,0.84::0.79,0.79,0.79,0.79,0.79,0.79::0.95,0.95,0.95,0.95,0.95,0.95::ISO 5,ISO 5,ISO 5,ISO 5,ISO 5,ISO 5::Gold,Gold,Gold,Gold,Gold,Gold::-,-,-,-,-,-::Dry cloth \/ Soft brush, Moist cloth, Damp sponge,Dry cloth \/ Soft brush, Moist cloth, Damp sponge,Dry cloth \/ Soft brush, Moist cloth, Damp sponge,Dry cloth \/ Soft brush, Moist cloth, Damp sponge,Dry cloth \/ Soft brush, Moist cloth, Damp sponge,Dry cloth \/ Soft brush, Moist cloth, Damp sponge::-,-,-,-,-,-::E1,E1,E1,E1,E1,E1::A+,A+,A+,A+,A+,A+::0.44,0.54,0.54,0.54,0.54,0.44::Yes,Yes,Yes,Yes,Yes,Yes::A2-s1,d0,A2-s1,d0,A2-s1,d0,A2-s1,d0,A2-s1,d0,A2-s1,d0::BP312021A~BP312021BKA~BP312021SGA~BP312021WRA~BP313051B~BP313051BKB~BP313051SGB~BP313051WRB~BP314032A~BP314032BKA~BP314032SGA~BP314032WRA~BP092031~BP092031BK~BP092031SG~BP092031WR~BP093031~BP093031BK~BP093031SG~BP093031WR~BP093632~BP314032A~BP314032BKA~BP314032SGA~BP314032WRA~BP400993~BP403493~BP404093G,BP312021A~BP312021BKA~BP312021SGA~BP312021WRA~BP313051B~BP313051BKB~BP313051SGB~BP313051WRB~BP314032A~BP314032BKA~BP314032SGA~BP314032WRA~BP092031~BP092031BK~BP092031SG~BP092031WR~BP093031~BP093031BK~BP093031SG~BP093031WR~BP093632~BP314032A~BP314032BKA~BP314032SGA~BP314032WRA~BPBERC2~BPES4~BPSJCG~BPSJMR15~BP400993~BP403493~BP404093G,BP312021A~BP312021BKA~BP312021SGA~BP312021WRA~BP313051B~BP313051BKB~BP313051SGB~BP313051WRB~BP314032A~BP314032BKA~BP314032SGA~BP314032WRA~BP092031~BP092031BK~BP092031SG~BP092031WR~BP093031~BP093031BK~BP093031SG~BP093031WR~BP093632~BP314032A~BP314032BKA~BP314032SGA~BP314032WRA~BP400993~BP403493~BP404093G,BP312021A~BP312021BKA~BP312021SGA~BP312021WRA~BP313051B~BP313051BKB~BP313051SGB~BP313051WRB~BP314032A~BP314032BKA~BP314032SGA~BP314032WRA~BP092031~BP092031BK~BP092031SG~BP092031WR~BP093031~BP093031BK~BP093031SG~BP093031WR~BP093632~BP314032A~BP314032BKA~BP314032SGA~BP314032WRA~BPBERC2~BPES4~BPSJCG~BPSJMR15~BP400993~BP403493~BP404093G,BP102033A~BP102033BKA~BP102033SGA~BP102033WRA~BP103033A~BP103033BKA~BP103033SGA~BP103033WRA~BP103633A~BP302033B~BP302033BKB~BP302033SGB~BP302033WRB~BP303033B~BP303033BKB~BP303033SGB~BP303033WRB~BP303632~BP612042G~BP613042G~BP614042H~BP812042WRG~BP813042WRG~BP814042WRG~BPMCC4G,BPCB313432~BPCB313632~BPCZ41494J~BPCZ41794J~BPCZ41795J::BPAX22G24~BPAX32G24~BPAX33G24~BPAX42G24~BPAX43G24~BPAX44G24~BPAX52G24~BPAX53G24~BPAX54G24~BPAX55G24~BPCSAK22G24~BPCSAK32G24~BPCSAK33G24~BPCSAK42G24~BPCSAK43G24~BPCSAK44G24~BPCSAK52G24~BPCSAK53G24~BPCSAK54G24~BPCSAK55G24~BPCSAL32G24~BPCSAL33G24~BPCSAL42G24~BPCSAL43G24~BPCSAL44G24,BPAX22G24~BPAX32G24~BPAX33G24~BPAX42G24~BPAX43G24~BPAX44G24~BPAX52G24~BPAX53G24~BPAX54G24~BPAX55G24~BPCSAK22G24~BPCSAK32G24~BPCSAK33G24~BPCSAK42G24~BPCSAK43G24~BPCSAK44G24~BPCSAK52G24~BPCSAK53G24~BPCSAK54G24~BPCSAK55G24~BPCSAL32G24~BPCSAL33G24~BPCSAL42G24~BPCSAL43G24~BPCSAL44G24,BPAX22G24~BPAX32G24~BPAX33G24~BPAX42G24~BPAX43G24~BPAX44G24~BPAX52G24~BPAX53G24~BPAX54G24~BPAX55G24~BPCSAK22G24~BPCSAK32G24~BPCSAK33G24~BPCSAK42G24~BPCSAK43G24~BPCSAK44G24~BPCSAK52G24~BPCSAK53G24~BPCSAK54G24~BPCSAK55G24~BPCSAL32G24~BPCSAL33G24~BPCSAL42G24~BPCSAL43G24~BPCSAL44G24,BPAX22G24~BPAX32G24~BPAX33G24~BPAX42G24~BPAX43G24~BPAX44G24~BPAX52G24~BPAX53G24~BPAX54G24~BPAX55G24~BPCSACI33G24~BPCSACI44G24~BPCSACU43G24~BPCSACU44G24~BPCSACU53G24~BPCSACU55G24~BPCSAK22G24~BPCSAK32G24~BPCSAK33G24~BPCSAK42G24~BPCSAK43G24~BPCSAK44G24~BPCSAK52G24~BPCSAK53G24~BPCSAK54G24~BPCSAK55G24~BPCSAL32G24~BPCSAL33G24~BPCSAL42G24~BPCSAL43G24~BPCSAL44G24,BPAX22G15~BPAX32G15~BPAX33G15~BPAX42G15~BPAX43G15~BPAX44G15~BPAX52G15~BPAX53G15~BPAX54G15~BPAX55G15~BPCSACI33G15~BPCSACI44G15~BPCSAK22G15~BPCSAK32G15~BPCSAK33G15~BPCSAK42G15~BPCSAK43G15~BPCSAK44G15~BPCSAK52G15~BPCSAK53G15~BPCSAK54G15~BPCSAK55G15,BPAX33GSL2~BPAX36GSL2~BPAX43GSL2~BPAX46GSL2~BPAX53GSL2~BPAX56GSL2::Zentia Sierra OP Board 15mm angle.jpg,Zentia Sierra OP Board 15mm angle.jpg,Zentia Sierra OP Board 15mm angle.jpg,Zentia Sierra OP Face.jpg,Zentia Sierra Microlook 90 15mm angle.jpg,Zentia Sierra OP Face.jpg","file_label":"Descargar ficha t\u00e9cnica","file":8454,"warranties":null,"product_manuals":null,"nbs":"","documents_downloads_title":"","related_documents_and_downloads":"","download_bim":"","download_all_documents":"","listing_label":"","solution_finder_toggle":false,"solution_finder_intro":"","solution_finder_points":null,"template":{"":null,"related_project_gallery":[7894,7979],"template_faq":[6950,6952,6953],"space_bottom":true,"related_products_title":"","related_products":[6942,7110,7109,6731],"hide_form":false}},"yoast_head":"<!-- This site is optimized with the Yoast SEO plugin v27.4 - https:\/\/yoast.com\/product\/yoast-seo-wordpress\/ -->\n<title>Acoustic Ceiling Tiles Solution | Serene hA | Zentia<\/title>\n<meta name=\"description\" content=\"Placas de techo mineral Serene hA de Zentia, clase A de absorci\u00f3n ac\u00fastica y excelentes prestaciones ac\u00fasticas. Ideal para oficinas.\" \/>\n<meta name=\"robots\" content=\"index, follow, max-snippet:-1, max-image-preview:large, max-video-preview:-1\" \/>\n<link rel=\"canonical\" href=\"https:\/\/www.zentia.com\/es-es\/soluciones\/productos\/paneles-de-techo\/serene-ha\/\" \/>\n<meta property=\"og:locale\" content=\"es_ES\" \/>\n<meta property=\"og:type\" content=\"article\" \/>\n<meta property=\"og:title\" content=\"Acoustic Ceiling Tiles Solution | Serene hA | Zentia\" \/>\n<meta property=\"og:description\" content=\"Placas de techo mineral Serene hA de Zentia, clase A de absorci\u00f3n ac\u00fastica y excelentes prestaciones ac\u00fasticas. Ideal para oficinas.\" \/>\n<meta property=\"og:url\" content=\"https:\/\/www.zentia.com\/es-es\/soluciones\/productos\/paneles-de-techo\/serene-ha\/\" \/>\n<meta property=\"og:site_name\" content=\"Zentia\" \/>\n<meta property=\"article:modified_time\" content=\"2026-02-25T14:40:23+00:00\" \/>\n<meta name=\"twitter:card\" content=\"summary_large_image\" \/>\n<script type=\"application\/ld+json\" class=\"yoast-schema-graph\">{\"@context\":\"https:\\\/\\\/schema.org\",\"@graph\":[{\"@type\":\"WebPage\",\"@id\":\"https:\\\/\\\/www.zentia.com\\\/es-es\\\/soluciones\\\/productos\\\/paneles-de-techo\\\/serene-ha\\\/\",\"url\":\"https:\\\/\\\/www.zentia.com\\\/es-es\\\/soluciones\\\/productos\\\/paneles-de-techo\\\/serene-ha\\\/\",\"name\":\"Acoustic Ceiling Tiles Solution | Serene hA | Zentia\",\"isPartOf\":{\"@id\":\"https:\\\/\\\/www.zentia.com\\\/es-es\\\/#website\"},\"datePublished\":\"2022-07-21T08:54:18+00:00\",\"dateModified\":\"2026-02-25T14:40:23+00:00\",\"description\":\"Placas de techo mineral Serene hA de Zentia, clase A de absorci\u00f3n ac\u00fastica y excelentes prestaciones ac\u00fasticas. Ideal para oficinas.\",\"breadcrumb\":{\"@id\":\"https:\\\/\\\/www.zentia.com\\\/es-es\\\/soluciones\\\/productos\\\/paneles-de-techo\\\/serene-ha\\\/#breadcrumb\"},\"inLanguage\":\"es\",\"potentialAction\":[{\"@type\":\"ReadAction\",\"target\":[\"https:\\\/\\\/www.zentia.com\\\/es-es\\\/soluciones\\\/productos\\\/paneles-de-techo\\\/serene-ha\\\/\"]}]},{\"@type\":\"BreadcrumbList\",\"@id\":\"https:\\\/\\\/www.zentia.com\\\/es-es\\\/soluciones\\\/productos\\\/paneles-de-techo\\\/serene-ha\\\/#breadcrumb\",\"itemListElement\":[{\"@type\":\"ListItem\",\"position\":1,\"name\":\"Inicio\",\"item\":\"https:\\\/\\\/www.zentia.com\\\/es-es\\\/\"},{\"@type\":\"ListItem\",\"position\":2,\"name\":\"Serene hA\"}]},{\"@type\":\"WebSite\",\"@id\":\"https:\\\/\\\/www.zentia.com\\\/es-es\\\/#website\",\"url\":\"https:\\\/\\\/www.zentia.com\\\/es-es\\\/\",\"name\":\"Zentia\",\"description\":\"\",\"potentialAction\":[{\"@type\":\"SearchAction\",\"target\":{\"@type\":\"EntryPoint\",\"urlTemplate\":\"https:\\\/\\\/www.zentia.com\\\/es-es\\\/?s={search_term_string}\"},\"query-input\":{\"@type\":\"PropertyValueSpecification\",\"valueRequired\":true,\"valueName\":\"search_term_string\"}}],\"inLanguage\":\"es\"}]}<\/script>\n<!-- \/ Yoast SEO plugin. -->","yoast_head_json":{"title":"Acoustic Ceiling Tiles Solution | Serene hA | Zentia","description":"Placas de techo mineral Serene hA de Zentia, clase A de absorci\u00f3n ac\u00fastica y excelentes prestaciones ac\u00fasticas. Ideal para oficinas.","robots":{"index":"index","follow":"follow","max-snippet":"max-snippet:-1","max-image-preview":"max-image-preview:large","max-video-preview":"max-video-preview:-1"},"canonical":"https:\/\/www.zentia.com\/es-es\/soluciones\/productos\/paneles-de-techo\/serene-ha\/","og_locale":"es_ES","og_type":"article","og_title":"Acoustic Ceiling Tiles Solution | Serene hA | Zentia","og_description":"Placas de techo mineral Serene hA de Zentia, clase A de absorci\u00f3n ac\u00fastica y excelentes prestaciones ac\u00fasticas. Ideal para oficinas.","og_url":"https:\/\/www.zentia.com\/es-es\/soluciones\/productos\/paneles-de-techo\/serene-ha\/","og_site_name":"Zentia","article_modified_time":"2026-02-25T14:40:23+00:00","twitter_card":"summary_large_image","schema":{"@context":"https:\/\/schema.org","@graph":[{"@type":"WebPage","@id":"https:\/\/www.zentia.com\/es-es\/soluciones\/productos\/paneles-de-techo\/serene-ha\/","url":"https:\/\/www.zentia.com\/es-es\/soluciones\/productos\/paneles-de-techo\/serene-ha\/","name":"Acoustic Ceiling Tiles Solution | Serene hA | Zentia","isPartOf":{"@id":"https:\/\/www.zentia.com\/es-es\/#website"},"datePublished":"2022-07-21T08:54:18+00:00","dateModified":"2026-02-25T14:40:23+00:00","description":"Placas de techo mineral Serene hA de Zentia, clase A de absorci\u00f3n ac\u00fastica y excelentes prestaciones ac\u00fasticas. Ideal para oficinas.","breadcrumb":{"@id":"https:\/\/www.zentia.com\/es-es\/soluciones\/productos\/paneles-de-techo\/serene-ha\/#breadcrumb"},"inLanguage":"es","potentialAction":[{"@type":"ReadAction","target":["https:\/\/www.zentia.com\/es-es\/soluciones\/productos\/paneles-de-techo\/serene-ha\/"]}]},{"@type":"BreadcrumbList","@id":"https:\/\/www.zentia.com\/es-es\/soluciones\/productos\/paneles-de-techo\/serene-ha\/#breadcrumb","itemListElement":[{"@type":"ListItem","position":1,"name":"Inicio","item":"https:\/\/www.zentia.com\/es-es\/"},{"@type":"ListItem","position":2,"name":"Serene hA"}]},{"@type":"WebSite","@id":"https:\/\/www.zentia.com\/es-es\/#website","url":"https:\/\/www.zentia.com\/es-es\/","name":"Zentia","description":"","potentialAction":[{"@type":"SearchAction","target":{"@type":"EntryPoint","urlTemplate":"https:\/\/www.zentia.com\/es-es\/?s={search_term_string}"},"query-input":{"@type":"PropertyValueSpecification","valueRequired":true,"valueName":"search_term_string"}}],"inLanguage":"es"}]}},"_links":{"self":[{"href":"https:\/\/www.zentia.com\/es-es\/wp-json\/wp\/v2\/product\/4737","targetHints":{"allow":["GET"]}}],"collection":[{"href":"https:\/\/www.zentia.com\/es-es\/wp-json\/wp\/v2\/product"}],"about":[{"href":"https:\/\/www.zentia.com\/es-es\/wp-json\/wp\/v2\/types\/product"}],"wp:attachment":[{"href":"https:\/\/www.zentia.com\/es-es\/wp-json\/wp\/v2\/media?parent=4737"}],"wp:term":[{"taxonomy":"product-type","embeddable":true,"href":"https:\/\/www.zentia.com\/es-es\/wp-json\/wp\/v2\/product-type?post=4737"}],"curies":[{"name":"wp","href":"https:\/\/api.w.org\/{rel}","templated":true}]}}