{"id":4743,"date":"2022-07-21T09:55:03","date_gmt":"2022-07-21T08:55:03","guid":{"rendered":"https:\/\/zentia.mediaworksdev.co.uk\/en-gb\/solutions\/products\/%product-type%\/decomesh-rb35\/"},"modified":"2025-12-22T09:30:13","modified_gmt":"2025-12-22T09:30:13","slug":"decomesh-rb35","status":"publish","type":"product","link":"https:\/\/www.zentia.com\/es-es\/soluciones\/productos\/paneles-de-techo\/decomesh-rb35\/","title":{"rendered":"DecoMesh RB35"},"featured_media":0,"parent":0,"template":"","product-type":[652],"class_list":["post-4743","product","type-product","status-publish","hentry","product-type-paneles-de-techo","edge-detail-board","sound-reduction-840","product-colour-aluminium","product-colour-black","product-colour-blue","product-colour-green","product-colour-grey","product-colour-orange","product-colour-red","product-colour-white","product-sizes-1200mm-l-x-600mm-w-x-3mm-t","product-sizes-600mm-l-x-600mm-w-x-3mm-t","solution-finder-toggle-x","recycled-content-0-48","humidity-resistance-0-95","cleanroom-classification-finnish-m1"],"acf":{"hero":{"title":"DecoMesh RB35","sub_label":"","introduction":"Con la gama de paneles para techo de malla met\u00e1lica DecoMesh, podr\u00e1 crear espacios industriales de estructura a la vista. Aporte modernidad y una est\u00e9tica vanguardista a cualquier interior con los paneles para techo DecoMesh RB35 de Zentia. Este panel para techo con borde est\u00e1 disponible en ocho colores diferentes y puede instalarse con los sistemas de cuadr\u00edcula para techo suspendido Gridline 24 de Zentia. Tiene un dibujo en malla con una diagonal larga de 28 mm y otra corta de 10 mm para conseguir un efecto m\u00e1s abierto.\r\n\r\nDecoMesh E15 ya est\u00e1 disponible en Nexus Layouts.","introduction_short":"","gallery":[7757,8801],"datasheet":"","video_url":"","space_bottom":true},"images":null,"product_variant_alt_toggle":true,"product_variant":[{"edge_detail":"Board","product_image":"","variant_information":"Los plafones con borde de tabla DecoMesh RB35 tienen bordes planos y cuadrados que exponen completamente una suspensi\u00f3n de plaf\u00f3n est\u00e1ndar.","variant_additional_information":"","sub_variants":[{"edge_detail":"Board","images":[{"image":8635},{"image":7756},{"image":7755},{"image":7757}],"cls_item_number":"BPMRB35B66WH, BPMRB35B66AL, BPMRB35B66GY, BPMRB35B66BK, BPMRB35B66OR, BPMRB35B66RE, BPMRB35B66BL, BPMRB35B66GR","cls_description":"","shortcode":"MRB35B66WH, MRB35B66AL, MRB35B66GY, MRB35B66BK, MRB35B66OR, MRB35B66RE, MRB35B66BL, MRB35B66GR","dimensions":"600mm (L) x 600mm (W) x 3mm (T)","colour_text":"White","colour_select":[1298,1299,1300,1301,1302,1303,1304,1305],"surface_sifyb":"DecoMesh","recyclable":"S\u00ed","recycled_content":"48%","recyclable_through_zentia":"","cleanability_types":"","clean_room_classification":"-","cradle_two_cradle_certification":"-","durability":"-","humidity_resistance_rh":"95%","light_reflectance":"","fire_reaction_en135011":"A2-s1,d0","iac_level":"-","material":"","rout_slot_spacing_and_uom":"","cross_tee_main_runner_interface":"","corrosive_resistant":"","fire_performance":"","clean_room":"","end_detail":"","formaldehyde_emissions":"","low_voc_emissions":"","sound_absorption":"","sound_absorption_class":"","sound_reduction_index":"-","sound_attenuation":"","sound_absorption_nrc":"","compatible_grid_product_code":"BP092031~BP092031BK~BP092031SG~BP092031WR~BP093031~BP093031BK~BP093031SG~BP093031WR~BP093632~BP314032A~BP314032BKA~BP314032SGA~BP314032WRA~BP400993~BP403493~BP404093G","floating_ceiling_frame_product_code":"","installation_accessories":"","accessories":[{"code":""}]},{"edge_detail":"Board","images":[{"image":8635},{"image":7756},{"image":7755},{"image":7757}],"cls_item_number":"BPMRB35B126WH, BPMRB35B126AL, BPMRB35B126GY, BPMRB35B126BK, BPMRB35B126OR, BPMRB35B126RE, BPMRB35B126GR, BPMRB35B126BL","cls_description":"","shortcode":"MRB35B126WH, MRB35B126AL, MRB35B126GY, MRB35B126BK, MRB35B126BK, MRB35B126RE, MRB35B126GR, MRB35B126BL","dimensions":"1200mm (L) x 600mm (W) x 3mm (T)","colour_text":"Aluminium","colour_select":[1298,1299,1300,1301,1302,1303,1304,1305],"surface_sifyb":"DecoMesh","recyclable":"S\u00ed","recycled_content":"48%","recyclable_through_zentia":"","cleanability_types":"","clean_room_classification":"-","cradle_two_cradle_certification":"-","durability":"-","humidity_resistance_rh":"95%","light_reflectance":"","fire_reaction_en135011":"A2-s1,d0","iac_level":"-","material":"","rout_slot_spacing_and_uom":"","cross_tee_main_runner_interface":"","corrosive_resistant":"","fire_performance":"","clean_room":"","end_detail":"","formaldehyde_emissions":"","low_voc_emissions":"","sound_absorption":"","sound_absorption_class":"","sound_reduction_index":"-","sound_attenuation":"","sound_absorption_nrc":"","compatible_grid_product_code":"BP092031~BP092031BK~BP092031SG~BP092031WR~BP093031~BP093031BK~BP093031SG~BP093031WR~BP093632~BP314032A~BP314032BKA~BP314032SGA~BP314032WRA~BP400993~BP403493~BP404093G","floating_ceiling_frame_product_code":"","installation_accessories":"","accessories":[{"code":""}]}],"override_related_items":false,"related_project_gallery":null,"related_faqs":null,"related_products":null,"related_documents_and_downloads":null,"download_all_documents":null}],"import_data":"Board,Board,Board,Board,Board,Board,Board,Board,Board,Board,Board,Board,Board,Board,Board,Board::BPMRB35B66WH,BPMRB35B66AL,BPMRB35B66GY,BPMRB35B66BK,BPMRB35B66OR,BPMRB35B66RE,BPMRB35B66BL,BPMRB35B66GR,BPMRB35B126WH,BPMRB35B126AL,BPMRB35B126GY,BPMRB35B126BK,BPMRB35B126OR,BPMRB35B126RE,BPMRB35B126GR,BPMRB35B126BL::MRB35B66WH,MRB35B66AL,MRB35B66GY,MRB35B66BK,MRB35B66OR,MRB35B66RE,MRB35B66BL,MRB35B66GR,MRB35B126WH,MRB35B126AL,MRB35B126GY,MRB35B126BK,MRB35B126BK,MRB35B126RE,MRB35B126GR,MRB35B126BL::::600mm (L) x 600mm (W) x 3mm (T),600mm (L) x 600mm (W) x 3mm (T),600mm (L) x 600mm (W) x 3mm (T),600mm (L) x 600mm (W) x 3mm (T),600mm (L) x 600mm (W) x 3mm (T),600mm (L) x 600mm (W) x 3mm (T),600mm (L) x 600mm (W) x 3mm (T),600mm (L) x 600mm (W) x 3mm (T),1200mm (L) x 600mm (W) x 3mm (T),1200mm (L) x 600mm (W) x 3mm (T),1200mm (L) x 600mm (W) x 3mm (T),1200mm (L) x 600mm (W) x 3mm (T),1200mm (L) x 600mm (W) x 3mm (T),1200mm (L) x 600mm (W) x 3mm (T),1200mm (L) x 600mm (W) x 3mm (T),1200mm (L) x 600mm (W) x 3mm (T)::White,Aluminium,Grey,Black,Orange,Red,Green,Blue,White,Aluminium,Grey,Black,Orange,Red,Green,Blue::DecoMesh,DecoMesh,DecoMesh,DecoMesh,DecoMesh,DecoMesh,DecoMesh,DecoMesh,DecoMesh,DecoMesh,DecoMesh,DecoMesh,DecoMesh,DecoMesh,DecoMesh,DecoMesh::::::::-,-,-,-,-,-,-,-,-,-,-,-,-,-,-,-::::::0.48,0.48,0.48,0.48,0.48,0.48,0.48,0.48,0.48,0.48,0.48,0.48,0.48,0.48,0.48,0.48::0.95,0.95,0.95,0.95,0.95,0.95,0.95,0.95,0.95,0.95,0.95,0.95,0.95,0.95,0.95,0.95::-,-,-,-,-,-,-,-,-,-,-,-,-,-,-,-::-,-,-,-,-,-,-,-,-,-,-,-,-,-,-,-::-,-,-,-,-,-,-,-,-,-,-,-,-,-,-,-::::-,-,-,-,-,-,-,-,-,-,-,-,-,-,-,-::::::0.48,0.48,0.48,0.48,0.48,0.48,0.48,0.48,0.48,0.48,0.48,0.48,0.48,0.48,0.48,0.48::Yes,Yes,Yes,Yes,Yes,Yes,Yes,Yes,Yes,Yes,Yes,Yes,Yes,Yes,Yes,Yes::A2-s1,d0,A2-s1,d0,A2-s1,d0,A2-s1,d0,A2-s1,d0,A2-s1,d0,A2-s1,d0,A2-s1,d0,A2-s1,d0,A2-s1,d0,A2-s1,d0,A2-s1,d0,A2-s1,d0,A2-s1,d0,A2-s1,d0,A2-s1,d0::BP092031~BP092031BK~BP092031SG~BP092031WR~BP093031~BP093031BK~BP093031SG~BP093031WR~BP093632~BP314032A~BP314032BKA~BP314032SGA~BP314032WRA~BP400993~BP403493~BP404093G,BP092031~BP092031BK~BP092031SG~BP092031WR~BP093031~BP093031BK~BP093031SG~BP093031WR~BP093632~BP314032A~BP314032BKA~BP314032SGA~BP314032WRA~BP400993~BP403493~BP404093G,BP092031~BP092031BK~BP092031SG~BP092031WR~BP093031~BP093031BK~BP093031SG~BP093031WR~BP093632~BP314032A~BP314032BKA~BP314032SGA~BP314032WRA~BP400993~BP403493~BP404093G,BP092031~BP092031BK~BP092031SG~BP092031WR~BP093031~BP093031BK~BP093031SG~BP093031WR~BP093632~BP314032A~BP314032BKA~BP314032SGA~BP314032WRA~BP400993~BP403493~BP404093G,BP092031~BP092031BK~BP092031SG~BP092031WR~BP093031~BP093031BK~BP093031SG~BP093031WR~BP093632~BP314032A~BP314032BKA~BP314032SGA~BP314032WRA~BP400993~BP403493~BP404093G,BP092031~BP092031BK~BP092031SG~BP092031WR~BP093031~BP093031BK~BP093031SG~BP093031WR~BP093632~BP314032A~BP314032BKA~BP314032SGA~BP314032WRA~BP400993~BP403493~BP404093G,BP092031~BP092031BK~BP092031SG~BP092031WR~BP093031~BP093031BK~BP093031SG~BP093031WR~BP093632~BP314032A~BP314032BKA~BP314032SGA~BP314032WRA~BP400993~BP403493~BP404093G,BP092031~BP092031BK~BP092031SG~BP092031WR~BP093031~BP093031BK~BP093031SG~BP093031WR~BP093632~BP314032A~BP314032BKA~BP314032SGA~BP314032WRA~BP400993~BP403493~BP404093G,BP092031~BP092031BK~BP092031SG~BP092031WR~BP093031~BP093031BK~BP093031SG~BP093031WR~BP093632~BP314032A~BP314032BKA~BP314032SGA~BP314032WRA~BP400993~BP403493~BP404093G,BP092031~BP092031BK~BP092031SG~BP092031WR~BP093031~BP093031BK~BP093031SG~BP093031WR~BP093632~BP314032A~BP314032BKA~BP314032SGA~BP314032WRA~BP400993~BP403493~BP404093G,BP092031~BP092031BK~BP092031SG~BP092031WR~BP093031~BP093031BK~BP093031SG~BP093031WR~BP093632~BP314032A~BP314032BKA~BP314032SGA~BP314032WRA~BP400993~BP403493~BP404093G,BP092031~BP092031BK~BP092031SG~BP092031WR~BP093031~BP093031BK~BP093031SG~BP093031WR~BP093632~BP314032A~BP314032BKA~BP314032SGA~BP314032WRA~BP400993~BP403493~BP404093G,BP092031~BP092031BK~BP092031SG~BP092031WR~BP093031~BP093031BK~BP093031SG~BP093031WR~BP093632~BP314032A~BP314032BKA~BP314032SGA~BP314032WRA~BP400993~BP403493~BP404093G,BP092031~BP092031BK~BP092031SG~BP092031WR~BP093031~BP093031BK~BP093031SG~BP093031WR~BP093632~BP314032A~BP314032BKA~BP314032SGA~BP314032WRA~BP400993~BP403493~BP404093G,BP092031~BP092031BK~BP092031SG~BP092031WR~BP093031~BP093031BK~BP093031SG~BP093031WR~BP093632~BP314032A~BP314032BKA~BP314032SGA~BP314032WRA~BP400993~BP403493~BP404093G,BP092031~BP092031BK~BP092031SG~BP092031WR~BP093031~BP093031BK~BP093031SG~BP093031WR~BP093632~BP314032A~BP314032BKA~BP314032SGA~BP314032WRA~BP400993~BP403493~BP404093G::::Zentia DecoMesh RB35.png,Zentia DecoMesh RB35.png,Zentia DecoMesh RB35.png,Zentia DecoMesh RB35.png,Zentia DecoMesh RB35.png,Zentia DecoMesh RB35.png,Zentia DecoMesh RB35.png,Zentia DecoMesh RB35.png,Zentia DecoMesh RB35.png,Zentia DecoMesh RB35.png,Zentia DecoMesh RB35.png,Zentia DecoMesh RB35.png,Zentia DecoMesh RB35.png,Zentia DecoMesh RB35.png,Zentia DecoMesh RB35.png,Zentia DecoMesh RB35.png","file_label":"Descargar ficha t\u00e9cnica","file":8843,"warranties":null,"product_manuals":null,"nbs":"","documents_downloads_title":"","related_documents_and_downloads":[8804,7361],"download_bim":"","download_all_documents":"","listing_label":"\u00a1NUEVO! Ya disponible en Nexus Layouts","solution_finder_toggle":false,"solution_finder_intro":"","solution_finder_points":null,"template":{"":null,"related_project_gallery":"","template_faq":"","space_bottom":false,"related_products_title":"","related_products":"","hide_form":false}},"yoast_head":"<!-- This site is optimized with the Yoast SEO plugin v27.4 - https:\/\/yoast.com\/product\/yoast-seo-wordpress\/ -->\n<title>DecoMesh RB25 | Suspended Ceiling Solutions | Zentia<\/title>\n<meta name=\"description\" content=\"Metal ceiling tiles by Zentia. Made from galvanised steel, painted and coated to stop rust. Ideal for restaurants and edgy interior designs!\" \/>\n<meta name=\"robots\" content=\"index, follow, max-snippet:-1, max-image-preview:large, max-video-preview:-1\" \/>\n<link rel=\"canonical\" href=\"https:\/\/www.zentia.com\/es-es\/soluciones\/productos\/paneles-de-techo\/decomesh-rb35\/\" \/>\n<meta property=\"og:locale\" content=\"es_ES\" \/>\n<meta property=\"og:type\" content=\"article\" \/>\n<meta property=\"og:title\" content=\"DecoMesh RB25 | Suspended Ceiling Solutions | Zentia\" \/>\n<meta property=\"og:description\" content=\"Metal ceiling tiles by Zentia. Made from galvanised steel, painted and coated to stop rust. Ideal for restaurants and edgy interior designs!\" \/>\n<meta property=\"og:url\" content=\"https:\/\/www.zentia.com\/es-es\/soluciones\/productos\/paneles-de-techo\/decomesh-rb35\/\" \/>\n<meta property=\"og:site_name\" content=\"Zentia\" \/>\n<meta property=\"article:modified_time\" content=\"2025-12-22T09:30:13+00:00\" \/>\n<meta name=\"twitter:card\" content=\"summary_large_image\" \/>\n<script type=\"application\/ld+json\" class=\"yoast-schema-graph\">{\"@context\":\"https:\\\/\\\/schema.org\",\"@graph\":[{\"@type\":\"WebPage\",\"@id\":\"https:\\\/\\\/www.zentia.com\\\/es-es\\\/soluciones\\\/productos\\\/paneles-de-techo\\\/decomesh-rb35\\\/\",\"url\":\"https:\\\/\\\/www.zentia.com\\\/es-es\\\/soluciones\\\/productos\\\/paneles-de-techo\\\/decomesh-rb35\\\/\",\"name\":\"DecoMesh RB25 | Suspended Ceiling Solutions | Zentia\",\"isPartOf\":{\"@id\":\"https:\\\/\\\/www.zentia.com\\\/es-es\\\/#website\"},\"datePublished\":\"2022-07-21T08:55:03+00:00\",\"dateModified\":\"2025-12-22T09:30:13+00:00\",\"description\":\"Metal ceiling tiles by Zentia. Made from galvanised steel, painted and coated to stop rust. Ideal for restaurants and edgy interior designs!\",\"breadcrumb\":{\"@id\":\"https:\\\/\\\/www.zentia.com\\\/es-es\\\/soluciones\\\/productos\\\/paneles-de-techo\\\/decomesh-rb35\\\/#breadcrumb\"},\"inLanguage\":\"es\",\"potentialAction\":[{\"@type\":\"ReadAction\",\"target\":[\"https:\\\/\\\/www.zentia.com\\\/es-es\\\/soluciones\\\/productos\\\/paneles-de-techo\\\/decomesh-rb35\\\/\"]}]},{\"@type\":\"BreadcrumbList\",\"@id\":\"https:\\\/\\\/www.zentia.com\\\/es-es\\\/soluciones\\\/productos\\\/paneles-de-techo\\\/decomesh-rb35\\\/#breadcrumb\",\"itemListElement\":[{\"@type\":\"ListItem\",\"position\":1,\"name\":\"Inicio\",\"item\":\"https:\\\/\\\/www.zentia.com\\\/es-es\\\/\"},{\"@type\":\"ListItem\",\"position\":2,\"name\":\"DecoMesh RB35\"}]},{\"@type\":\"WebSite\",\"@id\":\"https:\\\/\\\/www.zentia.com\\\/es-es\\\/#website\",\"url\":\"https:\\\/\\\/www.zentia.com\\\/es-es\\\/\",\"name\":\"Zentia\",\"description\":\"\",\"potentialAction\":[{\"@type\":\"SearchAction\",\"target\":{\"@type\":\"EntryPoint\",\"urlTemplate\":\"https:\\\/\\\/www.zentia.com\\\/es-es\\\/?s={search_term_string}\"},\"query-input\":{\"@type\":\"PropertyValueSpecification\",\"valueRequired\":true,\"valueName\":\"search_term_string\"}}],\"inLanguage\":\"es\"}]}<\/script>\n<!-- \/ Yoast SEO plugin. -->","yoast_head_json":{"title":"DecoMesh RB25 | Suspended Ceiling Solutions | Zentia","description":"Metal ceiling tiles by Zentia. Made from galvanised steel, painted and coated to stop rust. Ideal for restaurants and edgy interior designs!","robots":{"index":"index","follow":"follow","max-snippet":"max-snippet:-1","max-image-preview":"max-image-preview:large","max-video-preview":"max-video-preview:-1"},"canonical":"https:\/\/www.zentia.com\/es-es\/soluciones\/productos\/paneles-de-techo\/decomesh-rb35\/","og_locale":"es_ES","og_type":"article","og_title":"DecoMesh RB25 | Suspended Ceiling Solutions | Zentia","og_description":"Metal ceiling tiles by Zentia. Made from galvanised steel, painted and coated to stop rust. Ideal for restaurants and edgy interior designs!","og_url":"https:\/\/www.zentia.com\/es-es\/soluciones\/productos\/paneles-de-techo\/decomesh-rb35\/","og_site_name":"Zentia","article_modified_time":"2025-12-22T09:30:13+00:00","twitter_card":"summary_large_image","schema":{"@context":"https:\/\/schema.org","@graph":[{"@type":"WebPage","@id":"https:\/\/www.zentia.com\/es-es\/soluciones\/productos\/paneles-de-techo\/decomesh-rb35\/","url":"https:\/\/www.zentia.com\/es-es\/soluciones\/productos\/paneles-de-techo\/decomesh-rb35\/","name":"DecoMesh RB25 | Suspended Ceiling Solutions | Zentia","isPartOf":{"@id":"https:\/\/www.zentia.com\/es-es\/#website"},"datePublished":"2022-07-21T08:55:03+00:00","dateModified":"2025-12-22T09:30:13+00:00","description":"Metal ceiling tiles by Zentia. Made from galvanised steel, painted and coated to stop rust. Ideal for restaurants and edgy interior designs!","breadcrumb":{"@id":"https:\/\/www.zentia.com\/es-es\/soluciones\/productos\/paneles-de-techo\/decomesh-rb35\/#breadcrumb"},"inLanguage":"es","potentialAction":[{"@type":"ReadAction","target":["https:\/\/www.zentia.com\/es-es\/soluciones\/productos\/paneles-de-techo\/decomesh-rb35\/"]}]},{"@type":"BreadcrumbList","@id":"https:\/\/www.zentia.com\/es-es\/soluciones\/productos\/paneles-de-techo\/decomesh-rb35\/#breadcrumb","itemListElement":[{"@type":"ListItem","position":1,"name":"Inicio","item":"https:\/\/www.zentia.com\/es-es\/"},{"@type":"ListItem","position":2,"name":"DecoMesh RB35"}]},{"@type":"WebSite","@id":"https:\/\/www.zentia.com\/es-es\/#website","url":"https:\/\/www.zentia.com\/es-es\/","name":"Zentia","description":"","potentialAction":[{"@type":"SearchAction","target":{"@type":"EntryPoint","urlTemplate":"https:\/\/www.zentia.com\/es-es\/?s={search_term_string}"},"query-input":{"@type":"PropertyValueSpecification","valueRequired":true,"valueName":"search_term_string"}}],"inLanguage":"es"}]}},"_links":{"self":[{"href":"https:\/\/www.zentia.com\/es-es\/wp-json\/wp\/v2\/product\/4743","targetHints":{"allow":["GET"]}}],"collection":[{"href":"https:\/\/www.zentia.com\/es-es\/wp-json\/wp\/v2\/product"}],"about":[{"href":"https:\/\/www.zentia.com\/es-es\/wp-json\/wp\/v2\/types\/product"}],"acf:post":[{"embeddable":true,"href":"https:\/\/www.zentia.com\/es-es\/wp-json\/wp\/v2\/download\/7361"},{"embeddable":true,"href":"https:\/\/www.zentia.com\/es-es\/wp-json\/wp\/v2\/download\/8804"}],"wp:attachment":[{"href":"https:\/\/www.zentia.com\/es-es\/wp-json\/wp\/v2\/media?parent=4743"}],"wp:term":[{"taxonomy":"product-type","embeddable":true,"href":"https:\/\/www.zentia.com\/es-es\/wp-json\/wp\/v2\/product-type?post=4743"}],"curies":[{"name":"wp","href":"https:\/\/api.w.org\/{rel}","templated":true}]}}