{"id":4745,"date":"2022-07-21T09:55:03","date_gmt":"2022-07-21T08:55:03","guid":{"rendered":"https:\/\/zentia.mediaworksdev.co.uk\/en-gb\/solutions\/products\/%product-type%\/decomesh-e15\/"},"modified":"2025-12-22T09:28:35","modified_gmt":"2025-12-22T09:28:35","slug":"decomesh-e15","status":"publish","type":"product","link":"https:\/\/www.zentia.com\/es-es\/soluciones\/productos\/paneles-de-techo\/decomesh-e15\/","title":{"rendered":"DecoMesh E15"},"featured_media":0,"parent":0,"template":"","product-type":[652],"class_list":["post-4745","product","type-product","status-publish","hentry","product-type-paneles-de-techo","edge-detail-board","sound-reduction-840","product-colour-aluminium","product-colour-black","product-colour-blue","product-colour-green","product-colour-grey","product-colour-orange","product-colour-red","product-colour-white","product-sizes-1200mm-l-x-600mm-w-x-2mm-t","product-sizes-600mm-l-x-600mm-w-x-2mm-t","solution-finder-toggle-x","recycled-content-0-48","humidity-resistance-0-95","cleanroom-classification-finnish-m1"],"acf":{"hero":{"title":"DecoMesh E15","sub_label":"","introduction":"Con la gama de paneles para techo de malla met\u00e1lica DecoMesh, podr\u00e1 crear espacios industriales de estructura a la vista. Aporte modernidad y una est\u00e9tica vanguardista a cualquier interior con los paneles para techo DecoMesh E10 de Zentia. Este panel para techo con borde est\u00e1 disponible en ocho colores diferentes y puede instalarse con los sistemas de cuadr\u00edcula para techo suspendido Gridline 24 de Zentia. Tiene un dibujo en malla de efecto m\u00e1s abierto con una diagonal larga de 15 mm y otra corta de 6,5 mm. Se puede adquirir en dos tama\u00f1os: 600 x 600 mm y 1200 x 600 mm.\r\n\r\nDecoMesh E15 ya est\u00e1 disponible en Nexus Layouts.","introduction_short":"","gallery":[7737,8801],"datasheet":"","video_url":"","space_bottom":true},"images":null,"product_variant_alt_toggle":true,"product_variant":[{"edge_detail":"Board","product_image":"","variant_information":"Las losetas de borde de tablero DecoMesh E15 tienen bordes planos y cuadrados que exponen completamente una suspensi\u00f3n de techo est\u00e1ndar. Disponible en dos tama\u00f1os.","variant_additional_information":"","sub_variants":[{"edge_detail":"Board","images":[{"image":7734},{"image":7735},{"image":7736},{"image":7737}],"cls_item_number":"BPME15B66WH, BPME15B66AL, BPME15B66GY, BPME15B66BK, BPME15B66OR, BPME15B66RE, BPME15B66GR, BPME15B66BL","cls_description":"","shortcode":"ME15B66WH, ME15B66AL, ME15B66GY, ME15B66BK, ME15B66OR, ME15B66RE, ME15B66GR, ME15B66BL","dimensions":"600mm (L) x 600mm (W) x 2mm (T)","colour_text":"White","colour_select":[1298,1299,1300,1301,1302,1303,1304,1305],"surface_sifyb":"DecoMesh","recyclable":"S\u00ed","recycled_content":"48%","recyclable_through_zentia":"","cleanability_types":"","clean_room_classification":"-","cradle_two_cradle_certification":"-","durability":"-","humidity_resistance_rh":"95%","light_reflectance":"","fire_reaction_en135011":"A2-s1,d0","iac_level":"-","material":"","rout_slot_spacing_and_uom":"","cross_tee_main_runner_interface":"","corrosive_resistant":"","fire_performance":"","clean_room":"","end_detail":"","formaldehyde_emissions":"","low_voc_emissions":"","sound_absorption":"","sound_absorption_class":"","sound_reduction_index":"-","sound_attenuation":"","sound_absorption_nrc":"","compatible_grid_product_code":"BP092031~BP092031BK~BP092031SG~BP092031WR~BP093031~BP093031BK~BP093031SG~BP093031WR~BP093632~BP314032A~BP314032BKA~BP314032SGA~BP314032WRA~BP400993~BP403493~BP404093G","floating_ceiling_frame_product_code":"","installation_accessories":"","accessories":[{"code":""}]},{"edge_detail":"Board","images":[{"image":7734},{"image":7735},{"image":7736},{"image":7737}],"cls_item_number":"BPME15B126WH, BPME15B126AL, BPME15B126GY, BPME15B126BK, BPME15B126OR, BPME15B126RE, BPME15B126GR, BPME15B126BL","cls_description":"","shortcode":"BPME15B126WH, BPME15B126AL, BPME15B126GY, BPME15B126BK, BPME15B126OR, BPME15B126RE, BPME15B126GR, BPME15B126BL","dimensions":"1200mm (L) x 600mm (W) x 2mm (T)","colour_text":"Aluminium","colour_select":[1298,1299,1300,1301,1303,1302,1304,1305],"surface_sifyb":"DecoMesh","recyclable":"S\u00ed","recycled_content":"48%","recyclable_through_zentia":"","cleanability_types":"","clean_room_classification":"-","cradle_two_cradle_certification":"-","durability":"-","humidity_resistance_rh":"95%","light_reflectance":"","fire_reaction_en135011":"A2-s1,d0","iac_level":"-","material":"","rout_slot_spacing_and_uom":"","cross_tee_main_runner_interface":"","corrosive_resistant":"","fire_performance":"","clean_room":"","end_detail":"","formaldehyde_emissions":"","low_voc_emissions":"","sound_absorption":"","sound_absorption_class":"","sound_reduction_index":"-","sound_attenuation":"","sound_absorption_nrc":"","compatible_grid_product_code":"BP092031~BP092031BK~BP092031SG~BP092031WR~BP093031~BP093031BK~BP093031SG~BP093031WR~BP093632~BP314032A~BP314032BKA~BP314032SGA~BP314032WRA~BP400993~BP403493~BP404093G","floating_ceiling_frame_product_code":"","installation_accessories":"","accessories":[{"code":""}]}],"override_related_items":false,"related_project_gallery":null,"related_faqs":null,"related_products":null,"related_documents_and_downloads":null,"download_all_documents":null}],"import_data":"Board,Board,Board,Board,Board,Board,Board,Board,Board,Board,Board,Board,Board,Board,Board,Board::BPME15B66WH,BPME15B66AL,BPME15B66GY,BPME15B66BK,BPME15B66OR,BPME15B66RE,BPME15B66GR,BPME15B66BL,BPME15B126WH,BPME15B126AL,BPME15B126GY,BPME15B126BK,BPME15B126OR,BPME15B126RE,BPME15B126GR,BPME15B126BL::ME15B66WH,ME15B66AL,ME15B66GY,ME15B66BK,ME15B66OR,ME15B66RE,ME15B66GR,ME15B66BL,ME15B126WH,ME15B126AL,ME15B126GY,ME15B126BK,ME15B126OR,ME15B126RE,ME15B126GR,ME15B126BL::::600mm (L) x 600mm (W) x 2mm (T),600mm (L) x 600mm (W) x 2mm (T),600mm (L) x 600mm (W) x 2mm (T),600mm (L) x 600mm (W) x 2mm (T),600mm (L) x 600mm (W) x 2mm (T),600mm (L) x 600mm (W) x 2mm (T),600mm (L) x 600mm (W) x 2mm (T),600mm (L) x 600mm (W) x 2mm (T),1200mm (L) x 600mm (W) x 2mm (T),1200mm (L) x 600mm (W) x 2mm (T),1200mm (L) x 600mm (W) x 2mm (T),1200mm (L) x 600mm (W) x 2mm (T),1200mm (L) x 600mm (W) x 2mm (T),1200mm (L) x 600mm (W) x 2mm (T),1200mm (L) x 600mm (W) x 2mm (T),1200mm (L) x 600mm (W) x 2mm (T)::White,Aluminium,Grey,Black,Orange,Red,Green,Blue,White,Aluminium,Grey,Black,Orange,Red,Green,Blue::DecoMesh,DecoMesh,DecoMesh,DecoMesh,DecoMesh,DecoMesh,DecoMesh,DecoMesh,DecoMesh,DecoMesh,DecoMesh,DecoMesh,DecoMesh,DecoMesh,DecoMesh,DecoMesh::::::::-,-,-,-,-,-,-,-,-,-,-,-,-,-,-,-::::::0.48,0.48,0.48,0.48,0.48,0.48,0.48,0.48,0.48,0.48,0.48,0.48,0.48,0.48,0.48,0.48::0.95,0.95,0.95,0.95,0.95,0.95,0.95,0.95,0.95,0.95,0.95,0.95,0.95,0.95,0.95,0.95::-,-,-,-,-,-,-,-,-,-,-,-,-,-,-,-::-,-,-,-,-,-,-,-,-,-,-,-,-,-,-,-::-,-,-,-,-,-,-,-,-,-,-,-,-,-,-,-::::-,-,-,-,-,-,-,-,-,-,-,-,-,-,-,-::::::0.48,0.48,0.48,0.48,0.48,0.48,0.48,0.48,0.48,0.48,0.48,0.48,0.48,0.48,0.48,0.48::Yes,Yes,Yes,Yes,Yes,Yes,Yes,Yes,Yes,Yes,Yes,Yes,Yes,Yes,Yes,Yes::A2-s1,d0,A2-s1,d0,A2-s1,d0,A2-s1,d0,A2-s1,d0,A2-s1,d0,A2-s1,d0,A2-s1,d0,A2-s1,d0,A2-s1,d0,A2-s1,d0,A2-s1,d0,A2-s1,d0,A2-s1,d0,A2-s1,d0,A2-s1,d0::BP092031~BP092031BK~BP092031SG~BP092031WR~BP093031~BP093031BK~BP093031SG~BP093031WR~BP093632~BP314032A~BP314032BKA~BP314032SGA~BP314032WRA~BP400993~BP403493~BP404093G,BP092031~BP092031BK~BP092031SG~BP092031WR~BP093031~BP093031BK~BP093031SG~BP093031WR~BP093632~BP314032A~BP314032BKA~BP314032SGA~BP314032WRA~BP400993~BP403493~BP404093G,BP092031~BP092031BK~BP092031SG~BP092031WR~BP093031~BP093031BK~BP093031SG~BP093031WR~BP093632~BP314032A~BP314032BKA~BP314032SGA~BP314032WRA~BP400993~BP403493~BP404093G,BP092031~BP092031BK~BP092031SG~BP092031WR~BP093031~BP093031BK~BP093031SG~BP093031WR~BP093632~BP314032A~BP314032BKA~BP314032SGA~BP314032WRA~BP400993~BP403493~BP404093G,BP092031~BP092031BK~BP092031SG~BP092031WR~BP093031~BP093031BK~BP093031SG~BP093031WR~BP093632~BP314032A~BP314032BKA~BP314032SGA~BP314032WRA~BP400993~BP403493~BP404093G,BP092031~BP092031BK~BP092031SG~BP092031WR~BP093031~BP093031BK~BP093031SG~BP093031WR~BP093632~BP314032A~BP314032BKA~BP314032SGA~BP314032WRA~BP400993~BP403493~BP404093G,BP092031~BP092031BK~BP092031SG~BP092031WR~BP093031~BP093031BK~BP093031SG~BP093031WR~BP093632~BP314032A~BP314032BKA~BP314032SGA~BP314032WRA~BP400993~BP403493~BP404093G,BP092031~BP092031BK~BP092031SG~BP092031WR~BP093031~BP093031BK~BP093031SG~BP093031WR~BP093632~BP314032A~BP314032BKA~BP314032SGA~BP314032WRA~BP400993~BP403493~BP404093G,BP092031~BP092031BK~BP092031SG~BP092031WR~BP093031~BP093031BK~BP093031SG~BP093031WR~BP093632~BP314032A~BP314032BKA~BP314032SGA~BP314032WRA~BP400993~BP403493~BP404093G,BP092031~BP092031BK~BP092031SG~BP092031WR~BP093031~BP093031BK~BP093031SG~BP093031WR~BP093632~BP314032A~BP314032BKA~BP314032SGA~BP314032WRA~BP400993~BP403493~BP404093G,BP092031~BP092031BK~BP092031SG~BP092031WR~BP093031~BP093031BK~BP093031SG~BP093031WR~BP093632~BP314032A~BP314032BKA~BP314032SGA~BP314032WRA~BP400993~BP403493~BP404093G,BP092031~BP092031BK~BP092031SG~BP092031WR~BP093031~BP093031BK~BP093031SG~BP093031WR~BP093632~BP314032A~BP314032BKA~BP314032SGA~BP314032WRA~BP400993~BP403493~BP404093G,BP092031~BP092031BK~BP092031SG~BP092031WR~BP093031~BP093031BK~BP093031SG~BP093031WR~BP093632~BP314032A~BP314032BKA~BP314032SGA~BP314032WRA~BP400993~BP403493~BP404093G,BP092031~BP092031BK~BP092031SG~BP092031WR~BP093031~BP093031BK~BP093031SG~BP093031WR~BP093632~BP314032A~BP314032BKA~BP314032SGA~BP314032WRA~BP400993~BP403493~BP404093G,BP092031~BP092031BK~BP092031SG~BP092031WR~BP093031~BP093031BK~BP093031SG~BP093031WR~BP093632~BP314032A~BP314032BKA~BP314032SGA~BP314032WRA~BP400993~BP403493~BP404093G,BP092031~BP092031BK~BP092031SG~BP092031WR~BP093031~BP093031BK~BP093031SG~BP093031WR~BP093632~BP314032A~BP314032BKA~BP314032SGA~BP314032WRA~BP400993~BP403493~BP404093G::::Zentia DecoMesh E15.png,Zentia DecoMesh E15.png,Zentia DecoMesh E15.png,Zentia DecoMesh E15.png,Zentia DecoMesh E15.png,Zentia DecoMesh E15.png,Zentia DecoMesh E15.png,Zentia DecoMesh E15.png,Zentia DecoMesh E15.png,Zentia DecoMesh E15.png,Zentia DecoMesh E15.png,Zentia DecoMesh E15.png,Zentia DecoMesh E15.png,Zentia DecoMesh E15.png,Zentia DecoMesh E15.png,Zentia DecoMesh E15.png","file_label":"Descargar ficha t\u00e9cnica","file":8843,"warranties":null,"product_manuals":null,"nbs":"","documents_downloads_title":"","related_documents_and_downloads":[8804,7361],"download_bim":"","download_all_documents":"","listing_label":"\u00a1NUEVO! Ya disponible en Nexus Layouts","solution_finder_toggle":false,"solution_finder_intro":"","solution_finder_points":null,"template":{"":null,"related_project_gallery":[8127,7894],"template_faq":"","space_bottom":false,"related_products_title":"","related_products":"","hide_form":false}},"yoast_head":"<!-- This site is optimized with the Yoast SEO plugin v27.5 - https:\/\/yoast.com\/product\/yoast-seo-wordpress\/ -->\n<title>DecoMesh E15 | Zentia<\/title>\n<meta name=\"description\" content=\"Metal mesh ceiling tiles that add edgy style to interiors! Available in eight different colours to suit any space.\" \/>\n<meta name=\"robots\" content=\"index, follow, max-snippet:-1, max-image-preview:large, max-video-preview:-1\" \/>\n<link rel=\"canonical\" href=\"https:\/\/www.zentia.com\/es-es\/soluciones\/productos\/paneles-de-techo\/decomesh-e15\/\" \/>\n<meta property=\"og:locale\" content=\"es_ES\" \/>\n<meta property=\"og:type\" content=\"article\" \/>\n<meta property=\"og:title\" content=\"DecoMesh E15 | Zentia\" \/>\n<meta property=\"og:description\" content=\"Metal mesh ceiling tiles that add edgy style to interiors! Available in eight different colours to suit any space.\" \/>\n<meta property=\"og:url\" content=\"https:\/\/www.zentia.com\/es-es\/soluciones\/productos\/paneles-de-techo\/decomesh-e15\/\" \/>\n<meta property=\"og:site_name\" content=\"Zentia\" \/>\n<meta property=\"article:modified_time\" content=\"2025-12-22T09:28:35+00:00\" \/>\n<meta name=\"twitter:card\" content=\"summary_large_image\" \/>\n<script type=\"application\/ld+json\" class=\"yoast-schema-graph\">{\"@context\":\"https:\\\/\\\/schema.org\",\"@graph\":[{\"@type\":\"WebPage\",\"@id\":\"https:\\\/\\\/www.zentia.com\\\/es-es\\\/soluciones\\\/productos\\\/paneles-de-techo\\\/decomesh-e15\\\/\",\"url\":\"https:\\\/\\\/www.zentia.com\\\/es-es\\\/soluciones\\\/productos\\\/paneles-de-techo\\\/decomesh-e15\\\/\",\"name\":\"DecoMesh E15 | Zentia\",\"isPartOf\":{\"@id\":\"https:\\\/\\\/www.zentia.com\\\/es-es\\\/#website\"},\"datePublished\":\"2022-07-21T08:55:03+00:00\",\"dateModified\":\"2025-12-22T09:28:35+00:00\",\"description\":\"Metal mesh ceiling tiles that add edgy style to interiors! Available in eight different colours to suit any space.\",\"breadcrumb\":{\"@id\":\"https:\\\/\\\/www.zentia.com\\\/es-es\\\/soluciones\\\/productos\\\/paneles-de-techo\\\/decomesh-e15\\\/#breadcrumb\"},\"inLanguage\":\"es\",\"potentialAction\":[{\"@type\":\"ReadAction\",\"target\":[\"https:\\\/\\\/www.zentia.com\\\/es-es\\\/soluciones\\\/productos\\\/paneles-de-techo\\\/decomesh-e15\\\/\"]}]},{\"@type\":\"BreadcrumbList\",\"@id\":\"https:\\\/\\\/www.zentia.com\\\/es-es\\\/soluciones\\\/productos\\\/paneles-de-techo\\\/decomesh-e15\\\/#breadcrumb\",\"itemListElement\":[{\"@type\":\"ListItem\",\"position\":1,\"name\":\"Inicio\",\"item\":\"https:\\\/\\\/www.zentia.com\\\/es-es\\\/\"},{\"@type\":\"ListItem\",\"position\":2,\"name\":\"DecoMesh E15\"}]},{\"@type\":\"WebSite\",\"@id\":\"https:\\\/\\\/www.zentia.com\\\/es-es\\\/#website\",\"url\":\"https:\\\/\\\/www.zentia.com\\\/es-es\\\/\",\"name\":\"Zentia\",\"description\":\"\",\"potentialAction\":[{\"@type\":\"SearchAction\",\"target\":{\"@type\":\"EntryPoint\",\"urlTemplate\":\"https:\\\/\\\/www.zentia.com\\\/es-es\\\/?s={search_term_string}\"},\"query-input\":{\"@type\":\"PropertyValueSpecification\",\"valueRequired\":true,\"valueName\":\"search_term_string\"}}],\"inLanguage\":\"es\"}]}<\/script>\n<!-- \/ Yoast SEO plugin. -->","yoast_head_json":{"title":"DecoMesh E15 | Zentia","description":"Metal mesh ceiling tiles that add edgy style to interiors! Available in eight different colours to suit any space.","robots":{"index":"index","follow":"follow","max-snippet":"max-snippet:-1","max-image-preview":"max-image-preview:large","max-video-preview":"max-video-preview:-1"},"canonical":"https:\/\/www.zentia.com\/es-es\/soluciones\/productos\/paneles-de-techo\/decomesh-e15\/","og_locale":"es_ES","og_type":"article","og_title":"DecoMesh E15 | Zentia","og_description":"Metal mesh ceiling tiles that add edgy style to interiors! Available in eight different colours to suit any space.","og_url":"https:\/\/www.zentia.com\/es-es\/soluciones\/productos\/paneles-de-techo\/decomesh-e15\/","og_site_name":"Zentia","article_modified_time":"2025-12-22T09:28:35+00:00","twitter_card":"summary_large_image","schema":{"@context":"https:\/\/schema.org","@graph":[{"@type":"WebPage","@id":"https:\/\/www.zentia.com\/es-es\/soluciones\/productos\/paneles-de-techo\/decomesh-e15\/","url":"https:\/\/www.zentia.com\/es-es\/soluciones\/productos\/paneles-de-techo\/decomesh-e15\/","name":"DecoMesh E15 | Zentia","isPartOf":{"@id":"https:\/\/www.zentia.com\/es-es\/#website"},"datePublished":"2022-07-21T08:55:03+00:00","dateModified":"2025-12-22T09:28:35+00:00","description":"Metal mesh ceiling tiles that add edgy style to interiors! Available in eight different colours to suit any space.","breadcrumb":{"@id":"https:\/\/www.zentia.com\/es-es\/soluciones\/productos\/paneles-de-techo\/decomesh-e15\/#breadcrumb"},"inLanguage":"es","potentialAction":[{"@type":"ReadAction","target":["https:\/\/www.zentia.com\/es-es\/soluciones\/productos\/paneles-de-techo\/decomesh-e15\/"]}]},{"@type":"BreadcrumbList","@id":"https:\/\/www.zentia.com\/es-es\/soluciones\/productos\/paneles-de-techo\/decomesh-e15\/#breadcrumb","itemListElement":[{"@type":"ListItem","position":1,"name":"Inicio","item":"https:\/\/www.zentia.com\/es-es\/"},{"@type":"ListItem","position":2,"name":"DecoMesh E15"}]},{"@type":"WebSite","@id":"https:\/\/www.zentia.com\/es-es\/#website","url":"https:\/\/www.zentia.com\/es-es\/","name":"Zentia","description":"","potentialAction":[{"@type":"SearchAction","target":{"@type":"EntryPoint","urlTemplate":"https:\/\/www.zentia.com\/es-es\/?s={search_term_string}"},"query-input":{"@type":"PropertyValueSpecification","valueRequired":true,"valueName":"search_term_string"}}],"inLanguage":"es"}]}},"_links":{"self":[{"href":"https:\/\/www.zentia.com\/es-es\/wp-json\/wp\/v2\/product\/4745","targetHints":{"allow":["GET"]}}],"collection":[{"href":"https:\/\/www.zentia.com\/es-es\/wp-json\/wp\/v2\/product"}],"about":[{"href":"https:\/\/www.zentia.com\/es-es\/wp-json\/wp\/v2\/types\/product"}],"acf:post":[{"embeddable":true,"href":"https:\/\/www.zentia.com\/es-es\/wp-json\/wp\/v2\/download\/7361"},{"embeddable":true,"href":"https:\/\/www.zentia.com\/es-es\/wp-json\/wp\/v2\/download\/8804"}],"wp:attachment":[{"href":"https:\/\/www.zentia.com\/es-es\/wp-json\/wp\/v2\/media?parent=4745"}],"wp:term":[{"taxonomy":"product-type","embeddable":true,"href":"https:\/\/www.zentia.com\/es-es\/wp-json\/wp\/v2\/product-type?post=4745"}],"curies":[{"name":"wp","href":"https:\/\/api.w.org\/{rel}","templated":true}]}}