{"id":4747,"date":"2022-07-21T09:56:59","date_gmt":"2022-07-21T08:56:59","guid":{"rendered":"https:\/\/zentia.mediaworksdev.co.uk\/en-gb\/solutions\/products\/%product-type%\/decomesh-r28\/"},"modified":"2025-12-22T09:29:45","modified_gmt":"2025-12-22T09:29:45","slug":"decomesh-r28","status":"publish","type":"product","link":"https:\/\/www.zentia.com\/es-es\/soluciones\/productos\/paneles-de-techo\/decomesh-r28\/","title":{"rendered":"DecoMesh R28"},"featured_media":0,"parent":0,"template":"","product-type":[652],"class_list":["post-4747","product","type-product","status-publish","hentry","product-type-paneles-de-techo","edge-detail-board","sound-reduction-813","product-colour-aluminium","product-colour-black","product-colour-blue","product-colour-green","product-colour-grey","product-colour-orange","product-colour-red","product-colour-white","product-sizes-1200mm-l-x-600mm-w-x-4mm-t","product-sizes-600mm-l-x-600mm-w-x-4mm-t","solution-finder-toggle-x","recycled-content-0-48","humidity-resistance-0-95","cleanroom-classification-822"],"acf":{"hero":{"title":"DecoMesh R28","sub_label":"","introduction":"Con la gama de paneles para techo de malla met\u00e1lica DecoMesh, podr\u00e1 crear espacios industriales de estructura a la vista. Aporte modernidad y una est\u00e9tica vanguardista a cualquier interior con los paneles para techo DecoMesh R28 de Zentia. Este panel para techo con borde est\u00e1 disponible en ocho colores diferentes y puede instalarse con los sistemas de cuadr\u00edcula para techo suspendido Gridline 24\u00a0de Zentia. Tiene un dibujo en malla de efecto abierto (con una diagonal larga de 28 mm y otra corta de 14 mm) que muestra, aproximadamente, un 74 % de la parte inferior del techo.\r\n\r\nDecoMesh R28 ya est\u00e1 disponible en Nexus Layouts.","introduction_short":"","gallery":[7747,8801],"datasheet":"","video_url":"","space_bottom":true},"images":null,"product_variant_alt_toggle":true,"product_variant":[{"edge_detail":"Board","product_image":"","variant_information":"Los plafones DecoMesh con un borde de tablero exponen completamente la suspensi\u00f3n del techo para lograr una est\u00e9tica industrial.","variant_additional_information":"","sub_variants":[{"edge_detail":"Board","images":[{"image":8360},{"image":7749},{"image":7748},{"image":7747}],"cls_item_number":"BPMR28B66WH, BPMR28B66AL, BPMR28B66GY, BPMR28B66BK, BPMR28B66OR, BPMR28B66RE, BPMR28B66GR, BPMR28B66BL","cls_description":"","shortcode":"MR28B66WH, MR28B66AL, MR28B66GY, MR28B66BK, MR28B66OR, MR28B66RE, MR28B66GR, MR28B66BL","dimensions":"600mm (L) x 600mm (W) x 4mm (T)","colour_text":"White","colour_select":[1298,1299,1300,1301,1302,1303,1304,1305],"surface_sifyb":"DecoMesh","recyclable":"S\u00ed","recycled_content":"48%","recyclable_through_zentia":"","cleanability_types":"","clean_room_classification":"-","cradle_two_cradle_certification":"-","durability":"-","humidity_resistance_rh":"95%","light_reflectance":"","fire_reaction_en135011":"A2-s1,d0","iac_level":"-","material":"","rout_slot_spacing_and_uom":"","cross_tee_main_runner_interface":"","corrosive_resistant":"","fire_performance":"","clean_room":"","end_detail":"","formaldehyde_emissions":"","low_voc_emissions":"","sound_absorption":"","sound_absorption_class":"","sound_reduction_index":"-","sound_attenuation":"","sound_absorption_nrc":"","compatible_grid_product_code":"BP092031~BP092031BK~BP092031SG~BP092031WR~BP093031~BP093031BK~BP093031SG~BP093031WR~BP093632~BP314032A~BP314032BKA~BP314032SGA~BP314032WRA~BP400993~BP403493~BP404093G","floating_ceiling_frame_product_code":"","installation_accessories":"","accessories":[{"code":""}]},{"edge_detail":"Board","images":[{"image":8360},{"image":7749},{"image":7748},{"image":7747}],"cls_item_number":"BPMR28B126WH, BPMR28B126AL, BPMR28B126GY, BPMR28B126BK, BPMR28B126OR, BPMR28B126RE, BPMR28B126BL, BPMR28B126GR","cls_description":"","shortcode":"MR28B126WH, MR28B126AL, MR28B126GY, MR28B126BK, MR28B126OR, MR28B126RE, MR28B126BL, MR28B126GR","dimensions":"1200mm (L) x 600mm (W) x 4mm (T)","colour_text":"Aluminium","colour_select":[1298,1299,1300,1301,1302,1303,1304,1305],"surface_sifyb":"DecoMesh","recyclable":"S\u00ed","recycled_content":"48%","recyclable_through_zentia":"","cleanability_types":"","clean_room_classification":"-","cradle_two_cradle_certification":"-","durability":"-","humidity_resistance_rh":"95%","light_reflectance":"","fire_reaction_en135011":"A2-s1,d0","iac_level":"-","material":"","rout_slot_spacing_and_uom":"","cross_tee_main_runner_interface":"","corrosive_resistant":"","fire_performance":"","clean_room":"","end_detail":"","formaldehyde_emissions":"","low_voc_emissions":"","sound_absorption":"","sound_absorption_class":"","sound_reduction_index":"-","sound_attenuation":"","sound_absorption_nrc":"","compatible_grid_product_code":"BP092031~BP092031BK~BP092031SG~BP092031WR~BP093031~BP093031BK~BP093031SG~BP093031WR~BP093632~BP314032A~BP314032BKA~BP314032SGA~BP314032WRA~BP400993~BP403493~BP404093G","floating_ceiling_frame_product_code":"","installation_accessories":"","accessories":[{"code":""}]}],"override_related_items":false,"related_project_gallery":null,"related_faqs":null,"related_products":null,"related_documents_and_downloads":null,"download_all_documents":null}],"import_data":"Board,Board,Board,Board,Board,Board,Board,Board,Board,Board,Board,Board,Board,Board,Board,Board::BPMR28B66WH,BPMR28B66AL,BPMR28B66GY,BPMR28B66BK,BPMR28B66OR,BPMR28B66RE,BPMR28B66GR,BPMR28B66BL,BPMR28B126WH,BPMR28B126AL,BPMR28B126GY,BPMR28B126BK,BPMR28B126OR,BPMR28B126RE,BPMR28B126BL,BPMR28B126GR::MR28B66WH,MR28B66AL,MR28B66GY,MR28B66BK,MR28B66OR,MR28B66RE,MR28B66GR,MR28B66BL,MR28B126WH,MR28B126AL,MR28B126GY,MR28B126BK,MR28B126OR,MR28B126RE,MR28B126BL,MR28B126GR::::600mm (L) x 600mm (W) x 4mm (T),600mm (L) x 600mm (W) x 4mm (T),600mm (L) x 600mm (W) x 4mm (T),600mm (L) x 600mm (W) x 4mm (T),600mm (L) x 600mm (W) x 4mm (T),600mm (L) x 600mm (W) x 4mm (T),600mm (L) x 600mm (W) x 4mm (T),600mm (L) x 600mm (W) x 4mm (T),1200mm (L) x 600mm (W) x 4mm (T),1200mm (L) x 600mm (W) x 4mm (T),1200mm (L) x 600mm (W) x 4mm (T),1200mm (L) x 600mm (W) x 4mm (T),1200mm (L) x 600mm (W) x 4mm (T),1200mm (L) x 600mm (W) x 4mm (T),1200mm (L) x 600mm (W) x 4mm (T),1200mm (L) x 600mm (W) x 4mm (T)::White,Aluminium,Grey,Black,Orange,Red,Green,Blue,White,Aluminium,Grey,Black,Orange,Red,Green,Blue::DecoMesh,DecoMesh,DecoMesh,DecoMesh,DecoMesh,DecoMesh,DecoMesh,DecoMesh,DecoMesh,DecoMesh,DecoMesh,DecoMesh,DecoMesh,DecoMesh,DecoMesh,DecoMesh::::::::-,-,-,-,-,-,-,-,-,-,-,-,-,-,-,-::::::0.48,0.48,0.48,0.48,0.48,0.48,0.48,0.48,0.48,0.48,0.48,0.48,0.48,0.48,0.48,0.48::0.95,0.95,0.95,0.95,0.95,0.95,0.95,0.95,0.95,0.95,0.95,0.95,0.95,0.95,0.95,0.95::-,-,-,-,-,-,-,-,-,-,-,-,-,-,-,-::-,-,-,-,-,-,-,-,-,-,-,-,-,-,-,-::-,-,-,-,-,-,-,-,-,-,-,-,-,-,-,-::::-,-,-,-,-,-,-,-,-,-,-,-,-,-,-,-::::::0.48,0.48,0.48,0.48,0.48,0.48,0.48,0.48,0.48,0.48,0.48,0.48,0.48,0.48,0.48,0.48::Yes,Yes,Yes,Yes,Yes,Yes,Yes,Yes,Yes,Yes,Yes,Yes,Yes,Yes,Yes,Yes::A2-s1,d0,A2-s1,d0,A2-s1,d0,A2-s1,d0,A2-s1,d0,A2-s1,d0,A2-s1,d0,A2-s1,d0,A2-s1,d0,A2-s1,d0,A2-s1,d0,A2-s1,d0,A2-s1,d0,A2-s1,d0,A2-s1,d0,A2-s1,d0::BP092031~BP092031BK~BP092031SG~BP092031WR~BP093031~BP093031BK~BP093031SG~BP093031WR~BP093632~BP314032A~BP314032BKA~BP314032SGA~BP314032WRA~BP400993~BP403493~BP404093G,BP092031~BP092031BK~BP092031SG~BP092031WR~BP093031~BP093031BK~BP093031SG~BP093031WR~BP093632~BP314032A~BP314032BKA~BP314032SGA~BP314032WRA~BP400993~BP403493~BP404093G,BP092031~BP092031BK~BP092031SG~BP092031WR~BP093031~BP093031BK~BP093031SG~BP093031WR~BP093632~BP314032A~BP314032BKA~BP314032SGA~BP314032WRA~BP400993~BP403493~BP404093G,BP092031~BP092031BK~BP092031SG~BP092031WR~BP093031~BP093031BK~BP093031SG~BP093031WR~BP093632~BP314032A~BP314032BKA~BP314032SGA~BP314032WRA~BP400993~BP403493~BP404093G,BP092031~BP092031BK~BP092031SG~BP092031WR~BP093031~BP093031BK~BP093031SG~BP093031WR~BP093632~BP314032A~BP314032BKA~BP314032SGA~BP314032WRA~BP400993~BP403493~BP404093G,BP092031~BP092031BK~BP092031SG~BP092031WR~BP093031~BP093031BK~BP093031SG~BP093031WR~BP093632~BP314032A~BP314032BKA~BP314032SGA~BP314032WRA~BP400993~BP403493~BP404093G,BP092031~BP092031BK~BP092031SG~BP092031WR~BP093031~BP093031BK~BP093031SG~BP093031WR~BP093632~BP314032A~BP314032BKA~BP314032SGA~BP314032WRA~BP400993~BP403493~BP404093G,BP092031~BP092031BK~BP092031SG~BP092031WR~BP093031~BP093031BK~BP093031SG~BP093031WR~BP093632~BP314032A~BP314032BKA~BP314032SGA~BP314032WRA~BP400993~BP403493~BP404093G,BP092031~BP092031BK~BP092031SG~BP092031WR~BP093031~BP093031BK~BP093031SG~BP093031WR~BP093632~BP314032A~BP314032BKA~BP314032SGA~BP314032WRA~BP400993~BP403493~BP404093G,BP092031~BP092031BK~BP092031SG~BP092031WR~BP093031~BP093031BK~BP093031SG~BP093031WR~BP093632~BP314032A~BP314032BKA~BP314032SGA~BP314032WRA~BP400993~BP403493~BP404093G,BP092031~BP092031BK~BP092031SG~BP092031WR~BP093031~BP093031BK~BP093031SG~BP093031WR~BP093632~BP314032A~BP314032BKA~BP314032SGA~BP314032WRA~BP400993~BP403493~BP404093G,BP092031~BP092031BK~BP092031SG~BP092031WR~BP093031~BP093031BK~BP093031SG~BP093031WR~BP093632~BP314032A~BP314032BKA~BP314032SGA~BP314032WRA~BP400993~BP403493~BP404093G,BP092031~BP092031BK~BP092031SG~BP092031WR~BP093031~BP093031BK~BP093031SG~BP093031WR~BP093632~BP314032A~BP314032BKA~BP314032SGA~BP314032WRA~BP400993~BP403493~BP404093G,BP092031~BP092031BK~BP092031SG~BP092031WR~BP093031~BP093031BK~BP093031SG~BP093031WR~BP093632~BP314032A~BP314032BKA~BP314032SGA~BP314032WRA~BP400993~BP403493~BP404093G,BP092031~BP092031BK~BP092031SG~BP092031WR~BP093031~BP093031BK~BP093031SG~BP093031WR~BP093632~BP314032A~BP314032BKA~BP314032SGA~BP314032WRA~BP400993~BP403493~BP404093G,BP092031~BP092031BK~BP092031SG~BP092031WR~BP093031~BP093031BK~BP093031SG~BP093031WR~BP093632~BP314032A~BP314032BKA~BP314032SGA~BP314032WRA~BP400993~BP403493~BP404093G::::Zentia DecoMesh R28.png,Zentia DecoMesh R28.png,Zentia DecoMesh R28.png,Zentia DecoMesh R28.png,Zentia DecoMesh R28.png,Zentia DecoMesh R28.png,Zentia DecoMesh R28.png,Zentia DecoMesh R28.png,Zentia DecoMesh R28.png,Zentia DecoMesh R28.png,Zentia DecoMesh R28.png,Zentia DecoMesh R28.png,Zentia DecoMesh R28.png,Zentia DecoMesh R28.png,Zentia DecoMesh R28.png,Zentia DecoMesh R28.png","file_label":"Descargar ficha t\u00e9cnica","file":8843,"warranties":null,"product_manuals":null,"nbs":"","documents_downloads_title":"","related_documents_and_downloads":[8804,7361],"download_bim":"","download_all_documents":"","listing_label":"\u00a1NUEVO! Ya disponible en Nexus Layouts","solution_finder_toggle":false,"solution_finder_intro":"","solution_finder_points":null,"template":{"":null,"related_project_gallery":"","template_faq":"","space_bottom":false,"related_products_title":"","related_products":"","hide_form":false}},"yoast_head":"<!-- This site is optimized with the Yoast SEO plugin v27.3 - https:\/\/yoast.com\/product\/yoast-seo-wordpress\/ -->\n<title>DecoMesh R28 | Suspended Ceiling Solutions | Zentia<\/title>\n<meta name=\"description\" content=\"Choose Zentia&#039;s DecoMesh R28 ceiling tile for an industrial, edgy look. Made from galvanised steel, easy to handle and install.\" \/>\n<meta name=\"robots\" content=\"index, follow, max-snippet:-1, max-image-preview:large, max-video-preview:-1\" \/>\n<link rel=\"canonical\" href=\"https:\/\/www.zentia.com\/es-es\/soluciones\/productos\/paneles-de-techo\/decomesh-r28\/\" \/>\n<meta property=\"og:locale\" content=\"es_ES\" \/>\n<meta property=\"og:type\" content=\"article\" \/>\n<meta property=\"og:title\" content=\"DecoMesh R28 | Suspended Ceiling Solutions | Zentia\" \/>\n<meta property=\"og:description\" content=\"Choose Zentia&#039;s DecoMesh R28 ceiling tile for an industrial, edgy look. Made from galvanised steel, easy to handle and install.\" \/>\n<meta property=\"og:url\" content=\"https:\/\/www.zentia.com\/es-es\/soluciones\/productos\/paneles-de-techo\/decomesh-r28\/\" \/>\n<meta property=\"og:site_name\" content=\"Zentia\" \/>\n<meta property=\"article:modified_time\" content=\"2025-12-22T09:29:45+00:00\" \/>\n<meta name=\"twitter:card\" content=\"summary_large_image\" \/>\n<script type=\"application\/ld+json\" class=\"yoast-schema-graph\">{\"@context\":\"https:\\\/\\\/schema.org\",\"@graph\":[{\"@type\":\"WebPage\",\"@id\":\"https:\\\/\\\/www.zentia.com\\\/es-es\\\/soluciones\\\/productos\\\/paneles-de-techo\\\/decomesh-r28\\\/\",\"url\":\"https:\\\/\\\/www.zentia.com\\\/es-es\\\/soluciones\\\/productos\\\/paneles-de-techo\\\/decomesh-r28\\\/\",\"name\":\"DecoMesh R28 | Suspended Ceiling Solutions | Zentia\",\"isPartOf\":{\"@id\":\"https:\\\/\\\/www.zentia.com\\\/es-es\\\/#website\"},\"datePublished\":\"2022-07-21T08:56:59+00:00\",\"dateModified\":\"2025-12-22T09:29:45+00:00\",\"description\":\"Choose Zentia's DecoMesh R28 ceiling tile for an industrial, edgy look. Made from galvanised steel, easy to handle and install.\",\"breadcrumb\":{\"@id\":\"https:\\\/\\\/www.zentia.com\\\/es-es\\\/soluciones\\\/productos\\\/paneles-de-techo\\\/decomesh-r28\\\/#breadcrumb\"},\"inLanguage\":\"es\",\"potentialAction\":[{\"@type\":\"ReadAction\",\"target\":[\"https:\\\/\\\/www.zentia.com\\\/es-es\\\/soluciones\\\/productos\\\/paneles-de-techo\\\/decomesh-r28\\\/\"]}]},{\"@type\":\"BreadcrumbList\",\"@id\":\"https:\\\/\\\/www.zentia.com\\\/es-es\\\/soluciones\\\/productos\\\/paneles-de-techo\\\/decomesh-r28\\\/#breadcrumb\",\"itemListElement\":[{\"@type\":\"ListItem\",\"position\":1,\"name\":\"Inicio\",\"item\":\"https:\\\/\\\/www.zentia.com\\\/es-es\\\/\"},{\"@type\":\"ListItem\",\"position\":2,\"name\":\"DecoMesh R28\"}]},{\"@type\":\"WebSite\",\"@id\":\"https:\\\/\\\/www.zentia.com\\\/es-es\\\/#website\",\"url\":\"https:\\\/\\\/www.zentia.com\\\/es-es\\\/\",\"name\":\"Zentia\",\"description\":\"\",\"potentialAction\":[{\"@type\":\"SearchAction\",\"target\":{\"@type\":\"EntryPoint\",\"urlTemplate\":\"https:\\\/\\\/www.zentia.com\\\/es-es\\\/?s={search_term_string}\"},\"query-input\":{\"@type\":\"PropertyValueSpecification\",\"valueRequired\":true,\"valueName\":\"search_term_string\"}}],\"inLanguage\":\"es\"}]}<\/script>\n<!-- \/ Yoast SEO plugin. -->","yoast_head_json":{"title":"DecoMesh R28 | Suspended Ceiling Solutions | Zentia","description":"Choose Zentia's DecoMesh R28 ceiling tile for an industrial, edgy look. Made from galvanised steel, easy to handle and install.","robots":{"index":"index","follow":"follow","max-snippet":"max-snippet:-1","max-image-preview":"max-image-preview:large","max-video-preview":"max-video-preview:-1"},"canonical":"https:\/\/www.zentia.com\/es-es\/soluciones\/productos\/paneles-de-techo\/decomesh-r28\/","og_locale":"es_ES","og_type":"article","og_title":"DecoMesh R28 | Suspended Ceiling Solutions | Zentia","og_description":"Choose Zentia's DecoMesh R28 ceiling tile for an industrial, edgy look. Made from galvanised steel, easy to handle and install.","og_url":"https:\/\/www.zentia.com\/es-es\/soluciones\/productos\/paneles-de-techo\/decomesh-r28\/","og_site_name":"Zentia","article_modified_time":"2025-12-22T09:29:45+00:00","twitter_card":"summary_large_image","schema":{"@context":"https:\/\/schema.org","@graph":[{"@type":"WebPage","@id":"https:\/\/www.zentia.com\/es-es\/soluciones\/productos\/paneles-de-techo\/decomesh-r28\/","url":"https:\/\/www.zentia.com\/es-es\/soluciones\/productos\/paneles-de-techo\/decomesh-r28\/","name":"DecoMesh R28 | Suspended Ceiling Solutions | Zentia","isPartOf":{"@id":"https:\/\/www.zentia.com\/es-es\/#website"},"datePublished":"2022-07-21T08:56:59+00:00","dateModified":"2025-12-22T09:29:45+00:00","description":"Choose Zentia's DecoMesh R28 ceiling tile for an industrial, edgy look. Made from galvanised steel, easy to handle and install.","breadcrumb":{"@id":"https:\/\/www.zentia.com\/es-es\/soluciones\/productos\/paneles-de-techo\/decomesh-r28\/#breadcrumb"},"inLanguage":"es","potentialAction":[{"@type":"ReadAction","target":["https:\/\/www.zentia.com\/es-es\/soluciones\/productos\/paneles-de-techo\/decomesh-r28\/"]}]},{"@type":"BreadcrumbList","@id":"https:\/\/www.zentia.com\/es-es\/soluciones\/productos\/paneles-de-techo\/decomesh-r28\/#breadcrumb","itemListElement":[{"@type":"ListItem","position":1,"name":"Inicio","item":"https:\/\/www.zentia.com\/es-es\/"},{"@type":"ListItem","position":2,"name":"DecoMesh R28"}]},{"@type":"WebSite","@id":"https:\/\/www.zentia.com\/es-es\/#website","url":"https:\/\/www.zentia.com\/es-es\/","name":"Zentia","description":"","potentialAction":[{"@type":"SearchAction","target":{"@type":"EntryPoint","urlTemplate":"https:\/\/www.zentia.com\/es-es\/?s={search_term_string}"},"query-input":{"@type":"PropertyValueSpecification","valueRequired":true,"valueName":"search_term_string"}}],"inLanguage":"es"}]}},"_links":{"self":[{"href":"https:\/\/www.zentia.com\/es-es\/wp-json\/wp\/v2\/product\/4747","targetHints":{"allow":["GET"]}}],"collection":[{"href":"https:\/\/www.zentia.com\/es-es\/wp-json\/wp\/v2\/product"}],"about":[{"href":"https:\/\/www.zentia.com\/es-es\/wp-json\/wp\/v2\/types\/product"}],"acf:post":[{"embeddable":true,"href":"https:\/\/www.zentia.com\/es-es\/wp-json\/wp\/v2\/download\/7361"},{"embeddable":true,"href":"https:\/\/www.zentia.com\/es-es\/wp-json\/wp\/v2\/download\/8804"}],"wp:attachment":[{"href":"https:\/\/www.zentia.com\/es-es\/wp-json\/wp\/v2\/media?parent=4747"}],"wp:term":[{"taxonomy":"product-type","embeddable":true,"href":"https:\/\/www.zentia.com\/es-es\/wp-json\/wp\/v2\/product-type?post=4747"}],"curies":[{"name":"wp","href":"https:\/\/api.w.org\/{rel}","templated":true}]}}