{"id":4751,"date":"2022-07-24T14:13:43","date_gmt":"2022-07-24T13:13:43","guid":{"rendered":"https:\/\/zentia.mediaworksdev.co.uk\/en-gb\/solutions\/products\/%product-type%\/prelude-24-clean-room\/"},"modified":"2025-05-22T16:49:26","modified_gmt":"2025-05-22T15:49:26","slug":"gridline-24-clean","status":"publish","type":"product","link":"https:\/\/www.zentia.com\/es-es\/soluciones\/productos\/sistemas-de-suspension\/gridline-24-clean\/","title":{"rendered":"Gridline 24 Clean"},"featured_media":0,"parent":0,"template":"","product-type":[746],"class_list":["post-4751","product","type-product","status-publish","hentry","product-family-category-gridline-24-clean","product-type-sistemas-de-suspension","edge-detail-gridline-24-clean","grid-appearance-exposed","product-material-aluminium","product-colour-global-white","product-sizes-1200mm-l-x-24mm-w-x-52mm-t","product-sizes-3600mm-l-x-24mm-w-x-52mm-t","product-sizes-600mm-l-x-24mm-w-x-52mm-t","solution-finder-toggle-x","recycled-content-0-25"],"acf":{"hero":{"title":"Gridline 24 Clean","sub_label":"","introduction":"Gridline 24 Clean es un sistema de cuadr\u00edcula expuesto de 24 mm para techos suspendidos de salas blancas y \u00e1reas no magn\u00e9ticas. Puede usarse en salas blancas con la certificaci\u00f3n ISO 4 conforme a la norma ISO 14644-1:1999.","introduction_short":"","gallery":[8387],"datasheet":"","video_url":"","space_bottom":false},"images":null,"product_variant_alt_toggle":false,"product_variant":[{"edge_detail":"Gridline 24 Clean Main Runners","product_image":"","variant_information":"Los rieles principales de Gridline 24 Clean forman parte de nuestro sistema de cuadr\u00edcula expuesto de 24 mm para techos suspendidos de salas blancas y \u00e1reas no magn\u00e9ticas. Pueden usarse en salas blancas con la certificaci\u00f3n ISO 4 conforme a la norma ISO 14644-1:1999.","variant_additional_information":"","sub_variants":[{"edge_detail":"Gridline 24 Clean Main Runners","images":[{"image":8387}],"cls_item_number":"BPEA794044D","cls_description":"Aluminium Gridline 24 Clean Square bulb Main Runner \/ 24mm face slotted at 300mm - 1st slot at 150mm","shortcode":"EA794044","dimensions":"3600mm (L) x 24mm (W) x 52mm (T)","colour_text":"Global White","colour_select":[],"surface_sifyb":"","recyclable":"Yes","recycled_content":"","recyclable_through_zentia":"","cleanability_types":"","clean_room_classification":"","cradle_two_cradle_certification":"","durability":"","humidity_resistance_rh":"","light_reflectance":"","fire_reaction_en135011":"","iac_level":"","material":"Aluminium","rout_slot_spacing_and_uom":"300mm","cross_tee_main_runner_interface":"Butt-cut \/ Joggled","corrosive_resistant":"","fire_performance":"A1","clean_room":"Yes","end_detail":"","formaldehyde_emissions":"","low_voc_emissions":"","sound_absorption":"","sound_absorption_class":"","sound_reduction_index":"","sound_attenuation":"","sound_absorption_nrc":"","compatible_grid_product_code":"","floating_ceiling_frame_product_code":"","installation_accessories":"","accessories":null}],"override_related_items":false,"related_project_gallery":null,"related_faqs":null,"related_products":null,"related_documents_and_downloads":null,"download_all_documents":null},{"edge_detail":"Gridline 24 Clean Cross Tees","product_image":"","variant_information":"Los conectores en T de Gridline 24 Clean forman parte de nuestro sistema de cuadr\u00edcula expuesto de 24 mm para techos suspendidos de salas blancas y \u00e1reas no magn\u00e9ticas. Pueden usarse en salas blancas con la certificaci\u00f3n ISO 4 conforme a la norma ISO 14644-1:1999.","variant_additional_information":"","sub_variants":[{"edge_detail":"Gridline 24 Clean Cross Tees","images":[{"image":8387}],"cls_item_number":"BPEA792044D","cls_description":"Aluminium Gridline 24 Clean Square bulb Cross tee \/ 24mm face - 1st slot centered","shortcode":"EA792044","dimensions":"600mm (L) x 24mm (W) x 52mm (T)","colour_text":"Global White","colour_select":[],"surface_sifyb":"","recyclable":"Yes","recycled_content":"","recyclable_through_zentia":"","cleanability_types":"","clean_room_classification":"","cradle_two_cradle_certification":"","durability":"","humidity_resistance_rh":"","light_reflectance":"","fire_reaction_en135011":"","iac_level":"","material":"Aluminium","rout_slot_spacing_and_uom":"-","cross_tee_main_runner_interface":"Butt-cut","corrosive_resistant":"-","fire_performance":"A1","clean_room":"Yes","end_detail":"","formaldehyde_emissions":"","low_voc_emissions":"","sound_absorption":"","sound_absorption_class":"","sound_reduction_index":"","sound_attenuation":"","sound_absorption_nrc":"","compatible_grid_product_code":"","floating_ceiling_frame_product_code":"","installation_accessories":"A12020*A12090*A12040*CHDC*A12070*-*-*-*-*-*-","accessories":[{"code":"A12020"},{"code":"A12090"},{"code":"A12040"},{"code":"CHDC"},{"code":"A12070"}]},{"edge_detail":"Gridline 24 Clean Cross Tees","images":[{"image":8387}],"cls_item_number":"BPEA793044D","cls_description":"Aluminium Gridline 24 Clean Square bulb Cross tee \/ 24mm face slotted at 300mm \u00d0 1st slot at 300mm","shortcode":"EA793044","dimensions":"1200mm (L) x 24mm (W) x 52mm (T)","colour_text":"Global White","colour_select":[],"surface_sifyb":"","recyclable":"Yes","recycled_content":"","recyclable_through_zentia":"","cleanability_types":"","clean_room_classification":"","cradle_two_cradle_certification":"","durability":"","humidity_resistance_rh":"","light_reflectance":"","fire_reaction_en135011":"","iac_level":"","material":"Aluminium","rout_slot_spacing_and_uom":"-","cross_tee_main_runner_interface":"Butt-cut","corrosive_resistant":"-","fire_performance":"A1","clean_room":"Yes","end_detail":"","formaldehyde_emissions":"","low_voc_emissions":"","sound_absorption":"","sound_absorption_class":"","sound_reduction_index":"","sound_attenuation":"","sound_absorption_nrc":"","compatible_grid_product_code":"","floating_ceiling_frame_product_code":"","installation_accessories":"A12020*A12090*A12040*CHDC*A12070*-*-*-*-*-*-","accessories":[{"code":"A12020"},{"code":"A12090"},{"code":"A12040"},{"code":"CHDC"},{"code":"A12070"}]}],"override_related_items":false,"related_project_gallery":null,"related_faqs":null,"related_products":null,"related_documents_and_downloads":null,"download_all_documents":null}],"import_data":"Prelude 24 Clean Room Cross Tees,Prelude 24 Clean Room Cross Tees,Prelude 24 Clean Room Cross Tees::BPEA792044C,BPEA793044C,BPEA794044C::EA792044,EA793044,EA794044::Aluminium Clean Room 24 XL_ Square bulb Cross tee \/ 24mm face - 1st slot centered*Aluminium Clean Room 24 XL_ Square bulb Cross tee \/ 24mm face slotted at 300mm \u00d0 1st slot at 300mm*Aluminium Clean Room Square bulb Main Runner \/ 24mm face slotted at 300mm - 1st slot at 150mm::600mm (L) x 24mm (W) x 52mm (T),1200mm (L) x 24mm (W) x 52mm (T),3600mm (L) x 24mm (W) x 52mm (T)::Global White,Global White,Global White::::::::::::::::0.25,0.25,0.25::::::::::::::::::::::::::::Zentia Prelude 24 Clean Room Perimeter Trim 01.jpg,Zentia Prelude 24 Clean Room Perimeter Trim 01.jpg,Zentia Prelude 24 Clean Room Perimeter Trim 01.jpg::\r\nPrelude 24 Clean Room Cross Tees are part of our exposed 24mm grid system for suspended ceilings in clean rooms and non-magnetic areas. They can be used in clean rooms with ISO 4 classification in accordance with ISO 14644-1:1999.*Prelude 24 Clean Room Cross Tees are part of our exposed 24mm grid system for suspended ceilings in clean rooms and non-magnetic areas. They can be used in clean rooms with ISO 4 classification in accordance with ISO 14644-1:1999.*Prelude 24 Clean Room Cross Tees are part of our exposed 24mm grid system for suspended ceilings in clean rooms and non-magnetic areas. They can be used in clean rooms with ISO 4 classification in accordance with ISO 14644-1:1999.::Aluminium,Aluminium,Aluminium::-,-,300mm::Butt-cut,Butt-cut,Butt-cut \/ Joggled::A12020*A12090*A12040*CHDC*A12070*-*-*-*-*-*-,A12020*A12090*A12040*CHDC*A12070*-*-*-*-*-*-,A12020*A12090*A12040*CHDC*A12070*-*-*-*-*-*-::-,-,-::A1,A1,A1::YES,YES,YES","file_label":"Descargar ficha t\u00e9cnica","file":8649,"warranties":null,"product_manuals":null,"nbs":"","documents_downloads_title":"","related_documents_and_downloads":"","download_bim":"","download_all_documents":"","listing_label":"","solution_finder_toggle":false,"solution_finder_intro":"","solution_finder_points":null,"template":{"":null,"related_project_gallery":"","template_faq":"","space_bottom":false,"related_products_title":"","related_products":"","hide_form":false}},"yoast_head":"<!-- This site is optimized with the Yoast SEO plugin v27.4 - https:\/\/yoast.com\/product\/yoast-seo-wordpress\/ -->\n<title>Gridline 24 Clean | Cross Tees | Zentia<\/title>\n<meta name=\"description\" content=\"Suspended ceiling grid system for clean rooms with ISO 4 classification under ISO 14644-1:1999. Learn more.\" \/>\n<meta name=\"robots\" content=\"index, follow, max-snippet:-1, max-image-preview:large, max-video-preview:-1\" \/>\n<link rel=\"canonical\" href=\"https:\/\/www.zentia.com\/es-es\/soluciones\/productos\/sistemas-de-suspension\/gridline-24-clean\/\" \/>\n<meta property=\"og:locale\" content=\"es_ES\" \/>\n<meta property=\"og:type\" content=\"article\" \/>\n<meta property=\"og:title\" content=\"Gridline 24 Clean | Cross Tees | Zentia\" \/>\n<meta property=\"og:description\" content=\"Suspended ceiling grid system for clean rooms with ISO 4 classification under ISO 14644-1:1999. Learn more.\" \/>\n<meta property=\"og:url\" content=\"https:\/\/www.zentia.com\/es-es\/soluciones\/productos\/sistemas-de-suspension\/gridline-24-clean\/\" \/>\n<meta property=\"og:site_name\" content=\"Zentia\" \/>\n<meta property=\"article:modified_time\" content=\"2025-05-22T15:49:26+00:00\" \/>\n<meta name=\"twitter:card\" content=\"summary_large_image\" \/>\n<script type=\"application\/ld+json\" class=\"yoast-schema-graph\">{\"@context\":\"https:\\\/\\\/schema.org\",\"@graph\":[{\"@type\":\"WebPage\",\"@id\":\"https:\\\/\\\/www.zentia.com\\\/es-es\\\/soluciones\\\/productos\\\/sistemas-de-suspension\\\/gridline-24-clean\\\/\",\"url\":\"https:\\\/\\\/www.zentia.com\\\/es-es\\\/soluciones\\\/productos\\\/sistemas-de-suspension\\\/gridline-24-clean\\\/\",\"name\":\"Gridline 24 Clean | Cross Tees | Zentia\",\"isPartOf\":{\"@id\":\"https:\\\/\\\/www.zentia.com\\\/es-es\\\/#website\"},\"datePublished\":\"2022-07-24T13:13:43+00:00\",\"dateModified\":\"2025-05-22T15:49:26+00:00\",\"description\":\"Suspended ceiling grid system for clean rooms with ISO 4 classification under ISO 14644-1:1999. Learn more.\",\"breadcrumb\":{\"@id\":\"https:\\\/\\\/www.zentia.com\\\/es-es\\\/soluciones\\\/productos\\\/sistemas-de-suspension\\\/gridline-24-clean\\\/#breadcrumb\"},\"inLanguage\":\"es\",\"potentialAction\":[{\"@type\":\"ReadAction\",\"target\":[\"https:\\\/\\\/www.zentia.com\\\/es-es\\\/soluciones\\\/productos\\\/sistemas-de-suspension\\\/gridline-24-clean\\\/\"]}]},{\"@type\":\"BreadcrumbList\",\"@id\":\"https:\\\/\\\/www.zentia.com\\\/es-es\\\/soluciones\\\/productos\\\/sistemas-de-suspension\\\/gridline-24-clean\\\/#breadcrumb\",\"itemListElement\":[{\"@type\":\"ListItem\",\"position\":1,\"name\":\"Inicio\",\"item\":\"https:\\\/\\\/www.zentia.com\\\/es-es\\\/\"},{\"@type\":\"ListItem\",\"position\":2,\"name\":\"Gridline 24 Clean\"}]},{\"@type\":\"WebSite\",\"@id\":\"https:\\\/\\\/www.zentia.com\\\/es-es\\\/#website\",\"url\":\"https:\\\/\\\/www.zentia.com\\\/es-es\\\/\",\"name\":\"Zentia\",\"description\":\"\",\"potentialAction\":[{\"@type\":\"SearchAction\",\"target\":{\"@type\":\"EntryPoint\",\"urlTemplate\":\"https:\\\/\\\/www.zentia.com\\\/es-es\\\/?s={search_term_string}\"},\"query-input\":{\"@type\":\"PropertyValueSpecification\",\"valueRequired\":true,\"valueName\":\"search_term_string\"}}],\"inLanguage\":\"es\"}]}<\/script>\n<!-- \/ Yoast SEO plugin. -->","yoast_head_json":{"title":"Gridline 24 Clean | Cross Tees | Zentia","description":"Suspended ceiling grid system for clean rooms with ISO 4 classification under ISO 14644-1:1999. Learn more.","robots":{"index":"index","follow":"follow","max-snippet":"max-snippet:-1","max-image-preview":"max-image-preview:large","max-video-preview":"max-video-preview:-1"},"canonical":"https:\/\/www.zentia.com\/es-es\/soluciones\/productos\/sistemas-de-suspension\/gridline-24-clean\/","og_locale":"es_ES","og_type":"article","og_title":"Gridline 24 Clean | Cross Tees | Zentia","og_description":"Suspended ceiling grid system for clean rooms with ISO 4 classification under ISO 14644-1:1999. Learn more.","og_url":"https:\/\/www.zentia.com\/es-es\/soluciones\/productos\/sistemas-de-suspension\/gridline-24-clean\/","og_site_name":"Zentia","article_modified_time":"2025-05-22T15:49:26+00:00","twitter_card":"summary_large_image","schema":{"@context":"https:\/\/schema.org","@graph":[{"@type":"WebPage","@id":"https:\/\/www.zentia.com\/es-es\/soluciones\/productos\/sistemas-de-suspension\/gridline-24-clean\/","url":"https:\/\/www.zentia.com\/es-es\/soluciones\/productos\/sistemas-de-suspension\/gridline-24-clean\/","name":"Gridline 24 Clean | Cross Tees | Zentia","isPartOf":{"@id":"https:\/\/www.zentia.com\/es-es\/#website"},"datePublished":"2022-07-24T13:13:43+00:00","dateModified":"2025-05-22T15:49:26+00:00","description":"Suspended ceiling grid system for clean rooms with ISO 4 classification under ISO 14644-1:1999. Learn more.","breadcrumb":{"@id":"https:\/\/www.zentia.com\/es-es\/soluciones\/productos\/sistemas-de-suspension\/gridline-24-clean\/#breadcrumb"},"inLanguage":"es","potentialAction":[{"@type":"ReadAction","target":["https:\/\/www.zentia.com\/es-es\/soluciones\/productos\/sistemas-de-suspension\/gridline-24-clean\/"]}]},{"@type":"BreadcrumbList","@id":"https:\/\/www.zentia.com\/es-es\/soluciones\/productos\/sistemas-de-suspension\/gridline-24-clean\/#breadcrumb","itemListElement":[{"@type":"ListItem","position":1,"name":"Inicio","item":"https:\/\/www.zentia.com\/es-es\/"},{"@type":"ListItem","position":2,"name":"Gridline 24 Clean"}]},{"@type":"WebSite","@id":"https:\/\/www.zentia.com\/es-es\/#website","url":"https:\/\/www.zentia.com\/es-es\/","name":"Zentia","description":"","potentialAction":[{"@type":"SearchAction","target":{"@type":"EntryPoint","urlTemplate":"https:\/\/www.zentia.com\/es-es\/?s={search_term_string}"},"query-input":{"@type":"PropertyValueSpecification","valueRequired":true,"valueName":"search_term_string"}}],"inLanguage":"es"}]}},"_links":{"self":[{"href":"https:\/\/www.zentia.com\/es-es\/wp-json\/wp\/v2\/product\/4751","targetHints":{"allow":["GET"]}}],"collection":[{"href":"https:\/\/www.zentia.com\/es-es\/wp-json\/wp\/v2\/product"}],"about":[{"href":"https:\/\/www.zentia.com\/es-es\/wp-json\/wp\/v2\/types\/product"}],"wp:attachment":[{"href":"https:\/\/www.zentia.com\/es-es\/wp-json\/wp\/v2\/media?parent=4751"}],"wp:term":[{"taxonomy":"product-type","embeddable":true,"href":"https:\/\/www.zentia.com\/es-es\/wp-json\/wp\/v2\/product-type?post=4751"}],"curies":[{"name":"wp","href":"https:\/\/api.w.org\/{rel}","templated":true}]}}