{"id":4757,"date":"2022-07-24T14:13:43","date_gmt":"2022-07-24T13:13:43","guid":{"rendered":"https:\/\/zentia.mediaworksdev.co.uk\/en-gb\/solutions\/products\/%product-type%\/silhouette-xl2\/"},"modified":"2025-03-19T09:37:42","modified_gmt":"2025-03-19T09:37:42","slug":"gridline-15-shadow","status":"publish","type":"product","link":"https:\/\/www.zentia.com\/es-es\/soluciones\/productos\/sistemas-de-suspension\/gridline-15-shadow\/","title":{"rendered":"Gridline 15 Shadow"},"featured_media":0,"parent":0,"template":"","product-type":[746],"class_list":["post-4757","product","type-product","status-publish","hentry","product-family-category-gridline-15-shadow","product-type-sistemas-de-suspension","edge-detail-gridline-15-shadow","grid-appearance-exposed","product-material-steel","product-colour-global-white","product-colour-ral9010","product-sizes-1200mm-l-x-15mm-w-x-44mm-t","product-sizes-24mm-l-x-4mm-w-x-8mm-t","product-sizes-3600mm-l-x-15mm-w-x-44mm-t","product-sizes-600mm-l-x-15mm-w-x-44mm-t","solution-finder-toggle-x","recycled-content-0-25","recycled-content-0-64"],"acf":{"hero":{"title":"Gridline 15 Shadow","sub_label":"","introduction":"Gridline 15 Shadow es un sistema de cuadr\u00edcula de dise\u00f1o de 15 mm, expuesto, con canal e intersecciones preingleteadas. Gridline 15 Shadow est\u00e1 disponible en perfile de 6 mm.","introduction_short":"","gallery":[8378],"datasheet":"","video_url":"","space_bottom":false},"images":null,"product_variant_alt_toggle":false,"product_variant":[{"edge_detail":"Gridline 15 Shadow 6mm Main Runner","product_image":"","variant_information":"El riel principal Gridline 15 Shadow tiene un dise\u00f1o patentado peak form que ofrece m\u00e1s resistencia y estabilidad, y facilita el corte in situ. Uni\u00f3n rotatativa que aporta m\u00e1s resistencia y estabilidad.","variant_additional_information":"","sub_variants":[{"edge_detail":"Gridline 15 Shadow 6mm","images":[{"image":8380}],"cls_item_number":"BP804042H","cls_description":"Gridline 15 Shadow Main runner slotted at 600mm - 1st slot at 300mm - RAL9010","shortcode":"804042H","dimensions":"3600mm (L) x 15mm (W) x 44mm (T)","colour_text":"RAL9010","colour_select":[],"surface_sifyb":"","recyclable":"Yes","recycled_content":"","recyclable_through_zentia":"","cleanability_types":"","clean_room_classification":"","cradle_two_cradle_certification":"","durability":"","humidity_resistance_rh":"","light_reflectance":"","fire_reaction_en135011":"","iac_level":"","material":"Acero","rout_slot_spacing_and_uom":"600mm","cross_tee_main_runner_interface":"Mitered","corrosive_resistant":"-","fire_performance":"A1","clean_room":"-","end_detail":"","formaldehyde_emissions":"","low_voc_emissions":"","sound_absorption":"","sound_absorption_class":"","sound_reduction_index":"","sound_attenuation":"","sound_absorption_nrc":"","compatible_grid_product_code":"","floating_ceiling_frame_product_code":"","installation_accessories":"A339H*MCC4*-","accessories":[{"code":"A339H"},{"code":"MCC4"}]}],"override_related_items":false,"related_project_gallery":null,"related_faqs":null,"related_products":null,"related_documents_and_downloads":null,"download_all_documents":null},{"edge_detail":"Gridline 15 Shadow 6mm Cross Tees","product_image":"","variant_information":"Los conectores en T Gridline 15 Shadow se pueden usar en sistemas de cuadr\u00edcula de 3 y 6 mm para conseguir una apariencia m\u00e1s homog\u00e9nea con los paneles minerales para techo Tegular15. Los conectores en T no tienen muescas a 1200 ni 1350 mm, lo que facilita la creaci\u00f3n de dise\u00f1os de panel m\u00e1s grandes. ","variant_additional_information":"","sub_variants":[{"edge_detail":"Gridline 15 Shadow 6mm Cross Tees","images":[{"image":8380}],"cls_item_number":"BP802042H","cls_description":"Gridline 15 Shadow peak form Cross tee unslotted - RAL9010","shortcode":"802042H","dimensions":"600mm (L) x 15mm (W) x 44mm (T)","colour_text":"RAL9010","colour_select":[],"surface_sifyb":"","recyclable":"Yes","recycled_content":"","recyclable_through_zentia":"","cleanability_types":"","clean_room_classification":"","cradle_two_cradle_certification":"","durability":"","humidity_resistance_rh":"","light_reflectance":"","fire_reaction_en135011":"","iac_level":"","material":"Acero","rout_slot_spacing_and_uom":"","cross_tee_main_runner_interface":"Mitered","corrosive_resistant":"","fire_performance":"A1","clean_room":"","end_detail":"","formaldehyde_emissions":"","low_voc_emissions":"","sound_absorption":"","sound_absorption_class":"","sound_reduction_index":"","sound_attenuation":"","sound_absorption_nrc":"","compatible_grid_product_code":"","floating_ceiling_frame_product_code":"","installation_accessories":"A339H*MCC4*-","accessories":[{"code":"A339H"},{"code":"MCC4"}]},{"edge_detail":"Silhouette 6mm Cross Tees","images":[{"image":8380}],"cls_item_number":"BP803042H","cls_description":"Gridline 15 Shadow peak form Cross tee centre slotted - RAL9010 ","shortcode":"803042G","dimensions":"1200mm (L) x 15mm (W) x 44mm (T)","colour_text":"RAL9010","colour_select":[],"surface_sifyb":"","recyclable":"Yes","recycled_content":"","recyclable_through_zentia":"","cleanability_types":"","clean_room_classification":"","cradle_two_cradle_certification":"","durability":"","humidity_resistance_rh":"","light_reflectance":"","fire_reaction_en135011":"","iac_level":"","material":"Acero","rout_slot_spacing_and_uom":"","cross_tee_main_runner_interface":"Mitered","corrosive_resistant":"","fire_performance":"A1","clean_room":"","end_detail":"","formaldehyde_emissions":"","low_voc_emissions":"","sound_absorption":"","sound_absorption_class":"","sound_reduction_index":"","sound_attenuation":"","sound_absorption_nrc":"","compatible_grid_product_code":"","floating_ceiling_frame_product_code":"","installation_accessories":"A10204*A339H*A12*A12070*A12020*A10229*MCC4*A12090*A12040*A10230*-","accessories":[{"code":"A339H"},{"code":"MCC4"}]}],"override_related_items":false,"related_project_gallery":null,"related_faqs":null,"related_products":null,"related_documents_and_downloads":null,"download_all_documents":null}],"import_data":"Silhouette XL_ 3mm,Silhouette XL_ 3mm,Silhouette XL_ 3mm,Silhouette XL_ 6mm::BP812042WRG,BP813042WRG,BP814042WRG,BPMCC4G::812042WR,813042WR,814042WR,MCC4::Silhouette XL_ Peakform Cross tee unslotted - RAL9010*Silhouette XL_ Peakform Cross tee centre slotted - RAL9010*Silhouette XL_ Main runner slotted at 600mm - 1st slot at 300mm - RAL9010*Mitre closure clip for Silhouette 6mm reveal::600mm (L) x 15mm (W) x 44mm (T),1200mm (L) x 15mm (W) x 44mm (T),3600mm (L) x 15mm (W) x 44mm (T),24mm (L) x 4mm (W) x 8mm (T)::RAL9010,RAL9010,RAL9010,Global White::::::::::::::::0.25,0.25,0.25,-::::::::::::::::::::::::::::Zentia Silhouette 6mm XL2 01.jpg,Zentia Silhouette 6mm XL2 01.jpg,Zentia Silhouette 6mm XL2 01.jpg,Zentia Silhouette 6mm XL2 01.jpg::\r\nSilhouette XL2 Cross Tees can be used in 6mm and 3mm suspension grids for a more monolithic appearance with MicroLook 90 mineral ceiling tiles. Cross tees are unnotched at 1200mm and 1350mm for larger tiles design. *Silhouette XL2 Cross Tees can be used in 6mm and 3mm suspension grids for a more monolithic appearance with MicroLook 90 mineral ceiling tiles. Cross tees are unnotched at 1200mm and 1350mm for larger tiles design. *This Silhouette XL2 Main Runner has a patented Peakform design to provide additional strength and stability and is easier to cut on site. Rotary stitched for extra strength and stability.*This mitre closure clip can be used with Silhouette 6mm reveal.::Steel,Steel,Steel,-::-,-,600mm,-::Mitered,Mitered,Mitered,-::A10204*A339H*A12*A12070*A12020*A10229*MCC4*A12090*A12040*A10230*-,A10204*A339H*A12*A12070*A12020*A10229*MCC4*A12090*A12040*A10230*-,A10204*A339H*A12*A12070*A12020*A10229*MCC4*A12090*A12040*A10230*-,-*-*-*-*-*-*-*-*-*-*-::-,-,-,-::A1,A1,A1,A1::-,-,-,-","file_label":"Descargar ficha t\u00e9cnica","file":8282,"warranties":null,"product_manuals":null,"nbs":"","documents_downloads_title":"","related_documents_and_downloads":"","download_bim":"","download_all_documents":"","listing_label":"","solution_finder_toggle":false,"solution_finder_intro":"","solution_finder_points":null,"template":{"":null,"related_project_gallery":"","template_faq":"","space_bottom":false,"related_products_title":"","related_products":"","hide_form":false}},"yoast_head":"<!-- This site is optimized with the Yoast SEO plugin v27.4 - https:\/\/yoast.com\/product\/yoast-seo-wordpress\/ -->\n<title>Gridline 15 Shadow | Zentia<\/title>\n<meta name=\"description\" content=\"Rejilla de techo suspendido de dise\u00f1o, f\u00e1cil de cortar para m\u00e1xima flexibilidad en obra. Componentes con costura rotativa para mayor estabilidad. M\u00e1s informaci\u00f3n.\" \/>\n<meta name=\"robots\" content=\"index, follow, max-snippet:-1, max-image-preview:large, max-video-preview:-1\" \/>\n<link rel=\"canonical\" href=\"https:\/\/www.zentia.com\/es-es\/soluciones\/productos\/sistemas-de-suspension\/gridline-15-shadow\/\" \/>\n<meta property=\"og:locale\" content=\"es_ES\" \/>\n<meta property=\"og:type\" content=\"article\" \/>\n<meta property=\"og:title\" content=\"Gridline 15 Shadow | Zentia\" \/>\n<meta property=\"og:description\" content=\"Rejilla de techo suspendido de dise\u00f1o, f\u00e1cil de cortar para m\u00e1xima flexibilidad en obra. Componentes con costura rotativa para mayor estabilidad. M\u00e1s informaci\u00f3n.\" \/>\n<meta property=\"og:url\" content=\"https:\/\/www.zentia.com\/es-es\/soluciones\/productos\/sistemas-de-suspension\/gridline-15-shadow\/\" \/>\n<meta property=\"og:site_name\" content=\"Zentia\" \/>\n<meta property=\"article:modified_time\" content=\"2025-03-19T09:37:42+00:00\" \/>\n<meta name=\"twitter:card\" content=\"summary_large_image\" \/>\n<script type=\"application\/ld+json\" class=\"yoast-schema-graph\">{\"@context\":\"https:\\\/\\\/schema.org\",\"@graph\":[{\"@type\":\"WebPage\",\"@id\":\"https:\\\/\\\/www.zentia.com\\\/es-es\\\/soluciones\\\/productos\\\/sistemas-de-suspension\\\/gridline-15-shadow\\\/\",\"url\":\"https:\\\/\\\/www.zentia.com\\\/es-es\\\/soluciones\\\/productos\\\/sistemas-de-suspension\\\/gridline-15-shadow\\\/\",\"name\":\"Gridline 15 Shadow | Zentia\",\"isPartOf\":{\"@id\":\"https:\\\/\\\/www.zentia.com\\\/es-es\\\/#website\"},\"datePublished\":\"2022-07-24T13:13:43+00:00\",\"dateModified\":\"2025-03-19T09:37:42+00:00\",\"description\":\"Rejilla de techo suspendido de dise\u00f1o, f\u00e1cil de cortar para m\u00e1xima flexibilidad en obra. Componentes con costura rotativa para mayor estabilidad. M\u00e1s informaci\u00f3n.\",\"breadcrumb\":{\"@id\":\"https:\\\/\\\/www.zentia.com\\\/es-es\\\/soluciones\\\/productos\\\/sistemas-de-suspension\\\/gridline-15-shadow\\\/#breadcrumb\"},\"inLanguage\":\"es\",\"potentialAction\":[{\"@type\":\"ReadAction\",\"target\":[\"https:\\\/\\\/www.zentia.com\\\/es-es\\\/soluciones\\\/productos\\\/sistemas-de-suspension\\\/gridline-15-shadow\\\/\"]}]},{\"@type\":\"BreadcrumbList\",\"@id\":\"https:\\\/\\\/www.zentia.com\\\/es-es\\\/soluciones\\\/productos\\\/sistemas-de-suspension\\\/gridline-15-shadow\\\/#breadcrumb\",\"itemListElement\":[{\"@type\":\"ListItem\",\"position\":1,\"name\":\"Inicio\",\"item\":\"https:\\\/\\\/www.zentia.com\\\/es-es\\\/\"},{\"@type\":\"ListItem\",\"position\":2,\"name\":\"Gridline 15 Shadow\"}]},{\"@type\":\"WebSite\",\"@id\":\"https:\\\/\\\/www.zentia.com\\\/es-es\\\/#website\",\"url\":\"https:\\\/\\\/www.zentia.com\\\/es-es\\\/\",\"name\":\"Zentia\",\"description\":\"\",\"potentialAction\":[{\"@type\":\"SearchAction\",\"target\":{\"@type\":\"EntryPoint\",\"urlTemplate\":\"https:\\\/\\\/www.zentia.com\\\/es-es\\\/?s={search_term_string}\"},\"query-input\":{\"@type\":\"PropertyValueSpecification\",\"valueRequired\":true,\"valueName\":\"search_term_string\"}}],\"inLanguage\":\"es\"}]}<\/script>\n<!-- \/ Yoast SEO plugin. -->","yoast_head_json":{"title":"Gridline 15 Shadow | Zentia","description":"Rejilla de techo suspendido de dise\u00f1o, f\u00e1cil de cortar para m\u00e1xima flexibilidad en obra. Componentes con costura rotativa para mayor estabilidad. M\u00e1s informaci\u00f3n.","robots":{"index":"index","follow":"follow","max-snippet":"max-snippet:-1","max-image-preview":"max-image-preview:large","max-video-preview":"max-video-preview:-1"},"canonical":"https:\/\/www.zentia.com\/es-es\/soluciones\/productos\/sistemas-de-suspension\/gridline-15-shadow\/","og_locale":"es_ES","og_type":"article","og_title":"Gridline 15 Shadow | Zentia","og_description":"Rejilla de techo suspendido de dise\u00f1o, f\u00e1cil de cortar para m\u00e1xima flexibilidad en obra. Componentes con costura rotativa para mayor estabilidad. M\u00e1s informaci\u00f3n.","og_url":"https:\/\/www.zentia.com\/es-es\/soluciones\/productos\/sistemas-de-suspension\/gridline-15-shadow\/","og_site_name":"Zentia","article_modified_time":"2025-03-19T09:37:42+00:00","twitter_card":"summary_large_image","schema":{"@context":"https:\/\/schema.org","@graph":[{"@type":"WebPage","@id":"https:\/\/www.zentia.com\/es-es\/soluciones\/productos\/sistemas-de-suspension\/gridline-15-shadow\/","url":"https:\/\/www.zentia.com\/es-es\/soluciones\/productos\/sistemas-de-suspension\/gridline-15-shadow\/","name":"Gridline 15 Shadow | Zentia","isPartOf":{"@id":"https:\/\/www.zentia.com\/es-es\/#website"},"datePublished":"2022-07-24T13:13:43+00:00","dateModified":"2025-03-19T09:37:42+00:00","description":"Rejilla de techo suspendido de dise\u00f1o, f\u00e1cil de cortar para m\u00e1xima flexibilidad en obra. Componentes con costura rotativa para mayor estabilidad. M\u00e1s informaci\u00f3n.","breadcrumb":{"@id":"https:\/\/www.zentia.com\/es-es\/soluciones\/productos\/sistemas-de-suspension\/gridline-15-shadow\/#breadcrumb"},"inLanguage":"es","potentialAction":[{"@type":"ReadAction","target":["https:\/\/www.zentia.com\/es-es\/soluciones\/productos\/sistemas-de-suspension\/gridline-15-shadow\/"]}]},{"@type":"BreadcrumbList","@id":"https:\/\/www.zentia.com\/es-es\/soluciones\/productos\/sistemas-de-suspension\/gridline-15-shadow\/#breadcrumb","itemListElement":[{"@type":"ListItem","position":1,"name":"Inicio","item":"https:\/\/www.zentia.com\/es-es\/"},{"@type":"ListItem","position":2,"name":"Gridline 15 Shadow"}]},{"@type":"WebSite","@id":"https:\/\/www.zentia.com\/es-es\/#website","url":"https:\/\/www.zentia.com\/es-es\/","name":"Zentia","description":"","potentialAction":[{"@type":"SearchAction","target":{"@type":"EntryPoint","urlTemplate":"https:\/\/www.zentia.com\/es-es\/?s={search_term_string}"},"query-input":{"@type":"PropertyValueSpecification","valueRequired":true,"valueName":"search_term_string"}}],"inLanguage":"es"}]}},"_links":{"self":[{"href":"https:\/\/www.zentia.com\/es-es\/wp-json\/wp\/v2\/product\/4757","targetHints":{"allow":["GET"]}}],"collection":[{"href":"https:\/\/www.zentia.com\/es-es\/wp-json\/wp\/v2\/product"}],"about":[{"href":"https:\/\/www.zentia.com\/es-es\/wp-json\/wp\/v2\/types\/product"}],"wp:attachment":[{"href":"https:\/\/www.zentia.com\/es-es\/wp-json\/wp\/v2\/media?parent=4757"}],"wp:term":[{"taxonomy":"product-type","embeddable":true,"href":"https:\/\/www.zentia.com\/es-es\/wp-json\/wp\/v2\/product-type?post=4757"}],"curies":[{"name":"wp","href":"https:\/\/api.w.org\/{rel}","templated":true}]}}