{"id":4763,"date":"2022-07-21T11:05:15","date_gmt":"2022-07-21T10:05:15","guid":{"rendered":"https:\/\/zentia.mediaworksdev.co.uk\/en-gb\/solutions\/products\/%product-type%\/axiom-blind-boxes\/"},"modified":"2025-06-06T09:27:12","modified_gmt":"2025-06-06T08:27:12","slug":"gridline-aluminium-blind-boxes","status":"publish","type":"product","link":"https:\/\/www.zentia.com\/es-es\/soluciones\/productos\/accesorios-de-sistemas-de-cuadricula\/gridline-aluminium-blind-boxes\/","title":{"rendered":"Gridline Aluminium Blind Boxes"},"featured_media":0,"parent":0,"template":"","product-type":[1046],"class_list":["post-4763","product","type-product","status-publish","hentry","product-type-accesorios-de-sistemas-de-cuadricula","edge-detail-blind-box","grid-appearance-concealed","product-material-aluminium","product-colour-global-white","product-colour-ral-9010","product-floating-ceiling-package-frame-tile","product-floating-ceiling-shape-circle"],"acf":{"hero":{"title":"Gridline Aluminium Blind Boxes","sub_label":"","introduction":"<span data-contrast=\"none\">Las cajas ciegas de aluminio Gridline ayudan a ocultar las iluminaci\u00f3n o cortinas y brindan una transici\u00f3n suave a las placas de techos , placas de cart\u00f3n-yeso y per\u00edmetros. Estas cajas ciegas son compatibles con los accesorios y per\u00edmetros de aluminio Gridline para una instalaci\u00f3n segura y sencilla lo que brinda un acabado impecable a los techos registrables.<\/span><span data-ccp-props=\"{&quot;201341983&quot;:0,&quot;335557856&quot;:16777215,&quot;335559739&quot;:0,&quot;335559740&quot;:240}\">\u00a0<\/span>\r\n\r\n<span data-contrast=\"none\">Acabados de f\u00e1brica, no se requiere acabado en obra , lo que le ahorra tiempo en enyesado, lijado y pintura.<\/span><span data-ccp-props=\"{&quot;134233117&quot;:true,&quot;134233118&quot;:true,&quot;201341983&quot;:0,&quot;335557856&quot;:16777215,&quot;335559740&quot;:240}\">\u00a0<\/span>","introduction_short":"","gallery":[8065],"datasheet":"","video_url":"","space_bottom":true},"images":null,"product_variant_alt_toggle":true,"product_variant":[{"edge_detail":"Blind Box","product_image":"","variant_information":"The Gridline Aluminium Blind Box est\u00e1 disponible en una medida de 100mm y disponible con diferentes accesorios de per\u00edmetros . \u00danicamente disponible en color blanco Global White .  ","variant_additional_information":"<h2>Gridline Aluminium Blind Boxes<\/h2>\r\n<h3>Caracter\u00edsticas T\u00e9cnicas<\/h3>\r\n<strong>Seguridad contra incendios and y otras caracter\u00edsticas t\u00e9cnicas<\/strong>\r\n\r\nGridline Aluminium Profiles est\u00e1 clasificado seg\u00fan EN 13501-1 fire standard and certificado A2-s1,d0.\r\n\r\nSe pueden limpiar con un pa\u00f1o seco, un pa\u00f1o h\u00famedo o una esponja h\u00fameda.","sub_variants":[{"edge_detail":"Blind Box","images":[{"image":8065}],"cls_item_number":"BPT3250A","cls_description":"Gridline Aluminium Blind Box 100mm","shortcode":"T3250","dimensions":"Gridline Aluminium Blind Box 100mm","colour_text":"Global White","colour_select":[951],"surface_sifyb":"","recyclable":"","recycled_content":"","recyclable_through_zentia":"","cleanability_types":"","clean_room_classification":"","cradle_two_cradle_certification":"","durability":"","humidity_resistance_rh":"","light_reflectance":"","fire_reaction_en135011":"","iac_level":"","material":"Aluminio","rout_slot_spacing_and_uom":"","cross_tee_main_runner_interface":"","corrosive_resistant":"","fire_performance":"","clean_room":"","end_detail":"","formaldehyde_emissions":"","low_voc_emissions":"","sound_absorption":"","sound_absorption_class":"","sound_reduction_index":"","sound_attenuation":"","sound_absorption_nrc":"","compatible_grid_product_code":"","floating_ceiling_frame_product_code":"","installation_accessories":"","accessories":[{"code":""}]},{"edge_detail":"Blind Box","images":[{"image":8066}],"cls_item_number":"BPT3251A","cls_description":"Gridline Aluminium Blind Box Perimeter Angle","shortcode":"T3251","dimensions":"Gridline Aluminium Blind Box Perimeter Angle","colour_text":"Global White","colour_select":[951],"surface_sifyb":"","recyclable":"","recycled_content":"","recyclable_through_zentia":"","cleanability_types":"","clean_room_classification":"","cradle_two_cradle_certification":"","durability":"","humidity_resistance_rh":"","light_reflectance":"","fire_reaction_en135011":"","iac_level":"","material":"Aluminio","rout_slot_spacing_and_uom":"","cross_tee_main_runner_interface":"","corrosive_resistant":"","fire_performance":"","clean_room":"","end_detail":"","formaldehyde_emissions":"","low_voc_emissions":"","sound_absorption":"","sound_absorption_class":"","sound_reduction_index":"","sound_attenuation":"","sound_absorption_nrc":"","compatible_grid_product_code":"","floating_ceiling_frame_product_code":"","installation_accessories":"","accessories":[{"code":""}]}],"override_related_items":false,"related_project_gallery":null,"related_faqs":null,"related_products":null,"related_documents_and_downloads":null,"download_all_documents":null}],"import_data":"Blind Box,Blind Box,Blind Box,Blind Box,Blind Box,Blind Box,Blind Box,Blind Box,Blind Box,Blind Box::BPT3250,BPT3250WR,BPT3251,BPT3251WR,BPT3252,BPT3252WR,BPT3253,BPT3253WR,BPT3254,BPT3254WR::T3254WR::Axiom Blind Box 100mm,Axiom Blind Box 100mm - RAL9010,Axiom Blind Box Perimeter Angle,Axiom Blind Box Perimeter Angle - RAL9010,Axiom Blind Box Transition Upstand,Axiom Blind Box Transition Upstand - RAL9010,Axiom Blind Box Transition Angle,Axiom Blind Box Transition Angle - RAL9010,Axiom Blind Box Perimeter Channel,Axiom Blind Box Perimeter Channel - RAL9010::::Global White,RAL 9010,Global White,RAL 9010,Global White,RAL 9010,Global White,RAL 9010,Global White,RAL 9010::::::::::::::::::::::::::::::::::::::::::::Zentia Axiom Blind Boxes 01.jpg,Zentia Axiom Blind Boxes 01.jpg,Zentia Axiom Blind Boxes 01.jpg,Zentia Axiom Blind Boxes 01.jpg,Zentia Axiom Blind Boxes 01.jpg,Zentia Axiom Blind Boxes 01.jpg,Zentia Axiom Blind Boxes 01.jpg,Zentia Axiom Blind Boxes 01.jpg,Zentia Axiom Blind Boxes 01.jpg,Zentia Axiom Blind Boxes 01.jpg::::Aluminium,Aluminium,Aluminium,Aluminium,Aluminium,Aluminium,Aluminium,Aluminium,Aluminium,Aluminium::::::::::::::","file_label":"Descargar Fichas T\u00e9cnica","file":8481,"warranties":null,"product_manuals":null,"nbs":"","documents_downloads_title":"","related_documents_and_downloads":"","download_bim":"","download_all_documents":"","listing_label":"","solution_finder_toggle":false,"solution_finder_intro":"","solution_finder_points":null,"template":{"":null,"related_project_gallery":"","template_faq":"","space_bottom":false,"related_products_title":"","related_products":"","hide_form":false}},"yoast_head":"<!-- This site is optimized with the Yoast SEO plugin v27.3 - https:\/\/yoast.com\/product\/yoast-seo-wordpress\/ -->\n<title>Gridline Aluminium Blind Boxes | Zentia<\/title>\n<meta name=\"description\" content=\"Dale los toques finales a la instalaci\u00f3n de tu techo con las cajas ciegas de aluminio Gridline. No se requiere decoraci\u00f3n en el lugar. M\u00e1s informaci\u00f3n.\" \/>\n<meta name=\"robots\" content=\"index, follow, max-snippet:-1, max-image-preview:large, max-video-preview:-1\" \/>\n<link rel=\"canonical\" href=\"https:\/\/www.zentia.com\/es-es\/soluciones\/productos\/accesorios-de-sistemas-de-cuadricula\/gridline-aluminium-blind-boxes\/\" \/>\n<meta property=\"og:locale\" content=\"es_ES\" \/>\n<meta property=\"og:type\" content=\"article\" \/>\n<meta property=\"og:title\" content=\"Gridline Aluminium Blind Boxes | Zentia\" \/>\n<meta property=\"og:description\" content=\"Dale los toques finales a la instalaci\u00f3n de tu techo con las cajas ciegas de aluminio Gridline. No se requiere decoraci\u00f3n en el lugar. M\u00e1s informaci\u00f3n.\" \/>\n<meta property=\"og:url\" content=\"https:\/\/www.zentia.com\/es-es\/soluciones\/productos\/accesorios-de-sistemas-de-cuadricula\/gridline-aluminium-blind-boxes\/\" \/>\n<meta property=\"og:site_name\" content=\"Zentia\" \/>\n<meta property=\"article:modified_time\" content=\"2025-06-06T08:27:12+00:00\" \/>\n<meta name=\"twitter:card\" content=\"summary_large_image\" \/>\n<script type=\"application\/ld+json\" class=\"yoast-schema-graph\">{\"@context\":\"https:\\\/\\\/schema.org\",\"@graph\":[{\"@type\":\"WebPage\",\"@id\":\"https:\\\/\\\/www.zentia.com\\\/es-es\\\/soluciones\\\/productos\\\/accesorios-de-sistemas-de-cuadricula\\\/gridline-aluminium-blind-boxes\\\/\",\"url\":\"https:\\\/\\\/www.zentia.com\\\/es-es\\\/soluciones\\\/productos\\\/accesorios-de-sistemas-de-cuadricula\\\/gridline-aluminium-blind-boxes\\\/\",\"name\":\"Gridline Aluminium Blind Boxes | Zentia\",\"isPartOf\":{\"@id\":\"https:\\\/\\\/www.zentia.com\\\/es-es\\\/#website\"},\"datePublished\":\"2022-07-21T10:05:15+00:00\",\"dateModified\":\"2025-06-06T08:27:12+00:00\",\"description\":\"Dale los toques finales a la instalaci\u00f3n de tu techo con las cajas ciegas de aluminio Gridline. No se requiere decoraci\u00f3n en el lugar. M\u00e1s informaci\u00f3n.\",\"breadcrumb\":{\"@id\":\"https:\\\/\\\/www.zentia.com\\\/es-es\\\/soluciones\\\/productos\\\/accesorios-de-sistemas-de-cuadricula\\\/gridline-aluminium-blind-boxes\\\/#breadcrumb\"},\"inLanguage\":\"es\",\"potentialAction\":[{\"@type\":\"ReadAction\",\"target\":[\"https:\\\/\\\/www.zentia.com\\\/es-es\\\/soluciones\\\/productos\\\/accesorios-de-sistemas-de-cuadricula\\\/gridline-aluminium-blind-boxes\\\/\"]}]},{\"@type\":\"BreadcrumbList\",\"@id\":\"https:\\\/\\\/www.zentia.com\\\/es-es\\\/soluciones\\\/productos\\\/accesorios-de-sistemas-de-cuadricula\\\/gridline-aluminium-blind-boxes\\\/#breadcrumb\",\"itemListElement\":[{\"@type\":\"ListItem\",\"position\":1,\"name\":\"Inicio\",\"item\":\"https:\\\/\\\/www.zentia.com\\\/es-es\\\/\"},{\"@type\":\"ListItem\",\"position\":2,\"name\":\"Gridline Aluminium Blind Boxes\"}]},{\"@type\":\"WebSite\",\"@id\":\"https:\\\/\\\/www.zentia.com\\\/es-es\\\/#website\",\"url\":\"https:\\\/\\\/www.zentia.com\\\/es-es\\\/\",\"name\":\"Zentia\",\"description\":\"\",\"potentialAction\":[{\"@type\":\"SearchAction\",\"target\":{\"@type\":\"EntryPoint\",\"urlTemplate\":\"https:\\\/\\\/www.zentia.com\\\/es-es\\\/?s={search_term_string}\"},\"query-input\":{\"@type\":\"PropertyValueSpecification\",\"valueRequired\":true,\"valueName\":\"search_term_string\"}}],\"inLanguage\":\"es\"}]}<\/script>\n<!-- \/ Yoast SEO plugin. -->","yoast_head_json":{"title":"Gridline Aluminium Blind Boxes | Zentia","description":"Dale los toques finales a la instalaci\u00f3n de tu techo con las cajas ciegas de aluminio Gridline. No se requiere decoraci\u00f3n en el lugar. M\u00e1s informaci\u00f3n.","robots":{"index":"index","follow":"follow","max-snippet":"max-snippet:-1","max-image-preview":"max-image-preview:large","max-video-preview":"max-video-preview:-1"},"canonical":"https:\/\/www.zentia.com\/es-es\/soluciones\/productos\/accesorios-de-sistemas-de-cuadricula\/gridline-aluminium-blind-boxes\/","og_locale":"es_ES","og_type":"article","og_title":"Gridline Aluminium Blind Boxes | Zentia","og_description":"Dale los toques finales a la instalaci\u00f3n de tu techo con las cajas ciegas de aluminio Gridline. No se requiere decoraci\u00f3n en el lugar. M\u00e1s informaci\u00f3n.","og_url":"https:\/\/www.zentia.com\/es-es\/soluciones\/productos\/accesorios-de-sistemas-de-cuadricula\/gridline-aluminium-blind-boxes\/","og_site_name":"Zentia","article_modified_time":"2025-06-06T08:27:12+00:00","twitter_card":"summary_large_image","schema":{"@context":"https:\/\/schema.org","@graph":[{"@type":"WebPage","@id":"https:\/\/www.zentia.com\/es-es\/soluciones\/productos\/accesorios-de-sistemas-de-cuadricula\/gridline-aluminium-blind-boxes\/","url":"https:\/\/www.zentia.com\/es-es\/soluciones\/productos\/accesorios-de-sistemas-de-cuadricula\/gridline-aluminium-blind-boxes\/","name":"Gridline Aluminium Blind Boxes | Zentia","isPartOf":{"@id":"https:\/\/www.zentia.com\/es-es\/#website"},"datePublished":"2022-07-21T10:05:15+00:00","dateModified":"2025-06-06T08:27:12+00:00","description":"Dale los toques finales a la instalaci\u00f3n de tu techo con las cajas ciegas de aluminio Gridline. No se requiere decoraci\u00f3n en el lugar. M\u00e1s informaci\u00f3n.","breadcrumb":{"@id":"https:\/\/www.zentia.com\/es-es\/soluciones\/productos\/accesorios-de-sistemas-de-cuadricula\/gridline-aluminium-blind-boxes\/#breadcrumb"},"inLanguage":"es","potentialAction":[{"@type":"ReadAction","target":["https:\/\/www.zentia.com\/es-es\/soluciones\/productos\/accesorios-de-sistemas-de-cuadricula\/gridline-aluminium-blind-boxes\/"]}]},{"@type":"BreadcrumbList","@id":"https:\/\/www.zentia.com\/es-es\/soluciones\/productos\/accesorios-de-sistemas-de-cuadricula\/gridline-aluminium-blind-boxes\/#breadcrumb","itemListElement":[{"@type":"ListItem","position":1,"name":"Inicio","item":"https:\/\/www.zentia.com\/es-es\/"},{"@type":"ListItem","position":2,"name":"Gridline Aluminium Blind Boxes"}]},{"@type":"WebSite","@id":"https:\/\/www.zentia.com\/es-es\/#website","url":"https:\/\/www.zentia.com\/es-es\/","name":"Zentia","description":"","potentialAction":[{"@type":"SearchAction","target":{"@type":"EntryPoint","urlTemplate":"https:\/\/www.zentia.com\/es-es\/?s={search_term_string}"},"query-input":{"@type":"PropertyValueSpecification","valueRequired":true,"valueName":"search_term_string"}}],"inLanguage":"es"}]}},"_links":{"self":[{"href":"https:\/\/www.zentia.com\/es-es\/wp-json\/wp\/v2\/product\/4763","targetHints":{"allow":["GET"]}}],"collection":[{"href":"https:\/\/www.zentia.com\/es-es\/wp-json\/wp\/v2\/product"}],"about":[{"href":"https:\/\/www.zentia.com\/es-es\/wp-json\/wp\/v2\/types\/product"}],"wp:attachment":[{"href":"https:\/\/www.zentia.com\/es-es\/wp-json\/wp\/v2\/media?parent=4763"}],"wp:term":[{"taxonomy":"product-type","embeddable":true,"href":"https:\/\/www.zentia.com\/es-es\/wp-json\/wp\/v2\/product-type?post=4763"}],"curies":[{"name":"wp","href":"https:\/\/api.w.org\/{rel}","templated":true}]}}