{"id":4774,"date":"2022-07-21T11:05:15","date_gmt":"2022-07-21T10:05:15","guid":{"rendered":"https:\/\/zentia.mediaworksdev.co.uk\/en-gb\/solutions\/products\/%product-type%\/axiom-profiles\/"},"modified":"2025-03-31T15:00:22","modified_gmt":"2025-03-31T14:00:22","slug":"gridline-aluminium-profiles","status":"publish","type":"product","link":"https:\/\/www.zentia.com\/es-es\/soluciones\/productos\/accesorios-de-sistemas-de-cuadricula\/gridline-aluminium-profiles\/","title":{"rendered":"Gridline Aluminium Profiles"},"featured_media":0,"parent":0,"template":"","product-type":[1046],"class_list":["post-4774","product","type-product","status-publish","hentry","product-type-accesorios-de-sistemas-de-cuadricula","edge-detail-profiles","grid-appearance-concealed","product-material-aluminium","product-colour-global-white","product-colour-ral-9010","product-floating-ceiling-package-frame-tile","product-floating-ceiling-shape-circle"],"acf":{"hero":{"title":"Gridline Aluminium Profiles","sub_label":"","introduction":"<span class=\"TextRun SCXW267803475 BCX0\" lang=\"ES-ES\" xml:lang=\"ES-ES\" data-contrast=\"none\"><span class=\"NormalTextRun SCXW267803475 BCX0\">Elija <\/span><span class=\"NormalTextRun SCXW267803475 BCX0\">nuestros perfiles<\/span><span class=\"NormalTextRun SCXW267803475 BCX0\"> de aluminio extruido para <\/span><span class=\"NormalTextRun SCXW267803475 BCX0\">dise\u00f1os<\/span><span class=\"NormalTextRun SCXW267803475 BCX0\"> perimetrales, cambios de <\/span><span class=\"NormalTextRun SCXW267803475 BCX0\">rasante<\/span><span class=\"NormalTextRun SCXW267803475 BCX0\"> y <\/span><span class=\"NormalTextRun SpellingErrorV2Themed SCXW267803475 BCX0\">compatiblidad<\/span><span class=\"NormalTextRun SCXW267803475 BCX0\"> con <\/span><span class=\"NormalTextRun ContextualSpellingAndGrammarErrorV2Themed GrammarErrorHighlight SCXW267803475 BCX0\">luminarias <\/span><span class=\"NormalTextRun ContextualSpellingAndGrammarErrorV2Themed GrammarErrorHighlight SCXW267803475 BCX0\">.<\/span><span class=\"NormalTextRun SCXW267803475 BCX0\"> Con <\/span><span class=\"NormalTextRun SCXW267803475 BCX0\">detalles de esquinas<\/span><span class=\"NormalTextRun SCXW267803475 BCX0\"> y accesorios universales para una instalaci\u00f3n segura y sencilla, los perfiles de aluminio <\/span><span class=\"NormalTextRun SpellingErrorV2Themed SCXW267803475 BCX0\">Gridline<\/span><span class=\"NormalTextRun SCXW267803475 BCX0\"> son compatibles con nuestros sistemas de <\/span><span class=\"NormalTextRun SpellingErrorV2Themed SCXW267803475 BCX0\">perfileria<\/span><span class=\"NormalTextRun SCXW267803475 BCX0\"> para <\/span><span class=\"NormalTextRun SCXW267803475 BCX0\">techos <\/span><span class=\"NormalTextRun ContextualSpellingAndGrammarErrorV2Themed SCXW267803475 BCX0\">registrables <\/span><span class=\"NormalTextRun ContextualSpellingAndGrammarErrorV2Themed SCXW267803475 BCX0\">,<\/span><span class=\"NormalTextRun SCXW267803475 BCX0\"> incluida la <\/span><span class=\"NormalTextRun SCXW267803475 BCX0\">perfiler\u00eda<\/span><span class=\"NormalTextRun SCXW267803475 BCX0\"> de dise\u00f1o <\/span><span class=\"NormalTextRun SpellingErrorV2Themed SCXW267803475 BCX0\">Gridline 15 Shadow<\/span><span class=\"NormalTextRun SCXW267803475 BCX0\">.<\/span><\/span><span class=\"EOP SCXW267803475 BCX0\" data-ccp-props=\"{&quot;134233117&quot;:true,&quot;134233118&quot;:true,&quot;201341983&quot;:0,&quot;335557856&quot;:16777215,&quot;335559740&quot;:240}\">\u00a0<\/span>","introduction_short":"","gallery":[8056],"datasheet":"","video_url":"","space_bottom":true},"images":null,"product_variant_alt_toggle":true,"product_variant":[{"edge_detail":"Profiles","product_image":"","variant_information":"Gridline Aluminium Profiles est\u00e1 disponible en diferentes medidas. Disponible \u00fanicamente en color blanco Global White. ","variant_additional_information":"<h2>Gridline Aluminium Profiles<\/h2>\r\n<h3>Caracter\u00edsticas T\u00e9cnicas<\/h3>\r\n<strong>Seguridad contra incendios and y otras caracter\u00edsticas t\u00e9cnicas<\/strong>\r\n\r\nGridline Aluminium Profiles est\u00e1 clasificado seg\u00fan EN 13501-1 fire standard and certificado A2-s1,d0.\r\n\r\nSe pueden limpiar con un pa\u00f1o seco, un pa\u00f1o h\u00famedo o una esponja h\u00fameda.","sub_variants":[{"edge_detail":"Profiles","images":[{"image":8055}],"cls_item_number":"BP524206H","cls_description":"Gridline Aluminium Profiles 50mm","shortcode":"524206","dimensions":"Gridline Aluminium Profiles 50mm","colour_text":"Global White","colour_select":[951],"surface_sifyb":"","recyclable":"","recycled_content":"","recyclable_through_zentia":"","cleanability_types":"","clean_room_classification":"","cradle_two_cradle_certification":"","durability":"","humidity_resistance_rh":"","light_reflectance":"","fire_reaction_en135011":"","iac_level":"","material":"Aluminio","rout_slot_spacing_and_uom":"","cross_tee_main_runner_interface":"","corrosive_resistant":"","fire_performance":"","clean_room":"","end_detail":"","formaldehyde_emissions":"","low_voc_emissions":"","sound_absorption":"","sound_absorption_class":"","sound_reduction_index":"","sound_attenuation":"","sound_absorption_nrc":"","compatible_grid_product_code":"","floating_ceiling_frame_product_code":"","installation_accessories":"","accessories":[{"code":""}]},{"edge_detail":"Profiles","images":[{"image":3353}],"cls_item_number":"BP544206H","cls_description":"Gridline Aluminium Profiles 100mm","shortcode":"544206","dimensions":"Gridline Aluminium Profiles 100mm","colour_text":"Global White","colour_select":[951],"surface_sifyb":"","recyclable":"","recycled_content":"","recyclable_through_zentia":"","cleanability_types":"","clean_room_classification":"","cradle_two_cradle_certification":"","durability":"","humidity_resistance_rh":"","light_reflectance":"","fire_reaction_en135011":"","iac_level":"","material":"Aluminio","rout_slot_spacing_and_uom":"","cross_tee_main_runner_interface":"","corrosive_resistant":"","fire_performance":"","clean_room":"","end_detail":"","formaldehyde_emissions":"","low_voc_emissions":"","sound_absorption":"","sound_absorption_class":"","sound_reduction_index":"","sound_attenuation":"","sound_absorption_nrc":"","compatible_grid_product_code":"","floating_ceiling_frame_product_code":"","installation_accessories":"","accessories":[{"code":""}]},{"edge_detail":"Profiles","images":[{"image":8056}],"cls_item_number":"BP551411H","cls_description":"Gridline Aluminium Integra Profile for Canopy","shortcode":"551411","dimensions":"Gridline Aluminium Integra Profile for Canopy","colour_text":"Global White","colour_select":[951],"surface_sifyb":"","recyclable":"","recycled_content":"","recyclable_through_zentia":"","cleanability_types":"","clean_room_classification":"","cradle_two_cradle_certification":"","durability":"","humidity_resistance_rh":"","light_reflectance":"","fire_reaction_en135011":"","iac_level":"","material":"Aluminio","rout_slot_spacing_and_uom":"","cross_tee_main_runner_interface":"","corrosive_resistant":"","fire_performance":"","clean_room":"","end_detail":"","formaldehyde_emissions":"","low_voc_emissions":"","sound_absorption":"","sound_absorption_class":"","sound_reduction_index":"","sound_attenuation":"","sound_absorption_nrc":"","compatible_grid_product_code":"","floating_ceiling_frame_product_code":"","installation_accessories":"","accessories":[{"code":""}]},{"edge_detail":"Profiles","images":[{"image":8057}],"cls_item_number":"BP564206H","cls_description":"Gridline Aluminium Profiles 150mm","shortcode":"564206","dimensions":"Gridline Aluminium Profiles 150mm","colour_text":"Global White","colour_select":[951],"surface_sifyb":"","recyclable":"","recycled_content":"","recyclable_through_zentia":"","cleanability_types":"","clean_room_classification":"","cradle_two_cradle_certification":"","durability":"","humidity_resistance_rh":"","light_reflectance":"","fire_reaction_en135011":"","iac_level":"","material":"Aluminio","rout_slot_spacing_and_uom":"","cross_tee_main_runner_interface":"","corrosive_resistant":"","fire_performance":"","clean_room":"","end_detail":"","formaldehyde_emissions":"","low_voc_emissions":"","sound_absorption":"","sound_absorption_class":"","sound_reduction_index":"","sound_attenuation":"","sound_absorption_nrc":"","compatible_grid_product_code":"","floating_ceiling_frame_product_code":"","installation_accessories":"","accessories":[{"code":""}]},{"edge_detail":"Profiles","images":[{"image":8058}],"cls_item_number":"BP584206H","cls_description":"Gridline Aluminium Profiles 200mm","shortcode":"584206","dimensions":"Gridline Aluminium Profiles 200mm","colour_text":"Global White","colour_select":[951],"surface_sifyb":"","recyclable":"","recycled_content":"","recyclable_through_zentia":"","cleanability_types":"","clean_room_classification":"","cradle_two_cradle_certification":"","durability":"","humidity_resistance_rh":"","light_reflectance":"","fire_reaction_en135011":"","iac_level":"","material":"Aluminio","rout_slot_spacing_and_uom":"","cross_tee_main_runner_interface":"","corrosive_resistant":"","fire_performance":"","clean_room":"","end_detail":"","formaldehyde_emissions":"","low_voc_emissions":"","sound_absorption":"","sound_absorption_class":"","sound_reduction_index":"","sound_attenuation":"","sound_absorption_nrc":"","compatible_grid_product_code":"","floating_ceiling_frame_product_code":"","installation_accessories":"","accessories":[{"code":""}]},{"edge_detail":"Profiles","images":[{"image":3353}],"cls_item_number":"BPT3213J","cls_description":"Gridline Aluminium Profiles Plasterboard Trim","shortcode":"T3213","dimensions":"Gridline Aluminium Profiles Plasterboard Trim","colour_text":"Global White","colour_select":[951],"surface_sifyb":"","recyclable":"","recycled_content":"","recyclable_through_zentia":"","cleanability_types":"","clean_room_classification":"","cradle_two_cradle_certification":"","durability":"","humidity_resistance_rh":"","light_reflectance":"","fire_reaction_en135011":"","iac_level":"","material":"Aluminio","rout_slot_spacing_and_uom":"","cross_tee_main_runner_interface":"","corrosive_resistant":"","fire_performance":"","clean_room":"","end_detail":"","formaldehyde_emissions":"","low_voc_emissions":"","sound_absorption":"","sound_absorption_class":"","sound_reduction_index":"","sound_attenuation":"","sound_absorption_nrc":"","compatible_grid_product_code":"","floating_ceiling_frame_product_code":"","installation_accessories":"","accessories":[{"code":""}]},{"edge_detail":"Profiles","images":[{"image":3353}],"cls_item_number":"BPCS57H","cls_description":"DecoFrame Kit Blade Canopy Mitre Corner Piece","shortcode":"CS57","dimensions":"DecoFrame Kit Blade Canopy Mitre Corner Piece","colour_text":"Global White","colour_select":[951],"surface_sifyb":"","recyclable":"","recycled_content":"","recyclable_through_zentia":"","cleanability_types":"","clean_room_classification":"","cradle_two_cradle_certification":"","durability":"","humidity_resistance_rh":"","light_reflectance":"","fire_reaction_en135011":"","iac_level":"","material":"Aluminio","rout_slot_spacing_and_uom":"","cross_tee_main_runner_interface":"","corrosive_resistant":"","fire_performance":"","clean_room":"","end_detail":"","formaldehyde_emissions":"","low_voc_emissions":"","sound_absorption":"","sound_absorption_class":"","sound_reduction_index":"","sound_attenuation":"","sound_absorption_nrc":"","compatible_grid_product_code":"","floating_ceiling_frame_product_code":"","installation_accessories":"","accessories":[{"code":""}]},{"edge_detail":"Profiles","images":[{"image":8049}],"cls_item_number":"BPA334H","cls_description":"Gridline Aluminium Profiles Corner post 50mm","shortcode":"A334","dimensions":"Gridline Aluminium Profiles Corner post 50mm","colour_text":"Global White","colour_select":[951],"surface_sifyb":"","recyclable":"","recycled_content":"","recyclable_through_zentia":"","cleanability_types":"","clean_room_classification":"","cradle_two_cradle_certification":"","durability":"","humidity_resistance_rh":"","light_reflectance":"","fire_reaction_en135011":"","iac_level":"","material":"Aluminio","rout_slot_spacing_and_uom":"","cross_tee_main_runner_interface":"","corrosive_resistant":"","fire_performance":"","clean_room":"","end_detail":"","formaldehyde_emissions":"","low_voc_emissions":"","sound_absorption":"","sound_absorption_class":"","sound_reduction_index":"","sound_attenuation":"","sound_absorption_nrc":"","compatible_grid_product_code":"","floating_ceiling_frame_product_code":"","installation_accessories":"","accessories":[{"code":""}]},{"edge_detail":"Profiles","images":[{"image":8050}],"cls_item_number":"BPA335H","cls_description":"Gridline Aluminium Profiles Corner post 100mm","shortcode":"A335","dimensions":"Gridline Aluminium Profiles Corner post 100mm","colour_text":"Global White","colour_select":[951],"surface_sifyb":"","recyclable":"","recycled_content":"","recyclable_through_zentia":"","cleanability_types":"","clean_room_classification":"","cradle_two_cradle_certification":"","durability":"","humidity_resistance_rh":"","light_reflectance":"","fire_reaction_en135011":"","iac_level":"","material":"Aluminio","rout_slot_spacing_and_uom":"","cross_tee_main_runner_interface":"","corrosive_resistant":"","fire_performance":"","clean_room":"","end_detail":"","formaldehyde_emissions":"","low_voc_emissions":"","sound_absorption":"","sound_absorption_class":"","sound_reduction_index":"","sound_attenuation":"","sound_absorption_nrc":"","compatible_grid_product_code":"","floating_ceiling_frame_product_code":"","installation_accessories":"","accessories":[{"code":""}]},{"edge_detail":"Profiles","images":[{"image":3353}],"cls_item_number":"BPA336H","cls_description":"Gridline Aluminium Profiles Corner post 150mm","shortcode":"A336","dimensions":"Gridline Aluminium Profiles Corner post 150mm","colour_text":"Global White","colour_select":[951],"surface_sifyb":"","recyclable":"","recycled_content":"","recyclable_through_zentia":"","cleanability_types":"","clean_room_classification":"","cradle_two_cradle_certification":"","durability":"","humidity_resistance_rh":"","light_reflectance":"","fire_reaction_en135011":"","iac_level":"","material":"Aluminio","rout_slot_spacing_and_uom":"","cross_tee_main_runner_interface":"","corrosive_resistant":"","fire_performance":"","clean_room":"","end_detail":"","formaldehyde_emissions":"","low_voc_emissions":"","sound_absorption":"","sound_absorption_class":"","sound_reduction_index":"","sound_attenuation":"","sound_absorption_nrc":"","compatible_grid_product_code":"","floating_ceiling_frame_product_code":"","installation_accessories":"","accessories":[{"code":""}]},{"edge_detail":"Profiles","images":[{"image":8051}],"cls_item_number":"BPA337H","cls_description":"Gridline Aluminium Profiles Corner post 200mm","shortcode":"A337","dimensions":"Gridline Aluminium Profiles Corner post 200mm","colour_text":"Global White","colour_select":[951],"surface_sifyb":"","recyclable":"","recycled_content":"","recyclable_through_zentia":"","cleanability_types":"","clean_room_classification":"","cradle_two_cradle_certification":"","durability":"","humidity_resistance_rh":"","light_reflectance":"","fire_reaction_en135011":"","iac_level":"","material":"Aluminio","rout_slot_spacing_and_uom":"","cross_tee_main_runner_interface":"","corrosive_resistant":"","fire_performance":"","clean_room":"","end_detail":"","formaldehyde_emissions":"","low_voc_emissions":"","sound_absorption":"","sound_absorption_class":"","sound_reduction_index":"","sound_attenuation":"","sound_absorption_nrc":"","compatible_grid_product_code":"","floating_ceiling_frame_product_code":"","installation_accessories":"","accessories":[{"code":""}]},{"edge_detail":"Profiles","images":[{"image":8418}],"cls_item_number":"BPA345H","cls_description":"Gridline Aluminium Profiles Integra Corner post 112mm","shortcode":"A345","dimensions":"Gridline Aluminium Profiles Integra Corner post 112mm","colour_text":"Global White","colour_select":[951],"surface_sifyb":"","recyclable":"","recycled_content":"","recyclable_through_zentia":"","cleanability_types":"","clean_room_classification":"","cradle_two_cradle_certification":"","durability":"","humidity_resistance_rh":"","light_reflectance":"","fire_reaction_en135011":"","iac_level":"","material":"Aluminio","rout_slot_spacing_and_uom":"","cross_tee_main_runner_interface":"","corrosive_resistant":"","fire_performance":"","clean_room":"","end_detail":"","formaldehyde_emissions":"","low_voc_emissions":"","sound_absorption":"","sound_absorption_class":"","sound_reduction_index":"","sound_attenuation":"","sound_absorption_nrc":"","compatible_grid_product_code":"","floating_ceiling_frame_product_code":"","installation_accessories":"","accessories":[{"code":""}]}],"override_related_items":false,"related_project_gallery":null,"related_faqs":null,"related_products":null,"related_documents_and_downloads":null,"download_all_documents":null}],"import_data":"Profiles,Profiles,Profiles,Profiles,Profiles,Profiles,Profiles,Profiles,Profiles,Profiles,Profiles,Profiles,Profiles,Profiles,Profiles,Profiles,Profiles,Profiles,Profiles,Profiles,Profiles,Profiles,Profiles::BP524206G,BP524206WRG,BP544206G,BP544206WRG,BP551411G,BP551411WRG,BP564206G,BP564206WRG,BP584206G,BP584206WRG,BPT3213H,BPT3213WRH,BPCS534205,BPCS57G,BPA334G,BPA334WRG,BPA335G,BPA335WRG,BPA336G,BPA336WRG,BPA337G,BPA337WRG,BPA345G::A345::Axiom Profiles 50mm,Axiom Profiles 50mm - RAL9010,Axiom Profiles 100mm,Axiom Profiles 100mm - RAL9010,Axiom Vector Profile for Canopy,Axiom Vector Profile for Canopy RAL9010,Axiom Profiles 150mm,Axiom Profiles 150mm - RAL9010,Axiom Profiles 200mm,Axiom Profiles 200mm - RAL9010,Axiom Profiles Plasterboard Trim,Axiom Profiles Plasterboard Trim - RAL9010,Axiom L Profile (plain edge no plasterboard grooves) for Axiom L Canopy only,Axiom KE Canopy Mitre Corner Piece,Axiom Profiles Corner post 50mm,Axiom Profiles Corner post 50mm - RAL9010,Axiom Profiles Corner post 100mm,Axiom Profiles Corner post 100mm - RAL9010,Axiom Profiles Corner post 150mm,Axiom Profiles Corner post 150mm - RAL9010,Axiom Profiles Corner post 200mm,Axiom Profiles Corner post 200mm - RAL9010,Axiom Profiles Vector Corner post 112mm::::Global White,RAL 9010,Global White,RAL 9010,Global White,RAL 9010,Global White,RAL 9010,Global White,RAL 9010,Global White,RAL 9010,Global White,Global White,Global White,RAL 9010,Global White,RAL 9010,Global White,RAL 9010,Global White,RAL 9010,Global White::::::::::::::::::::::::::::::::::::::::::::Zentia Axiom Profiles 01.jpg,Zentia Axiom Profiles 01.jpg,Zentia Axiom Profiles 01.jpg,Zentia Axiom Profiles 01.jpg,Zentia Axiom Profiles 01.jpg,Zentia Axiom Profiles 01.jpg,Zentia Axiom Profiles 01.jpg,Zentia Axiom Profiles 01.jpg,Zentia Axiom Profiles 01.jpg,Zentia Axiom Profiles 01.jpg,Zentia Axiom Profiles 01.jpg,Zentia Axiom Profiles 01.jpg,Zentia Axiom Profiles 01.jpg,Zentia Axiom Profiles 01.jpg,Zentia Axiom Profiles 01.jpg,Zentia Axiom Profiles 01.jpg,Zentia Axiom Profiles 01.jpg,Zentia Axiom Profiles 01.jpg,Zentia Axiom Profiles 01.jpg,Zentia Axiom Profiles 01.jpg,Zentia Axiom Profiles 01.jpg,Zentia Axiom Profiles 01.jpg,Zentia Axiom Profiles 01.jpg::::Aluminium,Aluminium,Aluminium,Aluminium,Aluminium,Aluminium,Aluminium,Aluminium,Aluminium,Aluminium,Aluminium,Aluminium,Aluminium,Aluminium,Aluminium,Aluminium,Aluminium,Aluminium,Aluminium,Aluminium,Aluminium,Aluminium,Aluminium::::::::::::::","file_label":"Descargar Fichas T\u00e9cnica","file":8483,"warranties":null,"product_manuals":null,"nbs":"","documents_downloads_title":"","related_documents_and_downloads":"","download_bim":"","download_all_documents":"","listing_label":"","solution_finder_toggle":false,"solution_finder_intro":"","solution_finder_points":null,"template":{"":null,"related_project_gallery":"","template_faq":"","space_bottom":false,"related_products_title":"","related_products":"","hide_form":false}},"yoast_head":"<!-- This site is optimized with the Yoast SEO plugin v27.3 - https:\/\/yoast.com\/product\/yoast-seo-wordpress\/ -->\n<title>Gridline Aluminium Profiles | Floating Ceiling Accessories | Zentia<\/title>\n<meta name=\"description\" content=\"Con postes de esquina y accesorios universales para una instalaci\u00f3n segura y f\u00e1cil, los perfiles de aluminio Grid Line son compatibles con los kits de marcos Deco.\" \/>\n<meta name=\"robots\" content=\"index, follow, max-snippet:-1, max-image-preview:large, max-video-preview:-1\" \/>\n<link rel=\"canonical\" href=\"https:\/\/www.zentia.com\/es-es\/soluciones\/productos\/accesorios-de-sistemas-de-cuadricula\/gridline-aluminium-profiles\/\" \/>\n<meta property=\"og:locale\" content=\"es_ES\" \/>\n<meta property=\"og:type\" content=\"article\" \/>\n<meta property=\"og:title\" content=\"Gridline Aluminium Profiles | Floating Ceiling Accessories | Zentia\" \/>\n<meta property=\"og:description\" content=\"Con postes de esquina y accesorios universales para una instalaci\u00f3n segura y f\u00e1cil, los perfiles de aluminio Grid Line son compatibles con los kits de marcos Deco.\" \/>\n<meta property=\"og:url\" content=\"https:\/\/www.zentia.com\/es-es\/soluciones\/productos\/accesorios-de-sistemas-de-cuadricula\/gridline-aluminium-profiles\/\" \/>\n<meta property=\"og:site_name\" content=\"Zentia\" \/>\n<meta property=\"article:modified_time\" content=\"2025-03-31T14:00:22+00:00\" \/>\n<meta name=\"twitter:card\" content=\"summary_large_image\" \/>\n<script type=\"application\/ld+json\" class=\"yoast-schema-graph\">{\"@context\":\"https:\\\/\\\/schema.org\",\"@graph\":[{\"@type\":\"WebPage\",\"@id\":\"https:\\\/\\\/www.zentia.com\\\/es-es\\\/soluciones\\\/productos\\\/accesorios-de-sistemas-de-cuadricula\\\/gridline-aluminium-profiles\\\/\",\"url\":\"https:\\\/\\\/www.zentia.com\\\/es-es\\\/soluciones\\\/productos\\\/accesorios-de-sistemas-de-cuadricula\\\/gridline-aluminium-profiles\\\/\",\"name\":\"Gridline Aluminium Profiles | Floating Ceiling Accessories | Zentia\",\"isPartOf\":{\"@id\":\"https:\\\/\\\/www.zentia.com\\\/es-es\\\/#website\"},\"datePublished\":\"2022-07-21T10:05:15+00:00\",\"dateModified\":\"2025-03-31T14:00:22+00:00\",\"description\":\"Con postes de esquina y accesorios universales para una instalaci\u00f3n segura y f\u00e1cil, los perfiles de aluminio Grid Line son compatibles con los kits de marcos Deco.\",\"breadcrumb\":{\"@id\":\"https:\\\/\\\/www.zentia.com\\\/es-es\\\/soluciones\\\/productos\\\/accesorios-de-sistemas-de-cuadricula\\\/gridline-aluminium-profiles\\\/#breadcrumb\"},\"inLanguage\":\"es\",\"potentialAction\":[{\"@type\":\"ReadAction\",\"target\":[\"https:\\\/\\\/www.zentia.com\\\/es-es\\\/soluciones\\\/productos\\\/accesorios-de-sistemas-de-cuadricula\\\/gridline-aluminium-profiles\\\/\"]}]},{\"@type\":\"BreadcrumbList\",\"@id\":\"https:\\\/\\\/www.zentia.com\\\/es-es\\\/soluciones\\\/productos\\\/accesorios-de-sistemas-de-cuadricula\\\/gridline-aluminium-profiles\\\/#breadcrumb\",\"itemListElement\":[{\"@type\":\"ListItem\",\"position\":1,\"name\":\"Inicio\",\"item\":\"https:\\\/\\\/www.zentia.com\\\/es-es\\\/\"},{\"@type\":\"ListItem\",\"position\":2,\"name\":\"Gridline Aluminium Profiles\"}]},{\"@type\":\"WebSite\",\"@id\":\"https:\\\/\\\/www.zentia.com\\\/es-es\\\/#website\",\"url\":\"https:\\\/\\\/www.zentia.com\\\/es-es\\\/\",\"name\":\"Zentia\",\"description\":\"\",\"potentialAction\":[{\"@type\":\"SearchAction\",\"target\":{\"@type\":\"EntryPoint\",\"urlTemplate\":\"https:\\\/\\\/www.zentia.com\\\/es-es\\\/?s={search_term_string}\"},\"query-input\":{\"@type\":\"PropertyValueSpecification\",\"valueRequired\":true,\"valueName\":\"search_term_string\"}}],\"inLanguage\":\"es\"}]}<\/script>\n<!-- \/ Yoast SEO plugin. -->","yoast_head_json":{"title":"Gridline Aluminium Profiles | Floating Ceiling Accessories | Zentia","description":"Con postes de esquina y accesorios universales para una instalaci\u00f3n segura y f\u00e1cil, los perfiles de aluminio Grid Line son compatibles con los kits de marcos Deco.","robots":{"index":"index","follow":"follow","max-snippet":"max-snippet:-1","max-image-preview":"max-image-preview:large","max-video-preview":"max-video-preview:-1"},"canonical":"https:\/\/www.zentia.com\/es-es\/soluciones\/productos\/accesorios-de-sistemas-de-cuadricula\/gridline-aluminium-profiles\/","og_locale":"es_ES","og_type":"article","og_title":"Gridline Aluminium Profiles | Floating Ceiling Accessories | Zentia","og_description":"Con postes de esquina y accesorios universales para una instalaci\u00f3n segura y f\u00e1cil, los perfiles de aluminio Grid Line son compatibles con los kits de marcos Deco.","og_url":"https:\/\/www.zentia.com\/es-es\/soluciones\/productos\/accesorios-de-sistemas-de-cuadricula\/gridline-aluminium-profiles\/","og_site_name":"Zentia","article_modified_time":"2025-03-31T14:00:22+00:00","twitter_card":"summary_large_image","schema":{"@context":"https:\/\/schema.org","@graph":[{"@type":"WebPage","@id":"https:\/\/www.zentia.com\/es-es\/soluciones\/productos\/accesorios-de-sistemas-de-cuadricula\/gridline-aluminium-profiles\/","url":"https:\/\/www.zentia.com\/es-es\/soluciones\/productos\/accesorios-de-sistemas-de-cuadricula\/gridline-aluminium-profiles\/","name":"Gridline Aluminium Profiles | Floating Ceiling Accessories | Zentia","isPartOf":{"@id":"https:\/\/www.zentia.com\/es-es\/#website"},"datePublished":"2022-07-21T10:05:15+00:00","dateModified":"2025-03-31T14:00:22+00:00","description":"Con postes de esquina y accesorios universales para una instalaci\u00f3n segura y f\u00e1cil, los perfiles de aluminio Grid Line son compatibles con los kits de marcos Deco.","breadcrumb":{"@id":"https:\/\/www.zentia.com\/es-es\/soluciones\/productos\/accesorios-de-sistemas-de-cuadricula\/gridline-aluminium-profiles\/#breadcrumb"},"inLanguage":"es","potentialAction":[{"@type":"ReadAction","target":["https:\/\/www.zentia.com\/es-es\/soluciones\/productos\/accesorios-de-sistemas-de-cuadricula\/gridline-aluminium-profiles\/"]}]},{"@type":"BreadcrumbList","@id":"https:\/\/www.zentia.com\/es-es\/soluciones\/productos\/accesorios-de-sistemas-de-cuadricula\/gridline-aluminium-profiles\/#breadcrumb","itemListElement":[{"@type":"ListItem","position":1,"name":"Inicio","item":"https:\/\/www.zentia.com\/es-es\/"},{"@type":"ListItem","position":2,"name":"Gridline Aluminium Profiles"}]},{"@type":"WebSite","@id":"https:\/\/www.zentia.com\/es-es\/#website","url":"https:\/\/www.zentia.com\/es-es\/","name":"Zentia","description":"","potentialAction":[{"@type":"SearchAction","target":{"@type":"EntryPoint","urlTemplate":"https:\/\/www.zentia.com\/es-es\/?s={search_term_string}"},"query-input":{"@type":"PropertyValueSpecification","valueRequired":true,"valueName":"search_term_string"}}],"inLanguage":"es"}]}},"_links":{"self":[{"href":"https:\/\/www.zentia.com\/es-es\/wp-json\/wp\/v2\/product\/4774","targetHints":{"allow":["GET"]}}],"collection":[{"href":"https:\/\/www.zentia.com\/es-es\/wp-json\/wp\/v2\/product"}],"about":[{"href":"https:\/\/www.zentia.com\/es-es\/wp-json\/wp\/v2\/types\/product"}],"wp:attachment":[{"href":"https:\/\/www.zentia.com\/es-es\/wp-json\/wp\/v2\/media?parent=4774"}],"wp:term":[{"taxonomy":"product-type","embeddable":true,"href":"https:\/\/www.zentia.com\/es-es\/wp-json\/wp\/v2\/product-type?post=4774"}],"curies":[{"name":"wp","href":"https:\/\/api.w.org\/{rel}","templated":true}]}}