{"id":4775,"date":"2022-07-21T11:05:15","date_gmt":"2022-07-21T10:05:15","guid":{"rendered":"https:\/\/zentia.mediaworksdev.co.uk\/en-gb\/solutions\/products\/%product-type%\/axiom-transitions\/"},"modified":"2025-12-22T09:28:45","modified_gmt":"2025-12-22T09:28:45","slug":"gridline-aluminium-transitions","status":"publish","type":"product","link":"https:\/\/www.zentia.com\/es-es\/soluciones\/productos\/accesorios-de-sistemas-de-cuadricula\/gridline-aluminium-transitions\/","title":{"rendered":"Gridline Aluminium Transitions"},"featured_media":0,"parent":0,"template":"","product-type":[1046],"class_list":["post-4775","product","type-product","status-publish","hentry","product-type-accesorios-de-sistemas-de-cuadricula","edge-detail-transitions","grid-appearance-concealed","product-material-aluminium","product-colour-global-white","product-colour-ral-9010","product-floating-ceiling-package-frame-tile","product-floating-ceiling-shape-circle"],"acf":{"hero":{"title":"Gridline Aluminium Transitions","sub_label":"","introduction":"<span data-contrast=\"none\">Dise\u00f1ados para proporcionar una transici\u00f3n perfecta entre los per\u00edmetros de techo continuo de cart\u00f3n-yeso y los techos suspendidos, las transiciones de aluminio Gridline son compatibles con diferentes cantos de placas de techo mediante accesorios universales para una instalaci\u00f3n segura y f\u00e1cil.<\/span><span data-ccp-props=\"{&quot;134233117&quot;:true,&quot;134233118&quot;:true,&quot;201341983&quot;:0,&quot;335557856&quot;:16777215,&quot;335559740&quot;:240}\">\u00a0<\/span>\r\n\r\n<span data-contrast=\"none\">Gridline Aluminium Transitions ofrecen una conexi\u00f3n perfecta con sistema de techo de placas de cart\u00f3n-yeso lo que permite una integraci\u00f3n perfecta. Son compatibles con los sistemas de perfiler\u00eda para techos Zentia, incluida la perfiler\u00eda de dise\u00f1o Gridline 15 Shadow.<\/span><span data-ccp-props=\"{&quot;134233117&quot;:true,&quot;134233118&quot;:true,&quot;201341983&quot;:0,&quot;335557856&quot;:16777215,&quot;335559740&quot;:240}\">\u00a0<\/span>","introduction_short":"","gallery":[8054],"datasheet":"","video_url":"","space_bottom":true},"images":null,"product_variant_alt_toggle":true,"product_variant":[{"edge_detail":"Transitions","product_image":"","variant_information":"Gridline Aluminium Transitions est\u00e1 disponible en diferentes medidas. Disponible \u00fanicamente en color blanco Global White. ","variant_additional_information":"<h2>Gridline Aluminium Transitions<\/h2>\r\n<h3>Caracter\u00edsticas T\u00e9cnicas<\/h3>\r\n<strong>Seguridad contra incendios and y otras caracter\u00edsticas t\u00e9cnicas<\/strong>\r\n\r\nGridline Aluminium Transitions est\u00e1 clasificado seg\u00fan EN 13501-1 fire standard and certificado A2-s1,d0.\r\n\r\nSe pueden limpiar con un pa\u00f1o seco, un pa\u00f1o h\u00famedo o una esponja h\u00fameda.","sub_variants":[{"edge_detail":"Transitions","images":[{"image":8053}],"cls_item_number":"BPT3208H","cls_description":"Gridline Aluminium Transitions for Tegular24\/Tegular15","shortcode":"T3208","dimensions":"Gridline Aluminium Transitions for Tegular24\/Tegular15","colour_text":"Global White","colour_select":[951],"surface_sifyb":"","recyclable":"","recycled_content":"","recyclable_through_zentia":"","cleanability_types":"","clean_room_classification":"","cradle_two_cradle_certification":"","durability":"","humidity_resistance_rh":"","light_reflectance":"","fire_reaction_en135011":"","iac_level":"","material":"Aluminio","rout_slot_spacing_and_uom":"","cross_tee_main_runner_interface":"","corrosive_resistant":"","fire_performance":"","clean_room":"","end_detail":"","formaldehyde_emissions":"","low_voc_emissions":"","sound_absorption":"","sound_absorption_class":"","sound_reduction_index":"","sound_attenuation":"","sound_absorption_nrc":"","compatible_grid_product_code":"","floating_ceiling_frame_product_code":"","installation_accessories":"","accessories":[{"code":""}]},{"edge_detail":"Transitions","images":[{"image":""}],"cls_item_number":"BPT3210H","cls_description":"Gridline Aluminium Transitions for Integra","shortcode":"T3210","dimensions":"Gridline Aluminium Transitions for Integra","colour_text":"Global White","colour_select":[951],"surface_sifyb":"","recyclable":"","recycled_content":"","recyclable_through_zentia":"","cleanability_types":"","clean_room_classification":"","cradle_two_cradle_certification":"","durability":"","humidity_resistance_rh":"","light_reflectance":"","fire_reaction_en135011":"","iac_level":"","material":"Aluminio","rout_slot_spacing_and_uom":"","cross_tee_main_runner_interface":"","corrosive_resistant":"","fire_performance":"","clean_room":"","end_detail":"","formaldehyde_emissions":"","low_voc_emissions":"","sound_absorption":"","sound_absorption_class":"","sound_reduction_index":"","sound_attenuation":"","sound_absorption_nrc":"","compatible_grid_product_code":"","floating_ceiling_frame_product_code":"","installation_accessories":"","accessories":[{"code":""}]},{"edge_detail":"Transitions","images":[{"image":""}],"cls_item_number":"BPT3215H","cls_description":"Gridline Aluminium Transitions Shadowline Angle","shortcode":"T3215","dimensions":"Gridline Aluminium Transitions Shadowline Angle","colour_text":"Global White","colour_select":[951],"surface_sifyb":"","recyclable":"","recycled_content":"","recyclable_through_zentia":"","cleanability_types":"","clean_room_classification":"","cradle_two_cradle_certification":"","durability":"","humidity_resistance_rh":"","light_reflectance":"","fire_reaction_en135011":"","iac_level":"","material":"Aluminio","rout_slot_spacing_and_uom":"","cross_tee_main_runner_interface":"","corrosive_resistant":"","fire_performance":"","clean_room":"","end_detail":"","formaldehyde_emissions":"","low_voc_emissions":"","sound_absorption":"","sound_absorption_class":"","sound_reduction_index":"","sound_attenuation":"","sound_absorption_nrc":"","compatible_grid_product_code":"","floating_ceiling_frame_product_code":"","installation_accessories":"","accessories":[{"code":""}]},{"edge_detail":"Transitions","images":[{"image":""}],"cls_item_number":"BPT3230A","cls_description":"Gridline Aluminium Transition Upstand Channel 13mm Board","shortcode":"T3230","dimensions":"Gridline Aluminium Transition Upstand Channel 13mm Board","colour_text":"Global White","colour_select":[951],"surface_sifyb":"","recyclable":"","recycled_content":"","recyclable_through_zentia":"","cleanability_types":"","clean_room_classification":"","cradle_two_cradle_certification":"","durability":"","humidity_resistance_rh":"","light_reflectance":"","fire_reaction_en135011":"","iac_level":"","material":"Aluminio","rout_slot_spacing_and_uom":"","cross_tee_main_runner_interface":"","corrosive_resistant":"","fire_performance":"","clean_room":"","end_detail":"","formaldehyde_emissions":"","low_voc_emissions":"","sound_absorption":"","sound_absorption_class":"","sound_reduction_index":"","sound_attenuation":"","sound_absorption_nrc":"","compatible_grid_product_code":"","floating_ceiling_frame_product_code":"","installation_accessories":"","accessories":[{"code":""}]},{"edge_detail":"Transitions","images":[{"image":8054}],"cls_item_number":"BPT3271A","cls_description":"Gridline Aluminium Transitions Angle","shortcode":"T3271","dimensions":"Gridline Aluminium Transitions Angle","colour_text":"Global White","colour_select":[951],"surface_sifyb":"","recyclable":"","recycled_content":"","recyclable_through_zentia":"","cleanability_types":"","clean_room_classification":"","cradle_two_cradle_certification":"","durability":"","humidity_resistance_rh":"","light_reflectance":"","fire_reaction_en135011":"","iac_level":"","material":"Aluminio","rout_slot_spacing_and_uom":"","cross_tee_main_runner_interface":"","corrosive_resistant":"","fire_performance":"","clean_room":"","end_detail":"","formaldehyde_emissions":"","low_voc_emissions":"","sound_absorption":"","sound_absorption_class":"","sound_reduction_index":"","sound_attenuation":"","sound_absorption_nrc":"","compatible_grid_product_code":"","floating_ceiling_frame_product_code":"","installation_accessories":"","accessories":[{"code":""}]}],"override_related_items":false,"related_project_gallery":null,"related_faqs":null,"related_products":null,"related_documents_and_downloads":null,"download_all_documents":null}],"import_data":"Transitions,Transitions,Transitions,Transitions,Transitions,Transitions,Transitions,Transitions,Transitions,Transitions,Transitions,Transitions,Transitions,Transitions,Transitions,Transitions,Transitions,Transitions,Transitions,Transitions,Transitions,Transitions,Transitions,Transitions::BPT3208G,BPT3208WRG,BPT3210G,BPT3210WRG,BPT3215G,BPT3215WRG,BPT3219G,BPT3219WRG,BPT3228,BPT3228WR,BPT3230,BPT3230WR,BPT3270,BPT3270WR,BPT3271,BPT3271WR,BPT3272,BPT3272WR,BPT3273,BPT3273WR,BPT3276,BPT3276WR,BPT3277,BPT3277WR::T3277WR::Axiom Transitions for Tegular\/MicroLook,Axiom Transitions for Tegular\/MicroLook - RAL9010,Axiom Transitions for Vector,Axiom Transitions for Vector - RAL9010,Axiom Transitions Shadowline Angle,Axiom Transitions Shadowline Angle - RAL9010,Axiom Transitions Shadowline Channel,Axiom Transitions Shadowline Channel - RAL9010,Axiom Transitions Channel,Axiom Transitions Channel - RAL9010,Axiom Transition Upstand Channel 13mm Board,Axiom Transition Upstand Channel 13mm Board - RAL9010,Axiom Transitions Shadowline for Clip In Metal Tiles,Axiom Transitions Shadowline for Clip In Metal Tiles - RAL 9010,Axiom Transitions Angle,Axiom Transitions Angle - RAL 9010,Axiom Transitions channel for Hook On Metal Tiles,Axiom Transitions channel for Hook On Metal Tiles - RAL 9010,Axiom Transitions angle with offset 25mm,Axiom Transitions angle with offset 25mm - RAL 9010,Axiom Transitions Shadowline for Hook On Metal Tiles,Axiom Transitions Shadowline for Hook On Metal Tiles - RAL 9010,Axiom Transitions for Clip In Metal Tiles,Axiom Transitions for Clip In Metal Tiles - RAL 9010::::Global White,RAL 9010,Global White,RAL 9010,Global White,RAL 9010,Global White,RAL 9010,Global White,RAL 9010,Global White,RAL 9010,Global White,RAL 9010,Global White,RAL 9010,Global White,RAL 9010,Global White,RAL 9010,Global White,RAL 9010,Global White,RAL 9010::::::::::::::::::::::::::::::::::::::::::::Zentia Axiom Transitions 01.jpg,Zentia Axiom Transitions 01.jpg,Zentia Axiom Transitions 01.jpg,Zentia Axiom Transitions 01.jpg,Zentia Axiom Transitions 01.jpg,Zentia Axiom Transitions 01.jpg,Zentia Axiom Transitions 01.jpg,Zentia Axiom Transitions 01.jpg,Zentia Axiom Transitions 01.jpg,Zentia Axiom Transitions 01.jpg,Zentia Axiom Transitions 01.jpg,Zentia Axiom Transitions 01.jpg,Zentia Axiom Transitions 01.jpg,Zentia Axiom Transitions 01.jpg,Zentia Axiom Transitions 01.jpg,Zentia Axiom Transitions 01.jpg,Zentia Axiom Transitions 01.jpg,Zentia Axiom Transitions 01.jpg,Zentia Axiom Transitions 01.jpg,Zentia Axiom Transitions 01.jpg,Zentia Axiom Transitions 01.jpg,Zentia Axiom Transitions 01.jpg,Zentia Axiom Transitions 01.jpg,Zentia Axiom Transitions 01.jpg::::Aluminium,Aluminium,Aluminium,Aluminium,Aluminium,Aluminium,Aluminium,Aluminium,Aluminium,Aluminium,Aluminium,Aluminium,Aluminium,Aluminium,Aluminium,Aluminium,Aluminium,Aluminium,Aluminium,Aluminium,Aluminium,Aluminium,Aluminium,Aluminium::::::::::::::","file_label":"Descargar Fichas T\u00e9cnica","file":8844,"warranties":null,"product_manuals":null,"nbs":"","documents_downloads_title":"","related_documents_and_downloads":"","download_bim":"","download_all_documents":"","listing_label":"","solution_finder_toggle":false,"solution_finder_intro":"","solution_finder_points":null,"template":{"":null,"related_project_gallery":"","template_faq":"","space_bottom":false,"related_products_title":"","related_products":"","hide_form":false}},"yoast_head":"<!-- This site is optimized with the Yoast SEO plugin v27.3 - https:\/\/yoast.com\/product\/yoast-seo-wordpress\/ -->\n<title>Gridline Aluminium Transitions | Floating Ceiling Accessories | Zentia<\/title>\n<meta name=\"description\" content=\"Perfiles de aluminio extruido dise\u00f1ados para proporcionar una transici\u00f3n perfecta entre los m\u00e1rgenes de yeso y los falsos techos. M\u00e1s informaci\u00f3n.\" \/>\n<meta name=\"robots\" content=\"index, follow, max-snippet:-1, max-image-preview:large, max-video-preview:-1\" \/>\n<link rel=\"canonical\" href=\"https:\/\/www.zentia.com\/es-es\/soluciones\/productos\/accesorios-de-sistemas-de-cuadricula\/gridline-aluminium-transitions\/\" \/>\n<meta property=\"og:locale\" content=\"es_ES\" \/>\n<meta property=\"og:type\" content=\"article\" \/>\n<meta property=\"og:title\" content=\"Gridline Aluminium Transitions | Floating Ceiling Accessories | Zentia\" \/>\n<meta property=\"og:description\" content=\"Perfiles de aluminio extruido dise\u00f1ados para proporcionar una transici\u00f3n perfecta entre los m\u00e1rgenes de yeso y los falsos techos. M\u00e1s informaci\u00f3n.\" \/>\n<meta property=\"og:url\" content=\"https:\/\/www.zentia.com\/es-es\/soluciones\/productos\/accesorios-de-sistemas-de-cuadricula\/gridline-aluminium-transitions\/\" \/>\n<meta property=\"og:site_name\" content=\"Zentia\" \/>\n<meta property=\"article:modified_time\" content=\"2025-12-22T09:28:45+00:00\" \/>\n<meta name=\"twitter:card\" content=\"summary_large_image\" \/>\n<script type=\"application\/ld+json\" class=\"yoast-schema-graph\">{\"@context\":\"https:\\\/\\\/schema.org\",\"@graph\":[{\"@type\":\"WebPage\",\"@id\":\"https:\\\/\\\/www.zentia.com\\\/es-es\\\/soluciones\\\/productos\\\/accesorios-de-sistemas-de-cuadricula\\\/gridline-aluminium-transitions\\\/\",\"url\":\"https:\\\/\\\/www.zentia.com\\\/es-es\\\/soluciones\\\/productos\\\/accesorios-de-sistemas-de-cuadricula\\\/gridline-aluminium-transitions\\\/\",\"name\":\"Gridline Aluminium Transitions | Floating Ceiling Accessories | Zentia\",\"isPartOf\":{\"@id\":\"https:\\\/\\\/www.zentia.com\\\/es-es\\\/#website\"},\"datePublished\":\"2022-07-21T10:05:15+00:00\",\"dateModified\":\"2025-12-22T09:28:45+00:00\",\"description\":\"Perfiles de aluminio extruido dise\u00f1ados para proporcionar una transici\u00f3n perfecta entre los m\u00e1rgenes de yeso y los falsos techos. M\u00e1s informaci\u00f3n.\",\"breadcrumb\":{\"@id\":\"https:\\\/\\\/www.zentia.com\\\/es-es\\\/soluciones\\\/productos\\\/accesorios-de-sistemas-de-cuadricula\\\/gridline-aluminium-transitions\\\/#breadcrumb\"},\"inLanguage\":\"es\",\"potentialAction\":[{\"@type\":\"ReadAction\",\"target\":[\"https:\\\/\\\/www.zentia.com\\\/es-es\\\/soluciones\\\/productos\\\/accesorios-de-sistemas-de-cuadricula\\\/gridline-aluminium-transitions\\\/\"]}]},{\"@type\":\"BreadcrumbList\",\"@id\":\"https:\\\/\\\/www.zentia.com\\\/es-es\\\/soluciones\\\/productos\\\/accesorios-de-sistemas-de-cuadricula\\\/gridline-aluminium-transitions\\\/#breadcrumb\",\"itemListElement\":[{\"@type\":\"ListItem\",\"position\":1,\"name\":\"Inicio\",\"item\":\"https:\\\/\\\/www.zentia.com\\\/es-es\\\/\"},{\"@type\":\"ListItem\",\"position\":2,\"name\":\"Gridline Aluminium Transitions\"}]},{\"@type\":\"WebSite\",\"@id\":\"https:\\\/\\\/www.zentia.com\\\/es-es\\\/#website\",\"url\":\"https:\\\/\\\/www.zentia.com\\\/es-es\\\/\",\"name\":\"Zentia\",\"description\":\"\",\"potentialAction\":[{\"@type\":\"SearchAction\",\"target\":{\"@type\":\"EntryPoint\",\"urlTemplate\":\"https:\\\/\\\/www.zentia.com\\\/es-es\\\/?s={search_term_string}\"},\"query-input\":{\"@type\":\"PropertyValueSpecification\",\"valueRequired\":true,\"valueName\":\"search_term_string\"}}],\"inLanguage\":\"es\"}]}<\/script>\n<!-- \/ Yoast SEO plugin. -->","yoast_head_json":{"title":"Gridline Aluminium Transitions | Floating Ceiling Accessories | Zentia","description":"Perfiles de aluminio extruido dise\u00f1ados para proporcionar una transici\u00f3n perfecta entre los m\u00e1rgenes de yeso y los falsos techos. M\u00e1s informaci\u00f3n.","robots":{"index":"index","follow":"follow","max-snippet":"max-snippet:-1","max-image-preview":"max-image-preview:large","max-video-preview":"max-video-preview:-1"},"canonical":"https:\/\/www.zentia.com\/es-es\/soluciones\/productos\/accesorios-de-sistemas-de-cuadricula\/gridline-aluminium-transitions\/","og_locale":"es_ES","og_type":"article","og_title":"Gridline Aluminium Transitions | Floating Ceiling Accessories | Zentia","og_description":"Perfiles de aluminio extruido dise\u00f1ados para proporcionar una transici\u00f3n perfecta entre los m\u00e1rgenes de yeso y los falsos techos. M\u00e1s informaci\u00f3n.","og_url":"https:\/\/www.zentia.com\/es-es\/soluciones\/productos\/accesorios-de-sistemas-de-cuadricula\/gridline-aluminium-transitions\/","og_site_name":"Zentia","article_modified_time":"2025-12-22T09:28:45+00:00","twitter_card":"summary_large_image","schema":{"@context":"https:\/\/schema.org","@graph":[{"@type":"WebPage","@id":"https:\/\/www.zentia.com\/es-es\/soluciones\/productos\/accesorios-de-sistemas-de-cuadricula\/gridline-aluminium-transitions\/","url":"https:\/\/www.zentia.com\/es-es\/soluciones\/productos\/accesorios-de-sistemas-de-cuadricula\/gridline-aluminium-transitions\/","name":"Gridline Aluminium Transitions | Floating Ceiling Accessories | Zentia","isPartOf":{"@id":"https:\/\/www.zentia.com\/es-es\/#website"},"datePublished":"2022-07-21T10:05:15+00:00","dateModified":"2025-12-22T09:28:45+00:00","description":"Perfiles de aluminio extruido dise\u00f1ados para proporcionar una transici\u00f3n perfecta entre los m\u00e1rgenes de yeso y los falsos techos. M\u00e1s informaci\u00f3n.","breadcrumb":{"@id":"https:\/\/www.zentia.com\/es-es\/soluciones\/productos\/accesorios-de-sistemas-de-cuadricula\/gridline-aluminium-transitions\/#breadcrumb"},"inLanguage":"es","potentialAction":[{"@type":"ReadAction","target":["https:\/\/www.zentia.com\/es-es\/soluciones\/productos\/accesorios-de-sistemas-de-cuadricula\/gridline-aluminium-transitions\/"]}]},{"@type":"BreadcrumbList","@id":"https:\/\/www.zentia.com\/es-es\/soluciones\/productos\/accesorios-de-sistemas-de-cuadricula\/gridline-aluminium-transitions\/#breadcrumb","itemListElement":[{"@type":"ListItem","position":1,"name":"Inicio","item":"https:\/\/www.zentia.com\/es-es\/"},{"@type":"ListItem","position":2,"name":"Gridline Aluminium Transitions"}]},{"@type":"WebSite","@id":"https:\/\/www.zentia.com\/es-es\/#website","url":"https:\/\/www.zentia.com\/es-es\/","name":"Zentia","description":"","potentialAction":[{"@type":"SearchAction","target":{"@type":"EntryPoint","urlTemplate":"https:\/\/www.zentia.com\/es-es\/?s={search_term_string}"},"query-input":{"@type":"PropertyValueSpecification","valueRequired":true,"valueName":"search_term_string"}}],"inLanguage":"es"}]}},"_links":{"self":[{"href":"https:\/\/www.zentia.com\/es-es\/wp-json\/wp\/v2\/product\/4775","targetHints":{"allow":["GET"]}}],"collection":[{"href":"https:\/\/www.zentia.com\/es-es\/wp-json\/wp\/v2\/product"}],"about":[{"href":"https:\/\/www.zentia.com\/es-es\/wp-json\/wp\/v2\/types\/product"}],"wp:attachment":[{"href":"https:\/\/www.zentia.com\/es-es\/wp-json\/wp\/v2\/media?parent=4775"}],"wp:term":[{"taxonomy":"product-type","embeddable":true,"href":"https:\/\/www.zentia.com\/es-es\/wp-json\/wp\/v2\/product-type?post=4775"}],"curies":[{"name":"wp","href":"https:\/\/api.w.org\/{rel}","templated":true}]}}