{"id":4776,"date":"2022-07-21T11:05:15","date_gmt":"2022-07-21T10:05:15","guid":{"rendered":"https:\/\/zentia.mediaworksdev.co.uk\/en-gb\/solutions\/products\/%product-type%\/zentia-baffle\/"},"modified":"2025-11-05T15:25:24","modified_gmt":"2025-11-05T15:25:24","slug":"zentia-baffle","status":"publish","type":"product","link":"https:\/\/www.zentia.com\/es-es\/soluciones\/productos\/techos-flotantes\/zentia-baffle\/","title":{"rendered":"Zentia Baffles"},"featured_media":0,"parent":0,"template":"","product-type":[1034],"class_list":["post-4776","product","type-product","status-publish","hentry","product-type-techos-flotantes","edge-detail-zentia-baffle","grid-appearance-concealed","product-material-aluminium","product-colour-galv-steel","product-colour-white","product-colour-white-powder-coated","product-sizes-1200mm-l-x-400mm-w-x-40mm-h","product-sizes-1800mm-l-x-400mm-w-x-40mm-h","solution-finder-toggle-x","product-floating-ceiling-package-frame-tile","product-floating-ceiling-package-single-piece","product-floating-ceiling-type-baffle","product-floating-ceiling-shape-rectangle"],"acf":{"hero":{"title":"Zentia Baffles","sub_label":"","introduction":"Nuestras atractivas pantallas ac\u00fasticas le ofrecer\u00e1n el nivel perfecto de absorci\u00f3n de sonido en espacios di\u00e1fanos. Cree el ambiento adecuado en interiores espaciosos con nuestras pantallas ac\u00fasticas para techo de alto rendimiento. Reduzca la reverberaci\u00f3n del sonido en interiores espaciosos, como intercambiadores de transporte, colegios, oficinas o salas para conciertos. Nuestras pantallas ac\u00fasticas para techo, que se entregan en una caja listas para instalarse, embellecen los techos de hormig\u00f3n y pladur, y ofrecen una ac\u00fastica perfectamente equilibrada. Adem\u00e1s, estas pantallas facilitan el acceso al techo.","introduction_short":"","gallery":[3712],"datasheet":"","video_url":"","space_bottom":true},"images":null,"product_variant_alt_toggle":false,"product_variant":[{"edge_detail":"Zentia Baffles","product_image":"","variant_information":"","variant_additional_information":"","sub_variants":[{"edge_detail":"Zentia Baffles","images":[{"image":5135}],"cls_item_number":"BPBAF1200REA","cls_description":"Zentia Baffles 1200mm (L) x 400mm (W) x 40mm (T)","shortcode":"BAF1200REA","dimensions":"1200mm (L) x 400mm (W) x 40mm (T)","colour_text":"Blanco","colour_select":[],"surface_sifyb":"","recyclable":"","recycled_content":"","recyclable_through_zentia":"","cleanability_types":"","clean_room_classification":"","cradle_two_cradle_certification":"","durability":"","humidity_resistance_rh":"","light_reflectance":"","fire_reaction_en135011":"","iac_level":"","material":"-","rout_slot_spacing_and_uom":"","cross_tee_main_runner_interface":"","corrosive_resistant":"","fire_performance":"","clean_room":"","end_detail":"","formaldehyde_emissions":"","low_voc_emissions":"","sound_absorption":"","sound_absorption_class":"","sound_reduction_index":"","sound_attenuation":"","sound_absorption_nrc":"","compatible_grid_product_code":"","floating_ceiling_frame_product_code":"","installation_accessories":"","accessories":[{"code":""}]},{"edge_detail":"Zentia Baffle","images":[{"image":5135}],"cls_item_number":"BPBAF1800REA","cls_description":"Zentia Baffles 1800mm (L) x 400mm (W) x 40mm (T)","shortcode":"BAF1800REA","dimensions":"1800mm (L) x 400mm (W) x 40mm (T)","colour_text":"Blanco","colour_select":[],"surface_sifyb":"","recyclable":"","recycled_content":"","recyclable_through_zentia":"","cleanability_types":"","clean_room_classification":"","cradle_two_cradle_certification":"","durability":"","humidity_resistance_rh":"","light_reflectance":"","fire_reaction_en135011":"","iac_level":"","material":"-","rout_slot_spacing_and_uom":"","cross_tee_main_runner_interface":"","corrosive_resistant":"","fire_performance":"","clean_room":"","end_detail":"","formaldehyde_emissions":"","low_voc_emissions":"","sound_absorption":"","sound_absorption_class":"","sound_reduction_index":"","sound_attenuation":"","sound_absorption_nrc":"","compatible_grid_product_code":"","floating_ceiling_frame_product_code":"","installation_accessories":"","accessories":[{"code":""}]}],"override_related_items":false,"related_project_gallery":null,"related_faqs":null,"related_products":null,"related_documents_and_downloads":null,"download_all_documents":null},{"edge_detail":"Zentia Baffles Accessories","product_image":"","variant_information":"","variant_additional_information":"","sub_variants":[{"edge_detail":"Zentia Baffles Accessories","images":[{"image":4986}],"cls_item_number":"BPP24HKWGA","cls_description":"Zentia Baffles Hanging Kit (Galvanised Steel)","shortcode":"P24HKWGA","dimensions":"","colour_text":"Galvanised Steel","colour_select":[],"surface_sifyb":"","recyclable":"","recycled_content":"","recyclable_through_zentia":"","cleanability_types":"","clean_room_classification":"","cradle_two_cradle_certification":"","durability":"","humidity_resistance_rh":"","light_reflectance":"","fire_reaction_en135011":"","iac_level":"","material":"","rout_slot_spacing_and_uom":"","cross_tee_main_runner_interface":"","corrosive_resistant":"","fire_performance":"","clean_room":"","end_detail":"","formaldehyde_emissions":"","low_voc_emissions":"","sound_absorption":"","sound_absorption_class":"","sound_reduction_index":"","sound_attenuation":"","sound_absorption_nrc":"","compatible_grid_product_code":"","floating_ceiling_frame_product_code":"","installation_accessories":"","accessories":null},{"edge_detail":"Zentia Baffles Accessories","images":[{"image":4986}],"cls_item_number":"BPP24HKWH","cls_description":"Zentia Baffles Hanging Kit (White)","shortcode":"P24HKWH","dimensions":"","colour_text":"White","colour_select":[],"surface_sifyb":"","recyclable":"","recycled_content":"","recyclable_through_zentia":"","cleanability_types":"","clean_room_classification":"","cradle_two_cradle_certification":"","durability":"","humidity_resistance_rh":"","light_reflectance":"","fire_reaction_en135011":"","iac_level":"","material":"","rout_slot_spacing_and_uom":"","cross_tee_main_runner_interface":"","corrosive_resistant":"","fire_performance":"","clean_room":"","end_detail":"","formaldehyde_emissions":"","low_voc_emissions":"","sound_absorption":"","sound_absorption_class":"","sound_reduction_index":"","sound_attenuation":"","sound_absorption_nrc":"","compatible_grid_product_code":"","floating_ceiling_frame_product_code":"","installation_accessories":"","accessories":null},{"edge_detail":"Zentia Baffles Accessories","images":[{"image":4986}],"cls_item_number":"BPP24HKBZC","cls_description":"Zentia Baffles Hanging Kit (Black)","shortcode":"P24HKBZC","dimensions":"","colour_text":"Black","colour_select":[],"surface_sifyb":"","recyclable":"","recycled_content":"","recyclable_through_zentia":"","cleanability_types":"","clean_room_classification":"","cradle_two_cradle_certification":"","durability":"","humidity_resistance_rh":"","light_reflectance":"","fire_reaction_en135011":"","iac_level":"","material":"","rout_slot_spacing_and_uom":"","cross_tee_main_runner_interface":"","corrosive_resistant":"","fire_performance":"","clean_room":"","end_detail":"","formaldehyde_emissions":"","low_voc_emissions":"","sound_absorption":"","sound_absorption_class":"","sound_reduction_index":"","sound_attenuation":"","sound_absorption_nrc":"","compatible_grid_product_code":"","floating_ceiling_frame_product_code":"","installation_accessories":"","accessories":null},{"edge_detail":"Zentia Baffles Accessories","images":[{"image":4986}],"cls_item_number":"BPBCKIA","cls_description":"Zentia Baffles Connector Kit (Black)","shortcode":"BCKI","dimensions":"","colour_text":"Black","colour_select":[],"surface_sifyb":"","recyclable":"","recycled_content":"","recyclable_through_zentia":"","cleanability_types":"","clean_room_classification":"","cradle_two_cradle_certification":"","durability":"","humidity_resistance_rh":"","light_reflectance":"","fire_reaction_en135011":"","iac_level":"","material":"","rout_slot_spacing_and_uom":"","cross_tee_main_runner_interface":"","corrosive_resistant":"","fire_performance":"","clean_room":"","end_detail":"","formaldehyde_emissions":"","low_voc_emissions":"","sound_absorption":"","sound_absorption_class":"","sound_reduction_index":"","sound_attenuation":"","sound_absorption_nrc":"","compatible_grid_product_code":"","floating_ceiling_frame_product_code":"","installation_accessories":"","accessories":null}],"override_related_items":false,"related_project_gallery":null,"related_faqs":null,"related_products":null,"related_documents_and_downloads":null,"download_all_documents":null}],"import_data":"Zentia Baffle,Zentia Baffle,Zentia Baffle,Zentia Baffle::BPBAF1200REA,BPBAF1800REA,BPP24HKWGA,BPP24HKBZCA::P24HK::Zentia Baffle,Zentia Baffle,Zentia Baffle,Zentia Baffle::::White,White,Galv Steel,White Powder coated::::::::::::::::::::::::::::::::::::::::::::Zentia-Baffles-03.jpg,Zentia-Baffles-03.jpg,zentia-main-fallback.jpeg,zentia-main-fallback.jpeg::::-,-,-,-::::::::::::::","file_label":"Descarga la hoja de datos","file":8371,"warranties":null,"product_manuals":null,"nbs":"","documents_downloads_title":"","related_documents_and_downloads":[7357],"download_bim":"","download_all_documents":"","listing_label":"","solution_finder_toggle":false,"solution_finder_intro":"","solution_finder_points":null,"template":{"":null,"related_project_gallery":"","template_faq":"","space_bottom":false,"related_products_title":"","related_products":"","hide_form":false}},"yoast_head":"<!-- This site is optimized with the Yoast SEO plugin v27.4 - https:\/\/yoast.com\/product\/yoast-seo-wordpress\/ -->\n<title>Zentia Baffles | Zentia<\/title>\n<meta name=\"description\" content=\"Reduce la reverberaci\u00f3n sonora en espacios concurridos como centros de transporte y oficinas. Deflectores ac\u00fasticos para techo, listos para instalar.\" \/>\n<meta name=\"robots\" content=\"index, follow, max-snippet:-1, max-image-preview:large, max-video-preview:-1\" \/>\n<link rel=\"canonical\" href=\"https:\/\/www.zentia.com\/es-es\/soluciones\/productos\/techos-flotantes\/zentia-baffle\/\" \/>\n<meta property=\"og:locale\" content=\"es_ES\" \/>\n<meta property=\"og:type\" content=\"article\" \/>\n<meta property=\"og:title\" content=\"Zentia Baffles | Zentia\" \/>\n<meta property=\"og:description\" content=\"Reduce la reverberaci\u00f3n sonora en espacios concurridos como centros de transporte y oficinas. Deflectores ac\u00fasticos para techo, listos para instalar.\" \/>\n<meta property=\"og:url\" content=\"https:\/\/www.zentia.com\/es-es\/soluciones\/productos\/techos-flotantes\/zentia-baffle\/\" \/>\n<meta property=\"og:site_name\" content=\"Zentia\" \/>\n<meta property=\"article:modified_time\" content=\"2025-11-05T15:25:24+00:00\" \/>\n<meta name=\"twitter:card\" content=\"summary_large_image\" \/>\n<script type=\"application\/ld+json\" class=\"yoast-schema-graph\">{\"@context\":\"https:\\\/\\\/schema.org\",\"@graph\":[{\"@type\":\"WebPage\",\"@id\":\"https:\\\/\\\/www.zentia.com\\\/es-es\\\/soluciones\\\/productos\\\/techos-flotantes\\\/zentia-baffle\\\/\",\"url\":\"https:\\\/\\\/www.zentia.com\\\/es-es\\\/soluciones\\\/productos\\\/techos-flotantes\\\/zentia-baffle\\\/\",\"name\":\"Zentia Baffles | Zentia\",\"isPartOf\":{\"@id\":\"https:\\\/\\\/www.zentia.com\\\/es-es\\\/#website\"},\"datePublished\":\"2022-07-21T10:05:15+00:00\",\"dateModified\":\"2025-11-05T15:25:24+00:00\",\"description\":\"Reduce la reverberaci\u00f3n sonora en espacios concurridos como centros de transporte y oficinas. Deflectores ac\u00fasticos para techo, listos para instalar.\",\"breadcrumb\":{\"@id\":\"https:\\\/\\\/www.zentia.com\\\/es-es\\\/soluciones\\\/productos\\\/techos-flotantes\\\/zentia-baffle\\\/#breadcrumb\"},\"inLanguage\":\"es\",\"potentialAction\":[{\"@type\":\"ReadAction\",\"target\":[\"https:\\\/\\\/www.zentia.com\\\/es-es\\\/soluciones\\\/productos\\\/techos-flotantes\\\/zentia-baffle\\\/\"]}]},{\"@type\":\"BreadcrumbList\",\"@id\":\"https:\\\/\\\/www.zentia.com\\\/es-es\\\/soluciones\\\/productos\\\/techos-flotantes\\\/zentia-baffle\\\/#breadcrumb\",\"itemListElement\":[{\"@type\":\"ListItem\",\"position\":1,\"name\":\"Inicio\",\"item\":\"https:\\\/\\\/www.zentia.com\\\/es-es\\\/\"},{\"@type\":\"ListItem\",\"position\":2,\"name\":\"Zentia Baffles\"}]},{\"@type\":\"WebSite\",\"@id\":\"https:\\\/\\\/www.zentia.com\\\/es-es\\\/#website\",\"url\":\"https:\\\/\\\/www.zentia.com\\\/es-es\\\/\",\"name\":\"Zentia\",\"description\":\"\",\"potentialAction\":[{\"@type\":\"SearchAction\",\"target\":{\"@type\":\"EntryPoint\",\"urlTemplate\":\"https:\\\/\\\/www.zentia.com\\\/es-es\\\/?s={search_term_string}\"},\"query-input\":{\"@type\":\"PropertyValueSpecification\",\"valueRequired\":true,\"valueName\":\"search_term_string\"}}],\"inLanguage\":\"es\"}]}<\/script>\n<!-- \/ Yoast SEO plugin. -->","yoast_head_json":{"title":"Zentia Baffles | Zentia","description":"Reduce la reverberaci\u00f3n sonora en espacios concurridos como centros de transporte y oficinas. Deflectores ac\u00fasticos para techo, listos para instalar.","robots":{"index":"index","follow":"follow","max-snippet":"max-snippet:-1","max-image-preview":"max-image-preview:large","max-video-preview":"max-video-preview:-1"},"canonical":"https:\/\/www.zentia.com\/es-es\/soluciones\/productos\/techos-flotantes\/zentia-baffle\/","og_locale":"es_ES","og_type":"article","og_title":"Zentia Baffles | Zentia","og_description":"Reduce la reverberaci\u00f3n sonora en espacios concurridos como centros de transporte y oficinas. Deflectores ac\u00fasticos para techo, listos para instalar.","og_url":"https:\/\/www.zentia.com\/es-es\/soluciones\/productos\/techos-flotantes\/zentia-baffle\/","og_site_name":"Zentia","article_modified_time":"2025-11-05T15:25:24+00:00","twitter_card":"summary_large_image","schema":{"@context":"https:\/\/schema.org","@graph":[{"@type":"WebPage","@id":"https:\/\/www.zentia.com\/es-es\/soluciones\/productos\/techos-flotantes\/zentia-baffle\/","url":"https:\/\/www.zentia.com\/es-es\/soluciones\/productos\/techos-flotantes\/zentia-baffle\/","name":"Zentia Baffles | Zentia","isPartOf":{"@id":"https:\/\/www.zentia.com\/es-es\/#website"},"datePublished":"2022-07-21T10:05:15+00:00","dateModified":"2025-11-05T15:25:24+00:00","description":"Reduce la reverberaci\u00f3n sonora en espacios concurridos como centros de transporte y oficinas. Deflectores ac\u00fasticos para techo, listos para instalar.","breadcrumb":{"@id":"https:\/\/www.zentia.com\/es-es\/soluciones\/productos\/techos-flotantes\/zentia-baffle\/#breadcrumb"},"inLanguage":"es","potentialAction":[{"@type":"ReadAction","target":["https:\/\/www.zentia.com\/es-es\/soluciones\/productos\/techos-flotantes\/zentia-baffle\/"]}]},{"@type":"BreadcrumbList","@id":"https:\/\/www.zentia.com\/es-es\/soluciones\/productos\/techos-flotantes\/zentia-baffle\/#breadcrumb","itemListElement":[{"@type":"ListItem","position":1,"name":"Inicio","item":"https:\/\/www.zentia.com\/es-es\/"},{"@type":"ListItem","position":2,"name":"Zentia Baffles"}]},{"@type":"WebSite","@id":"https:\/\/www.zentia.com\/es-es\/#website","url":"https:\/\/www.zentia.com\/es-es\/","name":"Zentia","description":"","potentialAction":[{"@type":"SearchAction","target":{"@type":"EntryPoint","urlTemplate":"https:\/\/www.zentia.com\/es-es\/?s={search_term_string}"},"query-input":{"@type":"PropertyValueSpecification","valueRequired":true,"valueName":"search_term_string"}}],"inLanguage":"es"}]}},"_links":{"self":[{"href":"https:\/\/www.zentia.com\/es-es\/wp-json\/wp\/v2\/product\/4776","targetHints":{"allow":["GET"]}}],"collection":[{"href":"https:\/\/www.zentia.com\/es-es\/wp-json\/wp\/v2\/product"}],"about":[{"href":"https:\/\/www.zentia.com\/es-es\/wp-json\/wp\/v2\/types\/product"}],"acf:post":[{"embeddable":true,"href":"https:\/\/www.zentia.com\/es-es\/wp-json\/wp\/v2\/download\/7357"}],"wp:attachment":[{"href":"https:\/\/www.zentia.com\/es-es\/wp-json\/wp\/v2\/media?parent=4776"}],"wp:term":[{"taxonomy":"product-type","embeddable":true,"href":"https:\/\/www.zentia.com\/es-es\/wp-json\/wp\/v2\/product-type?post=4776"}],"curies":[{"name":"wp","href":"https:\/\/api.w.org\/{rel}","templated":true}]}}