{"id":4777,"date":"2022-07-21T11:05:15","date_gmt":"2022-07-21T10:05:15","guid":{"rendered":"https:\/\/zentia.mediaworksdev.co.uk\/en-gb\/solutions\/products\/%product-type%\/zentia-canopy\/"},"modified":"2025-11-05T15:25:18","modified_gmt":"2025-11-05T15:25:18","slug":"zentia-canopies","status":"publish","type":"product","link":"https:\/\/www.zentia.com\/es-es\/soluciones\/productos\/techos-flotantes\/zentia-canopies\/","title":{"rendered":"Zentia Canopies"},"featured_media":0,"parent":0,"template":"","product-type":[1034],"class_list":["post-4777","product","type-product","status-publish","hentry","product-type-techos-flotantes","edge-detail-zentia-canopy","grid-appearance-concealed","product-material-aluminium","product-colour-black-zinc-coated","product-colour-galv-steel","product-colour-silver","product-colour-white","product-sizes-1200mm-l-x-1200mm-w-x-40mm-h","product-sizes-1200mm-o-x-40mm-h","product-sizes-1800mm-l-x-1200mm-w-x-40mm-h","product-sizes-2400mm-l-x-1200mm-w-x-40mm-h","solution-finder-toggle-x","product-floating-ceiling-package-frame-tile","product-floating-ceiling-package-single-piece","product-floating-ceiling-type-canopy","product-floating-ceiling-shape-circle","product-floating-ceiling-shape-rectangle","product-floating-ceiling-shape-square"],"acf":{"hero":{"title":"Zentia Canopies","sub_label":"","introduction":"Con nuestros atractivos y luminosos paneles para techo, no tendr\u00e1 que elegir entre rendimiento y dise\u00f1o. Cree el ambiento adecuado en interiores espaciosos con nuestras pantallas ac\u00fasticas para techo de alto rendimiento. Reduzca la reverberaci\u00f3n del sonido en interiores espaciosos, como intercambiadores de transporte, colegios, oficinas o salas para conciertos. Nuestras pantallas ac\u00fasticas para techo, que se entregan en una caja listas para instalarse, embellecen los techos de hormig\u00f3n y pladur y ofrecen una ac\u00fastica perfectamente equilibrada. Adem\u00e1s, estas pantallas facilitan el acceso al techo.","introduction_short":"","gallery":[1984],"datasheet":"","video_url":"","space_bottom":true},"images":null,"product_variant_alt_toggle":false,"product_variant":[{"edge_detail":"Zentia Canopies","product_image":"","variant_information":"","variant_additional_information":"","sub_variants":[{"edge_detail":"Zentia Canopies","images":[{"image":5137}],"cls_item_number":"BPCAN1200CIA","cls_description":"Zentia Canopy 1200mm (\u00d8) x 40mm (T)","shortcode":"CAN1200CIA","dimensions":"1200mm (\u00d8) x 40mm (T)","colour_text":"Blanco","colour_select":[],"surface_sifyb":"","recyclable":"","recycled_content":"85%","recyclable_through_zentia":"","cleanability_types":"Dry cloth \/ Soft brush","clean_room_classification":"","cradle_two_cradle_certification":"","durability":"Scratch resistance","humidity_resistance_rh":"90%","light_reflectance":"87%","fire_reaction_en135011":"A2-s2,d0","iac_level":"","material":"-","rout_slot_spacing_and_uom":"","cross_tee_main_runner_interface":"","corrosive_resistant":"","fire_performance":"","clean_room":"","end_detail":"","formaldehyde_emissions":"E1","low_voc_emissions":"A","sound_absorption":"","sound_absorption_class":"","sound_reduction_index":"","sound_attenuation":"","sound_absorption_nrc":"","compatible_grid_product_code":"","floating_ceiling_frame_product_code":"","installation_accessories":"","accessories":[{"code":""}]},{"edge_detail":"Zentia Canopies","images":[{"image":5137}],"cls_item_number":"BPCAN1200SQA ","cls_description":"Zentia Canopy 1200mm (L) x 1200mm (W) x 40mm (T)","shortcode":"CAN1200SQA","dimensions":"1200mm (L) x 1200mm (W) x 40mm (T)","colour_text":"Blanco","colour_select":[],"surface_sifyb":"","recyclable":"","recycled_content":"85%","recyclable_through_zentia":"","cleanability_types":"Dry cloth \/ Soft brush","clean_room_classification":"","cradle_two_cradle_certification":"","durability":"Scratch resistance","humidity_resistance_rh":"90%","light_reflectance":"87%","fire_reaction_en135011":"A2-s2,d0","iac_level":"","material":"-","rout_slot_spacing_and_uom":"","cross_tee_main_runner_interface":"","corrosive_resistant":"","fire_performance":"","clean_room":"","end_detail":"","formaldehyde_emissions":"E1","low_voc_emissions":"A","sound_absorption":"","sound_absorption_class":"","sound_reduction_index":"","sound_attenuation":"","sound_absorption_nrc":"","compatible_grid_product_code":"","floating_ceiling_frame_product_code":"","installation_accessories":"","accessories":[{"code":""}]},{"edge_detail":"Zentia Canopies","images":[{"image":5137}],"cls_item_number":"BPCAN1800REA","cls_description":"Zentia Canopy 1800mm (L) x 1200mm (W) x 40mm (T)","shortcode":"CAN1800REA","dimensions":"1800mm (L) x 1200mm (W) x 40mm (T)","colour_text":"Blanco","colour_select":[],"surface_sifyb":"","recyclable":"","recycled_content":"85%","recyclable_through_zentia":"","cleanability_types":"Dry cloth \/ Soft brush","clean_room_classification":"","cradle_two_cradle_certification":"","durability":"Scratch resistance","humidity_resistance_rh":"90%","light_reflectance":"87%","fire_reaction_en135011":"A2-s2,d0","iac_level":"","material":"-","rout_slot_spacing_and_uom":"","cross_tee_main_runner_interface":"","corrosive_resistant":"","fire_performance":"","clean_room":"","end_detail":"","formaldehyde_emissions":"E1","low_voc_emissions":"A","sound_absorption":"","sound_absorption_class":"","sound_reduction_index":"","sound_attenuation":"","sound_absorption_nrc":"","compatible_grid_product_code":"","floating_ceiling_frame_product_code":"","installation_accessories":"","accessories":[{"code":""}]},{"edge_detail":"Zentia Canopies","images":[{"image":5137}],"cls_item_number":"BPCAN2400REA","cls_description":"Zentia Canopy 2400mm (L) x 1200mm (W) x 40mm (T)","shortcode":"CAN2400REA","dimensions":"2400mm (L) x 1200mm (W) x 40mm (T)","colour_text":"Blanco","colour_select":[],"surface_sifyb":"","recyclable":"","recycled_content":"85%","recyclable_through_zentia":"","cleanability_types":"Dry cloth \/ Soft brush","clean_room_classification":"","cradle_two_cradle_certification":"","durability":"Scratch resistance","humidity_resistance_rh":"90%","light_reflectance":"87%","fire_reaction_en135011":"A2-s2,d0","iac_level":"","material":"-","rout_slot_spacing_and_uom":"","cross_tee_main_runner_interface":"","corrosive_resistant":"","fire_performance":"","clean_room":"","end_detail":"","formaldehyde_emissions":"E1","low_voc_emissions":"A","sound_absorption":"","sound_absorption_class":"","sound_reduction_index":"","sound_attenuation":"","sound_absorption_nrc":"","compatible_grid_product_code":"","floating_ceiling_frame_product_code":"","installation_accessories":"","accessories":[{"code":""}]}],"override_related_items":false,"related_project_gallery":null,"related_faqs":null,"related_products":null,"related_documents_and_downloads":null,"download_all_documents":null},{"edge_detail":"Zentia Canopies Accessories","product_image":"","variant_information":"","variant_additional_information":"","sub_variants":[{"edge_detail":"Zentia Canopies Accessories","images":[{"image":4986}],"cls_item_number":"BPHWKA","cls_description":"Zentia Canopies Hanging Wire Kit","shortcode":"HWK","dimensions":"","colour_text":"Silver","colour_select":[],"surface_sifyb":"","recyclable":"","recycled_content":"","recyclable_through_zentia":"","cleanability_types":"","clean_room_classification":"","cradle_two_cradle_certification":"","durability":"","humidity_resistance_rh":"","light_reflectance":"","fire_reaction_en135011":"","iac_level":"","material":"","rout_slot_spacing_and_uom":"","cross_tee_main_runner_interface":"","corrosive_resistant":"","fire_performance":"","clean_room":"","end_detail":"","formaldehyde_emissions":"","low_voc_emissions":"","sound_absorption":"","sound_absorption_class":"","sound_reduction_index":"","sound_attenuation":"","sound_absorption_nrc":"","compatible_grid_product_code":"","floating_ceiling_frame_product_code":"","installation_accessories":"","accessories":null},{"edge_detail":"Zentia Canopies Accessories","images":[{"image":4986}],"cls_item_number":"BPRSAWHA","cls_description":"Zentia Canopies Rotofast Spiral Anchor for Wall Hanging","shortcode":"RSAWH","dimensions":"","colour_text":"Galvanised steel","colour_select":[],"surface_sifyb":"","recyclable":"","recycled_content":"","recyclable_through_zentia":"","cleanability_types":"","clean_room_classification":"","cradle_two_cradle_certification":"","durability":"","humidity_resistance_rh":"","light_reflectance":"","fire_reaction_en135011":"","iac_level":"","material":"","rout_slot_spacing_and_uom":"","cross_tee_main_runner_interface":"","corrosive_resistant":"","fire_performance":"","clean_room":"","end_detail":"","formaldehyde_emissions":"","low_voc_emissions":"","sound_absorption":"","sound_absorption_class":"","sound_reduction_index":"","sound_attenuation":"","sound_absorption_nrc":"","compatible_grid_product_code":"","floating_ceiling_frame_product_code":"","installation_accessories":"","accessories":null}],"override_related_items":false,"related_project_gallery":null,"related_faqs":null,"related_products":null,"related_documents_and_downloads":null,"download_all_documents":null}],"import_data":"Zentia Canopy,Zentia Canopy,Zentia Canopy,Zentia Canopy,Zentia Canopy,Zentia Canopy,Zentia Canopy,Zentia Canopy::BPCAN1200CIA,BPCAN1200SQA,BPCAN1800REA,BPCAN2400REA,BPBCKIA,BPBSAHKA,BPHWKA,BPRSAWHA::RSAWH::Zentia Canopy,Zentia Canopy,Zentia Canopy,Zentia Canopy,Zentia Canopy,Zentia Canopy,Zentia Canopy,Zentia Canopy::::White,White,White,White,Black zinc coated,Galv Steel,Silver,Galv Steel::::::::::::::::::::::::::::::::::::::::::::Zentia-Canopies-02.jpg,Zentia-Canopies-02.jpg,Zentia-Canopies-02.jpg,Zentia-Canopies-02.jpg,zentia-main-fallback.jpeg,zentia-main-fallback.jpeg,zentia-main-fallback.jpeg,zentia-main-fallback.jpeg::::-,-,-,-,-,-,-,-::::::::::::::","file_label":"Descarga la hoja de datos","file":7935,"warranties":null,"product_manuals":null,"nbs":"","documents_downloads_title":"","related_documents_and_downloads":[7357],"download_bim":"","download_all_documents":"","listing_label":"","solution_finder_toggle":false,"solution_finder_intro":"","solution_finder_points":null,"template":{"":null,"related_project_gallery":"","template_faq":"","space_bottom":false,"related_products_title":"","related_products":"","hide_form":false}},"yoast_head":"<!-- This site is optimized with the Yoast SEO plugin v27.3 - https:\/\/yoast.com\/product\/yoast-seo-wordpress\/ -->\n<title>Zentia Canopy | Acoustical Ceiling plenum Baffles | Zentia<\/title>\n<meta name=\"description\" content=\"Cree la atm\u00f3sfera ideal en interiores amplios con nuestros bafles ac\u00fasticos de techo de alto rendimiento. Disponibles en diferentes colores. M\u00e1s informaci\u00f3n.\" \/>\n<meta name=\"robots\" content=\"index, follow, max-snippet:-1, max-image-preview:large, max-video-preview:-1\" \/>\n<link rel=\"canonical\" href=\"https:\/\/www.zentia.com\/es-es\/soluciones\/productos\/techos-flotantes\/zentia-canopies\/\" \/>\n<meta property=\"og:locale\" content=\"es_ES\" \/>\n<meta property=\"og:type\" content=\"article\" \/>\n<meta property=\"og:title\" content=\"Zentia Canopy | Acoustical Ceiling plenum Baffles | Zentia\" \/>\n<meta property=\"og:description\" content=\"Cree la atm\u00f3sfera ideal en interiores amplios con nuestros bafles ac\u00fasticos de techo de alto rendimiento. Disponibles en diferentes colores. M\u00e1s informaci\u00f3n.\" \/>\n<meta property=\"og:url\" content=\"https:\/\/www.zentia.com\/es-es\/soluciones\/productos\/techos-flotantes\/zentia-canopies\/\" \/>\n<meta property=\"og:site_name\" content=\"Zentia\" \/>\n<meta property=\"article:modified_time\" content=\"2025-11-05T15:25:18+00:00\" \/>\n<meta name=\"twitter:card\" content=\"summary_large_image\" \/>\n<script type=\"application\/ld+json\" class=\"yoast-schema-graph\">{\"@context\":\"https:\\\/\\\/schema.org\",\"@graph\":[{\"@type\":\"WebPage\",\"@id\":\"https:\\\/\\\/www.zentia.com\\\/es-es\\\/soluciones\\\/productos\\\/techos-flotantes\\\/zentia-canopies\\\/\",\"url\":\"https:\\\/\\\/www.zentia.com\\\/es-es\\\/soluciones\\\/productos\\\/techos-flotantes\\\/zentia-canopies\\\/\",\"name\":\"Zentia Canopy | Acoustical Ceiling plenum Baffles | Zentia\",\"isPartOf\":{\"@id\":\"https:\\\/\\\/www.zentia.com\\\/es-es\\\/#website\"},\"datePublished\":\"2022-07-21T10:05:15+00:00\",\"dateModified\":\"2025-11-05T15:25:18+00:00\",\"description\":\"Cree la atm\u00f3sfera ideal en interiores amplios con nuestros bafles ac\u00fasticos de techo de alto rendimiento. Disponibles en diferentes colores. M\u00e1s informaci\u00f3n.\",\"breadcrumb\":{\"@id\":\"https:\\\/\\\/www.zentia.com\\\/es-es\\\/soluciones\\\/productos\\\/techos-flotantes\\\/zentia-canopies\\\/#breadcrumb\"},\"inLanguage\":\"es\",\"potentialAction\":[{\"@type\":\"ReadAction\",\"target\":[\"https:\\\/\\\/www.zentia.com\\\/es-es\\\/soluciones\\\/productos\\\/techos-flotantes\\\/zentia-canopies\\\/\"]}]},{\"@type\":\"BreadcrumbList\",\"@id\":\"https:\\\/\\\/www.zentia.com\\\/es-es\\\/soluciones\\\/productos\\\/techos-flotantes\\\/zentia-canopies\\\/#breadcrumb\",\"itemListElement\":[{\"@type\":\"ListItem\",\"position\":1,\"name\":\"Inicio\",\"item\":\"https:\\\/\\\/www.zentia.com\\\/es-es\\\/\"},{\"@type\":\"ListItem\",\"position\":2,\"name\":\"Zentia Canopies\"}]},{\"@type\":\"WebSite\",\"@id\":\"https:\\\/\\\/www.zentia.com\\\/es-es\\\/#website\",\"url\":\"https:\\\/\\\/www.zentia.com\\\/es-es\\\/\",\"name\":\"Zentia\",\"description\":\"\",\"potentialAction\":[{\"@type\":\"SearchAction\",\"target\":{\"@type\":\"EntryPoint\",\"urlTemplate\":\"https:\\\/\\\/www.zentia.com\\\/es-es\\\/?s={search_term_string}\"},\"query-input\":{\"@type\":\"PropertyValueSpecification\",\"valueRequired\":true,\"valueName\":\"search_term_string\"}}],\"inLanguage\":\"es\"}]}<\/script>\n<!-- \/ Yoast SEO plugin. -->","yoast_head_json":{"title":"Zentia Canopy | Acoustical Ceiling plenum Baffles | Zentia","description":"Cree la atm\u00f3sfera ideal en interiores amplios con nuestros bafles ac\u00fasticos de techo de alto rendimiento. Disponibles en diferentes colores. M\u00e1s informaci\u00f3n.","robots":{"index":"index","follow":"follow","max-snippet":"max-snippet:-1","max-image-preview":"max-image-preview:large","max-video-preview":"max-video-preview:-1"},"canonical":"https:\/\/www.zentia.com\/es-es\/soluciones\/productos\/techos-flotantes\/zentia-canopies\/","og_locale":"es_ES","og_type":"article","og_title":"Zentia Canopy | Acoustical Ceiling plenum Baffles | Zentia","og_description":"Cree la atm\u00f3sfera ideal en interiores amplios con nuestros bafles ac\u00fasticos de techo de alto rendimiento. Disponibles en diferentes colores. M\u00e1s informaci\u00f3n.","og_url":"https:\/\/www.zentia.com\/es-es\/soluciones\/productos\/techos-flotantes\/zentia-canopies\/","og_site_name":"Zentia","article_modified_time":"2025-11-05T15:25:18+00:00","twitter_card":"summary_large_image","schema":{"@context":"https:\/\/schema.org","@graph":[{"@type":"WebPage","@id":"https:\/\/www.zentia.com\/es-es\/soluciones\/productos\/techos-flotantes\/zentia-canopies\/","url":"https:\/\/www.zentia.com\/es-es\/soluciones\/productos\/techos-flotantes\/zentia-canopies\/","name":"Zentia Canopy | Acoustical Ceiling plenum Baffles | Zentia","isPartOf":{"@id":"https:\/\/www.zentia.com\/es-es\/#website"},"datePublished":"2022-07-21T10:05:15+00:00","dateModified":"2025-11-05T15:25:18+00:00","description":"Cree la atm\u00f3sfera ideal en interiores amplios con nuestros bafles ac\u00fasticos de techo de alto rendimiento. Disponibles en diferentes colores. M\u00e1s informaci\u00f3n.","breadcrumb":{"@id":"https:\/\/www.zentia.com\/es-es\/soluciones\/productos\/techos-flotantes\/zentia-canopies\/#breadcrumb"},"inLanguage":"es","potentialAction":[{"@type":"ReadAction","target":["https:\/\/www.zentia.com\/es-es\/soluciones\/productos\/techos-flotantes\/zentia-canopies\/"]}]},{"@type":"BreadcrumbList","@id":"https:\/\/www.zentia.com\/es-es\/soluciones\/productos\/techos-flotantes\/zentia-canopies\/#breadcrumb","itemListElement":[{"@type":"ListItem","position":1,"name":"Inicio","item":"https:\/\/www.zentia.com\/es-es\/"},{"@type":"ListItem","position":2,"name":"Zentia Canopies"}]},{"@type":"WebSite","@id":"https:\/\/www.zentia.com\/es-es\/#website","url":"https:\/\/www.zentia.com\/es-es\/","name":"Zentia","description":"","potentialAction":[{"@type":"SearchAction","target":{"@type":"EntryPoint","urlTemplate":"https:\/\/www.zentia.com\/es-es\/?s={search_term_string}"},"query-input":{"@type":"PropertyValueSpecification","valueRequired":true,"valueName":"search_term_string"}}],"inLanguage":"es"}]}},"_links":{"self":[{"href":"https:\/\/www.zentia.com\/es-es\/wp-json\/wp\/v2\/product\/4777","targetHints":{"allow":["GET"]}}],"collection":[{"href":"https:\/\/www.zentia.com\/es-es\/wp-json\/wp\/v2\/product"}],"about":[{"href":"https:\/\/www.zentia.com\/es-es\/wp-json\/wp\/v2\/types\/product"}],"acf:post":[{"embeddable":true,"href":"https:\/\/www.zentia.com\/es-es\/wp-json\/wp\/v2\/download\/7357"}],"wp:attachment":[{"href":"https:\/\/www.zentia.com\/es-es\/wp-json\/wp\/v2\/media?parent=4777"}],"wp:term":[{"taxonomy":"product-type","embeddable":true,"href":"https:\/\/www.zentia.com\/es-es\/wp-json\/wp\/v2\/product-type?post=4777"}],"curies":[{"name":"wp","href":"https:\/\/api.w.org\/{rel}","templated":true}]}}