{"id":6703,"date":"2023-09-13T09:05:27","date_gmt":"2023-09-13T08:05:27","guid":{"rendered":"https:\/\/zentia1.wpenginepowered.com\/es-es\/?post_type=product&#038;p=6703"},"modified":"2025-12-18T11:18:03","modified_gmt":"2025-12-18T11:18:03","slug":"aruba-db","status":"publish","type":"product","link":"https:\/\/www.zentia.com\/es-es\/soluciones\/productos\/paneles-de-techo\/aruba-db\/","title":{"rendered":"Aruba dB"},"featured_media":0,"parent":0,"template":"","product-type":[652],"class_list":["post-6703","product","type-product","status-publish","hentry","product-family-category-aruba","product-type-paneles-de-techo","edge-detail-board","edge-detail-tegular15","edge-detail-tegular24","grid-appearance-exposed","sound-absorption-class-c","sound-reduction-871","product-colour-global-white","product-sizes-600mm-l-x-600mm-w-x-19mm-t","sound-absorption-alpha-0-6","sound-absorption-nrc-0-55","sound-attentuation-873","solution-finder-toggle-x","recycled-content-0-37","humidity-resistance-0-95","cleanroom-classification-822"],"acf":{"hero":{"title":"Aruba dB","sub_label":"","introduction":"<span data-contrast=\"none\">Aruba dB es una placa de techo suspendido de alto rendimiento, que crea f\u00e1cilmente interiores con alto nivel de privacidad. Aruba dB limita el traspaso de sonido a trav\u00e9s del plenum, lo que lo hace ideal para salas de reuniones, oficinas peque\u00f1as y cualquier otro espacio que requiera un mayor nivel de privacidad.<\/span><span data-ccp-props=\"{&quot;134233117&quot;:true,&quot;201341983&quot;:0,&quot;335559739&quot;:0,&quot;335559740&quot;:240}\">\u00a0<\/span>\r\n\r\n<span data-contrast=\"none\">Con una excelente calificaci\u00f3n en atenuaci\u00f3n de sonido de 39dB, Aruba dB reduce de manera eficaz el traspaso de sonido a trav\u00e9s del plenum.<\/span><span data-ccp-props=\"{&quot;201341983&quot;:0,&quot;335559739&quot;:160,&quot;335559740&quot;:259}\">\u00a0<\/span>\r\n\r\n<span data-contrast=\"none\">(Aruba dB se puede pedir a todos los distribuidores de Zentia en todo Iberia, <a href=\"https:\/\/distriplac.com\/\">Distriplac<\/a>.)<\/span>\r\n<ul>\r\n \t<li data-leveltext=\"\uf0b7\" data-font=\"Symbol\" data-listid=\"2\" data-list-defn-props=\"{&quot;335552541&quot;:1,&quot;335559684&quot;:-2,&quot;335559685&quot;:720,&quot;335559991&quot;:360,&quot;469769226&quot;:&quot;Symbol&quot;,&quot;469769242&quot;:[8226],&quot;469777803&quot;:&quot;left&quot;,&quot;469777804&quot;:&quot;\uf0b7&quot;,&quot;469777815&quot;:&quot;hybridMultilevel&quot;}\" aria-setsize=\"-1\" data-aria-posinset=\"1\" data-aria-level=\"1\"><b><span data-contrast=\"none\">Robusto y de f\u00e1cil manejo: <\/span><\/b><span data-contrast=\"none\">Aruba dB tiene los bordes reforzados y completamente pintados para una mayor durabilidad y una r\u00e1pida instalaci\u00f3n. Tambi\u00e9n es perfecto para permitir un acceso frecuente a plenum.<\/span><span data-ccp-props=\"{&quot;201341983&quot;:0,&quot;335559739&quot;:160,&quot;335559740&quot;:259}\">\u00a0<\/span><\/li>\r\n \t<li data-leveltext=\"\uf0b7\" data-font=\"Symbol\" data-listid=\"2\" data-list-defn-props=\"{&quot;335552541&quot;:1,&quot;335559684&quot;:-2,&quot;335559685&quot;:720,&quot;335559991&quot;:360,&quot;469769226&quot;:&quot;Symbol&quot;,&quot;469769242&quot;:[8226],&quot;469777803&quot;:&quot;left&quot;,&quot;469777804&quot;:&quot;\uf0b7&quot;,&quot;469777815&quot;:&quot;hybridMultilevel&quot;}\" aria-setsize=\"-1\" data-aria-posinset=\"2\" data-aria-level=\"1\"><b><span data-contrast=\"none\">Juega con la luz y la sombra:<\/span><\/b><span data-contrast=\"none\"> Disponible en tres tipos de cantos diferentes creando diferentes efectos visuales en el techo. Con un 85 % de reflectancia de la luz, es una forma excelente de hacer rebotar la luz natural en un espacio interior.<\/span><span data-ccp-props=\"{&quot;201341983&quot;:0,&quot;335559739&quot;:160,&quot;335559740&quot;:259}\">\u00a0<\/span><\/li>\r\n \t<li data-leveltext=\"\uf0b7\" data-font=\"Symbol\" data-listid=\"2\" data-list-defn-props=\"{&quot;335552541&quot;:1,&quot;335559684&quot;:-2,&quot;335559685&quot;:720,&quot;335559991&quot;:360,&quot;469769226&quot;:&quot;Symbol&quot;,&quot;469769242&quot;:[8226],&quot;469777803&quot;:&quot;left&quot;,&quot;469777804&quot;:&quot;\uf0b7&quot;,&quot;469777815&quot;:&quot;hybridMultilevel&quot;}\" aria-setsize=\"-1\" data-aria-posinset=\"2\" data-aria-level=\"1\"><b><span data-contrast=\"none\">Fiable y estable:<\/span><\/b><span data-contrast=\"none\"> Aruba dB es compatible con las perfiler\u00edas de techo suspendido de Zentia. Tiene una garant\u00eda de 30 a\u00f1os cuando se compra junto con la perfiler\u00eda Zentia, o una garant\u00eda de 15 a\u00f1os cuando se compra solo.<\/span><span data-ccp-props=\"{&quot;201341983&quot;:0,&quot;335559739&quot;:160,&quot;335559740&quot;:259}\">\u00a0<\/span><\/li>\r\n<\/ul>","introduction_short":"<span data-contrast=\"none\">Aruba dB es una placa de techo suspendido de alto rendimiento, que crea f\u00e1cilmente interiores con alto nivel de privacidad. Aruba dB limita el traspaso de sonido a trav\u00e9s del plenum, lo que lo hace ideal para salas de reuniones, oficinas peque\u00f1as y cualquier otro espacio que requiera un mayor nivel de privacidad.<\/span><span data-ccp-props=\"{&quot;134233117&quot;:true,&quot;201341983&quot;:0,&quot;335559739&quot;:0,&quot;335559740&quot;:240}\">\u00a0<\/span>","gallery":[6811,6809,6807],"datasheet":"","video_url":"","space_bottom":false},"images":null,"product_variant_alt_toggle":false,"product_variant":[{"edge_detail":"Board","product_image":"","variant_information":"Las placas Aruba dB Board tienen los cantos lisos y cuadrados que se instalan sin esfuerzo en los sistemas de perfiler\u00eda de Zentia. Con un apoyo preciso en la perfiler\u00eda, las placas Aruba dB crean una superficie uniforme que deja visto el perfil. Este techo suspendido consigue un dise\u00f1o cuadrado elegante, lo que otorga un ambiente discreto en cualquier espacio. ","variant_additional_information":"<h2>Techo suspendido Aruba dB<\/h2>\r\n<h3>Caracter\u00edsticas T\u00e9cnicas<\/h3>\r\n<strong>Sonido<\/strong>\r\n\r\nEl techo suspendido Aruba dB ofrece un excelente rendimiento ac\u00fastico, combinando absorci\u00f3n ac\u00fastica Clase C con un nivel de atenuaci\u00f3n de sonido de 39dB. Esto permite que Aruba dB regule eficazmente el ruido de fondo al reducir la transmisi\u00f3n de sonido a trav\u00e9s del plenum. Esto permite una mayor privacidad en muchos entornos, mientras que al mismo tiempo facilita la transmisi\u00f3n de sonido seg\u00fan sea necesaria.\r\n\r\nTanto si el dise\u00f1o es para un espacio de trabajo en grupo o pensando en un enfoque m\u00e1s individualizado, Aruba dB proporciona control ac\u00fastico y mejora la productividad.\r\n\r\n<strong>Sostenibilidad<\/strong>\r\n\r\nLas placas Aruba dB contienen hasta un 37 % de contenido reciclado. Tienen la clasificaci\u00f3n E1 para las emisiones de formaldeh\u00eddo y obtienen la certificaci\u00f3n Eurofins Indoor Air Comfort para bajas emisiones de COV (compuestos org\u00e1nicos vol\u00e1tiles).\r\n\r\n<strong>Seguridad contra incendios y otras caracter\u00edsticas t\u00e9cnicas<\/strong>\r\n\r\nLas placas Aruba han sido clasificadas seg\u00fan la norma contra incendios EN 13501-1 y tienen clasificaci\u00f3n A2-s1,d0. Esto significa que, en situaciones de incendio completamente desarrollado, las placas de techo Aruba no contribuir\u00e1n significativamente a la propagaci\u00f3n y expansi\u00f3n del fuego.\r\n\r\nEstas placas no solo son duraderas y resistentes al rayado, sino que tambi\u00e9n se pueden limpiar c\u00f3modamente con una esponja h\u00fameda. Adem\u00e1s, cuentan con una impresionante calificaci\u00f3n del 95 % de resistencia a la humedad relativa.","sub_variants":[{"edge_detail":"Board","images":[{"image":6794},{"image":6810},{"image":6811}],"cls_item_number":"BP5477M4B","cls_description":"Aruba dB Board","shortcode":"5477M","dimensions":"600mm (L) x 600mm (W) x 19mm (T)","colour_text":"Global White","colour_select":[],"surface_sifyb":"","recyclable":"Yes","recycled_content":"37%","recyclable_through_zentia":"Yes","cleanability_types":"","clean_room_classification":"","cradle_two_cradle_certification":"","durability":"","humidity_resistance_rh":"95%","light_reflectance":"85%","fire_reaction_en135011":"A2-s1,d0","iac_level":"","material":"","rout_slot_spacing_and_uom":"","cross_tee_main_runner_interface":"","corrosive_resistant":"","fire_performance":"","clean_room":"","end_detail":"","formaldehyde_emissions":"E1","low_voc_emissions":"A+","sound_absorption":"0.6","sound_absorption_class":"C","sound_reduction_index":"20","sound_attenuation":"39","sound_absorption_nrc":"0.55","compatible_grid_product_code":"BP312021A~BP312021BKA~BP312021SGA~BP312021WRA~BP313051B~BP313051BKB~BP313051SGB~BP313051WRB~BP314032A~BP314032BKA~BP314032SGA~BP314032WRA~BP092031~BP092031BK~BP092031SG~BP092031WR~BP093031~BP093031BK~BP093031SG~BP093031WR~BP093632~BP314032A~BP314032BKA~BP314032SGA~BP314032WRA~BPBERC2~BPES4~BPSJCG~BPSJMR15~BP400993~BP403493~BP404093G","floating_ceiling_frame_product_code":"BPAX22G24~BPAX32G24~BPAX33G24~BPAX42G24~BPAX43G24~BPAX44G24~BPAX52G24~BPAX53G24~BPAX54G24~BPAX55G24~BPCSAK22G24~BPCSAK32G24~BPCSAK33G24~BPCSAK42G24~BPCSAK43G24~BPCSAK44G24~BPCSAK52G24~BPCSAK53G24~BPCSAK54G24~BPCSAK55G24~BPCSAL32G24~BPCSAL33G24~BPCSAL42G24~BPCSAL43G24~BPCSAL44G24","installation_accessories":"","accessories":null}],"override_related_items":false,"related_project_gallery":null,"related_faqs":null,"related_products":null,"related_documents_and_downloads":null,"download_all_documents":null},{"edge_detail":"Tegular24","product_image":"","variant_information":"Las placas Aruba dB se pueden pedir con canto Tegular24 cortadas con precisi\u00f3n. Est\u00e1n cortadas en \u00e1ngulo abierto de 105 grados, estas placas se visualizan por debajo del perfil una vez instaladas. Este elegante borde semibiselado mejora el atractivo est\u00e9tico de su techo al mismo tiempo que garantiza una funcionalidad \u00f3ptima, manteniendo la placa en perfectas condiciones. ","variant_additional_information":"<h2>Techo suspendido Aruba dB<\/h2>\r\n<h3>Caracter\u00edsticas T\u00e9cnicas<\/h3>\r\n<strong>Sonido<\/strong>\r\n\r\nEl techo suspendido Aruba dB ofrece un excelente rendimiento ac\u00fastico, combinando absorci\u00f3n ac\u00fastica Clase C con un nivel de atenuaci\u00f3n de sonido de 39dB. Esto permite que Aruba dB regule eficazmente el ruido de fondo al reducir la transmisi\u00f3n de sonido a trav\u00e9s del plenum. Esto permite una mayor privacidad en muchos entornos, mientras que al mismo tiempo facilita la transmisi\u00f3n de sonido seg\u00fan sea necesaria.\r\n\r\nTanto si el dise\u00f1o es para un espacio de trabajo en grupo o pensando en un enfoque m\u00e1s individualizado, Aruba dB proporciona control ac\u00fastico y mejora la productividad.\r\n\r\n<strong>Sostenibilidad<\/strong>\r\n\r\nLas placas Aruba dB contienen hasta un 37 % de contenido reciclado. Tienen la clasificaci\u00f3n E1 para las emisiones de formaldeh\u00eddo y obtienen la certificaci\u00f3n Eurofins Indoor Air Comfort para bajas emisiones de COV (compuestos org\u00e1nicos vol\u00e1tiles).\r\n\r\n<strong>Seguridad contra incendios y otras caracter\u00edsticas t\u00e9cnicas<\/strong>\r\n\r\nLas placas Aruba han sido clasificadas seg\u00fan la norma contra incendios EN 13501-1 y tienen clasificaci\u00f3n A2-s1,d0. Esto significa que, en situaciones de incendio completamente desarrollado, las placas de techo Aruba no contribuir\u00e1n significativamente a la propagaci\u00f3n y expansi\u00f3n del fuego.\r\n\r\nEstas placas no solo son duraderas y resistentes al rayado, sino que tambi\u00e9n se pueden limpiar c\u00f3modamente con una esponja h\u00fameda. Adem\u00e1s, cuentan con una impresionante calificaci\u00f3n del 95 % de resistencia a la humedad relativa.","sub_variants":[{"edge_detail":"Tegular24","images":[{"image":6794},{"image":6808},{"image":6809}],"cls_item_number":"BP5479M4B","cls_description":"Aruba dB Tegular24","shortcode":"5479M","dimensions":"600mm (L) x 600mm (W) x 19mm (T)","colour_text":"Global White","colour_select":[],"surface_sifyb":"","recyclable":"Yes","recycled_content":"37%","recyclable_through_zentia":"Yes","cleanability_types":"","clean_room_classification":"","cradle_two_cradle_certification":"","durability":"","humidity_resistance_rh":"95%","light_reflectance":"85%","fire_reaction_en135011":"A2-s1,d0","iac_level":"","material":"","rout_slot_spacing_and_uom":"","cross_tee_main_runner_interface":"","corrosive_resistant":"","fire_performance":"","clean_room":"","end_detail":"","formaldehyde_emissions":"E1","low_voc_emissions":"A+","sound_absorption":"0.6","sound_absorption_class":"C","sound_reduction_index":"20","sound_attenuation":"39","sound_absorption_nrc":"0.55","compatible_grid_product_code":"BP312021A~BP312021BKA~BP312021SGA~BP312021WRA~BP313051B~BP313051BKB~BP313051SGB~BP313051WRB~BP314032A~BP314032BKA~BP314032SGA~BP314032WRA~BP092031~BP092031BK~BP092031SG~BP092031WR~BP093031~BP093031BK~BP093031SG~BP093031WR~BP093632~BP314032A~BP314032BKA~BP314032SGA~BP314032WRA~BPBERC2~BPES4~BPSJCG~BPSJMR15~BP400993~BP403493~BP404093G","floating_ceiling_frame_product_code":"BPAX22G24~BPAX32G24~BPAX33G24~BPAX42G24~BPAX43G24~BPAX44G24~BPAX52G24~BPAX53G24~BPAX54G24~BPAX55G24~BPCSACI33G24~BPCSACI44G24~BPCSACU43G24~BPCSACU44G24~BPCSACU53G24~BPCSACU55G24~BPCSAK22G24~BPCSAK32G24~BPCSAK33G24~BPCSAK42G24~BPCSAK43G24~BPCSAK44G24~BPCSAK52G24~BPCSAK53G24~BPCSAK54G24~BPCSAK55G24~BPCSAL32G24~BPCSAL33G24~BPCSAL42G24~BPCSAL43G24~BPCSAL44G24","installation_accessories":"","accessories":null}],"override_related_items":false,"related_project_gallery":null,"related_faqs":null,"related_products":null,"related_documents_and_downloads":null,"download_all_documents":null},{"edge_detail":"Tegular15","product_image":"","variant_information":"Con dise\u00f1o de borde cortado a 90 grados, los cantos Tegular15 aseguran que la placa Aruba dB se visualize ligeramente por debajo del perfil de 15 mm. Esto crea un efecto sombreado, ocultando parcialmente el perfil cuando se ve desde el suelo. ","variant_additional_information":"<h2>Techo suspendido Aruba dB<\/h2>\r\n<h3>Caracter\u00edsticas T\u00e9cnicas<\/h3>\r\n<strong>Sonido<\/strong>\r\n\r\nEl techo suspendido Aruba dB ofrece un excelente rendimiento ac\u00fastico, combinando absorci\u00f3n ac\u00fastica Clase C con un nivel de atenuaci\u00f3n de sonido de 39dB. Esto permite que Aruba dB regule eficazmente el ruido de fondo al reducir la transmisi\u00f3n de sonido a trav\u00e9s del plenum. Esto permite una mayor privacidad en muchos entornos, mientras que al mismo tiempo facilita la transmisi\u00f3n de sonido seg\u00fan sea necesaria.\r\n\r\nTanto si el dise\u00f1o es para un espacio de trabajo en grupo o pensando en un enfoque m\u00e1s individualizado, Aruba dB proporciona control ac\u00fastico y mejora la productividad.\r\n\r\n<strong>Sostenibilidad<\/strong>\r\n\r\nLas placas Aruba dB contienen hasta un 37 % de contenido reciclado. Tienen la clasificaci\u00f3n E1 para las emisiones de formaldeh\u00eddo y obtienen la certificaci\u00f3n Eurofins Indoor Air Comfort para bajas emisiones de COV (compuestos org\u00e1nicos vol\u00e1tiles).\r\n\r\n<strong>Seguridad contra incendios y otras caracter\u00edsticas t\u00e9cnicas<\/strong>\r\n\r\nLas placas Aruba han sido clasificadas seg\u00fan la norma contra incendios EN 13501-1 y tienen clasificaci\u00f3n A2-s1,d0. Esto significa que, en situaciones de incendio completamente desarrollado, las placas de techo Aruba no contribuir\u00e1n significativamente a la propagaci\u00f3n y expansi\u00f3n del fuego.\r\n\r\nEstas placas no solo son duraderas y resistentes al rayado, sino que tambi\u00e9n se pueden limpiar c\u00f3modamente con una esponja h\u00fameda. Adem\u00e1s, cuentan con una impresionante calificaci\u00f3n del 95 % de resistencia a la humedad relativa.","sub_variants":[{"edge_detail":"Tegular15","images":[{"image":6794},{"image":6813},{"image":6807}],"cls_item_number":"BP5481M4B","cls_description":"Aruba dB Tegular15","shortcode":"5481M","dimensions":"600mm (L) x 600mm (W) x 19mm (T)","colour_text":"Global White","colour_select":[],"surface_sifyb":"","recyclable":"Yes","recycled_content":"37%","recyclable_through_zentia":"Yes","cleanability_types":"","clean_room_classification":"","cradle_two_cradle_certification":"","durability":"","humidity_resistance_rh":"95%","light_reflectance":"85%","fire_reaction_en135011":"A2-s1,d0","iac_level":"","material":"","rout_slot_spacing_and_uom":"","cross_tee_main_runner_interface":"","corrosive_resistant":"","fire_performance":"","clean_room":"","end_detail":"","formaldehyde_emissions":"E1","low_voc_emissions":"A+","sound_absorption":"0.6","sound_absorption_class":"C","sound_reduction_index":"20","sound_attenuation":"39","sound_absorption_nrc":"0.55","compatible_grid_product_code":"BP102033A~BP102033BKA~BP102033SGA~BP102033WRA~BP103033A~BP103033BKA~BP103033SGA~BP103033WRA~BP103633A~BP612042G~BP613042G~BP614042H~BP812042WRG~BP813042WRG~BP814042WRG~BPMCC4G","floating_ceiling_frame_product_code":"BPAX22G15~BPAX32G15~BPAX33G15~BPAX42G15~BPAX43G15~BPAX44G15~BPAX52G15~BPAX53G15~BPAX54G15~BPAX55G15~BPCSACI33G15~BPCSACI44G15~BPCSAK22G15~BPCSAK32G15~BPCSAK33G15~BPCSAK42G15~BPCSAK43G15~BPCSAK44G15~BPCSAK52G15~BPCSAK53G15~BPCSAK54G15~BPCSAK55G15","installation_accessories":"","accessories":null}],"override_related_items":false,"related_project_gallery":null,"related_faqs":null,"related_products":null,"related_documents_and_downloads":null,"download_all_documents":null}],"import_data":"","file_label":"Descargar ficha t\u00e9cnica","file":8817,"warranties":null,"product_manuals":null,"nbs":"","documents_downloads_title":"Documentos relacionados","related_documents_and_downloads":[7023],"download_bim":"","download_all_documents":"","listing_label":"","solution_finder_toggle":false,"solution_finder_intro":"","solution_finder_points":null,"template":{"":null,"related_project_gallery":"","template_faq":[6514,6779,6789],"space_bottom":false,"related_products_title":"","related_products":[6702,6704,6705,7108],"hide_form":false}},"yoast_head":"<!-- This site is optimized with the Yoast SEO plugin v27.4 - https:\/\/yoast.com\/product\/yoast-seo-wordpress\/ -->\n<title>Aruba dB | Zentia<\/title>\n<meta name=\"description\" content=\"Aruba dB, una loseta de techo suspendido de alto rendimiento, es una manera f\u00e1cil de crear interiores privados. \u00a1Saber m\u00e1s!\" \/>\n<meta name=\"robots\" content=\"index, follow, max-snippet:-1, max-image-preview:large, max-video-preview:-1\" \/>\n<link rel=\"canonical\" href=\"https:\/\/www.zentia.com\/es-es\/soluciones\/productos\/paneles-de-techo\/aruba-db\/\" \/>\n<meta property=\"og:locale\" content=\"es_ES\" \/>\n<meta property=\"og:type\" content=\"article\" \/>\n<meta property=\"og:title\" content=\"Aruba dB | Zentia\" \/>\n<meta property=\"og:description\" content=\"Aruba dB, una loseta de techo suspendido de alto rendimiento, es una manera f\u00e1cil de crear interiores privados. \u00a1Saber m\u00e1s!\" \/>\n<meta property=\"og:url\" content=\"https:\/\/www.zentia.com\/es-es\/soluciones\/productos\/paneles-de-techo\/aruba-db\/\" \/>\n<meta property=\"og:site_name\" content=\"Zentia\" \/>\n<meta property=\"article:modified_time\" content=\"2025-12-18T11:18:03+00:00\" \/>\n<meta name=\"twitter:card\" content=\"summary_large_image\" \/>\n<script type=\"application\/ld+json\" class=\"yoast-schema-graph\">{\"@context\":\"https:\\\/\\\/schema.org\",\"@graph\":[{\"@type\":\"WebPage\",\"@id\":\"https:\\\/\\\/www.zentia.com\\\/es-es\\\/soluciones\\\/productos\\\/paneles-de-techo\\\/aruba-db\\\/\",\"url\":\"https:\\\/\\\/www.zentia.com\\\/es-es\\\/soluciones\\\/productos\\\/paneles-de-techo\\\/aruba-db\\\/\",\"name\":\"Aruba dB | Zentia\",\"isPartOf\":{\"@id\":\"https:\\\/\\\/www.zentia.com\\\/es-es\\\/#website\"},\"datePublished\":\"2023-09-13T08:05:27+00:00\",\"dateModified\":\"2025-12-18T11:18:03+00:00\",\"description\":\"Aruba dB, una loseta de techo suspendido de alto rendimiento, es una manera f\u00e1cil de crear interiores privados. \u00a1Saber m\u00e1s!\",\"breadcrumb\":{\"@id\":\"https:\\\/\\\/www.zentia.com\\\/es-es\\\/soluciones\\\/productos\\\/paneles-de-techo\\\/aruba-db\\\/#breadcrumb\"},\"inLanguage\":\"es\",\"potentialAction\":[{\"@type\":\"ReadAction\",\"target\":[\"https:\\\/\\\/www.zentia.com\\\/es-es\\\/soluciones\\\/productos\\\/paneles-de-techo\\\/aruba-db\\\/\"]}]},{\"@type\":\"BreadcrumbList\",\"@id\":\"https:\\\/\\\/www.zentia.com\\\/es-es\\\/soluciones\\\/productos\\\/paneles-de-techo\\\/aruba-db\\\/#breadcrumb\",\"itemListElement\":[{\"@type\":\"ListItem\",\"position\":1,\"name\":\"Inicio\",\"item\":\"https:\\\/\\\/www.zentia.com\\\/es-es\\\/\"},{\"@type\":\"ListItem\",\"position\":2,\"name\":\"Aruba dB\"}]},{\"@type\":\"WebSite\",\"@id\":\"https:\\\/\\\/www.zentia.com\\\/es-es\\\/#website\",\"url\":\"https:\\\/\\\/www.zentia.com\\\/es-es\\\/\",\"name\":\"Zentia\",\"description\":\"\",\"potentialAction\":[{\"@type\":\"SearchAction\",\"target\":{\"@type\":\"EntryPoint\",\"urlTemplate\":\"https:\\\/\\\/www.zentia.com\\\/es-es\\\/?s={search_term_string}\"},\"query-input\":{\"@type\":\"PropertyValueSpecification\",\"valueRequired\":true,\"valueName\":\"search_term_string\"}}],\"inLanguage\":\"es\"}]}<\/script>\n<!-- \/ Yoast SEO plugin. -->","yoast_head_json":{"title":"Aruba dB | Zentia","description":"Aruba dB, una loseta de techo suspendido de alto rendimiento, es una manera f\u00e1cil de crear interiores privados. \u00a1Saber m\u00e1s!","robots":{"index":"index","follow":"follow","max-snippet":"max-snippet:-1","max-image-preview":"max-image-preview:large","max-video-preview":"max-video-preview:-1"},"canonical":"https:\/\/www.zentia.com\/es-es\/soluciones\/productos\/paneles-de-techo\/aruba-db\/","og_locale":"es_ES","og_type":"article","og_title":"Aruba dB | Zentia","og_description":"Aruba dB, una loseta de techo suspendido de alto rendimiento, es una manera f\u00e1cil de crear interiores privados. \u00a1Saber m\u00e1s!","og_url":"https:\/\/www.zentia.com\/es-es\/soluciones\/productos\/paneles-de-techo\/aruba-db\/","og_site_name":"Zentia","article_modified_time":"2025-12-18T11:18:03+00:00","twitter_card":"summary_large_image","schema":{"@context":"https:\/\/schema.org","@graph":[{"@type":"WebPage","@id":"https:\/\/www.zentia.com\/es-es\/soluciones\/productos\/paneles-de-techo\/aruba-db\/","url":"https:\/\/www.zentia.com\/es-es\/soluciones\/productos\/paneles-de-techo\/aruba-db\/","name":"Aruba dB | Zentia","isPartOf":{"@id":"https:\/\/www.zentia.com\/es-es\/#website"},"datePublished":"2023-09-13T08:05:27+00:00","dateModified":"2025-12-18T11:18:03+00:00","description":"Aruba dB, una loseta de techo suspendido de alto rendimiento, es una manera f\u00e1cil de crear interiores privados. \u00a1Saber m\u00e1s!","breadcrumb":{"@id":"https:\/\/www.zentia.com\/es-es\/soluciones\/productos\/paneles-de-techo\/aruba-db\/#breadcrumb"},"inLanguage":"es","potentialAction":[{"@type":"ReadAction","target":["https:\/\/www.zentia.com\/es-es\/soluciones\/productos\/paneles-de-techo\/aruba-db\/"]}]},{"@type":"BreadcrumbList","@id":"https:\/\/www.zentia.com\/es-es\/soluciones\/productos\/paneles-de-techo\/aruba-db\/#breadcrumb","itemListElement":[{"@type":"ListItem","position":1,"name":"Inicio","item":"https:\/\/www.zentia.com\/es-es\/"},{"@type":"ListItem","position":2,"name":"Aruba dB"}]},{"@type":"WebSite","@id":"https:\/\/www.zentia.com\/es-es\/#website","url":"https:\/\/www.zentia.com\/es-es\/","name":"Zentia","description":"","potentialAction":[{"@type":"SearchAction","target":{"@type":"EntryPoint","urlTemplate":"https:\/\/www.zentia.com\/es-es\/?s={search_term_string}"},"query-input":{"@type":"PropertyValueSpecification","valueRequired":true,"valueName":"search_term_string"}}],"inLanguage":"es"}]}},"_links":{"self":[{"href":"https:\/\/www.zentia.com\/es-es\/wp-json\/wp\/v2\/product\/6703","targetHints":{"allow":["GET"]}}],"collection":[{"href":"https:\/\/www.zentia.com\/es-es\/wp-json\/wp\/v2\/product"}],"about":[{"href":"https:\/\/www.zentia.com\/es-es\/wp-json\/wp\/v2\/types\/product"}],"acf:post":[{"embeddable":true,"href":"https:\/\/www.zentia.com\/es-es\/wp-json\/wp\/v2\/download\/7023"}],"wp:attachment":[{"href":"https:\/\/www.zentia.com\/es-es\/wp-json\/wp\/v2\/media?parent=6703"}],"wp:term":[{"taxonomy":"product-type","embeddable":true,"href":"https:\/\/www.zentia.com\/es-es\/wp-json\/wp\/v2\/product-type?post=6703"}],"curies":[{"name":"wp","href":"https:\/\/api.w.org\/{rel}","templated":true}]}}