{"id":6704,"date":"2023-09-13T09:15:21","date_gmt":"2023-09-13T08:15:21","guid":{"rendered":"https:\/\/zentia1.wpenginepowered.com\/es-es\/?post_type=product&#038;p=6704"},"modified":"2025-12-18T11:18:26","modified_gmt":"2025-12-18T11:18:26","slug":"aruba-max","status":"publish","type":"product","link":"https:\/\/www.zentia.com\/es-es\/soluciones\/productos\/paneles-de-techo\/aruba-max\/","title":{"rendered":"Aruba Max"},"featured_media":0,"parent":0,"template":"","product-type":[652],"class_list":["post-6704","product","type-product","status-publish","hentry","product-family-category-aruba","product-type-paneles-de-techo","edge-detail-board","edge-detail-tegular15","edge-detail-tegular24","sound-absorption-class-c","sound-reduction-823","product-colour-global-white","product-sizes-1200mm-l-x-600mm-w-x-18mm-t","product-sizes-600mm-l-x-600mm-w-x-18mm-t","sound-absorption-alpha-0-65","sound-absorption-nrc-0-6","sound-attentuation-825","solution-finder-toggle-x","recycled-content-0-46","humidity-resistance-0-95","cleanroom-classification-822"],"acf":{"hero":{"title":"Aruba Max","sub_label":"","introduction":"Aruba Max es la variaci\u00f3n m\u00e1s robusta de la popular gama de techo modular Aruba de Zentia, dise\u00f1ada para interiores que necesiten un mayor rendimiento t\u00e9cnico. Con un mayor espesor de las placas, Aruba Max proporciona un mejor rendimiento ac\u00fastico, lo que lo convierte en un techo modular ideal para aulas.\r\n\r\nAruba Max tiene la superficie arenosa fina para un acabado suave y atractivo. Con los cantos reforzados para mayor durabilidad, es f\u00e1cil de manejar e instalar en obra. Es una buena opci\u00f3n para interiores que requieren un acceso frecuente a plenum.\r\n\r\nAruba Max puede ser adquirido en cualquiera de los distribuidores de Zentia.\r\n<ul>\r\n \t<li><strong>Dise\u00f1o ac\u00fastico:<\/strong> Aruba Max consigue los est\u00e1ndares de dise\u00f1o ac\u00fastico para escuelas descritos en BB93 y TGD 021-5. Dise\u00f1e techos para escuelas con confianza y compruebe el rendimiento ac\u00fastico con la calculadora ac\u00fastica en l\u00ednea de Zentia.<\/li>\r\n \t<li><strong>Fiable y estable:<\/strong> Aruba Max es compatible con los sistemas de perfiler\u00edas para techo modular de Zentia, combin\u00e1ndose con los diferentes detalles de borde para una variedad de acabados de techo y efectos visuales. Tiene una garant\u00eda de producto de por vida, ya sea que se compre solo o junto con la perfiler\u00eda de Zentia.<\/li>\r\n \t<li><strong>Fabricado en UK:<\/strong> El techo Aruba Max est\u00e1 fabricado en UK y con disponibilidad inmediata a trav\u00e9s de la red de distribuidores de Zentia.<\/li>\r\n<\/ul>","introduction_short":"Aruba Max es la variaci\u00f3n m\u00e1s robusta de la popular gama de techo modular Aruba de Zentia, dise\u00f1ada para interiores que necesiten un mayor rendimiento t\u00e9cnico. Con un mayor espesor de las placas, Aruba Max proporciona un mejor rendimiento ac\u00fastico, lo que lo convierte en un techo modular ideal para aulas.","gallery":[7850,7857,7854],"datasheet":"","video_url":"","space_bottom":false},"images":null,"product_variant_alt_toggle":true,"product_variant":[{"edge_detail":"Board","product_image":"","variant_information":"Las placas de techo Aruba Max Board tienen los cantos rectos cortados con precisi\u00f3n, lo que garantiza una instalaci\u00f3n sin esfuerzo cuando se combina con los sistemas de suspensi\u00f3n de Zentia. Las placas Aruba Max brindan una superficie uniforme y nivelada dejando vista la perfiler\u00eda met\u00e1lica. Este modelo de techo modular mantiene un dise\u00f1o sim\u00e9trico en todo el espacio, lo que proporciona una est\u00e9tica discreta.","variant_additional_information":"<h2>Aruba Max Placas de techo modular<\/h2>\r\n<h3>Caracter\u00edsticas T\u00e9cnicas<\/h3>\r\n<strong>Ac\u00fastica<\/strong>\r\n\r\nEl techo modular Aruba Max combina la absorci\u00f3n ac\u00fastica Clase C, con un nivel de atenuaci\u00f3n del sonido de 35dB. Esta poderosa combinaci\u00f3n de capacidades ac\u00fasticas asegura que Aruba Max reduzca efectivamente el ruido de fondo. Aruba Max es la elecci\u00f3n perfecta para una amplia gama de entornos interiores, especialmente donde el sonido tiene que expandirse para aumentar la eficiencia y la comodidad de la sala, por ejemplo, en las aulas.\r\n\r\n<strong>Sostenibilidad<\/strong>\r\n\r\nLas placas Aruba Max contienen hasta un 46 % de materiales de contenido reciclado y est\u00e1n fabricados con papel reciclado, almid\u00f3n y calcita. Estas placas son igualmente reciclables.\r\n\r\nAdicionalmente, las placas Aruba Max tienen la clasificaci\u00f3n E1 en emisiones de formaldehido y consigue la certificaci\u00f3n Eurofins Indoor Air Comfort de bajas emisiones COV (compuestos org\u00e1nicos vol\u00e1tiles).\r\n\r\n<strong>Seguridad frente al fuego y otras caracter\u00edsticas t\u00e9cnicas<\/strong>\r\n\r\nLas placas Aruba Max han sido clasificadas seg\u00fan la norma contra incendios EN 13501-1 y tienen clasificaci\u00f3n A2-s1,d0. Esto significa que, en situaciones de incendio completamente desarrollado, las placas de techo Aruba Max no contribuir\u00e1n significativamente a la propagaci\u00f3n y expansi\u00f3n del fuego.\r\n\r\nAdicionalmente, estas placas no solo son duraderas y resistentes al rayado, sino que tambi\u00e9n se pueden limpiar c\u00f3modamente con una esponja h\u00fameda. Adem\u00e1s, cuentan con una impresionante calificaci\u00f3n del 95 % de resistencia a la humedad relativa.","sub_variants":[{"edge_detail":"Board","images":[{"image":7852},{"image":6814},{"image":6815}],"cls_item_number":"BP5471M4A,BP5471M4ABK1,BP5471M4ABL1,BP5471M4ABL2,BP5471M4ABL3,BP5471M4ABL4,BP5471M4ABL5,BP5471M4ABR1,BP5471M4ABR2,BP5471M4ABR3,BP5471M4ABR4,BP5471M4AGR1,BP5471M4AGR2,BP5471M4AGR3,BP5471M4AGR4,BP5471M4AGR5,BP5471M4AGY1,BP5471M4AGY2,BP5471M4AGY3,BP5471M4AOR1,BP5471M4AOR2,BP5471M4AOR3,BP5471M4APU1,BP5471M4APU2,BP5471M4APU3,BP5471M4APU4,BP5471M4APU5,BP5471M4ARE1,BP5471M4ARE2,BP5471M4ARE3,BP5471M4ARE4,BP5471M4ARE5,BP5471M4AYE1,BP5471M4AYE2,BP5471M4AYE3","cls_description":"Aruba Max Board","shortcode":"5471M,5471MBK1,5471MBL1,5471MBL2,5471MBL2,5471MBL3,5471MBL4,5471MBL5,5471MBR1,5471MBR2,5471MBR3,5471MBR4,5471MGR1,5471MGR2,5471MGR3,5471MGR4,5471MGR5,5471MGY1,5471MGY2,5471MGY3,5471MOR1,5471MOR2,5471MOR3,5471MPU1,5471MPU2,5471MPU3,5471MPU4,5471MPU5,5471MRE1,5471MRE2,5471MRE3,5471MRE4,5471MRE5,5471MYE1,5471MYE2,5471MYE3","dimensions":"600mm (L) x 600mm (W) x 18mm (T)","colour_text":"Blanco","colour_select":[951],"surface_sifyb":"","recyclable":"Yes","recycled_content":"46%","recyclable_through_zentia":"","cleanability_types":"","clean_room_classification":"","cradle_two_cradle_certification":"","durability":"","humidity_resistance_rh":"95%","light_reflectance":"","fire_reaction_en135011":"A2-s1,d0","iac_level":"","material":"","rout_slot_spacing_and_uom":"","cross_tee_main_runner_interface":"","corrosive_resistant":"","fire_performance":"","clean_room":"","end_detail":"","formaldehyde_emissions":"E1","low_voc_emissions":"A","sound_absorption":"0.65","sound_absorption_class":"C","sound_reduction_index":"17","sound_attenuation":"35","sound_absorption_nrc":"0.6","compatible_grid_product_code":"BP312021A~BP312021BKA~BP312021SGA~BP312021WRA~BP313051B~BP313051BKB~BP313051SGB~BP313051WRB~BP314032A~BP314032BKA~BP314032SGA~BP314032WRA~BP092031~BP092031BK~BP092031SG~BP092031WR~BP093031~BP093031BK~BP093031SG~BP093031WR~BP093632~BP314032A~BP314032BKA~BP314032SGA~BP314032WRA~BPBERC2~BPES4~BPSJCG~BPSJMR15~BP400993~BP403493~BP404093G","floating_ceiling_frame_product_code":"BPAX22G24~BPAX32G24~BPAX33G24~BPAX42G24~BPAX43G24~BPAX44G24~BPAX52G24~BPAX53G24~BPAX54G24~BPAX55G24~BPCSAK22G24~BPCSAK32G24~BPCSAK33G24~BPCSAK42G24~BPCSAK43G24~BPCSAK44G24~BPCSAK52G24~BPCSAK53G24~BPCSAK54G24~BPCSAK55G24~BPCSAL32G24~BPCSAL33G24~BPCSAL42G24~BPCSAL43G24~BPCSAL44G24","installation_accessories":"","accessories":null},{"edge_detail":"Board","images":[{"image":7852},{"image":6814},{"image":6815}],"cls_item_number":"BP5472M4A,BP5472M4ABK1,BP5472M4ABL1,BP5472M4ABL2,BP5472M4ABL3,BP5472M4ABL4,BP5472M4ABL5,BP5472M4ABR1,BP5472M4ABR2,BP5472M4ABR3,BP5472M4ABR4,BP5472M4AGR1,BP5472M4AGR2,BP5472M4AGR3,BP5472M4AGR4,BP5472M4AGR5,BP5472M4AGY1,BP5472M4AGY2,BP5472M4AGY3,BP5472M4AOR1,BP5472M4AOR2,BP5472M4AOR3,BP5472M4APU1,BP5472M4APU2,BP5472M4APU3,BP5472M4APU4,BP5472M4APU5,BP5472M4ARE1,BP5472M4ARE2,BP5472M4ARE3,BP5472M4ARE4,BP5472M4ARE5,BP5472M4AYE1,BP5472M4AYE2,BP5472M4AYE3","cls_description":"Aruba Max Board","shortcode":"5472M,5472MBK1,5472MBL1,5472MBL2,5472MBL3,5472MBL4,5472MBL5,5472MBR1,5472MBR2,5472MBR3,5472MBR4,5472MGR1,5472MGR2,5472MGR3,5472MGR4,5472MGR5,5472MGY1,5472MGY2,5472MGY3,5472MOR1,5472MOR2,5472MOR3,5472MPU1,5472MPU2,5472MPU3,5472MPU4,5472MPU5,5472MRE1,5472MRE2,5472MRE3,5472MRE4,5472MRE5,5472MYE1,5472MYE2,5472MYE3","dimensions":"1200mm (L) x 600mm (W) x 18mm (T)","colour_text":"Black","colour_select":[951],"surface_sifyb":"","recyclable":"Yes","recycled_content":"46%","recyclable_through_zentia":"","cleanability_types":"","clean_room_classification":"","cradle_two_cradle_certification":"","durability":"","humidity_resistance_rh":"95%","light_reflectance":"","fire_reaction_en135011":"A2-s1,d0","iac_level":"","material":"","rout_slot_spacing_and_uom":"","cross_tee_main_runner_interface":"","corrosive_resistant":"","fire_performance":"","clean_room":"","end_detail":"","formaldehyde_emissions":"E1","low_voc_emissions":"A","sound_absorption":"0.65","sound_absorption_class":"C","sound_reduction_index":"17","sound_attenuation":"3","sound_absorption_nrc":"0.6","compatible_grid_product_code":"BP312021A~BP312021BKA~BP312021SGA~BP312021WRA~BP313051B~BP313051BKB~BP313051SGB~BP313051WRB~BP314032A~BP314032BKA~BP314032SGA~BP314032WRA~BP092031~BP092031BK~BP092031SG~BP092031WR~BP093031~BP093031BK~BP093031SG~BP093031WR~BP093632~BP314032A~BP314032BKA~BP314032SGA~BP314032WRA~BP400993~BP403493~BP404093G","floating_ceiling_frame_product_code":"BPAX22G24~BPAX32G24~BPAX33G24~BPAX42G24~BPAX43G24~BPAX44G24~BPAX52G24~BPAX53G24~BPAX54G24~BPAX55G24~BPCSAK22G24~BPCSAK32G24~BPCSAK33G24~BPCSAK42G24~BPCSAK43G24~BPCSAK44G24~BPCSAK52G24~BPCSAK53G24~BPCSAK54G24~BPCSAK55G24~BPCSAL32G24~BPCSAL33G24~BPCSAL42G24~BPCSAL43G24~BPCSAL44G24","installation_accessories":"","accessories":null}],"override_related_items":false,"related_project_gallery":null,"related_faqs":null,"related_products":null,"related_documents_and_downloads":null,"download_all_documents":null},{"edge_detail":"Tegular24","product_image":"","variant_information":"Puede elegir el modelo Aruba Max con el detalle de borde Tegular24. Cortada en un \u00e1ngulo abierto de 105 grados, este tipo de borde crea una ca\u00edda sutil de la placa respecto al nivel superior de la perfiler\u00eda. Este elegante borde semi-biselado aporta un toque de sofisticaci\u00f3n visual a su dise\u00f1o de techo. ","variant_additional_information":"<h2>Aruba Max Placas de techo modular<\/h2>\r\n<h3>Caracter\u00edsticas T\u00e9cnicas<\/h3>\r\n<strong>Ac\u00fastica<\/strong>\r\n\r\nEl techo modular Aruba Max combina la absorci\u00f3n ac\u00fastica Clase C, con un nivel de atenuaci\u00f3n del sonido de 35dB. Esta poderosa combinaci\u00f3n de capacidades ac\u00fasticas asegura que Aruba Max reduzca efectivamente el ruido de fondo. Aruba Max es la elecci\u00f3n perfecta para una amplia gama de entornos interiores, especialmente donde el sonido tiene que expandirse para aumentar la eficiencia y la comodidad de la sala, por ejemplo, en las aulas.\r\n\r\n<strong>Sostenibilidad<\/strong>\r\n\r\nLas placas Aruba Max contienen hasta un 46 % de materiales de contenido reciclado y est\u00e1n fabricados con papel reciclado, almid\u00f3n y calcita. Estas placas son igualmente reciclables.\r\n\r\nAdicionalmente, las placas Aruba Max tienen la clasificaci\u00f3n E1 en emisiones de formaldehido y consigue la certificaci\u00f3n Eurofins Indoor Air Comfort de bajas emisiones COV (compuestos org\u00e1nicos vol\u00e1tiles).\r\n\r\n<strong>Seguridad frente al fuego y otras caracter\u00edsticas t\u00e9cnicas<\/strong>\r\n\r\nLas placas Aruba Max han sido clasificadas seg\u00fan la norma contra incendios EN 13501-1 y tienen clasificaci\u00f3n A2-s1,d0. Esto significa que, en situaciones de incendio completamente desarrollado, las placas de techo Aruba Max no contribuir\u00e1n significativamente a la propagaci\u00f3n y expansi\u00f3n del fuego.\r\n\r\nAdicionalmente, estas placas no solo son duraderas y resistentes al rayado, sino que tambi\u00e9n se pueden limpiar c\u00f3modamente con una esponja h\u00fameda. Adem\u00e1s, cuentan con una impresionante calificaci\u00f3n del 95 % de resistencia a la humedad relativa.","sub_variants":[{"edge_detail":"Tegular24","images":[{"image":6820},{"image":6821}],"cls_item_number":"BP5473M4A,BP5473M4ABK1,BP5473M4ABL1,BP5473M4ABL2,BP5473M4ABL3,BP5473M4ABL4,BP5473M4ABL5,BP5473M4ABR1,BP5473M4ABR2,BP5473M4ABR3,BP5473M4ABR4,BP5473M4AGR1,BP5473M4AGR2,BP5473M4AGR3,BP5473M4AGR4,BP5473M4AGR5,BP5473M4AGY1,BP5473M4AGY2,BP5473M4AGY3,BP5473M4AOR1,BP5473M4AOR2,BP5473M4AOR3,BP5473M4APU1,BP5473M4APU2,BP5473M4APU3,BP5473M4APU4,BP5473M4APU5,BP5473M4ARE1,BP5473M4ARE2,BP5473M4ARE3,BP5473M4ARE4,BP5473M4ARE5,BP5473M4AYE1,BP5473M4AYE2,BP5473M4AYE3","cls_description":"Aruba Max Tegular24","shortcode":"5473M,5473MBK1,5473MBL1,5473MBL2,5473MBL3,5473MBL4,5473MBL5,5473MBR1,5473MBR2,5473MBR3,5473MBR4,5473MGR1,5473MGR2,5473MGR3,5473MGR4,5473MGR5,5473MGY1,5473MGY2,5473MGY3,5473MOR1,5473MOR2,5473MOR3,5473MPU1,5473MPU2,5473MPU3,5473MPU4,5473MPU5,5473MRE1,5473MRE2,5473MRE3,5473MRE4,5473MRE5,5473MYE1,5473MYE2,5473MYE3","dimensions":"600mm (L) x 600mm (W) x 18mm (T)","colour_text":"Blanco","colour_select":[951],"surface_sifyb":"","recyclable":"Yes","recycled_content":"46%","recyclable_through_zentia":"","cleanability_types":"","clean_room_classification":"","cradle_two_cradle_certification":"","durability":"","humidity_resistance_rh":"95%","light_reflectance":"","fire_reaction_en135011":"A2-s1,d0","iac_level":"","material":"","rout_slot_spacing_and_uom":"","cross_tee_main_runner_interface":"","corrosive_resistant":"","fire_performance":"","clean_room":"","end_detail":"","formaldehyde_emissions":"E1","low_voc_emissions":"A","sound_absorption":"0.65","sound_absorption_class":"C","sound_reduction_index":"17","sound_attenuation":"34","sound_absorption_nrc":"0.6","compatible_grid_product_code":"BP312021A~BP312021BKA~BP312021SGA~BP312021WRA~BP313051B~BP313051BKB~BP313051SGB~BP313051WRB~BP314032A~BP314032BKA~BP314032SGA~BP314032WRA~BP092031~BP092031BK~BP092031SG~BP092031WR~BP093031~BP093031BK~BP093031SG~BP093031WR~BP093632~BP314032A~BP314032BKA~BP314032SGA~BP314032WRA~BPBERC2~BPES4~BPSJCG~BPSJMR15~BP400993~BP403493~BP404093G","floating_ceiling_frame_product_code":"BPAX22G24~BPAX32G24~BPAX33G24~BPAX42G24~BPAX43G24~BPAX44G24~BPAX52G24~BPAX53G24~BPAX54G24~BPAX55G24~BPCSACI33G24~BPCSACI44G24~BPCSACU43G24~BPCSACU44G24~BPCSACU53G24~BPCSACU55G24~BPCSAK22G24~BPCSAK32G24~BPCSAK33G24~BPCSAK42G24~BPCSAK43G24~BPCSAK44G24~BPCSAK52G24~BPCSAK53G24~BPCSAK54G24~BPCSAK55G24~BPCSAL32G24~BPCSAL33G24~BPCSAL42G24~BPCSAL43G24~BPCSAL44G24","installation_accessories":"","accessories":null}],"override_related_items":false,"related_project_gallery":null,"related_faqs":null,"related_products":null,"related_documents_and_downloads":null,"download_all_documents":null},{"edge_detail":"Tegular15","product_image":"","variant_information":"Cortadas con \u00e1ngulos precisos de 90 grados, los bordes Tegular15 permiten colocar la placas de techo Aruba Max justo debajo del perfil de techo de 15 mm. Esta ubicaci\u00f3n estrat\u00e9gica oculta parcialmente la perfiler\u00eda met\u00e1lica cuando se mira desde el nivel del suelo, lo que produce un intrigante efecto de sombra. Adopte la interacci\u00f3n de luces y sombras incorporando color. ","variant_additional_information":"<h2>Aruba Max Placas de techo modular<\/h2>\r\n<h3>Caracter\u00edsticas T\u00e9cnicas<\/h3>\r\n<strong>Ac\u00fastica<\/strong>\r\n\r\nEl techo modular Aruba Max combina la absorci\u00f3n ac\u00fastica Clase C, con un nivel de atenuaci\u00f3n del sonido de 35dB. Esta poderosa combinaci\u00f3n de capacidades ac\u00fasticas asegura que Aruba Max reduzca efectivamente el ruido de fondo. Aruba Max es la elecci\u00f3n perfecta para una amplia gama de entornos interiores, especialmente donde el sonido tiene que expandirse para aumentar la eficiencia y la comodidad de la sala, por ejemplo, en las aulas.\r\n\r\n<strong>Sostenibilidad<\/strong>\r\n\r\nLas placas Aruba Max contienen hasta un 46 % de materiales de contenido reciclado y est\u00e1n fabricados con papel reciclado, almid\u00f3n y calcita. Estas placas son igualmente reciclables.\r\n\r\nAdicionalmente, las placas Aruba Max tienen la clasificaci\u00f3n E1 en emisiones de formaldehido y consigue la certificaci\u00f3n Eurofins Indoor Air Comfort de bajas emisiones COV (compuestos org\u00e1nicos vol\u00e1tiles).\r\n\r\n<strong>Seguridad frente al fuego y otras caracter\u00edsticas t\u00e9cnicas<\/strong>\r\n\r\nLas placas Aruba Max han sido clasificadas seg\u00fan la norma contra incendios EN 13501-1 y tienen clasificaci\u00f3n A2-s1,d0. Esto significa que, en situaciones de incendio completamente desarrollado, las placas de techo Aruba Max no contribuir\u00e1n significativamente a la propagaci\u00f3n y expansi\u00f3n del fuego.\r\n\r\nAdicionalmente, estas placas no solo son duraderas y resistentes al rayado, sino que tambi\u00e9n se pueden limpiar c\u00f3modamente con una esponja h\u00fameda. Adem\u00e1s, cuentan con una impresionante calificaci\u00f3n del 95 % de resistencia a la humedad relativa.","sub_variants":[{"edge_detail":"Tegular15","images":[{"image":6817},{"image":6818}],"cls_item_number":"BP5475M4A,BP5475M4ABK1,BP5475M4ABL1,BP5475M4ABL2,BP5475M4ABL3,BP5475M4ABL4,BP5475M4ABL5,BP5475M4ABR1,BP5475M4ABR2,BP5475M4ABR3,BP5475M4ABR4,BP5475M4AGR1,BP5475M4AGR2,BP5475M4AGR3,BP5475M4AGR4,BP5475M4AGR5,BP5475M4AGY1,BP5475M4AGY2,BP5475M4AGY3,BP5475M4AOR1,BP5475M4AOR2,BP5475M4AOR3,BP5475M4APU1,BP5475M4APU2,BP5475M4APU3,BP5475M4APU4,BP5475M4APU5,BP5475M4ARE1,BP5475M4ARE2,BP5475M4ARE3,BP5475M4ARE4,BP5475M4ARE5,BP5475M4AYE1,BP5475M4AYE2,BP5475M4AYE3","cls_description":"Aruba Max Tegular15","shortcode":"5475M,5475MBK1,5475MBL1,5475MBL2,5475MBL3,5475MBL4,5475MBL5,5475MBR1,5475MBR2,5475MBR3,5475MBR4,5475MGR1,5475MGR2,5475MGR3,5475MGR4,5475MGR5,5475MGY1,5475MGY2,5475MGY3,5475MOR1,5475MOR2,5475MOR3,5475MPU1,5475MPU2,5475MPU3,5475MPU4,5475MPU5,5475MRE1,5475MRE2,5475MRE3,5475MRE4,5475MRE5,5475MYE1,5475MYE2,5475MYE3","dimensions":"600mm (L) x 600mm (W) x 18mm (T)","colour_text":"","colour_select":[951],"surface_sifyb":"","recyclable":"Yes","recycled_content":"46%","recyclable_through_zentia":"","cleanability_types":"","clean_room_classification":"","cradle_two_cradle_certification":"","durability":"","humidity_resistance_rh":"95%","light_reflectance":"","fire_reaction_en135011":"A2-s1,d0","iac_level":"","material":"","rout_slot_spacing_and_uom":"","cross_tee_main_runner_interface":"","corrosive_resistant":"","fire_performance":"","clean_room":"","end_detail":"","formaldehyde_emissions":"E1","low_voc_emissions":"A","sound_absorption":"0.65","sound_absorption_class":"C","sound_reduction_index":"17","sound_attenuation":"35","sound_absorption_nrc":"0.6","compatible_grid_product_code":"BP102033A~BP102033BKA~BP102033SGA~BP102033WRA~BP103033A~BP103033BKA~BP103033SGA~BP103033WRA~BP103633A~BP302033B~BP302033BKB~BP302033SGB~BP302033WRB~BP303033B~BP303033BKB~BP303033SGB~BP303033WRB~BP303632~BP612042G~BP613042G~BP614042H~BP812042WRG~BP813042WRG~BP814042WRG~BPMCC4G","floating_ceiling_frame_product_code":"BPAX22G15~BPAX32G15~BPAX33G15~BPAX42G15~BPAX43G15~BPAX44G15~BPAX52G15~BPAX53G15~BPAX54G15~BPAX55G15~BPCSACI33G15~BPCSACI44G15~BPCSAK22G15~BPCSAK32G15~BPCSAK33G15~BPCSAK42G15~BPCSAK43G15~BPCSAK44G15~BPCSAK52G15~BPCSAK53G15~BPCSAK54G15~BPCSAK55G15","installation_accessories":"","accessories":null}],"override_related_items":false,"related_project_gallery":null,"related_faqs":null,"related_products":null,"related_documents_and_downloads":null,"download_all_documents":null}],"import_data":"","file_label":"Descargar ficha t\u00e9cnica","file":8815,"warranties":null,"product_manuals":null,"nbs":"","documents_downloads_title":"Documentos relacionados","related_documents_and_downloads":[7023],"download_bim":"","download_all_documents":"","listing_label":"","solution_finder_toggle":false,"solution_finder_intro":"","solution_finder_points":null,"template":{"":null,"related_project_gallery":[2183],"template_faq":[6787,6775,6783,6773],"space_bottom":false,"related_products_title":"","related_products":[6702,6703,6705,6940],"hide_form":false}},"yoast_head":"<!-- This site is optimized with the Yoast SEO plugin v27.3 - https:\/\/yoast.com\/product\/yoast-seo-wordpress\/ -->\n<title>Aruba Max | Zentia<\/title>\n<meta name=\"description\" content=\"Aruba Max es una placa de techo suspendido dise\u00f1ada para interiores que requieren un mayor rendimiento t\u00e9cnico. \u00a1Descubre m\u00e1s!\" \/>\n<meta name=\"robots\" content=\"index, follow, max-snippet:-1, max-image-preview:large, max-video-preview:-1\" \/>\n<link rel=\"canonical\" href=\"https:\/\/www.zentia.com\/es-es\/soluciones\/productos\/paneles-de-techo\/aruba-max\/\" \/>\n<meta property=\"og:locale\" content=\"es_ES\" \/>\n<meta property=\"og:type\" content=\"article\" \/>\n<meta property=\"og:title\" content=\"Aruba Max | Zentia\" \/>\n<meta property=\"og:description\" content=\"Aruba Max es una placa de techo suspendido dise\u00f1ada para interiores que requieren un mayor rendimiento t\u00e9cnico. \u00a1Descubre m\u00e1s!\" \/>\n<meta property=\"og:url\" content=\"https:\/\/www.zentia.com\/es-es\/soluciones\/productos\/paneles-de-techo\/aruba-max\/\" \/>\n<meta property=\"og:site_name\" content=\"Zentia\" \/>\n<meta property=\"article:modified_time\" content=\"2025-12-18T11:18:26+00:00\" \/>\n<meta name=\"twitter:card\" content=\"summary_large_image\" \/>\n<script type=\"application\/ld+json\" class=\"yoast-schema-graph\">{\"@context\":\"https:\\\/\\\/schema.org\",\"@graph\":[{\"@type\":\"WebPage\",\"@id\":\"https:\\\/\\\/www.zentia.com\\\/es-es\\\/soluciones\\\/productos\\\/paneles-de-techo\\\/aruba-max\\\/\",\"url\":\"https:\\\/\\\/www.zentia.com\\\/es-es\\\/soluciones\\\/productos\\\/paneles-de-techo\\\/aruba-max\\\/\",\"name\":\"Aruba Max | Zentia\",\"isPartOf\":{\"@id\":\"https:\\\/\\\/www.zentia.com\\\/es-es\\\/#website\"},\"datePublished\":\"2023-09-13T08:15:21+00:00\",\"dateModified\":\"2025-12-18T11:18:26+00:00\",\"description\":\"Aruba Max es una placa de techo suspendido dise\u00f1ada para interiores que requieren un mayor rendimiento t\u00e9cnico. \u00a1Descubre m\u00e1s!\",\"breadcrumb\":{\"@id\":\"https:\\\/\\\/www.zentia.com\\\/es-es\\\/soluciones\\\/productos\\\/paneles-de-techo\\\/aruba-max\\\/#breadcrumb\"},\"inLanguage\":\"es\",\"potentialAction\":[{\"@type\":\"ReadAction\",\"target\":[\"https:\\\/\\\/www.zentia.com\\\/es-es\\\/soluciones\\\/productos\\\/paneles-de-techo\\\/aruba-max\\\/\"]}]},{\"@type\":\"BreadcrumbList\",\"@id\":\"https:\\\/\\\/www.zentia.com\\\/es-es\\\/soluciones\\\/productos\\\/paneles-de-techo\\\/aruba-max\\\/#breadcrumb\",\"itemListElement\":[{\"@type\":\"ListItem\",\"position\":1,\"name\":\"Inicio\",\"item\":\"https:\\\/\\\/www.zentia.com\\\/es-es\\\/\"},{\"@type\":\"ListItem\",\"position\":2,\"name\":\"Aruba Max\"}]},{\"@type\":\"WebSite\",\"@id\":\"https:\\\/\\\/www.zentia.com\\\/es-es\\\/#website\",\"url\":\"https:\\\/\\\/www.zentia.com\\\/es-es\\\/\",\"name\":\"Zentia\",\"description\":\"\",\"potentialAction\":[{\"@type\":\"SearchAction\",\"target\":{\"@type\":\"EntryPoint\",\"urlTemplate\":\"https:\\\/\\\/www.zentia.com\\\/es-es\\\/?s={search_term_string}\"},\"query-input\":{\"@type\":\"PropertyValueSpecification\",\"valueRequired\":true,\"valueName\":\"search_term_string\"}}],\"inLanguage\":\"es\"}]}<\/script>\n<!-- \/ Yoast SEO plugin. -->","yoast_head_json":{"title":"Aruba Max | Zentia","description":"Aruba Max es una placa de techo suspendido dise\u00f1ada para interiores que requieren un mayor rendimiento t\u00e9cnico. \u00a1Descubre m\u00e1s!","robots":{"index":"index","follow":"follow","max-snippet":"max-snippet:-1","max-image-preview":"max-image-preview:large","max-video-preview":"max-video-preview:-1"},"canonical":"https:\/\/www.zentia.com\/es-es\/soluciones\/productos\/paneles-de-techo\/aruba-max\/","og_locale":"es_ES","og_type":"article","og_title":"Aruba Max | Zentia","og_description":"Aruba Max es una placa de techo suspendido dise\u00f1ada para interiores que requieren un mayor rendimiento t\u00e9cnico. \u00a1Descubre m\u00e1s!","og_url":"https:\/\/www.zentia.com\/es-es\/soluciones\/productos\/paneles-de-techo\/aruba-max\/","og_site_name":"Zentia","article_modified_time":"2025-12-18T11:18:26+00:00","twitter_card":"summary_large_image","schema":{"@context":"https:\/\/schema.org","@graph":[{"@type":"WebPage","@id":"https:\/\/www.zentia.com\/es-es\/soluciones\/productos\/paneles-de-techo\/aruba-max\/","url":"https:\/\/www.zentia.com\/es-es\/soluciones\/productos\/paneles-de-techo\/aruba-max\/","name":"Aruba Max | Zentia","isPartOf":{"@id":"https:\/\/www.zentia.com\/es-es\/#website"},"datePublished":"2023-09-13T08:15:21+00:00","dateModified":"2025-12-18T11:18:26+00:00","description":"Aruba Max es una placa de techo suspendido dise\u00f1ada para interiores que requieren un mayor rendimiento t\u00e9cnico. \u00a1Descubre m\u00e1s!","breadcrumb":{"@id":"https:\/\/www.zentia.com\/es-es\/soluciones\/productos\/paneles-de-techo\/aruba-max\/#breadcrumb"},"inLanguage":"es","potentialAction":[{"@type":"ReadAction","target":["https:\/\/www.zentia.com\/es-es\/soluciones\/productos\/paneles-de-techo\/aruba-max\/"]}]},{"@type":"BreadcrumbList","@id":"https:\/\/www.zentia.com\/es-es\/soluciones\/productos\/paneles-de-techo\/aruba-max\/#breadcrumb","itemListElement":[{"@type":"ListItem","position":1,"name":"Inicio","item":"https:\/\/www.zentia.com\/es-es\/"},{"@type":"ListItem","position":2,"name":"Aruba Max"}]},{"@type":"WebSite","@id":"https:\/\/www.zentia.com\/es-es\/#website","url":"https:\/\/www.zentia.com\/es-es\/","name":"Zentia","description":"","potentialAction":[{"@type":"SearchAction","target":{"@type":"EntryPoint","urlTemplate":"https:\/\/www.zentia.com\/es-es\/?s={search_term_string}"},"query-input":{"@type":"PropertyValueSpecification","valueRequired":true,"valueName":"search_term_string"}}],"inLanguage":"es"}]}},"_links":{"self":[{"href":"https:\/\/www.zentia.com\/es-es\/wp-json\/wp\/v2\/product\/6704","targetHints":{"allow":["GET"]}}],"collection":[{"href":"https:\/\/www.zentia.com\/es-es\/wp-json\/wp\/v2\/product"}],"about":[{"href":"https:\/\/www.zentia.com\/es-es\/wp-json\/wp\/v2\/types\/product"}],"acf:post":[{"embeddable":true,"href":"https:\/\/www.zentia.com\/es-es\/wp-json\/wp\/v2\/download\/7023"}],"wp:attachment":[{"href":"https:\/\/www.zentia.com\/es-es\/wp-json\/wp\/v2\/media?parent=6704"}],"wp:term":[{"taxonomy":"product-type","embeddable":true,"href":"https:\/\/www.zentia.com\/es-es\/wp-json\/wp\/v2\/product-type?post=6704"}],"curies":[{"name":"wp","href":"https:\/\/api.w.org\/{rel}","templated":true}]}}