{"id":6705,"date":"2023-07-20T10:55:13","date_gmt":"2023-07-20T09:55:13","guid":{"rendered":"https:\/\/zentia1.wpenginepowered.com\/es-es\/?post_type=product&#038;p=6705"},"modified":"2025-06-13T11:56:25","modified_gmt":"2025-06-13T10:56:25","slug":"aruba-hh","status":"publish","type":"product","link":"https:\/\/www.zentia.com\/es-es\/soluciones\/productos\/paneles-de-techo\/aruba-hh\/","title":{"rendered":"Aruba hH (mucha humedad)"},"featured_media":0,"parent":0,"template":"","product-type":[652],"class_list":["post-6705","product","type-product","status-publish","hentry","product-family-category-aruba","product-type-paneles-de-techo","edge-detail-board","sound-absorption-class-c","sound-reduction-863","product-colour-global-white","product-sizes-600mm-l-x-600mm-w-x-15mm-t","sound-absorption-alpha-0-6","sound-attentuation-856","solution-finder-toggle-x","recycled-content-0-44","humidity-resistance-0-99","cleanroom-classification-822"],"acf":{"hero":{"title":"Aruba hH (mucha humedad)","sub_label":"","introduction":"<span data-contrast=\"none\">\u00a1NUEVO! Un interesante complemento a la familia de productos Aruba, Aruba hH (mucha humedad) es una placa de techo modular con alta resistencia a la humedad, duradera y de confianza. Permaneciendo estable hasta un 99 % de humedad relativa (RH), Aruba hH (mucha humedad) es ideal para \u00e1reas donde pueda haber un alto nivel de humedad, como por ejemplo vestuarios.<\/span><span data-ccp-props=\"{&quot;134233117&quot;:true,&quot;134233118&quot;:true,&quot;201341983&quot;:0,&quot;335559739&quot;:160,&quot;335559740&quot;:240}\">\u00a0<\/span>\r\n\r\n<span data-contrast=\"none\">Elija Aruba hH (mucha humedad) para los espacios h\u00famedos permitiendo que el elegante acabado arenoso de la gama de productos Aruba complete todo el edificio. Disponible en tres detalles de borde diferentes, Aruba hH (mucha humedad)\u00a0ofrece absorci\u00f3n de sonido Clase C y buena atenuaci\u00f3n de sonido para un excelente rendimiento ac\u00fastico.<\/span><span data-ccp-props=\"{&quot;134233117&quot;:true,&quot;134233118&quot;:true,&quot;201341983&quot;:0,&quot;335559739&quot;:160,&quot;335559740&quot;:240}\">\u00a0<\/span>\r\n\r\n<span data-contrast=\"none\">Aruba hH (mucha humedad) puede ser adquirido en cualquiera de los distribuidores de Zentia.<\/span><span data-ccp-props=\"{&quot;134233117&quot;:true,&quot;134233118&quot;:true,&quot;201341983&quot;:0,&quot;335559739&quot;:160,&quot;335559740&quot;:240}\">\u00a0<\/span>\r\n<ul>\r\n \t<li data-leveltext=\"\uf0b7\" data-font=\"Symbol\" data-listid=\"2\" data-list-defn-props=\"{&quot;335552541&quot;:1,&quot;335559684&quot;:-2,&quot;335559685&quot;:720,&quot;335559991&quot;:360,&quot;469769226&quot;:&quot;Symbol&quot;,&quot;469769242&quot;:[8226],&quot;469777803&quot;:&quot;left&quot;,&quot;469777804&quot;:&quot;\uf0b7&quot;,&quot;469777815&quot;:&quot;hybridMultilevel&quot;}\" aria-setsize=\"-1\" data-aria-posinset=\"1\" data-aria-level=\"1\"><b><span data-contrast=\"none\">Limpio y blanco n\u00edtido<\/span><\/b><span data-contrast=\"none\">: Aruba hH (mucha humedad)\u00a0viene con acabado en color blanco para dar a los espacios h\u00famedos una apariencia m\u00e1s luminosa y fresca.<\/span><span data-ccp-props=\"{&quot;134233117&quot;:true,&quot;134233118&quot;:true,&quot;201341983&quot;:0,&quot;335559739&quot;:160,&quot;335559740&quot;:240}\">\u00a0<\/span><\/li>\r\n \t<li data-leveltext=\"\uf0b7\" data-font=\"Symbol\" data-listid=\"2\" data-list-defn-props=\"{&quot;335552541&quot;:1,&quot;335559684&quot;:-2,&quot;335559685&quot;:720,&quot;335559991&quot;:360,&quot;469769226&quot;:&quot;Symbol&quot;,&quot;469769242&quot;:[8226],&quot;469777803&quot;:&quot;left&quot;,&quot;469777804&quot;:&quot;\uf0b7&quot;,&quot;469777815&quot;:&quot;hybridMultilevel&quot;}\" aria-setsize=\"-1\" data-aria-posinset=\"2\" data-aria-level=\"1\"><b><span data-contrast=\"none\">Perfiler\u00eda resistente a la corrosi\u00f3n<\/span><\/b><span data-contrast=\"none\">: Aruba hH (mucha humedad)\u00a0se puede instalar con cualquiera de los sistemas de perfiler\u00eda Zentia. Para interiores particularmente corrosivos, recomendamos la perfiler\u00eda Gridline 24 resistente a la corrosi\u00f3n para proporcionar un rendimiento t\u00e9cnico excelente en condiciones de humedad.<\/span><span data-ccp-props=\"{&quot;134233117&quot;:true,&quot;134233118&quot;:true,&quot;201341983&quot;:0,&quot;335559739&quot;:160,&quot;335559740&quot;:240}\">\u00a0<\/span><\/li>\r\n \t<li data-leveltext=\"\uf0b7\" data-font=\"Symbol\" data-listid=\"2\" data-list-defn-props=\"{&quot;335552541&quot;:1,&quot;335559684&quot;:-2,&quot;335559685&quot;:720,&quot;335559991&quot;:360,&quot;469769226&quot;:&quot;Symbol&quot;,&quot;469769242&quot;:[8226],&quot;469777803&quot;:&quot;left&quot;,&quot;469777804&quot;:&quot;\uf0b7&quot;,&quot;469777815&quot;:&quot;hybridMultilevel&quot;}\" aria-setsize=\"-1\" data-aria-posinset=\"3\" data-aria-level=\"1\"><b><span data-contrast=\"none\">Fabricado en UK<\/span><\/b><span data-contrast=\"none\">: El techo Aruba hH (mucha humedad)\u00a0est\u00e1 fabricado en UK y con disponibilidad inmediata a trav\u00e9s de la red de distribuidores de Zentia.<\/span><span data-ccp-props=\"{&quot;134233117&quot;:true,&quot;134233118&quot;:true,&quot;201341983&quot;:0,&quot;335559739&quot;:160,&quot;335559740&quot;:240}\">\u00a0<\/span><\/li>\r\n<\/ul>","introduction_short":"<span data-contrast=\"none\">\u00a1NUEVO! Un interesante complemento a la familia de productos Aruba, Aruba hH (mucha humedad)\u00a0es una placa de techo modular con alta resistencia a la humedad, duradera y de confianza. Permaneciendo estable hasta un 99 % de humedad relativa (RH), Aruba hH (mucha humedad)\u00a0es ideal para \u00e1reas donde pueda haber un alto nivel de humedad, como por ejemplo vestuarios.<\/span><span data-ccp-props=\"{&quot;134233117&quot;:true,&quot;134233118&quot;:true,&quot;201341983&quot;:0,&quot;335559739&quot;:160,&quot;335559740&quot;:240}\">\u00a0<\/span>","gallery":[6823],"datasheet":"","video_url":"","space_bottom":false},"images":null,"product_variant_alt_toggle":false,"product_variant":[{"edge_detail":"Board","product_image":"","variant_information":"Las placas de techo Aruba hH (mucha humedad) Board son limpias y f\u00e1ciles de instalar. Con los cantos planos y cuadrados pueden instalarse con los sistemas de perfiler\u00eda de Zentia simplemente apoyando las placas sobre los perfiles dando como resultado un acabado impecable y nivelado dejando la perfiler\u00eda vista. ","variant_additional_information":"<h2>Placas para techo modular Aruba hH (mucha humedad)<\/h2>\r\n<h3>Caracter\u00edsticas T\u00e9cnicas<\/h3>\r\n<strong>Ac\u00fastica <\/strong>\r\n\r\nEl techo modular Aruba hH (mucha humedad) ofrece una buena combinaci\u00f3n de absorci\u00f3n ac\u00fastica Clase C y un nivel de atenuaci\u00f3n ac\u00fastica de 34dB. Esto permite que Aruba hH (mucha humedad) regule de manera efectiva el ruido de fondo facilitando al mismo tiempo la transmisi\u00f3n del sonido.\r\n\r\n<strong>Sostenibilidad <\/strong>\r\n\r\nLas placas Aruba hH (mucha humedad) contienen un 44% de material reciclado y son totalmente reciclables.\r\n\r\nEl techo Aruba hH (mucha humedad) tiene la clasificaci\u00f3n E1 en emisiones de formaldehido y consigue la certificaci\u00f3n Eurofins Indoor Air Confort de bajas emisiones COV (compuestos org\u00e1nicos vol\u00e1tiles).\r\n\r\n<strong>Seguridad frente al fuego y otras caracter\u00edsticas t\u00e9cnicas <\/strong>\r\n\r\nLas placas Aruba hH (mucha humedad) han sido clasificadas seg\u00fan la norma contra incendios EN 13501-1 y tienen clasificaci\u00f3n A2-s1,d0. Esto significa que, en situaciones de incendio completamente desarrollado, las placas de techo Aruba hH (mucha humedad) no contribuir\u00e1n significativamente a la propagaci\u00f3n y expansi\u00f3n del fuego.\r\n\r\nEstas placas no solo son duraderas y resistentes al rayado, sino que tambi\u00e9n se pueden limpiar c\u00f3modamente con una esponja h\u00fameda. Adem\u00e1s, cuentan con una impresionante calificaci\u00f3n del 95 % de resistencia a la humedad relativa.","sub_variants":[{"edge_detail":"Board","images":[{"image":6795},{"image":6825},{"image":6823}],"cls_item_number":"BP5499M4","cls_description":"Aruba hH Board","shortcode":"5499M","dimensions":"600mm (L) x 600mm (W) x 15mm (T)","colour_text":"Global White","colour_select":[],"surface_sifyb":"","recyclable":"Yes","recycled_content":"44%","recyclable_through_zentia":"Yes","cleanability_types":"","clean_room_classification":"","cradle_two_cradle_certification":"","durability":"","humidity_resistance_rh":"99%","light_reflectance":"85%","fire_reaction_en135011":"A2-s1,d0","iac_level":"","material":"","rout_slot_spacing_and_uom":"","cross_tee_main_runner_interface":"","corrosive_resistant":"","fire_performance":"","clean_room":"","end_detail":"","formaldehyde_emissions":"E1","low_voc_emissions":"A","sound_absorption":"0.6","sound_absorption_class":"C","sound_reduction_index":"","sound_attenuation":"34","sound_absorption_nrc":"0.5","compatible_grid_product_code":"BP312021A~BP312021BKA~BP312021SGA~BP312021WRA~BP313051B~BP313051BKB~BP313051SGB~BP313051WRB~BP314032A~BP314032BKA~BP314032SGA~BP314032WRA~BP092031~BP092031BK~BP092031SG~BP092031WR~BP093031~BP093031BK~BP093031SG~BP093031WR~BP093632~BP314032A~BP314032BKA~BP314032SGA~BP314032WRA~BPBERC2~BPES4~BPSJCG~BPSJMR15~BP400993~BP403493~BP404093G","floating_ceiling_frame_product_code":"BPAX22G24~BPAX32G24~BPAX33G24~BPAX42G24~BPAX43G24~BPAX44G24~BPAX52G24~BPAX53G24~BPAX54G24~BPAX55G24~BPCSAK22G24~BPCSAK32G24~BPCSAK33G24~BPCSAK42G24~BPCSAK43G24~BPCSAK44G24~BPCSAK52G24~BPCSAK53G24~BPCSAK54G24~BPCSAK55G24~BPCSAL32G24~BPCSAL33G24~BPCSAL42G24~BPCSAL43G24~BPCSAL44G24","installation_accessories":"","accessories":null}],"override_related_items":false,"related_project_gallery":null,"related_faqs":null,"related_products":null,"related_documents_and_downloads":null,"download_all_documents":null}],"import_data":"","file_label":"Descargar ficha t\u00e9cnica","file":8424,"warranties":null,"product_manuals":null,"nbs":"","documents_downloads_title":"Documentos relacionados","related_documents_and_downloads":[7023],"download_bim":"","download_all_documents":"","listing_label":"Nuevo producto","solution_finder_toggle":false,"solution_finder_intro":"","solution_finder_points":null,"template":{"":null,"related_project_gallery":"","template_faq":[6778,6782,6776,6774],"space_bottom":false,"related_products_title":"Related products","related_products":[6702,6703,6704,6706],"hide_form":false}},"yoast_head":"<!-- This site is optimized with the Yoast SEO plugin v27.4 - https:\/\/yoast.com\/product\/yoast-seo-wordpress\/ -->\n<title>Aruba hH (mucha humedad) | Zentia<\/title>\n<meta name=\"description\" content=\"Estables hasta en un 99 % de humedad relativa (HR), las placas para cielo raso Aruba hH son ideales para \u00e1reas con mucha humedad, como vestuarios. \u00a1Aprende m\u00e1s!\" \/>\n<meta name=\"robots\" content=\"index, follow, max-snippet:-1, max-image-preview:large, max-video-preview:-1\" \/>\n<link rel=\"canonical\" href=\"https:\/\/www.zentia.com\/es-es\/soluciones\/productos\/paneles-de-techo\/aruba-hh\/\" \/>\n<meta property=\"og:locale\" content=\"es_ES\" \/>\n<meta property=\"og:type\" content=\"article\" \/>\n<meta property=\"og:title\" content=\"Aruba hH (mucha humedad) | Zentia\" \/>\n<meta property=\"og:description\" content=\"Estables hasta en un 99 % de humedad relativa (HR), las placas para cielo raso Aruba hH son ideales para \u00e1reas con mucha humedad, como vestuarios. \u00a1Aprende m\u00e1s!\" \/>\n<meta property=\"og:url\" content=\"https:\/\/www.zentia.com\/es-es\/soluciones\/productos\/paneles-de-techo\/aruba-hh\/\" \/>\n<meta property=\"og:site_name\" content=\"Zentia\" \/>\n<meta property=\"article:modified_time\" content=\"2025-06-13T10:56:25+00:00\" \/>\n<meta name=\"twitter:card\" content=\"summary_large_image\" \/>\n<script type=\"application\/ld+json\" class=\"yoast-schema-graph\">{\"@context\":\"https:\\\/\\\/schema.org\",\"@graph\":[{\"@type\":\"WebPage\",\"@id\":\"https:\\\/\\\/www.zentia.com\\\/es-es\\\/soluciones\\\/productos\\\/paneles-de-techo\\\/aruba-hh\\\/\",\"url\":\"https:\\\/\\\/www.zentia.com\\\/es-es\\\/soluciones\\\/productos\\\/paneles-de-techo\\\/aruba-hh\\\/\",\"name\":\"Aruba hH (mucha humedad) | Zentia\",\"isPartOf\":{\"@id\":\"https:\\\/\\\/www.zentia.com\\\/es-es\\\/#website\"},\"datePublished\":\"2023-07-20T09:55:13+00:00\",\"dateModified\":\"2025-06-13T10:56:25+00:00\",\"description\":\"Estables hasta en un 99 % de humedad relativa (HR), las placas para cielo raso Aruba hH son ideales para \u00e1reas con mucha humedad, como vestuarios. \u00a1Aprende m\u00e1s!\",\"breadcrumb\":{\"@id\":\"https:\\\/\\\/www.zentia.com\\\/es-es\\\/soluciones\\\/productos\\\/paneles-de-techo\\\/aruba-hh\\\/#breadcrumb\"},\"inLanguage\":\"es\",\"potentialAction\":[{\"@type\":\"ReadAction\",\"target\":[\"https:\\\/\\\/www.zentia.com\\\/es-es\\\/soluciones\\\/productos\\\/paneles-de-techo\\\/aruba-hh\\\/\"]}]},{\"@type\":\"BreadcrumbList\",\"@id\":\"https:\\\/\\\/www.zentia.com\\\/es-es\\\/soluciones\\\/productos\\\/paneles-de-techo\\\/aruba-hh\\\/#breadcrumb\",\"itemListElement\":[{\"@type\":\"ListItem\",\"position\":1,\"name\":\"Inicio\",\"item\":\"https:\\\/\\\/www.zentia.com\\\/es-es\\\/\"},{\"@type\":\"ListItem\",\"position\":2,\"name\":\"Aruba hH (mucha humedad)\"}]},{\"@type\":\"WebSite\",\"@id\":\"https:\\\/\\\/www.zentia.com\\\/es-es\\\/#website\",\"url\":\"https:\\\/\\\/www.zentia.com\\\/es-es\\\/\",\"name\":\"Zentia\",\"description\":\"\",\"potentialAction\":[{\"@type\":\"SearchAction\",\"target\":{\"@type\":\"EntryPoint\",\"urlTemplate\":\"https:\\\/\\\/www.zentia.com\\\/es-es\\\/?s={search_term_string}\"},\"query-input\":{\"@type\":\"PropertyValueSpecification\",\"valueRequired\":true,\"valueName\":\"search_term_string\"}}],\"inLanguage\":\"es\"}]}<\/script>\n<!-- \/ Yoast SEO plugin. -->","yoast_head_json":{"title":"Aruba hH (mucha humedad) | Zentia","description":"Estables hasta en un 99 % de humedad relativa (HR), las placas para cielo raso Aruba hH son ideales para \u00e1reas con mucha humedad, como vestuarios. \u00a1Aprende m\u00e1s!","robots":{"index":"index","follow":"follow","max-snippet":"max-snippet:-1","max-image-preview":"max-image-preview:large","max-video-preview":"max-video-preview:-1"},"canonical":"https:\/\/www.zentia.com\/es-es\/soluciones\/productos\/paneles-de-techo\/aruba-hh\/","og_locale":"es_ES","og_type":"article","og_title":"Aruba hH (mucha humedad) | Zentia","og_description":"Estables hasta en un 99 % de humedad relativa (HR), las placas para cielo raso Aruba hH son ideales para \u00e1reas con mucha humedad, como vestuarios. \u00a1Aprende m\u00e1s!","og_url":"https:\/\/www.zentia.com\/es-es\/soluciones\/productos\/paneles-de-techo\/aruba-hh\/","og_site_name":"Zentia","article_modified_time":"2025-06-13T10:56:25+00:00","twitter_card":"summary_large_image","schema":{"@context":"https:\/\/schema.org","@graph":[{"@type":"WebPage","@id":"https:\/\/www.zentia.com\/es-es\/soluciones\/productos\/paneles-de-techo\/aruba-hh\/","url":"https:\/\/www.zentia.com\/es-es\/soluciones\/productos\/paneles-de-techo\/aruba-hh\/","name":"Aruba hH (mucha humedad) | Zentia","isPartOf":{"@id":"https:\/\/www.zentia.com\/es-es\/#website"},"datePublished":"2023-07-20T09:55:13+00:00","dateModified":"2025-06-13T10:56:25+00:00","description":"Estables hasta en un 99 % de humedad relativa (HR), las placas para cielo raso Aruba hH son ideales para \u00e1reas con mucha humedad, como vestuarios. \u00a1Aprende m\u00e1s!","breadcrumb":{"@id":"https:\/\/www.zentia.com\/es-es\/soluciones\/productos\/paneles-de-techo\/aruba-hh\/#breadcrumb"},"inLanguage":"es","potentialAction":[{"@type":"ReadAction","target":["https:\/\/www.zentia.com\/es-es\/soluciones\/productos\/paneles-de-techo\/aruba-hh\/"]}]},{"@type":"BreadcrumbList","@id":"https:\/\/www.zentia.com\/es-es\/soluciones\/productos\/paneles-de-techo\/aruba-hh\/#breadcrumb","itemListElement":[{"@type":"ListItem","position":1,"name":"Inicio","item":"https:\/\/www.zentia.com\/es-es\/"},{"@type":"ListItem","position":2,"name":"Aruba hH (mucha humedad)"}]},{"@type":"WebSite","@id":"https:\/\/www.zentia.com\/es-es\/#website","url":"https:\/\/www.zentia.com\/es-es\/","name":"Zentia","description":"","potentialAction":[{"@type":"SearchAction","target":{"@type":"EntryPoint","urlTemplate":"https:\/\/www.zentia.com\/es-es\/?s={search_term_string}"},"query-input":{"@type":"PropertyValueSpecification","valueRequired":true,"valueName":"search_term_string"}}],"inLanguage":"es"}]}},"_links":{"self":[{"href":"https:\/\/www.zentia.com\/es-es\/wp-json\/wp\/v2\/product\/6705","targetHints":{"allow":["GET"]}}],"collection":[{"href":"https:\/\/www.zentia.com\/es-es\/wp-json\/wp\/v2\/product"}],"about":[{"href":"https:\/\/www.zentia.com\/es-es\/wp-json\/wp\/v2\/types\/product"}],"acf:post":[{"embeddable":true,"href":"https:\/\/www.zentia.com\/es-es\/wp-json\/wp\/v2\/download\/7023"}],"wp:attachment":[{"href":"https:\/\/www.zentia.com\/es-es\/wp-json\/wp\/v2\/media?parent=6705"}],"wp:term":[{"taxonomy":"product-type","embeddable":true,"href":"https:\/\/www.zentia.com\/es-es\/wp-json\/wp\/v2\/product-type?post=6705"}],"curies":[{"name":"wp","href":"https:\/\/api.w.org\/{rel}","templated":true}]}}