{"id":7108,"date":"2024-01-10T07:20:55","date_gmt":"2024-01-10T07:20:55","guid":{"rendered":"https:\/\/zentia1.wpenginepowered.com\/es-es\/?post_type=product&#038;p=7108"},"modified":"2025-06-18T16:32:21","modified_gmt":"2025-06-18T15:32:21","slug":"oplia-db","status":"publish","type":"product","link":"https:\/\/www.zentia.com\/es-es\/soluciones\/productos\/paneles-de-techo\/oplia-db\/","title":{"rendered":"Oplia dB"},"featured_media":0,"parent":0,"template":"","product-type":[652],"class_list":["post-7108","product","type-product","status-publish","hentry","product-family-category-oplia","product-type-paneles-de-techo","edge-detail-board","edge-detail-tegular15","edge-detail-tegular24","sound-absorption-class-c","sound-reduction-901","product-colour-global-white","product-sizes-1200mm-l-x-600mm-w-x-19mm-t","product-sizes-600mm-l-x-600mm-w-x-19mm-t","sound-absorption-alpha-0-6","sound-absorption-nrc-0-65","sound-attentuation-904","solution-finder-toggle-x","recycled-content-0-64","humidity-resistance-0-95","cleanroom-classification-iso-5"],"acf":{"hero":{"title":"Oplia dB","sub_label":"","introduction":"<span data-contrast=\"none\">Elija las placas de techo registrable Oplia dB cuando la privacidad sea la principal prioridad de sus clientes. Oplia dB proporciona una atenuaci\u00f3n ac\u00fastica excelente de 41 dB, reduciendo la transmisi\u00f3n del sonido entre espacios adyacentes. Esto lo hace ideal para oficinas privadas y salas de juntas, o edificios de alquiler m\u00faltiple.<\/span><span data-ccp-props=\"{&quot;134233117&quot;:true,&quot;134233118&quot;:true,&quot;201341983&quot;:0,&quot;335559739&quot;:160,&quot;335559740&quot;:240}\">\u00a0<\/span>\r\n\r\n<span data-contrast=\"none\">Con una superficie lisa y laminada para un acabado visual elegante, Oplia dB proporciona un 86% de reflexi\u00f3n de la luz cuando se especifica en color<\/span> <span data-contrast=\"none\">blanco. Adem\u00e1s, contiene hasta un 39% de material reciclado.<\/span><span data-ccp-props=\"{&quot;134233117&quot;:true,&quot;134233118&quot;:true,&quot;201341983&quot;:0,&quot;335559739&quot;:160,&quot;335559740&quot;:240}\">\u00a0<\/span>\r\n<ul>\r\n \t<li data-leveltext=\"\uf0b7\" data-font=\"Symbol\" data-listid=\"3\" data-list-defn-props=\"{&quot;335552541&quot;:1,&quot;335559684&quot;:-2,&quot;335559685&quot;:720,&quot;335559991&quot;:360,&quot;469769226&quot;:&quot;Symbol&quot;,&quot;469769242&quot;:[8226],&quot;469777803&quot;:&quot;left&quot;,&quot;469777804&quot;:&quot;\uf0b7&quot;,&quot;469777815&quot;:&quot;hybridMultilevel&quot;}\" aria-setsize=\"-1\" data-aria-posinset=\"1\" data-aria-level=\"1\"><b><span data-contrast=\"none\">Atenuaci\u00f3n ac\u00fastica excepcional: <\/span><\/b><span data-contrast=\"none\">La atenuaci\u00f3n ac\u00fastica de Oplia dB es de 41 dB. Esta caracter\u00edstica reduce la transmisi\u00f3n del sonido entre espacios adyacentes, lo que la convierte en una opci\u00f3n excelente para interiores de oficinas comerciales.<\/span><span data-ccp-props=\"{&quot;134233117&quot;:true,&quot;134233118&quot;:true,&quot;201341983&quot;:0,&quot;335559739&quot;:160,&quot;335559740&quot;:240}\">\u00a0<\/span><\/li>\r\n \t<li data-leveltext=\"\uf0b7\" data-font=\"Symbol\" data-listid=\"3\" data-list-defn-props=\"{&quot;335552541&quot;:1,&quot;335559684&quot;:-2,&quot;335559685&quot;:720,&quot;335559991&quot;:360,&quot;469769226&quot;:&quot;Symbol&quot;,&quot;469769242&quot;:[8226],&quot;469777803&quot;:&quot;left&quot;,&quot;469777804&quot;:&quot;\uf0b7&quot;,&quot;469777815&quot;:&quot;hybridMultilevel&quot;}\" aria-setsize=\"-1\" data-aria-posinset=\"1\" data-aria-level=\"1\"><b><span data-contrast=\"none\">Certificaci\u00f3n ISO 5 para salas limpias: <\/span><\/b><span data-contrast=\"none\">Las placas de techo ac\u00fasticas Oplia dB son aptas para su uso en salas limpias con clasificaci\u00f3n ISO 5 de acuerdo con la norma ISO 14644-1:1999.<\/span><span data-ccp-props=\"{&quot;134233117&quot;:true,&quot;134233118&quot;:true,&quot;201341983&quot;:0,&quot;335559739&quot;:160,&quot;335559740&quot;:240}\">\u00a0<\/span><\/li>\r\n<\/ul>","introduction_short":"<span data-contrast=\"none\">Elija las placas de techo registrable Oplia dB cuando la privacidad sea la principal prioridad de sus clientes. Oplia dB proporciona una atenuaci\u00f3n ac\u00fastica excelente de 41 dB, reduciendo la transmisi\u00f3n del sonido entre espacios adyacentes. Esto lo hace ideal para oficinas privadas y salas de juntas, o edificios de alquiler m\u00faltiple.<\/span><span data-ccp-props=\"{&quot;134233117&quot;:true,&quot;134233118&quot;:true,&quot;201341983&quot;:0,&quot;335559739&quot;:160,&quot;335559740&quot;:240}\">\u00a0<\/span>","gallery":[7289,7293,7291],"datasheet":"","video_url":"","space_bottom":false},"images":null,"product_variant_alt_toggle":true,"product_variant":[{"edge_detail":"Board","product_image":"","variant_information":"Las placas Oplia dB board est\u00e1n dise\u00f1adas con cantos planos y cuadrados que simplifica el proceso de instalaci\u00f3n. Basta con levantar las placas Oplia y ajustarlas en la perfiler\u00eda. El resultado final es una superficie lisa y consistente que realza la perfiler\u00eda del techo. ","variant_additional_information":"<h2>Placas de techo modular Oplia dB<\/h2>\r\n<h3>Caracter\u00edsticas t\u00e9cnicas<\/h3>\r\n<strong>Sonido<\/strong>\r\n\r\nLas placas de techo suspendido Oplia dB proporcionan una atenuaci\u00f3n ac\u00fastica excepcional, con una reducci\u00f3n de 41 dB. Tambi\u00e9n proporcionan absorci\u00f3n ac\u00fastica de Clase C. Esto las convierte en una opci\u00f3n excelente para oficinas privadas y salas de juntas.\r\n\r\n<strong>Sostenibilidad<\/strong>\r\n\r\nLas placas de techo Oplia dB contienen hasta un 39% de material reciclado y son reciclables.\r\n\r\n<span data-contrast=\"none\">Las placas de techo Oplia dB tienen una clasificaci\u00f3n E1 en cuanto a emisiones de formaldeh\u00eddo y obtienen la certificaci\u00f3n Gold en el Eurofins Indoor Air Comfort por sus bajas emisiones de COV (compuestos org\u00e1nicos vol\u00e1tiles).<\/span><span data-ccp-props=\"{&quot;134233117&quot;:true,&quot;134233118&quot;:true,&quot;201341983&quot;:0,&quot;335559739&quot;:160,&quot;335559740&quot;:240}\">\u00a0<\/span>\r\n\r\n<b><span data-contrast=\"none\">Seguridad contra incendios y otros detalles t\u00e9cnicos<\/span><\/b><span data-ccp-props=\"{&quot;134233117&quot;:true,&quot;134233118&quot;:true,&quot;201341983&quot;:0,&quot;335559739&quot;:160,&quot;335559740&quot;:240}\">\u00a0<\/span>\r\n\r\n<span data-contrast=\"none\">Las placas Oplia dB tienen clasificaci\u00f3n A2-s1,d0, seg\u00fan la norma contra el fuego EN 13501-1. Esto significa que, en condiciones de un incendio completamente desarrollado, estas placas no contribuir\u00e1n significativamente ni a la cantidad de fuego ni al crecimiento del incendio.<\/span><span data-ccp-props=\"{&quot;134233117&quot;:true,&quot;134233118&quot;:true,&quot;201341983&quot;:0,&quot;335559739&quot;:160,&quot;335559740&quot;:240}\">\u00a0<\/span>\r\n\r\n<span data-contrast=\"none\">Son placas de techo duraderas y resistentes a los rayados, pueden limpiarse con un pa\u00f1o seco o cepillo suave. Tambi\u00e9n pueden limpiarse con suavidad con esponja o pa\u00f1o h\u00famedo. Su resistencia a la humedad relativa es del 95%.<\/span><span data-ccp-props=\"{&quot;134233117&quot;:true,&quot;134233118&quot;:true,&quot;201341983&quot;:0,&quot;335559739&quot;:160,&quot;335559740&quot;:240}\">\u00a0<\/span>","sub_variants":[{"edge_detail":"Board","images":[{"image":7394},{"image":7288},{"image":7289}],"cls_item_number":"BP3191M4B","cls_description":"Oplia dB Board","shortcode":"3191M","dimensions":"600mm (L) x 600mm (W) x 19mm (T)","colour_text":"","colour_select":[951],"surface_sifyb":"Oplia dB","recyclable":"S\u00ed","recycled_content":"39%","recyclable_through_zentia":"S\u00ed","cleanability_types":"Pa\u00f1o seco\/Cepillo suave\/Pa\u00f1o h\u00famedo\/Esponja h\u00fameda","clean_room_classification":"ISO 5","cradle_two_cradle_certification":"","durability":"","humidity_resistance_rh":"95%","light_reflectance":"86%","fire_reaction_en135011":"A2-s1,d0","iac_level":"Oro","material":"","rout_slot_spacing_and_uom":"","cross_tee_main_runner_interface":"","corrosive_resistant":"","fire_performance":"","clean_room":"","end_detail":"","formaldehyde_emissions":"E1","low_voc_emissions":"A+","sound_absorption":"0.60(H)","sound_absorption_class":"C","sound_reduction_index":"21","sound_attenuation":"41","sound_absorption_nrc":"0.65","compatible_grid_product_code":"BP312021A~BP312021BKA~BP312021SGA~BP312021WRA~BP313051B~BP313051BKB~BP313051SGB~BP313051WRB~BP314032A~BP314032BKA~BP314032SGA~BP314032WRA~BP092031~BP092031BK~BP092031SG~BP092031WR~BP093031~BP093031BK~BP093031SG~BP093031WR~BP093632~BP314032A~BP314032BKA~BP314032SGA~BP314032WRA~BPBERC2~BPES4~BPSJCG~BPSJMR15~BP400993~BP403493~BP404093G","floating_ceiling_frame_product_code":"BPAX22G24~BPAX32G24~BPAX33G24~BPAX42G24~BPAX43G24~BPAX44G24~BPAX52G24~BPAX53G24~BPAX54G24~BPAX55G24~BPCSAK22G24~BPCSAK32G24~BPCSAK33G24~BPCSAK42G24~BPCSAK43G24~BPCSAK44G24~BPCSAK52G24~BPCSAK53G24~BPCSAK54G24~BPCSAK55G24~BPCSAL32G24~BPCSAL33G24~BPCSAL42G24~BPCSAL43G24~BPCSAL44G24","installation_accessories":"","accessories":null}],"override_related_items":false,"related_project_gallery":null,"related_faqs":null,"related_products":null,"related_documents_and_downloads":null,"download_all_documents":null},{"edge_detail":"Tegular24","product_image":"","variant_information":"Seleccione Oplia dB con un detalle de borde Tegular24. Este detalle del borde hace que la placa tras su instalaci\u00f3n, quede ligeramente por debajo de la perfiler\u00eda, lo que a\u00f1ade un atractivo efecto visual al acabado del techo. ","variant_additional_information":"<h2>Placas de techo modular Oplia dB<\/h2>\r\n<h3>Caracter\u00edsticas t\u00e9cnicas<\/h3>\r\n<strong>Sonido<\/strong>\r\n\r\nLas placas de techo suspendido Oplia dB proporcionan una atenuaci\u00f3n ac\u00fastica excepcional, con una reducci\u00f3n de 41 dB. Tambi\u00e9n proporcionan absorci\u00f3n ac\u00fastica de Clase C. Esto las convierte en una opci\u00f3n excelente para oficinas privadas y salas de juntas.\r\n\r\n<strong>Sostenibilidad<\/strong>\r\n\r\nLas placas de techo Oplia dB contienen hasta un 39% de material reciclado y son reciclables.\r\n\r\n<span data-contrast=\"none\">Las placas de techo Oplia dB tienen una clasificaci\u00f3n E1 en cuanto a emisiones de formaldeh\u00eddo y obtienen la certificaci\u00f3n Gold en el Eurofins Indoor Air Comfort por sus bajas emisiones de COV (compuestos org\u00e1nicos vol\u00e1tiles).<\/span><span data-ccp-props=\"{&quot;134233117&quot;:true,&quot;134233118&quot;:true,&quot;201341983&quot;:0,&quot;335559739&quot;:160,&quot;335559740&quot;:240}\">\u00a0<\/span>\r\n\r\n<b><span data-contrast=\"none\">Seguridad contra incendios y otros detalles t\u00e9cnicos<\/span><\/b><span data-ccp-props=\"{&quot;134233117&quot;:true,&quot;134233118&quot;:true,&quot;201341983&quot;:0,&quot;335559739&quot;:160,&quot;335559740&quot;:240}\">\u00a0<\/span>\r\n\r\n<span data-contrast=\"none\">Las placas Oplia dB tienen clasificaci\u00f3n A2-s1,d0, seg\u00fan la norma contra el fuego EN 13501-1. Esto significa que, en condiciones de un incendio completamente desarrollado, estas placas no contribuir\u00e1n significativamente ni a la cantidad de fuego ni al crecimiento del incendio.<\/span><span data-ccp-props=\"{&quot;134233117&quot;:true,&quot;134233118&quot;:true,&quot;201341983&quot;:0,&quot;335559739&quot;:160,&quot;335559740&quot;:240}\">\u00a0<\/span>\r\n\r\n<span data-contrast=\"none\">Son placas de techo duraderas y resistentes a los rayados, pueden limpiarse con un pa\u00f1o seco o cepillo suave. Tambi\u00e9n pueden limpiarse con suavidad con esponja o pa\u00f1o h\u00famedo. Su resistencia a la humedad relativa es del 95%.<\/span><span data-ccp-props=\"{&quot;134233117&quot;:true,&quot;134233118&quot;:true,&quot;201341983&quot;:0,&quot;335559739&quot;:160,&quot;335559740&quot;:240}\">\u00a0<\/span>","sub_variants":[{"edge_detail":"Tegular24","images":[{"image":7292},{"image":7293}],"cls_item_number":"BP3192M4C","cls_description":"Oplia dB Board","shortcode":"3192M","dimensions":"600mm (L) x 600mm (W) x 19mm (T)","colour_text":"","colour_select":[951],"surface_sifyb":"Oplia dB","recyclable":"S\u00ed","recycled_content":"39%","recyclable_through_zentia":"S\u00ed","cleanability_types":"Pa\u00f1o seco\/Cepillo suave\/Pa\u00f1o h\u00famedo\/Esponja h\u00fameda","clean_room_classification":"ISO 5","cradle_two_cradle_certification":"","durability":"","humidity_resistance_rh":"95%","light_reflectance":"86%","fire_reaction_en135011":"A2-s1,d0","iac_level":"Oro","material":"","rout_slot_spacing_and_uom":"","cross_tee_main_runner_interface":"","corrosive_resistant":"","fire_performance":"","clean_room":"","end_detail":"","formaldehyde_emissions":"E1","low_voc_emissions":"A+","sound_absorption":"0.60(H)","sound_absorption_class":"C","sound_reduction_index":"21","sound_attenuation":"41","sound_absorption_nrc":"0.65","compatible_grid_product_code":"BP312021A~BP312021BKA~BP312021SGA~BP312021WRA~BP313051B~BP313051BKB~BP313051SGB~BP313051WRB~BP314032A~BP314032BKA~BP314032SGA~BP314032WRA~BP092031~BP092031BK~BP092031SG~BP092031WR~BP093031~BP093031BK~BP093031SG~BP093031WR~BP093632~BP314032A~BP314032BKA~BP314032SGA~BP314032WRA~BPBERC2~BPES4~BPSJCG~BPSJMR15~BP400993~BP403493~BP404093G","floating_ceiling_frame_product_code":"BPAX22G24~BPAX32G24~BPAX33G24~BPAX42G24~BPAX43G24~BPAX44G24~BPAX52G24~BPAX53G24~BPAX54G24~BPAX55G24~BPCSACI33G24~BPCSACI44G24~BPCSACU43G24~BPCSACU44G24~BPCSACU53G24~BPCSACU55G24~BPCSAK22G24~BPCSAK32G24~BPCSAK33G24~BPCSAK42G24~BPCSAK43G24~BPCSAK44G24~BPCSAK52G24~BPCSAK53G24~BPCSAK54G24~BPCSAK55G24~BPCSAL32G24~BPCSAL33G24~BPCSAL42G24~BPCSAL43G24~BPCSAL44G24","installation_accessories":"","accessories":null}],"override_related_items":false,"related_project_gallery":null,"related_faqs":null,"related_products":null,"related_documents_and_downloads":null,"download_all_documents":null},{"edge_detail":"Tegular15","product_image":"","variant_information":"Las placas Oplia dB tambi\u00e9n se pueden seleccionar con canto Tegular15. Este detalle de borde inclinado asienta la bandeja de techo por debajo de la perfiler\u00eda, ocult\u00e1ndola parcialmente cuando se mira desde abajo, a\u00f1adiendo un efecto de sombreado al dise\u00f1o. ","variant_additional_information":"<h2>Placas de techo modular Oplia dB<\/h2>\r\n<h3>Caracter\u00edsticas t\u00e9cnicas<\/h3>\r\n<strong>Sonido<\/strong>\r\n\r\nLas placas de techo suspendido Oplia dB proporcionan una atenuaci\u00f3n ac\u00fastica excepcional, con una reducci\u00f3n de 41 dB. Tambi\u00e9n proporcionan absorci\u00f3n ac\u00fastica de Clase C. Esto las convierte en una opci\u00f3n excelente para oficinas privadas y salas de juntas.\r\n\r\n<strong>Sostenibilidad<\/strong>\r\n\r\nLas placas de techo Oplia dB contienen hasta un 39% de material reciclado y son reciclables.\r\n\r\n<span data-contrast=\"none\">Las placas de techo Oplia dB tienen una clasificaci\u00f3n E1 en cuanto a emisiones de formaldeh\u00eddo y obtienen la certificaci\u00f3n Gold en el Eurofins Indoor Air Comfort por sus bajas emisiones de COV (compuestos org\u00e1nicos vol\u00e1tiles).<\/span><span data-ccp-props=\"{&quot;134233117&quot;:true,&quot;134233118&quot;:true,&quot;201341983&quot;:0,&quot;335559739&quot;:160,&quot;335559740&quot;:240}\">\u00a0<\/span>\r\n\r\n<b><span data-contrast=\"none\">Seguridad contra incendios y otros detalles t\u00e9cnicos<\/span><\/b><span data-ccp-props=\"{&quot;134233117&quot;:true,&quot;134233118&quot;:true,&quot;201341983&quot;:0,&quot;335559739&quot;:160,&quot;335559740&quot;:240}\">\u00a0<\/span>\r\n\r\n<span data-contrast=\"none\">Las placas Oplia dB tienen clasificaci\u00f3n A2-s1,d0, seg\u00fan la norma contra el fuego EN 13501-1. Esto significa que, en condiciones de un incendio completamente desarrollado, estas placas no contribuir\u00e1n significativamente ni a la cantidad de fuego ni al crecimiento del incendio.<\/span><span data-ccp-props=\"{&quot;134233117&quot;:true,&quot;134233118&quot;:true,&quot;201341983&quot;:0,&quot;335559739&quot;:160,&quot;335559740&quot;:240}\">\u00a0<\/span>\r\n\r\n<span data-contrast=\"none\">Son placas de techo duraderas y resistentes a los rayados, pueden limpiarse con un pa\u00f1o seco o cepillo suave. Tambi\u00e9n pueden limpiarse con suavidad con esponja o pa\u00f1o h\u00famedo. Su resistencia a la humedad relativa es del 95%.<\/span><span data-ccp-props=\"{&quot;134233117&quot;:true,&quot;134233118&quot;:true,&quot;201341983&quot;:0,&quot;335559739&quot;:160,&quot;335559740&quot;:240}\">\u00a0<\/span>","sub_variants":[{"edge_detail":"Tegular15","images":[{"image":7292},{"image":7291}],"cls_item_number":"BP2095M4B","cls_description":"Oplia dB Tegular15 (8mm reveal)","shortcode":"2095M","dimensions":"600mm (L) x 600mm (W) x 19mm (T)","colour_text":"","colour_select":[951],"surface_sifyb":"Oplia dB","recyclable":"S\u00ed","recycled_content":"39%","recyclable_through_zentia":"S\u00ed","cleanability_types":"Pa\u00f1o seco\/Cepillo suave\/Pa\u00f1o h\u00famedo\/Esponja h\u00fameda","clean_room_classification":"ISO 5","cradle_two_cradle_certification":"","durability":"","humidity_resistance_rh":"95%","light_reflectance":"86%","fire_reaction_en135011":"A2-s1,d0","iac_level":"Oro","material":"","rout_slot_spacing_and_uom":"","cross_tee_main_runner_interface":"","corrosive_resistant":"","fire_performance":"","clean_room":"","end_detail":"","formaldehyde_emissions":"E1","low_voc_emissions":"A+","sound_absorption":"0.60(H)","sound_absorption_class":"C","sound_reduction_index":"21","sound_attenuation":"41","sound_absorption_nrc":"0.65","compatible_grid_product_code":"BP102033A~BP102033BKA~BP102033SGA~BP102033WRA~BP103033A~BP103033BKA~BP103033SGA~BP103033WRA~BP103633A~BP302033B~BP302033BKB~BP302033SGB~BP302033WRB~BP303033B~BP303033BKB~BP303033SGB~BP303033WRB~BP303632~BP612042G~BP613042G~BP614042H~BP812042WRG~BP813042WRG~BP814042WRG~BPMCC4G","floating_ceiling_frame_product_code":"BPAX22G15~BPAX32G15~BPAX33G15~BPAX42G15~BPAX43G15~BPAX44G15~BPAX52G15~BPAX53G15~BPAX54G15~BPAX55G15~BPCSACI33G15~BPCSACI44G15~BPCSAK22G15~BPCSAK32G15~BPCSAK33G15~BPCSAK42G15~BPCSAK43G15~BPCSAK44G15~BPCSAK52G15~BPCSAK53G15~BPCSAK54G15~BPCSAK55G15","installation_accessories":"","accessories":null}],"override_related_items":false,"related_project_gallery":null,"related_faqs":null,"related_products":null,"related_documents_and_downloads":null,"download_all_documents":null}],"import_data":"","file_label":"Descargar ficha t\u00e9cnica","file":8553,"warranties":null,"product_manuals":null,"nbs":"","documents_downloads_title":"","related_documents_and_downloads":"","download_bim":"","download_all_documents":"","listing_label":"","solution_finder_toggle":false,"solution_finder_intro":"","solution_finder_points":null,"template":{"":null,"related_project_gallery":[7894],"template_faq":[7376,7377,7373],"space_bottom":false,"related_products_title":"Productos relacionados","related_products":[7107,7110,7109,7111],"hide_form":false}},"yoast_head":"<!-- This site is optimized with the Yoast SEO plugin v27.4 - https:\/\/yoast.com\/product\/yoast-seo-wordpress\/ -->\n<title>Oplia dB | Zentia<\/title>\n<meta name=\"description\" content=\"Los paneles ac\u00fasticos para techo Oplia dB son ideales para mejorar la privacidad entre oficinas. \u00a1Descubre m\u00e1s en nuestra web!\" \/>\n<meta name=\"robots\" content=\"index, follow, max-snippet:-1, max-image-preview:large, max-video-preview:-1\" \/>\n<link rel=\"canonical\" href=\"https:\/\/www.zentia.com\/es-es\/soluciones\/productos\/paneles-de-techo\/oplia-db\/\" \/>\n<meta property=\"og:locale\" content=\"es_ES\" \/>\n<meta property=\"og:type\" content=\"article\" \/>\n<meta property=\"og:title\" content=\"Oplia dB | Zentia\" \/>\n<meta property=\"og:description\" content=\"Los paneles ac\u00fasticos para techo Oplia dB son ideales para mejorar la privacidad entre oficinas. \u00a1Descubre m\u00e1s en nuestra web!\" \/>\n<meta property=\"og:url\" content=\"https:\/\/www.zentia.com\/es-es\/soluciones\/productos\/paneles-de-techo\/oplia-db\/\" \/>\n<meta property=\"og:site_name\" content=\"Zentia\" \/>\n<meta property=\"article:modified_time\" content=\"2025-06-18T15:32:21+00:00\" \/>\n<meta name=\"twitter:card\" content=\"summary_large_image\" \/>\n<script type=\"application\/ld+json\" class=\"yoast-schema-graph\">{\"@context\":\"https:\\\/\\\/schema.org\",\"@graph\":[{\"@type\":\"WebPage\",\"@id\":\"https:\\\/\\\/www.zentia.com\\\/es-es\\\/soluciones\\\/productos\\\/paneles-de-techo\\\/oplia-db\\\/\",\"url\":\"https:\\\/\\\/www.zentia.com\\\/es-es\\\/soluciones\\\/productos\\\/paneles-de-techo\\\/oplia-db\\\/\",\"name\":\"Oplia dB | Zentia\",\"isPartOf\":{\"@id\":\"https:\\\/\\\/www.zentia.com\\\/es-es\\\/#website\"},\"datePublished\":\"2024-01-10T07:20:55+00:00\",\"dateModified\":\"2025-06-18T15:32:21+00:00\",\"description\":\"Los paneles ac\u00fasticos para techo Oplia dB son ideales para mejorar la privacidad entre oficinas. \u00a1Descubre m\u00e1s en nuestra web!\",\"breadcrumb\":{\"@id\":\"https:\\\/\\\/www.zentia.com\\\/es-es\\\/soluciones\\\/productos\\\/paneles-de-techo\\\/oplia-db\\\/#breadcrumb\"},\"inLanguage\":\"es\",\"potentialAction\":[{\"@type\":\"ReadAction\",\"target\":[\"https:\\\/\\\/www.zentia.com\\\/es-es\\\/soluciones\\\/productos\\\/paneles-de-techo\\\/oplia-db\\\/\"]}]},{\"@type\":\"BreadcrumbList\",\"@id\":\"https:\\\/\\\/www.zentia.com\\\/es-es\\\/soluciones\\\/productos\\\/paneles-de-techo\\\/oplia-db\\\/#breadcrumb\",\"itemListElement\":[{\"@type\":\"ListItem\",\"position\":1,\"name\":\"Inicio\",\"item\":\"https:\\\/\\\/www.zentia.com\\\/es-es\\\/\"},{\"@type\":\"ListItem\",\"position\":2,\"name\":\"Oplia dB\"}]},{\"@type\":\"WebSite\",\"@id\":\"https:\\\/\\\/www.zentia.com\\\/es-es\\\/#website\",\"url\":\"https:\\\/\\\/www.zentia.com\\\/es-es\\\/\",\"name\":\"Zentia\",\"description\":\"\",\"potentialAction\":[{\"@type\":\"SearchAction\",\"target\":{\"@type\":\"EntryPoint\",\"urlTemplate\":\"https:\\\/\\\/www.zentia.com\\\/es-es\\\/?s={search_term_string}\"},\"query-input\":{\"@type\":\"PropertyValueSpecification\",\"valueRequired\":true,\"valueName\":\"search_term_string\"}}],\"inLanguage\":\"es\"}]}<\/script>\n<!-- \/ Yoast SEO plugin. -->","yoast_head_json":{"title":"Oplia dB | Zentia","description":"Los paneles ac\u00fasticos para techo Oplia dB son ideales para mejorar la privacidad entre oficinas. \u00a1Descubre m\u00e1s en nuestra web!","robots":{"index":"index","follow":"follow","max-snippet":"max-snippet:-1","max-image-preview":"max-image-preview:large","max-video-preview":"max-video-preview:-1"},"canonical":"https:\/\/www.zentia.com\/es-es\/soluciones\/productos\/paneles-de-techo\/oplia-db\/","og_locale":"es_ES","og_type":"article","og_title":"Oplia dB | Zentia","og_description":"Los paneles ac\u00fasticos para techo Oplia dB son ideales para mejorar la privacidad entre oficinas. \u00a1Descubre m\u00e1s en nuestra web!","og_url":"https:\/\/www.zentia.com\/es-es\/soluciones\/productos\/paneles-de-techo\/oplia-db\/","og_site_name":"Zentia","article_modified_time":"2025-06-18T15:32:21+00:00","twitter_card":"summary_large_image","schema":{"@context":"https:\/\/schema.org","@graph":[{"@type":"WebPage","@id":"https:\/\/www.zentia.com\/es-es\/soluciones\/productos\/paneles-de-techo\/oplia-db\/","url":"https:\/\/www.zentia.com\/es-es\/soluciones\/productos\/paneles-de-techo\/oplia-db\/","name":"Oplia dB | Zentia","isPartOf":{"@id":"https:\/\/www.zentia.com\/es-es\/#website"},"datePublished":"2024-01-10T07:20:55+00:00","dateModified":"2025-06-18T15:32:21+00:00","description":"Los paneles ac\u00fasticos para techo Oplia dB son ideales para mejorar la privacidad entre oficinas. \u00a1Descubre m\u00e1s en nuestra web!","breadcrumb":{"@id":"https:\/\/www.zentia.com\/es-es\/soluciones\/productos\/paneles-de-techo\/oplia-db\/#breadcrumb"},"inLanguage":"es","potentialAction":[{"@type":"ReadAction","target":["https:\/\/www.zentia.com\/es-es\/soluciones\/productos\/paneles-de-techo\/oplia-db\/"]}]},{"@type":"BreadcrumbList","@id":"https:\/\/www.zentia.com\/es-es\/soluciones\/productos\/paneles-de-techo\/oplia-db\/#breadcrumb","itemListElement":[{"@type":"ListItem","position":1,"name":"Inicio","item":"https:\/\/www.zentia.com\/es-es\/"},{"@type":"ListItem","position":2,"name":"Oplia dB"}]},{"@type":"WebSite","@id":"https:\/\/www.zentia.com\/es-es\/#website","url":"https:\/\/www.zentia.com\/es-es\/","name":"Zentia","description":"","potentialAction":[{"@type":"SearchAction","target":{"@type":"EntryPoint","urlTemplate":"https:\/\/www.zentia.com\/es-es\/?s={search_term_string}"},"query-input":{"@type":"PropertyValueSpecification","valueRequired":true,"valueName":"search_term_string"}}],"inLanguage":"es"}]}},"_links":{"self":[{"href":"https:\/\/www.zentia.com\/es-es\/wp-json\/wp\/v2\/product\/7108","targetHints":{"allow":["GET"]}}],"collection":[{"href":"https:\/\/www.zentia.com\/es-es\/wp-json\/wp\/v2\/product"}],"about":[{"href":"https:\/\/www.zentia.com\/es-es\/wp-json\/wp\/v2\/types\/product"}],"wp:attachment":[{"href":"https:\/\/www.zentia.com\/es-es\/wp-json\/wp\/v2\/media?parent=7108"}],"wp:term":[{"taxonomy":"product-type","embeddable":true,"href":"https:\/\/www.zentia.com\/es-es\/wp-json\/wp\/v2\/product-type?post=7108"}],"curies":[{"name":"wp","href":"https:\/\/api.w.org\/{rel}","templated":true}]}}