{"id":7111,"date":"2024-01-10T07:50:26","date_gmt":"2024-01-10T07:50:26","guid":{"rendered":"https:\/\/zentia1.wpenginepowered.com\/es-es\/?post_type=product&#038;p=7111"},"modified":"2025-06-09T11:35:16","modified_gmt":"2025-06-09T10:35:16","slug":"oplia-ha-db","status":"publish","type":"product","link":"https:\/\/www.zentia.com\/es-es\/soluciones\/productos\/paneles-de-techo\/oplia-ha-db\/","title":{"rendered":"Oplia hA dB"},"featured_media":0,"parent":0,"template":"","product-type":[652],"class_list":["post-7111","product","type-product","status-publish","hentry","product-family-category-oplia","product-type-paneles-de-techo","edge-detail-board","edge-detail-tegular15","edge-detail-tegular24","sound-absorption-class-a","sound-reduction-871","product-colour-global-white","product-sizes-1200mm-l-x-600mm-w-x-40mm-t","product-sizes-600mm-l-x-600mm-w-x-40mm-t","sound-absorption-alpha-0-9","sound-absorption-nrc-0-85","sound-attentuation-920","solution-finder-toggle-x","recycled-content-0-44","humidity-resistance-0-95","cleanroom-classification-iso-5"],"acf":{"hero":{"title":"Oplia hA dB","sub_label":"","introduction":"<span class=\"TextRun SCXW42878288 BCX9\" lang=\"ES-ES\" xml:lang=\"ES-ES\" data-contrast=\"none\"><span class=\"NormalTextRun SCXW42878288 BCX9\">Oplia hA dB combina un acabado laminado liso con los m\u00e1s altos niveles de absorci\u00f3n y atenuaci\u00f3n ac\u00fastica en una sola placa, lo que la convierte en una soluci\u00f3n de techo ideal para espacios de trabajo vers\u00e1tiles.<\/span><\/span><span class=\"EOP SCXW42878288 BCX9\" data-ccp-props=\"{&quot;134233117&quot;:true,&quot;134233118&quot;:true,&quot;201341983&quot;:0,&quot;335559739&quot;:160,&quot;335559740&quot;:240}\">\u00a0<\/span>\r\n<ul style=\"font-weight: 400;\">\r\n \t<li data-leveltext=\"\uf0b7\" data-font=\"Symbol\" data-listid=\"3\" data-list-defn-props=\"{&quot;335552541&quot;:1,&quot;335559684&quot;:-2,&quot;335559685&quot;:720,&quot;335559991&quot;:360,&quot;469769226&quot;:&quot;Symbol&quot;,&quot;469769242&quot;:[8226],&quot;469777803&quot;:&quot;left&quot;,&quot;469777804&quot;:&quot;\uf0b7&quot;,&quot;469777815&quot;:&quot;hybridMultilevel&quot;}\" aria-setsize=\"-1\" data-aria-posinset=\"1\" data-aria-level=\"1\"><b><span data-contrast=\"none\">Absorci\u00f3n ac\u00fastica clase A: <\/span><\/b><span data-contrast=\"none\">Oplia hA dB tiene un \u00edndice de absorci\u00f3n ac\u00fastica 0,90<\/span><span data-contrast=\"none\">\u03b1<\/span><span data-contrast=\"none\">w, lo que hace excelente este techo para espacios abiertos.<\/span><span data-ccp-props=\"{&quot;134233117&quot;:true,&quot;134233118&quot;:true,&quot;201341983&quot;:0,&quot;335559739&quot;:160,&quot;335559740&quot;:240}\">\u00a0<\/span><\/li>\r\n \t<li data-leveltext=\"\uf0b7\" data-font=\"Symbol\" data-listid=\"3\" data-list-defn-props=\"{&quot;335552541&quot;:1,&quot;335559684&quot;:-2,&quot;335559685&quot;:720,&quot;335559991&quot;:360,&quot;469769226&quot;:&quot;Symbol&quot;,&quot;469769242&quot;:[8226],&quot;469777803&quot;:&quot;left&quot;,&quot;469777804&quot;:&quot;\uf0b7&quot;,&quot;469777815&quot;:&quot;hybridMultilevel&quot;}\" aria-setsize=\"-1\" data-aria-posinset=\"2\" data-aria-level=\"1\"><b><span data-contrast=\"none\">Excelente atenuaci\u00f3n del sonido: <\/span><\/b><span data-contrast=\"none\">Oplia hA dB tiene una atenuaci\u00f3n ac\u00fastica de 40dB.<\/span><span data-ccp-props=\"{&quot;134233117&quot;:true,&quot;134233118&quot;:true,&quot;201341983&quot;:0,&quot;335559739&quot;:160,&quot;335559740&quot;:240}\">\u00a0<\/span><\/li>\r\n \t<li data-leveltext=\"\uf0b7\" data-font=\"Symbol\" data-listid=\"3\" data-list-defn-props=\"{&quot;335552541&quot;:1,&quot;335559684&quot;:-2,&quot;335559685&quot;:720,&quot;335559991&quot;:360,&quot;469769226&quot;:&quot;Symbol&quot;,&quot;469769242&quot;:[8226],&quot;469777803&quot;:&quot;left&quot;,&quot;469777804&quot;:&quot;\uf0b7&quot;,&quot;469777815&quot;:&quot;hybridMultilevel&quot;}\" aria-setsize=\"-1\" data-aria-posinset=\"3\" data-aria-level=\"1\"><b><span data-contrast=\"none\">Certificaci\u00f3n ISO 5 para salas limpias: <\/span><\/b><span data-contrast=\"none\">Las placas de techo ac\u00fasticas Oplia hA dB son aptas para su uso en salas limpias y tienen la clasificaci\u00f3n ISO 5 de acuerdo con la norma ISO 14644-1:1999.<\/span><span data-ccp-props=\"{&quot;134233117&quot;:true,&quot;134233118&quot;:true,&quot;201341983&quot;:0,&quot;335559739&quot;:160,&quot;335559740&quot;:240}\">\u00a0<\/span><\/li>\r\n<\/ul>","introduction_short":"<span class=\"TextRun SCXW42878288 BCX9\" lang=\"ES-ES\" xml:lang=\"ES-ES\" data-contrast=\"none\"><span class=\"NormalTextRun SCXW42878288 BCX9\">Oplia hA dB combina un acabado laminado liso con los m\u00e1s altos niveles de absorci\u00f3n y atenuaci\u00f3n ac\u00fastica en una sola placa, lo que la convierte en una soluci\u00f3n de techo ideal para espacios de trabajo vers\u00e1tiles.<\/span><\/span><span class=\"EOP SCXW42878288 BCX9\" data-ccp-props=\"{&quot;134233117&quot;:true,&quot;134233118&quot;:true,&quot;201341983&quot;:0,&quot;335559739&quot;:160,&quot;335559740&quot;:240}\">\u00a0<\/span>","gallery":[7318],"datasheet":"","video_url":"","space_bottom":false},"images":null,"product_variant_alt_toggle":true,"product_variant":[{"edge_detail":"Board","product_image":"","variant_information":"Las placas de techo Oplia hA dB est\u00e1n dise\u00f1adas con bordes planos y cuadrados, lo que facilita y agiliza su instalaci\u00f3n. La instalaci\u00f3n de estas placas es un proceso sencillo: basta con levantar las placas Oplia hA dB y ajustarlas en la perfiler\u00eda. ","variant_additional_information":"<h2>Placas de techo modular Oplia hA dB<\/h2>\r\n<h3>Caracter\u00edsticas T\u00e9cnicas<\/h3>\r\n<strong>Sonido<\/strong>\r\n\r\nLas bandejas de techo suspendido Oplia hA dB proporcionan unos extraordinarios niveles de atenuaci\u00f3n ac\u00fastica de 40 dB y una absorci\u00f3n ac\u00fastica Clase A con 0,90\u03b1w. Estas placas proporcionan una ac\u00fastica verdaderamente equilibrada, lo que las hace ideales para una amplia variedad de aplicaciones.\r\n\r\n<strong>Sostenibilidad<\/strong>\r\n\r\nLas placas Oplia hA dB contienen hasta un 44% de contenido reciclado y son reciclables.\r\n\r\nLas placas Oplia hA dB tienen la certificaci\u00f3n E1 en cuanto a la emisi\u00f3n de formaldehidos.\r\n\r\n<strong>Seguridad contra incendios y otros detalles t\u00e9cnicos<\/strong>\r\n\r\nLas placas de techo Oplia hA dB tienen una clasificaci\u00f3n A2-s1,d0 conforme a la norma contra el fuego EN 13501-1. Esto significa que, en condiciones de un incendio completamente desarrollado, las placas de techo Oplia hA dB no contribuir\u00e1n significativamente a la cantidad de fuego ni al crecimiento del incendio.\r\n\r\nEstas placas de techo duraderas y resistentes a los rayados pueden limpiarse con un pa\u00f1o seco o cepillo suave. Tambi\u00e9n pueden limpiarse con suavidad con esponja o pa\u00f1o h\u00famedo. Su resistencia a la humedad relativa es del 95%.","sub_variants":[{"edge_detail":"Board","images":[{"image":7313},{"image":7314}],"cls_item_number":"BP5044M4B","cls_description":"Oplia hA dB Board","shortcode":"5044M","dimensions":"600mm (L) x 600mm (W) x 40mm (T)","colour_text":"","colour_select":[951],"surface_sifyb":"Oplia","recyclable":"S\u00ed","recycled_content":"44%","recyclable_through_zentia":"","cleanability_types":"Pa\u00f1o seco\/Cepillo suave\/Pa\u00f1o h\u00famedo\/Esponja h\u00fameda","clean_room_classification":"ISO 5","cradle_two_cradle_certification":"","durability":"","humidity_resistance_rh":"95%","light_reflectance":"85%","fire_reaction_en135011":"A2-s1,d0","iac_level":"","material":"","rout_slot_spacing_and_uom":"","cross_tee_main_runner_interface":"","corrosive_resistant":"","fire_performance":"","clean_room":"","end_detail":"","formaldehyde_emissions":"E1","low_voc_emissions":"A+","sound_absorption":"0.90","sound_absorption_class":"A","sound_reduction_index":"20","sound_attenuation":"40","sound_absorption_nrc":"0.85","compatible_grid_product_code":"BP312021A~BP312021BKA~BP312021SGA~BP312021WRA~BP313051B~BP313051BKB~BP313051SGB~BP313051WRB~BP314032A~BP314032BKA~BP314032SGA~BP314032WRA~BP092031~BP092031BK~BP092031SG~BP092031WR~BP093031~BP093031BK~BP093031SG~BP093031WR~BP093632~BP314032A~BP314032BKA~BP314032SGA~BP314032WRA~BPBERC2~BPES4~BPSJCG~BPSJMR15~BP400993~BP403493~BP404093G","floating_ceiling_frame_product_code":"BPAX22G24~BPAX32G24~BPAX33G24~BPAX42G24~BPAX43G24~BPAX44G24~BPAX52G24~BPAX53G24~BPAX54G24~BPAX55G24~BPCSAK22G24~BPCSAK32G24~BPCSAK33G24~BPCSAK42G24~BPCSAK43G24~BPCSAK44G24~BPCSAK52G24~BPCSAK53G24~BPCSAK54G24~BPCSAK55G24~BPCSAL32G24~BPCSAL33G24~BPCSAL42G24~BPCSAL43G24~BPCSAL44G24","installation_accessories":"","accessories":null},{"edge_detail":"Board","images":[{"image":7313},{"image":7314}],"cls_item_number":"BP5045M4B","cls_description":"Oplia hA dB Board","shortcode":"5045M","dimensions":"1200mm (L) x 600mm (W) x 40mm (T)","colour_text":"","colour_select":[951],"surface_sifyb":"Oplia","recyclable":"S\u00ed","recycled_content":"44%","recyclable_through_zentia":"","cleanability_types":"Pa\u00f1o seco\/Cepillo suave\/Pa\u00f1o h\u00famedo\/Esponja h\u00fameda","clean_room_classification":"ISO 5","cradle_two_cradle_certification":"","durability":"","humidity_resistance_rh":"95%","light_reflectance":"85%","fire_reaction_en135011":"A2-s1,d0","iac_level":"","material":"","rout_slot_spacing_and_uom":"","cross_tee_main_runner_interface":"","corrosive_resistant":"","fire_performance":"","clean_room":"","end_detail":"","formaldehyde_emissions":"E1","low_voc_emissions":"A+","sound_absorption":"0.90","sound_absorption_class":"A","sound_reduction_index":"20","sound_attenuation":"40","sound_absorption_nrc":"0.85","compatible_grid_product_code":"BP312021A~BP312021BKA~BP312021SGA~BP312021WRA~BP313051B~BP313051BKB~BP313051SGB~BP313051WRB~BP314032A~BP314032BKA~BP314032SGA~BP314032WRA~BP092031~BP092031BK~BP092031SG~BP092031WR~BP093031~BP093031BK~BP093031SG~BP093031WR~BP093632~BP314032A~BP314032BKA~BP314032SGA~BP314032WRA~BPBERC2~BPES4~BPSJCG~BPSJMR15~BP400993~BP403493~BP404093G","floating_ceiling_frame_product_code":"BPAX22G24~BPAX32G24~BPAX33G24~BPAX42G24~BPAX43G24~BPAX44G24~BPAX52G24~BPAX53G24~BPAX54G24~BPAX55G24~BPCSAK22G24~BPCSAK32G24~BPCSAK33G24~BPCSAK42G24~BPCSAK43G24~BPCSAK44G24~BPCSAK52G24~BPCSAK53G24~BPCSAK54G24~BPCSAK55G24~BPCSAL32G24~BPCSAL33G24~BPCSAL42G24~BPCSAL43G24~BPCSAL44G24","installation_accessories":"","accessories":null}],"override_related_items":false,"related_project_gallery":null,"related_faqs":null,"related_products":null,"related_documents_and_downloads":null,"download_all_documents":null},{"edge_detail":"Tegular24","product_image":"","variant_information":"Estos bordes con rebaje en \u00e1ngulo proporcionan a la placa de techo una vez instalada una sutil ca\u00edda por debajo de la perfiler\u00eda, a\u00f1adiendo una dimensi\u00f3n est\u00e9tica al dise\u00f1o de su techo sin comprometer el rendimiento t\u00e9cnico. ","variant_additional_information":"<h2>Placas de techo modular Oplia hA dB<\/h2>\r\n<h3>Caracter\u00edsticas T\u00e9cnicas<\/h3>\r\n<strong>Sonido<\/strong>\r\n\r\nLas bandejas de techo suspendido Oplia hA dB proporcionan unos extraordinarios niveles de atenuaci\u00f3n ac\u00fastica de 40 dB y una absorci\u00f3n ac\u00fastica Clase A con 0,90\u03b1w. Estas placas proporcionan una ac\u00fastica verdaderamente equilibrada, lo que las hace ideales para una amplia variedad de aplicaciones.\r\n\r\n<strong>Sostenibilidad<\/strong>\r\n\r\nLas placas Oplia hA dB contienen hasta un 44% de contenido reciclado y son reciclables.\r\n\r\nLas placas Oplia hA dB tienen la certificaci\u00f3n E1 en cuanto a la emisi\u00f3n de formaldehidos.\r\n\r\n<strong>Seguridad contra incendios y otros detalles t\u00e9cnicos<\/strong>\r\n\r\nLas placas de techo Oplia hA dB tienen una clasificaci\u00f3n A2-s1,d0 conforme a la norma contra el fuego EN 13501-1. Esto significa que, en condiciones de un incendio completamente desarrollado, las placas de techo Oplia hA dB no contribuir\u00e1n significativamente a la cantidad de fuego ni al crecimiento del incendio.\r\n\r\nEstas placas de techo duraderas y resistentes a los rayados pueden limpiarse con un pa\u00f1o seco o cepillo suave. Tambi\u00e9n pueden limpiarse con suavidad con esponja o pa\u00f1o h\u00famedo. Su resistencia a la humedad relativa es del 95%.","sub_variants":[{"edge_detail":"Tegular24","images":[{"image":7317},{"image":7318}],"cls_item_number":"BP5104M4B","cls_description":"Oplia hA dB Tegular24","shortcode":"5104M","dimensions":"600mm (L) x 600mm (W) x 40mm (T)","colour_text":"","colour_select":[951],"surface_sifyb":"Oplia","recyclable":"S\u00ed","recycled_content":"44%","recyclable_through_zentia":"","cleanability_types":"Pa\u00f1o seco\/Cepillo suave\/Pa\u00f1o h\u00famedo\/Esponja h\u00fameda","clean_room_classification":"ISO 5","cradle_two_cradle_certification":"","durability":"","humidity_resistance_rh":"95%","light_reflectance":"85%","fire_reaction_en135011":"A2-s1,d0","iac_level":"","material":"","rout_slot_spacing_and_uom":"","cross_tee_main_runner_interface":"","corrosive_resistant":"","fire_performance":"","clean_room":"","end_detail":"","formaldehyde_emissions":"E1","low_voc_emissions":"A+","sound_absorption":"0.90","sound_absorption_class":"A","sound_reduction_index":"20","sound_attenuation":"40","sound_absorption_nrc":"0.85","compatible_grid_product_code":"BP312021A~BP312021BKA~BP312021SGA~BP312021WRA~BP313051B~BP313051BKB~BP313051SGB~BP313051WRB~BP314032A~BP314032BKA~BP314032SGA~BP314032WRA~BP092031~BP092031BK~BP092031SG~BP092031WR~BP093031~BP093031BK~BP093031SG~BP093031WR~BP093632~BP314032A~BP314032BKA~BP314032SGA~BP314032WRA~BPBERC2~BPES4~BPSJCG~BPSJMR15~BP400993~BP403493~BP404093G","floating_ceiling_frame_product_code":"BPAX22G24~BPAX32G24~BPAX33G24~BPAX42G24~BPAX43G24~BPAX44G24~BPAX52G24~BPAX53G24~BPAX54G24~BPAX55G24~BPCSAK22G24~BPCSAK32G24~BPCSAK33G24~BPCSAK42G24~BPCSAK43G24~BPCSAK44G24~BPCSAK52G24~BPCSAK53G24~BPCSAK54G24~BPCSAK55G24~BPCSAL32G24~BPCSAL33G24~BPCSAL42G24~BPCSAL43G24~BPCSAL44G24","installation_accessories":"","accessories":null}],"override_related_items":false,"related_project_gallery":null,"related_faqs":null,"related_products":null,"related_documents_and_downloads":null,"download_all_documents":null},{"edge_detail":"Tegular15","product_image":"","variant_information":"Los bordes Tegular15 ocultan parcialmente la perfiler\u00eda del techo cuando se mira desde abajo, ofreciendo as\u00ed una forma sencilla pero impactante de a\u00f1adir estilo a su techo modular. ","variant_additional_information":"<h2>Placas de techo modular Oplia hA dB<\/h2>\r\n<h3>Caracter\u00edsticas T\u00e9cnicas<\/h3>\r\n<strong>Sonido<\/strong>\r\n\r\nLas bandejas de techo suspendido Oplia hA dB proporcionan unos extraordinarios niveles de atenuaci\u00f3n ac\u00fastica de 40 dB y una absorci\u00f3n ac\u00fastica Clase A con 0,90\u03b1w. Estas placas proporcionan una ac\u00fastica verdaderamente equilibrada, lo que las hace ideales para una amplia variedad de aplicaciones.\r\n\r\n<strong>Sostenibilidad<\/strong>\r\n\r\nLas placas Oplia hA dB contienen hasta un 44% de contenido reciclado y son reciclables.\r\n\r\nLas placas Oplia hA dB tienen la certificaci\u00f3n E1 en cuanto a la emisi\u00f3n de formaldehidos.\r\n\r\n<strong>Seguridad contra incendios y otros detalles t\u00e9cnicos<\/strong>\r\n\r\nLas placas de techo Oplia hA dB tienen una clasificaci\u00f3n A2-s1,d0 conforme a la norma contra el fuego EN 13501-1. Esto significa que, en condiciones de un incendio completamente desarrollado, las placas de techo Oplia hA dB no contribuir\u00e1n significativamente a la cantidad de fuego ni al crecimiento del incendio.\r\n\r\nEstas placas de techo duraderas y resistentes a los rayados pueden limpiarse con un pa\u00f1o seco o cepillo suave. Tambi\u00e9n pueden limpiarse con suavidad con esponja o pa\u00f1o h\u00famedo. Su resistencia a la humedad relativa es del 95%.","sub_variants":[{"edge_detail":"Tegular15","images":[{"image":7315},{"image":7316}],"cls_item_number":"BP5114M4B","cls_description":"Oplia hA dB Tegular15","shortcode":"5114M","dimensions":"600mm (L) x 600mm (W) x 40mm (T)","colour_text":"","colour_select":[951],"surface_sifyb":"Oplia","recyclable":"S\u00ed","recycled_content":"44%","recyclable_through_zentia":"","cleanability_types":"Pa\u00f1o seco\/Cepillo suave\/Pa\u00f1o h\u00famedo\/Esponja h\u00fameda","clean_room_classification":"ISO 5","cradle_two_cradle_certification":"","durability":"","humidity_resistance_rh":"95%","light_reflectance":"85%","fire_reaction_en135011":"A2-s1,d0","iac_level":"","material":"","rout_slot_spacing_and_uom":"","cross_tee_main_runner_interface":"","corrosive_resistant":"","fire_performance":"","clean_room":"","end_detail":"","formaldehyde_emissions":"E1","low_voc_emissions":"A+","sound_absorption":"0.90","sound_absorption_class":"A","sound_reduction_index":"20","sound_attenuation":"40","sound_absorption_nrc":"0.85","compatible_grid_product_code":"BP312021A~BP312021BKA~BP312021SGA~BP312021WRA~BP313051B~BP313051BKB~BP313051SGB~BP313051WRB~BP314032A~BP314032BKA~BP314032SGA~BP314032WRA~BP092031~BP092031BK~BP092031SG~BP092031WR~BP093031~BP093031BK~BP093031SG~BP093031WR~BP093632~BP314032A~BP314032BKA~BP314032SGA~BP314032WRA~BPBERC2~BPES4~BPSJCG~BPSJMR15~BP400993~BP403493~BP404093G","floating_ceiling_frame_product_code":"BPAX22G24~BPAX32G24~BPAX33G24~BPAX42G24~BPAX43G24~BPAX44G24~BPAX52G24~BPAX53G24~BPAX54G24~BPAX55G24~BPCSAK22G24~BPCSAK32G24~BPCSAK33G24~BPCSAK42G24~BPCSAK43G24~BPCSAK44G24~BPCSAK52G24~BPCSAK53G24~BPCSAK54G24~BPCSAK55G24~BPCSAL32G24~BPCSAL33G24~BPCSAL42G24~BPCSAL43G24~BPCSAL44G24","installation_accessories":"","accessories":null}],"override_related_items":false,"related_project_gallery":null,"related_faqs":null,"related_products":null,"related_documents_and_downloads":null,"download_all_documents":null}],"import_data":"","file_label":"Descargar ficha t\u00e9cnica","file":8554,"warranties":null,"product_manuals":null,"nbs":"","documents_downloads_title":"","related_documents_and_downloads":"","download_bim":"","download_all_documents":"","listing_label":"","solution_finder_toggle":false,"solution_finder_intro":"","solution_finder_points":null,"template":{"":null,"related_project_gallery":[8539],"template_faq":[7373],"space_bottom":false,"related_products_title":"Related products","related_products":[7107,7320,7108,7109],"hide_form":false}},"yoast_head":"<!-- This site is optimized with the Yoast SEO plugin v27.5 - https:\/\/yoast.com\/product\/yoast-seo-wordpress\/ -->\n<title>Oplia hA dB | Zentia<\/title>\n<meta name=\"description\" content=\"Oplia hA dB es un plaf\u00f3n ac\u00fastico de alto rendimiento que ayuda a controlar el sonido y mejorar la privacidad. \u00a1Clic aqu\u00ed para saber m\u00e1s!\" \/>\n<meta name=\"robots\" content=\"index, follow, max-snippet:-1, max-image-preview:large, max-video-preview:-1\" \/>\n<link rel=\"canonical\" href=\"https:\/\/www.zentia.com\/es-es\/soluciones\/productos\/paneles-de-techo\/oplia-ha-db\/\" \/>\n<meta property=\"og:locale\" content=\"es_ES\" \/>\n<meta property=\"og:type\" content=\"article\" \/>\n<meta property=\"og:title\" content=\"Oplia hA dB | Zentia\" \/>\n<meta property=\"og:description\" content=\"Oplia hA dB es un plaf\u00f3n ac\u00fastico de alto rendimiento que ayuda a controlar el sonido y mejorar la privacidad. \u00a1Clic aqu\u00ed para saber m\u00e1s!\" \/>\n<meta property=\"og:url\" content=\"https:\/\/www.zentia.com\/es-es\/soluciones\/productos\/paneles-de-techo\/oplia-ha-db\/\" \/>\n<meta property=\"og:site_name\" content=\"Zentia\" \/>\n<meta property=\"article:modified_time\" content=\"2025-06-09T10:35:16+00:00\" \/>\n<meta name=\"twitter:card\" content=\"summary_large_image\" \/>\n<script type=\"application\/ld+json\" class=\"yoast-schema-graph\">{\"@context\":\"https:\\\/\\\/schema.org\",\"@graph\":[{\"@type\":\"WebPage\",\"@id\":\"https:\\\/\\\/www.zentia.com\\\/es-es\\\/soluciones\\\/productos\\\/paneles-de-techo\\\/oplia-ha-db\\\/\",\"url\":\"https:\\\/\\\/www.zentia.com\\\/es-es\\\/soluciones\\\/productos\\\/paneles-de-techo\\\/oplia-ha-db\\\/\",\"name\":\"Oplia hA dB | Zentia\",\"isPartOf\":{\"@id\":\"https:\\\/\\\/www.zentia.com\\\/es-es\\\/#website\"},\"datePublished\":\"2024-01-10T07:50:26+00:00\",\"dateModified\":\"2025-06-09T10:35:16+00:00\",\"description\":\"Oplia hA dB es un plaf\u00f3n ac\u00fastico de alto rendimiento que ayuda a controlar el sonido y mejorar la privacidad. \u00a1Clic aqu\u00ed para saber m\u00e1s!\",\"breadcrumb\":{\"@id\":\"https:\\\/\\\/www.zentia.com\\\/es-es\\\/soluciones\\\/productos\\\/paneles-de-techo\\\/oplia-ha-db\\\/#breadcrumb\"},\"inLanguage\":\"es\",\"potentialAction\":[{\"@type\":\"ReadAction\",\"target\":[\"https:\\\/\\\/www.zentia.com\\\/es-es\\\/soluciones\\\/productos\\\/paneles-de-techo\\\/oplia-ha-db\\\/\"]}]},{\"@type\":\"BreadcrumbList\",\"@id\":\"https:\\\/\\\/www.zentia.com\\\/es-es\\\/soluciones\\\/productos\\\/paneles-de-techo\\\/oplia-ha-db\\\/#breadcrumb\",\"itemListElement\":[{\"@type\":\"ListItem\",\"position\":1,\"name\":\"Inicio\",\"item\":\"https:\\\/\\\/www.zentia.com\\\/es-es\\\/\"},{\"@type\":\"ListItem\",\"position\":2,\"name\":\"Oplia hA dB\"}]},{\"@type\":\"WebSite\",\"@id\":\"https:\\\/\\\/www.zentia.com\\\/es-es\\\/#website\",\"url\":\"https:\\\/\\\/www.zentia.com\\\/es-es\\\/\",\"name\":\"Zentia\",\"description\":\"\",\"potentialAction\":[{\"@type\":\"SearchAction\",\"target\":{\"@type\":\"EntryPoint\",\"urlTemplate\":\"https:\\\/\\\/www.zentia.com\\\/es-es\\\/?s={search_term_string}\"},\"query-input\":{\"@type\":\"PropertyValueSpecification\",\"valueRequired\":true,\"valueName\":\"search_term_string\"}}],\"inLanguage\":\"es\"}]}<\/script>\n<!-- \/ Yoast SEO plugin. -->","yoast_head_json":{"title":"Oplia hA dB | Zentia","description":"Oplia hA dB es un plaf\u00f3n ac\u00fastico de alto rendimiento que ayuda a controlar el sonido y mejorar la privacidad. \u00a1Clic aqu\u00ed para saber m\u00e1s!","robots":{"index":"index","follow":"follow","max-snippet":"max-snippet:-1","max-image-preview":"max-image-preview:large","max-video-preview":"max-video-preview:-1"},"canonical":"https:\/\/www.zentia.com\/es-es\/soluciones\/productos\/paneles-de-techo\/oplia-ha-db\/","og_locale":"es_ES","og_type":"article","og_title":"Oplia hA dB | Zentia","og_description":"Oplia hA dB es un plaf\u00f3n ac\u00fastico de alto rendimiento que ayuda a controlar el sonido y mejorar la privacidad. \u00a1Clic aqu\u00ed para saber m\u00e1s!","og_url":"https:\/\/www.zentia.com\/es-es\/soluciones\/productos\/paneles-de-techo\/oplia-ha-db\/","og_site_name":"Zentia","article_modified_time":"2025-06-09T10:35:16+00:00","twitter_card":"summary_large_image","schema":{"@context":"https:\/\/schema.org","@graph":[{"@type":"WebPage","@id":"https:\/\/www.zentia.com\/es-es\/soluciones\/productos\/paneles-de-techo\/oplia-ha-db\/","url":"https:\/\/www.zentia.com\/es-es\/soluciones\/productos\/paneles-de-techo\/oplia-ha-db\/","name":"Oplia hA dB | Zentia","isPartOf":{"@id":"https:\/\/www.zentia.com\/es-es\/#website"},"datePublished":"2024-01-10T07:50:26+00:00","dateModified":"2025-06-09T10:35:16+00:00","description":"Oplia hA dB es un plaf\u00f3n ac\u00fastico de alto rendimiento que ayuda a controlar el sonido y mejorar la privacidad. \u00a1Clic aqu\u00ed para saber m\u00e1s!","breadcrumb":{"@id":"https:\/\/www.zentia.com\/es-es\/soluciones\/productos\/paneles-de-techo\/oplia-ha-db\/#breadcrumb"},"inLanguage":"es","potentialAction":[{"@type":"ReadAction","target":["https:\/\/www.zentia.com\/es-es\/soluciones\/productos\/paneles-de-techo\/oplia-ha-db\/"]}]},{"@type":"BreadcrumbList","@id":"https:\/\/www.zentia.com\/es-es\/soluciones\/productos\/paneles-de-techo\/oplia-ha-db\/#breadcrumb","itemListElement":[{"@type":"ListItem","position":1,"name":"Inicio","item":"https:\/\/www.zentia.com\/es-es\/"},{"@type":"ListItem","position":2,"name":"Oplia hA dB"}]},{"@type":"WebSite","@id":"https:\/\/www.zentia.com\/es-es\/#website","url":"https:\/\/www.zentia.com\/es-es\/","name":"Zentia","description":"","potentialAction":[{"@type":"SearchAction","target":{"@type":"EntryPoint","urlTemplate":"https:\/\/www.zentia.com\/es-es\/?s={search_term_string}"},"query-input":{"@type":"PropertyValueSpecification","valueRequired":true,"valueName":"search_term_string"}}],"inLanguage":"es"}]}},"_links":{"self":[{"href":"https:\/\/www.zentia.com\/es-es\/wp-json\/wp\/v2\/product\/7111","targetHints":{"allow":["GET"]}}],"collection":[{"href":"https:\/\/www.zentia.com\/es-es\/wp-json\/wp\/v2\/product"}],"about":[{"href":"https:\/\/www.zentia.com\/es-es\/wp-json\/wp\/v2\/types\/product"}],"wp:attachment":[{"href":"https:\/\/www.zentia.com\/es-es\/wp-json\/wp\/v2\/media?parent=7111"}],"wp:term":[{"taxonomy":"product-type","embeddable":true,"href":"https:\/\/www.zentia.com\/es-es\/wp-json\/wp\/v2\/product-type?post=7111"}],"curies":[{"name":"wp","href":"https:\/\/api.w.org\/{rel}","templated":true}]}}