{"id":7112,"date":"2023-11-29T09:36:37","date_gmt":"2023-11-29T09:36:37","guid":{"rendered":"https:\/\/zentia1.wpenginepowered.com\/es-es\/?post_type=product&#038;p=7112"},"modified":"2025-09-23T09:45:25","modified_gmt":"2025-09-23T08:45:25","slug":"biobloc-acoustic","status":"publish","type":"product","link":"https:\/\/www.zentia.com\/es-es\/soluciones\/productos\/paneles-de-techo\/biobloc-acoustic\/","title":{"rendered":"Biobloc Acoustic"},"featured_media":0,"parent":0,"template":"","product-type":[652],"class_list":["post-7112","product","type-product","status-publish","hentry","product-family-category-biobloc","product-type-paneles-de-techo","edge-detail-board","edge-detail-tegular15","edge-detail-tegular24","sound-absorption-class-c","sound-reduction-833","product-colour-white","product-sizes-1200mm-l-x-600mm-w-x-17mm-t","product-sizes-600mm-l-x-600mm-w-x-17mm-t","sound-absorption-alpha-0-6","sound-absorption-nrc-0-6","sound-attentuation-836","solution-finder-toggle-x","recycled-content-0-79","humidity-resistance-0-95","cleanroom-classification-iso-4"],"acf":{"hero":{"title":"Biobloc Acoustic","sub_label":"","introduction":"Biobloc Acoustic est\u00e1 dise\u00f1ado para su uso en entornos sanitarios. Estas placas pueden instalarse donde exista un riesgo de infecci\u00f3n de medio a grave. Los paneles de techo Biobloc Acoustic tienen un recubrimiento adicional que inhibe activamente el crecimiento de microorganismos. Son repelentes al agua y pueden limpiarse con esponja h\u00fameda y desinfectante en aerosol, as\u00ed como mediante nebulizaci\u00f3n. Est\u00e1n dise\u00f1ados para complementar las medidas de control de infecciones existentes.\r\n\r\nDise\u00f1ado para favorecer la salud y el bienestar de los pacientes, combina un excelente rendimiento ac\u00fastico con una alta reflexi\u00f3n de la luz. Esto permite crear un interior luminoso y relajante en las zonas de tratamiento de los pacientes.\r\n<ul>\r\n \t<li><strong>Eficaz contra los microorganismos: <\/strong>Biobloc Acoustic cumple con la clasificaci\u00f3n microbiol\u00f3gica M1 de la norma NF S 90-351 (2013) apto para Zona 4 de riesgo m\u00e1s rigurosa. Los resultados son \u22641 en cuanto a la formaci\u00f3n de colonias por m3 de aire consiguen la clasificaci\u00f3n M1 en las pruebas realizadas con:\r\n<ul>\r\n \t<li>Staphylococcus aureus resistente a la meticilina (SARM)<\/li>\r\n \t<li>Escherichia coli (E-coli)<\/li>\r\n \t<li>Bacillus cereus<\/li>\r\n \t<li>Acinetobacter baumannii<\/li>\r\n \t<li>Klebsiella pneumoniae<\/li>\r\n \t<li>Streptococcus pneumoniae<\/li>\r\n \t<li>Candida albicans<\/li>\r\n \t<li>&lt;1 en las pruebas de Aspergillus brasiliensis (hongo)<\/li>\r\n<\/ul>\r\n<\/li>\r\n \t<li><strong>Certificaci\u00f3n ISO 4 para salas limpias: <\/strong>Las placas de techo Biobloc Acoustic son id\u00f3neas para su instalaci\u00f3n en salas limpias con una clasificaci\u00f3n ISO 4 seg\u00fan las normas ISO 14644-1:1999. Biobloc Acoustic puede tambi\u00e9n utilizarse eficazmente en laboratorios y cocinas comerciales, entornos en los que los criterios tanto de salas limpias como de la desinfecci\u00f3n son primordiales.<\/li>\r\n \t<li><strong>Fabricaci\u00f3n en el Reino Unido:<\/strong> Las placas de techo suspendido Biobloc Acoustic se fabrican en el Reino Unido y tienen una disponibilidad permanente. Se env\u00edan directamente a los distribuidores desde la f\u00e1brica de Zentia en Gateshead, Tyne and Wear, para acortar los plazos de entrega.<\/li>\r\n<\/ul>","introduction_short":"Biobloc Acoustic est\u00e1 dise\u00f1ado para su uso en entornos sanitarios. Estas placas pueden instalarse donde exista un riesgo de infecci\u00f3n de medio a grave. Los paneles de techo Biobloc Acoustic tienen un recubrimiento adicional que inhibe activamente el crecimiento de microorganismos. Son repelentes al agua y pueden limpiarse con esponja h\u00fameda y desinfectante en aerosol, as\u00ed como mediante nebulizaci\u00f3n. Est\u00e1n dise\u00f1ados para complementar las medidas de control de infecciones existentes.\r\n\r\nDise\u00f1ado para favorecer la salud y el bienestar de los pacientes, combina un excelente rendimiento ac\u00fastico con una alta reflexi\u00f3n de la luz. Esto permite crear un interior luminoso y relajante en las zonas de tratamiento de los pacientes.","gallery":[7238,7237,7235,7232],"datasheet":"","video_url":"","space_bottom":false},"images":null,"product_variant_alt_toggle":false,"product_variant":[{"edge_detail":"Board","product_image":"","variant_information":"Las placas de techo Biobloc Acoustic est\u00e1n dise\u00f1adas con cantos rectos que facilitan su instalaci\u00f3n. Simplemente tiene que levantar las placas y colocarlas en su lugar sobre la perfiler\u00eda. El resultado es una superficie uniforme y sin juntas que resalta la estructura de la perfiler\u00eda. Este modelo para techos suspendidos se integra a la perfecci\u00f3n con el entorno.","variant_additional_information":"<h2>Techo modular Biobloc Acoustic<\/h2>\r\n<h3>Caracter\u00edsticas T\u00e9cnicas<\/h3>\r\n<strong>Sonido<\/strong>\r\n\r\n<a href=\"https:\/\/www.zentia.com\/es-es\/soluciones\/productos\/paneles-de-techo\/bioguard-acoustic\/\">Anteriormente conocido como Bioguard Acoustic<\/a>, las placas Biobloc Acoustic ofrecen una absorci\u00f3n ac\u00fastica de Clase C y un rendimiento de atenuaci\u00f3n ac\u00fastica de 36 dB. Combinadas con sus propiedades antimicrobianas, contribuyen al bienestar de los pacientes y son ideales para entornos sanitarios.\r\n\r\n<strong>Sostenibilidad<\/strong>\r\n\r\nLas placas Biobloc Acoustic contienen hasta un 79% de contenido reciclado y son totalmente reciclables. The rest of the text in this paragrah isn\u2019t available in Iberia.\r\n\r\nLas placas de techo Biobloc Acoustic tienen una clasificaci\u00f3n E1 en cuanto a emisiones de formaldeh\u00eddo y obtienen la certificaci\u00f3n Gold del Eurofins Indoor Air Comfort por sus bajas emisiones de COV (compuestos org\u00e1nicos vol\u00e1tiles).\r\n\r\n<strong>Seguridad contra el fuego y otros detalles t\u00e9cnicos<\/strong>\r\n\r\nEl techo Biobloc Acoustic ha sido clasificado seg\u00fan la norma contra incendios EN 13501-1 y tienen una clasificaci\u00f3n A2-s1,d0. Esto significa que, en condiciones de un incendio completamente desarrollado, las placas Biobloc Acoustic no contribuir\u00e1n significativamente a la propagaci\u00f3n del fuego.\r\n\r\nEstas placas son muy duraderas y resistentes a los rasgu\u00f1os y pueden limpiarse con un pa\u00f1o seco o cepillo suave. Tambi\u00e9n pueden limpiarse suavemente con esponja o pa\u00f1o h\u00famedo y son aptas para la nebulizaci\u00f3n. Tienen un \u00edndice de resistencia a la humedad relativa del 95%.","sub_variants":[{"edge_detail":"Board","images":[{"image":7255},{"image":7236},{"image":7237}],"cls_item_number":"BP2549M4G","cls_description":"Biobloc Acoustic","shortcode":"2549M","dimensions":"600mm (L) x 600mm (W) x 17mm (T)","colour_text":"White","colour_select":[],"surface_sifyb":"Biobloc Laminated","recyclable":"Yes","recycled_content":"79%","recyclable_through_zentia":"","cleanability_types":"Dry cloth \/ Soft brush \/ Moist cloth \/ Damp sponge \/ Cleanable with disinfectants","clean_room_classification":"ISO 4","cradle_two_cradle_certification":"","durability":"Scratch resistance","humidity_resistance_rh":"95%","light_reflectance":"85%","fire_reaction_en135011":"A2-s1,d0","iac_level":"Gold","material":"","rout_slot_spacing_and_uom":"","cross_tee_main_runner_interface":"","corrosive_resistant":"","fire_performance":"","clean_room":"","end_detail":"","formaldehyde_emissions":"E1","low_voc_emissions":"A+","sound_absorption":"0.6","sound_absorption_class":"C","sound_reduction_index":"18","sound_attenuation":"36","sound_absorption_nrc":"0.6","compatible_grid_product_code":"BP312021A~BP312021BKA~BP312021SGA~BP312021WRA~BP313051B~BP313051BKB~BP313051SGB~BP313051WRB~BP314032A~BP314032BKA~BP314032SGA~BP314032WRA~BP092031~BP092031BK~BP092031SG~BP092031WR~BP093031~BP093031BK~BP093031SG~BP093031WR~BP093632~BP314032A~BP314032BKA~BP314032SGA~BP314032WRA~BP152032~BP153032~BP284042~BPEA792044C~BPEA793044C~BPEA794044C","floating_ceiling_frame_product_code":"BPAX22G24~BPAX32G24~BPAX33G24~BPAX42G24~BPAX43G24~BPAX44G24~BPAX52G24~BPAX53G24~BPAX54G24~BPAX55G24~BPCSAK22G24~BPCSAK32G24~BPCSAK33G24~BPCSAK42G24~BPCSAK43G24~BPCSAK44G24~BPCSAK52G24~BPCSAK53G24~BPCSAK54G24~BPCSAK55G24~BPCSAL32G24~BPCSAL33G24~BPCSAL42G24~BPCSAL43G24~BPCSAL44G24","installation_accessories":"","accessories":null},{"edge_detail":"Board","images":[{"image":7255},{"image":7236},{"image":7237}],"cls_item_number":"BP2550M4F","cls_description":"Biobloc Acoustic","shortcode":"2550M","dimensions":"1200mm (L) x 600mm (W) x 17mm (T)","colour_text":"White","colour_select":[],"surface_sifyb":"Biobloc Laminated","recyclable":"Yes","recycled_content":"79%","recyclable_through_zentia":"","cleanability_types":"Dry cloth \/ Soft brush \/ Moist cloth \/ Damp sponge \/ Cleanable with disinfectants","clean_room_classification":"ISO 4","cradle_two_cradle_certification":"","durability":"Scratch resistance","humidity_resistance_rh":"95%","light_reflectance":"85%","fire_reaction_en135011":"A2-s1,d0","iac_level":"Gold","material":"","rout_slot_spacing_and_uom":"","cross_tee_main_runner_interface":"","corrosive_resistant":"","fire_performance":"","clean_room":"","end_detail":"","formaldehyde_emissions":"E1","low_voc_emissions":"A+","sound_absorption":"0.6","sound_absorption_class":"C","sound_reduction_index":"18","sound_attenuation":"36","sound_absorption_nrc":"0.6","compatible_grid_product_code":"BP312021A~BP312021BKA~BP312021SGA~BP312021WRA~BP313051B~BP313051BKB~BP313051SGB~BP313051WRB~BP314032A~BP314032BKA~BP314032SGA~BP314032WRA~BP092031~BP092031BK~BP092031SG~BP092031WR~BP093031~BP093031BK~BP093031SG~BP093031WR~BP093632~BP314032A~BP314032BKA~BP314032SGA~BP314032WRA~BP152032~BP153032~BP284042~BPEA792044C~BPEA793044C~BPEA794044C","floating_ceiling_frame_product_code":"BPAX22G24~BPAX32G24~BPAX33G24~BPAX42G24~BPAX43G24~BPAX44G24~BPAX52G24~BPAX53G24~BPAX54G24~BPAX55G24~BPCSAK22G24~BPCSAK32G24~BPCSAK33G24~BPCSAK42G24~BPCSAK43G24~BPCSAK44G24~BPCSAK52G24~BPCSAK53G24~BPCSAK54G24~BPCSAK55G24~BPCSAL32G24~BPCSAL33G24~BPCSAL42G24~BPCSAL43G24~BPCSAL44G24","installation_accessories":"","accessories":null}],"override_related_items":false,"related_project_gallery":null,"related_faqs":null,"related_products":null,"related_documents_and_downloads":null,"download_all_documents":null},{"edge_detail":"Tegular24","product_image":"","variant_information":"Los paneles de falso techo Biobloc Acoustic se pueden pedir con un detalle de borde Tegular24. Los bordes de Tegular24 se cortan en un \u00e1ngulo abierto de 105 grados para dejar caer ligeramente la loseta del techo debajo de la rejilla del techo una vez instalada. Este borde semibiselado a\u00f1ade estilo visual al dise\u00f1o del techo sin comprometer el rendimiento t\u00e9cnico de la loseta.","variant_additional_information":"<h2>Techo modular Biobloc Acoustic<\/h2>\r\n<h3>Caracter\u00edsticas T\u00e9cnicas<\/h3>\r\n<strong>Sonido<\/strong>\r\n\r\nLas placas Biobloc Acoustic ofrecen una absorci\u00f3n ac\u00fastica de Clase C y un rendimiento de atenuaci\u00f3n ac\u00fastica de 36 dB. Combinadas con sus propiedades antimicrobianas, contribuyen al bienestar de los pacientes y son ideales para entornos sanitarios.\r\n\r\n<strong>Sostenibilidad<\/strong>\r\n\r\nLas placas Biobloc Acoustic contienen hasta un 42% de contenido reciclado y son totalmente reciclables. The rest of the text in this paragrah isn\u2019t available in Iberia.\r\n\r\nLas placas de techo Biobloc Acoustic tienen una clasificaci\u00f3n E1 en cuanto a emisiones de formaldeh\u00eddo y obtienen la certificaci\u00f3n Gold del Eurofins Indoor Air Comfort por sus bajas emisiones de COV (compuestos org\u00e1nicos vol\u00e1tiles).\r\n\r\n<strong>Seguridad contra el fuego y otros detalles t\u00e9cnicos<\/strong>\r\n\r\nEl techo Biobloc Acoustic ha sido clasificado seg\u00fan la norma contra incendios EN 13501-1 y tienen una clasificaci\u00f3n A2-s1,d0. Esto significa que, en condiciones de un incendio completamente desarrollado, las placas Biobloc Acoustic no contribuir\u00e1n significativamente a la propagaci\u00f3n del fuego.\r\n\r\nEstas placas son muy duraderas y resistentes a los rasgu\u00f1os y pueden limpiarse con un pa\u00f1o seco o cepillo suave. Tambi\u00e9n pueden limpiarse suavemente con esponja o pa\u00f1o h\u00famedo y son aptas para la nebulizaci\u00f3n. Tienen un \u00edndice de resistencia a la humedad relativa del 95%.","sub_variants":[{"edge_detail":"Tegular24","images":[{"image":7234},{"image":7235}],"cls_item_number":"BP2551M4G","cls_description":"Biobloc Acoustic","shortcode":"2551M","dimensions":"600mm (L) x 600mm (W) x 17mm (T)","colour_text":"White","colour_select":[],"surface_sifyb":"Biobloc Laminated","recyclable":"Yes","recycled_content":"79%","recyclable_through_zentia":"","cleanability_types":"Dry cloth \/ Soft brush \/ Moist cloth \/ Damp sponge \/ Cleanable with disinfectants","clean_room_classification":"ISO 4","cradle_two_cradle_certification":"","durability":"Scratch resistance","humidity_resistance_rh":"95%","light_reflectance":"85%","fire_reaction_en135011":"A2-s1,d0","iac_level":"Gold","material":"","rout_slot_spacing_and_uom":"","cross_tee_main_runner_interface":"","corrosive_resistant":"","fire_performance":"","clean_room":"","end_detail":"","formaldehyde_emissions":"E1","low_voc_emissions":"A+","sound_absorption":"0.6","sound_absorption_class":"C","sound_reduction_index":"18","sound_attenuation":"36","sound_absorption_nrc":"0.6","compatible_grid_product_code":"BP312021A~BP312021BKA~BP312021SGA~BP312021WRA~BP313051B~BP313051BKB~BP313051SGB~BP313051WRB~BP314032A~BP314032BKA~BP314032SGA~BP314032WRA~BP092031~BP092031BK~BP092031SG~BP092031WR~BP093031~BP093031BK~BP093031SG~BP093031WR~BP093632~BP314032A~BP314032BKA~BP314032SGA~BP314032WRA~BPEA792044C~BPEA793044C~BPEA794044C","floating_ceiling_frame_product_code":"BPAX22G24~BPAX32G24~BPAX33G24~BPAX42G24~BPAX43G24~BPAX44G24~BPAX52G24~BPAX53G24~BPAX54G24~BPAX55G24~BPCSACI33G24~BPCSACI44G24~BPCSACU43G24~BPCSACU44G24~BPCSACU53G24~BPCSACU55G24~BPCSAK22G24~BPCSAK32G24~BPCSAK33G24~BPCSAK42G24~BPCSAK43G24~BPCSAK44G24~BPCSAK52G24~BPCSAK53G24~BPCSAK54G24~BPCSAK55G24~BPCSAL32G24~BPCSAL33G24~BPCSAL42G24~BPCSAL43G24~BPCSAL44G24","installation_accessories":"","accessories":null}],"override_related_items":false,"related_project_gallery":null,"related_faqs":null,"related_products":null,"related_documents_and_downloads":null,"download_all_documents":null},{"edge_detail":"Tegular15","product_image":"","variant_information":"Los paneles de falso techo Biobloc Acoustic tambi\u00e9n se pueden pedir con un detalle de borde Tegular15. Estos bordes Tegular15 est\u00e1n cortados en \u00e1ngulos de 90 grados que colocan la placa del techo debajo de una rejilla de techo de 15 mm. Oculta parcialmente la rejilla met\u00e1lica del techo cuando se ve desde el nivel del suelo, creando un efecto de sombra. Es una forma sencilla pero eficaz de jugar con la luz y las sombras, especialmente en combinaci\u00f3n con el color.","variant_additional_information":"<h2>Techo modular Biobloc Acoustic<\/h2>\r\n<h3>Caracter\u00edsticas T\u00e9cnicas<\/h3>\r\n<strong>Sonido<\/strong>\r\n\r\nLas placas Biobloc Acoustic ofrecen una absorci\u00f3n ac\u00fastica de Clase C y un rendimiento de atenuaci\u00f3n ac\u00fastica de 36 dB. Combinadas con sus propiedades antimicrobianas, contribuyen al bienestar de los pacientes y son ideales para entornos sanitarios.\r\n\r\n<strong>Sostenibilidad<\/strong>\r\n\r\nLas placas Biobloc Acoustic contienen hasta un 42% de contenido reciclado y son totalmente reciclables. The rest of the text in this paragrah isn\u2019t available in Iberia.\r\n\r\nLas placas de techo Biobloc Acoustic tienen una clasificaci\u00f3n E1 en cuanto a emisiones de formaldeh\u00eddo y obtienen la certificaci\u00f3n Gold del Eurofins Indoor Air Comfort por sus bajas emisiones de COV (compuestos org\u00e1nicos vol\u00e1tiles).\r\n\r\n<strong>Seguridad contra el fuego y otros detalles t\u00e9cnicos<\/strong>\r\n\r\nEl techo Biobloc Acoustic ha sido clasificado seg\u00fan la norma contra incendios EN 13501-1 y tienen una clasificaci\u00f3n A2-s1,d0. Esto significa que, en condiciones de un incendio completamente desarrollado, las placas Biobloc Acoustic no contribuir\u00e1n significativamente a la propagaci\u00f3n del fuego.\r\n\r\nEstas placas son muy duraderas y resistentes a los rasgu\u00f1os y pueden limpiarse con un pa\u00f1o seco o cepillo suave. Tambi\u00e9n pueden limpiarse suavemente con esponja o pa\u00f1o h\u00famedo y son aptas para la nebulizaci\u00f3n. Tienen un \u00edndice de resistencia a la humedad relativa del 95%.","sub_variants":[{"edge_detail":"Tegular15","images":[{"image":7231},{"image":7232}],"cls_item_number":"BP2552M4F","cls_description":"Biobloc Acoustic","shortcode":"2552M","dimensions":"600mm (L) x 600mm (W) x 17mm (T)","colour_text":"White","colour_select":[],"surface_sifyb":"Biobloc Laminated","recyclable":"Yes","recycled_content":"79%","recyclable_through_zentia":"","cleanability_types":"Dry cloth \/ Soft brush \/ Moist cloth \/ Damp sponge \/ Cleanable with disinfectants","clean_room_classification":"ISO 4","cradle_two_cradle_certification":"","durability":"Scratch resistance","humidity_resistance_rh":"95%","light_reflectance":"85%","fire_reaction_en135011":"A2-s1,d0","iac_level":"Gold","material":"","rout_slot_spacing_and_uom":"","cross_tee_main_runner_interface":"","corrosive_resistant":"","fire_performance":"","clean_room":"","end_detail":"","formaldehyde_emissions":"E1","low_voc_emissions":"A+","sound_absorption":"0.6","sound_absorption_class":"C","sound_reduction_index":"18","sound_attenuation":"36","sound_absorption_nrc":"0.6","compatible_grid_product_code":"BP102033A~BP102033BKA~BP102033SGA~BP102033WRA~BP103033A~BP103033BKA~BP103033SGA~BP103033WRA~BP103633A~BP302033B~BP302033BKB~BP302033SGB~BP302033WRB~BP303033B~BP303033BKB~BP303033SGB~BP303033WRB~BP303632~BP612042G~BP613042G~BP614042H","floating_ceiling_frame_product_code":"BPAX22G15~BPAX32G15~BPAX33G15~BPAX42G15~BPAX43G15~BPAX44G15~BPAX52G15~BPAX53G15~BPAX54G15~BPAX55G15~BPCSAK22G15~BPCSAK32G15~BPCSAK33G15~BPCSAK42G15~BPCSAK43G15~BPCSAK44G15~BPCSAK52G15~BPCSAK53G15~BPCSAK54G15~BPCSAK55G15","installation_accessories":"","accessories":null}],"override_related_items":false,"related_project_gallery":null,"related_faqs":null,"related_products":null,"related_documents_and_downloads":null,"download_all_documents":null}],"import_data":"","file_label":"Descargar ficha t\u00e9cnica","file":8729,"warranties":null,"product_manuals":null,"nbs":"","documents_downloads_title":"","related_documents_and_downloads":"","download_bim":"","download_all_documents":"","listing_label":"","solution_finder_toggle":false,"solution_finder_intro":"","solution_finder_points":null,"template":{"":null,"related_project_gallery":[8123,7894],"template_faq":[7262,7263,7265,7266],"space_bottom":false,"related_products_title":"Related documents","related_products":[7113,4727,4726,4717],"hide_form":false}},"yoast_head":"<!-- This site is optimized with the Yoast SEO plugin v27.4 - https:\/\/yoast.com\/product\/yoast-seo-wordpress\/ -->\n<title>Biobloc Acoustic | Zentia<\/title>\n<meta name=\"description\" content=\"Las placas de techo ac\u00fasticas Biobloc inhiben activamente el crecimiento de microorganismos y est\u00e1n dise\u00f1adas para su uso en entornos sanitarios. \u00a1Descubre m\u00e1s!\" \/>\n<meta name=\"robots\" content=\"index, follow, max-snippet:-1, max-image-preview:large, max-video-preview:-1\" \/>\n<link rel=\"canonical\" href=\"https:\/\/www.zentia.com\/es-es\/soluciones\/productos\/paneles-de-techo\/biobloc-acoustic\/\" \/>\n<meta property=\"og:locale\" content=\"es_ES\" \/>\n<meta property=\"og:type\" content=\"article\" \/>\n<meta property=\"og:title\" content=\"Biobloc Acoustic | Zentia\" \/>\n<meta property=\"og:description\" content=\"Las placas de techo ac\u00fasticas Biobloc inhiben activamente el crecimiento de microorganismos y est\u00e1n dise\u00f1adas para su uso en entornos sanitarios. \u00a1Descubre m\u00e1s!\" \/>\n<meta property=\"og:url\" content=\"https:\/\/www.zentia.com\/es-es\/soluciones\/productos\/paneles-de-techo\/biobloc-acoustic\/\" \/>\n<meta property=\"og:site_name\" content=\"Zentia\" \/>\n<meta property=\"article:modified_time\" content=\"2025-09-23T08:45:25+00:00\" \/>\n<meta name=\"twitter:card\" content=\"summary_large_image\" \/>\n<script type=\"application\/ld+json\" class=\"yoast-schema-graph\">{\"@context\":\"https:\\\/\\\/schema.org\",\"@graph\":[{\"@type\":\"WebPage\",\"@id\":\"https:\\\/\\\/www.zentia.com\\\/es-es\\\/soluciones\\\/productos\\\/paneles-de-techo\\\/biobloc-acoustic\\\/\",\"url\":\"https:\\\/\\\/www.zentia.com\\\/es-es\\\/soluciones\\\/productos\\\/paneles-de-techo\\\/biobloc-acoustic\\\/\",\"name\":\"Biobloc Acoustic | Zentia\",\"isPartOf\":{\"@id\":\"https:\\\/\\\/www.zentia.com\\\/es-es\\\/#website\"},\"datePublished\":\"2023-11-29T09:36:37+00:00\",\"dateModified\":\"2025-09-23T08:45:25+00:00\",\"description\":\"Las placas de techo ac\u00fasticas Biobloc inhiben activamente el crecimiento de microorganismos y est\u00e1n dise\u00f1adas para su uso en entornos sanitarios. \u00a1Descubre m\u00e1s!\",\"breadcrumb\":{\"@id\":\"https:\\\/\\\/www.zentia.com\\\/es-es\\\/soluciones\\\/productos\\\/paneles-de-techo\\\/biobloc-acoustic\\\/#breadcrumb\"},\"inLanguage\":\"es\",\"potentialAction\":[{\"@type\":\"ReadAction\",\"target\":[\"https:\\\/\\\/www.zentia.com\\\/es-es\\\/soluciones\\\/productos\\\/paneles-de-techo\\\/biobloc-acoustic\\\/\"]}]},{\"@type\":\"BreadcrumbList\",\"@id\":\"https:\\\/\\\/www.zentia.com\\\/es-es\\\/soluciones\\\/productos\\\/paneles-de-techo\\\/biobloc-acoustic\\\/#breadcrumb\",\"itemListElement\":[{\"@type\":\"ListItem\",\"position\":1,\"name\":\"Inicio\",\"item\":\"https:\\\/\\\/www.zentia.com\\\/es-es\\\/\"},{\"@type\":\"ListItem\",\"position\":2,\"name\":\"Biobloc Acoustic\"}]},{\"@type\":\"WebSite\",\"@id\":\"https:\\\/\\\/www.zentia.com\\\/es-es\\\/#website\",\"url\":\"https:\\\/\\\/www.zentia.com\\\/es-es\\\/\",\"name\":\"Zentia\",\"description\":\"\",\"potentialAction\":[{\"@type\":\"SearchAction\",\"target\":{\"@type\":\"EntryPoint\",\"urlTemplate\":\"https:\\\/\\\/www.zentia.com\\\/es-es\\\/?s={search_term_string}\"},\"query-input\":{\"@type\":\"PropertyValueSpecification\",\"valueRequired\":true,\"valueName\":\"search_term_string\"}}],\"inLanguage\":\"es\"}]}<\/script>\n<!-- \/ Yoast SEO plugin. -->","yoast_head_json":{"title":"Biobloc Acoustic | Zentia","description":"Las placas de techo ac\u00fasticas Biobloc inhiben activamente el crecimiento de microorganismos y est\u00e1n dise\u00f1adas para su uso en entornos sanitarios. \u00a1Descubre m\u00e1s!","robots":{"index":"index","follow":"follow","max-snippet":"max-snippet:-1","max-image-preview":"max-image-preview:large","max-video-preview":"max-video-preview:-1"},"canonical":"https:\/\/www.zentia.com\/es-es\/soluciones\/productos\/paneles-de-techo\/biobloc-acoustic\/","og_locale":"es_ES","og_type":"article","og_title":"Biobloc Acoustic | Zentia","og_description":"Las placas de techo ac\u00fasticas Biobloc inhiben activamente el crecimiento de microorganismos y est\u00e1n dise\u00f1adas para su uso en entornos sanitarios. \u00a1Descubre m\u00e1s!","og_url":"https:\/\/www.zentia.com\/es-es\/soluciones\/productos\/paneles-de-techo\/biobloc-acoustic\/","og_site_name":"Zentia","article_modified_time":"2025-09-23T08:45:25+00:00","twitter_card":"summary_large_image","schema":{"@context":"https:\/\/schema.org","@graph":[{"@type":"WebPage","@id":"https:\/\/www.zentia.com\/es-es\/soluciones\/productos\/paneles-de-techo\/biobloc-acoustic\/","url":"https:\/\/www.zentia.com\/es-es\/soluciones\/productos\/paneles-de-techo\/biobloc-acoustic\/","name":"Biobloc Acoustic | Zentia","isPartOf":{"@id":"https:\/\/www.zentia.com\/es-es\/#website"},"datePublished":"2023-11-29T09:36:37+00:00","dateModified":"2025-09-23T08:45:25+00:00","description":"Las placas de techo ac\u00fasticas Biobloc inhiben activamente el crecimiento de microorganismos y est\u00e1n dise\u00f1adas para su uso en entornos sanitarios. \u00a1Descubre m\u00e1s!","breadcrumb":{"@id":"https:\/\/www.zentia.com\/es-es\/soluciones\/productos\/paneles-de-techo\/biobloc-acoustic\/#breadcrumb"},"inLanguage":"es","potentialAction":[{"@type":"ReadAction","target":["https:\/\/www.zentia.com\/es-es\/soluciones\/productos\/paneles-de-techo\/biobloc-acoustic\/"]}]},{"@type":"BreadcrumbList","@id":"https:\/\/www.zentia.com\/es-es\/soluciones\/productos\/paneles-de-techo\/biobloc-acoustic\/#breadcrumb","itemListElement":[{"@type":"ListItem","position":1,"name":"Inicio","item":"https:\/\/www.zentia.com\/es-es\/"},{"@type":"ListItem","position":2,"name":"Biobloc Acoustic"}]},{"@type":"WebSite","@id":"https:\/\/www.zentia.com\/es-es\/#website","url":"https:\/\/www.zentia.com\/es-es\/","name":"Zentia","description":"","potentialAction":[{"@type":"SearchAction","target":{"@type":"EntryPoint","urlTemplate":"https:\/\/www.zentia.com\/es-es\/?s={search_term_string}"},"query-input":{"@type":"PropertyValueSpecification","valueRequired":true,"valueName":"search_term_string"}}],"inLanguage":"es"}]}},"_links":{"self":[{"href":"https:\/\/www.zentia.com\/es-es\/wp-json\/wp\/v2\/product\/7112","targetHints":{"allow":["GET"]}}],"collection":[{"href":"https:\/\/www.zentia.com\/es-es\/wp-json\/wp\/v2\/product"}],"about":[{"href":"https:\/\/www.zentia.com\/es-es\/wp-json\/wp\/v2\/types\/product"}],"wp:attachment":[{"href":"https:\/\/www.zentia.com\/es-es\/wp-json\/wp\/v2\/media?parent=7112"}],"wp:term":[{"taxonomy":"product-type","embeddable":true,"href":"https:\/\/www.zentia.com\/es-es\/wp-json\/wp\/v2\/product-type?post=7112"}],"curies":[{"name":"wp","href":"https:\/\/api.w.org\/{rel}","templated":true}]}}