{"id":7113,"date":"2023-11-29T09:31:31","date_gmt":"2023-11-29T09:31:31","guid":{"rendered":"https:\/\/zentia1.wpenginepowered.com\/es-es\/?post_type=product&#038;p=7113"},"modified":"2025-09-23T10:42:24","modified_gmt":"2025-09-23T09:42:24","slug":"biobloc-plain","status":"publish","type":"product","link":"https:\/\/www.zentia.com\/es-es\/soluciones\/productos\/paneles-de-techo\/biobloc-plain\/","title":{"rendered":"Biobloc Plain"},"featured_media":0,"parent":0,"template":"","product-type":[652],"class_list":["post-7113","product","type-product","status-publish","hentry","product-family-category-biobloc","product-type-paneles-de-techo","edge-detail-board","edge-detail-tegular15","edge-detail-tegular24","sound-absorption-class-e","sound-reduction-840","product-colour-white","product-sizes-1200mm-l-x-600mm-w-x-15mm-t","product-sizes-600mm-l-x-600mm-w-x-15mm-t","sound-absorption-alpha-0-2","sound-absorption-nrc-0-2","sound-attentuation-825","solution-finder-toggle-x","humidity-resistance-0-95","cleanroom-classification-iso-5"],"acf":{"hero":{"title":"Biobloc Plain","sub_label":"","introduction":"Las placas de techo suspendido Biobloc Plain est\u00e1n dise\u00f1adas para su instalaci\u00f3n en entornos sanitarios, especialmente en zonas donde el riesgo de infecci\u00f3n oscile entre medio y grave. Estas placas de techo tienen un revestimiento biocida espec\u00edfico que inhibe activamente el crecimiento de bacterias. Son repelentes al agua, pueden desinfectarse mediante nebulizaci\u00f3n y desinfectantes en aerosol de acuerdo con los actuales protocolos para el control de infecciones.\r\n\r\nEstas placas est\u00e1n dise\u00f1adas para contribuir a la salud y el bienestar combinando a la perfecci\u00f3n un rendimiento ac\u00fastico superior con una alta reflexi\u00f3n de la luz. Consiguen un nivel de atenuaci\u00f3n ac\u00fastica de 35 dB, por lo que estas placas de techo pueden utilizarse en salas de reuniones y consultas donde se requiera un alto nivel de privacidad.\r\n<ul>\r\n \t<li><strong>Eficaz contra los microorganismos: <\/strong>Biobloc Plain cumple con la clasificaci\u00f3n microbiol\u00f3gica M1 de la norma NF S 90-351 (2013) apto para Zona 4 de riesgo m\u00e1s rigurosa. Los resultados son \u22641 en cuanto a la formaci\u00f3n de colonias por m3 de aire consiguiendo la clase M1 en las pruebas realizadas con:\r\n<ul>\r\n \t<li>Staphylococcus aureus resistente a la meticilina (SARM)<\/li>\r\n \t<li>Escherichia coli (E-coli)<\/li>\r\n \t<li>Bacillus cereus<\/li>\r\n \t<li>Acinetobacter baumannii<\/li>\r\n \t<li>Klebsiella pneumoniae<\/li>\r\n \t<li>Streptococcus pneumoniae<\/li>\r\n \t<li>Candida albicans<\/li>\r\n \t<li>&lt;1 en las pruebas de Aspergillus brasiliensis (hongo)<\/li>\r\n<\/ul>\r\n<\/li>\r\n \t<li><strong>Certificaci\u00f3n ISO 5 para salas limpias: <\/strong>Las placas de techo Biobloc Plain son id\u00f3neas para su instalaci\u00f3n en salas limpias con una clasificaci\u00f3n ISO 5 seg\u00fan las normas ISO 14644-1:1999. Adem\u00e1s de en los entornos sanitarios, Biobloc Plain tambi\u00e9n puede utilizarse eficazmente en laboratorios y cocinas comerciales en los que los elevados criterios tanto de salas limpias como de la desinfecci\u00f3n son primordiales.<\/li>\r\n<\/ul>","introduction_short":"Las placas de techo suspendido Biobloc Plain est\u00e1n dise\u00f1adas para su instalaci\u00f3n en entornos sanitarios, especialmente en zonas donde el riesgo de infecci\u00f3n oscile entre medio y grave. Estas placas de techo tienen un revestimiento biocida espec\u00edfico que inhibe activamente el crecimiento de bacterias. Son repelentes al agua, pueden desinfectarse mediante nebulizaci\u00f3n y desinfectantes en aerosol de acuerdo con los actuales protocolos para el control de infecciones.\r\n\r\nEstas placas est\u00e1n dise\u00f1adas para contribuir a la salud y el bienestar combinando a la perfecci\u00f3n un rendimiento ac\u00fastico superior con una alta reflexi\u00f3n de la luz. Consiguen un nivel de atenuaci\u00f3n ac\u00fastica de 35 dB, por lo que estas placas de techo pueden utilizarse en salas de reuniones y consultas donde se requiera un alto nivel de privacidad.","gallery":[7257],"datasheet":"","video_url":"","space_bottom":false},"images":null,"product_variant_alt_toggle":false,"product_variant":[{"edge_detail":"Board","product_image":"","variant_information":"Las placas de techo Biobloc Plain est\u00e1n dise\u00f1adas con cantos rectos que facilitan su instalaci\u00f3n. Simplemente tiene que levantar las placas Biobloc Plain y colocarlas sobre la perfiler\u00eda. El resultado es una superficie uniforme y sin juntas que resalta la estructura de la perfiler\u00eda. Este modelo para techos suspendidos se integra a la perfecci\u00f3n con el entorno, consiguiendo una est\u00e9tica uniforme y elegante.","variant_additional_information":"<h2>Techo modular Biobloc Plain<\/h2>\r\n<h3>Caracter\u00edsticas T\u00e9cnicas<\/h3>\r\n<strong>Sonido<\/strong>\r\n\r\n<a href=\"https:\/\/www.zentia.com\/es-es\/soluciones\/productos\/paneles-de-techo\/bioguard-plain\/\">Anteriormente conocido como Bioguard Plain<\/a>, las placas de techo suspendido Biobloc Plain ofrecen una absorci\u00f3n ac\u00fastica de Clase E y un rendimiento de atenuaci\u00f3n ac\u00fastica de 35 dB. Combinadas con sus propiedades antimicrobianas, contribuyen al bienestar de los pacientes y son ideales para entornos sanitarios.\r\n\r\n<strong>Sostenibilidad<\/strong>\r\n\r\nLas placas Biobloc Plain contienen hasta un 31% de contenido reciclado y son totalmente reciclables. Biobloc Plain tiene clasificaci\u00f3n E1 en cuanto a las emisiones de formaldehido.\r\n\r\n<strong>Seguridad contra el fuego y otros detalles t\u00e9cnicos<\/strong>\r\n\r\nEl techo Biobloc Plain ha sido clasificado seg\u00fan la norma EN 13501-1 contra incendios y tienen una clasificaci\u00f3n A2-s1,d0. Esto significa que en condiciones de un incendio completamente desarrollado, las placas Biobloc Plain no contribuir\u00e1n significativamente a la propagaci\u00f3n del fuego.\r\n\r\nEstas placas son muy duraderas y resistentes a los rasgu\u00f1os y pueden limpiarse con un pa\u00f1o seco o un cepillo suave. Tambi\u00e9n pueden limpiarse suavemente con esponja o pa\u00f1o h\u00famedo y son aptas para la nebulizaci\u00f3n. Tienen un \u00edndice de resistencia a la humedad relativa del 95%.","sub_variants":[{"edge_detail":"Board","images":[{"image":7244},{"image":7245}],"cls_item_number":"BP2221M4B","cls_description":"Biobloc Plain Board","shortcode":"2221M","dimensions":"600mm (L) x 600mm (W) x 15mm (T)","colour_text":"White","colour_select":[],"surface_sifyb":"Biobloc Plain","recyclable":"Yes","recycled_content":"","recyclable_through_zentia":"Yes","cleanability_types":"Cleanable with disinfectants","clean_room_classification":"ISO 5","cradle_two_cradle_certification":"","durability":"Scratch resistance","humidity_resistance_rh":"95%","light_reflectance":"87%","fire_reaction_en135011":"A2-s1,d0","iac_level":"","material":"","rout_slot_spacing_and_uom":"","cross_tee_main_runner_interface":"","corrosive_resistant":"","fire_performance":"","clean_room":"","end_detail":"","formaldehyde_emissions":"E1","low_voc_emissions":"A+","sound_absorption":"0.20(L)","sound_absorption_class":"E","sound_reduction_index":"19","sound_attenuation":"35","sound_absorption_nrc":"0.20","compatible_grid_product_code":"BP312021A~BP312021BKA~BP312021SGA~BP312021WRA~BP313051B~BP313051BKB~BP313051SGB~BP313051WRB~BP314032A~BP314032BKA~BP314032SGA~BP314032WRA~BP092031~BP092031BK~BP092031SG~BP092031WR~BP093031~BP093031BK~BP093031SG~BP093031WR~BP093632~BP314032A~BP314032BKA~BP314032SGA~BP314032WRA~BP152032~BP153032~BP284042~BPEA792044C~BPEA793044C~BPEA794044C","floating_ceiling_frame_product_code":"BPAX22G24~BPAX32G24~BPAX33G24~BPAX42G24~BPAX43G24~BPAX44G24~BPAX52G24~BPAX53G24~BPAX54G24~BPAX55G24~BPCSAK22G24~BPCSAK32G24~BPCSAK33G24~BPCSAK42G24~BPCSAK43G24~BPCSAK44G24~BPCSAK52G24~BPCSAK53G24~BPCSAK54G24~BPCSAK55G24~BPCSAL32G24~BPCSAL33G24~BPCSAL42G24~BPCSAL43G24~BPCSAL44G24","installation_accessories":"","accessories":null},{"edge_detail":"Board","images":[{"image":7244},{"image":7245}],"cls_item_number":"BP2222M4B","cls_description":"Biobloc Plain Board","shortcode":"2222M","dimensions":"1200mm (L) x 600mm (W) x 15mm (T)","colour_text":"White","colour_select":[],"surface_sifyb":"Biobloc Plain","recyclable":"Yes","recycled_content":"","recyclable_through_zentia":"Yes","cleanability_types":"Cleanable with disinfectants","clean_room_classification":"ISO 5","cradle_two_cradle_certification":"","durability":"Scratch resistance","humidity_resistance_rh":"95%","light_reflectance":"87%","fire_reaction_en135011":"A2-s1,d0","iac_level":"","material":"","rout_slot_spacing_and_uom":"","cross_tee_main_runner_interface":"","corrosive_resistant":"","fire_performance":"","clean_room":"","end_detail":"","formaldehyde_emissions":"E1","low_voc_emissions":"A+","sound_absorption":"0.20(L)","sound_absorption_class":"E","sound_reduction_index":"19","sound_attenuation":"35","sound_absorption_nrc":"0.20","compatible_grid_product_code":"BP312021A~BP312021BKA~BP312021SGA~BP312021WRA~BP313051B~BP313051BKB~BP313051SGB~BP313051WRB~BP314032A~BP314032BKA~BP314032SGA~BP314032WRA~BP092031~BP092031BK~BP092031SG~BP092031WR~BP093031~BP093031BK~BP093031SG~BP093031WR~BP093632~BP314032A~BP314032BKA~BP314032SGA~BP314032WRA~BP152032~BP153032~BP284042~BPEA792044C~BPEA793044C~BPEA794044C","floating_ceiling_frame_product_code":"BPAX22G24~BPAX32G24~BPAX33G24~BPAX42G24~BPAX43G24~BPAX44G24~BPAX52G24~BPAX53G24~BPAX54G24~BPAX55G24~BPCSAK22G24~BPCSAK32G24~BPCSAK33G24~BPCSAK42G24~BPCSAK43G24~BPCSAK44G24~BPCSAK52G24~BPCSAK53G24~BPCSAK54G24~BPCSAK55G24~BPCSAL32G24~BPCSAL33G24~BPCSAL42G24~BPCSAL43G24~BPCSAL44G24","installation_accessories":"","accessories":null}],"override_related_items":false,"related_project_gallery":null,"related_faqs":null,"related_products":null,"related_documents_and_downloads":null,"download_all_documents":null},{"edge_detail":"Tegular24","product_image":"","variant_information":"Los plafones suspendidos Biobloc Plain se pueden pedir con un detalle de borde Tegular24. Los bordes de Tegular24 se cortan en un \u00e1ngulo abierto de 105 grados para dejar caer ligeramente la loseta del techo debajo de la rejilla del techo una vez instalada. Este borde semibiselado a\u00f1ade estilo visual al dise\u00f1o del techo sin comprometer el rendimiento t\u00e9cnico de la loseta.","variant_additional_information":"<h2>Techo modular Biobloc Plain<\/h2>\r\n<h3>Caracter\u00edsticas T\u00e9cnicas<\/h3>\r\n<strong>Sonido<\/strong>\r\n\r\nLas placas de techo suspendido Biobloc Plain ofrecen una absorci\u00f3n ac\u00fastica de Clase E y un rendimiento de atenuaci\u00f3n ac\u00fastica de 35 dB. Combinadas con sus propiedades antimicrobianas, contribuyen al bienestar de los pacientes y son ideales para entornos sanitarios.\r\n\r\n<strong>Sostenibilidad<\/strong>\r\n\r\nLas placas Biobloc Plain contienen hasta un 31% de contenido reciclado y son totalmente reciclables. Biobloc Plain tiene clasificaci\u00f3n E1 en cuanto a las emisiones de formaldehido.\r\n\r\n<strong>Seguridad contra el fuego y otros detalles t\u00e9cnicos<\/strong>\r\n\r\nEl techo Biobloc Plain ha sido clasificado seg\u00fan la norma EN 13501-1 contra incendios y tienen una clasificaci\u00f3n A2-s1,d0. Esto significa que en condiciones de un incendio completamente desarrollado, las placas Biobloc Plain no contribuir\u00e1n significativamente a la propagaci\u00f3n del fuego.\r\n\r\nEstas placas son muy duraderas y resistentes a los rasgu\u00f1os y pueden limpiarse con un pa\u00f1o seco o un cepillo suave. Tambi\u00e9n pueden limpiarse suavemente con esponja o pa\u00f1o h\u00famedo y son aptas para la nebulizaci\u00f3n. Tienen un \u00edndice de resistencia a la humedad relativa del 95%.","sub_variants":[{"edge_detail":"Tegular24","images":[{"image":7241},{"image":7242}],"cls_item_number":"BP2223M4B","cls_description":"Biobloc Plain Tegular24","shortcode":"2223M","dimensions":"600mm (L) x 600mm (W) x 15mm (T)","colour_text":"White","colour_select":[],"surface_sifyb":"Biobloc Plain","recyclable":"Yes","recycled_content":"","recyclable_through_zentia":"Yes","cleanability_types":"Cleanable with disinfectants","clean_room_classification":"ISO 5","cradle_two_cradle_certification":"","durability":"Scratch resistance","humidity_resistance_rh":"95%","light_reflectance":"87%","fire_reaction_en135011":"A2-s1,d0","iac_level":"","material":"","rout_slot_spacing_and_uom":"","cross_tee_main_runner_interface":"","corrosive_resistant":"","fire_performance":"","clean_room":"","end_detail":"","formaldehyde_emissions":"E1","low_voc_emissions":"A+","sound_absorption":"0.20(L)","sound_absorption_class":"E","sound_reduction_index":"19","sound_attenuation":"35","sound_absorption_nrc":"0.20","compatible_grid_product_code":"BP312021A~BP312021BKA~BP312021SGA~BP312021WRA~BP313051B~BP313051BKB~BP313051SGB~BP313051WRB~BP314032A~BP314032BKA~BP314032SGA~BP314032WRA~BP092031~BP092031BK~BP092031SG~BP092031WR~BP093031~BP093031BK~BP093031SG~BP093031WR~BP093632~BP314032A~BP314032BKA~BP314032SGA~BP314032WRA~BPEA792044C~BPEA793044C~BPEA794044C","floating_ceiling_frame_product_code":"BPAX22G24~BPAX32G24~BPAX33G24~BPAX42G24~BPAX43G24~BPAX44G24~BPAX52G24~BPAX53G24~BPAX54G24~BPAX55G24~BPCSACI33G24~BPCSACI44G24~BPCSACU43G24~BPCSACU44G24~BPCSACU53G24~BPCSACU55G24~BPCSAK22G24~BPCSAK32G24~BPCSAK33G24~BPCSAK42G24~BPCSAK43G24~BPCSAK44G24~BPCSAK52G24~BPCSAK53G24~BPCSAK54G24~BPCSAK55G24~BPCSAL32G24~BPCSAL33G24~BPCSAL42G24~BPCSAL43G24~BPCSAL44G24","installation_accessories":"","accessories":null}],"override_related_items":false,"related_project_gallery":null,"related_faqs":null,"related_products":null,"related_documents_and_downloads":null,"download_all_documents":null},{"edge_detail":"Tegular15","product_image":"","variant_information":"Los falsos techos Biobloc Plain tambi\u00e9n se pueden pedir con un detalle de borde Tegular15. Estos bordes Tegular15 est\u00e1n cortados en \u00e1ngulos de 90 grados que colocan la placa del techo debajo de una rejilla de techo de 15 mm. Oculta parcialmente la rejilla met\u00e1lica del techo cuando se ve desde el nivel del suelo, creando un efecto de sombra. Es una forma sencilla pero eficaz de jugar con la luz y las sombras.","variant_additional_information":"<h2>Techo modular Biobloc Plain<\/h2>\r\n<h3>Caracter\u00edsticas T\u00e9cnicas<\/h3>\r\n<strong>Sonido<\/strong>\r\n\r\nLas placas de techo suspendido Biobloc Plain ofrecen una absorci\u00f3n ac\u00fastica de Clase E y un rendimiento de atenuaci\u00f3n ac\u00fastica de 35 dB. Combinadas con sus propiedades antimicrobianas, contribuyen al bienestar de los pacientes y son ideales para entornos sanitarios.\r\n\r\n<strong>Sostenibilidad<\/strong>\r\n\r\nLas placas Biobloc Plain contienen hasta un 31% de contenido reciclado y son totalmente reciclables. Biobloc Plain tiene clasificaci\u00f3n E1 en cuanto a las emisiones de formaldehido.\r\n\r\n<strong>Seguridad contra el fuego y otros detalles t\u00e9cnicos<\/strong>\r\n\r\nEl techo Biobloc Plain ha sido clasificado seg\u00fan la norma EN 13501-1 contra incendios y tienen una clasificaci\u00f3n A2-s1,d0. Esto significa que en condiciones de un incendio completamente desarrollado, las placas Biobloc Plain no contribuir\u00e1n significativamente a la propagaci\u00f3n del fuego.\r\n\r\nEstas placas son muy duraderas y resistentes a los rasgu\u00f1os y pueden limpiarse con un pa\u00f1o seco o un cepillo suave. Tambi\u00e9n pueden limpiarse suavemente con esponja o pa\u00f1o h\u00famedo y son aptas para la nebulizaci\u00f3n. Tienen un \u00edndice de resistencia a la humedad relativa del 95%.","sub_variants":[{"edge_detail":"Tegular15","images":[{"image":7231},{"image":7232}],"cls_item_number":"BP2224M4B","cls_description":"Biobloc Plain Tegular15","shortcode":"2224M","dimensions":"600mm (L) x 600mm (W) x 15mm (T)","colour_text":"White","colour_select":[],"surface_sifyb":"Biobloc Plain","recyclable":"Yes","recycled_content":"","recyclable_through_zentia":"Yes","cleanability_types":"Cleanable with disinfectants","clean_room_classification":"ISO 5","cradle_two_cradle_certification":"","durability":"Scratch resistance","humidity_resistance_rh":"95%","light_reflectance":"87%","fire_reaction_en135011":"A2-s1,d0","iac_level":"","material":"","rout_slot_spacing_and_uom":"","cross_tee_main_runner_interface":"","corrosive_resistant":"","fire_performance":"","clean_room":"","end_detail":"","formaldehyde_emissions":"E1","low_voc_emissions":"A+","sound_absorption":"0.20(L)","sound_absorption_class":"E","sound_reduction_index":"19","sound_attenuation":"35","sound_absorption_nrc":"0.20","compatible_grid_product_code":"BP102033A~BP102033BKA~BP102033SGA~BP102033WRA~BP103033A~BP103033BKA~BP103033SGA~BP103033WRA~BP103633A~BP302033B~BP302033BKB~BP302033SGB~BP302033WRB~BP303033B~BP303033BKB~BP303033SGB~BP303033WRB~BP303632~BP612042G~BP613042G~BP614042H","floating_ceiling_frame_product_code":"BPAX22G15~BPAX32G15~BPAX33G15~BPAX42G15~BPAX43G15~BPAX44G15~BPAX52G15~BPAX53G15~BPAX54G15~BPAX55G15~BPCSAK22G15~BPCSAK32G15~BPCSAK33G15~BPCSAK42G15~BPCSAK43G15~BPCSAK44G15~BPCSAK52G15~BPCSAK53G15~BPCSAK54G15~BPCSAK55G15","installation_accessories":"","accessories":null}],"override_related_items":false,"related_project_gallery":null,"related_faqs":null,"related_products":null,"related_documents_and_downloads":null,"download_all_documents":null}],"import_data":"","file_label":"Descargar ficha t\u00e9cnica","file":8730,"warranties":null,"product_manuals":null,"nbs":"","documents_downloads_title":"","related_documents_and_downloads":"","download_bim":"","download_all_documents":"","listing_label":"","solution_finder_toggle":false,"solution_finder_intro":"","solution_finder_points":null,"template":{"":null,"related_project_gallery":[7888],"template_faq":[7259,7260,7261],"space_bottom":false,"related_products_title":"Productos relacionados","related_products":[7112,4751],"hide_form":false}},"yoast_head":"<!-- This site is optimized with the Yoast SEO plugin v27.4 - https:\/\/yoast.com\/product\/yoast-seo-wordpress\/ -->\n<title>Biobloc Plain | Zentia<\/title>\n<meta name=\"description\" content=\"Elija los paneles de techo Biobloc Plain para entornos sanitarios. Cuentan con un revestimiento antimicrobiano dise\u00f1ado para facilitar las medidas de higiene. M\u00e1s informaci\u00f3n.\" \/>\n<meta name=\"robots\" content=\"index, follow, max-snippet:-1, max-image-preview:large, max-video-preview:-1\" \/>\n<link rel=\"canonical\" href=\"https:\/\/www.zentia.com\/es-es\/soluciones\/productos\/paneles-de-techo\/biobloc-plain\/\" \/>\n<meta property=\"og:locale\" content=\"es_ES\" \/>\n<meta property=\"og:type\" content=\"article\" \/>\n<meta property=\"og:title\" content=\"Biobloc Plain | Zentia\" \/>\n<meta property=\"og:description\" content=\"Elija los paneles de techo Biobloc Plain para entornos sanitarios. Cuentan con un revestimiento antimicrobiano dise\u00f1ado para facilitar las medidas de higiene. M\u00e1s informaci\u00f3n.\" \/>\n<meta property=\"og:url\" content=\"https:\/\/www.zentia.com\/es-es\/soluciones\/productos\/paneles-de-techo\/biobloc-plain\/\" \/>\n<meta property=\"og:site_name\" content=\"Zentia\" \/>\n<meta property=\"article:modified_time\" content=\"2025-09-23T09:42:24+00:00\" \/>\n<meta name=\"twitter:card\" content=\"summary_large_image\" \/>\n<script type=\"application\/ld+json\" class=\"yoast-schema-graph\">{\"@context\":\"https:\\\/\\\/schema.org\",\"@graph\":[{\"@type\":\"WebPage\",\"@id\":\"https:\\\/\\\/www.zentia.com\\\/es-es\\\/soluciones\\\/productos\\\/paneles-de-techo\\\/biobloc-plain\\\/\",\"url\":\"https:\\\/\\\/www.zentia.com\\\/es-es\\\/soluciones\\\/productos\\\/paneles-de-techo\\\/biobloc-plain\\\/\",\"name\":\"Biobloc Plain | Zentia\",\"isPartOf\":{\"@id\":\"https:\\\/\\\/www.zentia.com\\\/es-es\\\/#website\"},\"datePublished\":\"2023-11-29T09:31:31+00:00\",\"dateModified\":\"2025-09-23T09:42:24+00:00\",\"description\":\"Elija los paneles de techo Biobloc Plain para entornos sanitarios. Cuentan con un revestimiento antimicrobiano dise\u00f1ado para facilitar las medidas de higiene. M\u00e1s informaci\u00f3n.\",\"breadcrumb\":{\"@id\":\"https:\\\/\\\/www.zentia.com\\\/es-es\\\/soluciones\\\/productos\\\/paneles-de-techo\\\/biobloc-plain\\\/#breadcrumb\"},\"inLanguage\":\"es\",\"potentialAction\":[{\"@type\":\"ReadAction\",\"target\":[\"https:\\\/\\\/www.zentia.com\\\/es-es\\\/soluciones\\\/productos\\\/paneles-de-techo\\\/biobloc-plain\\\/\"]}]},{\"@type\":\"BreadcrumbList\",\"@id\":\"https:\\\/\\\/www.zentia.com\\\/es-es\\\/soluciones\\\/productos\\\/paneles-de-techo\\\/biobloc-plain\\\/#breadcrumb\",\"itemListElement\":[{\"@type\":\"ListItem\",\"position\":1,\"name\":\"Inicio\",\"item\":\"https:\\\/\\\/www.zentia.com\\\/es-es\\\/\"},{\"@type\":\"ListItem\",\"position\":2,\"name\":\"Biobloc Plain\"}]},{\"@type\":\"WebSite\",\"@id\":\"https:\\\/\\\/www.zentia.com\\\/es-es\\\/#website\",\"url\":\"https:\\\/\\\/www.zentia.com\\\/es-es\\\/\",\"name\":\"Zentia\",\"description\":\"\",\"potentialAction\":[{\"@type\":\"SearchAction\",\"target\":{\"@type\":\"EntryPoint\",\"urlTemplate\":\"https:\\\/\\\/www.zentia.com\\\/es-es\\\/?s={search_term_string}\"},\"query-input\":{\"@type\":\"PropertyValueSpecification\",\"valueRequired\":true,\"valueName\":\"search_term_string\"}}],\"inLanguage\":\"es\"}]}<\/script>\n<!-- \/ Yoast SEO plugin. -->","yoast_head_json":{"title":"Biobloc Plain | Zentia","description":"Elija los paneles de techo Biobloc Plain para entornos sanitarios. Cuentan con un revestimiento antimicrobiano dise\u00f1ado para facilitar las medidas de higiene. M\u00e1s informaci\u00f3n.","robots":{"index":"index","follow":"follow","max-snippet":"max-snippet:-1","max-image-preview":"max-image-preview:large","max-video-preview":"max-video-preview:-1"},"canonical":"https:\/\/www.zentia.com\/es-es\/soluciones\/productos\/paneles-de-techo\/biobloc-plain\/","og_locale":"es_ES","og_type":"article","og_title":"Biobloc Plain | Zentia","og_description":"Elija los paneles de techo Biobloc Plain para entornos sanitarios. Cuentan con un revestimiento antimicrobiano dise\u00f1ado para facilitar las medidas de higiene. M\u00e1s informaci\u00f3n.","og_url":"https:\/\/www.zentia.com\/es-es\/soluciones\/productos\/paneles-de-techo\/biobloc-plain\/","og_site_name":"Zentia","article_modified_time":"2025-09-23T09:42:24+00:00","twitter_card":"summary_large_image","schema":{"@context":"https:\/\/schema.org","@graph":[{"@type":"WebPage","@id":"https:\/\/www.zentia.com\/es-es\/soluciones\/productos\/paneles-de-techo\/biobloc-plain\/","url":"https:\/\/www.zentia.com\/es-es\/soluciones\/productos\/paneles-de-techo\/biobloc-plain\/","name":"Biobloc Plain | Zentia","isPartOf":{"@id":"https:\/\/www.zentia.com\/es-es\/#website"},"datePublished":"2023-11-29T09:31:31+00:00","dateModified":"2025-09-23T09:42:24+00:00","description":"Elija los paneles de techo Biobloc Plain para entornos sanitarios. Cuentan con un revestimiento antimicrobiano dise\u00f1ado para facilitar las medidas de higiene. M\u00e1s informaci\u00f3n.","breadcrumb":{"@id":"https:\/\/www.zentia.com\/es-es\/soluciones\/productos\/paneles-de-techo\/biobloc-plain\/#breadcrumb"},"inLanguage":"es","potentialAction":[{"@type":"ReadAction","target":["https:\/\/www.zentia.com\/es-es\/soluciones\/productos\/paneles-de-techo\/biobloc-plain\/"]}]},{"@type":"BreadcrumbList","@id":"https:\/\/www.zentia.com\/es-es\/soluciones\/productos\/paneles-de-techo\/biobloc-plain\/#breadcrumb","itemListElement":[{"@type":"ListItem","position":1,"name":"Inicio","item":"https:\/\/www.zentia.com\/es-es\/"},{"@type":"ListItem","position":2,"name":"Biobloc Plain"}]},{"@type":"WebSite","@id":"https:\/\/www.zentia.com\/es-es\/#website","url":"https:\/\/www.zentia.com\/es-es\/","name":"Zentia","description":"","potentialAction":[{"@type":"SearchAction","target":{"@type":"EntryPoint","urlTemplate":"https:\/\/www.zentia.com\/es-es\/?s={search_term_string}"},"query-input":{"@type":"PropertyValueSpecification","valueRequired":true,"valueName":"search_term_string"}}],"inLanguage":"es"}]}},"_links":{"self":[{"href":"https:\/\/www.zentia.com\/es-es\/wp-json\/wp\/v2\/product\/7113","targetHints":{"allow":["GET"]}}],"collection":[{"href":"https:\/\/www.zentia.com\/es-es\/wp-json\/wp\/v2\/product"}],"about":[{"href":"https:\/\/www.zentia.com\/es-es\/wp-json\/wp\/v2\/types\/product"}],"wp:attachment":[{"href":"https:\/\/www.zentia.com\/es-es\/wp-json\/wp\/v2\/media?parent=7113"}],"wp:term":[{"taxonomy":"product-type","embeddable":true,"href":"https:\/\/www.zentia.com\/es-es\/wp-json\/wp\/v2\/product-type?post=7113"}],"curies":[{"name":"wp","href":"https:\/\/api.w.org\/{rel}","templated":true}]}}