{"id":7320,"date":"2024-01-10T08:40:44","date_gmt":"2024-01-10T08:40:44","guid":{"rendered":"https:\/\/zentia1.wpenginepowered.com\/es-es\/?post_type=product&#038;p=7320"},"modified":"2025-07-23T15:35:32","modified_gmt":"2025-07-23T14:35:32","slug":"oplia-triangle","status":"publish","type":"product","link":"https:\/\/www.zentia.com\/es-es\/soluciones\/productos\/paneles-de-techo\/oplia-triangle\/","title":{"rendered":"Oplia Triangle"},"featured_media":0,"parent":0,"template":"","product-type":[652],"class_list":["post-7320","product","type-product","status-publish","hentry","product-family-category-oplia","product-type-paneles-de-techo","edge-detail-board","sound-absorption-class-c","sound-reduction-833","product-colour-black-ral-9005-bk1","product-colour-blue-ral-260-30-20-bl2","product-colour-blue-ral-260-50-25-bl3","product-colour-blue-ral-260-80-15-bl4","product-colour-blue-ral-260-90-05-bl5","product-colour-blue-ral-5015-bl1","product-colour-brown-ral-040-30-30-br2","product-colour-brown-ral-050-70-10-br4","product-colour-brown-ral-050-70-20-br3","product-colour-brown-ral-8004-br1","product-colour-green-ral-130-80-30-gr4","product-colour-green-ral-130-90-10-gr5","product-colour-green-ral-140-30-20-gr2","product-colour-green-ral-140-50-30-gr3","product-colour-green-ral-6037-gr1","product-colour-grey-ral-000-30-00-gy3","product-colour-grey-ral-000-65-00-gy2","product-colour-grey-ral-000-85-00-gy1","product-colour-orange-ral-050-80-30-or2","product-colour-orange-ral-050-90-10-or3","product-colour-orange-ral-2009-or1","product-colour-purple-ral-340-30-30-pu2","product-colour-purple-ral-340-60-35-pu3","product-colour-purple-ral-340-80-20-pu4","product-colour-purple-ral-340-90-05-pu5","product-colour-purple-ral-4006-pu1","product-colour-red-ral-010-90-10-re5","product-colour-red-ral-020-30-40-re2","product-colour-red-ral-020-60-40-re3","product-colour-red-ral-020-80-20-re4","product-colour-red-ral-3020-re1","product-colour-white","product-colour-yellow-ral-075-80-40-ye2","product-colour-yellow-ral-080-90-10-ye3","product-colour-yellow-ral-1003-ye1","product-sizes-1162mm-x-1010mm-x-17mm","sound-absorption-alpha-0-65","sound-absorption-nrc-0-7","sound-attentuation-830","solution-finder-toggle-x","humidity-resistance-0-95","cleanroom-classification-iso-5"],"acf":{"hero":{"title":"Oplia Triangle","sub_label":"","introduction":"<span data-contrast=\"none\">Las placas de techo Oplia Triangle est\u00e1n cortadas en forma de tri\u00e1ngulo equil\u00e1tero, lo que le permite a\u00f1adir un efecto visual muy diferente a su dise\u00f1o de techo modular. Comb\u00ednelas con diferentes colores para a\u00f1adir un elemento visual llamativo e impactante al interior de su proyecto.<\/span><span data-ccp-props=\"{&quot;201341983&quot;:0,&quot;335559739&quot;:160,&quot;335559740&quot;:259}\">\u00a0<\/span>\r\n\r\n<span data-contrast=\"none\">Con un acabado laminado liso para una est\u00e9tica elegante, estas placas de techo triangulares ofrecen un rendimiento ac\u00fastico realmente equilibrado. Combinan excelentes propiedades de absorci\u00f3n y atenuaci\u00f3n ac\u00fastica. Son ideales para espacios comunes, como oficinas o aulas.<\/span><span data-ccp-props=\"{&quot;201341983&quot;:0,&quot;335559739&quot;:160,&quot;335559740&quot;:259}\">\u00a0<\/span>\r\n<ul>\r\n \t<li data-leveltext=\"\uf0b7\" data-font=\"Symbol\" data-listid=\"4\" data-list-defn-props=\"{&quot;335552541&quot;:1,&quot;335559684&quot;:-2,&quot;335559685&quot;:720,&quot;335559991&quot;:360,&quot;469769226&quot;:&quot;Symbol&quot;,&quot;469769242&quot;:[8226],&quot;469777803&quot;:&quot;left&quot;,&quot;469777804&quot;:&quot;\uf0b7&quot;,&quot;469777815&quot;:&quot;hybridMultilevel&quot;}\" aria-setsize=\"-1\" data-aria-posinset=\"1\" data-aria-level=\"1\"><b><span data-contrast=\"none\">De lo cl\u00e1sico a lo audaz: <\/span><\/b><span data-contrast=\"none\">Oplia Triangle est\u00e1 disponible en 34 apasionantes colores que pueden utilizarse para definir zonas, ayudar a la orientaci\u00f3n o simplemente a\u00f1adir creatividad a sus dise\u00f1os. Elija un color blanco n\u00edtido y cl\u00e1sico, un negro intenso o tonos neutros como grises y marrones. Tambi\u00e9n puede elegir tonos m\u00e1s alegres como el azul, verde, amarillo, naranja, rojo o morado.<\/span><span data-ccp-props=\"{&quot;134233117&quot;:true,&quot;134233118&quot;:true,&quot;201341983&quot;:0,&quot;335559739&quot;:160,&quot;335559740&quot;:240}\">\u00a0<\/span><\/li>\r\n \t<li data-leveltext=\"\uf0b7\" data-font=\"Symbol\" data-listid=\"4\" data-list-defn-props=\"{&quot;335552541&quot;:1,&quot;335559684&quot;:-2,&quot;335559685&quot;:720,&quot;335559991&quot;:360,&quot;469769226&quot;:&quot;Symbol&quot;,&quot;469769242&quot;:[8226],&quot;469777803&quot;:&quot;left&quot;,&quot;469777804&quot;:&quot;\uf0b7&quot;,&quot;469777815&quot;:&quot;hybridMultilevel&quot;}\" aria-setsize=\"-1\" data-aria-posinset=\"2\" data-aria-level=\"1\"><b><span data-contrast=\"none\">Certificaci\u00f3n ISO 5 para salas limpias:<\/span><\/b><span data-contrast=\"none\"> Las placas de techo ac\u00fasticas Oplia Triangle son aptas para su uso en salas limpias con clasificaci\u00f3n ISO 5 de acuerdo con la norma ISO 14644-1:1999.<\/span><span data-ccp-props=\"{&quot;201341983&quot;:0,&quot;335559739&quot;:160,&quot;335559740&quot;:259}\">\u00a0<\/span><\/li>\r\n \t<li data-leveltext=\"\uf0b7\" data-font=\"Symbol\" data-listid=\"4\" data-list-defn-props=\"{&quot;335552541&quot;:1,&quot;335559684&quot;:-2,&quot;335559685&quot;:720,&quot;335559991&quot;:360,&quot;469769226&quot;:&quot;Symbol&quot;,&quot;469769242&quot;:[8226],&quot;469777803&quot;:&quot;left&quot;,&quot;469777804&quot;:&quot;\uf0b7&quot;,&quot;469777815&quot;:&quot;hybridMultilevel&quot;}\" aria-setsize=\"-1\" data-aria-posinset=\"3\" data-aria-level=\"1\"><b><span data-contrast=\"none\">Fabricadas en el Reino Unido:<\/span><\/b><span data-contrast=\"none\"> Las placas Oplia Triangle se fabrican en el Reino Unido, en nuestra f\u00e1brica de Gateshead, Tyne and Wear.\u00a0<\/span><span data-ccp-props=\"{&quot;134233117&quot;:true,&quot;134233118&quot;:true,&quot;201341983&quot;:0,&quot;335559739&quot;:160,&quot;335559740&quot;:240}\">\u00a0<\/span><\/li>\r\n<\/ul>","introduction_short":"<span data-contrast=\"none\">Las placas de techo Oplia Triangle est\u00e1n cortadas en forma de tri\u00e1ngulo equil\u00e1tero, lo que le permite a\u00f1adir un efecto visual muy diferente a su dise\u00f1o de techo modular. Comb\u00ednelas con diferentes colores para a\u00f1adir un elemento visual llamativo e impactante al interior de su proyecto.<\/span><span data-ccp-props=\"{&quot;201341983&quot;:0,&quot;335559739&quot;:160,&quot;335559740&quot;:259}\">\u00a0<\/span>\r\n\r\n<span data-contrast=\"none\">Con un acabado laminado liso para una est\u00e9tica elegante, estas placas de techo triangulares ofrecen un rendimiento ac\u00fastico realmente equilibrado. Combinan excelentes propiedades de absorci\u00f3n y atenuaci\u00f3n ac\u00fastica. Son ideales para espacios comunes, como oficinas o aulas.<\/span><span data-ccp-props=\"{&quot;201341983&quot;:0,&quot;335559739&quot;:160,&quot;335559740&quot;:259}\">\u00a0<\/span>","gallery":[8567],"datasheet":"","video_url":"","space_bottom":false},"images":null,"product_variant_alt_toggle":true,"product_variant":[{"edge_detail":"Board","product_image":"","variant_information":"Las placas de techo Oplia Triangle est\u00e1n dise\u00f1adas con bordes planos y cuadrados para facilitar su instalaci\u00f3n. Basta con levantar las placas Oplia Triangle y ajustarlas a la perfiler\u00eda. ","variant_additional_information":"<h2>Techo modular Oplia Triangle<\/h2>\r\n<h3>Caracter\u00edsticas T\u00e9cnicas<\/h3>\r\n<strong>Sonido<\/strong>\r\n\r\nEl techo modular Oplia Triangle ofrece un rendimiento ac\u00fastico equilibrado, incluida la absorci\u00f3n ac\u00fastica de Clase C. Esto las convierte en una opci\u00f3n excelente para aulas, oficinas y otros espacios comunes.\r\n\r\n<strong>Sostenibilidad<\/strong>\r\n\r\nLas placas Oplia Triangle contienen hasta un 80% de contenido reciclado y son reciclables.\r\n\r\n<span data-contrast=\"none\">Estas placas Oplia Triangle tienen una clasificaci\u00f3n E1 en cuanto a emisiones de formaldeh\u00eddo y obtienen la certificaci\u00f3n Gold en el Eurofins Indoor Air Comfort por sus bajas emisiones de COV (compuestos org\u00e1nicos vol\u00e1tiles).<\/span><span data-ccp-props=\"{&quot;134233117&quot;:true,&quot;134233118&quot;:true,&quot;201341983&quot;:0,&quot;335559739&quot;:160,&quot;335559740&quot;:240}\">\u00a0<\/span>\r\n\r\n<b><span data-contrast=\"none\">Seguridad contra incendios y otros detalles t\u00e9cnicos<\/span><\/b><span data-ccp-props=\"{&quot;134233117&quot;:true,&quot;134233118&quot;:true,&quot;201341983&quot;:0,&quot;335559739&quot;:160,&quot;335559740&quot;:240}\">\u00a0<\/span>\r\n\r\n<span data-contrast=\"none\">Las placas de techo Oplia Triangle han sido clasificadas seg\u00fan la norma contra el fuego EN 13501-1 y tienen una clasificaci\u00f3n A2-s1,d0. Esto significa que, en condiciones de un incendio completamente desarrollado, estas placas no contribuir\u00e1n significativamente a la cantidad de fuego ni a la propagaci\u00f3n del incendio.<\/span><span data-ccp-props=\"{&quot;134233117&quot;:true,&quot;134233118&quot;:true,&quot;201341983&quot;:0,&quot;335559739&quot;:160,&quot;335559740&quot;:240}\">\u00a0<\/span>\r\n\r\n<span data-contrast=\"none\">Son placas de techo duraderas y resistentes a los rayados pueden limpiarse con un pa\u00f1o seco o cepillo suave. Tambi\u00e9n pueden limpiarse con suavidad con esponja o pa\u00f1o h\u00famedo. Su resistencia a la humedad relativa es del 95%.<\/span><span data-ccp-props=\"{&quot;134233117&quot;:true,&quot;134233118&quot;:true,&quot;201341983&quot;:0,&quot;335559739&quot;:160,&quot;335559740&quot;:240}\">\u00a0<\/span>\r\n\r\n<strong>Nota:<\/strong> La iluminaci\u00f3n triangular est\u00e1 dise\u00f1ada y suministrada por <a href=\"https:\/\/www.lightforms.com\/\">Light Forms<\/a>, una empresa independiente de Zentia Limited (Zentia). Si bien la iluminaci\u00f3n complementa los paneles de techo de Zentia, debe solicitarse por separado a Light Forms. Zentia no fabrica ni controla la iluminaci\u00f3n suministrada por Light Forms. Por lo tanto, Zentia no se responsabiliza de la calidad, la seguridad ni el rendimiento de los productos de iluminaci\u00f3n suministrados por Light Forms ni por ning\u00fan otro proveedor externo. Cualquier problema, defecto o inquietud relacionada con la iluminaci\u00f3n debe dirigirse a Light Forms. Le recomendamos que revise sus t\u00e9rminos y condiciones, pol\u00edticas de garant\u00eda y procedimientos de devoluci\u00f3n antes de realizar una compra.","sub_variants":[{"edge_detail":"Board","images":[{"image":8572}],"cls_item_number":"BPTT2802M4","cls_description":"Oplia Triangle Board","shortcode":"2802M","dimensions":"1200mm x 1200mm x 17mm","colour_text":"","colour_select":[1337,1232,1249,1248,1247,1233,1234,1235,1236,1237,1242,1243,1244,1245,1246,1263,1264,1265,1250,1251,1252,1258,1259,1260,1261,1262,1253,1254,1255,1256,1257,1238,1239,1240,1241],"surface_sifyb":"Oplia","recyclable":"Yes","recycled_content":"80%","recyclable_through_zentia":"","cleanability_types":"Dry cloth \/ Soft brush","clean_room_classification":"","cradle_two_cradle_certification":"","durability":"","humidity_resistance_rh":"","light_reflectance":"95%","fire_reaction_en135011":"","iac_level":"A2-s1,d0","material":"","rout_slot_spacing_and_uom":"","cross_tee_main_runner_interface":"","corrosive_resistant":"","fire_performance":"","clean_room":"","end_detail":"","formaldehyde_emissions":"E1","low_voc_emissions":"","sound_absorption":"0.60 (MH)","sound_absorption_class":"C","sound_reduction_index":"","sound_attenuation":"","sound_absorption_nrc":"0.70","compatible_grid_product_code":"BP314032A~BP313051B~BP312021A~BP311172~BP311038~BPATTNBHA~BPATTBPA","floating_ceiling_frame_product_code":"","installation_accessories":"","accessories":null}],"override_related_items":false,"related_project_gallery":null,"related_faqs":null,"related_products":null,"related_documents_and_downloads":null,"download_all_documents":null}],"import_data":"","file_label":"Descargar ficha t\u00e9cnica","file":8651,"warranties":null,"product_manuals":null,"nbs":"","documents_downloads_title":"","related_documents_and_downloads":"","download_bim":"","download_all_documents":"","listing_label":"Nuevo producto","solution_finder_toggle":false,"solution_finder_intro":"","solution_finder_points":null,"template":{"":null,"related_project_gallery":[8696],"template_faq":[7371,8653],"space_bottom":false,"related_products_title":"Productos relacionados","related_products":[7989,7107,7108,7111],"hide_form":false}},"yoast_head":"<!-- This site is optimized with the Yoast SEO plugin v27.3 - https:\/\/yoast.com\/product\/yoast-seo-wordpress\/ -->\n<title>Oplia Triangle | Zentia<\/title>\n<meta name=\"description\" content=\"\u00a1Conoce el Tri\u00e1ngulo de Oplia! Plafones ac\u00fasticos disponibles en una gama de 35 colores. \u00a1Dise\u00f1a techos con nuevos colores y formas! \u00a1Saber m\u00e1s!\" \/>\n<meta name=\"robots\" content=\"index, follow, max-snippet:-1, max-image-preview:large, max-video-preview:-1\" \/>\n<link rel=\"canonical\" href=\"https:\/\/www.zentia.com\/es-es\/soluciones\/productos\/paneles-de-techo\/oplia-triangle\/\" \/>\n<meta property=\"og:locale\" content=\"es_ES\" \/>\n<meta property=\"og:type\" content=\"article\" \/>\n<meta property=\"og:title\" content=\"Oplia Triangle | Zentia\" \/>\n<meta property=\"og:description\" content=\"\u00a1Conoce el Tri\u00e1ngulo de Oplia! Plafones ac\u00fasticos disponibles en una gama de 35 colores. \u00a1Dise\u00f1a techos con nuevos colores y formas! \u00a1Saber m\u00e1s!\" \/>\n<meta property=\"og:url\" content=\"https:\/\/www.zentia.com\/es-es\/soluciones\/productos\/paneles-de-techo\/oplia-triangle\/\" \/>\n<meta property=\"og:site_name\" content=\"Zentia\" \/>\n<meta property=\"article:modified_time\" content=\"2025-07-23T14:35:32+00:00\" \/>\n<meta name=\"twitter:card\" content=\"summary_large_image\" \/>\n<script type=\"application\/ld+json\" class=\"yoast-schema-graph\">{\"@context\":\"https:\\\/\\\/schema.org\",\"@graph\":[{\"@type\":\"WebPage\",\"@id\":\"https:\\\/\\\/www.zentia.com\\\/es-es\\\/soluciones\\\/productos\\\/paneles-de-techo\\\/oplia-triangle\\\/\",\"url\":\"https:\\\/\\\/www.zentia.com\\\/es-es\\\/soluciones\\\/productos\\\/paneles-de-techo\\\/oplia-triangle\\\/\",\"name\":\"Oplia Triangle | Zentia\",\"isPartOf\":{\"@id\":\"https:\\\/\\\/www.zentia.com\\\/es-es\\\/#website\"},\"datePublished\":\"2024-01-10T08:40:44+00:00\",\"dateModified\":\"2025-07-23T14:35:32+00:00\",\"description\":\"\u00a1Conoce el Tri\u00e1ngulo de Oplia! Plafones ac\u00fasticos disponibles en una gama de 35 colores. \u00a1Dise\u00f1a techos con nuevos colores y formas! \u00a1Saber m\u00e1s!\",\"breadcrumb\":{\"@id\":\"https:\\\/\\\/www.zentia.com\\\/es-es\\\/soluciones\\\/productos\\\/paneles-de-techo\\\/oplia-triangle\\\/#breadcrumb\"},\"inLanguage\":\"es\",\"potentialAction\":[{\"@type\":\"ReadAction\",\"target\":[\"https:\\\/\\\/www.zentia.com\\\/es-es\\\/soluciones\\\/productos\\\/paneles-de-techo\\\/oplia-triangle\\\/\"]}]},{\"@type\":\"BreadcrumbList\",\"@id\":\"https:\\\/\\\/www.zentia.com\\\/es-es\\\/soluciones\\\/productos\\\/paneles-de-techo\\\/oplia-triangle\\\/#breadcrumb\",\"itemListElement\":[{\"@type\":\"ListItem\",\"position\":1,\"name\":\"Inicio\",\"item\":\"https:\\\/\\\/www.zentia.com\\\/es-es\\\/\"},{\"@type\":\"ListItem\",\"position\":2,\"name\":\"Oplia Triangle\"}]},{\"@type\":\"WebSite\",\"@id\":\"https:\\\/\\\/www.zentia.com\\\/es-es\\\/#website\",\"url\":\"https:\\\/\\\/www.zentia.com\\\/es-es\\\/\",\"name\":\"Zentia\",\"description\":\"\",\"potentialAction\":[{\"@type\":\"SearchAction\",\"target\":{\"@type\":\"EntryPoint\",\"urlTemplate\":\"https:\\\/\\\/www.zentia.com\\\/es-es\\\/?s={search_term_string}\"},\"query-input\":{\"@type\":\"PropertyValueSpecification\",\"valueRequired\":true,\"valueName\":\"search_term_string\"}}],\"inLanguage\":\"es\"}]}<\/script>\n<!-- \/ Yoast SEO plugin. -->","yoast_head_json":{"title":"Oplia Triangle | Zentia","description":"\u00a1Conoce el Tri\u00e1ngulo de Oplia! Plafones ac\u00fasticos disponibles en una gama de 35 colores. \u00a1Dise\u00f1a techos con nuevos colores y formas! \u00a1Saber m\u00e1s!","robots":{"index":"index","follow":"follow","max-snippet":"max-snippet:-1","max-image-preview":"max-image-preview:large","max-video-preview":"max-video-preview:-1"},"canonical":"https:\/\/www.zentia.com\/es-es\/soluciones\/productos\/paneles-de-techo\/oplia-triangle\/","og_locale":"es_ES","og_type":"article","og_title":"Oplia Triangle | Zentia","og_description":"\u00a1Conoce el Tri\u00e1ngulo de Oplia! Plafones ac\u00fasticos disponibles en una gama de 35 colores. \u00a1Dise\u00f1a techos con nuevos colores y formas! \u00a1Saber m\u00e1s!","og_url":"https:\/\/www.zentia.com\/es-es\/soluciones\/productos\/paneles-de-techo\/oplia-triangle\/","og_site_name":"Zentia","article_modified_time":"2025-07-23T14:35:32+00:00","twitter_card":"summary_large_image","schema":{"@context":"https:\/\/schema.org","@graph":[{"@type":"WebPage","@id":"https:\/\/www.zentia.com\/es-es\/soluciones\/productos\/paneles-de-techo\/oplia-triangle\/","url":"https:\/\/www.zentia.com\/es-es\/soluciones\/productos\/paneles-de-techo\/oplia-triangle\/","name":"Oplia Triangle | Zentia","isPartOf":{"@id":"https:\/\/www.zentia.com\/es-es\/#website"},"datePublished":"2024-01-10T08:40:44+00:00","dateModified":"2025-07-23T14:35:32+00:00","description":"\u00a1Conoce el Tri\u00e1ngulo de Oplia! Plafones ac\u00fasticos disponibles en una gama de 35 colores. \u00a1Dise\u00f1a techos con nuevos colores y formas! \u00a1Saber m\u00e1s!","breadcrumb":{"@id":"https:\/\/www.zentia.com\/es-es\/soluciones\/productos\/paneles-de-techo\/oplia-triangle\/#breadcrumb"},"inLanguage":"es","potentialAction":[{"@type":"ReadAction","target":["https:\/\/www.zentia.com\/es-es\/soluciones\/productos\/paneles-de-techo\/oplia-triangle\/"]}]},{"@type":"BreadcrumbList","@id":"https:\/\/www.zentia.com\/es-es\/soluciones\/productos\/paneles-de-techo\/oplia-triangle\/#breadcrumb","itemListElement":[{"@type":"ListItem","position":1,"name":"Inicio","item":"https:\/\/www.zentia.com\/es-es\/"},{"@type":"ListItem","position":2,"name":"Oplia Triangle"}]},{"@type":"WebSite","@id":"https:\/\/www.zentia.com\/es-es\/#website","url":"https:\/\/www.zentia.com\/es-es\/","name":"Zentia","description":"","potentialAction":[{"@type":"SearchAction","target":{"@type":"EntryPoint","urlTemplate":"https:\/\/www.zentia.com\/es-es\/?s={search_term_string}"},"query-input":{"@type":"PropertyValueSpecification","valueRequired":true,"valueName":"search_term_string"}}],"inLanguage":"es"}]}},"_links":{"self":[{"href":"https:\/\/www.zentia.com\/es-es\/wp-json\/wp\/v2\/product\/7320","targetHints":{"allow":["GET"]}}],"collection":[{"href":"https:\/\/www.zentia.com\/es-es\/wp-json\/wp\/v2\/product"}],"about":[{"href":"https:\/\/www.zentia.com\/es-es\/wp-json\/wp\/v2\/types\/product"}],"wp:attachment":[{"href":"https:\/\/www.zentia.com\/es-es\/wp-json\/wp\/v2\/media?parent=7320"}],"wp:term":[{"taxonomy":"product-type","embeddable":true,"href":"https:\/\/www.zentia.com\/es-es\/wp-json\/wp\/v2\/product-type?post=7320"}],"curies":[{"name":"wp","href":"https:\/\/api.w.org\/{rel}","templated":true}]}}