{"id":7506,"date":"2024-03-14T08:21:25","date_gmt":"2024-03-14T08:21:25","guid":{"rendered":"https:\/\/www.zentia.com\/es-es\/?post_type=product&#038;p=7506"},"modified":"2025-12-22T08:42:15","modified_gmt":"2025-12-22T08:42:15","slug":"gridline-24","status":"publish","type":"product","link":"https:\/\/www.zentia.com\/es-es\/soluciones\/productos\/sistemas-de-suspension\/gridline-24\/","title":{"rendered":"Gridline 24"},"featured_media":0,"parent":0,"template":"","product-type":[746],"class_list":["post-7506","product","type-product","status-publish","hentry","product-family-category-gridline","product-type-sistemas-de-suspension","grid-appearance-exposed","product-material-galvanised-steel","product-material-stainless-steel","product-colour-black-ral-9005-bk1","product-colour-blue-ral-260-30-20-bl2","product-colour-blue-ral-260-50-25-bl3","product-colour-blue-ral-260-80-15-bl4","product-colour-blue-ral-260-90-05-bl5","product-colour-blue-ral-5015-bl1","product-colour-brown-ral-040-30-30-br2","product-colour-brown-ral-050-70-10-br4","product-colour-brown-ral-050-70-20-br3","product-colour-brown-ral-8004-br1","product-colour-global-white","product-colour-green-ral-130-80-30-gr4","product-colour-green-ral-130-90-10-gr5","product-colour-green-ral-140-30-20-gr2","product-colour-green-ral-140-50-30-gr3","product-colour-green-ral-6037-gr1","product-colour-grey-ral-000-30-00-gy3","product-colour-grey-ral-000-65-00-gy2","product-colour-grey-ral-000-85-00-gy1","product-colour-orange-ral-050-80-30-or2","product-colour-orange-ral-050-90-10-or3","product-colour-orange-ral-2009-or1","product-colour-purple-ral-340-30-30-pu2","product-colour-purple-ral-340-60-35-pu3","product-colour-purple-ral-340-80-20-pu4","product-colour-purple-ral-340-90-05-pu5","product-colour-purple-ral-4006-pu1","product-colour-red-ral-010-90-10-re5","product-colour-red-ral-020-30-40-re2","product-colour-red-ral-020-60-40-re3","product-colour-red-ral-020-80-20-re4","product-colour-red-ral-3020-re1","product-colour-silver-ral-9006","product-colour-yellow-ral-075-80-40-ye2","product-colour-yellow-ral-080-90-10-ye3","product-colour-yellow-ral-1003-ye1","product-sizes-1200mm-l-x-24mm-w-x-38mm-t","product-sizes-3600mm-l-x-24mm-w-x-43mm-t","product-sizes-600mm-l-x-24mm-w-x-38mm-t","solution-finder-toggle-x"],"acf":{"hero":{"title":"Gridline 24","sub_label":"","introduction":"Un clip, dos sistemas. El nuevo e innovador dise\u00f1o de clip de acero inoxidable de Gridline 24 hace que la instalaci\u00f3n de perfiles primarios y perfiles secundarios sea m\u00e1s f\u00e1cil que nunca al conectar los componentes de la perfiler\u00eda con un click firme y audible. Gridline 24 es compatible con sistemas de corte recto y con remonte.\r\n\r\nGridline 24 ha mejorado la ergonom\u00eda para que los perfiles primarios y los perfiles secundarios se puedan instalar con menos esfuerzo de conexi\u00f3n, lo que permite instalar techos m\u00e1s r\u00e1pido que nunca. Su doble cosido mejorado tanto en los perfiles primarios como en los perfiles secundarios proporciona una mejor resistencia a la torsi\u00f3n de la perfiler\u00eda lo que la hace m\u00e1s segura y f\u00e1cil de instalar.\r\n<ul>\r\n \t<li><strong>Dise\u00f1o de Clip Mejorado: <\/strong>Conecta los secundarios a corte y con remonte Gridline 24 con facilidad.<\/li>\r\n \t<li><strong>Pesta\u00f1a de desbloqueo r\u00e1pido :<\/strong> R\u00e1pido desmontaje de los perfiles secundarios para mantenimiento y acceso a instalaciones.<\/li>\r\n \t<li><strong>Doble cosido para mayor Resistencia a la torsi\u00f3n :<\/strong> Mejorado doble cosido\u00a0 que hace que Gridline 24 sea m\u00e1s resistente a la torsi\u00f3n y a las deformaciones durante la instalaci\u00f3n y el desmontaje.<\/li>\r\n \t<li><strong>Disponible en colores : <\/strong>Inspire un dise\u00f1o diferente y atractivo a sus falsos techos con perfiler\u00eda en color. Gridline 24 est\u00e1 disponible en una amplia gama de colores, incluidos Blanco Global White y Negro RAL 9017, as\u00ed como otras 34 opciones de la colecci\u00f3n Zentia Color Collection.<\/li>\r\n \t<li><strong>Garant\u00eda del Sistema de 30 a\u00f1os : <\/strong>Gridline 24 est\u00e1 disponible con una garant\u00eda del sistema de 30 a\u00f1os cuando se instala con placas de falso techo de Zentia.<\/li>\r\n<\/ul>","introduction_short":"Un clip, dos sistemas. El nuevo e innovador dise\u00f1o de clip de acero inoxidable de Gridline 24 hace que la instalaci\u00f3n de perfiles primarios y perfiles secundarios sea m\u00e1s f\u00e1cil que nunca al conectar los componentes de la perfiler\u00eda con un click firme y audible. Gridline 24 es compatible con sistemas de corte recto y con remonte.\r\n\r\nGridline 24 ha mejorado la ergonom\u00eda para que los perfiles primarios y los perfiles secundarios se puedan instalar con menos esfuerzo de conexi\u00f3n, lo que permite instalar techos m\u00e1s r\u00e1pido que nunca. Su doble cosido mejorado tanto en los perfiles primarios como en los perfiles secundarios proporciona una mejor resistencia a la torsi\u00f3n de la perfiler\u00eda lo que la hace m\u00e1s segura y f\u00e1cil de instalar.","gallery":[7565],"datasheet":"","video_url":"","space_bottom":false},"images":null,"product_variant_alt_toggle":true,"product_variant":[{"edge_detail":"Gridline 24 Perfiles Primarios","product_image":"","variant_information":"Los perfiles primarios Gridline 24 son una parte integral del sistema de perfiler\u00eda, con 43mm de altura y perfil visto de 24 mm. Los clips SureLock garantizan una conexi\u00f3n segura, mejorando la alineaci\u00f3n y simplificando el desmontaje. El dise\u00f1o en forma de pico no s\u00f3lo proporciona mayor resistencia y estabilidad sino que tambi\u00e9n facilita el corte en obra.","variant_additional_information":"<h2>Gridline 24 Sistema de Perfiler\u00eda para Falso Techo<\/h2>\r\n<h3>Caracter\u00edsticas T\u00e9cnicas<\/h3>\r\n<strong>Placas de Falso Techo Compatibles <\/strong>\r\n\r\nLa perfiler\u00eda met\u00e1lica Gridline 24 es compatible con las placas de falso techo con canto Tegular24 ,Integra y Conceal as\u00ed como placas con canto recto Board.\r\n\r\n<strong>Sostenibilidad <\/strong>\r\n\r\nGridline 24 contiene un 25% de material reciclado y es 100% reciclable\r\n\r\n<strong>Protecci\u00f3n contra el fuego y Otros detalles t\u00e9cnicos <\/strong>\r\n\r\nEn color Blanco Global White y Negro RAL 9017, Gridline 24 est\u00e1 certificado Euroclass A1 seg\u00fan la norma EN 13501-1. Gridline 24 est\u00e1 certificado Euroclass A2-s2, d0 EN 13501-1 cuando es instalada en otros opciones de color.","sub_variants":[{"edge_detail":"Gridline 24 Main Runners","images":[{"image":7566}],"cls_item_number":"BPGMR243600","cls_description":"Gridline Universal Main Runners 24","shortcode":"","dimensions":"3600mm (L) x 24mm (T) x 43mm (W)","colour_text":"","colour_select":[951,1249,1248,1247,1233,1234,1235,1236,1237,1242,1243,1244,1245,1246,1263,1264,1265,1250,1251,1252,1258,1259,1260,1261,1262,1253,1254,1255,1256,1257,1238,1239,1240,1241,1338],"surface_sifyb":"","recyclable":"S\u00ed","recycled_content":"","recyclable_through_zentia":"","cleanability_types":"","clean_room_classification":"","cradle_two_cradle_certification":"","durability":"","humidity_resistance_rh":"","light_reflectance":"","fire_reaction_en135011":"A1","iac_level":"","material":"","rout_slot_spacing_and_uom":"","cross_tee_main_runner_interface":"","corrosive_resistant":"","fire_performance":"","clean_room":"","end_detail":"","formaldehyde_emissions":"","low_voc_emissions":"","sound_absorption":"","sound_absorption_class":"","sound_reduction_index":"","sound_attenuation":"","sound_absorption_nrc":"","compatible_grid_product_code":"","floating_ceiling_frame_product_code":"","installation_accessories":"","accessories":null}],"override_related_items":false,"related_project_gallery":null,"related_faqs":null,"related_products":null,"related_documents_and_downloads":null,"download_all_documents":null},{"edge_detail":"Gridline 24 Perfiles Secundarios \u2013 Corte Recto ","product_image":"","variant_information":"Los perfiles secundarios de corte recto Gridline 24 cuentan con un clip de acero inoxidable dise\u00f1ado para una instalaci\u00f3n m\u00e1s f\u00e1cil, una mejor alineaci\u00f3n y una conexi\u00f3n de click audible . ","variant_additional_information":"<h2>Gridline 24 Sistema de Perfiler\u00eda para Falso Techo<\/h2>\r\n<h3>Caracter\u00edsticas T\u00e9cnicas<\/h3>\r\n<strong>Placas de Falso Techo Compatibles <\/strong>\r\n\r\nLa perfiler\u00eda met\u00e1lica Gridline 24 es compatible con las placas de falso techo con canto Tegular24 ,Integra y Conceal as\u00ed como placas con canto recto Board.\r\n\r\n<strong>Sostenibilidad <\/strong>\r\n\r\nGridline 24 contiene un 25% de material reciclado y es 100% reciclable\r\n\r\n<strong>Protecci\u00f3n contra el fuego y Otros detalles t\u00e9cnicos <\/strong>\r\n\r\nEn color Blanco Global White y Negro RAL 9017, Gridline 24 est\u00e1 certificado Euroclass A1 seg\u00fan la norma EN 13501-1. Gridline 24 est\u00e1 certificado Euroclass A2-s2, d0 EN 13501-1 cuando es instalada en otros opciones de color.","sub_variants":[{"edge_detail":"Gridline 24 B Cross Tees","images":[{"image":7566}],"cls_item_number":"BPGXTB24600","cls_description":"Gridline 24 B Cross Tees","shortcode":"","dimensions":"600mm (L) x 24mm (W) x 38mm (T)","colour_text":"","colour_select":[951,1249,1248,1247,1233,1234,1235,1236,1237,1242,1243,1244,1245,1246,1263,1264,1265,1250,1251,1252,1258,1259,1260,1261,1262,1253,1254,1255,1256,1257,1238,1239,1240,1241,1338],"surface_sifyb":"","recyclable":"S\u00ed","recycled_content":"","recyclable_through_zentia":"","cleanability_types":"","clean_room_classification":"","cradle_two_cradle_certification":"","durability":"","humidity_resistance_rh":"","light_reflectance":"","fire_reaction_en135011":"A1","iac_level":"","material":"","rout_slot_spacing_and_uom":"","cross_tee_main_runner_interface":"","corrosive_resistant":"","fire_performance":"","clean_room":"","end_detail":"","formaldehyde_emissions":"","low_voc_emissions":"","sound_absorption":"","sound_absorption_class":"","sound_reduction_index":"","sound_attenuation":"","sound_absorption_nrc":"","compatible_grid_product_code":"","floating_ceiling_frame_product_code":"","installation_accessories":"","accessories":null},{"edge_detail":"Gridline 24 B Cross Tees","images":[{"image":7566}],"cls_item_number":"BPGXTB241200","cls_description":"Gridline 24 B Cross Tees","shortcode":"","dimensions":"1200mm (L) x 24mm (W) x 38mm (T)","colour_text":"","colour_select":[951,1249,1248,1247,1233,1234,1235,1236,1237,1242,1243,1244,1245,1246,1263,1264,1265,1250,1251,1252,1258,1259,1260,1261,1262,1253,1254,1255,1256,1257,1238,1239,1240,1241,1338],"surface_sifyb":"","recyclable":"S\u00ed","recycled_content":"","recyclable_through_zentia":"","cleanability_types":"","clean_room_classification":"","cradle_two_cradle_certification":"","durability":"","humidity_resistance_rh":"","light_reflectance":"","fire_reaction_en135011":"A1","iac_level":"","material":"","rout_slot_spacing_and_uom":"","cross_tee_main_runner_interface":"","corrosive_resistant":"","fire_performance":"","clean_room":"","end_detail":"","formaldehyde_emissions":"","low_voc_emissions":"","sound_absorption":"","sound_absorption_class":"","sound_reduction_index":"","sound_attenuation":"","sound_absorption_nrc":"","compatible_grid_product_code":"","floating_ceiling_frame_product_code":"","installation_accessories":"","accessories":null}],"override_related_items":false,"related_project_gallery":null,"related_faqs":null,"related_products":null,"related_documents_and_downloads":null,"download_all_documents":null},{"edge_detail":"Gridline 24 Perfiles Secundarios \u2013 Con Remonte","product_image":"","variant_information":"Los perfiles secundarios con remonte Gridline 24 se apoyan de forma segura a los perfiles primarios lo que proporciona una mejor alineaci\u00f3n para facilitar la instalaci\u00f3n el desmontaje del falso techo. ","variant_additional_information":"<h2>Gridline 24 Sistema de Perfiler\u00eda para Falso Techo<\/h2>\r\n<h3>Caracter\u00edsticas T\u00e9cnicas<\/h3>\r\n<strong>Placas de Falso Techo Compatibles <\/strong>\r\n\r\nLa perfiler\u00eda met\u00e1lica Gridline 24 es compatible con las placas de falso techo con canto Tegular24 ,Integra y Conceal as\u00ed como placas con canto recto Board.\r\n\r\n<strong>Sostenibilidad <\/strong>\r\n\r\nGridline 24 contiene un 25% de material reciclado y es 100% reciclable\r\n\r\n<strong>Protecci\u00f3n contra el fuego y Otros detalles t\u00e9cnicos <\/strong>\r\n\r\nEn color Blanco Global White y Negro RAL 9017, Gridline 24 est\u00e1 certificado Euroclass A1 seg\u00fan la norma EN 13501-1. Gridline 24 est\u00e1 certificado Euroclass A2-s2, d0 EN 13501-1 cuando es instalada en otros opciones de color.","sub_variants":[{"edge_detail":"Gridline 24 Joggled Cross Tees","images":[{"image":7566}],"cls_item_number":"BPGXTJ24600","cls_description":"Gridline 24 J Cross Tees","shortcode":"","dimensions":"600mm (L) x 24mm (W) x 38mm (T)","colour_text":"","colour_select":[951,1338],"surface_sifyb":"","recyclable":"S\u00ed","recycled_content":"","recyclable_through_zentia":"","cleanability_types":"","clean_room_classification":"","cradle_two_cradle_certification":"","durability":"","humidity_resistance_rh":"","light_reflectance":"","fire_reaction_en135011":"A1","iac_level":"","material":"","rout_slot_spacing_and_uom":"","cross_tee_main_runner_interface":"","corrosive_resistant":"","fire_performance":"","clean_room":"","end_detail":"","formaldehyde_emissions":"","low_voc_emissions":"","sound_absorption":"","sound_absorption_class":"","sound_reduction_index":"","sound_attenuation":"","sound_absorption_nrc":"","compatible_grid_product_code":"","floating_ceiling_frame_product_code":"","installation_accessories":"","accessories":null},{"edge_detail":"Gridline 24 Joggled Cross Tees","images":[{"image":7566}],"cls_item_number":"BPGXTJ241200","cls_description":"Gridline 24 J Cross Tees","shortcode":"","dimensions":"1200mm (L) x 24mm (W) x 38mm (T)","colour_text":"","colour_select":[951,1338],"surface_sifyb":"","recyclable":"S\u00ed","recycled_content":"","recyclable_through_zentia":"","cleanability_types":"","clean_room_classification":"","cradle_two_cradle_certification":"","durability":"","humidity_resistance_rh":"","light_reflectance":"","fire_reaction_en135011":"A1","iac_level":"","material":"","rout_slot_spacing_and_uom":"","cross_tee_main_runner_interface":"","corrosive_resistant":"","fire_performance":"","clean_room":"","end_detail":"","formaldehyde_emissions":"","low_voc_emissions":"","sound_absorption":"","sound_absorption_class":"","sound_reduction_index":"","sound_attenuation":"","sound_absorption_nrc":"","compatible_grid_product_code":"","floating_ceiling_frame_product_code":"","installation_accessories":"","accessories":null}],"override_related_items":false,"related_project_gallery":null,"related_faqs":null,"related_products":null,"related_documents_and_downloads":null,"download_all_documents":null}],"import_data":"","file_label":"Descargar ficha t\u00e9cnica","file":8681,"warranties":null,"product_manuals":null,"nbs":"","documents_downloads_title":"Documentos relacionados","related_documents_and_downloads":[2983],"download_bim":"","download_all_documents":"","listing_label":"Nuevo producto","solution_finder_toggle":false,"solution_finder_intro":"","solution_finder_points":null,"template":{"":null,"related_project_gallery":"","template_faq":[7582,7583],"space_bottom":false,"related_products_title":"Productos relacionados","related_products":[7507,7508,7509],"hide_form":false}},"yoast_head":"<!-- This site is optimized with the Yoast SEO plugin v27.3 - https:\/\/yoast.com\/product\/yoast-seo-wordpress\/ -->\n<title>Gridline 24 | Zentia<\/title>\n<meta name=\"description\" content=\"Un clip, dos sistemas. El innovador dise\u00f1o de clip de acero inoxidable de Gridline 24 hace que la instalaci\u00f3n en el techo sea m\u00e1s f\u00e1cil que nunca. Aprende m\u00e1s aqu\u00ed.\" \/>\n<meta name=\"robots\" content=\"index, follow, max-snippet:-1, max-image-preview:large, max-video-preview:-1\" \/>\n<link rel=\"canonical\" href=\"https:\/\/www.zentia.com\/es-es\/soluciones\/productos\/sistemas-de-suspension\/gridline-24\/\" \/>\n<meta property=\"og:locale\" content=\"es_ES\" \/>\n<meta property=\"og:type\" content=\"article\" \/>\n<meta property=\"og:title\" content=\"Gridline 24 | Zentia\" \/>\n<meta property=\"og:description\" content=\"Un clip, dos sistemas. El innovador dise\u00f1o de clip de acero inoxidable de Gridline 24 hace que la instalaci\u00f3n en el techo sea m\u00e1s f\u00e1cil que nunca. Aprende m\u00e1s aqu\u00ed.\" \/>\n<meta property=\"og:url\" content=\"https:\/\/www.zentia.com\/es-es\/soluciones\/productos\/sistemas-de-suspension\/gridline-24\/\" \/>\n<meta property=\"og:site_name\" content=\"Zentia\" \/>\n<meta property=\"article:modified_time\" content=\"2025-12-22T08:42:15+00:00\" \/>\n<meta name=\"twitter:card\" content=\"summary_large_image\" \/>\n<script type=\"application\/ld+json\" class=\"yoast-schema-graph\">{\"@context\":\"https:\\\/\\\/schema.org\",\"@graph\":[{\"@type\":\"WebPage\",\"@id\":\"https:\\\/\\\/www.zentia.com\\\/es-es\\\/soluciones\\\/productos\\\/sistemas-de-suspension\\\/gridline-24\\\/\",\"url\":\"https:\\\/\\\/www.zentia.com\\\/es-es\\\/soluciones\\\/productos\\\/sistemas-de-suspension\\\/gridline-24\\\/\",\"name\":\"Gridline 24 | Zentia\",\"isPartOf\":{\"@id\":\"https:\\\/\\\/www.zentia.com\\\/es-es\\\/#website\"},\"datePublished\":\"2024-03-14T08:21:25+00:00\",\"dateModified\":\"2025-12-22T08:42:15+00:00\",\"description\":\"Un clip, dos sistemas. El innovador dise\u00f1o de clip de acero inoxidable de Gridline 24 hace que la instalaci\u00f3n en el techo sea m\u00e1s f\u00e1cil que nunca. Aprende m\u00e1s aqu\u00ed.\",\"breadcrumb\":{\"@id\":\"https:\\\/\\\/www.zentia.com\\\/es-es\\\/soluciones\\\/productos\\\/sistemas-de-suspension\\\/gridline-24\\\/#breadcrumb\"},\"inLanguage\":\"es\",\"potentialAction\":[{\"@type\":\"ReadAction\",\"target\":[\"https:\\\/\\\/www.zentia.com\\\/es-es\\\/soluciones\\\/productos\\\/sistemas-de-suspension\\\/gridline-24\\\/\"]}]},{\"@type\":\"BreadcrumbList\",\"@id\":\"https:\\\/\\\/www.zentia.com\\\/es-es\\\/soluciones\\\/productos\\\/sistemas-de-suspension\\\/gridline-24\\\/#breadcrumb\",\"itemListElement\":[{\"@type\":\"ListItem\",\"position\":1,\"name\":\"Inicio\",\"item\":\"https:\\\/\\\/www.zentia.com\\\/es-es\\\/\"},{\"@type\":\"ListItem\",\"position\":2,\"name\":\"Gridline 24\"}]},{\"@type\":\"WebSite\",\"@id\":\"https:\\\/\\\/www.zentia.com\\\/es-es\\\/#website\",\"url\":\"https:\\\/\\\/www.zentia.com\\\/es-es\\\/\",\"name\":\"Zentia\",\"description\":\"\",\"potentialAction\":[{\"@type\":\"SearchAction\",\"target\":{\"@type\":\"EntryPoint\",\"urlTemplate\":\"https:\\\/\\\/www.zentia.com\\\/es-es\\\/?s={search_term_string}\"},\"query-input\":{\"@type\":\"PropertyValueSpecification\",\"valueRequired\":true,\"valueName\":\"search_term_string\"}}],\"inLanguage\":\"es\"}]}<\/script>\n<!-- \/ Yoast SEO plugin. -->","yoast_head_json":{"title":"Gridline 24 | Zentia","description":"Un clip, dos sistemas. El innovador dise\u00f1o de clip de acero inoxidable de Gridline 24 hace que la instalaci\u00f3n en el techo sea m\u00e1s f\u00e1cil que nunca. Aprende m\u00e1s aqu\u00ed.","robots":{"index":"index","follow":"follow","max-snippet":"max-snippet:-1","max-image-preview":"max-image-preview:large","max-video-preview":"max-video-preview:-1"},"canonical":"https:\/\/www.zentia.com\/es-es\/soluciones\/productos\/sistemas-de-suspension\/gridline-24\/","og_locale":"es_ES","og_type":"article","og_title":"Gridline 24 | Zentia","og_description":"Un clip, dos sistemas. El innovador dise\u00f1o de clip de acero inoxidable de Gridline 24 hace que la instalaci\u00f3n en el techo sea m\u00e1s f\u00e1cil que nunca. Aprende m\u00e1s aqu\u00ed.","og_url":"https:\/\/www.zentia.com\/es-es\/soluciones\/productos\/sistemas-de-suspension\/gridline-24\/","og_site_name":"Zentia","article_modified_time":"2025-12-22T08:42:15+00:00","twitter_card":"summary_large_image","schema":{"@context":"https:\/\/schema.org","@graph":[{"@type":"WebPage","@id":"https:\/\/www.zentia.com\/es-es\/soluciones\/productos\/sistemas-de-suspension\/gridline-24\/","url":"https:\/\/www.zentia.com\/es-es\/soluciones\/productos\/sistemas-de-suspension\/gridline-24\/","name":"Gridline 24 | Zentia","isPartOf":{"@id":"https:\/\/www.zentia.com\/es-es\/#website"},"datePublished":"2024-03-14T08:21:25+00:00","dateModified":"2025-12-22T08:42:15+00:00","description":"Un clip, dos sistemas. El innovador dise\u00f1o de clip de acero inoxidable de Gridline 24 hace que la instalaci\u00f3n en el techo sea m\u00e1s f\u00e1cil que nunca. Aprende m\u00e1s aqu\u00ed.","breadcrumb":{"@id":"https:\/\/www.zentia.com\/es-es\/soluciones\/productos\/sistemas-de-suspension\/gridline-24\/#breadcrumb"},"inLanguage":"es","potentialAction":[{"@type":"ReadAction","target":["https:\/\/www.zentia.com\/es-es\/soluciones\/productos\/sistemas-de-suspension\/gridline-24\/"]}]},{"@type":"BreadcrumbList","@id":"https:\/\/www.zentia.com\/es-es\/soluciones\/productos\/sistemas-de-suspension\/gridline-24\/#breadcrumb","itemListElement":[{"@type":"ListItem","position":1,"name":"Inicio","item":"https:\/\/www.zentia.com\/es-es\/"},{"@type":"ListItem","position":2,"name":"Gridline 24"}]},{"@type":"WebSite","@id":"https:\/\/www.zentia.com\/es-es\/#website","url":"https:\/\/www.zentia.com\/es-es\/","name":"Zentia","description":"","potentialAction":[{"@type":"SearchAction","target":{"@type":"EntryPoint","urlTemplate":"https:\/\/www.zentia.com\/es-es\/?s={search_term_string}"},"query-input":{"@type":"PropertyValueSpecification","valueRequired":true,"valueName":"search_term_string"}}],"inLanguage":"es"}]}},"_links":{"self":[{"href":"https:\/\/www.zentia.com\/es-es\/wp-json\/wp\/v2\/product\/7506","targetHints":{"allow":["GET"]}}],"collection":[{"href":"https:\/\/www.zentia.com\/es-es\/wp-json\/wp\/v2\/product"}],"about":[{"href":"https:\/\/www.zentia.com\/es-es\/wp-json\/wp\/v2\/types\/product"}],"acf:post":[{"embeddable":true,"href":"https:\/\/www.zentia.com\/es-es\/wp-json\/wp\/v2\/download\/2983"}],"wp:attachment":[{"href":"https:\/\/www.zentia.com\/es-es\/wp-json\/wp\/v2\/media?parent=7506"}],"wp:term":[{"taxonomy":"product-type","embeddable":true,"href":"https:\/\/www.zentia.com\/es-es\/wp-json\/wp\/v2\/product-type?post=7506"}],"curies":[{"name":"wp","href":"https:\/\/api.w.org\/{rel}","templated":true}]}}