{"id":7507,"date":"2024-03-14T08:21:08","date_gmt":"2024-03-14T08:21:08","guid":{"rendered":"https:\/\/www.zentia.com\/es-es\/?post_type=product&#038;p=7507"},"modified":"2025-12-22T08:42:35","modified_gmt":"2025-12-22T08:42:35","slug":"gridline-15","status":"publish","type":"product","link":"https:\/\/www.zentia.com\/es-es\/soluciones\/productos\/sistemas-de-suspension\/gridline-15\/","title":{"rendered":"Gridline 15"},"featured_media":0,"parent":0,"template":"","product-type":[746],"class_list":["post-7507","product","type-product","status-publish","hentry","product-family-category-gridline-15","product-type-sistemas-de-suspension","grid-appearance-exposed","product-material-galvanised-steel","product-material-stainless-steel","product-colour-black-ral-9017","product-colour-global-white","product-sizes-1200mm-l-x-15mm-w-x-38mm-t","product-sizes-3600mm-l-x-15mm-w-x-43mm-t","product-sizes-600mm-l-x-15mm-w-x-38mm-t","solution-finder-toggle-x"],"acf":{"hero":{"title":"Gridline 15","sub_label":"","introduction":"Gridline 15 cuenta con un innovador dise\u00f1o de clip de acero inoxidable y simplifica el uso de perfiles primarios y perfiles secundarios lo que permite un rendimiento t\u00e9cnico mejorado para la instalaci\u00f3n de falsos techos. Con un solo clip Gridline 15 se convierte al mismo tiempo en un sistema click y en un sistema de gancho, brindando una flexibilidad de instalaci\u00f3n nunca antes vista.\r\n\r\nGridline 15 tiene una ergonom\u00eda mejorada y se puede instalar con menos esfuerzo lo que permite una instalaci\u00f3n m\u00e1s r\u00e1pida y f\u00e1cil de las perfiler\u00edas de falso techo. Con doble cosido mejorado tanto en los perfiles primarios como en los perfiles secundarios proporciona una mayor resistencia a la torsi\u00f3n manteniendo los perfiles totalmente alineados y sin desviaciones , con todo esto la hace m\u00e1s firme y f\u00e1cil de montar sin riesgo de da\u00f1os .\r\n<ul>\r\n \t<li><strong>Clip de dise\u00f1o innovador: <\/strong>conecte los perfiles secundarios con los perfiles primarios Gridline 15 con un solo click audible.<\/li>\r\n \t<li><strong>Pesta\u00f1a de desbloqueo r\u00e1pido :<\/strong> R\u00e1pido desmontaje de los perfiles secundarios para mantenimiento y acceso a instalaciones.<\/li>\r\n \t<li><strong>Doble cosido para mayor Resistencia a la torsi\u00f3n :<\/strong> Mejorado doble cosido\u00a0 que hace que Gridline 15 sea m\u00e1s resistente a la torsi\u00f3n y a las deformaciones durante la instalaci\u00f3n y el desmontaje.<\/li>\r\n \t<li><strong>Disponible en color : <\/strong>Infunda un sutil toque de dise\u00f1o en sus techos con la rejilla de color. Gridline 15 est\u00e1 disponible en Blanco Global y Negro RAL 9017.<\/li>\r\n \t<li><strong>Garant\u00eda del sistema de 30 a\u00f1os: <\/strong>Gridline 15 dispone de una garant\u00eda del sistema de 30 a\u00f1os cuando se instala junto con las placas de falso techo suspendido de Zentia.<\/li>\r\n<\/ul>","introduction_short":"Gridline 15 cuenta con un innovador dise\u00f1o de clip de acero inoxidable y simplifica el uso de perfiles primarios y perfiles secundarios lo que permite un rendimiento t\u00e9cnico mejorado para la instalaci\u00f3n de falsos techos. Con un solo clip Gridline 15 se convierte al mismo tiempo en un sistema click y en un sistema de gancho, brindando una flexibilidad de instalaci\u00f3n nunca antes vista.\r\n\r\nGridline 15 tiene una ergonom\u00eda mejorada y se puede instalar con menos esfuerzo lo que permite una instalaci\u00f3n m\u00e1s r\u00e1pida y f\u00e1cil de las perfiler\u00edas de falso techo. Con doble cosido mejorado tanto en los perfiles primarios como en los perfiles secundarios proporciona una mayor resistencia a la torsi\u00f3n manteniendo los perfiles totalmente alineados y sin desviaciones , con todo esto la hace m\u00e1s firme y f\u00e1cil de montar sin riesgo de da\u00f1os .","gallery":[7297],"datasheet":"","video_url":"","space_bottom":false},"images":null,"product_variant_alt_toggle":true,"product_variant":[{"edge_detail":"Gridline 15 Perfiles Primarios ","product_image":"","variant_information":"Los perfiles primarios Gridline 15 son una parte integral del sistema de perfiler\u00eda, con 43mm de altura y perfil visto de 15 mm. Los clips SureLock garantizan una conexi\u00f3n segura, mejorando la alineaci\u00f3n y simplificando el desmontaje. El dise\u00f1o en forma de pico no s\u00f3lo proporciona mayor resistencia y estabilidad sino que tambi\u00e9n facilita el corte en obra.","variant_additional_information":"<h2>Gridline 15 Sistema de Perfiler\u00eda para Falso Techo<\/h2>\r\n<h3>Caracter\u00edsticas T\u00e9cnicas<\/h3>\r\n<strong>Placas de Techos Compatibles <\/strong>\r\n\r\nLa perfiler\u00eda met\u00e1lica Gridline 15 es compatible con las placas de falso techo con canto Tegular15 y otras placas espec\u00edficas en canto recto.\r\n\r\n<strong>Sostenibilidad <\/strong>\r\n\r\nGridline 15 contiene un 25% de material reciclado y es 100% reciclable\r\n\r\n<strong>Protecci\u00f3n contra el Fuego y otros detalles t\u00e9cnicos <\/strong>\r\n\r\nEn Blanco Global White y Negro RAL 9017, Gridline 15 est\u00e1 certificado Euroclass A1 seg\u00fan norma EN 13501-1.","sub_variants":[{"edge_detail":"Gridline 15 Main Runners","images":[{"image":7297}],"cls_item_number":"BPGMR153600","cls_description":"Gridline Universal Main Runners 15","shortcode":"MR153600","dimensions":"3600mm (L) x 15mm (W) x 43mm (T)","colour_text":"","colour_select":[951,1338],"surface_sifyb":"","recyclable":"S\u00ed","recycled_content":"25%","recyclable_through_zentia":"","cleanability_types":"","clean_room_classification":"","cradle_two_cradle_certification":"","durability":"","humidity_resistance_rh":"","light_reflectance":"","fire_reaction_en135011":"A1 (Global White)","iac_level":"","material":"","rout_slot_spacing_and_uom":"","cross_tee_main_runner_interface":"","corrosive_resistant":"","fire_performance":"","clean_room":"","end_detail":"","formaldehyde_emissions":"","low_voc_emissions":"","sound_absorption":"","sound_absorption_class":"","sound_reduction_index":"","sound_attenuation":"","sound_absorption_nrc":"","compatible_grid_product_code":"","floating_ceiling_frame_product_code":"","installation_accessories":"A156*A12979*","accessories":[{"code":"A156"},{"code":"A12979"}]}],"override_related_items":false,"related_project_gallery":null,"related_faqs":null,"related_products":null,"related_documents_and_downloads":null,"download_all_documents":null},{"edge_detail":"Gridline 15 Perfiles Secundarios \u2013 Corte Recto ","product_image":"","variant_information":"Los perfiles secundarios de corte recto Gridline 15 cuentan con un clip de acero inoxidable dise\u00f1ado para una instalaci\u00f3n m\u00e1s f\u00e1cil, una mejor alineaci\u00f3n y una conexi\u00f3n de click audible . ","variant_additional_information":"<h2>Gridline 15 Sistema de Perfiler\u00eda para Falso Techo<\/h2>\r\n<h3>Caracter\u00edsticas T\u00e9cnicas<\/h3>\r\n<strong>Placas de Techos Compatibles <\/strong>\r\n\r\nLa perfiler\u00eda met\u00e1lica Gridline 15 es compatible con las placas de falso techo con canto Tegular15 y otras placas espec\u00edficas en canto recto.\r\n\r\n<strong>Sostenibilidad <\/strong>\r\n\r\nGridline 15 contiene un 25% de material reciclado y es 100% reciclable\r\n\r\n<strong>Protecci\u00f3n contra el Fuego y otros detalles t\u00e9cnicos <\/strong>\r\n\r\nEn Blanco Global White y Negro RAL 9017, Gridline 15 est\u00e1 certificado Euroclass A1 seg\u00fan norma EN 13501-1.","sub_variants":[{"edge_detail":"Gridline 15 Butt Cut Cross Tees","images":[{"image":7297}],"cls_item_number":"BPGXTB15600","cls_description":"Gridline 15 B Cross Tees","shortcode":"XTB15600","dimensions":"600mm (L) x 15mm (W) x 38mm (T)","colour_text":"","colour_select":[951,1338],"surface_sifyb":"","recyclable":"S\u00ed","recycled_content":"25%","recyclable_through_zentia":"","cleanability_types":"","clean_room_classification":"","cradle_two_cradle_certification":"","durability":"","humidity_resistance_rh":"","light_reflectance":"","fire_reaction_en135011":"A1 (Global White)","iac_level":"","material":"","rout_slot_spacing_and_uom":"","cross_tee_main_runner_interface":"","corrosive_resistant":"","fire_performance":"","clean_room":"","end_detail":"","formaldehyde_emissions":"","low_voc_emissions":"","sound_absorption":"","sound_absorption_class":"","sound_reduction_index":"","sound_attenuation":"","sound_absorption_nrc":"","compatible_grid_product_code":"","floating_ceiling_frame_product_code":"","installation_accessories":"A156*A12979*","accessories":[{"code":"A156"},{"code":"A12979"}]},{"edge_detail":"Gridline 15 Butt Cut Cross Tees","images":[{"image":7297}],"cls_item_number":"BPGXTB151200","cls_description":"Gridline 15 B Cross Tees","shortcode":"XTB151200","dimensions":"1200mm (L) x 15mm (W) x 38mm (T)","colour_text":"","colour_select":[951,1338],"surface_sifyb":"","recyclable":"S\u00ed","recycled_content":"25%","recyclable_through_zentia":"","cleanability_types":"","clean_room_classification":"","cradle_two_cradle_certification":"","durability":"","humidity_resistance_rh":"","light_reflectance":"","fire_reaction_en135011":"A1 (Global White)","iac_level":"","material":"","rout_slot_spacing_and_uom":"","cross_tee_main_runner_interface":"","corrosive_resistant":"","fire_performance":"","clean_room":"","end_detail":"","formaldehyde_emissions":"","low_voc_emissions":"","sound_absorption":"","sound_absorption_class":"","sound_reduction_index":"","sound_attenuation":"","sound_absorption_nrc":"","compatible_grid_product_code":"","floating_ceiling_frame_product_code":"","installation_accessories":"A156*A12979*","accessories":[{"code":"A156"},{"code":"A12979"}]}],"override_related_items":false,"related_project_gallery":null,"related_faqs":null,"related_products":null,"related_documents_and_downloads":null,"download_all_documents":null},{"edge_detail":"Gridline 15 Perfiles Secundarios \u2013 Con Remonte","product_image":"","variant_information":"Los perfiles secundarios con remonte Gridline 15 se apoyan de forma segura a los perfiles primarios lo que proporciona una mejor alineaci\u00f3n para facilitar la instalaci\u00f3n el desmontaje del falso techo. ","variant_additional_information":"<h2>Gridline 15 Sistema de Perfiler\u00eda para Falso Techo<\/h2>\r\n<h3>Caracter\u00edsticas T\u00e9cnicas<\/h3>\r\n<strong>Placas de Techos Compatibles <\/strong>\r\n\r\nLa perfiler\u00eda met\u00e1lica Gridline 15 es compatible con las placas de falso techo con canto Tegular15 y otras placas espec\u00edficas en canto recto.\r\n\r\n<strong>Sostenibilidad <\/strong>\r\n\r\nGridline 15 contiene un 25% de material reciclado y es 100% reciclable\r\n\r\n<strong>Protecci\u00f3n contra el Fuego y otros detalles t\u00e9cnicos <\/strong>\r\n\r\nEn Blanco Global White y Negro RAL 9017, Gridline 15 est\u00e1 certificado Euroclass A1 seg\u00fan norma EN 13501-1.","sub_variants":[{"edge_detail":"Gridline 15 Joggled Cross Tees","images":[{"image":7297}],"cls_item_number":"BPGXTJ15600","cls_description":"Gridline 15 J Cross Tees","shortcode":"XTJ15600","dimensions":"600mm (L) x 15mm (W) x 38mm (T)","colour_text":"","colour_select":[951,1338],"surface_sifyb":"","recyclable":"S\u00ed","recycled_content":"25%","recyclable_through_zentia":"","cleanability_types":"","clean_room_classification":"","cradle_two_cradle_certification":"","durability":"","humidity_resistance_rh":"","light_reflectance":"","fire_reaction_en135011":"A1 (Global White)","iac_level":"","material":"","rout_slot_spacing_and_uom":"","cross_tee_main_runner_interface":"","corrosive_resistant":"","fire_performance":"","clean_room":"","end_detail":"","formaldehyde_emissions":"","low_voc_emissions":"","sound_absorption":"","sound_absorption_class":"","sound_reduction_index":"","sound_attenuation":"","sound_absorption_nrc":"","compatible_grid_product_code":"","floating_ceiling_frame_product_code":"","installation_accessories":"A156*A12979*","accessories":[{"code":"A156"},{"code":"A12979"}]},{"edge_detail":"Gridline 15 Butt Cut Cross Tees","images":[{"image":7297}],"cls_item_number":"BPGXTJ151200","cls_description":"Gridline 15 J Cross Tees","shortcode":"XTJ151200","dimensions":"1200mm (L) x 15mm (W) x 38mm (T)","colour_text":"","colour_select":[951,1338],"surface_sifyb":"","recyclable":"S\u00ed","recycled_content":"25%","recyclable_through_zentia":"","cleanability_types":"","clean_room_classification":"","cradle_two_cradle_certification":"","durability":"","humidity_resistance_rh":"","light_reflectance":"","fire_reaction_en135011":"A1 (Global White)","iac_level":"","material":"","rout_slot_spacing_and_uom":"","cross_tee_main_runner_interface":"","corrosive_resistant":"","fire_performance":"","clean_room":"","end_detail":"","formaldehyde_emissions":"","low_voc_emissions":"","sound_absorption":"","sound_absorption_class":"","sound_reduction_index":"","sound_attenuation":"","sound_absorption_nrc":"","compatible_grid_product_code":"","floating_ceiling_frame_product_code":"","installation_accessories":"A156*A12979*","accessories":[{"code":"A156"},{"code":"A12979"}]}],"override_related_items":false,"related_project_gallery":null,"related_faqs":null,"related_products":null,"related_documents_and_downloads":null,"download_all_documents":null}],"import_data":"","file_label":"Descargar ficha t\u00e9cnica","file":8679,"warranties":null,"product_manuals":null,"nbs":"","documents_downloads_title":"Documentos relacionados","related_documents_and_downloads":[2983],"download_bim":"","download_all_documents":"","listing_label":"Nuevo producto","solution_finder_toggle":false,"solution_finder_intro":"","solution_finder_points":null,"template":{"":null,"related_project_gallery":"","template_faq":"","space_bottom":false,"related_products_title":"Productos relacionados","related_products":[7506,7508,7509],"hide_form":false}},"yoast_head":"<!-- This site is optimized with the Yoast SEO plugin v27.4 - https:\/\/yoast.com\/product\/yoast-seo-wordpress\/ -->\n<title>Gridline 15 | Zentia<\/title>\n<meta name=\"description\" content=\"Gridline 15 tiene un innovador dise\u00f1o de clip de acero inoxidable para una instalaci\u00f3n en el techo eficiente y sin costuras. Aprende m\u00e1s.\" \/>\n<meta name=\"robots\" content=\"index, follow, max-snippet:-1, max-image-preview:large, max-video-preview:-1\" \/>\n<link rel=\"canonical\" href=\"https:\/\/www.zentia.com\/es-es\/soluciones\/productos\/sistemas-de-suspension\/gridline-15\/\" \/>\n<meta property=\"og:locale\" content=\"es_ES\" \/>\n<meta property=\"og:type\" content=\"article\" \/>\n<meta property=\"og:title\" content=\"Gridline 15 | Zentia\" \/>\n<meta property=\"og:description\" content=\"Gridline 15 tiene un innovador dise\u00f1o de clip de acero inoxidable para una instalaci\u00f3n en el techo eficiente y sin costuras. Aprende m\u00e1s.\" \/>\n<meta property=\"og:url\" content=\"https:\/\/www.zentia.com\/es-es\/soluciones\/productos\/sistemas-de-suspension\/gridline-15\/\" \/>\n<meta property=\"og:site_name\" content=\"Zentia\" \/>\n<meta property=\"article:modified_time\" content=\"2025-12-22T08:42:35+00:00\" \/>\n<meta name=\"twitter:card\" content=\"summary_large_image\" \/>\n<script type=\"application\/ld+json\" class=\"yoast-schema-graph\">{\"@context\":\"https:\\\/\\\/schema.org\",\"@graph\":[{\"@type\":\"WebPage\",\"@id\":\"https:\\\/\\\/www.zentia.com\\\/es-es\\\/soluciones\\\/productos\\\/sistemas-de-suspension\\\/gridline-15\\\/\",\"url\":\"https:\\\/\\\/www.zentia.com\\\/es-es\\\/soluciones\\\/productos\\\/sistemas-de-suspension\\\/gridline-15\\\/\",\"name\":\"Gridline 15 | Zentia\",\"isPartOf\":{\"@id\":\"https:\\\/\\\/www.zentia.com\\\/es-es\\\/#website\"},\"datePublished\":\"2024-03-14T08:21:08+00:00\",\"dateModified\":\"2025-12-22T08:42:35+00:00\",\"description\":\"Gridline 15 tiene un innovador dise\u00f1o de clip de acero inoxidable para una instalaci\u00f3n en el techo eficiente y sin costuras. Aprende m\u00e1s.\",\"breadcrumb\":{\"@id\":\"https:\\\/\\\/www.zentia.com\\\/es-es\\\/soluciones\\\/productos\\\/sistemas-de-suspension\\\/gridline-15\\\/#breadcrumb\"},\"inLanguage\":\"es\",\"potentialAction\":[{\"@type\":\"ReadAction\",\"target\":[\"https:\\\/\\\/www.zentia.com\\\/es-es\\\/soluciones\\\/productos\\\/sistemas-de-suspension\\\/gridline-15\\\/\"]}]},{\"@type\":\"BreadcrumbList\",\"@id\":\"https:\\\/\\\/www.zentia.com\\\/es-es\\\/soluciones\\\/productos\\\/sistemas-de-suspension\\\/gridline-15\\\/#breadcrumb\",\"itemListElement\":[{\"@type\":\"ListItem\",\"position\":1,\"name\":\"Inicio\",\"item\":\"https:\\\/\\\/www.zentia.com\\\/es-es\\\/\"},{\"@type\":\"ListItem\",\"position\":2,\"name\":\"Gridline 15\"}]},{\"@type\":\"WebSite\",\"@id\":\"https:\\\/\\\/www.zentia.com\\\/es-es\\\/#website\",\"url\":\"https:\\\/\\\/www.zentia.com\\\/es-es\\\/\",\"name\":\"Zentia\",\"description\":\"\",\"potentialAction\":[{\"@type\":\"SearchAction\",\"target\":{\"@type\":\"EntryPoint\",\"urlTemplate\":\"https:\\\/\\\/www.zentia.com\\\/es-es\\\/?s={search_term_string}\"},\"query-input\":{\"@type\":\"PropertyValueSpecification\",\"valueRequired\":true,\"valueName\":\"search_term_string\"}}],\"inLanguage\":\"es\"}]}<\/script>\n<!-- \/ Yoast SEO plugin. -->","yoast_head_json":{"title":"Gridline 15 | Zentia","description":"Gridline 15 tiene un innovador dise\u00f1o de clip de acero inoxidable para una instalaci\u00f3n en el techo eficiente y sin costuras. Aprende m\u00e1s.","robots":{"index":"index","follow":"follow","max-snippet":"max-snippet:-1","max-image-preview":"max-image-preview:large","max-video-preview":"max-video-preview:-1"},"canonical":"https:\/\/www.zentia.com\/es-es\/soluciones\/productos\/sistemas-de-suspension\/gridline-15\/","og_locale":"es_ES","og_type":"article","og_title":"Gridline 15 | Zentia","og_description":"Gridline 15 tiene un innovador dise\u00f1o de clip de acero inoxidable para una instalaci\u00f3n en el techo eficiente y sin costuras. Aprende m\u00e1s.","og_url":"https:\/\/www.zentia.com\/es-es\/soluciones\/productos\/sistemas-de-suspension\/gridline-15\/","og_site_name":"Zentia","article_modified_time":"2025-12-22T08:42:35+00:00","twitter_card":"summary_large_image","schema":{"@context":"https:\/\/schema.org","@graph":[{"@type":"WebPage","@id":"https:\/\/www.zentia.com\/es-es\/soluciones\/productos\/sistemas-de-suspension\/gridline-15\/","url":"https:\/\/www.zentia.com\/es-es\/soluciones\/productos\/sistemas-de-suspension\/gridline-15\/","name":"Gridline 15 | Zentia","isPartOf":{"@id":"https:\/\/www.zentia.com\/es-es\/#website"},"datePublished":"2024-03-14T08:21:08+00:00","dateModified":"2025-12-22T08:42:35+00:00","description":"Gridline 15 tiene un innovador dise\u00f1o de clip de acero inoxidable para una instalaci\u00f3n en el techo eficiente y sin costuras. Aprende m\u00e1s.","breadcrumb":{"@id":"https:\/\/www.zentia.com\/es-es\/soluciones\/productos\/sistemas-de-suspension\/gridline-15\/#breadcrumb"},"inLanguage":"es","potentialAction":[{"@type":"ReadAction","target":["https:\/\/www.zentia.com\/es-es\/soluciones\/productos\/sistemas-de-suspension\/gridline-15\/"]}]},{"@type":"BreadcrumbList","@id":"https:\/\/www.zentia.com\/es-es\/soluciones\/productos\/sistemas-de-suspension\/gridline-15\/#breadcrumb","itemListElement":[{"@type":"ListItem","position":1,"name":"Inicio","item":"https:\/\/www.zentia.com\/es-es\/"},{"@type":"ListItem","position":2,"name":"Gridline 15"}]},{"@type":"WebSite","@id":"https:\/\/www.zentia.com\/es-es\/#website","url":"https:\/\/www.zentia.com\/es-es\/","name":"Zentia","description":"","potentialAction":[{"@type":"SearchAction","target":{"@type":"EntryPoint","urlTemplate":"https:\/\/www.zentia.com\/es-es\/?s={search_term_string}"},"query-input":{"@type":"PropertyValueSpecification","valueRequired":true,"valueName":"search_term_string"}}],"inLanguage":"es"}]}},"_links":{"self":[{"href":"https:\/\/www.zentia.com\/es-es\/wp-json\/wp\/v2\/product\/7507","targetHints":{"allow":["GET"]}}],"collection":[{"href":"https:\/\/www.zentia.com\/es-es\/wp-json\/wp\/v2\/product"}],"about":[{"href":"https:\/\/www.zentia.com\/es-es\/wp-json\/wp\/v2\/types\/product"}],"acf:post":[{"embeddable":true,"href":"https:\/\/www.zentia.com\/es-es\/wp-json\/wp\/v2\/download\/2983"}],"wp:attachment":[{"href":"https:\/\/www.zentia.com\/es-es\/wp-json\/wp\/v2\/media?parent=7507"}],"wp:term":[{"taxonomy":"product-type","embeddable":true,"href":"https:\/\/www.zentia.com\/es-es\/wp-json\/wp\/v2\/product-type?post=7507"}],"curies":[{"name":"wp","href":"https:\/\/api.w.org\/{rel}","templated":true}]}}