{"id":7508,"date":"2024-03-14T08:22:07","date_gmt":"2024-03-14T08:22:07","guid":{"rendered":"https:\/\/www.zentia.com\/es-es\/?post_type=product&#038;p=7508"},"modified":"2025-12-22T08:42:25","modified_gmt":"2025-12-22T08:42:25","slug":"gridline-24-corrosive-resistant","status":"publish","type":"product","link":"https:\/\/www.zentia.com\/es-es\/soluciones\/productos\/sistemas-de-suspension\/gridline-24-corrosive-resistant\/","title":{"rendered":"Gridline 24 Corrosive Resistant"},"featured_media":0,"parent":0,"template":"","product-type":[746],"class_list":["post-7508","product","type-product","status-publish","hentry","product-family-category-gridline-24-corrosive-resistant-butt-cut-cross-tees","product-family-category-gridline-24-corrosive-resistant-main-runners","product-type-sistemas-de-suspension","grid-appearance-exposed","product-colour-global-white","product-sizes-1200mm-l-x-24mm-w-x-38mm-t","solution-finder-toggle-x"],"acf":{"hero":{"title":"Gridline 24 Corrosive Resistant","sub_label":"","introduction":"Gridline 24 Corrosive Resistant es un sistema de perfiler\u00eda vista de 24 mm para ambientes de alta humedad. Con un innovador dise\u00f1o de clip de acero inoxidable que hace que la instalaci\u00f3n de perfiles primarios y perfiles secundarios sea m\u00e1s f\u00e1cil que nunca, Gridline 24 Corrosive Resistant es compatible con sistemas de perfiler\u00eda de corte recto y con remonte.\r\n\r\nLa perfiler\u00eda resistente a la corrosi\u00f3n Gridline 24 tiene un acabado especial de pintura de poli\u00e9ster secado al horno y un cuerpo de aluminio para una mayor resistencia a la corrosi\u00f3n. Es ideal para interiores con niveles de humedad muy altos como zonas de ducha y cocinas comerciales. Gridline 24 Corrosive Resistant est\u00e1 certificado como clase de durabilidad C seg\u00fan la norma (EN 13964:2014).\r\n<ul>\r\n \t<li><strong>Resistencia a la corrosi\u00f3n mejorada: <\/strong>acabado con una revestimiento de pintura especial para un mejor rendimiento en interiores con alta humedad<\/li>\r\n \t<li><strong>Ergonom\u00eda Mejorada : <\/strong>Instale la perfiler\u00eda de una forma m\u00e1s r\u00e1pida y sencilla<\/li>\r\n \t<li><strong>Pesta\u00f1a de desbloqueo r\u00e1pido :<\/strong> R\u00e1pido desmontaje de los perfiles secundarios para mantenimiento y acceso a instalaciones.<\/li>\r\n \t<li><strong>Doble cosido para mayor Resistencia a la torsi\u00f3n :<\/strong> Mejorado doble cosido \u00a0que hace que Gridline 24 Resistente a la Corrosi\u00f3n sea m\u00e1s resistente a la torsi\u00f3n y a las deformaciones durante la instalaci\u00f3n y el desmontaje.<\/li>\r\n \t<li><strong>Garant\u00eda del Sistema de 30 a\u00f1os : <\/strong>Gridline 24 Resistente a la Corrosi\u00f3n est\u00e1 disponible con una garant\u00eda del sistema de 30 a\u00f1os cuando se instala con placas de falso techo de Zentia.<\/li>\r\n<\/ul>","introduction_short":"Gridline 24 Corrosive Resistant es un sistema de perfiler\u00eda vista de 24 mm para ambientes de alta humedad. Con un innovador dise\u00f1o de clip de acero inoxidable que hace que la instalaci\u00f3n de perfiles primarios y perfiles secundarios sea m\u00e1s f\u00e1cil que nunca, Gridline 24 Corrosive Resistant es compatible con sistemas de perfiler\u00eda de corte recto y con remonte.","gallery":[7547],"datasheet":"","video_url":"","space_bottom":false},"images":null,"product_variant_alt_toggle":true,"product_variant":[{"edge_detail":"Perfiles Primarios ","product_image":"","variant_information":"Los perfiles primarios resistentes a la corrosi\u00f3n Gridline 24 con clips de acero inoxidable SureLock aseguran la conexi\u00f3n del perfil primario para una mejor alineaci\u00f3n y desmontaje m\u00e1s f\u00e1cil. El dise\u00f1o en forma de pico proporciona mayor resistencia y estabilidad, adem\u00e1s de ser m\u00e1s f\u00e1cil de cortar en obra.","variant_additional_information":"<h2>Sistema de perfiles Gridline 24 Corrosive Resistant para falso techo<\/h2>\r\n<h3>Caracter\u00edsticas T\u00e9cnicas<\/h3>\r\n<strong>Placas de Falso Techo Compatibles <\/strong>\r\n\r\nLa perfiler\u00eda met\u00e1lica resistente a la corrosi\u00f3n Gridline 24 es compatible con las placas de falso techo con canto Tegular24, as\u00ed como placas con canto recto Board.\r\n\r\n<strong>Sostenibilidad<\/strong>\r\n\r\nGridline 24 Corrosive Resistant contiene un 25% de material reciclado y es 100% reciclable. Est\u00e1 certificada E1 de emisiones de formaldehido seg\u00fan la norma (EN 13964:2014).\r\n\r\n<strong>Protecci\u00f3n contra el fuego <\/strong>\r\n\r\nGridline 24 Corrosive Resistant est\u00e1 certificada con la Euroclass A1 seg\u00fan la norma EN 13501-1.","sub_variants":[{"edge_detail":"Gridline 24 Corrosive Resistant Main Runners","images":[{"image":6795}],"cls_item_number":"BPGMR243600CR","cls_description":"Gridline 24 Corrosive Resistant Main Runners","shortcode":"MR243600CR","dimensions":"3600mm (L) x 24mm (W) x 38mm (T)","colour_text":"","colour_select":[951],"surface_sifyb":"Gridline 24 Corrosive Resistant Main Runners","recyclable":"","recycled_content":"","recyclable_through_zentia":"","cleanability_types":"","clean_room_classification":"","cradle_two_cradle_certification":"","durability":"","humidity_resistance_rh":"","light_reflectance":"","fire_reaction_en135011":"","iac_level":"","material":"","rout_slot_spacing_and_uom":"","cross_tee_main_runner_interface":"","corrosive_resistant":"","fire_performance":"","clean_room":"","end_detail":"","formaldehyde_emissions":"","low_voc_emissions":"","sound_absorption":"","sound_absorption_class":"","sound_reduction_index":"","sound_attenuation":"","sound_absorption_nrc":"","compatible_grid_product_code":"","floating_ceiling_frame_product_code":"","installation_accessories":"ACR7890","accessories":[{"code":"ACR7890"}]}],"override_related_items":false,"related_project_gallery":null,"related_faqs":null,"related_products":null,"related_documents_and_downloads":null,"download_all_documents":null},{"edge_detail":"Perfil Secundario - de corte recto","product_image":"","variant_information":"Los perfiles secundarios de corte recto resistentes a la corrosi\u00f3n Gridline 24 cuentan con un clip de acero inoxidable dise\u00f1ado para una instalaci\u00f3n m\u00e1s f\u00e1cil, una mejor alineaci\u00f3n y una conexi\u00f3n de click audible . ","variant_additional_information":"<h2>Sistema de perfiles Gridline 24 Corrosive Resistant para falso techo<\/h2>\r\n<h3>Caracter\u00edsticas T\u00e9cnicas<\/h3>\r\n<strong>Placas de Falso Techo Compatibles <\/strong>\r\n\r\nLa perfiler\u00eda met\u00e1lica resistente a la corrosi\u00f3n Gridline 24 es compatible con las placas de falso techo con canto Tegular24, as\u00ed como placas con canto recto Board.\r\n\r\n<strong>Sostenibilidad<\/strong>\r\n\r\nGridline 24 Corrosive Resistant contiene un 25% de material reciclado y es 100% reciclable. Est\u00e1 certificada E1 de emisiones de formaldehido seg\u00fan la norma (EN 13964:2014).\r\n\r\n<strong>Protecci\u00f3n contra el fuego <\/strong>\r\n\r\nGridline 24 Corrosive Resistant est\u00e1 certificada con la Euroclass A1 seg\u00fan la norma EN 13501-1.","sub_variants":[{"edge_detail":"Gridline 24 Corrosive Resistant Butt Cut Cross Tees","images":[{"image":6795}],"cls_item_number":"BPGXTB24600CR","cls_description":"Gridline 24 Corrosive Resistant Cross Tees","shortcode":"XTB24600CR","dimensions":"600mm (L) x 24mm (W) x 38mm (T)","colour_text":"","colour_select":[951],"surface_sifyb":"Gridline 24 Corrosive Resistant Butt Cut Cross Tees","recyclable":"","recycled_content":"","recyclable_through_zentia":"","cleanability_types":"","clean_room_classification":"","cradle_two_cradle_certification":"","durability":"","humidity_resistance_rh":"","light_reflectance":"","fire_reaction_en135011":"","iac_level":"","material":"","rout_slot_spacing_and_uom":"","cross_tee_main_runner_interface":"","corrosive_resistant":"","fire_performance":"","clean_room":"","end_detail":"","formaldehyde_emissions":"","low_voc_emissions":"","sound_absorption":"","sound_absorption_class":"","sound_reduction_index":"","sound_attenuation":"","sound_absorption_nrc":"","compatible_grid_product_code":"","floating_ceiling_frame_product_code":"","installation_accessories":"ACR7890","accessories":[{"code":"ACR7890"}]},{"edge_detail":"Gridline 24 Corrosive Resistant Butt Cut Cross Tees","images":[{"image":6795}],"cls_item_number":"BPGXTB241200CR","cls_description":"Gridline 24 Corrosive Resistant Cross Tees","shortcode":"XTB241200CR","dimensions":"600mm (L) x 24mm (W) x 38mm (T)","colour_text":"","colour_select":[951],"surface_sifyb":"Gridline 24 Corrosive Resistant Butt Cut Cross Tees","recyclable":"","recycled_content":"","recyclable_through_zentia":"","cleanability_types":"","clean_room_classification":"","cradle_two_cradle_certification":"","durability":"","humidity_resistance_rh":"","light_reflectance":"","fire_reaction_en135011":"","iac_level":"","material":"","rout_slot_spacing_and_uom":"","cross_tee_main_runner_interface":"","corrosive_resistant":"","fire_performance":"","clean_room":"","end_detail":"","formaldehyde_emissions":"","low_voc_emissions":"","sound_absorption":"","sound_absorption_class":"","sound_reduction_index":"","sound_attenuation":"","sound_absorption_nrc":"","compatible_grid_product_code":"","floating_ceiling_frame_product_code":"","installation_accessories":"ACR7890","accessories":[{"code":"ACR7890"}]}],"override_related_items":false,"related_project_gallery":null,"related_faqs":null,"related_products":null,"related_documents_and_downloads":null,"download_all_documents":null}],"import_data":"","file_label":"Descargar ficha t\u00e9cnica","file":8450,"warranties":null,"product_manuals":null,"nbs":"","documents_downloads_title":"Documentos relacionados","related_documents_and_downloads":[2983],"download_bim":"","download_all_documents":"","listing_label":"Nuevo producto","solution_finder_toggle":false,"solution_finder_intro":"","solution_finder_points":null,"template":{"":null,"related_project_gallery":"","template_faq":[7591,7593,7594],"space_bottom":false,"related_products_title":"Productos relacionados","related_products":[7507,7506,7509],"hide_form":false}},"yoast_head":"<!-- This site is optimized with the Yoast SEO plugin v27.3 - https:\/\/yoast.com\/product\/yoast-seo-wordpress\/ -->\n<title>Gridline 24 Corrosive Resistant | Zentia<\/title>\n<meta name=\"description\" content=\"Gridline 24 Corrosive Resistance es un sistema de rejilla expuesta de 24 mm para ambientes de mayor humedad. Saber m\u00e1s.\" \/>\n<meta name=\"robots\" content=\"index, follow, max-snippet:-1, max-image-preview:large, max-video-preview:-1\" \/>\n<link rel=\"canonical\" href=\"https:\/\/www.zentia.com\/es-es\/soluciones\/productos\/sistemas-de-suspension\/gridline-24-corrosive-resistant\/\" \/>\n<meta property=\"og:locale\" content=\"es_ES\" \/>\n<meta property=\"og:type\" content=\"article\" \/>\n<meta property=\"og:title\" content=\"Gridline 24 Corrosive Resistant | Zentia\" \/>\n<meta property=\"og:description\" content=\"Gridline 24 Corrosive Resistance es un sistema de rejilla expuesta de 24 mm para ambientes de mayor humedad. Saber m\u00e1s.\" \/>\n<meta property=\"og:url\" content=\"https:\/\/www.zentia.com\/es-es\/soluciones\/productos\/sistemas-de-suspension\/gridline-24-corrosive-resistant\/\" \/>\n<meta property=\"og:site_name\" content=\"Zentia\" \/>\n<meta property=\"article:modified_time\" content=\"2025-12-22T08:42:25+00:00\" \/>\n<meta name=\"twitter:card\" content=\"summary_large_image\" \/>\n<script type=\"application\/ld+json\" class=\"yoast-schema-graph\">{\"@context\":\"https:\\\/\\\/schema.org\",\"@graph\":[{\"@type\":\"WebPage\",\"@id\":\"https:\\\/\\\/www.zentia.com\\\/es-es\\\/soluciones\\\/productos\\\/sistemas-de-suspension\\\/gridline-24-corrosive-resistant\\\/\",\"url\":\"https:\\\/\\\/www.zentia.com\\\/es-es\\\/soluciones\\\/productos\\\/sistemas-de-suspension\\\/gridline-24-corrosive-resistant\\\/\",\"name\":\"Gridline 24 Corrosive Resistant | Zentia\",\"isPartOf\":{\"@id\":\"https:\\\/\\\/www.zentia.com\\\/es-es\\\/#website\"},\"datePublished\":\"2024-03-14T08:22:07+00:00\",\"dateModified\":\"2025-12-22T08:42:25+00:00\",\"description\":\"Gridline 24 Corrosive Resistance es un sistema de rejilla expuesta de 24 mm para ambientes de mayor humedad. Saber m\u00e1s.\",\"breadcrumb\":{\"@id\":\"https:\\\/\\\/www.zentia.com\\\/es-es\\\/soluciones\\\/productos\\\/sistemas-de-suspension\\\/gridline-24-corrosive-resistant\\\/#breadcrumb\"},\"inLanguage\":\"es\",\"potentialAction\":[{\"@type\":\"ReadAction\",\"target\":[\"https:\\\/\\\/www.zentia.com\\\/es-es\\\/soluciones\\\/productos\\\/sistemas-de-suspension\\\/gridline-24-corrosive-resistant\\\/\"]}]},{\"@type\":\"BreadcrumbList\",\"@id\":\"https:\\\/\\\/www.zentia.com\\\/es-es\\\/soluciones\\\/productos\\\/sistemas-de-suspension\\\/gridline-24-corrosive-resistant\\\/#breadcrumb\",\"itemListElement\":[{\"@type\":\"ListItem\",\"position\":1,\"name\":\"Inicio\",\"item\":\"https:\\\/\\\/www.zentia.com\\\/es-es\\\/\"},{\"@type\":\"ListItem\",\"position\":2,\"name\":\"Gridline 24 Corrosive Resistant\"}]},{\"@type\":\"WebSite\",\"@id\":\"https:\\\/\\\/www.zentia.com\\\/es-es\\\/#website\",\"url\":\"https:\\\/\\\/www.zentia.com\\\/es-es\\\/\",\"name\":\"Zentia\",\"description\":\"\",\"potentialAction\":[{\"@type\":\"SearchAction\",\"target\":{\"@type\":\"EntryPoint\",\"urlTemplate\":\"https:\\\/\\\/www.zentia.com\\\/es-es\\\/?s={search_term_string}\"},\"query-input\":{\"@type\":\"PropertyValueSpecification\",\"valueRequired\":true,\"valueName\":\"search_term_string\"}}],\"inLanguage\":\"es\"}]}<\/script>\n<!-- \/ Yoast SEO plugin. -->","yoast_head_json":{"title":"Gridline 24 Corrosive Resistant | Zentia","description":"Gridline 24 Corrosive Resistance es un sistema de rejilla expuesta de 24 mm para ambientes de mayor humedad. Saber m\u00e1s.","robots":{"index":"index","follow":"follow","max-snippet":"max-snippet:-1","max-image-preview":"max-image-preview:large","max-video-preview":"max-video-preview:-1"},"canonical":"https:\/\/www.zentia.com\/es-es\/soluciones\/productos\/sistemas-de-suspension\/gridline-24-corrosive-resistant\/","og_locale":"es_ES","og_type":"article","og_title":"Gridline 24 Corrosive Resistant | Zentia","og_description":"Gridline 24 Corrosive Resistance es un sistema de rejilla expuesta de 24 mm para ambientes de mayor humedad. Saber m\u00e1s.","og_url":"https:\/\/www.zentia.com\/es-es\/soluciones\/productos\/sistemas-de-suspension\/gridline-24-corrosive-resistant\/","og_site_name":"Zentia","article_modified_time":"2025-12-22T08:42:25+00:00","twitter_card":"summary_large_image","schema":{"@context":"https:\/\/schema.org","@graph":[{"@type":"WebPage","@id":"https:\/\/www.zentia.com\/es-es\/soluciones\/productos\/sistemas-de-suspension\/gridline-24-corrosive-resistant\/","url":"https:\/\/www.zentia.com\/es-es\/soluciones\/productos\/sistemas-de-suspension\/gridline-24-corrosive-resistant\/","name":"Gridline 24 Corrosive Resistant | Zentia","isPartOf":{"@id":"https:\/\/www.zentia.com\/es-es\/#website"},"datePublished":"2024-03-14T08:22:07+00:00","dateModified":"2025-12-22T08:42:25+00:00","description":"Gridline 24 Corrosive Resistance es un sistema de rejilla expuesta de 24 mm para ambientes de mayor humedad. Saber m\u00e1s.","breadcrumb":{"@id":"https:\/\/www.zentia.com\/es-es\/soluciones\/productos\/sistemas-de-suspension\/gridline-24-corrosive-resistant\/#breadcrumb"},"inLanguage":"es","potentialAction":[{"@type":"ReadAction","target":["https:\/\/www.zentia.com\/es-es\/soluciones\/productos\/sistemas-de-suspension\/gridline-24-corrosive-resistant\/"]}]},{"@type":"BreadcrumbList","@id":"https:\/\/www.zentia.com\/es-es\/soluciones\/productos\/sistemas-de-suspension\/gridline-24-corrosive-resistant\/#breadcrumb","itemListElement":[{"@type":"ListItem","position":1,"name":"Inicio","item":"https:\/\/www.zentia.com\/es-es\/"},{"@type":"ListItem","position":2,"name":"Gridline 24 Corrosive Resistant"}]},{"@type":"WebSite","@id":"https:\/\/www.zentia.com\/es-es\/#website","url":"https:\/\/www.zentia.com\/es-es\/","name":"Zentia","description":"","potentialAction":[{"@type":"SearchAction","target":{"@type":"EntryPoint","urlTemplate":"https:\/\/www.zentia.com\/es-es\/?s={search_term_string}"},"query-input":{"@type":"PropertyValueSpecification","valueRequired":true,"valueName":"search_term_string"}}],"inLanguage":"es"}]}},"_links":{"self":[{"href":"https:\/\/www.zentia.com\/es-es\/wp-json\/wp\/v2\/product\/7508","targetHints":{"allow":["GET"]}}],"collection":[{"href":"https:\/\/www.zentia.com\/es-es\/wp-json\/wp\/v2\/product"}],"about":[{"href":"https:\/\/www.zentia.com\/es-es\/wp-json\/wp\/v2\/types\/product"}],"acf:post":[{"embeddable":true,"href":"https:\/\/www.zentia.com\/es-es\/wp-json\/wp\/v2\/download\/2983"}],"wp:attachment":[{"href":"https:\/\/www.zentia.com\/es-es\/wp-json\/wp\/v2\/media?parent=7508"}],"wp:term":[{"taxonomy":"product-type","embeddable":true,"href":"https:\/\/www.zentia.com\/es-es\/wp-json\/wp\/v2\/product-type?post=7508"}],"curies":[{"name":"wp","href":"https:\/\/api.w.org\/{rel}","templated":true}]}}