{"id":7509,"date":"2024-03-14T08:22:29","date_gmt":"2024-03-14T08:22:29","guid":{"rendered":"https:\/\/www.zentia.com\/es-es\/?post_type=product&#038;p=7509"},"modified":"2025-03-31T15:04:43","modified_gmt":"2025-03-31T14:04:43","slug":"gridline-system-z","status":"publish","type":"product","link":"https:\/\/www.zentia.com\/es-es\/soluciones\/productos\/sistemas-de-suspension\/gridline-system-z\/","title":{"rendered":"Gridline System Z"},"featured_media":0,"parent":0,"template":"","product-type":[746],"class_list":["post-7509","product","type-product","status-publish","hentry","product-family-category-gridline-system-z","product-type-sistemas-de-suspension","grid-appearance-concealed","product-material-steel","product-colour-global-white","product-sizes-1500mm-l-x-19mm-w-x-31mm-t","product-sizes-1500mm-l-x-24mm-w-x-38mm-t","product-sizes-1800mm-l-x-19mm-w-x-31mm-t","product-sizes-1800mm-l-x-24mm-w-x-38mm-t","product-sizes-2500mm-l-x-19mm-w-x-67mm-t","product-sizes-600mm-l-x-10mm-w-x-10mm-t","solution-finder-toggle-x"],"acf":{"hero":{"title":"Gridline System Z","sub_label":"","introduction":"Gridline System Z es un sistema de perfiler\u00eda para falso techo suspendido dise\u00f1ado para ayudar a crear una apariencia de techo m\u00e1s monol\u00edtica en los pasillos. Al integrarse con otras soluciones de techo Zentia, est\u00e1 dise\u00f1ado para usarse con placas de techo que ocultan y semiocultan la perfiler\u00eda.\r\n\r\nGridline System Z se puede instalar con Gridline 24 para una apariencia semioculta en instalaciones en diferentes espacios. Es ideal para tiendas, fabricaci\u00f3n industrial y \u00e1reas de transici\u00f3n.\r\n<ul>\r\n \t<li><strong>Acero Galvanizado:<\/strong> Para resistencia y durabilidad en instalaciones de pasillos.<\/li>\r\n \t<li><strong>Compatible con placas de falso techo<\/strong>: Oculte o semioculte la perfiler\u00eda del falso techo utilizando el bandas SL2 y otras placas de falso techo.<\/li>\r\n \t<li><strong>Garant\u00eda del Sistema de 30 a\u00f1os : <\/strong>Gridline System Z est\u00e1 disponible con una garant\u00eda del sistema de 30 a\u00f1os cuando se instala con placas de falso techo de Zentia<\/li>\r\n<\/ul>","introduction_short":"Gridline System Z es un sistema de perfiler\u00eda para falso techo suspendido dise\u00f1ado para ayudar a crear una apariencia de techo m\u00e1s monol\u00edtica en los pasillos. Al integrarse con otras soluciones de techo Zentia, est\u00e1 dise\u00f1ado para usarse con placas de techo que ocultan y semiocultan la perfiler\u00eda.\r\n\r\nGridline System Z se puede instalar con Gridline 24 para una apariencia semioculta en instalaciones en diferentes espacios. Es ideal para tiendas, fabricaci\u00f3n industrial y \u00e1reas de transici\u00f3n.","gallery":[3353],"datasheet":"","video_url":"","space_bottom":false},"images":null,"product_variant_alt_toggle":true,"product_variant":[{"edge_detail":"Gridline System Z L-Bar","product_image":"","variant_information":"El perfil L-Bar de System Z se puede utilizar con placas de falso techo con canto oculto.","variant_additional_information":"<h2>Gridline System Z Sistema de Perfiler\u00eda para Falso Techo<\/h2>\r\n<h3>Caracter\u00edsticas T\u00e9cnicas<\/h3>\r\n<strong>Placas de Falso Techo Compatibles <\/strong>\r\n\r\nGridline System Z Es compatible con bandas y placas de falso techo espec\u00edficas que ocultan la perfiler\u00eda.\r\n\r\n<strong>Sustainability<\/strong>\r\n\r\nCon un 25 % de contenido reciclado, Gridline System Z tambi\u00e9n es 100% reciclable y contribuye a pr\u00e1cticas sostenibles.\r\n\r\n<strong>Protecci\u00f3n contra el fuego <\/strong>\r\n\r\nGridline System Z est\u00e1 certificado Euroclass A1 seg\u00fan la norma EN 13501-1.","sub_variants":[{"edge_detail":"Gridline System Z L-Bar","images":[{"image":3353}],"cls_item_number":"BPCT700","cls_description":"Gridline System Z - L-Bar","shortcode":"CT700","dimensions":"600mm (L) x 10mm (W) x 10mm (T)","colour_text":"","colour_select":[951],"surface_sifyb":"","recyclable":"S\u00ed","recycled_content":"25%","recyclable_through_zentia":"","cleanability_types":"","clean_room_classification":"","cradle_two_cradle_certification":"","durability":"","humidity_resistance_rh":"","light_reflectance":"","fire_reaction_en135011":"A1","iac_level":"","material":"Acero","rout_slot_spacing_and_uom":"","cross_tee_main_runner_interface":"","corrosive_resistant":"","fire_performance":"","clean_room":"","end_detail":"","formaldehyde_emissions":"","low_voc_emissions":"","sound_absorption":"","sound_absorption_class":"","sound_reduction_index":"","sound_attenuation":"","sound_absorption_nrc":"","compatible_grid_product_code":"","floating_ceiling_frame_product_code":"","installation_accessories":"A1796*A829*AW950*-*-*-*-*-*-*-*-","accessories":[{"code":"A1796"},{"code":"A829"},{"code":"AW950"}]}],"override_related_items":false,"related_project_gallery":null,"related_faqs":null,"related_products":null,"related_documents_and_downloads":null,"download_all_documents":null},{"edge_detail":"Gridline System Z Z-Bar","product_image":"","variant_information":"El perfil Z-Bar de System Z ofrece una apariencia de perfiler\u00eda semioculta en los pasillos cuando se usa con bandas de falso techo con canto SL2.","variant_additional_information":"<h2>Gridline System Z Sistema de Perfiler\u00eda para Falso Techo<\/h2>\r\n<h3>Caracter\u00edsticas T\u00e9cnicas<\/h3>\r\n<strong>Placas de Falso Techo Compatibles <\/strong>\r\n\r\nGridline System Z Es compatible con bandas y placas de falso techo espec\u00edficas que ocultan la perfiler\u00eda.\r\n\r\n<strong>Sustainability<\/strong>\r\n\r\nCon un 25 % de contenido reciclado, Gridline System Z tambi\u00e9n es 100% reciclable y contribuye a pr\u00e1cticas sostenibles.\r\n\r\n<strong>Protecci\u00f3n contra el fuego <\/strong>\r\n\r\nGridline System Z est\u00e1 certificado Euroclass A1 seg\u00fan la norma EN 13501-1.","sub_variants":[{"edge_detail":"Gridline System Z Z-Bar","images":[{"image":3353}],"cls_item_number":"BPCZ41494K","cls_description":"Gridline System Z Z-Bar - 1500mm (L) x 19mm (W) x 31mm (H)","shortcode":"CZ41494J","dimensions":"1500mm (L) x 19mm (W) x 31mm (H)","colour_text":"","colour_select":[996],"surface_sifyb":"","recyclable":"S\u00ed","recycled_content":"","recyclable_through_zentia":"","cleanability_types":"","clean_room_classification":"","cradle_two_cradle_certification":"","durability":"","humidity_resistance_rh":"","light_reflectance":"","fire_reaction_en135011":"A1","iac_level":"","material":"Acero","rout_slot_spacing_and_uom":"","cross_tee_main_runner_interface":"","corrosive_resistant":"","fire_performance":"","clean_room":"","end_detail":"","formaldehyde_emissions":"","low_voc_emissions":"","sound_absorption":"","sound_absorption_class":"","sound_reduction_index":"","sound_attenuation":"","sound_absorption_nrc":"","compatible_grid_product_code":"","floating_ceiling_frame_product_code":"","installation_accessories":"","accessories":null},{"edge_detail":"Gridline System Z Z-Bar","images":[{"image":3353}],"cls_item_number":"BPCZ41794K","cls_description":"Gridline System Z Z-Bar - 1500mm (L) x 19mm (W) x 31mm (H)","shortcode":"CZ41794K","dimensions":"1800mm (L) x 19mm (W) x 31mm (H)","colour_text":"","colour_select":[996],"surface_sifyb":"","recyclable":"S\u00ed","recycled_content":"","recyclable_through_zentia":"","cleanability_types":"","clean_room_classification":"","cradle_two_cradle_certification":"","durability":"","humidity_resistance_rh":"","light_reflectance":"","fire_reaction_en135011":"A1","iac_level":"","material":"Acero","rout_slot_spacing_and_uom":"","cross_tee_main_runner_interface":"","corrosive_resistant":"","fire_performance":"","clean_room":"","end_detail":"","formaldehyde_emissions":"","low_voc_emissions":"","sound_absorption":"","sound_absorption_class":"","sound_reduction_index":"","sound_attenuation":"","sound_absorption_nrc":"","compatible_grid_product_code":"","floating_ceiling_frame_product_code":"","installation_accessories":"","accessories":null},{"edge_detail":"Gridline System Z Z-Bar","images":[{"image":3353}],"cls_item_number":"BPCZ41795K","cls_description":"Gridline System Z Z-Bar - 1500mm (L) x 19mm (W) x 31mm (H)","shortcode":"CZ41795K","dimensions":"2500mm (L) x 19mm (W) x 67mm (H)","colour_text":"","colour_select":[996],"surface_sifyb":"","recyclable":"S\u00ed","recycled_content":"","recyclable_through_zentia":"","cleanability_types":"","clean_room_classification":"","cradle_two_cradle_certification":"","durability":"","humidity_resistance_rh":"","light_reflectance":"","fire_reaction_en135011":"A1","iac_level":"","material":"Acero","rout_slot_spacing_and_uom":"","cross_tee_main_runner_interface":"","corrosive_resistant":"","fire_performance":"","clean_room":"","end_detail":"","formaldehyde_emissions":"","low_voc_emissions":"","sound_absorption":"","sound_absorption_class":"","sound_reduction_index":"","sound_attenuation":"","sound_absorption_nrc":"","compatible_grid_product_code":"","floating_ceiling_frame_product_code":"","installation_accessories":"","accessories":null}],"override_related_items":false,"related_project_gallery":null,"related_faqs":null,"related_products":null,"related_documents_and_downloads":null,"download_all_documents":null}],"import_data":"","file_label":"Descargar Ficha T\u00e9cnica","file":8484,"warranties":null,"product_manuals":null,"nbs":"","documents_downloads_title":"","related_documents_and_downloads":"","download_bim":"","download_all_documents":"","listing_label":"","solution_finder_toggle":false,"solution_finder_intro":"","solution_finder_points":null,"template":{"":null,"related_project_gallery":"","template_faq":[7595,7596],"space_bottom":false,"related_products_title":"Productos relacionados","related_products":[7507,7506,7508],"hide_form":false}},"yoast_head":"<!-- This site is optimized with the Yoast SEO plugin v27.4 - https:\/\/yoast.com\/product\/yoast-seo-wordpress\/ -->\n<title>Gridline System Z | Zentia<\/title>\n<meta name=\"description\" content=\"Gridline System Z es un sistema de rejilla para techo suspendido dise\u00f1ado para ayudar a crear una apariencia de techo m\u00e1s monol\u00edtica en los pasillos. Aprende m\u00e1s.\" \/>\n<meta name=\"robots\" content=\"index, follow, max-snippet:-1, max-image-preview:large, max-video-preview:-1\" \/>\n<link rel=\"canonical\" href=\"https:\/\/www.zentia.com\/es-es\/soluciones\/productos\/sistemas-de-suspension\/gridline-system-z\/\" \/>\n<meta property=\"og:locale\" content=\"es_ES\" \/>\n<meta property=\"og:type\" content=\"article\" \/>\n<meta property=\"og:title\" content=\"Gridline System Z | Zentia\" \/>\n<meta property=\"og:description\" content=\"Gridline System Z es un sistema de rejilla para techo suspendido dise\u00f1ado para ayudar a crear una apariencia de techo m\u00e1s monol\u00edtica en los pasillos. Aprende m\u00e1s.\" \/>\n<meta property=\"og:url\" content=\"https:\/\/www.zentia.com\/es-es\/soluciones\/productos\/sistemas-de-suspension\/gridline-system-z\/\" \/>\n<meta property=\"og:site_name\" content=\"Zentia\" \/>\n<meta property=\"article:modified_time\" content=\"2025-03-31T14:04:43+00:00\" \/>\n<meta name=\"twitter:card\" content=\"summary_large_image\" \/>\n<script type=\"application\/ld+json\" class=\"yoast-schema-graph\">{\"@context\":\"https:\\\/\\\/schema.org\",\"@graph\":[{\"@type\":\"WebPage\",\"@id\":\"https:\\\/\\\/www.zentia.com\\\/es-es\\\/soluciones\\\/productos\\\/sistemas-de-suspension\\\/gridline-system-z\\\/\",\"url\":\"https:\\\/\\\/www.zentia.com\\\/es-es\\\/soluciones\\\/productos\\\/sistemas-de-suspension\\\/gridline-system-z\\\/\",\"name\":\"Gridline System Z | Zentia\",\"isPartOf\":{\"@id\":\"https:\\\/\\\/www.zentia.com\\\/es-es\\\/#website\"},\"datePublished\":\"2024-03-14T08:22:29+00:00\",\"dateModified\":\"2025-03-31T14:04:43+00:00\",\"description\":\"Gridline System Z es un sistema de rejilla para techo suspendido dise\u00f1ado para ayudar a crear una apariencia de techo m\u00e1s monol\u00edtica en los pasillos. Aprende m\u00e1s.\",\"breadcrumb\":{\"@id\":\"https:\\\/\\\/www.zentia.com\\\/es-es\\\/soluciones\\\/productos\\\/sistemas-de-suspension\\\/gridline-system-z\\\/#breadcrumb\"},\"inLanguage\":\"es\",\"potentialAction\":[{\"@type\":\"ReadAction\",\"target\":[\"https:\\\/\\\/www.zentia.com\\\/es-es\\\/soluciones\\\/productos\\\/sistemas-de-suspension\\\/gridline-system-z\\\/\"]}]},{\"@type\":\"BreadcrumbList\",\"@id\":\"https:\\\/\\\/www.zentia.com\\\/es-es\\\/soluciones\\\/productos\\\/sistemas-de-suspension\\\/gridline-system-z\\\/#breadcrumb\",\"itemListElement\":[{\"@type\":\"ListItem\",\"position\":1,\"name\":\"Inicio\",\"item\":\"https:\\\/\\\/www.zentia.com\\\/es-es\\\/\"},{\"@type\":\"ListItem\",\"position\":2,\"name\":\"Gridline System Z\"}]},{\"@type\":\"WebSite\",\"@id\":\"https:\\\/\\\/www.zentia.com\\\/es-es\\\/#website\",\"url\":\"https:\\\/\\\/www.zentia.com\\\/es-es\\\/\",\"name\":\"Zentia\",\"description\":\"\",\"potentialAction\":[{\"@type\":\"SearchAction\",\"target\":{\"@type\":\"EntryPoint\",\"urlTemplate\":\"https:\\\/\\\/www.zentia.com\\\/es-es\\\/?s={search_term_string}\"},\"query-input\":{\"@type\":\"PropertyValueSpecification\",\"valueRequired\":true,\"valueName\":\"search_term_string\"}}],\"inLanguage\":\"es\"}]}<\/script>\n<!-- \/ Yoast SEO plugin. -->","yoast_head_json":{"title":"Gridline System Z | Zentia","description":"Gridline System Z es un sistema de rejilla para techo suspendido dise\u00f1ado para ayudar a crear una apariencia de techo m\u00e1s monol\u00edtica en los pasillos. Aprende m\u00e1s.","robots":{"index":"index","follow":"follow","max-snippet":"max-snippet:-1","max-image-preview":"max-image-preview:large","max-video-preview":"max-video-preview:-1"},"canonical":"https:\/\/www.zentia.com\/es-es\/soluciones\/productos\/sistemas-de-suspension\/gridline-system-z\/","og_locale":"es_ES","og_type":"article","og_title":"Gridline System Z | Zentia","og_description":"Gridline System Z es un sistema de rejilla para techo suspendido dise\u00f1ado para ayudar a crear una apariencia de techo m\u00e1s monol\u00edtica en los pasillos. Aprende m\u00e1s.","og_url":"https:\/\/www.zentia.com\/es-es\/soluciones\/productos\/sistemas-de-suspension\/gridline-system-z\/","og_site_name":"Zentia","article_modified_time":"2025-03-31T14:04:43+00:00","twitter_card":"summary_large_image","schema":{"@context":"https:\/\/schema.org","@graph":[{"@type":"WebPage","@id":"https:\/\/www.zentia.com\/es-es\/soluciones\/productos\/sistemas-de-suspension\/gridline-system-z\/","url":"https:\/\/www.zentia.com\/es-es\/soluciones\/productos\/sistemas-de-suspension\/gridline-system-z\/","name":"Gridline System Z | Zentia","isPartOf":{"@id":"https:\/\/www.zentia.com\/es-es\/#website"},"datePublished":"2024-03-14T08:22:29+00:00","dateModified":"2025-03-31T14:04:43+00:00","description":"Gridline System Z es un sistema de rejilla para techo suspendido dise\u00f1ado para ayudar a crear una apariencia de techo m\u00e1s monol\u00edtica en los pasillos. Aprende m\u00e1s.","breadcrumb":{"@id":"https:\/\/www.zentia.com\/es-es\/soluciones\/productos\/sistemas-de-suspension\/gridline-system-z\/#breadcrumb"},"inLanguage":"es","potentialAction":[{"@type":"ReadAction","target":["https:\/\/www.zentia.com\/es-es\/soluciones\/productos\/sistemas-de-suspension\/gridline-system-z\/"]}]},{"@type":"BreadcrumbList","@id":"https:\/\/www.zentia.com\/es-es\/soluciones\/productos\/sistemas-de-suspension\/gridline-system-z\/#breadcrumb","itemListElement":[{"@type":"ListItem","position":1,"name":"Inicio","item":"https:\/\/www.zentia.com\/es-es\/"},{"@type":"ListItem","position":2,"name":"Gridline System Z"}]},{"@type":"WebSite","@id":"https:\/\/www.zentia.com\/es-es\/#website","url":"https:\/\/www.zentia.com\/es-es\/","name":"Zentia","description":"","potentialAction":[{"@type":"SearchAction","target":{"@type":"EntryPoint","urlTemplate":"https:\/\/www.zentia.com\/es-es\/?s={search_term_string}"},"query-input":{"@type":"PropertyValueSpecification","valueRequired":true,"valueName":"search_term_string"}}],"inLanguage":"es"}]}},"_links":{"self":[{"href":"https:\/\/www.zentia.com\/es-es\/wp-json\/wp\/v2\/product\/7509","targetHints":{"allow":["GET"]}}],"collection":[{"href":"https:\/\/www.zentia.com\/es-es\/wp-json\/wp\/v2\/product"}],"about":[{"href":"https:\/\/www.zentia.com\/es-es\/wp-json\/wp\/v2\/types\/product"}],"wp:attachment":[{"href":"https:\/\/www.zentia.com\/es-es\/wp-json\/wp\/v2\/media?parent=7509"}],"wp:term":[{"taxonomy":"product-type","embeddable":true,"href":"https:\/\/www.zentia.com\/es-es\/wp-json\/wp\/v2\/product-type?post=7509"}],"curies":[{"name":"wp","href":"https:\/\/api.w.org\/{rel}","templated":true}]}}