{"id":7825,"date":"2024-08-22T10:04:19","date_gmt":"2024-08-22T09:04:19","guid":{"rendered":"https:\/\/www.zentia.com\/es-es\/?post_type=product&#038;p=7825"},"modified":"2025-11-26T08:22:02","modified_gmt":"2025-11-26T08:22:02","slug":"prestige-colour","status":"publish","type":"product","link":"https:\/\/www.zentia.com\/es-es\/soluciones\/productos\/paneles-de-techo\/prestige-colour\/","title":{"rendered":"Prestige Colour"},"featured_media":0,"parent":0,"template":"","product-type":[652],"class_list":["post-7825","product","type-product","status-publish","hentry","product-family-category-prestige","product-type-paneles-de-techo","edge-detail-board","edge-detail-tegular24","sound-absorption-class-d","product-colour-black-ral-9005-bk1","product-colour-blue-ral-260-30-20-bl2","product-colour-blue-ral-260-50-25-bl3","product-colour-blue-ral-260-80-15-bl4","product-colour-blue-ral-260-90-05-bl5","product-colour-blue-ral-5015-bl1","product-colour-brown-ral-040-30-30-br2","product-colour-brown-ral-050-70-10-br4","product-colour-brown-ral-050-70-20-br3","product-colour-brown-ral-8004-br1","product-colour-green-ral-130-80-30-gr4","product-colour-green-ral-130-90-10-gr5","product-colour-green-ral-140-30-20-gr2","product-colour-green-ral-140-50-30-gr3","product-colour-green-ral-6037-gr1","product-colour-grey-ral-000-30-00-gy3","product-colour-grey-ral-000-65-00-gy2","product-colour-grey-ral-000-85-00-gy1","product-colour-orange-ral-050-80-30-or2","product-colour-orange-ral-050-90-10-or3","product-colour-orange-ral-2009-or1","product-colour-purple-ral-340-30-30-pu2","product-colour-purple-ral-340-60-35-pu3","product-colour-purple-ral-340-80-20-pu4","product-colour-purple-ral-340-90-05-pu5","product-colour-purple-ral-4006-pu1","product-colour-red-ral-010-90-10-re5","product-colour-red-ral-020-30-40-re2","product-colour-red-ral-020-60-40-re3","product-colour-red-ral-020-80-20-re4","product-colour-red-ral-3020-re1","product-colour-yellow-ral-075-80-40-ye2","product-colour-yellow-ral-080-90-10-ye3","product-colour-yellow-ral-1003-ye1","sound-absorption-alpha-0-85","sound-absorption-nrc-0-85","recycled-content-0-80","humidity-resistance-0-95"],"acf":{"hero":{"title":"Prestige Colour","sub_label":"","introduction":"Las placas de techo Prestige Color ofrecen la misma superficie duradera y de textura fina que Prestige, pero en una selecci\u00f3n de 34 colores. El color se puede utilizar de muchas maneras diferentes: para orientarse, zonificar espacios grandes, crear \u00e1reas , aumentar la productividad o simplemente dise\u00f1ar para disfrutar. Cualquiera que sean los objetivos de su proyecto, existe un techo Prestige Color para mejorar su dise\u00f1o de su proyecto.\r\n\r\nPrestige Colour ya est\u00e1 disponible en Nexus Layouts.\r\n\r\n<strong>Colores para mejorar el dise\u00f1o interior :<\/strong> Agregar color al techo puede hacer que los interiores parezcan m\u00e1s luminosos y modernos. Elija verdes, azules y marrones naturalistas para complementar un tema de biofilia, o divertidos tonos c\u00edtricos para crear una sensaci\u00f3n de alegr\u00eda.\r\n\r\n<strong>Class B de Absorci\u00f3n Ac\u00fastica : <\/strong>Las placas de techo Prestige Color brindan una absorci\u00f3n ac\u00fastica de hasta 0,85 \u03b1w, lo que las convierte en una soluci\u00f3n ideal para oficinas abiertas , restaurantes y m\u00e1s.\r\n\r\n<strong>Fabricado por Zentia :<\/strong> Las placas de techo de Aruba Color se fabrican en el nuestra propia f\u00e1brica y est\u00e1n disponible siempre en stock con un excelente servicio de entrega \u00a0<a href=\"https:\/\/www.zentia.com\/es-es\/pongase-en-contacto\/\">Click aqu\u00ed para solicitar informaci\u00f3n de distribuidores Zentia.<\/a>","introduction_short":"Las placas de techo Prestige Color ofrecen la misma superficie duradera y de textura fina que Prestige, pero en una selecci\u00f3n de 34 colores. El color se puede utilizar de muchas maneras diferentes: para orientarse, zonificar espacios grandes, crear \u00e1reas , aumentar la productividad o simplemente dise\u00f1ar para disfrutar. Cualquiera que sean los objetivos de su proyecto, existe un techo Prestige Color para mejorar su dise\u00f1o de su proyecto.\r\n\r\nPrestige Colour ya est\u00e1 disponible en Nexus Layouts.","gallery":[8759,7873,7871],"datasheet":"","video_url":"","space_bottom":false},"images":null,"product_variant_alt_toggle":true,"product_variant":[{"edge_detail":"Board","product_image":"","variant_information":"Las placas de techo Prestige Color cuentan con cantos rectos para una f\u00e1cil instalaci\u00f3n con los sistemas de perfiler\u00eda de techo de Zentia. Simplemente levante las placas Prestige Color y col\u00f3quelas en la perfileria para obtener un acabado liso y plano que exponga la perfileria met\u00e1lica. Este techo suspendido crea un m\u00f3dulo cuadrado, discreto y limpio en toda la sala. ","variant_additional_information":"<h2>Prestige Colour Suspended Ceiling Tiles<\/h2>\r\n<h3>Informaci\u00f3n T\u00e9cnica<\/h3>\r\n<strong>Ac\u00fastica<\/strong>\r\n\r\nLas placas de techo suspendido Prestige Colour ofrecen diferentes niveles de absorci\u00f3n ac\u00fastica seg\u00fan la cobertura de pintura:\r\n\r\n0,45 aw Clase D con 100 % de color\r\n0,50 aw Clase D con 75 % de color\r\n0,55 aw Clase D con 50 % de color\r\n0,60 (H) Clase D con 25 % de color\r\n\r\n<strong>Sostenibilidad<\/strong>\r\n\r\nLas placas Prestige Color contienen hasta un 76% de contenido reciclado. Las placas Prestige Color son reciclables al 100% y pueden reciclarse a trav\u00e9s del programa de reciclaje de Zentia.\r\n\r\nLas placas de techo Prestige Color disponen de una clasificaci\u00f3n E1 para emisiones de formaldeh\u00eddo y obtienen la certificaci\u00f3n Eurofins Indoor Air Comfort Gold por bajas emisiones de VOC (compuestos org\u00e1nicos vol\u00e1tiles).\r\n\r\n<strong>Seguridad contra incendios y otros detalles t\u00e9cnicos de rendimiento.<\/strong>\r\n\r\nLas placas de techo Prestige Color han sido clasificadas seg\u00fan la norma contra incendios EN 13501-1 y tienen una clasificaci\u00f3n A2-s1,d0. Esto significa que, en condiciones de un incendio completamente desarrollado, las placas para techo Prestige Color son ign\u00edfugas.\r\n\r\nEstas placas de techo disponen de una resistencia a la humedad del 95 % .","sub_variants":[{"edge_detail":"Board","images":[{"image":7870},{"image":7873},{"image":7871}],"cls_item_number":"BP8792M","cls_description":"Prestige Colour Board","shortcode":"8792M","dimensions":"600mm (W) x 600mm (L) x 20mm (T)","colour_text":"","colour_select":[1232,1249,1248,1247,1233,1234,1235,1236,1237,1242,1243,1244,1245,1246,1263,1264,1265,1250,1251,1252,1258,1259,1260,1261,1262,1253,1254,1255,1256,1257,1238,1239,1240,1241],"surface_sifyb":"Prestige Colour Board","recyclable":"","recycled_content":"76%","recyclable_through_zentia":"","cleanability_types":"","clean_room_classification":"","cradle_two_cradle_certification":"","durability":"","humidity_resistance_rh":"95%","light_reflectance":"","fire_reaction_en135011":"A2-s1,d0","iac_level":"","material":"","rout_slot_spacing_and_uom":"","cross_tee_main_runner_interface":"","corrosive_resistant":"","fire_performance":"","clean_room":"","end_detail":"","formaldehyde_emissions":"E1","low_voc_emissions":"","sound_absorption":"0.45","sound_absorption_class":"D con 100% color","sound_reduction_index":"","sound_attenuation":"","sound_absorption_nrc":"","compatible_grid_product_code":"","floating_ceiling_frame_product_code":"","installation_accessories":"","accessories":null},{"edge_detail":"Board","images":[{"image":7870},{"image":7873},{"image":7871}],"cls_item_number":"BP8794M","cls_description":"Prestige Colour Board","shortcode":"8794M","dimensions":"1200mm (W) x 600mm (L) x 20mm (T)","colour_text":"","colour_select":[1232,1249,1248,1247,1233,1234,1235,1236,1237,1242,1243,1244,1245,1246,1263,1264,1265,1250,1251,1252,1258,1259,1260,1261,1262,1253,1254,1255,1256,1257,1238,1239,1240,1241],"surface_sifyb":"Prestige Colour Board","recyclable":"","recycled_content":"76%","recyclable_through_zentia":"","cleanability_types":"","clean_room_classification":"","cradle_two_cradle_certification":"","durability":"","humidity_resistance_rh":"95%","light_reflectance":"","fire_reaction_en135011":"A2-s1,d0","iac_level":"","material":"","rout_slot_spacing_and_uom":"","cross_tee_main_runner_interface":"","corrosive_resistant":"","fire_performance":"","clean_room":"","end_detail":"","formaldehyde_emissions":"E1","low_voc_emissions":"","sound_absorption":"0.45","sound_absorption_class":"D con 100% color","sound_reduction_index":"","sound_attenuation":"","sound_absorption_nrc":"","compatible_grid_product_code":"","floating_ceiling_frame_product_code":"","installation_accessories":"","accessories":null}],"override_related_items":false,"related_project_gallery":null,"related_faqs":null,"related_products":null,"related_documents_and_downloads":null,"download_all_documents":null},{"edge_detail":"Tegular24","product_image":"","variant_information":"Para lograr un efecto m\u00e1s oculto en todo el techo, elija placas de techo suspendido Prestige Color con un detalle de borde Tegular24. Los bordes de Tegular24 permiten que las placas se apoyen escalonadas bajo la perfileria del techo, creando una sutil apariencia semi-vista con perfil de 24mm . ","variant_additional_information":"<h2>Prestige Colour Suspended Ceiling Tiles<\/h2>\r\n<h3>Informaci\u00f3n T\u00e9cnica<\/h3>\r\n<strong>Ac\u00fastica<\/strong>\r\n\r\nLas placas de techo suspendido Prestige Colour ofrecen diferentes niveles de absorci\u00f3n ac\u00fastica seg\u00fan la cobertura de pintura:\r\n\r\n0,45 aw Clase D con 100 % de color\r\n0,50 aw Clase D con 75 % de color\r\n0,55 aw Clase D con 50 % de color\r\n0,60 (H) Clase D con 25 % de color\r\n\r\n<strong>Sostenibilidad<\/strong>\r\n\r\nLas placas Prestige Color contienen hasta un 76% de contenido reciclado. Las placas Prestige Color son reciclables al 100% y pueden reciclarse a trav\u00e9s del programa de reciclaje de Zentia.\r\n\r\nLas placas de techo Prestige Color disponen de una clasificaci\u00f3n E1 para emisiones de formaldeh\u00eddo y obtienen la certificaci\u00f3n Eurofins Indoor Air Comfort Gold por bajas emisiones de VOC (compuestos org\u00e1nicos vol\u00e1tiles).\r\n\r\n<strong>Seguridad contra incendios y otros detalles t\u00e9cnicos de rendimiento.<\/strong>\r\n\r\nLas placas de techo Prestige Color han sido clasificadas seg\u00fan la norma contra incendios EN 13501-1 y tienen una clasificaci\u00f3n A2-s1,d0. Esto significa que, en condiciones de un incendio completamente desarrollado, las placas para techo Prestige Color son ign\u00edfugas.\r\n\r\nEstas placas de techo disponen de una resistencia a la humedad del 95 % .","sub_variants":[{"edge_detail":"Tegular24","images":[{"image":7870}],"cls_item_number":"BP8788M","cls_description":"Prestige Colour Board","shortcode":"8788M","dimensions":"600mm (W) x 600mm (L) x 20mm (T)","colour_text":"","colour_select":[1232,1249,1248,1247,1233,1234,1235,1236,1237,1242,1243,1244,1245,1246,1263,1264,1265,1250,1251,1252,1258,1259,1260,1261,1262,1253,1254,1255,1256,1257,1238,1239,1240,1241],"surface_sifyb":"Prestige Colour Board","recyclable":"","recycled_content":"76%","recyclable_through_zentia":"","cleanability_types":"","clean_room_classification":"","cradle_two_cradle_certification":"","durability":"","humidity_resistance_rh":"95%","light_reflectance":"","fire_reaction_en135011":"A2-s1,d0","iac_level":"","material":"","rout_slot_spacing_and_uom":"","cross_tee_main_runner_interface":"","corrosive_resistant":"","fire_performance":"","clean_room":"","end_detail":"","formaldehyde_emissions":"E1","low_voc_emissions":"","sound_absorption":"0.45","sound_absorption_class":"D con 100% color","sound_reduction_index":"","sound_attenuation":"","sound_absorption_nrc":"","compatible_grid_product_code":"","floating_ceiling_frame_product_code":"","installation_accessories":"","accessories":null},{"edge_detail":"Tegular24","images":[{"image":7870}],"cls_item_number":"BP8790M","cls_description":"Prestige Colour Board","shortcode":"8790M","dimensions":"1200mm (W) x 600mm (L) x 20mm (T)","colour_text":"","colour_select":[1232,1249,1248,1247,1233,1234,1235,1236,1237,1242,1243,1244,1245,1246,1263,1264,1265,1250,1251,1252,1258,1259,1260,1261,1262,1253,1254,1255,1256,1257,1238,1239,1240,1241],"surface_sifyb":"Prestige Colour Board","recyclable":"","recycled_content":"76%","recyclable_through_zentia":"","cleanability_types":"","clean_room_classification":"","cradle_two_cradle_certification":"","durability":"","humidity_resistance_rh":"95%","light_reflectance":"","fire_reaction_en135011":"A2-s1,d0","iac_level":"","material":"","rout_slot_spacing_and_uom":"","cross_tee_main_runner_interface":"","corrosive_resistant":"","fire_performance":"","clean_room":"","end_detail":"","formaldehyde_emissions":"E1","low_voc_emissions":"","sound_absorption":"0.45","sound_absorption_class":"D con 100% color","sound_reduction_index":"","sound_attenuation":"","sound_absorption_nrc":"","compatible_grid_product_code":"","floating_ceiling_frame_product_code":"","installation_accessories":"","accessories":null}],"override_related_items":false,"related_project_gallery":null,"related_faqs":null,"related_products":null,"related_documents_and_downloads":null,"download_all_documents":null}],"import_data":"","file_label":"Descargar ficha t\u00e9cnica","file":8774,"warranties":null,"product_manuals":null,"nbs":"","documents_downloads_title":"Documentos relacionados","related_documents_and_downloads":[8786,2983,3101,3105],"download_bim":"","download_all_documents":"","listing_label":"\u00a1NUEVO! Ya disponible en Nexus Layouts","solution_finder_toggle":false,"solution_finder_intro":"","solution_finder_points":null,"template":{"":null,"related_project_gallery":"","template_faq":[7943,7944,7945],"space_bottom":false,"related_products_title":"Productos relacionados","related_products":[6940,6941,6942,7320],"hide_form":false}},"yoast_head":"<!-- This site is optimized with the Yoast SEO plugin v27.5 - https:\/\/yoast.com\/product\/yoast-seo-wordpress\/ -->\n<title>Prestige Colour | Zentia<\/title>\n<meta name=\"robots\" content=\"index, follow, max-snippet:-1, max-image-preview:large, max-video-preview:-1\" \/>\n<link rel=\"canonical\" href=\"https:\/\/www.zentia.com\/es-es\/soluciones\/productos\/paneles-de-techo\/prestige-colour\/\" \/>\n<meta property=\"og:locale\" content=\"es_ES\" \/>\n<meta property=\"og:type\" content=\"article\" \/>\n<meta property=\"og:title\" content=\"Prestige Colour | Zentia\" \/>\n<meta property=\"og:url\" content=\"https:\/\/www.zentia.com\/es-es\/soluciones\/productos\/paneles-de-techo\/prestige-colour\/\" \/>\n<meta property=\"og:site_name\" content=\"Zentia\" \/>\n<meta property=\"article:modified_time\" content=\"2025-11-26T08:22:02+00:00\" \/>\n<meta name=\"twitter:card\" content=\"summary_large_image\" \/>\n<script type=\"application\/ld+json\" class=\"yoast-schema-graph\">{\"@context\":\"https:\\\/\\\/schema.org\",\"@graph\":[{\"@type\":\"WebPage\",\"@id\":\"https:\\\/\\\/www.zentia.com\\\/es-es\\\/soluciones\\\/productos\\\/paneles-de-techo\\\/prestige-colour\\\/\",\"url\":\"https:\\\/\\\/www.zentia.com\\\/es-es\\\/soluciones\\\/productos\\\/paneles-de-techo\\\/prestige-colour\\\/\",\"name\":\"Prestige Colour | Zentia\",\"isPartOf\":{\"@id\":\"https:\\\/\\\/www.zentia.com\\\/es-es\\\/#website\"},\"datePublished\":\"2024-08-22T09:04:19+00:00\",\"dateModified\":\"2025-11-26T08:22:02+00:00\",\"breadcrumb\":{\"@id\":\"https:\\\/\\\/www.zentia.com\\\/es-es\\\/soluciones\\\/productos\\\/paneles-de-techo\\\/prestige-colour\\\/#breadcrumb\"},\"inLanguage\":\"es\",\"potentialAction\":[{\"@type\":\"ReadAction\",\"target\":[\"https:\\\/\\\/www.zentia.com\\\/es-es\\\/soluciones\\\/productos\\\/paneles-de-techo\\\/prestige-colour\\\/\"]}]},{\"@type\":\"BreadcrumbList\",\"@id\":\"https:\\\/\\\/www.zentia.com\\\/es-es\\\/soluciones\\\/productos\\\/paneles-de-techo\\\/prestige-colour\\\/#breadcrumb\",\"itemListElement\":[{\"@type\":\"ListItem\",\"position\":1,\"name\":\"Inicio\",\"item\":\"https:\\\/\\\/www.zentia.com\\\/es-es\\\/\"},{\"@type\":\"ListItem\",\"position\":2,\"name\":\"Prestige Colour\"}]},{\"@type\":\"WebSite\",\"@id\":\"https:\\\/\\\/www.zentia.com\\\/es-es\\\/#website\",\"url\":\"https:\\\/\\\/www.zentia.com\\\/es-es\\\/\",\"name\":\"Zentia\",\"description\":\"\",\"potentialAction\":[{\"@type\":\"SearchAction\",\"target\":{\"@type\":\"EntryPoint\",\"urlTemplate\":\"https:\\\/\\\/www.zentia.com\\\/es-es\\\/?s={search_term_string}\"},\"query-input\":{\"@type\":\"PropertyValueSpecification\",\"valueRequired\":true,\"valueName\":\"search_term_string\"}}],\"inLanguage\":\"es\"}]}<\/script>\n<!-- \/ Yoast SEO plugin. -->","yoast_head_json":{"title":"Prestige Colour | Zentia","robots":{"index":"index","follow":"follow","max-snippet":"max-snippet:-1","max-image-preview":"max-image-preview:large","max-video-preview":"max-video-preview:-1"},"canonical":"https:\/\/www.zentia.com\/es-es\/soluciones\/productos\/paneles-de-techo\/prestige-colour\/","og_locale":"es_ES","og_type":"article","og_title":"Prestige Colour | Zentia","og_url":"https:\/\/www.zentia.com\/es-es\/soluciones\/productos\/paneles-de-techo\/prestige-colour\/","og_site_name":"Zentia","article_modified_time":"2025-11-26T08:22:02+00:00","twitter_card":"summary_large_image","schema":{"@context":"https:\/\/schema.org","@graph":[{"@type":"WebPage","@id":"https:\/\/www.zentia.com\/es-es\/soluciones\/productos\/paneles-de-techo\/prestige-colour\/","url":"https:\/\/www.zentia.com\/es-es\/soluciones\/productos\/paneles-de-techo\/prestige-colour\/","name":"Prestige Colour | Zentia","isPartOf":{"@id":"https:\/\/www.zentia.com\/es-es\/#website"},"datePublished":"2024-08-22T09:04:19+00:00","dateModified":"2025-11-26T08:22:02+00:00","breadcrumb":{"@id":"https:\/\/www.zentia.com\/es-es\/soluciones\/productos\/paneles-de-techo\/prestige-colour\/#breadcrumb"},"inLanguage":"es","potentialAction":[{"@type":"ReadAction","target":["https:\/\/www.zentia.com\/es-es\/soluciones\/productos\/paneles-de-techo\/prestige-colour\/"]}]},{"@type":"BreadcrumbList","@id":"https:\/\/www.zentia.com\/es-es\/soluciones\/productos\/paneles-de-techo\/prestige-colour\/#breadcrumb","itemListElement":[{"@type":"ListItem","position":1,"name":"Inicio","item":"https:\/\/www.zentia.com\/es-es\/"},{"@type":"ListItem","position":2,"name":"Prestige Colour"}]},{"@type":"WebSite","@id":"https:\/\/www.zentia.com\/es-es\/#website","url":"https:\/\/www.zentia.com\/es-es\/","name":"Zentia","description":"","potentialAction":[{"@type":"SearchAction","target":{"@type":"EntryPoint","urlTemplate":"https:\/\/www.zentia.com\/es-es\/?s={search_term_string}"},"query-input":{"@type":"PropertyValueSpecification","valueRequired":true,"valueName":"search_term_string"}}],"inLanguage":"es"}]}},"_links":{"self":[{"href":"https:\/\/www.zentia.com\/es-es\/wp-json\/wp\/v2\/product\/7825","targetHints":{"allow":["GET"]}}],"collection":[{"href":"https:\/\/www.zentia.com\/es-es\/wp-json\/wp\/v2\/product"}],"about":[{"href":"https:\/\/www.zentia.com\/es-es\/wp-json\/wp\/v2\/types\/product"}],"acf:post":[{"embeddable":true,"href":"https:\/\/www.zentia.com\/es-es\/wp-json\/wp\/v2\/download\/3105"},{"embeddable":true,"href":"https:\/\/www.zentia.com\/es-es\/wp-json\/wp\/v2\/download\/3101"},{"embeddable":true,"href":"https:\/\/www.zentia.com\/es-es\/wp-json\/wp\/v2\/download\/2983"},{"embeddable":true,"href":"https:\/\/www.zentia.com\/es-es\/wp-json\/wp\/v2\/download\/8786"}],"wp:attachment":[{"href":"https:\/\/www.zentia.com\/es-es\/wp-json\/wp\/v2\/media?parent=7825"}],"wp:term":[{"taxonomy":"product-type","embeddable":true,"href":"https:\/\/www.zentia.com\/es-es\/wp-json\/wp\/v2\/product-type?post=7825"}],"curies":[{"name":"wp","href":"https:\/\/api.w.org\/{rel}","templated":true}]}}