{"id":7963,"date":"2024-09-25T08:45:39","date_gmt":"2024-09-25T07:45:39","guid":{"rendered":"https:\/\/www.zentia.com\/es-es\/?post_type=product&#038;p=7963"},"modified":"2025-03-29T16:53:49","modified_gmt":"2025-03-29T16:53:49","slug":"douro","status":"publish","type":"product","link":"https:\/\/www.zentia.com\/es-es\/soluciones\/productos\/paneles-de-techo\/douro\/","title":{"rendered":"Douro"},"featured_media":0,"parent":0,"template":"","product-type":[652],"class_list":["post-7963","product","type-product","status-publish","hentry","product-family-category-douro","product-type-paneles-de-techo","edge-detail-board","grid-appearance-exposed","sound-absorption-class-e","product-colour-global-white","sound-absorption-alpha-0-2","sound-absorption-nrc-0-2","recycled-content-0-44","humidity-resistance-0-90"],"acf":{"hero":{"title":"Douro","sub_label":"Disponible s\u00f3lo en Espa\u00f1a y Portugal","introduction":"Con superficie lisa y ligeramente granulada.\r\n<ul>\r\n \t<li>Acabado liso y ligeramente granulado<\/li>\r\n \t<li>Ideal para entornos de venta al por menor<\/li>\r\n<\/ul>","introduction_short":"","gallery":[3353],"datasheet":"","video_url":"","space_bottom":false},"images":null,"product_variant_alt_toggle":true,"product_variant":[{"edge_detail":"Board","product_image":"","variant_information":"Las placas Douro board est\u00e1n dise\u00f1adas con bordes planos y cuadrados para una f\u00e1cil instalaci\u00f3n. Basta con levantar las placas Douro y ajustarlas en la perfiler\u00eda. El resultado final es una superficie lisa y consistente que realza la perfiler\u00eda.","variant_additional_information":"","sub_variants":[{"edge_detail":"Board","images":[{"image":3353}],"cls_item_number":"BP9923M","cls_description":"Douro Board","shortcode":"9923M","dimensions":"600mm (L) x 600mm (W) x 12mm (T)","colour_text":"","colour_select":[951],"surface_sifyb":"Douro Board","recyclable":"","recycled_content":"44%","recyclable_through_zentia":"","cleanability_types":"","clean_room_classification":"","cradle_two_cradle_certification":"","durability":"","humidity_resistance_rh":"90%","light_reflectance":"85%","fire_reaction_en135011":"A2-s1,d0","iac_level":"","material":"","rout_slot_spacing_and_uom":"","cross_tee_main_runner_interface":"","corrosive_resistant":"","fire_performance":"","clean_room":"","end_detail":"","formaldehyde_emissions":"","low_voc_emissions":"","sound_absorption":"0.20 (L)","sound_absorption_class":"E","sound_reduction_index":"","sound_attenuation":"","sound_absorption_nrc":"0.20","compatible_grid_product_code":"","floating_ceiling_frame_product_code":"","installation_accessories":"","accessories":null}],"override_related_items":false,"related_project_gallery":null,"related_faqs":null,"related_products":null,"related_documents_and_downloads":null,"download_all_documents":null}],"import_data":"","file_label":"Descargar la ficha t\u00e9cnica","file":8433,"warranties":null,"product_manuals":null,"nbs":"","documents_downloads_title":"","related_documents_and_downloads":"","download_bim":"","download_all_documents":"","listing_label":"","solution_finder_toggle":false,"solution_finder_intro":"","solution_finder_points":null,"template":{"":null,"related_project_gallery":"","template_faq":"","space_bottom":false,"related_products_title":"","related_products":"","hide_form":false}},"yoast_head":"<!-- This site is optimized with the Yoast SEO plugin v27.3 - https:\/\/yoast.com\/product\/yoast-seo-wordpress\/ -->\n<title>Douro | Zentia<\/title>\n<meta name=\"robots\" content=\"index, follow, max-snippet:-1, max-image-preview:large, max-video-preview:-1\" \/>\n<link rel=\"canonical\" href=\"https:\/\/www.zentia.com\/es-es\/soluciones\/productos\/paneles-de-techo\/douro\/\" \/>\n<meta property=\"og:locale\" content=\"es_ES\" \/>\n<meta property=\"og:type\" content=\"article\" \/>\n<meta property=\"og:title\" content=\"Douro | Zentia\" \/>\n<meta property=\"og:url\" content=\"https:\/\/www.zentia.com\/es-es\/soluciones\/productos\/paneles-de-techo\/douro\/\" \/>\n<meta property=\"og:site_name\" content=\"Zentia\" \/>\n<meta property=\"article:modified_time\" content=\"2025-03-29T16:53:49+00:00\" \/>\n<meta name=\"twitter:card\" content=\"summary_large_image\" \/>\n<script type=\"application\/ld+json\" class=\"yoast-schema-graph\">{\"@context\":\"https:\\\/\\\/schema.org\",\"@graph\":[{\"@type\":\"WebPage\",\"@id\":\"https:\\\/\\\/www.zentia.com\\\/es-es\\\/soluciones\\\/productos\\\/paneles-de-techo\\\/douro\\\/\",\"url\":\"https:\\\/\\\/www.zentia.com\\\/es-es\\\/soluciones\\\/productos\\\/paneles-de-techo\\\/douro\\\/\",\"name\":\"Douro | Zentia\",\"isPartOf\":{\"@id\":\"https:\\\/\\\/www.zentia.com\\\/es-es\\\/#website\"},\"datePublished\":\"2024-09-25T07:45:39+00:00\",\"dateModified\":\"2025-03-29T16:53:49+00:00\",\"breadcrumb\":{\"@id\":\"https:\\\/\\\/www.zentia.com\\\/es-es\\\/soluciones\\\/productos\\\/paneles-de-techo\\\/douro\\\/#breadcrumb\"},\"inLanguage\":\"es\",\"potentialAction\":[{\"@type\":\"ReadAction\",\"target\":[\"https:\\\/\\\/www.zentia.com\\\/es-es\\\/soluciones\\\/productos\\\/paneles-de-techo\\\/douro\\\/\"]}]},{\"@type\":\"BreadcrumbList\",\"@id\":\"https:\\\/\\\/www.zentia.com\\\/es-es\\\/soluciones\\\/productos\\\/paneles-de-techo\\\/douro\\\/#breadcrumb\",\"itemListElement\":[{\"@type\":\"ListItem\",\"position\":1,\"name\":\"Inicio\",\"item\":\"https:\\\/\\\/www.zentia.com\\\/es-es\\\/\"},{\"@type\":\"ListItem\",\"position\":2,\"name\":\"Douro\"}]},{\"@type\":\"WebSite\",\"@id\":\"https:\\\/\\\/www.zentia.com\\\/es-es\\\/#website\",\"url\":\"https:\\\/\\\/www.zentia.com\\\/es-es\\\/\",\"name\":\"Zentia\",\"description\":\"\",\"potentialAction\":[{\"@type\":\"SearchAction\",\"target\":{\"@type\":\"EntryPoint\",\"urlTemplate\":\"https:\\\/\\\/www.zentia.com\\\/es-es\\\/?s={search_term_string}\"},\"query-input\":{\"@type\":\"PropertyValueSpecification\",\"valueRequired\":true,\"valueName\":\"search_term_string\"}}],\"inLanguage\":\"es\"}]}<\/script>\n<!-- \/ Yoast SEO plugin. -->","yoast_head_json":{"title":"Douro | Zentia","robots":{"index":"index","follow":"follow","max-snippet":"max-snippet:-1","max-image-preview":"max-image-preview:large","max-video-preview":"max-video-preview:-1"},"canonical":"https:\/\/www.zentia.com\/es-es\/soluciones\/productos\/paneles-de-techo\/douro\/","og_locale":"es_ES","og_type":"article","og_title":"Douro | Zentia","og_url":"https:\/\/www.zentia.com\/es-es\/soluciones\/productos\/paneles-de-techo\/douro\/","og_site_name":"Zentia","article_modified_time":"2025-03-29T16:53:49+00:00","twitter_card":"summary_large_image","schema":{"@context":"https:\/\/schema.org","@graph":[{"@type":"WebPage","@id":"https:\/\/www.zentia.com\/es-es\/soluciones\/productos\/paneles-de-techo\/douro\/","url":"https:\/\/www.zentia.com\/es-es\/soluciones\/productos\/paneles-de-techo\/douro\/","name":"Douro | Zentia","isPartOf":{"@id":"https:\/\/www.zentia.com\/es-es\/#website"},"datePublished":"2024-09-25T07:45:39+00:00","dateModified":"2025-03-29T16:53:49+00:00","breadcrumb":{"@id":"https:\/\/www.zentia.com\/es-es\/soluciones\/productos\/paneles-de-techo\/douro\/#breadcrumb"},"inLanguage":"es","potentialAction":[{"@type":"ReadAction","target":["https:\/\/www.zentia.com\/es-es\/soluciones\/productos\/paneles-de-techo\/douro\/"]}]},{"@type":"BreadcrumbList","@id":"https:\/\/www.zentia.com\/es-es\/soluciones\/productos\/paneles-de-techo\/douro\/#breadcrumb","itemListElement":[{"@type":"ListItem","position":1,"name":"Inicio","item":"https:\/\/www.zentia.com\/es-es\/"},{"@type":"ListItem","position":2,"name":"Douro"}]},{"@type":"WebSite","@id":"https:\/\/www.zentia.com\/es-es\/#website","url":"https:\/\/www.zentia.com\/es-es\/","name":"Zentia","description":"","potentialAction":[{"@type":"SearchAction","target":{"@type":"EntryPoint","urlTemplate":"https:\/\/www.zentia.com\/es-es\/?s={search_term_string}"},"query-input":{"@type":"PropertyValueSpecification","valueRequired":true,"valueName":"search_term_string"}}],"inLanguage":"es"}]}},"_links":{"self":[{"href":"https:\/\/www.zentia.com\/es-es\/wp-json\/wp\/v2\/product\/7963","targetHints":{"allow":["GET"]}}],"collection":[{"href":"https:\/\/www.zentia.com\/es-es\/wp-json\/wp\/v2\/product"}],"about":[{"href":"https:\/\/www.zentia.com\/es-es\/wp-json\/wp\/v2\/types\/product"}],"wp:attachment":[{"href":"https:\/\/www.zentia.com\/es-es\/wp-json\/wp\/v2\/media?parent=7963"}],"wp:term":[{"taxonomy":"product-type","embeddable":true,"href":"https:\/\/www.zentia.com\/es-es\/wp-json\/wp\/v2\/product-type?post=7963"}],"curies":[{"name":"wp","href":"https:\/\/api.w.org\/{rel}","templated":true}]}}