{"id":8098,"date":"2025-01-15T08:15:54","date_gmt":"2025-01-15T08:15:54","guid":{"rendered":"https:\/\/www.zentia.com\/es-es\/?post_type=product&#038;p=8098"},"modified":"2025-09-29T09:16:22","modified_gmt":"2025-09-29T08:16:22","slug":"vynaboard","status":"publish","type":"product","link":"https:\/\/www.zentia.com\/es-es\/soluciones\/productos\/paneles-de-techo\/vynaboard\/","title":{"rendered":"VynaBoard"},"featured_media":0,"parent":0,"template":"","product-type":[652],"class_list":["post-8098","product","type-product","status-publish","hentry","product-family-category-vynaboard","product-type-paneles-de-techo","edge-detail-board","grid-appearance-exposed","product-material-gypsum","product-colour-white"],"acf":{"hero":{"title":"VynaBoard","sub_label":"","introduction":"VynaBoard es una placa de yeso para falso techo disponible en color blanco.\r\n\r\nCon un acabado en vinilo moteado resistente y f\u00e1cil de limpiar.\r\n\r\nLa placa de falso techo VynaBoard tiene un reverso de l\u00e1mina en aluminio para ayudar a reflejar el calor y resistir la humedad en el plenum.\r\n\r\nEsto la convierte en una excelente opci\u00f3n para comedores, cocinas comerciales y otros entornos que requieren una limpieza regular exaustiva.\r\n\r\nTambi\u00e9n se puede instalar en almacenes y trasteros.\r\n\r\n<strong>F\u00e1cil mantenimiento<\/strong> <strong>:<\/strong> Placa en formato de 600x600mm de f\u00e1cil limpieza con una pa\u00f1o o esponja h\u00fameda. Esto significa que la placa se mantiene en perfecto estado durante a\u00f1os despu\u00e9s de su instalaci\u00f3n . Tambi\u00e9n disponible en tama\u00f1o 1200x600 .\r\n\r\n<strong>Garant\u00eda de 30 a\u00f1os :<\/strong> La placa VynaBoard es extremadamente dispone de la garant\u00eda Zentia de 30 a\u00f1os instalado con sistemas de perfiler\u00eda Zentia, por ejemplo Gridline 24.\r\n\r\n<strong>Entrega r\u00e1pida :<\/strong> VynaBoard est\u00e1 disponible en su distribuidor Zentia para una entrega r\u00e1pida .","introduction_short":"VynaBoard es una placa de yeso para falso techo disponible en color blanco.\r\n\r\nCon un acabado en vinilo moteado resistente y f\u00e1cil de limpiar.\r\n\r\nLa placa de falso techo VynaBoard tiene un reverso de l\u00e1mina en aluminio para ayudar a reflejar el calor y resistir la humedad en el plenum.\r\n\r\nEsto la convierte en una excelente opci\u00f3n para comedores, cocinas comerciales y otros entornos que requieren una limpieza regular exaustiva.\r\n\r\nTambi\u00e9n se puede instalar en almacenes y trasteros.","gallery":[8155],"datasheet":"","video_url":"","space_bottom":false},"images":null,"product_variant_alt_toggle":true,"product_variant":[{"edge_detail":"Board","product_image":"","variant_information":"Las placas de techo son de canto recto , lo que facilita su instalaci\u00f3n cuando se combinan con los sistemas perfileria de Zentia. Simplemente levante las placas VynaBoard e ap\u00f3yelas en la perfiler\u00ed . La perfileria del techo quedar\u00e1 vista.","variant_additional_information":"","sub_variants":[{"edge_detail":"Board","images":[{"image":8638},{"image":8154},{"image":8156},{"image":8157}],"cls_item_number":"BP8020M3","cls_description":"VynaBoard Board 600 x 600 x 8","shortcode":"8020M3","dimensions":"600mm (L) x 600mm (W) x 8mm (T)","colour_text":"","colour_select":[814],"surface_sifyb":"VynaBoard Face","recyclable":"","recycled_content":"","recyclable_through_zentia":"","cleanability_types":"Cleanable with a dry cloth, damp sponge, moist cloth","clean_room_classification":"","cradle_two_cradle_certification":"","durability":"","humidity_resistance_rh":"95%","light_reflectance":"76%","fire_reaction_en135011":"A2-s1,d0","iac_level":"","material":"Gypsum with vinyl face finish","rout_slot_spacing_and_uom":"","cross_tee_main_runner_interface":"","corrosive_resistant":"","fire_performance":"","clean_room":"","end_detail":"","formaldehyde_emissions":"","low_voc_emissions":"","sound_absorption":"","sound_absorption_class":"","sound_reduction_index":"","sound_attenuation":"","sound_absorption_nrc":"","compatible_grid_product_code":"","floating_ceiling_frame_product_code":"","installation_accessories":"","accessories":null},{"edge_detail":"Board","images":[{"image":8155}],"cls_item_number":"BP8021M3","cls_description":"VynaBoard Board 1200 x 600 x 8 ","shortcode":"8021M3","dimensions":"1200mm (L) x 600mm (W) x 8mm (T)","colour_text":"","colour_select":[814],"surface_sifyb":"VynaBoard Face","recyclable":"","recycled_content":"","recyclable_through_zentia":"","cleanability_types":"Cleanable with a dry cloth, damp sponge, moist cloth","clean_room_classification":"","cradle_two_cradle_certification":"","durability":"","humidity_resistance_rh":"95%","light_reflectance":"76%","fire_reaction_en135011":"A2-s1,d0","iac_level":"","material":"Gypsum with vinyl face finish","rout_slot_spacing_and_uom":"","cross_tee_main_runner_interface":"","corrosive_resistant":"","fire_performance":"","clean_room":"","end_detail":"","formaldehyde_emissions":"","low_voc_emissions":"","sound_absorption":"","sound_absorption_class":"","sound_reduction_index":"","sound_attenuation":"","sound_absorption_nrc":"","compatible_grid_product_code":"","floating_ceiling_frame_product_code":"","installation_accessories":"","accessories":null}],"override_related_items":false,"related_project_gallery":null,"related_faqs":null,"related_products":null,"related_documents_and_downloads":null,"download_all_documents":null}],"import_data":"","file_label":"Descargar ficha t\u00e9cnica","file":8738,"warranties":null,"product_manuals":null,"nbs":"","documents_downloads_title":"","related_documents_and_downloads":"","download_bim":"","download_all_documents":"","listing_label":"Nuevo producto","solution_finder_toggle":false,"solution_finder_intro":"","solution_finder_points":null,"template":{"":null,"related_project_gallery":"","template_faq":"","space_bottom":false,"related_products_title":"Productos relacionados","related_products":[4713,6705,4716,7113],"hide_form":false}},"yoast_head":"<!-- This site is optimized with the Yoast SEO plugin v27.4 - https:\/\/yoast.com\/product\/yoast-seo-wordpress\/ -->\n<title>VynaBoard | Zentia<\/title>\n<meta name=\"description\" content=\"Obtenga m\u00e1s informaci\u00f3n sobre los paneles de yeso para cielorraso VynaBoard de Zentia. Revestidos con vinilo y revestidos con una l\u00e1mina plateada para reflejar el calor y resistir la humedad.\" \/>\n<meta name=\"robots\" content=\"index, follow, max-snippet:-1, max-image-preview:large, max-video-preview:-1\" \/>\n<link rel=\"canonical\" href=\"https:\/\/www.zentia.com\/es-es\/soluciones\/productos\/paneles-de-techo\/vynaboard\/\" \/>\n<meta property=\"og:locale\" content=\"es_ES\" \/>\n<meta property=\"og:type\" content=\"article\" \/>\n<meta property=\"og:title\" content=\"VynaBoard | Zentia\" \/>\n<meta property=\"og:description\" content=\"Obtenga m\u00e1s informaci\u00f3n sobre los paneles de yeso para cielorraso VynaBoard de Zentia. Revestidos con vinilo y revestidos con una l\u00e1mina plateada para reflejar el calor y resistir la humedad.\" \/>\n<meta property=\"og:url\" content=\"https:\/\/www.zentia.com\/es-es\/soluciones\/productos\/paneles-de-techo\/vynaboard\/\" \/>\n<meta property=\"og:site_name\" content=\"Zentia\" \/>\n<meta property=\"article:modified_time\" content=\"2025-09-29T08:16:22+00:00\" \/>\n<meta name=\"twitter:card\" content=\"summary_large_image\" \/>\n<script type=\"application\/ld+json\" class=\"yoast-schema-graph\">{\"@context\":\"https:\\\/\\\/schema.org\",\"@graph\":[{\"@type\":\"WebPage\",\"@id\":\"https:\\\/\\\/www.zentia.com\\\/es-es\\\/soluciones\\\/productos\\\/paneles-de-techo\\\/vynaboard\\\/\",\"url\":\"https:\\\/\\\/www.zentia.com\\\/es-es\\\/soluciones\\\/productos\\\/paneles-de-techo\\\/vynaboard\\\/\",\"name\":\"VynaBoard | Zentia\",\"isPartOf\":{\"@id\":\"https:\\\/\\\/www.zentia.com\\\/es-es\\\/#website\"},\"datePublished\":\"2025-01-15T08:15:54+00:00\",\"dateModified\":\"2025-09-29T08:16:22+00:00\",\"description\":\"Obtenga m\u00e1s informaci\u00f3n sobre los paneles de yeso para cielorraso VynaBoard de Zentia. Revestidos con vinilo y revestidos con una l\u00e1mina plateada para reflejar el calor y resistir la humedad.\",\"breadcrumb\":{\"@id\":\"https:\\\/\\\/www.zentia.com\\\/es-es\\\/soluciones\\\/productos\\\/paneles-de-techo\\\/vynaboard\\\/#breadcrumb\"},\"inLanguage\":\"es\",\"potentialAction\":[{\"@type\":\"ReadAction\",\"target\":[\"https:\\\/\\\/www.zentia.com\\\/es-es\\\/soluciones\\\/productos\\\/paneles-de-techo\\\/vynaboard\\\/\"]}]},{\"@type\":\"BreadcrumbList\",\"@id\":\"https:\\\/\\\/www.zentia.com\\\/es-es\\\/soluciones\\\/productos\\\/paneles-de-techo\\\/vynaboard\\\/#breadcrumb\",\"itemListElement\":[{\"@type\":\"ListItem\",\"position\":1,\"name\":\"Inicio\",\"item\":\"https:\\\/\\\/www.zentia.com\\\/es-es\\\/\"},{\"@type\":\"ListItem\",\"position\":2,\"name\":\"VynaBoard\"}]},{\"@type\":\"WebSite\",\"@id\":\"https:\\\/\\\/www.zentia.com\\\/es-es\\\/#website\",\"url\":\"https:\\\/\\\/www.zentia.com\\\/es-es\\\/\",\"name\":\"Zentia\",\"description\":\"\",\"potentialAction\":[{\"@type\":\"SearchAction\",\"target\":{\"@type\":\"EntryPoint\",\"urlTemplate\":\"https:\\\/\\\/www.zentia.com\\\/es-es\\\/?s={search_term_string}\"},\"query-input\":{\"@type\":\"PropertyValueSpecification\",\"valueRequired\":true,\"valueName\":\"search_term_string\"}}],\"inLanguage\":\"es\"}]}<\/script>\n<!-- \/ Yoast SEO plugin. -->","yoast_head_json":{"title":"VynaBoard | Zentia","description":"Obtenga m\u00e1s informaci\u00f3n sobre los paneles de yeso para cielorraso VynaBoard de Zentia. Revestidos con vinilo y revestidos con una l\u00e1mina plateada para reflejar el calor y resistir la humedad.","robots":{"index":"index","follow":"follow","max-snippet":"max-snippet:-1","max-image-preview":"max-image-preview:large","max-video-preview":"max-video-preview:-1"},"canonical":"https:\/\/www.zentia.com\/es-es\/soluciones\/productos\/paneles-de-techo\/vynaboard\/","og_locale":"es_ES","og_type":"article","og_title":"VynaBoard | Zentia","og_description":"Obtenga m\u00e1s informaci\u00f3n sobre los paneles de yeso para cielorraso VynaBoard de Zentia. Revestidos con vinilo y revestidos con una l\u00e1mina plateada para reflejar el calor y resistir la humedad.","og_url":"https:\/\/www.zentia.com\/es-es\/soluciones\/productos\/paneles-de-techo\/vynaboard\/","og_site_name":"Zentia","article_modified_time":"2025-09-29T08:16:22+00:00","twitter_card":"summary_large_image","schema":{"@context":"https:\/\/schema.org","@graph":[{"@type":"WebPage","@id":"https:\/\/www.zentia.com\/es-es\/soluciones\/productos\/paneles-de-techo\/vynaboard\/","url":"https:\/\/www.zentia.com\/es-es\/soluciones\/productos\/paneles-de-techo\/vynaboard\/","name":"VynaBoard | Zentia","isPartOf":{"@id":"https:\/\/www.zentia.com\/es-es\/#website"},"datePublished":"2025-01-15T08:15:54+00:00","dateModified":"2025-09-29T08:16:22+00:00","description":"Obtenga m\u00e1s informaci\u00f3n sobre los paneles de yeso para cielorraso VynaBoard de Zentia. Revestidos con vinilo y revestidos con una l\u00e1mina plateada para reflejar el calor y resistir la humedad.","breadcrumb":{"@id":"https:\/\/www.zentia.com\/es-es\/soluciones\/productos\/paneles-de-techo\/vynaboard\/#breadcrumb"},"inLanguage":"es","potentialAction":[{"@type":"ReadAction","target":["https:\/\/www.zentia.com\/es-es\/soluciones\/productos\/paneles-de-techo\/vynaboard\/"]}]},{"@type":"BreadcrumbList","@id":"https:\/\/www.zentia.com\/es-es\/soluciones\/productos\/paneles-de-techo\/vynaboard\/#breadcrumb","itemListElement":[{"@type":"ListItem","position":1,"name":"Inicio","item":"https:\/\/www.zentia.com\/es-es\/"},{"@type":"ListItem","position":2,"name":"VynaBoard"}]},{"@type":"WebSite","@id":"https:\/\/www.zentia.com\/es-es\/#website","url":"https:\/\/www.zentia.com\/es-es\/","name":"Zentia","description":"","potentialAction":[{"@type":"SearchAction","target":{"@type":"EntryPoint","urlTemplate":"https:\/\/www.zentia.com\/es-es\/?s={search_term_string}"},"query-input":{"@type":"PropertyValueSpecification","valueRequired":true,"valueName":"search_term_string"}}],"inLanguage":"es"}]}},"_links":{"self":[{"href":"https:\/\/www.zentia.com\/es-es\/wp-json\/wp\/v2\/product\/8098","targetHints":{"allow":["GET"]}}],"collection":[{"href":"https:\/\/www.zentia.com\/es-es\/wp-json\/wp\/v2\/product"}],"about":[{"href":"https:\/\/www.zentia.com\/es-es\/wp-json\/wp\/v2\/types\/product"}],"wp:attachment":[{"href":"https:\/\/www.zentia.com\/es-es\/wp-json\/wp\/v2\/media?parent=8098"}],"wp:term":[{"taxonomy":"product-type","embeddable":true,"href":"https:\/\/www.zentia.com\/es-es\/wp-json\/wp\/v2\/product-type?post=8098"}],"curies":[{"name":"wp","href":"https:\/\/api.w.org\/{rel}","templated":true}]}}