{"id":8099,"date":"2025-03-26T09:24:09","date_gmt":"2025-03-26T09:24:09","guid":{"rendered":"https:\/\/www.zentia.com\/es-es\/?post_type=product&#038;p=8099"},"modified":"2026-01-26T14:23:58","modified_gmt":"2026-01-26T14:23:58","slug":"acousta","status":"publish","type":"product","link":"https:\/\/www.zentia.com\/es-es\/soluciones\/productos\/paneles-de-techo\/acousta\/","title":{"rendered":"Acousta"},"featured_media":0,"parent":0,"template":"","product-type":[652],"class_list":["post-8099","product","type-product","status-publish","hentry","product-family-category-acousta","product-type-paneles-de-techo","edge-detail-board","edge-detail-integra","edge-detail-tegular15","edge-detail-tegular24"],"acf":{"hero":{"title":"Acousta","sub_label":"","introduction":"Placa de fibra de vidrio para falso techo de alto rendimiento con una absorci\u00f3n ac\u00fastica excepcional.\r\n\r\nAcousta es una placa de falso techo de fibra de vidrio , dise\u00f1ada para espacios que requieren una alta absorci\u00f3n ac\u00fastica en frecuencias medias. Con una clasificaci\u00f3n de absorci\u00f3n ac\u00fastica de clase A (1,00 \u03b1w), controla eficazmente la reverberaci\u00f3n, lo que la hace ideal para oficinas, aulas y auditorios.\r\n\r\nSu dise\u00f1o liviano garantiza un f\u00e1cil manejo e instalaci\u00f3n, mientras que su clasificaci\u00f3n de reacci\u00f3n al fuego A2-s2,d0 (EN 13501-1) brinda tranquilidad en el cumplimiento de las regulaciones de seguridad contra incendios.\r\n\r\nDisponible en canto recto Integra, Conceal e SL2, Acousta ofrece una gama de acabados est\u00e9ticos , desde techos con perfiler\u00eda vista hasta semioculta.\r\n\r\n<strong>Mejora el confort interior :<\/strong> Reduce la reverberaci\u00f3n y mejora el acondicionamiento ac\u00fastico.\r\n\r\n<strong>Dise\u00f1o vers\u00e1til:<\/strong> Adecuado para una variedad de entornos comerciales y educativos.\r\n\r\n<strong>Soluci\u00f3n Sostenible :<\/strong> Fabricado con un 80% de material reciclado .\r\n\r\n<strong>Ligero y de f\u00e1cil instalaci\u00f3n :<\/strong> Ideal para un montaje r\u00e1pido y eficaz.\r\n\r\n<strong>Limpieza: <\/strong>Superficie lavable para un f\u00e1cil mantenimiento y una instalaci\u00f3n duradera del falso techo.","introduction_short":"Placa de fibra de vidrio para falso techo de alto rendimiento con una absorci\u00f3n ac\u00fastica excepcional.\r\n\r\nAcousta es una placa de fibra de vidrio de textura fina dise\u00f1ada para espacios donde es esencial un rendimiento ac\u00fastico superior. Con una clasificaci\u00f3n de absorci\u00f3n ac\u00fastica de clase A (1,00 \u03b1w), controla eficazmente la reverberaci\u00f3n, lo que lo hace ideal para oficinas, aulas y auditorios.\r\n\r\nSu dise\u00f1o liviano garantiza un f\u00e1cil manejo e instalaci\u00f3n, mientras que su clasificaci\u00f3n de reacci\u00f3n al fuego A2-s2,d0 (EN 13501-1) brinda tranquilidad en el cumplimiento de las regulaciones de seguridad contra incendios.\r\n\r\nDisponible en canto recto Integra, Conceal e SL2, Acousta ofrece una gama de acabados est\u00e9ticos , desde techos con perfiler\u00eda vista hasta semioculta.","gallery":[8409],"datasheet":"","video_url":"","space_bottom":false},"images":null,"product_variant_alt_toggle":true,"product_variant":[{"edge_detail":"Integra","product_image":"","variant_information":"Dise\u00f1adas para ocultar parcialmente una perfiler\u00eda de techo de 24 mm, las placas de borde Integra crean una apariencia limpia y moderna. Ideales para usar con el sistema Gridline 24 de Zentia, se pueden instalar desde abajo, lo que las convierte en la soluci\u00f3n perfecta para espacios con poca profundidad de hueco en el techo.","variant_additional_information":"<h2>Falso techo Acousta<\/h2>\r\n<h3>Caracter\u00edsticas T\u00e9cnicas<\/h3>\r\n<strong>Ac\u00fastica<\/strong>\r\n\r\nLas placas de falso techo Acousta tienen un excelente rendimiento ac\u00fastico, combinando una absorci\u00f3n de sonido de clase A de 1,00\u03b1w con una atenuaci\u00f3n de sonido de Dnfw 28dB.\r\n\r\n<strong>Sostenibilidad<\/strong>\r\n\r\nLas placas Acousta contienen hasta un 80% de material reciclado.\r\n\r\n<strong>Seguridad contra incendios y otros detalles t\u00e9cnicos de rendimiento<\/strong>\r\n\r\nLas placas para falso techo Acousta han sido clasificadas seg\u00fan la norma de resistencia al fuego EN 13501-1 y tienen una clasificaci\u00f3n A2-s2,d0.\r\nEstas placas para techo tienen una alta resistencia al rayado y se pueden limpiar con un pa\u00f1o seco o un cepillo suave. Tambi\u00e9n se pueden limpiar suavemente con una esponja o un pa\u00f1o h\u00famedo. Tienen una clasificaci\u00f3n de resistencia a la humedad del 95 % HR.","sub_variants":[{"edge_detail":"Integra","images":[{"image":8407},{"image":8411}],"cls_item_number":"BP2288M","cls_description":"Acousta Integra","shortcode":"2288M","dimensions":"600mm (L) x 600mm (W) x 22mm (T)","colour_text":"","colour_select":[951],"surface_sifyb":"Acousta","recyclable":"","recycled_content":"80%","recyclable_through_zentia":"","cleanability_types":"Se puede limpiar con un pa\u00f1o seco","clean_room_classification":"","cradle_two_cradle_certification":"","durability":"","humidity_resistance_rh":"95%","light_reflectance":"86%","fire_reaction_en135011":"A2-s2,d0","iac_level":"","material":"","rout_slot_spacing_and_uom":"","cross_tee_main_runner_interface":"","corrosive_resistant":"","fire_performance":"","clean_room":"","end_detail":"","formaldehyde_emissions":"E1","low_voc_emissions":"","sound_absorption":"1.00","sound_absorption_class":"A","sound_reduction_index":"","sound_attenuation":"28","sound_absorption_nrc":"0.95","compatible_grid_product_code":"","floating_ceiling_frame_product_code":"","installation_accessories":"","accessories":null},{"edge_detail":"Integra","images":[{"image":8407},{"image":8411}],"cls_item_number":"BP2289M","cls_description":"Acousta Integra","shortcode":"2289M","dimensions":"1200mm (L) x 600mm (W) x 22mm (T)","colour_text":"","colour_select":[951],"surface_sifyb":"Acousta","recyclable":"","recycled_content":"80%","recyclable_through_zentia":"","cleanability_types":"Se puede limpiar con un pa\u00f1o seco","clean_room_classification":"","cradle_two_cradle_certification":"","durability":"","humidity_resistance_rh":"95%","light_reflectance":"86%","fire_reaction_en135011":"A2-s2,d0","iac_level":"","material":"","rout_slot_spacing_and_uom":"","cross_tee_main_runner_interface":"","corrosive_resistant":"","fire_performance":"","clean_room":"","end_detail":"","formaldehyde_emissions":"E1","low_voc_emissions":"","sound_absorption":"1.00","sound_absorption_class":"A","sound_reduction_index":"","sound_attenuation":"28","sound_absorption_nrc":"0.95","compatible_grid_product_code":"","floating_ceiling_frame_product_code":"","installation_accessories":"","accessories":null}],"override_related_items":false,"related_project_gallery":null,"related_faqs":null,"related_products":null,"related_documents_and_downloads":null,"download_all_documents":null},{"edge_detail":"Conceal","product_image":"","variant_information":"Para una apariencia de techo m\u00e1s monol\u00edtica, elija las placas de techo suspendido Acousta con borde oculto. Cortado con precisi\u00f3n, este borde oculta por completo la estructura del techo, creando un techo suspendido pr\u00e1cticamente sin juntas.","variant_additional_information":"<h2>Falso techo Acousta<\/h2>\r\n<h3>Caracter\u00edsticas T\u00e9cnicas<\/h3>\r\n<strong>Ac\u00fastica<\/strong>\r\n\r\nLas placas de falso techo Acousta tienen un excelente rendimiento ac\u00fastico, combinando una absorci\u00f3n de sonido de clase A de 1,00\u03b1w con una atenuaci\u00f3n de sonido de Dnfw 28dB.\r\n\r\n<strong>Sostenibilidad<\/strong>\r\n\r\nLas placas Acousta contienen hasta un 80% de material reciclado.\r\n\r\n<strong>Seguridad contra incendios y otros detalles t\u00e9cnicos de rendimiento<\/strong>\r\n\r\nLas placas para falso techo Acousta han sido clasificadas seg\u00fan la norma de resistencia al fuego EN 13501-1 y tienen una clasificaci\u00f3n A2-s2,d0.\r\nEstas placas para techo tienen una alta resistencia al rayado y se pueden limpiar con un pa\u00f1o seco o un cepillo suave. Tambi\u00e9n se pueden limpiar suavemente con una esponja o un pa\u00f1o h\u00famedo. Tienen una clasificaci\u00f3n de resistencia a la humedad del 95 % HR.","sub_variants":[{"edge_detail":"Integra","images":[{"image":8407}],"cls_item_number":"BP2290M","cls_description":"Acousta Conceal","shortcode":"2290M","dimensions":"600mm (L) x 600mm (W) x 20mm (T)","colour_text":"","colour_select":[951],"surface_sifyb":"Acousta","recyclable":"","recycled_content":"80%","recyclable_through_zentia":"","cleanability_types":"Se puede limpiar con un pa\u00f1o seco","clean_room_classification":"","cradle_two_cradle_certification":"","durability":"","humidity_resistance_rh":"95%","light_reflectance":"86%","fire_reaction_en135011":"A2-s2,d0","iac_level":"","material":"","rout_slot_spacing_and_uom":"","cross_tee_main_runner_interface":"","corrosive_resistant":"","fire_performance":"","clean_room":"","end_detail":"","formaldehyde_emissions":"E1","low_voc_emissions":"","sound_absorption":"1.00","sound_absorption_class":"A","sound_reduction_index":"","sound_attenuation":"28","sound_absorption_nrc":"0.95","compatible_grid_product_code":"","floating_ceiling_frame_product_code":"","installation_accessories":"","accessories":null},{"edge_detail":"Conceal","images":[{"image":8407}],"cls_item_number":"BP2291M","cls_description":"Acousta Conceal","shortcode":"2291M","dimensions":"1200mm (L) x 600mm (W) x 20mm (T)","colour_text":"","colour_select":[951],"surface_sifyb":"Acousta","recyclable":"","recycled_content":"80%","recyclable_through_zentia":"","cleanability_types":"Se puede limpiar con un pa\u00f1o seco","clean_room_classification":"","cradle_two_cradle_certification":"","durability":"","humidity_resistance_rh":"95%","light_reflectance":"86%","fire_reaction_en135011":"A2-s2,d0","iac_level":"","material":"","rout_slot_spacing_and_uom":"","cross_tee_main_runner_interface":"","corrosive_resistant":"","fire_performance":"","clean_room":"","end_detail":"","formaldehyde_emissions":"E1","low_voc_emissions":"","sound_absorption":"1.00","sound_absorption_class":"A","sound_reduction_index":"","sound_attenuation":"28","sound_absorption_nrc":"0.95","compatible_grid_product_code":"","floating_ceiling_frame_product_code":"","installation_accessories":"","accessories":null}],"override_related_items":false,"related_project_gallery":null,"related_faqs":null,"related_products":null,"related_documents_and_downloads":null,"download_all_documents":null},{"edge_detail":"SL2","product_image":"","variant_information":"Elija los tablones de techo Acousta con un borde SL2 que recorre toda la longitud de cada tabl\u00f3n y culmina en los extremos del tablero. Estos tablones rectangulares crean un efecto visual muy diferente en todo el techo. Compatibles con Gridline System Z.","variant_additional_information":"<h2>Falso techo Acousta<\/h2>\r\n<h3>Caracter\u00edsticas T\u00e9cnicas<\/h3>\r\n<strong>Ac\u00fastica<\/strong>\r\n\r\nLas placas de falso techo Acousta tienen un excelente rendimiento ac\u00fastico, combinando una absorci\u00f3n de sonido de clase A de 1,00\u03b1w con una atenuaci\u00f3n de sonido de Dnfw 28dB.\r\n\r\n<strong>Sostenibilidad<\/strong>\r\n\r\nLas placas Acousta contienen hasta un 80% de material reciclado.\r\n\r\n<strong>Seguridad contra incendios y otros detalles t\u00e9cnicos de rendimiento<\/strong>\r\n\r\nLas placas para falso techo Acousta han sido clasificadas seg\u00fan la norma de resistencia al fuego EN 13501-1 y tienen una clasificaci\u00f3n A2-s2,d0.\r\nEstas placas para techo tienen una alta resistencia al rayado y se pueden limpiar con un pa\u00f1o seco o un cepillo suave. Tambi\u00e9n se pueden limpiar suavemente con una esponja o un pa\u00f1o h\u00famedo. Tienen una clasificaci\u00f3n de resistencia a la humedad del 95 % HR.","sub_variants":[{"edge_detail":"Integra","images":[{"image":8407}],"cls_item_number":"BP2292M","cls_description":"Acousta SL2","shortcode":"2292M","dimensions":"1500mm (L) x 300mm (W) x 20mm (T)","colour_text":"","colour_select":[951],"surface_sifyb":"Acousta","recyclable":"","recycled_content":"80%","recyclable_through_zentia":"","cleanability_types":"Se puede limpiar con un pa\u00f1o seco","clean_room_classification":"","cradle_two_cradle_certification":"","durability":"","humidity_resistance_rh":"95%","light_reflectance":"86%","fire_reaction_en135011":"A2-s2,d0","iac_level":"","material":"","rout_slot_spacing_and_uom":"","cross_tee_main_runner_interface":"","corrosive_resistant":"","fire_performance":"","clean_room":"","end_detail":"","formaldehyde_emissions":"E1","low_voc_emissions":"","sound_absorption":"1.00","sound_absorption_class":"A","sound_reduction_index":"","sound_attenuation":"28","sound_absorption_nrc":"0.95","compatible_grid_product_code":"","floating_ceiling_frame_product_code":"","installation_accessories":"","accessories":null},{"edge_detail":"SL2","images":[{"image":8407}],"cls_item_number":"BP2293M","cls_description":"Acousta SL2","shortcode":"2293M","dimensions":"1800mm (L) x 300mm (W) x 20mm (T)","colour_text":"","colour_select":[951],"surface_sifyb":"Acousta","recyclable":"","recycled_content":"80%","recyclable_through_zentia":"","cleanability_types":"Se puede limpiar con un pa\u00f1o seco","clean_room_classification":"","cradle_two_cradle_certification":"","durability":"","humidity_resistance_rh":"95%","light_reflectance":"86%","fire_reaction_en135011":"A2-s2,d0","iac_level":"","material":"","rout_slot_spacing_and_uom":"","cross_tee_main_runner_interface":"","corrosive_resistant":"","fire_performance":"","clean_room":"","end_detail":"","formaldehyde_emissions":"E1","low_voc_emissions":"","sound_absorption":"1.00","sound_absorption_class":"A","sound_reduction_index":"","sound_attenuation":"28","sound_absorption_nrc":"0.95","compatible_grid_product_code":"","floating_ceiling_frame_product_code":"","installation_accessories":"","accessories":null},{"edge_detail":"SL2","images":[{"image":8407}],"cls_item_number":"BP2294M","cls_description":"Acousta SL2","shortcode":"2294M","dimensions":"2400mm (L) x 300mm (W) x 30mm (T)","colour_text":"","colour_select":[951],"surface_sifyb":"Acousta","recyclable":"","recycled_content":"80%","recyclable_through_zentia":"","cleanability_types":"Se puede limpiar con un pa\u00f1o seco","clean_room_classification":"","cradle_two_cradle_certification":"","durability":"","humidity_resistance_rh":"95%","light_reflectance":"86%","fire_reaction_en135011":"A2-s2,d0","iac_level":"","material":"","rout_slot_spacing_and_uom":"","cross_tee_main_runner_interface":"","corrosive_resistant":"","fire_performance":"","clean_room":"","end_detail":"","formaldehyde_emissions":"E1","low_voc_emissions":"","sound_absorption":"1.00","sound_absorption_class":"A","sound_reduction_index":"","sound_attenuation":"28","sound_absorption_nrc":"0.95","compatible_grid_product_code":"","floating_ceiling_frame_product_code":"","installation_accessories":"","accessories":null}],"override_related_items":false,"related_project_gallery":null,"related_faqs":null,"related_products":null,"related_documents_and_downloads":null,"download_all_documents":null}],"import_data":"","file_label":"Descargar ficha t\u00e9cnica","file":8855,"warranties":null,"product_manuals":null,"nbs":"","documents_downloads_title":"Documentos relacionados","related_documents_and_downloads":[8486],"download_bim":"","download_all_documents":"","listing_label":"","solution_finder_toggle":false,"solution_finder_intro":"","solution_finder_points":null,"template":{"":null,"related_project_gallery":"","template_faq":"","space_bottom":false,"related_products_title":"Productos relacionados","related_products":[6731,6942,7110,7109],"hide_form":false}},"yoast_head":"<!-- This site is optimized with the Yoast SEO plugin v27.3 - https:\/\/yoast.com\/product\/yoast-seo-wordpress\/ -->\n<title>Acousta | Zentia<\/title>\n<meta name=\"robots\" content=\"index, follow, max-snippet:-1, max-image-preview:large, max-video-preview:-1\" \/>\n<link rel=\"canonical\" href=\"https:\/\/www.zentia.com\/es-es\/soluciones\/productos\/paneles-de-techo\/acousta\/\" \/>\n<meta property=\"og:locale\" content=\"es_ES\" \/>\n<meta property=\"og:type\" content=\"article\" \/>\n<meta property=\"og:title\" content=\"Acousta | Zentia\" \/>\n<meta property=\"og:url\" content=\"https:\/\/www.zentia.com\/es-es\/soluciones\/productos\/paneles-de-techo\/acousta\/\" \/>\n<meta property=\"og:site_name\" content=\"Zentia\" \/>\n<meta property=\"article:modified_time\" content=\"2026-01-26T14:23:58+00:00\" \/>\n<meta name=\"twitter:card\" content=\"summary_large_image\" \/>\n<script type=\"application\/ld+json\" class=\"yoast-schema-graph\">{\"@context\":\"https:\\\/\\\/schema.org\",\"@graph\":[{\"@type\":\"WebPage\",\"@id\":\"https:\\\/\\\/www.zentia.com\\\/es-es\\\/soluciones\\\/productos\\\/paneles-de-techo\\\/acousta\\\/\",\"url\":\"https:\\\/\\\/www.zentia.com\\\/es-es\\\/soluciones\\\/productos\\\/paneles-de-techo\\\/acousta\\\/\",\"name\":\"Acousta | Zentia\",\"isPartOf\":{\"@id\":\"https:\\\/\\\/www.zentia.com\\\/es-es\\\/#website\"},\"datePublished\":\"2025-03-26T09:24:09+00:00\",\"dateModified\":\"2026-01-26T14:23:58+00:00\",\"breadcrumb\":{\"@id\":\"https:\\\/\\\/www.zentia.com\\\/es-es\\\/soluciones\\\/productos\\\/paneles-de-techo\\\/acousta\\\/#breadcrumb\"},\"inLanguage\":\"es\",\"potentialAction\":[{\"@type\":\"ReadAction\",\"target\":[\"https:\\\/\\\/www.zentia.com\\\/es-es\\\/soluciones\\\/productos\\\/paneles-de-techo\\\/acousta\\\/\"]}]},{\"@type\":\"BreadcrumbList\",\"@id\":\"https:\\\/\\\/www.zentia.com\\\/es-es\\\/soluciones\\\/productos\\\/paneles-de-techo\\\/acousta\\\/#breadcrumb\",\"itemListElement\":[{\"@type\":\"ListItem\",\"position\":1,\"name\":\"Inicio\",\"item\":\"https:\\\/\\\/www.zentia.com\\\/es-es\\\/\"},{\"@type\":\"ListItem\",\"position\":2,\"name\":\"Acousta\"}]},{\"@type\":\"WebSite\",\"@id\":\"https:\\\/\\\/www.zentia.com\\\/es-es\\\/#website\",\"url\":\"https:\\\/\\\/www.zentia.com\\\/es-es\\\/\",\"name\":\"Zentia\",\"description\":\"\",\"potentialAction\":[{\"@type\":\"SearchAction\",\"target\":{\"@type\":\"EntryPoint\",\"urlTemplate\":\"https:\\\/\\\/www.zentia.com\\\/es-es\\\/?s={search_term_string}\"},\"query-input\":{\"@type\":\"PropertyValueSpecification\",\"valueRequired\":true,\"valueName\":\"search_term_string\"}}],\"inLanguage\":\"es\"}]}<\/script>\n<!-- \/ Yoast SEO plugin. -->","yoast_head_json":{"title":"Acousta | Zentia","robots":{"index":"index","follow":"follow","max-snippet":"max-snippet:-1","max-image-preview":"max-image-preview:large","max-video-preview":"max-video-preview:-1"},"canonical":"https:\/\/www.zentia.com\/es-es\/soluciones\/productos\/paneles-de-techo\/acousta\/","og_locale":"es_ES","og_type":"article","og_title":"Acousta | Zentia","og_url":"https:\/\/www.zentia.com\/es-es\/soluciones\/productos\/paneles-de-techo\/acousta\/","og_site_name":"Zentia","article_modified_time":"2026-01-26T14:23:58+00:00","twitter_card":"summary_large_image","schema":{"@context":"https:\/\/schema.org","@graph":[{"@type":"WebPage","@id":"https:\/\/www.zentia.com\/es-es\/soluciones\/productos\/paneles-de-techo\/acousta\/","url":"https:\/\/www.zentia.com\/es-es\/soluciones\/productos\/paneles-de-techo\/acousta\/","name":"Acousta | Zentia","isPartOf":{"@id":"https:\/\/www.zentia.com\/es-es\/#website"},"datePublished":"2025-03-26T09:24:09+00:00","dateModified":"2026-01-26T14:23:58+00:00","breadcrumb":{"@id":"https:\/\/www.zentia.com\/es-es\/soluciones\/productos\/paneles-de-techo\/acousta\/#breadcrumb"},"inLanguage":"es","potentialAction":[{"@type":"ReadAction","target":["https:\/\/www.zentia.com\/es-es\/soluciones\/productos\/paneles-de-techo\/acousta\/"]}]},{"@type":"BreadcrumbList","@id":"https:\/\/www.zentia.com\/es-es\/soluciones\/productos\/paneles-de-techo\/acousta\/#breadcrumb","itemListElement":[{"@type":"ListItem","position":1,"name":"Inicio","item":"https:\/\/www.zentia.com\/es-es\/"},{"@type":"ListItem","position":2,"name":"Acousta"}]},{"@type":"WebSite","@id":"https:\/\/www.zentia.com\/es-es\/#website","url":"https:\/\/www.zentia.com\/es-es\/","name":"Zentia","description":"","potentialAction":[{"@type":"SearchAction","target":{"@type":"EntryPoint","urlTemplate":"https:\/\/www.zentia.com\/es-es\/?s={search_term_string}"},"query-input":{"@type":"PropertyValueSpecification","valueRequired":true,"valueName":"search_term_string"}}],"inLanguage":"es"}]}},"_links":{"self":[{"href":"https:\/\/www.zentia.com\/es-es\/wp-json\/wp\/v2\/product\/8099","targetHints":{"allow":["GET"]}}],"collection":[{"href":"https:\/\/www.zentia.com\/es-es\/wp-json\/wp\/v2\/product"}],"about":[{"href":"https:\/\/www.zentia.com\/es-es\/wp-json\/wp\/v2\/types\/product"}],"acf:post":[{"embeddable":true,"href":"https:\/\/www.zentia.com\/es-es\/wp-json\/wp\/v2\/download\/8486"}],"wp:attachment":[{"href":"https:\/\/www.zentia.com\/es-es\/wp-json\/wp\/v2\/media?parent=8099"}],"wp:term":[{"taxonomy":"product-type","embeddable":true,"href":"https:\/\/www.zentia.com\/es-es\/wp-json\/wp\/v2\/product-type?post=8099"}],"curies":[{"name":"wp","href":"https:\/\/api.w.org\/{rel}","templated":true}]}}