{"id":8104,"date":"2025-02-14T12:12:13","date_gmt":"2025-02-14T12:12:13","guid":{"rendered":"https:\/\/www.zentia.com\/es-es\/?post_type=product&#038;p=8104"},"modified":"2025-06-18T16:12:48","modified_gmt":"2025-06-18T15:12:48","slug":"obsidian","status":"publish","type":"product","link":"https:\/\/www.zentia.com\/es-es\/soluciones\/productos\/paneles-de-techo\/obsidian\/","title":{"rendered":"Obsidian"},"featured_media":0,"parent":0,"template":"","product-type":[652],"class_list":["post-8104","product","type-product","status-publish","hentry","product-family-category-obsidian","product-type-paneles-de-techo","edge-detail-board","grid-appearance-exposed","sound-absorption-class-a","sound-reduction-1325","product-colour-black","product-sizes-600mm-l-x-600mm-w-x-15mm-t","sound-absorption-alpha-0-95","sound-absorption-nrc-0-95","sound-attentuation-1326","humidity-resistance-0-95"],"acf":{"hero":{"title":"Obsidian","sub_label":"","introduction":"Las placas de techo negro Obsidian son una forma sencilla de a\u00f1adir tonos m\u00e1s oscuros y m\u00e1s profundidad a sus interiores. Con un acabado de superficie lisa, las placas de techo negro Obsidian son livianos y f\u00e1ciles de instalar. Con una absorci\u00f3n ac\u00fastica de clase A, Obsidian es el techo negro de Zentia que m\u00e1s absorci\u00f3n ac\u00fastica y ofrece estilo y rendimiento ac\u00fastico en espacios abiertos.\r\n\r\nTradicionalmente los cines requieren techos de placas de color negro como Obsidian, pero existe una tendencia creciente por interiores modernos, minimalistas e industriales. Las placas de techo negro complementan perfectamente esta est\u00e9tica al crear un aspecto oscuro, elegante y sosegado en una variedad de espacios.\r\n\r\nUse Obsidian para crear techos llamativos en oficinas comerciales, restaurantes, caf\u00e9s y m\u00e1s. Incluso puede usarlos en salas de estudio de escuelas lo que favorece la concentraci\u00f3n y el enfoque de los estudiantes.\r\n\r\nUse Obsidian con la perfiler\u00eda negra Gridline 24 en cines y otros espacios oscuros donde se requiere una superficie de techo oscura.\r\n\r\n<strong>Rendimiento ac\u00fastico excepcional:<\/strong> Las placas ac\u00fasticas para techo negro proporcionan una absorci\u00f3n ac\u00fastica de clase A. Esto hace que las placas Obsidian sean ideales para interiores que necesitan mejorar la atenci\u00f3n y concentraci\u00f3n del usuario final.\r\n\r\n<strong>Ligereza : <\/strong>Obsidian es extremadamente ligero y f\u00e1cil de manipular, lo que hace que el proceso de instalaci\u00f3n sea r\u00e1pido y sencillo. Tambi\u00e9n facilita el acceso a los servicios ocultos en el plaf\u00f3n del techo.\r\n\r\n<strong>Un Color Negro Profundo :<\/strong> Utilice Obsidian para crear interiores \u00edntimos en oficinas corporativas y entornos educativos. Combine Obsidian con la perfiler\u00eda negra de Zentia para lograr una apariencia m\u00e1s monol\u00edtica. O combine placas de techo negro con perfiler\u00eda blanca para lograr una est\u00e9tica diferente.\r\n\r\n<strong>Garant\u00eda de 30 a\u00f1os <\/strong>cuando se especifica como un sistema que utiliza Gridline","introduction_short":"Las placas de techo negro Obsidian son una forma sencilla de a\u00f1adir tonos m\u00e1s oscuros y m\u00e1s profundidad a sus interiores. Con un acabado de superficie lisa, las placas de techo negro Obsidian son livianos y f\u00e1ciles de instalar. Con una absorci\u00f3n ac\u00fastica de clase A, Obsidian es el techo negro de Zentia que m\u00e1s absorci\u00f3n ac\u00fastica y ofrece estilo y rendimiento ac\u00fastico en espacios abiertos.\r\n\r\nTradicionalmente los cines requieren techos de placas de color negro como Obsidian, pero existe una tendencia creciente por interiores modernos, minimalistas e industriales. Las placas de techo negro complementan perfectamente esta est\u00e9tica al crear un aspecto oscuro, elegante y sosegado en una variedad de espacios.\r\n\r\nUse Obsidian para crear techos llamativos en oficinas comerciales, restaurantes, caf\u00e9s y m\u00e1s. Incluso puede usarlos en salas de estudio de escuelas lo que favorece la concentraci\u00f3n y el enfoque de los estudiantes.\r\n\r\nUse Obsidian con la perfiler\u00eda negra Gridline 24 en cines y otros espacios oscuros donde se requiere una superficie de techo oscura.","gallery":[8241],"datasheet":"","video_url":"","space_bottom":false},"images":null,"product_variant_alt_toggle":true,"product_variant":[{"edge_detail":"Canto Recto Board ","product_image":"","variant_information":"Las placas de techo negro Obsidian de 600x600mm est\u00e1n disponen de cantos rectos Board, lo que facilita su instalaci\u00f3n con los sistemas de perfiler\u00eda de techo de Zentia. Las placas con canto recto Board  Obsidian tambi\u00e9n est\u00e1n disponibles en un modulaci\u00f3n de 1200x600mm.\r\n\r\nSimplemente instale la placa de techo negro Obsidian en el sistema de perfiler\u00eda Zentia. Las quedan instaladas como un falso techo supendido con perfileria vista, creando una modulaci\u00f3n perfecta en toda la superficie del techo. \r\n","variant_additional_information":"<h2>Placas de falso techo negro Obsidian<\/h2>\r\n<h3>Caracter\u00edsticas T\u00e9cnicas<\/h3>\r\n<strong>Ac\u00fastica<\/strong>\r\n\r\nCon una absorci\u00f3n de ac\u00fastica de clase A de 0,95\u03b1w, Obsidian ofrece un rendimiento ac\u00fastico excepcional. Obsidian ayuda a controlar la reverberaci\u00f3n ac\u00fastica y controlando que el sonido no se propague. Esto hace que Obsidian sea una opci\u00f3n ideal para crear entornos ac\u00fasticos c\u00f3modos en una variedad de espacios..\r\n\r\n<strong>Sostenibilidad<\/strong>\r\n\r\nLas placas Obsidian contienen hasta un 85 % de contenido reciclado. Las placas Obsidian disponen de una clasificaci\u00f3n E1 por emisiones de formaldeh\u00eddo.\r\n\r\n<strong>Seguridad contra incendios y otros caracter\u00edsticas t\u00e9cnicas<\/strong>\r\n\r\nLas placas de techo Obsidian est\u00e1n certificadas seg\u00fan la norma de resistencia al fuego EN 13501-1 con la clasificaci\u00f3n A2-s2,d0.\r\n\r\nLas placas de techo Obsidian tienen una clasificaci\u00f3n de resistencia a la humedad relativa del 95 % y una reflectancia de la luz del 4 %.","sub_variants":[{"edge_detail":"Canto Recto Board ","images":[{"image":8202},{"image":8241},{"image":8239},{"image":8240}],"cls_item_number":"BP2697MBK","cls_description":"Obsidian ","shortcode":"2697MBK","dimensions":"600mm (L) x 600mm (W) x 15mm (T)","colour_text":"","colour_select":[858],"surface_sifyb":"Obsidian","recyclable":"Yes","recycled_content":"85%","recyclable_through_zentia":"","cleanability_types":"","clean_room_classification":"","cradle_two_cradle_certification":"","durability":"","humidity_resistance_rh":"95%","light_reflectance":"4%","fire_reaction_en135011":"A2-s2,d0","iac_level":"","material":"","rout_slot_spacing_and_uom":"","cross_tee_main_runner_interface":"","corrosive_resistant":"","fire_performance":"","clean_room":"","end_detail":"","formaldehyde_emissions":"E1","low_voc_emissions":"","sound_absorption":"0.95","sound_absorption_class":"A","sound_reduction_index":"23","sound_attenuation":"","sound_absorption_nrc":"0.95","compatible_grid_product_code":"","floating_ceiling_frame_product_code":"","installation_accessories":"","accessories":null}],"override_related_items":false,"related_project_gallery":null,"related_faqs":null,"related_products":null,"related_documents_and_downloads":null,"download_all_documents":null}],"import_data":"","file_label":"Descargar Ficha T\u00e9cnica","file":8201,"warranties":null,"product_manuals":null,"nbs":"","documents_downloads_title":"","related_documents_and_downloads":"","download_bim":"","download_all_documents":"","listing_label":"Nuevo producto","solution_finder_toggle":false,"solution_finder_intro":"","solution_finder_points":null,"template":{"":null,"related_project_gallery":"","template_faq":[8235,8236,8237],"space_bottom":false,"related_products_title":"Productos relacionados","related_products":[7825,4725,6731],"hide_form":false}},"yoast_head":"<!-- This site is optimized with the Yoast SEO plugin v27.3 - https:\/\/yoast.com\/product\/yoast-seo-wordpress\/ -->\n<title>Obsidian | Zentia<\/title>\n<meta name=\"description\" content=\"Placas de techo en color negro obsidiana de Zentia. Haga clic aqu\u00ed para obtener m\u00e1s informaci\u00f3n sobre esta placa de techo negra de 600 x 600 con solo un 4 % de reflectancia de luz.\" \/>\n<meta name=\"robots\" content=\"index, follow, max-snippet:-1, max-image-preview:large, max-video-preview:-1\" \/>\n<link rel=\"canonical\" href=\"https:\/\/www.zentia.com\/es-es\/soluciones\/productos\/paneles-de-techo\/obsidian\/\" \/>\n<meta property=\"og:locale\" content=\"es_ES\" \/>\n<meta property=\"og:type\" content=\"article\" \/>\n<meta property=\"og:title\" content=\"Obsidian | Zentia\" \/>\n<meta property=\"og:description\" content=\"Placas de techo en color negro obsidiana de Zentia. Haga clic aqu\u00ed para obtener m\u00e1s informaci\u00f3n sobre esta placa de techo negra de 600 x 600 con solo un 4 % de reflectancia de luz.\" \/>\n<meta property=\"og:url\" content=\"https:\/\/www.zentia.com\/es-es\/soluciones\/productos\/paneles-de-techo\/obsidian\/\" \/>\n<meta property=\"og:site_name\" content=\"Zentia\" \/>\n<meta property=\"article:modified_time\" content=\"2025-06-18T15:12:48+00:00\" \/>\n<meta name=\"twitter:card\" content=\"summary_large_image\" \/>\n<script type=\"application\/ld+json\" class=\"yoast-schema-graph\">{\"@context\":\"https:\\\/\\\/schema.org\",\"@graph\":[{\"@type\":\"WebPage\",\"@id\":\"https:\\\/\\\/www.zentia.com\\\/es-es\\\/soluciones\\\/productos\\\/paneles-de-techo\\\/obsidian\\\/\",\"url\":\"https:\\\/\\\/www.zentia.com\\\/es-es\\\/soluciones\\\/productos\\\/paneles-de-techo\\\/obsidian\\\/\",\"name\":\"Obsidian | Zentia\",\"isPartOf\":{\"@id\":\"https:\\\/\\\/www.zentia.com\\\/es-es\\\/#website\"},\"datePublished\":\"2025-02-14T12:12:13+00:00\",\"dateModified\":\"2025-06-18T15:12:48+00:00\",\"description\":\"Placas de techo en color negro obsidiana de Zentia. Haga clic aqu\u00ed para obtener m\u00e1s informaci\u00f3n sobre esta placa de techo negra de 600 x 600 con solo un 4 % de reflectancia de luz.\",\"breadcrumb\":{\"@id\":\"https:\\\/\\\/www.zentia.com\\\/es-es\\\/soluciones\\\/productos\\\/paneles-de-techo\\\/obsidian\\\/#breadcrumb\"},\"inLanguage\":\"es\",\"potentialAction\":[{\"@type\":\"ReadAction\",\"target\":[\"https:\\\/\\\/www.zentia.com\\\/es-es\\\/soluciones\\\/productos\\\/paneles-de-techo\\\/obsidian\\\/\"]}]},{\"@type\":\"BreadcrumbList\",\"@id\":\"https:\\\/\\\/www.zentia.com\\\/es-es\\\/soluciones\\\/productos\\\/paneles-de-techo\\\/obsidian\\\/#breadcrumb\",\"itemListElement\":[{\"@type\":\"ListItem\",\"position\":1,\"name\":\"Inicio\",\"item\":\"https:\\\/\\\/www.zentia.com\\\/es-es\\\/\"},{\"@type\":\"ListItem\",\"position\":2,\"name\":\"Obsidian\"}]},{\"@type\":\"WebSite\",\"@id\":\"https:\\\/\\\/www.zentia.com\\\/es-es\\\/#website\",\"url\":\"https:\\\/\\\/www.zentia.com\\\/es-es\\\/\",\"name\":\"Zentia\",\"description\":\"\",\"potentialAction\":[{\"@type\":\"SearchAction\",\"target\":{\"@type\":\"EntryPoint\",\"urlTemplate\":\"https:\\\/\\\/www.zentia.com\\\/es-es\\\/?s={search_term_string}\"},\"query-input\":{\"@type\":\"PropertyValueSpecification\",\"valueRequired\":true,\"valueName\":\"search_term_string\"}}],\"inLanguage\":\"es\"}]}<\/script>\n<!-- \/ Yoast SEO plugin. -->","yoast_head_json":{"title":"Obsidian | Zentia","description":"Placas de techo en color negro obsidiana de Zentia. Haga clic aqu\u00ed para obtener m\u00e1s informaci\u00f3n sobre esta placa de techo negra de 600 x 600 con solo un 4 % de reflectancia de luz.","robots":{"index":"index","follow":"follow","max-snippet":"max-snippet:-1","max-image-preview":"max-image-preview:large","max-video-preview":"max-video-preview:-1"},"canonical":"https:\/\/www.zentia.com\/es-es\/soluciones\/productos\/paneles-de-techo\/obsidian\/","og_locale":"es_ES","og_type":"article","og_title":"Obsidian | Zentia","og_description":"Placas de techo en color negro obsidiana de Zentia. Haga clic aqu\u00ed para obtener m\u00e1s informaci\u00f3n sobre esta placa de techo negra de 600 x 600 con solo un 4 % de reflectancia de luz.","og_url":"https:\/\/www.zentia.com\/es-es\/soluciones\/productos\/paneles-de-techo\/obsidian\/","og_site_name":"Zentia","article_modified_time":"2025-06-18T15:12:48+00:00","twitter_card":"summary_large_image","schema":{"@context":"https:\/\/schema.org","@graph":[{"@type":"WebPage","@id":"https:\/\/www.zentia.com\/es-es\/soluciones\/productos\/paneles-de-techo\/obsidian\/","url":"https:\/\/www.zentia.com\/es-es\/soluciones\/productos\/paneles-de-techo\/obsidian\/","name":"Obsidian | Zentia","isPartOf":{"@id":"https:\/\/www.zentia.com\/es-es\/#website"},"datePublished":"2025-02-14T12:12:13+00:00","dateModified":"2025-06-18T15:12:48+00:00","description":"Placas de techo en color negro obsidiana de Zentia. Haga clic aqu\u00ed para obtener m\u00e1s informaci\u00f3n sobre esta placa de techo negra de 600 x 600 con solo un 4 % de reflectancia de luz.","breadcrumb":{"@id":"https:\/\/www.zentia.com\/es-es\/soluciones\/productos\/paneles-de-techo\/obsidian\/#breadcrumb"},"inLanguage":"es","potentialAction":[{"@type":"ReadAction","target":["https:\/\/www.zentia.com\/es-es\/soluciones\/productos\/paneles-de-techo\/obsidian\/"]}]},{"@type":"BreadcrumbList","@id":"https:\/\/www.zentia.com\/es-es\/soluciones\/productos\/paneles-de-techo\/obsidian\/#breadcrumb","itemListElement":[{"@type":"ListItem","position":1,"name":"Inicio","item":"https:\/\/www.zentia.com\/es-es\/"},{"@type":"ListItem","position":2,"name":"Obsidian"}]},{"@type":"WebSite","@id":"https:\/\/www.zentia.com\/es-es\/#website","url":"https:\/\/www.zentia.com\/es-es\/","name":"Zentia","description":"","potentialAction":[{"@type":"SearchAction","target":{"@type":"EntryPoint","urlTemplate":"https:\/\/www.zentia.com\/es-es\/?s={search_term_string}"},"query-input":{"@type":"PropertyValueSpecification","valueRequired":true,"valueName":"search_term_string"}}],"inLanguage":"es"}]}},"_links":{"self":[{"href":"https:\/\/www.zentia.com\/es-es\/wp-json\/wp\/v2\/product\/8104","targetHints":{"allow":["GET"]}}],"collection":[{"href":"https:\/\/www.zentia.com\/es-es\/wp-json\/wp\/v2\/product"}],"about":[{"href":"https:\/\/www.zentia.com\/es-es\/wp-json\/wp\/v2\/types\/product"}],"wp:attachment":[{"href":"https:\/\/www.zentia.com\/es-es\/wp-json\/wp\/v2\/media?parent=8104"}],"wp:term":[{"taxonomy":"product-type","embeddable":true,"href":"https:\/\/www.zentia.com\/es-es\/wp-json\/wp\/v2\/product-type?post=8104"}],"curies":[{"name":"wp","href":"https:\/\/api.w.org\/{rel}","templated":true}]}}